{"id":5579,"date":"2018-05-07T09:45:39","date_gmt":"2018-05-07T06:45:39","guid":{"rendered":"https:\/\/muraste.ee\/vana\/?page_id=5579"},"modified":"2018-05-07T09:45:39","modified_gmt":"2018-05-07T06:45:39","slug":"nadal-18-2","status":"publish","type":"page","link":"https:\/\/muraste.ee\/vana\/?page_id=5579","title":{"rendered":"N\u00e4dal 18"},"content":{"rendered":"<header class=\"entry-header\">\n<h1 class=\"entry-title\"><strong>N\u00c4DAL\u00a018 MURASTES*<br \/>\n30. aprill \u2013 6. mai 2018\u00a0<\/strong><\/h1>\n<div class=\"entry-content\">\n<p><em>* AT- koolimaja aatrium, SP- spordihoone; KO-kogukonnakeskus; \u00a0 KL- klassiruum;<br \/>\n<\/em><br \/>\n<strong>Esmasp\u00e4ev, 30. aprill\u00a0<a href=\"https:\/\/muraste.ee\/vana\/wp-content\/uploads\/2016\/03\/volb-1.jpg\" rel=\"attachment wp-att-5547\"><img decoding=\"async\" loading=\"lazy\" class=\"size-thumbnail wp-image-5547 alignright\" src=\"https:\/\/muraste.ee\/vana\/wp-content\/uploads\/2016\/03\/volb-1-150x150.jpg\" alt=\"volb\" width=\"150\" height=\"150\" \/><\/a><br \/>\n<\/strong>kl 15 SP, Judoklubi \u201cAitado\u201d\u00a0(alustajad ja uuesti alustajad). \u00a0(www.aitado.ee)<br \/>\nkl 16.30 SP, Judoklubi \u201cAitado\u201d\u00a0<strong>Judo<\/strong>\u00a0(edasij\u00f5udnud). \u00a0(www.aitado.ee)<br \/>\nkl 17.30 KO,\u00a0Kandleansambel\u00a0<strong>LiULi<br \/>\n<\/strong>kl 19 AT, Suurupi Naiskoor Meretule<br \/>\nkl 20\u00a0<strong>UUS \u2013 L\u00c4HME K\u00dcLLA!\u00a0<\/strong><strong>Volbri\u00f6\u00f6 Mummi Trahteris<\/strong><\/p>\n<\/div>\n<div class=\"entry-content\">\n<p><strong>Teisip\u00e4ev, 1. mai \u2013 KEVADP\u00dcHA<br \/>\nKodukant Harjumaa\u00a0<\/strong>t\u00e4histab\u00a0 k\u00fclaliikumise 20. s\u00fcnnip\u00e4eva.\u00a0<strong>Palju \u00f5nne!<\/strong><br \/>\nkl 14 \u00a0<strong>L\u00c4HME K\u00dcLLA!\u00a0<\/strong>Kodukant Harjumaa avalik \u00fcldkoosolek (t\u00f6\u00f6toad, loengud) Voosel, Anija vallas.\u00a0\u00a0<strong><br \/>\n<\/strong>kl 19\u00a0<strong>Tilgu h\u00fclged suplevad<\/strong>\u00a0Tilgu sadamas! Info: FB grupp Taliujumine Tilgus.<\/p>\n<p><strong>Kolmap\u00e4ev, 2.\u00a0mai<\/strong><br \/>\nkl 13.45 KL,\u00a0<strong>Kitarriring<\/strong>\u00a0(I grupp) (Ain Varts, www.huviringid.ee)<br \/>\nkl 13.45 KL,\u00a0<strong>Kitarriring<\/strong>\u00a0(II grupp) (Ain Varts, www.huviringid.ee )<br \/>\nkl 15.30 KL,\u00a0<strong>Malering<\/strong>\u00a0(Jaan Urgas,\u00a0www.huviringid.ee)<br \/>\nkl 14 AT, Tallinna Tantsuklubi \u201cMy Dance\u201d\u00a0<strong>showtants<\/strong>. \u00a0(www.mydance.ee)<br \/>\nkl 14.45 KL,\u00a0<strong>Noortejooga<\/strong>\u00a0alates 3. kl<br \/>\nkl 14.40 KO,\u00a0<strong>Kandletund algajatele<\/strong>\u00a0I grupp (Fa Stuudio\/kool)<br \/>\nkl 15.45 KO,\u00a0<strong>Beebide-p\u00f5nnide muusikaring<\/strong>\u00a0(fastuudio@gmail.com v\u00f5i tel 5160031)<br \/>\nkl 16.15 SP, Judoklubi \u201cAitado\u201d\u00a0<strong>Judo\u00a0(<\/strong>alustajad ja uuesti alustajad). \u00a0(www.aitado.ee)<br \/>\nkl 17.45 SP, Judoklubi \u201cAitado\u201d\u00a0<strong>Judo<\/strong>\u00a0(edasij\u00f5udnud). \u00a0(www.aitado.ee)<br \/>\nkl 18 KL,\u00a0<strong>Mudelismiring<\/strong>\u00a0(juhendab Andres Madissoo)<br \/>\nkl\u00a019 KL, \u00a0<strong>Inglise keele kursus<\/strong>\u00a0uuesti alustajatele ja algajatele . Lisainfo \u00a0juhendajalt tel 56575575 (Maret Hein).<br \/>\nkl 18.30 AT,\u00a0<strong>Line-tants.<\/strong>\u00a0Tulge k\u00f5ik ja saage osa elur\u00f5\u00f5must!<br \/>\nInfo kristin@huviline.ee<br \/>\n<a href=\"https:\/\/muraste.ee\/vana\/wp-content\/uploads\/2016\/03\/talgud-page0001.jpg\" rel=\"attachment wp-att-5531\"><img decoding=\"async\" loading=\"lazy\" class=\"wp-image-5531 size-medium alignright\" src=\"https:\/\/muraste.ee\/vana\/wp-content\/uploads\/2016\/03\/talgud-page0001-214x300.jpg\" sizes=\"(max-width: 214px) 100vw, 214px\" srcset=\"https:\/\/muraste.ee\/vana\/wp-content\/uploads\/2016\/03\/talgud-page0001-214x300.jpg 214w, https:\/\/muraste.ee\/vana\/wp-content\/uploads\/2016\/03\/talgud-page0001-768x1077.jpg 768w, https:\/\/muraste.ee\/vana\/wp-content\/uploads\/2016\/03\/talgud-page0001-730x1024.jpg 730w, https:\/\/muraste.ee\/vana\/wp-content\/uploads\/2016\/03\/talgud-page0001-624x875.jpg 624w, https:\/\/muraste.ee\/vana\/wp-content\/uploads\/2016\/03\/talgud-page0001.jpg 1276w\" alt=\"talgud-page0001\" width=\"214\" height=\"300\" \/><\/a>kl 19.15-20.15 SP,\u00a0<strong>\u00a0<\/strong><strong>\u00dcKE TREENING<\/strong><em>\u00a0ehk \u00fcldkehalise ettevalmistuse treeningud on mitmek\u00fclgsed ning kogu keha arendavad. Treeningutes parandavad lapsed oma koordinatsiooni, painduvust ning tasakaalu, mis tuleb kasuks nii motokrossihuvilistele kui ka k\u00f5igile teistele. Vajalikud sise-spordijalatsid.\u00a0Kuutasu 20 \u20ac.\u00a0<\/em><strong>K\u00d5IK SPORDIS\u00d5BRAD ON OODATUD!<\/strong>\u00a0Lisainfo:\u00a0<a href=\"http:\/\/motokrossipisik.eu\/saalitrennid\/\" target=\"_blank\" rel=\"noopener nofollow\" data-ft=\"{&quot;tn&quot;:&quot;-U&quot;}\" data-lynx-mode=\"async\" data-lynx-uri=\"https:\/\/l.facebook.com\/l.php?u=http%3A%2F%2Fmotokrossipisik.eu%2Fsaalitrennid%2F&amp;h=ATMtTHYPByHFd3Ejb-M_bw3_McwWuVo6SD2thhdIQy0F3YVpA_h8WkckKLGErB5uFSUlktLr926FwJ0TEtQ-jB1FBraRjZFjM3beY2s_WKOJD6YfrxE6Mt1hjwfw9ksYAGjgdHZC18BIeDnAuwSsYczTILfnnMLOzQF24cH3R6VS26raqEtS2BUg7_WQqbEtEpxp1xS_pyotI8RQyh4c32tfhGm_t2n7ldi5cdnf0XZ3A7pBLlADRaD37BfrOmuJ2do5HhcLCgaUhRx9NIHS07XqH95qhCVLIPfFZlqnktc\">http:\/\/motokrossipisik.eu\/saalitrennid\/<\/a>, hannes@motokrossipisik.ee, telefon 5296556<br \/>\nkl 18 KO,\u00a0<strong>UUS!<\/strong>\u00a0<strong>Naiskodukaitse<\/strong>\u00a0Harku jaoskonna koosolek<br \/>\nkl\u00a017-21\u00a0\u00a0<strong>UUS!<\/strong>\u00a0\u00a0<strong><a href=\"https:\/\/muraste.ee\/vana\/?p=5525\" target=\"_blank\">Teeme \u00e4ra! Talgud Murastes<\/a>\u00a0<\/strong><\/p>\n<p><strong>Neljap\u00e4ev, 3.\u00a0mai<\/strong><br \/>\nkl 12.40 KL\u00a0<strong>Meisterdamine<\/strong>\u00a01. kl (Loovuslabor)<br \/>\nkl 13.45 KL\u00a0<strong>Meisterdamine<\/strong>\u00a03.-4. kl (Loovuslabor)<br \/>\nkl 15.30 KL\u00a0<strong>Tekstiili- ja disainiring<\/strong>\u00a05-6\u00a0kl (Loovuslabor)<br \/>\nkl 14-18\u00a0KO,\u00a0<strong>Soololaul\/klaver<\/strong>\u00a0(juhendab Triin Kont-Kontson)<br \/>\nkl\u00a019.00\u00a0KL,\u00a0<strong>Inglise keele\u00a0kursus edasij\u00f5udnutele<\/strong>\u00a0(tase A2-B 1.1) \u00a0Juhendab marethein@gmail.com, tel 56575575.\u00a0<strong>NB!\u00a0Uued liitujad oodatud!<br \/>\n<\/strong>kl 18.30 KO,\u00a0<strong>\u00a0<\/strong>\u00a0Nimetu N\u00e4item\u00e4nguseltskond \u00a0\u2013\u00a0<strong>n\u00e4itering.<br \/>\n<\/strong>kl 19\u00a0<strong>Tilgu h\u00fclged suplevad<\/strong>\u00a0Tilgu sadamas! Info: FB grupp Taliujumine Tilgus.<br \/>\n<a href=\"https:\/\/muraste.ee\/vana\/wp-content\/uploads\/2018\/04\/helir%C3%A4nd.jpg\" rel=\"attachment wp-att-5511\"><img decoding=\"async\" loading=\"lazy\" class=\"size-medium wp-image-5511 alignright\" src=\"https:\/\/muraste.ee\/vana\/wp-content\/uploads\/2018\/04\/helir%C3%A4nd-300x157.jpg\" sizes=\"(max-width: 300px) 100vw, 300px\" srcset=\"https:\/\/muraste.ee\/vana\/wp-content\/uploads\/2018\/04\/helir\u00e4nd-300x157.jpg 300w, https:\/\/muraste.ee\/vana\/wp-content\/uploads\/2018\/04\/helir\u00e4nd.jpg 534w\" alt=\"helir\u00e4nd\" width=\"300\" height=\"157\" \/><\/a>kl 19 SP,\u00a0<strong>Mudelistide lennutund<\/strong>\u00a0(juhendab Tiit T\u00f5nurist)<\/p>\n<p>kl 19\u00a0<strong>UUS!<\/strong>\u00a0<strong><a href=\"https:\/\/muraste.ee\/vana\/?p=5510\" target=\"_blank\">Helir\u00e4nnak \u2013 meditatiivne kontsert<\/a>\u00a0\u201cMaa, Vesi, Tuli, \u00d5hk\u201d\u00a0<\/strong><\/p>\n<p><strong>Reede, 4.\u00a0mai<br \/>\n<\/strong>kl 16 \u00f5ues, \u00a0<strong>Skaudiring<\/strong>, oodatud k\u00f5ik kooliealised lapsed.<br \/>\nkl 16.15\u00a0<strong>Korvapall!!!\u00a0<\/strong>Poisid-piigad, tulge trenni, teie p\u00e4ralt on tippkorvpallur \u2013 treener\u00a0<strong>Chris Moore<\/strong><br \/>\nkl 19 AT,\u00a0<strong>L\u00c4HEME K\u00dcLLA!<\/strong>\u00a0Nimetu N\u00e4item\u00e4nguseltskond etendusega\u00a0<strong><a href=\"https:\/\/muraste.ee\/vana\/?p=5523\" target=\"_blank\">\u201cKaheksa armastavat naist\u201d (krimikom\u00f6\u00f6dia)<\/a>\u00a0Kuusalu rahvamajas.\u00a0\u00a0<\/strong>Piletid saadaval 1 h enne etenduse algust kohapeal.<\/p>\n<p><strong>Laup\u00e4ev, 5. mail\u00a0<a href=\"https:\/\/muraste.ee\/vana\/wp-content\/uploads\/2016\/03\/Rulapark_plakat.png\" rel=\"attachment wp-att-5532\"><img decoding=\"async\" loading=\"lazy\" class=\"alignnone size-large wp-image-5532\" src=\"https:\/\/muraste.ee\/vana\/wp-content\/uploads\/2016\/03\/Rulapark_plakat-730x1024.png\" sizes=\"(max-width: 625px) 100vw, 625px\" srcset=\"https:\/\/muraste.ee\/vana\/wp-content\/uploads\/2016\/03\/Rulapark_plakat-214x300.png 214w, https:\/\/muraste.ee\/vana\/wp-content\/uploads\/2016\/03\/Rulapark_plakat-768x1077.png 768w, https:\/\/muraste.ee\/vana\/wp-content\/uploads\/2016\/03\/Rulapark_plakat-730x1024.png 730w, https:\/\/muraste.ee\/vana\/wp-content\/uploads\/2016\/03\/Rulapark_plakat-624x875.png 624w\" alt=\"Rulapark_plakat\" width=\"625\" height=\"877\" \/><\/a><\/strong><br \/>\n\u2013 kell 14<strong>\u00a0<a href=\"https:\/\/muraste.ee\/vana\/?p=5535\" target=\"_blank\">Rulapargi avamine<\/a><br \/>\n<\/strong>\u2013 kell 17\u00a0<strong><a href=\"https:\/\/muraste.ee\/vana\/?page_id=101\" target=\"_blank\">Muraste k\u00fclaseltsi \u00fcldkoosolek<\/a><br \/>\n<\/strong>\u2013 kell 19<strong>\u00a0filmi\u00f5htu \u201cAhto. Unistuste jaht\u201d\u00a0<\/strong><em>(talgup\u00e4evast ja \u00fcldkoosolekust osav\u00f5tjatele\u00a0<strong>prii<\/strong>sissep\u00e4\u00e4s!)<\/em><strong><br \/>\n<\/strong><em>Dokumentaalfilm Ahto Valterist, suurelt unistajast, seiklejast ja meremehest, kelle \u00fcmbermaailmareis omanimelisel purjelaeval paneb noored poisid janunema seikluste j\u00e4rele, naissoo \u00f5hates armastuskirju kirjutama ning ajakirjanikud enda j\u00e4rel jooksma. Keegi ei teadnud, mis on see motiveeriv j\u00f5ud ja ajend, mis sundis teda seda k\u00f5ike l\u00e4bi tegema. Kangelase p\u00fcsimatu meel, aastate pikkused katsumused oma unistuste t\u00e4itmiseks ning l\u00e4bikukkumised sel teel rulluvad lahti filmi jooksul, mis kasutades unikaalset arhiivimaterjali avab vaataja jaoks eelmise sajandi maadeavastaja ihalused ja katsumused. V\u00e4rvikas teekond \u00fcmber maailma avaneb t\u00e4nu peategelase ja tema isa p\u00e4evikutele ning t\u00e4nu unikaalsetele filmikaadritele, mis reisi jooksul filmilindile j\u00e4\u00e4dvustatud. Film toob vaataja silme ette \u00fche mehe elu ja meremeheks kasvamise loo, tema kujunemisprotsessi selleks, kes ta oli ning maailma, millega tal tuli rinda pista, et selleni j\u00f5uda.<strong><br \/>\n<a href=\"https:\/\/muraste.ee\/vana\/wp-content\/uploads\/2016\/03\/ahto.jpg\" rel=\"attachment wp-att-5550\"><img decoding=\"async\" loading=\"lazy\" class=\"alignnone size-full wp-image-5550\" src=\"https:\/\/muraste.ee\/vana\/wp-content\/uploads\/2016\/03\/ahto.jpg\" sizes=\"(max-width: 960px) 100vw, 960px\" srcset=\"https:\/\/muraste.ee\/vana\/wp-content\/uploads\/2016\/03\/ahto-300x169.jpg 300w, https:\/\/muraste.ee\/vana\/wp-content\/uploads\/2016\/03\/ahto-768x432.jpg 768w, https:\/\/muraste.ee\/vana\/wp-content\/uploads\/2016\/03\/ahto-624x351.jpg 624w, https:\/\/muraste.ee\/vana\/wp-content\/uploads\/2016\/03\/ahto-128x72.jpg 128w, https:\/\/muraste.ee\/vana\/wp-content\/uploads\/2016\/03\/ahto.jpg 960w\" alt=\"ahto\" width=\"960\" height=\"540\" \/><\/a><\/strong><\/em><\/p>\n<p><strong>T\u00c4HELEPANU, TEATRIPISIKUGA NAKATUNUD!<br \/>\n<\/strong>Meie valla inimestest koosneval, igavesti \u00e4gedal Nimetul N\u00e4item\u00e4nguseltskonnal m\u00f5lguvad peas juba uue etenduse lavale toomise m\u00f5tted ning seet\u00f5ttu ootame truppi tublisti (teatripisikuga nakatunute) lisa! V\u00e4ga vahvad ja julged naised ning \u00fcks mees on juba registreerunud (ja ikka veel ka juurde oodatud)!<br \/>\nN\u00e4item\u00e4nguhuvilised, palun andke endast m\u00e4rku kogukonnakeskus@muraste.ee \u2013 uus t\u00fckk on tulekul!<strong><br \/>\n<\/strong><\/p>\n<p><strong>PEATSELT TULEKUL<\/strong><\/p>\n<p><strong>UUS!\u00a017.mail kell 18 Fa Stuudio kevadkontsert\u00a0<\/strong><em>Traditsiooniline Fa Stuudio kevadkontsert ei j\u00e4\u00e4 tulemata ka sellel aastal. K\u00f5ik meie pered, s\u00f5brad ja f\u00e4nnid on v\u00e4ga oodatud!<strong><br \/>\n<\/strong><\/em><strong>UUS!\u00a0<\/strong>18. mail kell 18<strong>\u00a0Kuusalurahva Teater etendusega\u00a0<a href=\"https:\/\/vimeo.com\/258518386\" target=\"_blank\">\u201cArmastus, pulm, abielu<\/a>\u201c<\/strong><\/p>\n<p><a href=\"https:\/\/muraste.ee\/vana\/wp-content\/uploads\/2016\/03\/fa-kevad-18.jpg\" rel=\"attachment wp-att-5539\"><img decoding=\"async\" loading=\"lazy\" class=\"alignnone size-medium wp-image-5539\" src=\"https:\/\/muraste.ee\/vana\/wp-content\/uploads\/2016\/03\/fa-kevad-18-300x214.jpg\" sizes=\"(max-width: 300px) 100vw, 300px\" srcset=\"https:\/\/muraste.ee\/vana\/wp-content\/uploads\/2016\/03\/fa-kevad-18-300x214.jpg 300w, https:\/\/muraste.ee\/vana\/wp-content\/uploads\/2016\/03\/fa-kevad-18-768x548.jpg 768w, https:\/\/muraste.ee\/vana\/wp-content\/uploads\/2016\/03\/fa-kevad-18-624x445.jpg 624w, https:\/\/muraste.ee\/vana\/wp-content\/uploads\/2016\/03\/fa-kevad-18.jpg 960w\" alt=\"fa kevad 18\" width=\"300\" height=\"214\" \/><\/a><\/p>\n<\/div>\n<\/header>\n<div class=\"entry-content\">\n<p><strong><br \/>\nUUT!<a href=\"https:\/\/muraste.ee\/vana\/wp-content\/uploads\/2016\/03\/bachata.jpg\" rel=\"attachment wp-att-5484\"><img decoding=\"async\" loading=\"lazy\" class=\"size-thumbnail wp-image-5484 alignright\" src=\"https:\/\/muraste.ee\/vana\/wp-content\/uploads\/2016\/03\/bachata-150x150.jpg\" alt=\"bachata\" width=\"150\" height=\"150\" \/><\/a><\/strong><br \/>\nMeie k\u00fclas elav\u00a0 dominikaanlasest tantsu\u00f5petaja on valmis alustama Ladina-Ameerika tantsude (<strong><a href=\"https:\/\/www.youtube.com\/watch?v=4hhCGKnd1oc\" target=\"_blank\">Bachata<\/a>,\u00a0<a href=\"https:\/\/www.youtube.com\/watch?v=on4V1KN_Iuw\" target=\"_blank\">Merengue<\/a>,\u00a0<a href=\"https:\/\/www.youtube.com\/watch?v=aVtWSZOttC0\" target=\"_blank\">Salsa<\/a><\/strong>) \u00f5petamisega. Lisaks on ta valmis andma\u00a0<strong>hispaania keele tunde<\/strong>(inglise keele baasil) nii algajatele kui edasij\u00f5udnutele. Kellel huvi, andke palun endast teada kogukonnakeskus@muraste.ee<\/p>\n<p><strong>TULEKUL: SAUNAP\u00c4EV NAABERK\u00dcLAS ILMANDUS<br \/>\n<\/strong><em>Ilmandu k\u00fcla saunas\u00f5brad on seljad kokku pannud ja korraldavad 12. mail esimest korda Ilmandu avatud saunade p\u00e4eva. P\u00e4eva jooksul liiguvad registreeritud saunaseltskonnad oma uksed avama n\u00f5ustunud saunast sauna, v\u00f5tavad leili ja hindavad saunam\u00f5nusid ning selgitavad v\u00e4lja parima sauna. Saunaomanikud omakorda hindavad saunaseltskondi, nii et \u00f5htul selguvad ka parimad saunalised.\u00a0\u00a0Avatud saunade p\u00e4eval on lubanud saunalisi praeguseks vastu v\u00f5tta 7 kodu- ja mobiilset sauna, ent ruumi on veel m\u00f5nele saunale Ilmandust v\u00f5i selle l\u00e4hi\u00fcmbrusest. Oma saunaga osalemissoovist andke teada\u00a0<a href=\"mailto:kristo@suhtesepp.com\">kristo@suhtesepp.com<\/a>.<\/em><\/p>\n<p><em>End registreerima on oodatud ka\u00a0neljaliikmelised\u00a0saunav\u00f5istkonnad, kelle seas on v\u00e4hemalt \u00fcks vastassoost saunaline. Neljaliikmelise seltskonna seas on teretulnud ka lapsed, koolieelikuid seltskonna suuruse sisse ei arvestata. \u00dche v\u00f5istkonna osalustasu on\u00a020 eurot. Seltskondi saab registreerida aadressil\u00a0w<a href=\"http:\/\/ww.ilmandu.ee\/\">ww.ilmandu.ee<\/a>\u00a0kuni\u00a0maksimaalse osalejate arvu t\u00e4itumiseni.<\/em><\/p>\n<p><strong><a href=\"https:\/\/muraste.ee\/vana\/wp-content\/uploads\/2016\/03\/saun.jpeg\" rel=\"attachment wp-att-5497\"><img decoding=\"async\" loading=\"lazy\" class=\"alignnone size-large wp-image-5497\" src=\"https:\/\/muraste.ee\/vana\/wp-content\/uploads\/2016\/03\/saun-1024x642.jpeg\" sizes=\"(max-width: 625px) 100vw, 625px\" srcset=\"https:\/\/muraste.ee\/vana\/wp-content\/uploads\/2016\/03\/saun-300x188.jpeg 300w, https:\/\/muraste.ee\/vana\/wp-content\/uploads\/2016\/03\/saun-768x481.jpeg 768w, https:\/\/muraste.ee\/vana\/wp-content\/uploads\/2016\/03\/saun-1024x642.jpeg 1024w, https:\/\/muraste.ee\/vana\/wp-content\/uploads\/2016\/03\/saun-624x391.jpeg 624w\" alt=\"saun\" width=\"625\" height=\"392\" \/><\/a><br \/>\n<\/strong><\/p>\n<p><strong>N\u00c4ITUS SAADAVAL!<br \/>\n<\/strong>Kui kellelgi on soovi oma ruumides eksponeerida n\u00e4itust\u00a0\u00a0\u201c<strong><a href=\"https:\/\/muraste.ee\/vana\/?p=5228\" target=\"_blank\">Tuulepealne maa \u2013 siin on sinu kodu<\/a><\/strong>\u201d siis andke endast teada kogukonnakeskus@muraste.ee. N\u00e4itus koosneb 10st roll-up stendist.<\/p>\n<p><strong>Quo vadis, Harku vald?<a href=\"https:\/\/muraste.ee\/vana\/wp-content\/uploads\/2016\/03\/harku.png\" rel=\"attachment wp-att-5559\"><img decoding=\"async\" loading=\"lazy\" class=\"size-medium wp-image-5559 alignleft\" src=\"https:\/\/muraste.ee\/vana\/wp-content\/uploads\/2016\/03\/harku-300x251.png\" sizes=\"(max-width: 300px) 100vw, 300px\" srcset=\"https:\/\/muraste.ee\/vana\/wp-content\/uploads\/2016\/03\/harku-300x251.png 300w, https:\/\/muraste.ee\/vana\/wp-content\/uploads\/2016\/03\/harku-768x644.png 768w, https:\/\/muraste.ee\/vana\/wp-content\/uploads\/2016\/03\/harku-624x523.png 624w, https:\/\/muraste.ee\/vana\/wp-content\/uploads\/2016\/03\/harku.png 940w\" alt=\"harku\" width=\"300\" height=\"251\" \/><\/a><\/strong><\/p>\n<p>Harku vallavolikogu algatas uue, aastani 2037 kehtiva arengukava koostamise. Milline meie koduvalla- ja k\u00fcla n\u00e4gu saab olema, s\u00f5ltub palju ka meis endist.<br \/>\nArengukava koostamise juhtr\u00fchm kutsub k\u00f5iki kaasa m\u00f5tlema ja r\u00e4\u00e4kima:<br \/>\n\u2013 kuni 18. maini on avatud veebip\u00f5hine l\u00fchik\u00fcsitlus, millele oodatakse vastama k\u00f5iki elanikke, kes seda soovivad. K\u00fcsitlus on k\u00e4ttesaadav aadressilt\u00a0<a href=\"http:\/\/bit.do\/harku\" target=\"_blank\" rel=\"noopener nofollow\" data-ft=\"{&quot;tn&quot;:&quot;-U&quot;}\" data-lynx-mode=\"asynclazy\" data-lynx-uri=\"https:\/\/l.facebook.com\/l.php?u=http%3A%2F%2Fbit.do%2Fharku&amp;h=ATPOYPS5yX-heheFuw1Km-tXZfyFFVH-xN-UnxzDonJB7DsXZVKuHbcubEGyQOAvAJ7pikfU8zulFCWsaFah2T6VTvzsXUbrKSzTfOLxW5kuBSa0v7K2XwGCcVj4B5tgHu5uHzdW5A\">bit.do\/harku<\/a>. Kes aga soovib, v\u00f5ib samale k\u00fcsitlusele vastata paberkandjal. Selleks on ette n\u00e4htud 25. aprilli vallalehe lehenurk.<br \/>\n\u2013 13. juunil algusega kell 17.00 toimub Muraste koolis arenguseminar, kus tutvustatakse anal\u00fc\u00fcsi peamisi tulemusi ja esialgset visiooni.<br \/>\n<strong>Kohtumisteni arengukava koostamisel!<\/strong><\/p>\n<p><strong><br \/>\nTEADETETAHVEL<\/strong><\/p>\n<div class=\"text_exposed_show\"><\/div>\n<\/div>\n<header class=\"entry-header\">\n<div class=\"entry-content\">\n<div class=\"_1mf _1mj\" data-offset-key=\"cki46-0-0\">\n<div class=\"_1mf _1mj\" data-offset-key=\"cki46-0-0\"><strong><img decoding=\"async\" loading=\"lazy\" class=\"size-medium wp-image-3740 alignright\" src=\"https:\/\/muraste.ee\/vana\/wp-content\/uploads\/2016\/03\/stend-300x224.jpg\" sizes=\"(max-width: 300px) 100vw, 300px\" srcset=\"https:\/\/muraste.ee\/vana\/wp-content\/uploads\/2016\/03\/stend-300x224.jpg 300w, https:\/\/muraste.ee\/vana\/wp-content\/uploads\/2016\/03\/stend-768x572.jpg 768w, https:\/\/muraste.ee\/vana\/wp-content\/uploads\/2016\/03\/stend-1024x763.jpg 1024w, https:\/\/muraste.ee\/vana\/wp-content\/uploads\/2016\/03\/stend-624x465.jpg 624w, https:\/\/muraste.ee\/vana\/wp-content\/uploads\/2016\/03\/stend.jpg 1300w\" alt=\"stend\" width=\"300\" height=\"224\" \/><\/strong><\/div>\n<div class=\"_1mf _1mj\" data-offset-key=\"cki46-0-0\"><strong>Soovid avaldada oma reklaami<\/strong>\u00a0meie infokanalites? Juhised on\u00a0<strong>siin<\/strong>!<\/div>\n<div class=\"_1mf _1mj\" data-offset-key=\"cki46-0-0\"><strong>Soovid kasutada<\/strong>\u00a0m\u00f5nd Muraste k\u00fclaseltsi poolt pakutavat<strong>\u00a0teenust<\/strong>? V\u00f5imalused on<strong>\u00a0siin!<\/strong><\/div>\n<div class=\"_1mf _1mj\" data-offset-key=\"cki46-0-0\"><\/div>\n<div class=\"_1mf _1mj\" data-offset-key=\"cki46-0-0\"><\/div>\n<p><strong>Teadmiseks:\u00a0<\/strong>Muraste igan\u00e4dalase e-infokirjaga liitumiseks saada sellekohane teade muraste@muraste.ee<br \/>\n<strong>Muraste kogukonnakeskus\u00a0<\/strong>(Lee tee 9, Muraste) avatud E-N 10 -18, R 10-16.<br \/>\n<strong>T\u00e4psustused ja info:<\/strong>\u00a0kogukonnakeskus@muraste.ee;\u00a05253128 (Aule Kikas).<\/p>\n<\/div>\n<\/div>\n<\/header>\n","protected":false},"excerpt":{"rendered":"<p>N\u00c4DAL\u00a018 MURASTES* 30. aprill \u2013 6. mai 2018\u00a0 * AT- koolimaja aatrium, SP- spordihoone; KO-kogukonnakeskus; \u00a0 KL- klassiruum; Esmasp\u00e4ev, 30. aprill\u00a0 kl 15 SP, Judoklubi \u201cAitado\u201d\u00a0(alustajad ja uuesti alustajad). \u00a0(www.aitado.ee) kl 16.30 SP, Judoklubi \u201cAitado\u201d\u00a0Judo\u00a0(edasij\u00f5udnud). \u00a0(www.aitado.ee) kl 17.30 KO,\u00a0Kandleansambel\u00a0LiULi kl 19 AT, Suurupi Naiskoor Meretule kl 20\u00a0UUS \u2013 L\u00c4HME K\u00dcLLA!\u00a0Volbri\u00f6\u00f6 Mummi Trahteris Teisip\u00e4ev, 1. mai<a class=\"moretag\" href=\"https:\/\/muraste.ee\/vana\/?page_id=5579\"><br \/>&#8230;Loe edasi<\/a><\/p>\n","protected":false},"author":2,"featured_media":0,"parent":0,"menu_order":0,"comment_status":"closed","ping_status":"closed","template":"nadalakava.php","meta":{"_bbp_topic_count":0,"_bbp_reply_count":0,"_bbp_total_topic_count":0,"_bbp_total_reply_count":0,"_bbp_voice_count":0,"_bbp_anonymous_reply_count":0,"_bbp_topic_count_hidden":0,"_bbp_reply_count_hidden":0,"_bbp_forum_subforum_count":0,"_mc_calendar":[]},"_links":{"self":[{"href":"https:\/\/muraste.ee\/vana\/index.php?rest_route=\/wp\/v2\/pages\/5579"}],"collection":[{"href":"https:\/\/muraste.ee\/vana\/index.php?rest_route=\/wp\/v2\/pages"}],"about":[{"href":"https:\/\/muraste.ee\/vana\/index.php?rest_route=\/wp\/v2\/types\/page"}],"author":[{"embeddable":true,"href":"https:\/\/muraste.ee\/vana\/index.php?rest_route=\/wp\/v2\/users\/2"}],"replies":[{"embeddable":true,"href":"https:\/\/muraste.ee\/vana\/index.php?rest_route=%2Fwp%2Fv2%2Fcomments&post=5579"}],"version-history":[{"count":1,"href":"https:\/\/muraste.ee\/vana\/index.php?rest_route=\/wp\/v2\/pages\/5579\/revisions"}],"predecessor-version":[{"id":5581,"href":"https:\/\/muraste.ee\/vana\/index.php?rest_route=\/wp\/v2\/pages\/5579\/revisions\/5581"}],"wp:attachment":[{"href":"https:\/\/muraste.ee\/vana\/index.php?rest_route=%2Fwp%2Fv2%2Fmedia&parent=5579"}],"curies":[{"name":"wp","href":"https:\/\/api.w.org\/{rel}","templated":true}]}}