{"id":5631,"date":"2018-05-20T20:02:06","date_gmt":"2018-05-20T17:02:06","guid":{"rendered":"https:\/\/muraste.ee\/vana\/?page_id=5631"},"modified":"2018-05-20T20:02:06","modified_gmt":"2018-05-20T17:02:06","slug":"nadal-20-3","status":"publish","type":"page","link":"https:\/\/muraste.ee\/vana\/?page_id=5631","title":{"rendered":"N\u00e4dal 20"},"content":{"rendered":"<header class=\"entry-header\">\n<h1 class=\"entry-title\" style=\"text-align: center;\"><span style=\"color: #99cc00;\"><strong><span style=\"color: #ff6600;\">N\u00c4DAL\u00a020 MURASTES*<\/span><br \/>\n<span style=\"color: #ff6600;\">14.\u00a0mai &#8211; 20. mai 2018<\/span>\u00a0<\/strong><\/span><\/h1>\n<div class=\"entry-content\" style=\"text-align: left;\"><span style=\"color: #808080;\"><em>* AT- koolimaja aatrium, SP- spordihoone; KO-kogukonnakeskus; \u00a0 KL- klassiruum;<br \/>\n<\/em><\/span><br \/>\n<span style=\"color: #ff9900;\"><strong><span style=\"color: #339966;\"><span style=\"color: #3366ff;\"><span style=\"color: #ff6600;\">Esmasp\u00e4ev, 14. mai<\/span><\/span><\/span><br \/>\n<\/strong><\/span>kl 14 AT, Tallinna Tantsuklubi \u201cMy Dance\u201d\u00a0<strong>showtants<\/strong>. \u00a0(www.mydance.ee)<br \/>\nkl 14.40 KO,\u00a0K<strong>andletund<\/strong>\u00a0edasij\u00f5udnutele\u00a0(Fa Stuudio\/kool, fastuudio@gmail.com )<br \/>\nkl 15 SP, Judoklubi \u201cAitado\u201d\u00a0(alustajad ja uuesti alustajad). \u00a0(www.aitado.ee)<br \/>\nkl 16.30 SP, Judoklubi \u201cAitado\u201d\u00a0<strong>Judo<\/strong>\u00a0(edasij\u00f5udnud). \u00a0(www.aitado.ee)<br \/>\nkl 17.30 KO,\u00a0Kandleansambel\u00a0<strong>LiULi <\/strong><em>(\u00fcle n\u00e4dala)<strong><br \/>\n<\/strong><\/em>kl 19 AT, Suurupi Naiskoor Meretule<br \/>\n<strong><span style=\"color: #008000;\"><span style=\"color: #800000;\"><br \/>\n<span style=\"color: #ff6600;\">Teisip\u00e4ev, 15. mai<\/span><\/span><\/span><\/strong><\/div>\n<\/header>\n<div class=\"entry-content\" style=\"text-align: left;\">kl 14.40-15.25 KO,\u00a0<strong>Fa Stuudio \u00a0fl\u00f6\u00f6diring<\/strong>\u00a0edasij\u00f5udnutele. \u00a0(fastuudio@gmail.com v\u00f5i tel 5160031)<br \/>\nkl 15.30-18.00 KO,\u00a0<strong>Soololaul \/ klaver<\/strong>\u00a0(juhendab Triin Kont-Kontson)<br \/>\nkl 15-18 AT; <strong><span style=\"color: #ff0000;\">UUS!<\/span> <\/strong>Harku valla arengukava t\u00f6\u00f6r\u00fchmade seminarid (korraldab Harku vald)<br \/>\nkl 16-18.30 KL, Lahe Huvikooli\u00a0<strong>eelkool<\/strong>\u00a0\u00a0(www.lahehuvikool.ee)<br \/>\nkl 17 KL,\u00a0<strong>Puut\u00f6\u00f6ring<\/strong>\u00a0I grupp, juhendab Argo Aruvald.<br \/>\nkl 18 KL,\u00a0<strong>Puut\u00f6\u00f6ring<\/strong>\u00a0II grupp juhendab Argo\u00a0Aruvald.<br \/>\nkl 18\u00a0<strong>Raadioring<\/strong>. Juhendab Vytautas Martinonis.<br \/>\nkl 18.30 KL,\u00a0<strong>Inglise keele kursus edasij\u00f5udnutele\u00a0<\/strong>(tase B 1.2 -B 2.1).\u00a0Juhendab marethein@gmail.com, tel 56575575.\u00a0<strong>NB!\u00a0Uued liitujad oodatud!<\/strong><br \/>\nkl 19 SP,\u00a0<strong>V\u00f5rkpall\u00a0<\/strong><em>(naised\/mehed)- oodatud on k\u00f5ik v\u00f5rkpallihuvilised!;<br \/>\n<\/em>kl 19 KL,\u00a0\u00a0<strong><a href=\"https:\/\/muraste.ee\/vana\/?p=4470\" target=\"_blank\">Kunda<\/a><a href=\"https:\/\/muraste.ee\/vana\/?p=4470\" target=\"_blank\">lini jooga\u00a0<\/a><\/strong><a href=\"mailto:info@lahetervis.ee\">info@lahetervis.ee<\/a><strong>,<\/strong>\u00a0tel.56903049,<br \/>\nkl 19\u00a0<strong>Tilgu h\u00fclged suplevad<\/strong>\u00a0Tilgu sadamas! Info: FB grupp Taliujumine Tilgus.<br \/>\nkl 18.30 <strong><span style=\"color: #ff0000;\"><a style=\"color: #ff0000;\" href=\"https:\/\/muraste.ee\/vana\/?p=5343\" target=\"_blank\">Graafikaring<\/a><\/span>,<\/strong> juhendab graafik Lembe Ruben. Uued liituda soovijad &#8211; k\u00fcsige lisa kogukonnakeskusest!<br \/>\nkl 18.30 KO, <strong>Kandletund<\/strong><br \/>\nkl 18.30 AT,\u00a0<strong>S<\/strong><strong>eltskonnatantsu j\u00e4tkukursus<\/strong>.<br \/>\nkl 19.45 AT,\u00a0<strong>Seltskonnatantsude harjutustund<\/strong>\u2013 v\u00f5imalus \u00f5pitut kinnistada ja toredas seltskonnas jalga keerutada.<\/div>\n<div class=\"entry-content\" style=\"text-align: left;\"><\/div>\n<div class=\"entry-content\" style=\"text-align: left;\"><\/div>\n<div class=\"entry-content\" style=\"text-align: left;\"><\/div>\n<header class=\"entry-header\">\n<div class=\"entry-content\" style=\"text-align: left;\">\n<p><span style=\"color: #ff6600;\"><strong>Kolmap\u00e4ev, 16.\u00a0mai<\/strong><\/span><br \/>\nkl 13.45 KL,\u00a0<strong>Kitarriring<\/strong>\u00a0(I grupp) (Ain Varts, www.huviringid.ee)<br \/>\nkl 13.45 KL,\u00a0<strong>Kitarriring<\/strong>\u00a0(II grupp) (Ain Varts, www.huviringid.ee )<br \/>\nkl 15.30 KL,\u00a0<strong>Malering<\/strong>\u00a0(Jaan Urgas,\u00a0www.huviringid.ee)<br \/>\nkl 14 AT, Tallinna Tantsuklubi \u201cMy Dance\u201d\u00a0<strong>showtants<\/strong>. \u00a0(www.mydance.ee)<br \/>\nkl 14.45 KL,\u00a0<strong>Noortejooga<\/strong>\u00a0alates 3. kl<br \/>\nkl 14.40 KO,\u00a0<strong>Kandletund algajatele<\/strong>\u00a0I grupp (Fa Stuudio\/kool)<br \/>\nkl 15-18 AT; <strong><span style=\"color: #ff0000;\">UUS!<\/span> <\/strong>Harku valla arengukava t\u00f6\u00f6r\u00fchmade seminarid (korraldab Harku vald)<br \/>\nkl 15.45 KO,\u00a0<strong>Beebide-p\u00f5nnide muusikaring<\/strong>\u00a0(fastuudio@gmail.com v\u00f5i tel 5160031)<br \/>\nkl 16.15 SP, Judoklubi \u201cAitado\u201d\u00a0<strong>Judo\u00a0(<\/strong>alustajad ja uuesti alustajad). \u00a0(www.aitado.ee)<br \/>\nkl 17.45 SP, Judoklubi \u201cAitado\u201d\u00a0<strong>Judo<\/strong>\u00a0(edasij\u00f5udnud). \u00a0(www.aitado.ee)<br \/>\nkl 17.30 KL, <strong><a href=\"https:\/\/muraste.ee\/vana\/?p=5144\" target=\"_blank\">V\u00e4ikelaevajuhtide kursus<\/a><\/strong><br \/>\nkl 18 KL,\u00a0<strong>Mudelismiring<\/strong>\u00a0(juhendab Andres Madissoo)<br \/>\nkl 18 KO, <strong>Naiskodukaitse<\/strong> Harku jaoskonna juhatuse koosolek<br \/>\nk<span style=\"color: #000000;\">l <\/span>19 KL, \u00a0<strong>Inglise keele kursus<\/strong>\u00a0uuesti alustajatele ja algajatele . Lisainfo \u00a0juhendajalt tel 56575575 (Maret Hein).<br \/>\nkl 18.30 AT,\u00a0<strong>Line-tants.<\/strong>\u00a0Tulge k\u00f5ik ja saage osa elur\u00f5\u00f5must!<br \/>\nInfo kristin@huviline.ee<br \/>\nkl 19.15-20.15 SP,\u00a0<strong>\u00a0<\/strong><strong>\u00dcldkehalise ettevalmistuse treening.\u00a0<\/strong>Lisainfo:\u00a0<a href=\"http:\/\/motokrossipisik.eu\/saalitrennid\/\" target=\"_blank\" rel=\"noopener nofollow\" data-ft=\"{&quot;tn&quot;:&quot;-U&quot;}\" data-lynx-mode=\"async\" data-lynx-uri=\"https:\/\/l.facebook.com\/l.php?u=http%3A%2F%2Fmotokrossipisik.eu%2Fsaalitrennid%2F&amp;h=ATMtTHYPByHFd3Ejb-M_bw3_McwWuVo6SD2thhdIQy0F3YVpA_h8WkckKLGErB5uFSUlktLr926FwJ0TEtQ-jB1FBraRjZFjM3beY2s_WKOJD6YfrxE6Mt1hjwfw9ksYAGjgdHZC18BIeDnAuwSsYczTILfnnMLOzQF24cH3R6VS26raqEtS2BUg7_WQqbEtEpxp1xS_pyotI8RQyh4c32tfhGm_t2n7ldi5cdnf0XZ3A7pBLlADRaD37BfrOmuJ2do5HhcLCgaUhRx9NIHS07XqH95qhCVLIPfFZlqnktc\">http:\/\/motokrossipisik.eu\/saalitrennid\/<\/a>, hannes@motokrossipisik.ee, telefon 5296556<\/p>\n<p><span style=\"color: #ff6600;\"><strong>Neljap\u00e4ev, 17.\u00a0mai<\/strong><\/span><br \/>\nkl 12.40 KL\u00a0<strong>Meisterdamine<\/strong>\u00a01. kl (Loovuslabor)<br \/>\nkl 13.45 KL\u00a0<strong>Meisterdamine<\/strong>\u00a03.-4. kl (Loovuslabor)<br \/>\nkl 15.30 KL\u00a0<strong>Tekstiili- ja disainiring<\/strong>\u00a05-6\u00a0kl (Loovuslabor)<br \/>\nkl 14-18\u00a0KO,\u00a0<strong>Soololaul\/klaver<\/strong>\u00a0(juhendab Triin Kont-Kontson)<br \/>\nkl 17.30 KL, <strong><a href=\"https:\/\/muraste.ee\/vana\/?p=5144\" target=\"_blank\">V\u00e4ikelaevajuhtide kursus<\/a><\/strong><br \/>\nkl\u00a019.00\u00a0KL,\u00a0<strong>Inglise keele\u00a0kursus edasij\u00f5udnutele<\/strong>\u00a0(tase A2-B 1.1) \u00a0Juhendab marethein@gmail.com, tel 56575575.\u00a0<strong><span style=\"color: #ff0000;\">NB!<\/span>\u00a0Uued liitujad oodatud!<br \/>\n<\/strong>kl 19\u00a0<strong>Tilgu h\u00fclged suplevad<\/strong>\u00a0Tilgu sadamas! Info: FB grupp Taliujumine Tilgus.<br \/>\n<span style=\"color: #3366ff;\"><span style=\"color: #333333;\">kl 19 SP,\u00a0<strong>Mudelistide lennutund<\/strong>\u00a0(juhendab Tiit T\u00f5nurist)<br \/>\n<a href=\"https:\/\/muraste.ee\/vana\/wp-content\/uploads\/2016\/03\/fa-kevad-18.jpg\" rel=\"attachment wp-att-5539\"><img decoding=\"async\" loading=\"lazy\" class=\"size-medium wp-image-5539 alignright\" src=\"https:\/\/muraste.ee\/vana\/wp-content\/uploads\/2016\/03\/fa-kevad-18-300x214.jpg\" alt=\"fa kevad 18\" width=\"300\" height=\"214\" srcset=\"https:\/\/muraste.ee\/vana\/wp-content\/uploads\/2016\/03\/fa-kevad-18-300x214.jpg 300w, https:\/\/muraste.ee\/vana\/wp-content\/uploads\/2016\/03\/fa-kevad-18-768x548.jpg 768w, https:\/\/muraste.ee\/vana\/wp-content\/uploads\/2016\/03\/fa-kevad-18-624x445.jpg 624w, https:\/\/muraste.ee\/vana\/wp-content\/uploads\/2016\/03\/fa-kevad-18.jpg 960w\" sizes=\"(max-width: 300px) 100vw, 300px\" \/><\/a>kl 18 AT\u00a0<strong>\u00a0<span style=\"color: #ff0000;\">UUS!<\/span> Fa Stuudio kevadkontsert\u00a0<\/strong><em>Traditsiooniline Fa Stuudio kevadkontsert ei j\u00e4\u00e4 tulemata ka sellel aastal. K\u00f5ik\u00a0FA Stuudio pered, s\u00f5brad ja f\u00e4nnid on v\u00e4ga oodatud!\u00a0<\/em><br \/>\n<\/span><\/span><\/p>\n<p><span style=\"color: #000000;\"><strong><span style=\"color: #ff6600;\">Reede, 18.\u00a0mai<\/span><br \/>\nkl 14 KL, <a href=\"https:\/\/muraste.ee\/vana\/?p=5144\" target=\"_blank\">V\u00e4ikelaevajuhtide kursus<\/a>\u00a0VAIKUST, L\u00d5PUEKSAM! \ud83d\ude42<br \/>\n<\/strong>kl 16 \u00f5ues, \u00a0<strong>Skaudiring<\/strong>, oodatud k\u00f5ik kooliealised lapsed.<br \/>\nkl 16.15\u00a0<strong>Korvapall!!!\u00a0<\/strong>Poisid-piigad, tulge trenni, teie p\u00e4ralt on tippkorvpallur &#8211; treener\u00a0<strong>Chris Moore<a href=\"https:\/\/muraste.ee\/vana\/wp-content\/uploads\/2016\/03\/teater.jpg\" rel=\"attachment wp-att-5594\"><img decoding=\"async\" loading=\"lazy\" class=\"size-thumbnail wp-image-5594 alignright\" src=\"https:\/\/muraste.ee\/vana\/wp-content\/uploads\/2016\/03\/teater-150x150.jpg\" alt=\"teater\" width=\"150\" height=\"150\" \/><\/a><\/strong><\/span><\/p>\n<p><strong><span style=\"color: #ff0000;\">UUS!<\/span>\u00a0<\/strong>kell 19 AT,\u00a0\u00a0<strong>Kuusalurahva Teater etendusega <a href=\"https:\/\/vimeo.com\/258518386\" target=\"_blank\">&#8220;Armastus, pulm, abielu<\/a>&#8221; Piletid saadaval kogukonnakeskuses!<\/strong><\/p>\n<p><span style=\"color: #ff6600;\"><strong>Laup\u00e4ev, 19. mai<\/strong><\/span><br \/>\n<strong><span style=\"color: #ff0000;\">UUS!<\/span> <\/strong>19. mai<strong> MURASTE NAISED, L\u00c4HME MAIJOOKSULE! <\/strong>Info ja registreerumine<strong> <a href=\"http:\/\/www.jooks.ee\/et\/maijooks\/\" target=\"_blank\">SIIN<\/a><a href=\"https:\/\/muraste.ee\/vana\/wp-content\/uploads\/2016\/03\/prygi.png\" rel=\"attachment wp-att-5610\"><img decoding=\"async\" loading=\"lazy\" class=\"size-medium wp-image-5610 alignright\" src=\"https:\/\/muraste.ee\/vana\/wp-content\/uploads\/2016\/03\/prygi-260x300.png\" alt=\"prygi\" width=\"260\" height=\"300\" srcset=\"https:\/\/muraste.ee\/vana\/wp-content\/uploads\/2016\/03\/prygi-260x300.png 260w, https:\/\/muraste.ee\/vana\/wp-content\/uploads\/2016\/03\/prygi-624x721.png 624w, https:\/\/muraste.ee\/vana\/wp-content\/uploads\/2016\/03\/prygi.png 733w\" sizes=\"(max-width: 260px) 100vw, 260px\" \/><\/a><\/strong><\/p>\n<p><strong><span style=\"color: #ff0000;\">UUS! <\/span><\/strong><span style=\"color: #000000;\">kl 14.45-15.35\u00a0<strong>Oh<\/strong><\/span><strong>tlike j\u00e4\u00e4tmete kogumisring<\/strong> &#8211; <em>see on suurep\u00e4rane v\u00f5imalus \u00e4ra anda majapidamisse tekkinud\/kogunenud ohtlikud j\u00e4\u00e4tmed.<\/em> Murastes peatub kogumisauto kahes kohas:<br \/>\nkell 14.45\u201315.05 Muraste bussipeatuse juures ja<br \/>\nkell 15.15\u201315.35 Pangapealse lasteaia parklas.<br \/>\nKasutame v\u00f5imalust!<\/p>\n<p class=\"alignnone\"><span style=\"color: #ff6600;\"><strong>PEATSELT TULEKUL<\/strong><\/span><\/p>\n<p><span style=\"color: #ff0000;\"><strong><a style=\"color: #ff0000;\" href=\"http:\/\/www.jooks.ee\/et\/maijooks\/\" target=\"_blank\">U<\/a>US! <\/strong><span style=\"color: #333333;\">26. mai kell 11-16<\/span><strong>\u00a0Muraste garaa\u017eim\u00fc\u00fcgi- ja kohvikute p\u00e4ev! <\/strong><span style=\"color: #000000;\">Pane m\u00fc\u00fcgikoht ja\/v\u00f5i kohvik kirja<\/span> <span style=\"color: #000000;\">kogukonnakeskus@muraste.ee!<\/span><\/span><\/p>\n<\/div>\n<\/header>\n<div class=\"entry-content\" style=\"text-align: left;\">\n<p>\u00a0<strong><span style=\"color: #ff6600;\">Quo vadis, Harku vald?<\/span><a href=\"https:\/\/muraste.ee\/vana\/wp-content\/uploads\/2016\/03\/harku.png\" rel=\"attachment wp-att-5559\"><img decoding=\"async\" loading=\"lazy\" class=\"size-medium wp-image-5559 alignleft\" src=\"https:\/\/muraste.ee\/vana\/wp-content\/uploads\/2016\/03\/harku-300x251.png\" alt=\"harku\" width=\"300\" height=\"251\" srcset=\"https:\/\/muraste.ee\/vana\/wp-content\/uploads\/2016\/03\/harku-300x251.png 300w, https:\/\/muraste.ee\/vana\/wp-content\/uploads\/2016\/03\/harku-768x644.png 768w, https:\/\/muraste.ee\/vana\/wp-content\/uploads\/2016\/03\/harku-624x523.png 624w, https:\/\/muraste.ee\/vana\/wp-content\/uploads\/2016\/03\/harku.png 940w\" sizes=\"(max-width: 300px) 100vw, 300px\" \/><\/a><\/strong><\/p>\n<p>Harku vallavolikogu algatas uue, aastani 2037 kehtiva arengukava koostamise. Milline meie koduvalla- ja k\u00fcla n\u00e4gu saab olema, s\u00f5ltub palju ka meis endist.<br \/>\nArengukava koostamise juhtr\u00fchm kutsub k\u00f5iki kaasa m\u00f5tlema ja r\u00e4\u00e4kima:<br \/>\n&#8211; kuni 18. maini on avatud veebip\u00f5hine l\u00fchik\u00fcsitlus, millele oodatakse vastama k\u00f5iki elanikke, kes seda soovivad. K\u00fcsitlus on k\u00e4ttesaadav aadressilt\u00a0<a href=\"http:\/\/bit.do\/harku\" target=\"_blank\" rel=\"noopener nofollow\" data-ft=\"{&quot;tn&quot;:&quot;-U&quot;}\" data-lynx-mode=\"asynclazy\" data-lynx-uri=\"https:\/\/l.facebook.com\/l.php?u=http%3A%2F%2Fbit.do%2Fharku&amp;h=ATPOYPS5yX-heheFuw1Km-tXZfyFFVH-xN-UnxzDonJB7DsXZVKuHbcubEGyQOAvAJ7pikfU8zulFCWsaFah2T6VTvzsXUbrKSzTfOLxW5kuBSa0v7K2XwGCcVj4B5tgHu5uHzdW5A\">bit.do\/harku<\/a>. Kes aga soovib, v\u00f5ib samale k\u00fcsitlusele vastata paberkandjal. Selleks on ette n\u00e4htud 25. aprilli vallalehe lehenurk.<br \/>\n&#8211; 13. juunil algusega kell 17.00 toimub Muraste koolis arenguseminar, kus tutvustatakse anal\u00fc\u00fcsi peamisi tulemusi ja esialgset visiooni.<br \/>\n<strong>Kohtumisteni arengukava koostamisel!<\/strong><\/p>\n<p><span style=\"color: #ff6600;\"><strong>N\u00c4ITUS SAADAVAL!<\/strong><\/span><\/p>\n<p>Kui kellelgi on soovi oma ruumides eksponeerida n\u00e4itust\u00a0\u00a0&#8220;<strong><a href=\"https:\/\/muraste.ee\/vana\/?p=5228\" target=\"_blank\">Tuulepealne maa &#8211; siin on sinu kodu<\/a><\/strong>&#8221; siis andke endast teada kogukonnakeskus@muraste.ee. N\u00e4itus koosneb 10st roll-up stendist.<\/p>\n<p><span style=\"color: #ff00ff;\"><strong style=\"color: #99cc00;\"><br \/>\n<span style=\"color: #ff6600;\">TEADETETAHVEL<\/span><\/strong><\/span><\/p>\n<div class=\"text_exposed_show\"><\/div>\n<\/div>\n<header class=\"entry-header\">\n<div class=\"entry-content\">\n<div class=\"_1mf _1mj\" data-offset-key=\"cki46-0-0\">\n<div class=\"_1mf _1mj\" data-offset-key=\"cki46-0-0\"><strong><span style=\"color: #339966;\"><img decoding=\"async\" loading=\"lazy\" class=\"size-medium wp-image-3740 alignright\" src=\"https:\/\/muraste.ee\/vana\/wp-content\/uploads\/2016\/03\/stend-300x224.jpg\" sizes=\"(max-width: 300px) 100vw, 300px\" srcset=\"https:\/\/muraste.ee\/vana\/wp-content\/uploads\/2016\/03\/stend-300x224.jpg 300w, https:\/\/muraste.ee\/vana\/wp-content\/uploads\/2016\/03\/stend-768x572.jpg 768w, https:\/\/muraste.ee\/vana\/wp-content\/uploads\/2016\/03\/stend-1024x763.jpg 1024w, https:\/\/muraste.ee\/vana\/wp-content\/uploads\/2016\/03\/stend-624x465.jpg 624w, https:\/\/muraste.ee\/vana\/wp-content\/uploads\/2016\/03\/stend.jpg 1300w\" alt=\"stend\" width=\"300\" height=\"224\" \/><\/span><\/strong><\/div>\n<div class=\"_1mf _1mj\" data-offset-key=\"cki46-0-0\"><strong>Soovid avaldada oma reklaami<\/strong>\u00a0meie infokanalites? Juhised on\u00a0<strong>siin<\/strong>!<\/div>\n<div class=\"_1mf _1mj\" data-offset-key=\"cki46-0-0\"><strong>Soovid kasutada<\/strong>\u00a0m\u00f5nd Muraste k\u00fclaseltsi poolt pakutavat<strong>\u00a0teenust<\/strong>? V\u00f5imalused on<strong>\u00a0siin!<\/strong><\/div>\n<div class=\"_1mf _1mj\" data-offset-key=\"cki46-0-0\"><\/div>\n<div class=\"_1mf _1mj\" data-offset-key=\"cki46-0-0\"><\/div>\n<p><strong>Teadmiseks:\u00a0<\/strong>Muraste igan\u00e4dalase e-infokirjaga liitumiseks saada sellekohane teade muraste@muraste.ee<br \/>\n<strong>Muraste kogukonnakeskus\u00a0<\/strong>(Lee tee 9, Muraste) avatud E-N 10 -18, R 10-16.<br \/>\n<strong>T\u00e4psustused ja info:<\/strong>\u00a0kogukonnakeskus@muraste.ee;\u00a05253128 (Aule Kikas).<\/p>\n<\/div>\n<\/div>\n<\/header>\n","protected":false},"excerpt":{"rendered":"<p>N\u00c4DAL\u00a020 MURASTES* 14.\u00a0mai &#8211; 20. mai 2018\u00a0 * AT- koolimaja aatrium, SP- spordihoone; KO-kogukonnakeskus; \u00a0 KL- klassiruum; Esmasp\u00e4ev, 14. mai kl 14 AT, Tallinna Tantsuklubi \u201cMy Dance\u201d\u00a0showtants. \u00a0(www.mydance.ee) kl 14.40 KO,\u00a0Kandletund\u00a0edasij\u00f5udnutele\u00a0(Fa Stuudio\/kool, fastuudio@gmail.com ) kl 15 SP, Judoklubi \u201cAitado\u201d\u00a0(alustajad ja uuesti alustajad). \u00a0(www.aitado.ee) kl 16.30 SP, Judoklubi \u201cAitado\u201d\u00a0Judo\u00a0(edasij\u00f5udnud). \u00a0(www.aitado.ee) kl 17.30 KO,\u00a0Kandleansambel\u00a0LiULi (\u00fcle n\u00e4dala) kl<a class=\"moretag\" href=\"https:\/\/muraste.ee\/vana\/?page_id=5631\"><br \/>&#8230;Loe edasi<\/a><\/p>\n","protected":false},"author":2,"featured_media":0,"parent":0,"menu_order":0,"comment_status":"closed","ping_status":"closed","template":"nadalakava.php","meta":{"_bbp_topic_count":0,"_bbp_reply_count":0,"_bbp_total_topic_count":0,"_bbp_total_reply_count":0,"_bbp_voice_count":0,"_bbp_anonymous_reply_count":0,"_bbp_topic_count_hidden":0,"_bbp_reply_count_hidden":0,"_bbp_forum_subforum_count":0,"_mc_calendar":[]},"_links":{"self":[{"href":"https:\/\/muraste.ee\/vana\/index.php?rest_route=\/wp\/v2\/pages\/5631"}],"collection":[{"href":"https:\/\/muraste.ee\/vana\/index.php?rest_route=\/wp\/v2\/pages"}],"about":[{"href":"https:\/\/muraste.ee\/vana\/index.php?rest_route=\/wp\/v2\/types\/page"}],"author":[{"embeddable":true,"href":"https:\/\/muraste.ee\/vana\/index.php?rest_route=\/wp\/v2\/users\/2"}],"replies":[{"embeddable":true,"href":"https:\/\/muraste.ee\/vana\/index.php?rest_route=%2Fwp%2Fv2%2Fcomments&post=5631"}],"version-history":[{"count":1,"href":"https:\/\/muraste.ee\/vana\/index.php?rest_route=\/wp\/v2\/pages\/5631\/revisions"}],"predecessor-version":[{"id":5633,"href":"https:\/\/muraste.ee\/vana\/index.php?rest_route=\/wp\/v2\/pages\/5631\/revisions\/5633"}],"wp:attachment":[{"href":"https:\/\/muraste.ee\/vana\/index.php?rest_route=%2Fwp%2Fv2%2Fmedia&parent=5631"}],"curies":[{"name":"wp","href":"https:\/\/api.w.org\/{rel}","templated":true}]}}