{"id":5711,"date":"2018-06-11T08:08:19","date_gmt":"2018-06-11T05:08:19","guid":{"rendered":"https:\/\/muraste.ee\/vana\/?page_id=5711"},"modified":"2018-06-11T08:08:19","modified_gmt":"2018-06-11T05:08:19","slug":"nadal-22-3","status":"publish","type":"page","link":"https:\/\/muraste.ee\/vana\/?page_id=5711","title":{"rendered":"N\u00e4dal 22"},"content":{"rendered":"<header class=\"entry-header\">\n<h1 class=\"entry-title\"><strong>N\u00c4DAL\u00a022 MURASTES*<br \/>\n28.\u00a0mai \u2013 3. juuni 2018\u00a0<\/strong><\/h1>\n<div class=\"entry-content\"><em>* AT- koolimaja aatrium, SP- spordihoone; KO-kogukonnakeskus; \u00a0 KL- klassiruum;<br \/>\n<\/em><br \/>\n<strong>Esmasp\u00e4ev, 28. mai<img decoding=\"async\" loading=\"lazy\" class=\"wp-image-5639 alignright\" src=\"https:\/\/muraste.ee\/vana\/wp-content\/uploads\/2016\/03\/5-s%C3%BCnnip%C3%A4ev-ja-v%C3%A4lij%C3%B5usaali-avamine-28.05.18-709x1024.jpg\" sizes=\"(max-width: 351px) 100vw, 351px\" srcset=\"https:\/\/muraste.ee\/vana\/wp-content\/uploads\/2016\/03\/5-s\u00fcnnip\u00e4ev-ja-v\u00e4lij\u00f5usaali-avamine-28.05.18-709x1024.jpg 709w, https:\/\/muraste.ee\/vana\/wp-content\/uploads\/2016\/03\/5-s\u00fcnnip\u00e4ev-ja-v\u00e4lij\u00f5usaali-avamine-28.05.18-624x901.jpg 624w, https:\/\/muraste.ee\/vana\/wp-content\/uploads\/2016\/03\/5-s\u00fcnnip\u00e4ev-ja-v\u00e4lij\u00f5usaali-avamine-28.05.18.jpg 720w\" alt=\"5 s\u00fcnnip\u00e4ev ja v\u00e4lij\u00f5usaali avamine 28.05.18\" width=\"351\" height=\"507\" \/><br \/>\n<\/strong>kl 14.40 KO,\u00a0K<strong>andletund<\/strong>\u00a0edasij\u00f5udnutele\u00a0(Fa Stuudio\/kool, fastuudio@gmail.com )<br \/>\nkl 15 SP, Judoklubi \u201cAitado\u201d\u00a0(alustajad ja uuesti alustajad). \u00a0(www.aitado.ee)<br \/>\nkl 16.30 SP, Judoklubi \u201cAitado\u201d\u00a0<strong>Judo<\/strong>\u00a0(edasij\u00f5udnud). \u00a0(www.aitado.ee)<br \/>\nkl 17.30 KO,\u00a0Kandleansambel\u00a0<strong>LiULi\u00a0<\/strong><em>(\u00fcle n\u00e4dala)<\/em><\/div>\n<div class=\"entry-content\">kl 19 AT, Suurupi Naiskoor Meretule<br \/>\nkl 19\u00a0<strong>UUS!\u00a0Lihtsalt liikuma! Muraste Liikumisklubi 5. s\u00fcnnip\u00e4ev!<\/strong><strong><br \/>\nTeisip\u00e4ev, 29. mai<br \/>\n<\/strong>kl 14.40-15.25 KO,\u00a0<strong>Fa Stuudio \u00a0fl\u00f6\u00f6diring<\/strong>\u00a0edasij\u00f5udnutele. \u00a0(fastuudio@gmail.com v\u00f5i tel 5160031)<\/div>\n<\/header>\n<div class=\"entry-content\">kl 15.30-18.00 KO,\u00a0<strong>Soololaul \/ klaver<\/strong>\u00a0(juhendab Triin Kont-Kontson)<br \/>\nkl 18.30 KL,\u00a0<strong>Inglise keele kursus edasij\u00f5udnutele\u00a0<\/strong>(tase B 1.2 -B 2.1).\u00a0Juhendab marethein@gmail.com, tel 56575575.<br \/>\nkl 19 SP,\u00a0<strong>V\u00f5rkpall\u00a0<\/strong><em>(naised\/mehed)- oodatud on k\u00f5ik v\u00f5rkpallihuvilised!;<br \/>\n<\/em>kl 19 KL,\u00a0\u00a0<strong><a href=\"https:\/\/muraste.ee\/vana\/?p=4470\" target=\"_blank\">Kunda<\/a><a href=\"https:\/\/muraste.ee\/vana\/?p=4470\" target=\"_blank\">lini jooga\u00a0<\/a><\/strong><a href=\"mailto:info@lahetervis.ee\">info@lahetervis.ee<\/a><strong>,<\/strong>\u00a0tel.56903049,<br \/>\nkl 19\u00a0<strong>Tilgu h\u00fclged suplevad<\/strong>\u00a0Tilgu sadamas! Info: FB grupp Taliujumine Tilgus.<br \/>\nkl 18.30 AT,\u00a0<strong>S<\/strong><strong>eltskonnatantsu j\u00e4tkukursus<\/strong>.<br \/>\nkl 19.45 AT,\u00a0<strong>Seltskonnatantsude harjutustund<\/strong>\u2013 v\u00f5imalus \u00f5pitut kinnistada ja toredas seltskonnas jalga<\/div>\n<header class=\"entry-header\">\n<div class=\"entry-content\">\n<p>&nbsp;<\/p>\n<p><strong>Kolmap\u00e4ev, 30.\u00a0mai<\/strong><br \/>\nkl 14.40 KO,\u00a0<strong>Kandletund algajatele<\/strong>\u00a0I grupp (Fa Stuudio\/<br \/>\nkl 15.45 KO,\u00a0<strong>Beebide-p\u00f5nnide muusikaring<\/strong>\u00a0(fastuudio@gmail.com v\u00f5i tel 5160031)<br \/>\nkl 16.15 SP, Judoklubi \u201cAitado\u201d\u00a0<strong>Judo\u00a0(<\/strong>alustajad ja uuesti alustajad). \u00a0(www.aitado.ee)<br \/>\nkl 17.45 SP, Judoklubi \u201cAitado\u201d\u00a0<strong>Judo<\/strong>\u00a0(edasij\u00f5udnud). \u00a0(www.aitado.ee)<br \/>\nkl 18 KL,\u00a0<strong>Mudelismiring<\/strong>\u00a0(juhendab Andres Madissoo)<br \/>\nkl\u00a019 KL, \u00a0<strong>Inglise keele kursus<\/strong>\u00a0uuesti alustajatele ja algajatele. Lisainfo \u00a0juhendajalt tel 56575575 (Maret Hein).<br \/>\nkl 18.30 AT,\u00a0<strong>Line-tants.<\/strong>\u00a0Tulge k\u00f5ik ja saage osa elur\u00f5\u00f5must!<br \/>\nInfo kristin@huviline.ee<br \/>\nkl 19.15-20.15 SP,\u00a0<strong>\u00a0<\/strong><strong>\u00dcldkehalise ettevalmistuse treening.\u00a0<\/strong>Lisainfo:\u00a0<a href=\"http:\/\/motokrossipisik.eu\/saalitrennid\/\" target=\"_blank\" rel=\"noopener nofollow\" data-ft=\"{&quot;tn&quot;:&quot;-U&quot;}\" data-lynx-mode=\"async\" data-lynx-uri=\"https:\/\/l.facebook.com\/l.php?u=http%3A%2F%2Fmotokrossipisik.eu%2Fsaalitrennid%2F&amp;h=ATMtTHYPByHFd3Ejb-M_bw3_McwWuVo6SD2thhdIQy0F3YVpA_h8WkckKLGErB5uFSUlktLr926FwJ0TEtQ-jB1FBraRjZFjM3beY2s_WKOJD6YfrxE6Mt1hjwfw9ksYAGjgdHZC18BIeDnAuwSsYczTILfnnMLOzQF24cH3R6VS26raqEtS2BUg7_WQqbEtEpxp1xS_pyotI8RQyh4c32tfhGm_t2n7ldi5cdnf0XZ3A7pBLlADRaD37BfrOmuJ2do5HhcLCgaUhRx9NIHS07XqH95qhCVLIPfFZlqnktc\">http:\/\/motokrossipisik.eu\/saalitrennid\/<\/a>, hannes@motokrossipisik.ee, telefon 5296556<\/p>\n<p><strong>Neljap\u00e4ev, 31.\u00a0mai<\/strong><br \/>\nkl 12.40 KL\u00a0<strong>Meisterdamine<\/strong>\u00a01. kl (Loovuslabor)<br \/>\nkl 13.45 KL\u00a0<strong>Meisterdamine<\/strong>\u00a03.-4. kl (Loovuslabor)<br \/>\nkl 15.30 KL\u00a0<strong>Tekstiili- ja disainiring<\/strong>\u00a05-6\u00a0kl (Loovuslabor)<br \/>\nkl 14-18\u00a0KO,\u00a0<strong>Soololaul\/klaver<\/strong>\u00a0(juhendab Triin Kont-Kontson)<br \/>\nkl\u00a019.00\u00a0KL,\u00a0<strong>Inglise keele\u00a0kursus edasij\u00f5udnutele<\/strong>\u00a0(tase A2-B 1.1) \u00a0Juhendab marethein@gmail.com, tel 56575575.\u00a0<strong>NB!\u00a0Uued liitujad oodatud!<br \/>\n<\/strong>kl 19\u00a0<strong>Tilgu h\u00fclged suplevad<\/strong>\u00a0Tilgu sadamas! Info: FB grupp Taliujumine Tilgus.<br \/>\nkl 18 AT, \u00a0<strong>UUS!\u00a0Triinu laulustuudio kontsert<\/strong><\/p>\n<p><strong>Reede, 1. juuni<br \/>\n<\/strong>kl 16 \u00f5ues, \u00a0<strong>Skaudiring<\/strong>, oodatud k\u00f5ik kooliealised lapsed.<br \/>\nkl 16.15\u00a0<strong>Korvapall!!!\u00a0<\/strong>Poisid-piigad, tulge trenni, teie p\u00e4ralt on tippkorvpallur \u2013 treener\u00a0<strong>Chris Moore<\/strong><\/p>\n<p><strong>P\u00fchap\u00e4ev, 3. juuni\u00a0<\/strong><br \/>\n<strong>L\u00c4HEME K\u00dcLLA! UUS!\u00a0<\/strong>L<strong>astekaitsep\u00e4eva t\u00e4histamine Tabasalus<\/strong>. Korraldavad Harku Valla Lastekaitse \u00dching ja Harku Vallavalitsus<br \/>\n<a href=\"https:\/\/muraste.ee\/vana\/wp-content\/uploads\/2016\/03\/laste.jpg\" rel=\"attachment wp-att-5706\"><img decoding=\"async\" loading=\"lazy\" class=\"alignnone size-full wp-image-5706\" src=\"https:\/\/muraste.ee\/vana\/wp-content\/uploads\/2016\/03\/laste.jpg\" sizes=\"(max-width: 678px) 100vw, 678px\" srcset=\"https:\/\/muraste.ee\/vana\/wp-content\/uploads\/2016\/03\/laste-212x300.jpg 212w, https:\/\/muraste.ee\/vana\/wp-content\/uploads\/2016\/03\/laste-624x884.jpg 624w, https:\/\/muraste.ee\/vana\/wp-content\/uploads\/2016\/03\/laste.jpg 678w\" alt=\"laste\" width=\"678\" height=\"960\" \/><\/a><\/p>\n<p><strong>TULEKUL \u2013 M\u00c4RGI KALENDRISSE!\u00a0<a href=\"https:\/\/muraste.ee\/vana\/wp-content\/uploads\/2016\/03\/PROOF-4-page-0.jpg\" rel=\"attachment wp-att-5709\"><img decoding=\"async\" loading=\"lazy\" class=\"size-medium wp-image-5709 alignright\" src=\"https:\/\/muraste.ee\/vana\/wp-content\/uploads\/2016\/03\/PROOF-4-page-0-212x300.jpg\" sizes=\"(max-width: 212px) 100vw, 212px\" srcset=\"https:\/\/muraste.ee\/vana\/wp-content\/uploads\/2016\/03\/PROOF-4-page-0-212x300.jpg 212w, https:\/\/muraste.ee\/vana\/wp-content\/uploads\/2016\/03\/PROOF-4-page-0-768x1086.jpg 768w, https:\/\/muraste.ee\/vana\/wp-content\/uploads\/2016\/03\/PROOF-4-page-0-724x1024.jpg 724w, https:\/\/muraste.ee\/vana\/wp-content\/uploads\/2016\/03\/PROOF-4-page-0-624x883.jpg 624w\" alt=\"PROOF 4-page-0\" width=\"212\" height=\"300\" \/><\/a><br \/>\n<\/strong>Neljap\u00e4ev, 31.mai kell 18\u00a0<strong>Triinu laulustuudio kontsert\u00a0<\/strong>Muraste koolimajas<br \/>\nTeisip\u00e4ev, 5. juuni kell 17\u00a0<strong>Tabasalu ja Muraste rahvatantsur\u00fchmade \u00a0kontsert \u00a0\u201eSuvele vastu\u201c\u00a0<\/strong>Muraste koolimajas<strong><br \/>\n<\/strong>Kolmap\u00e4ev, 13. juuni kell17<strong>\u00a0<a href=\"http:\/\/www.harku.ee\/et\/uudised-ja-teated\/-\/asset_publisher\/7WOcbaKfFguz\/content\/id\/19722177?redirect=http%3A%2F%2Fwww.harku.ee\" target=\"_blank\">Harku valla arengukava avalik arutelu\u00a0<\/a>\u00a0<\/strong>Muraste koolimajas\u00a0<em>(korraldaja Harku vallavalitsus)<strong><br \/>\n<\/strong><\/em>Neljap\u00e4ev, 14. juuni kell 19,\u00a0<strong>\u00a0<a href=\"https:\/\/muraste.ee\/vana\/?page_id=113\" target=\"_blank\">Harku valla vaba\u00fchenduse \u00fcmarlaud\u00a0<\/a><\/strong>Harku keskuses<\/p>\n<\/div>\n<\/header>\n<div class=\"entry-content\">\n<div><\/div>\n<p><strong>N\u00c4ITUS SAADAVAL!<br \/>\n<\/strong>Kui kellelgi on soovi oma ruumides eksponeerida n\u00e4itust\u00a0\u00a0\u201c<strong><a href=\"https:\/\/muraste.ee\/vana\/?p=5228\" target=\"_blank\">Tuulepealne maa \u2013 siin on sinu kodu<\/a><\/strong>\u201d siis andke endast teada kogukonnakeskus@muraste.ee. N\u00e4itus koosneb 10st roll-up stendist.<\/p>\n<p><a href=\"https:\/\/muraste.ee\/vana\/wp-content\/uploads\/2016\/03\/Tallinna-Jahtklubi-otsib-uusi-purjetajaid.jpg\" rel=\"attachment wp-att-5685\"><img decoding=\"async\" loading=\"lazy\" class=\"alignnone size-large wp-image-5685\" src=\"https:\/\/muraste.ee\/vana\/wp-content\/uploads\/2016\/03\/Tallinna-Jahtklubi-otsib-uusi-purjetajaid-1024x683.jpg\" sizes=\"(max-width: 625px) 100vw, 625px\" srcset=\"https:\/\/muraste.ee\/vana\/wp-content\/uploads\/2016\/03\/Tallinna-Jahtklubi-otsib-uusi-purjetajaid-300x200.jpg 300w, https:\/\/muraste.ee\/vana\/wp-content\/uploads\/2016\/03\/Tallinna-Jahtklubi-otsib-uusi-purjetajaid-768x512.jpg 768w, https:\/\/muraste.ee\/vana\/wp-content\/uploads\/2016\/03\/Tallinna-Jahtklubi-otsib-uusi-purjetajaid-1024x683.jpg 1024w, https:\/\/muraste.ee\/vana\/wp-content\/uploads\/2016\/03\/Tallinna-Jahtklubi-otsib-uusi-purjetajaid-624x416.jpg 624w\" alt=\"Tallinna Jahtklubi otsib uusi purjetajaid\" width=\"625\" height=\"417\" \/><\/a><\/p>\n<p><strong>TEADETETAHVEL<\/strong><\/p>\n<div class=\"text_exposed_show\"><\/div>\n<\/div>\n<header class=\"entry-header\">\n<div class=\"entry-content\">\n<div class=\"_1mf _1mj\" data-offset-key=\"cki46-0-0\">\n<div class=\"_1mf _1mj\" data-offset-key=\"cki46-0-0\"><strong><img decoding=\"async\" loading=\"lazy\" class=\"size-medium wp-image-3740 alignright\" src=\"https:\/\/muraste.ee\/vana\/wp-content\/uploads\/2016\/03\/stend-300x224.jpg\" sizes=\"(max-width: 300px) 100vw, 300px\" srcset=\"https:\/\/muraste.ee\/vana\/wp-content\/uploads\/2016\/03\/stend-300x224.jpg 300w, https:\/\/muraste.ee\/vana\/wp-content\/uploads\/2016\/03\/stend-768x572.jpg 768w, https:\/\/muraste.ee\/vana\/wp-content\/uploads\/2016\/03\/stend-1024x763.jpg 1024w, https:\/\/muraste.ee\/vana\/wp-content\/uploads\/2016\/03\/stend-624x465.jpg 624w, https:\/\/muraste.ee\/vana\/wp-content\/uploads\/2016\/03\/stend.jpg 1300w\" alt=\"stend\" width=\"300\" height=\"224\" \/><\/strong><\/div>\n<div class=\"_1mf _1mj\" data-offset-key=\"cki46-0-0\"><strong>Soovid avaldada oma reklaami<\/strong>\u00a0meie infokanalites? Juhised on\u00a0<strong>siin<\/strong>!<\/div>\n<div class=\"_1mf _1mj\" data-offset-key=\"cki46-0-0\"><strong>Soovid kasutada<\/strong>\u00a0m\u00f5nd Muraste k\u00fclaseltsi poolt pakutavat<strong>\u00a0teenust<\/strong>? V\u00f5imalused on<strong>\u00a0siin!<\/strong><\/div>\n<div class=\"_1mf _1mj\" data-offset-key=\"cki46-0-0\"><\/div>\n<div class=\"_1mf _1mj\" data-offset-key=\"cki46-0-0\">\u00a0<a href=\"https:\/\/muraste.ee\/vana\/wp-content\/uploads\/2016\/03\/stend-1.jpg\" rel=\"attachment wp-att-4360\"><img decoding=\"async\" loading=\"lazy\" class=\"size-medium wp-image-4360 alignright\" src=\"https:\/\/muraste.ee\/vana\/wp-content\/uploads\/2016\/03\/stend-1-300x224.jpg\" sizes=\"(max-width: 300px) 100vw, 300px\" srcset=\"https:\/\/muraste.ee\/vana\/wp-content\/uploads\/2016\/03\/stend-1-300x224.jpg 300w, https:\/\/muraste.ee\/vana\/wp-content\/uploads\/2016\/03\/stend-1-768x572.jpg 768w, https:\/\/muraste.ee\/vana\/wp-content\/uploads\/2016\/03\/stend-1-1024x763.jpg 1024w, https:\/\/muraste.ee\/vana\/wp-content\/uploads\/2016\/03\/stend-1-624x465.jpg 624w, https:\/\/muraste.ee\/vana\/wp-content\/uploads\/2016\/03\/stend-1.jpg 1300w\" alt=\"stend\" width=\"300\" height=\"224\" \/><\/a><\/div>\n<p><strong>Teadmiseks:\u00a0<\/strong>Muraste igan\u00e4dalase e-infokirjaga liitumiseks saada sellekohane teade muraste@muraste.ee<br \/>\n<strong>Muraste kogukonnakeskus\u00a0<\/strong>(Lee tee 9, Muraste) avatud E-N 10 -18, R 10-16.<br \/>\n<strong>T\u00e4psustused ja info:<\/strong>\u00a0kogukonnakeskus@muraste.ee;\u00a05253128 (Aule Kikas).<\/p>\n<\/div>\n<\/div>\n<\/header>\n","protected":false},"excerpt":{"rendered":"<p>N\u00c4DAL\u00a022 MURASTES* 28.\u00a0mai \u2013 3. juuni 2018\u00a0 * AT- koolimaja aatrium, SP- spordihoone; KO-kogukonnakeskus; \u00a0 KL- klassiruum; Esmasp\u00e4ev, 28. mai kl 14.40 KO,\u00a0Kandletund\u00a0edasij\u00f5udnutele\u00a0(Fa Stuudio\/kool, fastuudio@gmail.com ) kl 15 SP, Judoklubi \u201cAitado\u201d\u00a0(alustajad ja uuesti alustajad). \u00a0(www.aitado.ee) kl 16.30 SP, Judoklubi \u201cAitado\u201d\u00a0Judo\u00a0(edasij\u00f5udnud). \u00a0(www.aitado.ee) kl 17.30 KO,\u00a0Kandleansambel\u00a0LiULi\u00a0(\u00fcle n\u00e4dala) kl 19 AT, Suurupi Naiskoor Meretule kl 19\u00a0UUS!\u00a0Lihtsalt liikuma! Muraste<a class=\"moretag\" href=\"https:\/\/muraste.ee\/vana\/?page_id=5711\"><br \/>&#8230;Loe edasi<\/a><\/p>\n","protected":false},"author":2,"featured_media":0,"parent":0,"menu_order":0,"comment_status":"closed","ping_status":"closed","template":"nadalakava.php","meta":{"_bbp_topic_count":0,"_bbp_reply_count":0,"_bbp_total_topic_count":0,"_bbp_total_reply_count":0,"_bbp_voice_count":0,"_bbp_anonymous_reply_count":0,"_bbp_topic_count_hidden":0,"_bbp_reply_count_hidden":0,"_bbp_forum_subforum_count":0,"_mc_calendar":[]},"_links":{"self":[{"href":"https:\/\/muraste.ee\/vana\/index.php?rest_route=\/wp\/v2\/pages\/5711"}],"collection":[{"href":"https:\/\/muraste.ee\/vana\/index.php?rest_route=\/wp\/v2\/pages"}],"about":[{"href":"https:\/\/muraste.ee\/vana\/index.php?rest_route=\/wp\/v2\/types\/page"}],"author":[{"embeddable":true,"href":"https:\/\/muraste.ee\/vana\/index.php?rest_route=\/wp\/v2\/users\/2"}],"replies":[{"embeddable":true,"href":"https:\/\/muraste.ee\/vana\/index.php?rest_route=%2Fwp%2Fv2%2Fcomments&post=5711"}],"version-history":[{"count":1,"href":"https:\/\/muraste.ee\/vana\/index.php?rest_route=\/wp\/v2\/pages\/5711\/revisions"}],"predecessor-version":[{"id":5713,"href":"https:\/\/muraste.ee\/vana\/index.php?rest_route=\/wp\/v2\/pages\/5711\/revisions\/5713"}],"wp:attachment":[{"href":"https:\/\/muraste.ee\/vana\/index.php?rest_route=%2Fwp%2Fv2%2Fmedia&parent=5711"}],"curies":[{"name":"wp","href":"https:\/\/api.w.org\/{rel}","templated":true}]}}