{"id":5734,"date":"2018-06-18T08:38:05","date_gmt":"2018-06-18T05:38:05","guid":{"rendered":"https:\/\/muraste.ee\/vana\/?page_id=5734"},"modified":"2018-06-18T08:38:16","modified_gmt":"2018-06-18T05:38:16","slug":"nadal-24-3","status":"publish","type":"page","link":"https:\/\/muraste.ee\/vana\/?page_id=5734","title":{"rendered":"N\u00e4dal 24"},"content":{"rendered":"<header class=\"entry-header\">\n<h1 class=\"entry-title\" style=\"text-align: center;\"><span style=\"color: #ff6600;\"><strong>N\u00c4DAL 24 MURASTES*<br \/>\n11.\u00a0&#8211; 17. juuni 2018\u00a0<\/strong><\/span><\/h1>\n<div class=\"entry-content\" style=\"text-align: left;\"><span style=\"color: #808080;\"><em>* AT- koolimaja aatrium, SP- spordihoone; KO-kogukonnakeskus; \u00a0 KL- klassiruum;<br \/>\n<\/em><\/span><br \/>\n<span style=\"color: #ff9900;\"><strong><span style=\"color: #ff6600;\">Esmasp\u00e4ev,\u00a011.juuni<\/span><br \/>\n<\/strong><\/span>kl 12 Urvaste k\u00fclaselts k\u00fclastab Murastet<\/div>\n<div class=\"entry-content\" style=\"text-align: left;\"><\/div>\n<div class=\"entry-content\" style=\"text-align: left;\"><\/div>\n<div class=\"entry-content\" style=\"text-align: left;\"><span style=\"color: #339966;\"><strong><span style=\"color: #ff6600;\">Teisip\u00e4ev, 12. mai<\/span><br \/>\n<\/strong><\/span>kl14\u00a0<strong>Muraste kooli 6.klassi l\u00f5puaktus<\/strong>\u00a0(l\u00f5petab meie kooli I lend;)<br \/>\n17.30 Kandletund (kandlemeisterdajate grupp)<br \/>\nkl 18.30 KL,\u00a0<strong>Inglise keele kursus edasij\u00f5udnutele\u00a0<\/strong>(tase B 1.2 -B 2.1).\u00a0Juhendab marethein@gmail.com, tel 56575575.<br \/>\nkl 19 SP,\u00a0<strong>V\u00f5rkpall\u00a0<\/strong><em>(naised\/mehed)- oodatud on k\u00f5ik v\u00f5rkpallihuvilised!;<br \/>\n<\/em>kl 19 KL,\u00a0\u00a0<strong><a href=\"https:\/\/muraste.ee\/vana\/?p=4470\" target=\"_blank\">Kunda<\/a><a href=\"https:\/\/muraste.ee\/vana\/?p=4470\" target=\"_blank\">lini jooga\u00a0<\/a><\/strong><a href=\"mailto:info@lahetervis.ee\">info@lahetervis.ee<\/a><strong>,<\/strong>\u00a0tel.56903049,<br \/>\nkl 19\u00a0<strong>Tilgu h\u00fclged suplevad<\/strong>\u00a0Tilgu sadamas! Info: FB grupp Taliujumine Tilgus.<br \/>\nkl 19.-20-30 AT,\u00a0<strong>Seltskonnatantsude harjutustund<\/strong>\u2013<\/div>\n<\/header>\n<header class=\"entry-header\">\n<div class=\"entry-content\" style=\"text-align: left;\">\n<p><span style=\"color: #339966;\"><strong><br \/>\n<span style=\"color: #ff6600;\">Kolmap\u00e4ev, 13.\u00a0mai<\/span><\/strong><\/span><br \/>\nkell17<strong>\u00a0<a href=\"http:\/\/www.harku.ee\/et\/uudised-ja-teated\/-\/asset_publisher\/7WOcbaKfFguz\/content\/id\/19722177?redirect=http%3A%2F%2Fwww.harku.ee\" target=\"_blank\">Harku valla arengukava avalik arutelu\u00a0<\/a>\u00a0<\/strong>Muraste koolimajas\u00a0<em>(korraldaja Harku vallavalitsus)<\/em><br \/>\nk<span style=\"color: #000000;\">l\u00a0<\/span>19 KL, \u00a0<strong>Inglise keele kursus<\/strong>\u00a0uuesti alustajatele ja algajatele. Lisainfo \u00a0juhendajalt tel 56575575 (Maret Hein).<\/p>\n<p><span style=\"color: #ff6600;\"><strong>Neljap\u00e4ev, 14.\u00a0juuni<br \/>\n<\/strong><\/span>14-18\u00a0KO,\u00a0<strong>Soololaul\/klaver<\/strong>\u00a0(juhendab Triin Kont-Kontson)<a href=\"https:\/\/muraste.ee\/vana\/wp-content\/uploads\/2016\/03\/mummi-18.jpg\" rel=\"attachment wp-att-5723\"><img decoding=\"async\" loading=\"lazy\" class=\"size-medium wp-image-5723 alignright\" src=\"https:\/\/muraste.ee\/vana\/wp-content\/uploads\/2016\/03\/mummi-18-212x300.jpg\" alt=\"mummi 18\" width=\"212\" height=\"300\" srcset=\"https:\/\/muraste.ee\/vana\/wp-content\/uploads\/2016\/03\/mummi-18-212x300.jpg 212w, https:\/\/muraste.ee\/vana\/wp-content\/uploads\/2016\/03\/mummi-18-624x882.jpg 624w, https:\/\/muraste.ee\/vana\/wp-content\/uploads\/2016\/03\/mummi-18.jpg 679w\" sizes=\"(max-width: 212px) 100vw, 212px\" \/><\/a><br \/>\nkl\u00a019.00\u00a0KL,\u00a0<strong>Inglise keele\u00a0kursus edasij\u00f5udnutele<\/strong>\u00a0(tase A2-B 1.1) \u00a0Juhendab marethein@gmail.com, tel 56575575.\u00a0<strong><span style=\"color: #ff0000;\">NB!<\/span>\u00a0Uued liitujad oodatud!<br \/>\n<\/strong>kl 19\u00a0<strong>Tilgu h\u00fclged suplevad<\/strong>\u00a0Tilgu sadamas! Info: FB grupp Taliujumine Tilgus.<br \/>\nkl 19,\u00a0<strong>\u00a0<a href=\"https:\/\/muraste.ee\/vana\/?page_id=113\" target=\"_blank\">Harku valla vaba\u00fchenduse \u00fcmarlaud\u00a0<\/a><\/strong>Harku keskuses<\/p>\n<p><strong><span style=\"color: #ff6600;\">Reede, 15. juuni<\/span><\/strong><br \/>\nkl 19\u00a0<strong>h\u00f5ikab Mummi trahter pidulisi pidusse<\/strong><br \/>\n<span style=\"color: #ff6600;\"><strong><br \/>\nP\u00fchap\u00e4ev, 17.juuni<\/strong><\/span><br \/>\nkl 12\u00a0<strong>Kandlem\u00e4ngu keskp\u00e4ev<\/strong>\u00a0(Suurupi Munakivi tee pangal; vihma korral Muraste koolimajas).<br \/>\n<em>Kauaoodatud kandlehetk on k\u00e4es: tulge Harku valla suuri ja v\u00e4ikeseid v\u00e4ikekandlem\u00e4ngijaid kuulama ja vaatama!\u00a0<\/em><br \/>\n<em>Eriliselt lahe on see, et:<\/em><br \/>\n<em>1. Esmakordselt astuvad \u00fcles 2018. aasta Muraste kandlemeistrid, kes endale \u00e4sja pillid valmistasid<span class=\"text_exposed_show\"><br \/>\n2. Laval on Fa Stuudio lapsed ja&#8230;<br \/>\n3. esineb ka Tabasalu Muusikakooli kandleklassi l\u00f5petaja Karmen Juhkam, kes tema \u00f5petaja Leanne Barbo s\u00f5nul on \u00fcks siitkandi parimaid kandlem\u00e4ngijaid.<br \/>\n<strong>Olete r\u00f5\u00f5muga oodatud!<br \/>\n<a href=\"https:\/\/muraste.ee\/vana\/wp-content\/uploads\/2016\/03\/kannelpidu.jpg\" rel=\"attachment wp-att-5724\"><br \/>\n<img decoding=\"async\" loading=\"lazy\" class=\"alignnone size-full wp-image-5724\" src=\"https:\/\/muraste.ee\/vana\/wp-content\/uploads\/2016\/03\/kannelpidu.jpg\" alt=\"kannelpidu\" width=\"679\" height=\"960\" srcset=\"https:\/\/muraste.ee\/vana\/wp-content\/uploads\/2016\/03\/kannelpidu.jpg 679w, https:\/\/muraste.ee\/vana\/wp-content\/uploads\/2016\/03\/kannelpidu-212x300.jpg 212w, https:\/\/muraste.ee\/vana\/wp-content\/uploads\/2016\/03\/kannelpidu-624x882.jpg 624w\" sizes=\"(max-width: 679px) 100vw, 679px\" \/><\/a><br \/>\n<\/strong><\/span><\/em><\/p>\n<p><span style=\"text-decoration: underline; color: #ff6600;\">TUHAT T\u00c4NU!<\/span><br \/>\nKui k\u00fcla vahel liiguvad Lillep\u00e4kapikud, siis asjad lihtsalt juhtuvad &#8211; heast m\u00f5ttest s\u00fcnnib ilus tegu ning r\u00f5\u00f5m on vastastikune. Alates eelmisest n\u00e4dalast tervitavad Murastesse saabujaid kuus lootsikut-lilles\u00fclemit. Jagugu seda ilu kauaks!<br \/>\n<strong>Suur ait\u00e4h Ene \u00d5unapuule abi ja toe eest!<\/strong><br \/>\n<a href=\"https:\/\/muraste.ee\/vana\/wp-content\/uploads\/2016\/03\/paat2.jpg\" rel=\"attachment wp-att-5721\"><img decoding=\"async\" loading=\"lazy\" class=\"alignnone size-thumbnail wp-image-5721\" src=\"https:\/\/muraste.ee\/vana\/wp-content\/uploads\/2016\/03\/paat2-150x150.jpg\" alt=\"paat2\" width=\"150\" height=\"150\" \/><\/a><\/p>\n<p><span style=\"color: #ff6600;\"><strong>TULEKUL!<a href=\"https:\/\/muraste.ee\/vana\/wp-content\/uploads\/2016\/03\/Jaanirullike-25.06.18.jpg\" rel=\"attachment wp-att-5732\"><img decoding=\"async\" loading=\"lazy\" class=\"alignnone size-large wp-image-5732\" src=\"https:\/\/muraste.ee\/vana\/wp-content\/uploads\/2016\/03\/Jaanirullike-25.06.18-709x1024.jpg\" alt=\"Jaanirullike 25.06.18\" width=\"625\" height=\"903\" srcset=\"https:\/\/muraste.ee\/vana\/wp-content\/uploads\/2016\/03\/Jaanirullike-25.06.18-709x1024.jpg 709w, https:\/\/muraste.ee\/vana\/wp-content\/uploads\/2016\/03\/Jaanirullike-25.06.18-208x300.jpg 208w, https:\/\/muraste.ee\/vana\/wp-content\/uploads\/2016\/03\/Jaanirullike-25.06.18-624x901.jpg 624w, https:\/\/muraste.ee\/vana\/wp-content\/uploads\/2016\/03\/Jaanirullike-25.06.18.jpg 720w\" sizes=\"(max-width: 625px) 100vw, 625px\" \/><\/a><br \/>\n<\/strong><\/span><\/p>\n<p><span style=\"color: #ff6600;\"><strong><br \/>\nN\u00c4ITUS SAADAVAL!<\/strong><\/span><\/p>\n<\/div>\n<\/header>\n<div class=\"entry-content\" style=\"text-align: left;\">\n<p>Kui kellelgi on soovi oma ruumides eksponeerida n\u00e4itust\u00a0\u00a0&#8220;<strong><a href=\"https:\/\/muraste.ee\/vana\/?p=5228\" target=\"_blank\">Tuulepealne maa &#8211; siin on sinu kodu<\/a><\/strong>&#8221; siis andke endast teada kogukonnakeskus@muraste.ee. N\u00e4itus koosneb 10st roll-up stendist.<\/p>\n<p><span style=\"color: #ff6600;\"><strong style=\"color: #99cc00;\">TEADETETAHVEL<\/strong><\/span><\/p>\n<div class=\"text_exposed_show\"><\/div>\n<\/div>\n<header class=\"entry-header\">\n<div class=\"entry-content\">\n<div class=\"_1mf _1mj\" data-offset-key=\"cki46-0-0\">\n<div class=\"_1mf _1mj\" data-offset-key=\"cki46-0-0\"><strong><span style=\"color: #339966;\"><img decoding=\"async\" loading=\"lazy\" class=\"size-medium wp-image-3740 alignright\" src=\"https:\/\/muraste.ee\/vana\/wp-content\/uploads\/2016\/03\/stend-300x224.jpg\" sizes=\"(max-width: 300px) 100vw, 300px\" srcset=\"https:\/\/muraste.ee\/vana\/wp-content\/uploads\/2016\/03\/stend-300x224.jpg 300w, https:\/\/muraste.ee\/vana\/wp-content\/uploads\/2016\/03\/stend-768x572.jpg 768w, https:\/\/muraste.ee\/vana\/wp-content\/uploads\/2016\/03\/stend-1024x763.jpg 1024w, https:\/\/muraste.ee\/vana\/wp-content\/uploads\/2016\/03\/stend-624x465.jpg 624w, https:\/\/muraste.ee\/vana\/wp-content\/uploads\/2016\/03\/stend.jpg 1300w\" alt=\"stend\" width=\"300\" height=\"224\" \/><\/span><\/strong><\/div>\n<div class=\"_1mf _1mj\" data-offset-key=\"cki46-0-0\"><strong>Soovid avaldada oma reklaami<\/strong>\u00a0meie infokanalites? Juhised on\u00a0<strong>siin<\/strong>!<\/div>\n<div class=\"_1mf _1mj\" data-offset-key=\"cki46-0-0\"><strong>Soovid kasutada<\/strong>\u00a0m\u00f5nd Muraste k\u00fclaseltsi poolt pakutavat<strong>\u00a0teenust<\/strong>? V\u00f5imalused on<strong>\u00a0siin!<\/strong><\/div>\n<div class=\"_1mf _1mj\" data-offset-key=\"cki46-0-0\"><\/div>\n<div class=\"_1mf _1mj\" data-offset-key=\"cki46-0-0\"><\/div>\n<p><strong>Teadmiseks:\u00a0<\/strong>Muraste igan\u00e4dalase e-infokirjaga liitumiseks saada sellekohane teade muraste@muraste.ee<br \/>\n<strong>Muraste kogukonnakeskus\u00a0<\/strong>(Lee tee 9, Muraste) avatud E-N 10 -18, R 10-16.<br \/>\n<strong>T\u00e4psustused ja info:<\/strong>\u00a0kogukonnakeskus@muraste.ee;\u00a05253128 (Aule Kikas).<\/p>\n<\/div>\n<\/div>\n<\/header>\n","protected":false},"excerpt":{"rendered":"<p>N\u00c4DAL 24 MURASTES* 11.\u00a0&#8211; 17. juuni 2018\u00a0 * AT- koolimaja aatrium, SP- spordihoone; KO-kogukonnakeskus; \u00a0 KL- klassiruum; Esmasp\u00e4ev,\u00a011.juuni kl 12 Urvaste k\u00fclaselts k\u00fclastab Murastet Teisip\u00e4ev, 12. mai kl14\u00a0Muraste kooli 6.klassi l\u00f5puaktus\u00a0(l\u00f5petab meie kooli I lend;) 17.30 Kandletund (kandlemeisterdajate grupp) kl 18.30 KL,\u00a0Inglise keele kursus edasij\u00f5udnutele\u00a0(tase B 1.2 -B 2.1).\u00a0Juhendab marethein@gmail.com, tel 56575575. kl 19 SP,\u00a0V\u00f5rkpall\u00a0(naised\/mehed)-<a class=\"moretag\" href=\"https:\/\/muraste.ee\/vana\/?page_id=5734\"><br \/>&#8230;Loe edasi<\/a><\/p>\n","protected":false},"author":2,"featured_media":0,"parent":0,"menu_order":0,"comment_status":"closed","ping_status":"closed","template":"nadalakava.php","meta":{"_bbp_topic_count":0,"_bbp_reply_count":0,"_bbp_total_topic_count":0,"_bbp_total_reply_count":0,"_bbp_voice_count":0,"_bbp_anonymous_reply_count":0,"_bbp_topic_count_hidden":0,"_bbp_reply_count_hidden":0,"_bbp_forum_subforum_count":0,"_mc_calendar":[]},"_links":{"self":[{"href":"https:\/\/muraste.ee\/vana\/index.php?rest_route=\/wp\/v2\/pages\/5734"}],"collection":[{"href":"https:\/\/muraste.ee\/vana\/index.php?rest_route=\/wp\/v2\/pages"}],"about":[{"href":"https:\/\/muraste.ee\/vana\/index.php?rest_route=\/wp\/v2\/types\/page"}],"author":[{"embeddable":true,"href":"https:\/\/muraste.ee\/vana\/index.php?rest_route=\/wp\/v2\/users\/2"}],"replies":[{"embeddable":true,"href":"https:\/\/muraste.ee\/vana\/index.php?rest_route=%2Fwp%2Fv2%2Fcomments&post=5734"}],"version-history":[{"count":1,"href":"https:\/\/muraste.ee\/vana\/index.php?rest_route=\/wp\/v2\/pages\/5734\/revisions"}],"predecessor-version":[{"id":5736,"href":"https:\/\/muraste.ee\/vana\/index.php?rest_route=\/wp\/v2\/pages\/5734\/revisions\/5736"}],"wp:attachment":[{"href":"https:\/\/muraste.ee\/vana\/index.php?rest_route=%2Fwp%2Fv2%2Fmedia&parent=5734"}],"curies":[{"name":"wp","href":"https:\/\/api.w.org\/{rel}","templated":true}]}}