{"id":5758,"date":"2018-06-24T23:04:04","date_gmt":"2018-06-24T20:04:04","guid":{"rendered":"https:\/\/muraste.ee\/vana\/?page_id=5758"},"modified":"2018-06-24T23:04:58","modified_gmt":"2018-06-24T20:04:58","slug":"5758-2","status":"publish","type":"page","link":"https:\/\/muraste.ee\/vana\/?page_id=5758","title":{"rendered":"N\u00e4dal 25"},"content":{"rendered":"<header class=\"entry-header\">\n<h1 class=\"entry-title\" style=\"text-align: center;\"><span style=\"color: #ff6600;\"><strong><span style=\"color: #008000;\">S<\/span>U<span style=\"color: #33cccc;\">V<\/span>I\u00a0<span style=\"color: #ffcc00;\">2<\/span>0<span style=\"color: #00ff00;\">1<\/span><span style=\"color: #ff99cc;\">8<\/span> M<span style=\"color: #008000;\">U<\/span>R<span style=\"color: #ffcc00;\">A<\/span><span style=\"color: #33cccc;\">S<\/span>T<span style=\"color: #00ff00;\">E<\/span><span style=\"color: #ff99cc;\">S<\/span>*<\/strong><\/span><\/h1>\n<div class=\"entry-content\" style=\"text-align: left;\"><span style=\"color: #808080;\"><em>* AT- koolimaja aatrium, SP- spordihoone; KO-kogukonnakeskus; \u00a0 KL- klassiruum;<br \/>\n<\/em><\/span><br \/>\n<span style=\"color: #ff9900;\"><strong><span style=\"color: #00ff00;\">Teisip\u00e4ev,\u00a018.juuni<\/span><br \/>\n<\/strong><\/span>kl\u00a011\u00a0<strong>Eesti Leader Liidu \u00fcldkoosolek<\/strong> (Muraste K\u00fclaselts on <strong><a href=\"http:\/\/www.4kogu.ee\/\" target=\"_blank\">Leader-tegevusgrupi<\/a> <\/strong>liige) J\u00e4rvamaal, Albus<\/div>\n<div class=\"entry-content\" style=\"text-align: left;\">kl 18.30 KL,\u00a0<strong>Inglise keele kursus edasij\u00f5udnutele\u00a0<\/strong>(tase B 1.2 -B 2.1).\u00a0Juhendab marethein@gmail.com, tel 56575575.<\/div>\n<div class=\"entry-content\" style=\"text-align: left;\">kl 19 <strong>V\u00f5rkpall<\/strong><\/div>\n<div class=\"entry-content\" style=\"text-align: left;\">kl 19 AT, <strong>Seltskonnatantsude hooaja l\u00f5petamine<\/strong><\/div>\n<div class=\"entry-content\" style=\"text-align: left;\"><\/div>\n<div class=\"entry-content\" style=\"text-align: left;\"><span style=\"color: #00ff00;\"><strong>Kolmap\u00e4ev, 20. juuni<\/strong><\/span><\/div>\n<div class=\"entry-content\" style=\"text-align: left;\">kl\u00a019 KL, \u00a0<strong>Inglise keele kursus<\/strong>\u00a0uuesti alustajatele ja algajatele. Lisainfo \u00a0juhendajalt tel 56575575 (Maret Hein).<\/div>\n<div class=\"entry-content\" style=\"text-align: left;\"><\/div>\n<div class=\"entry-content\" style=\"text-align: left;\"><span style=\"color: #339966;\"><strong><span style=\"color: #ff6600;\"><span style=\"color: #00ff00;\">Neljap\u00e4ev, 21. juuni<\/span><br \/>\nkl 13.07 TERVITAME ALGAVAT SUVE!<br \/>\n<\/span><\/strong><span style=\"color: #000000;\">kl\u00a019.00\u00a0KL,\u00a0Inglise keele\u00a0kursus edasij\u00f5udnutele\u00a0(tase A2-B 1.1) \u00a0Juhendab marethein@gmail.com, tel 56575575.<\/span><\/span><span style=\"color: #00ff00;\"><a href=\"https:\/\/muraste.ee\/vana\/wp-content\/uploads\/2016\/03\/jaanik.jpg\" rel=\"attachment wp-att-5742\"><img decoding=\"async\" loading=\"lazy\" class=\"size-medium wp-image-5742 alignright\" src=\"https:\/\/muraste.ee\/vana\/wp-content\/uploads\/2016\/03\/jaanik-300x200.jpg\" alt=\"jaanik\" width=\"300\" height=\"200\" srcset=\"https:\/\/muraste.ee\/vana\/wp-content\/uploads\/2016\/03\/jaanik-300x200.jpg 300w, https:\/\/muraste.ee\/vana\/wp-content\/uploads\/2016\/03\/jaanik-768x512.jpg 768w, https:\/\/muraste.ee\/vana\/wp-content\/uploads\/2016\/03\/jaanik-624x416.jpg 624w, https:\/\/muraste.ee\/vana\/wp-content\/uploads\/2016\/03\/jaanik.jpg 1000w\" sizes=\"(max-width: 300px) 100vw, 300px\" \/><\/a><br \/>\n<\/span><\/div>\n<div class=\"entry-content\" style=\"text-align: left;\"><\/div>\n<div class=\"entry-content\" style=\"text-align: left;\"><\/div>\n<div class=\"entry-content\" style=\"text-align: left;\"><\/div>\n<div class=\"entry-content\" style=\"text-align: left;\"><\/div>\n<div class=\"entry-content\" style=\"text-align: left;\"><span style=\"color: #00ff00;\"><strong>Laup\u00e4ev,\u00a023. juuni<\/strong><\/span><\/div>\n<div class=\"entry-content\" style=\"text-align: left;\"><\/div>\n<div class=\"entry-content\" style=\"text-align: left;\"><span style=\"color: #339966;\"><strong><span style=\"color: #ff0000;\">L\u00c4HME JAANITULELE!<br \/>\n<\/span><\/strong><\/span><br \/>\n<span style=\"color: #0000ff;\">T\u00e4navune <strong>\u00fclevallaline jaanituli<\/strong> toimub <strong>V\u00e4\u00e4nas<\/strong>, tall-t\u00f5llakuuri juures algusega kell 19!<br \/>\nKohapeal on olemas lauad-telgid-l\u00f5ke-grillid-muusika ja \u00fclitore l\u00f5\u00f5tsamees <strong>LEO M\u00dcRKHEIN!<\/strong><br \/>\nKatame \u00fchise laua, grillime ja laulame-tantsime kuni koiduni.<br \/>\nPS! Vallavanem toob v\u00f5idutule ning s\u00fc\u00fctab sellest jaanitule kell 19.30<\/span><\/div>\n<div class=\"entry-content\" style=\"text-align: left;\"><span style=\"color: #0000ff;\">\u00a0<\/span><\/div>\n<div class=\"entry-content\" style=\"text-align: left;\"><em><span class=\"text_exposed_show\"><strong>\u00a0<\/strong><\/span><\/em><\/div>\n<\/header>\n<header class=\"entry-header\">\n<div class=\"entry-content\" style=\"text-align: left;\">\n<p><a href=\"https:\/\/muraste.ee\/vana\/wp-content\/uploads\/2016\/03\/vaanajaan.jpg\" rel=\"attachment wp-att-5749\"><img decoding=\"async\" loading=\"lazy\" class=\"alignnone size-large wp-image-5749\" src=\"https:\/\/muraste.ee\/vana\/wp-content\/uploads\/2016\/03\/vaanajaan-1024x724.jpg\" alt=\"vaanajaan\" width=\"625\" height=\"442\" srcset=\"https:\/\/muraste.ee\/vana\/wp-content\/uploads\/2016\/03\/vaanajaan-1024x724.jpg 1024w, https:\/\/muraste.ee\/vana\/wp-content\/uploads\/2016\/03\/vaanajaan-300x212.jpg 300w, https:\/\/muraste.ee\/vana\/wp-content\/uploads\/2016\/03\/vaanajaan-768x543.jpg 768w, https:\/\/muraste.ee\/vana\/wp-content\/uploads\/2016\/03\/vaanajaan-624x441.jpg 624w, https:\/\/muraste.ee\/vana\/wp-content\/uploads\/2016\/03\/vaanajaan.jpg 2048w\" sizes=\"(max-width: 625px) 100vw, 625px\" \/><\/a><\/p>\n<p><span style=\"color: #ff6600;\"><strong>TULEKUL!<a href=\"https:\/\/muraste.ee\/vana\/wp-content\/uploads\/2016\/03\/Jaanirullike-25.06.18.jpg\" rel=\"attachment wp-att-5732\"><img decoding=\"async\" loading=\"lazy\" class=\"alignnone size-large wp-image-5732\" src=\"https:\/\/muraste.ee\/vana\/wp-content\/uploads\/2016\/03\/Jaanirullike-25.06.18-709x1024.jpg\" alt=\"Jaanirullike 25.06.18\" width=\"625\" height=\"903\" srcset=\"https:\/\/muraste.ee\/vana\/wp-content\/uploads\/2016\/03\/Jaanirullike-25.06.18-709x1024.jpg 709w, https:\/\/muraste.ee\/vana\/wp-content\/uploads\/2016\/03\/Jaanirullike-25.06.18-208x300.jpg 208w, https:\/\/muraste.ee\/vana\/wp-content\/uploads\/2016\/03\/Jaanirullike-25.06.18-624x901.jpg 624w, https:\/\/muraste.ee\/vana\/wp-content\/uploads\/2016\/03\/Jaanirullike-25.06.18.jpg 720w\" sizes=\"(max-width: 625px) 100vw, 625px\" \/><\/a><br \/>\n<\/strong><\/span><\/p>\n<p><span style=\"color: #800080;\"><strong>HARKU VALLA KAUNIS KODU 2018<\/strong><\/span><\/p>\n<p>Meie koduk\u00fclas on l\u00e4bi aastate olnud tunnustust v\u00e4\u00e4rivaid ja juba tunnustuse p\u00e4lvinud imelisi koduaedasid. Taas on v\u00f5imalus saada osa suurep\u00e4rasest aiakunstist ning esitada oma v\u00f5i hea naabri kaunis kodu\/aed heakorrakonkursile.\u00a0<a href=\"https:\/\/muraste.ee\/vana\/wp-content\/uploads\/2016\/03\/aed.png\" rel=\"attachment wp-att-5739\"><img decoding=\"async\" loading=\"lazy\" class=\"alignnone size-full wp-image-5739\" src=\"https:\/\/muraste.ee\/vana\/wp-content\/uploads\/2016\/03\/aed.png\" alt=\"aed\" width=\"670\" height=\"960\" srcset=\"https:\/\/muraste.ee\/vana\/wp-content\/uploads\/2016\/03\/aed.png 670w, https:\/\/muraste.ee\/vana\/wp-content\/uploads\/2016\/03\/aed-209x300.png 209w, https:\/\/muraste.ee\/vana\/wp-content\/uploads\/2016\/03\/aed-624x894.png 624w\" sizes=\"(max-width: 670px) 100vw, 670px\" \/><\/a><\/p>\n<p><strong><span style=\"color: #0000ff;\">SOOVITAME!<\/span><\/strong><\/p>\n<p>Nelja Valla Kogu piirkonna (Harku, Saku, Saue, Kiili vald) <strong>ettev\u00f5tjate arenguseminar<\/strong> ja <strong>2018 II Leader- taotlusvooru infop\u00e4ev<\/strong> toimub 2. augustil Saku vallas Kajamaa k\u00fclas asuvas K\u00fcla villas. Kel huvi, saab osaleda. Rohkem infot saab <span style=\"color: #ff0000;\"><strong><a style=\"color: #ff0000;\" href=\"http:\/\/www.4kogu.ee\/node\/376\" target=\"_blank\">SIIT<\/a>.<\/strong><\/span><\/p>\n<p><span style=\"color: #0000ff;\"><strong>Head mikroettev\u00f5tjad ja turismiarendajad<\/strong> <\/span>&#8211; n\u00fc\u00fcd on teil v\u00f5imalus viia ellu m\u00f5ni unistus: Nelja Valla Kogu kuulutas v\u00e4lja 2018.a II <strong>taotlusvooru<\/strong> just teile! T\u00e4psem info <strong><span style=\"color: #ff0000;\"><a style=\"color: #ff0000;\" href=\"http:\/\/www.4kogu.ee\/node\/390\" target=\"_blank\">SIIT<\/a><\/span><\/strong>!<\/p>\n<p><span style=\"color: #ff6600;\"><strong>PALUME ABI!\u00a0<a href=\"https:\/\/muraste.ee\/vana\/wp-content\/uploads\/2016\/03\/m\u00e4ngu.jpg\" rel=\"attachment wp-att-5740\"><img decoding=\"async\" loading=\"lazy\" class=\"size-medium wp-image-5740 alignright\" src=\"https:\/\/muraste.ee\/vana\/wp-content\/uploads\/2016\/03\/m\u00e4ngu-225x300.jpg\" alt=\"m\u00e4ngu\" width=\"225\" height=\"300\" srcset=\"https:\/\/muraste.ee\/vana\/wp-content\/uploads\/2016\/03\/m\u00e4ngu-225x300.jpg 225w, https:\/\/muraste.ee\/vana\/wp-content\/uploads\/2016\/03\/m\u00e4ngu-624x832.jpg 624w, https:\/\/muraste.ee\/vana\/wp-content\/uploads\/2016\/03\/m\u00e4ngu.jpg 720w\" sizes=\"(max-width: 225px) 100vw, 225px\" \/><\/a><br \/>\n<\/strong><span style=\"color: #000080;\">Hea Muraste elanik,<\/span><br \/>\n<span style=\"color: #000080;\">meie k\u00fcla m\u00e4nguv\u00e4ljak on juba mitu aastat lapsi r\u00f5\u00f5mustanud, kuid vajab n\u00fc\u00fcd pisut hoolitsevat k\u00e4tt. Pildil olev post vajab v\u00e4ljavahetamist, et lastel ka edaspidi oleks ohutu turnida ja m\u00e4ngida. Materjalid ja vahendid tagab vajadusel k\u00fclaselts, lisaks on vaja vaba tahet, oskust ning aega.\u00a0<\/span><br \/>\n<span style=\"color: #000080;\">Kellel v\u00f5imalus appi tulla, andke k\u00fclaseltsile teada (muraste@muraste.ee v\u00f5i 5253128).\u00a0<\/span><br \/>\n<span style=\"color: #000080;\">Lapsed ja k\u00fcla on abi eest t\u00e4nulikud!<\/span><br \/>\n<strong><br \/>\nN\u00c4ITUS SAADAVAL!<\/strong><\/span><\/p>\n<\/div>\n<\/header>\n<div class=\"entry-content\" style=\"text-align: left;\">\n<p>Kui kellelgi on soovi oma ruumides eksponeerida n\u00e4itust\u00a0\u00a0&#8220;<strong><a href=\"https:\/\/muraste.ee\/vana\/?p=5228\" target=\"_blank\">Tuulepealne maa &#8211; siin on sinu kodu<\/a><\/strong>&#8221; siis andke endast teada kogukonnakeskus@muraste.ee. N\u00e4itus koosneb 10st roll-up stendist.<\/p>\n<p><span style=\"color: #ff6600;\"><strong style=\"color: #99cc00;\">TEADETETAHVEL<\/strong><\/span><\/p>\n<div class=\"text_exposed_show\"><\/div>\n<\/div>\n<header class=\"entry-header\">\n<div class=\"entry-content\">\n<div class=\"_1mf _1mj\" data-offset-key=\"cki46-0-0\">\n<div class=\"_1mf _1mj\" data-offset-key=\"cki46-0-0\"><strong><span style=\"color: #339966;\"><img decoding=\"async\" loading=\"lazy\" class=\"size-medium wp-image-3740 alignright\" src=\"https:\/\/muraste.ee\/vana\/wp-content\/uploads\/2016\/03\/stend-300x224.jpg\" sizes=\"(max-width: 300px) 100vw, 300px\" srcset=\"https:\/\/muraste.ee\/vana\/wp-content\/uploads\/2016\/03\/stend-300x224.jpg 300w, https:\/\/muraste.ee\/vana\/wp-content\/uploads\/2016\/03\/stend-768x572.jpg 768w, https:\/\/muraste.ee\/vana\/wp-content\/uploads\/2016\/03\/stend-1024x763.jpg 1024w, https:\/\/muraste.ee\/vana\/wp-content\/uploads\/2016\/03\/stend-624x465.jpg 624w, https:\/\/muraste.ee\/vana\/wp-content\/uploads\/2016\/03\/stend.jpg 1300w\" alt=\"stend\" width=\"300\" height=\"224\" \/><\/span><\/strong><\/div>\n<div class=\"_1mf _1mj\" data-offset-key=\"cki46-0-0\"><strong>Soovid avaldada oma reklaami<\/strong>\u00a0meie infokanalites? Juhised on\u00a0<strong>siin<\/strong>!<\/div>\n<div class=\"_1mf _1mj\" data-offset-key=\"cki46-0-0\"><strong>Soovid kasutada<\/strong>\u00a0m\u00f5nd Muraste k\u00fclaseltsi poolt pakutavat<strong>\u00a0teenust<\/strong>? V\u00f5imalused on<strong>\u00a0siin!<\/strong><\/div>\n<div class=\"_1mf _1mj\" data-offset-key=\"cki46-0-0\"><\/div>\n<div class=\"_1mf _1mj\" data-offset-key=\"cki46-0-0\"><\/div>\n<p><strong>Teadmiseks:\u00a0<\/strong>Muraste igan\u00e4dalase e-infokirjaga liitumiseks saada sellekohane teade muraste@muraste.ee<br \/>\n<strong>Muraste kogukonnakeskus\u00a0<\/strong>(Lee tee 9, Muraste) avatud E-N 10 -18, R 10-16.<br \/>\n<strong>T\u00e4psustused ja info:<\/strong>\u00a0kogukonnakeskus@muraste.ee;\u00a05253128 (Aule Kikas).<\/p>\n<\/div>\n<\/div>\n<\/header>\n","protected":false},"excerpt":{"rendered":"<p>SUVI\u00a02018 MURASTES* * AT- koolimaja aatrium, SP- spordihoone; KO-kogukonnakeskus; \u00a0 KL- klassiruum; Teisip\u00e4ev,\u00a018.juuni kl\u00a011\u00a0Eesti Leader Liidu \u00fcldkoosolek (Muraste K\u00fclaselts on Leader-tegevusgrupi liige) J\u00e4rvamaal, Albus kl 18.30 KL,\u00a0Inglise keele kursus edasij\u00f5udnutele\u00a0(tase B 1.2 -B 2.1).\u00a0Juhendab marethein@gmail.com, tel 56575575. kl 19 V\u00f5rkpall kl 19 AT, Seltskonnatantsude hooaja l\u00f5petamine Kolmap\u00e4ev, 20. juuni kl\u00a019 KL, \u00a0Inglise keele kursus\u00a0uuesti alustajatele<a class=\"moretag\" href=\"https:\/\/muraste.ee\/vana\/?page_id=5758\"><br \/>&#8230;Loe edasi<\/a><\/p>\n","protected":false},"author":2,"featured_media":0,"parent":0,"menu_order":0,"comment_status":"closed","ping_status":"closed","template":"nadalakava.php","meta":{"_bbp_topic_count":0,"_bbp_reply_count":0,"_bbp_total_topic_count":0,"_bbp_total_reply_count":0,"_bbp_voice_count":0,"_bbp_anonymous_reply_count":0,"_bbp_topic_count_hidden":0,"_bbp_reply_count_hidden":0,"_bbp_forum_subforum_count":0,"_mc_calendar":[]},"_links":{"self":[{"href":"https:\/\/muraste.ee\/vana\/index.php?rest_route=\/wp\/v2\/pages\/5758"}],"collection":[{"href":"https:\/\/muraste.ee\/vana\/index.php?rest_route=\/wp\/v2\/pages"}],"about":[{"href":"https:\/\/muraste.ee\/vana\/index.php?rest_route=\/wp\/v2\/types\/page"}],"author":[{"embeddable":true,"href":"https:\/\/muraste.ee\/vana\/index.php?rest_route=\/wp\/v2\/users\/2"}],"replies":[{"embeddable":true,"href":"https:\/\/muraste.ee\/vana\/index.php?rest_route=%2Fwp%2Fv2%2Fcomments&post=5758"}],"version-history":[{"count":2,"href":"https:\/\/muraste.ee\/vana\/index.php?rest_route=\/wp\/v2\/pages\/5758\/revisions"}],"predecessor-version":[{"id":5761,"href":"https:\/\/muraste.ee\/vana\/index.php?rest_route=\/wp\/v2\/pages\/5758\/revisions\/5761"}],"wp:attachment":[{"href":"https:\/\/muraste.ee\/vana\/index.php?rest_route=%2Fwp%2Fv2%2Fmedia&parent=5758"}],"curies":[{"name":"wp","href":"https:\/\/api.w.org\/{rel}","templated":true}]}}