{"id":5790,"date":"2018-08-17T11:28:23","date_gmt":"2018-08-17T08:28:23","guid":{"rendered":"https:\/\/muraste.ee\/vana\/?page_id=5790"},"modified":"2018-08-17T11:28:23","modified_gmt":"2018-08-17T08:28:23","slug":"suvi-murastes","status":"publish","type":"page","link":"https:\/\/muraste.ee\/vana\/?page_id=5790","title":{"rendered":"Suvi Murastes"},"content":{"rendered":"<div id=\"primary\" class=\"site-content\">\n<div id=\"content\">\n<article id=\"post-945\" class=\"post-945 page type-page status-publish has-post-thumbnail hentry\">\n<div class=\"entry-content\">\n<header class=\"entry-header\">\n<h1 class=\"entry-title\"><strong>SUVI\u00a02018\u00a0MURASTES*<\/strong><\/h1>\n<div class=\"entry-content\"><\/div>\n<div class=\"entry-content\"><\/div>\n<div class=\"entry-content\"><em>* AT- koolimaja aatrium, SP- spordihoone; KO-kogukonnakeskus; \u00a0 KL- klassiruum;<br \/>\n<\/em><img decoding=\"async\" loading=\"lazy\" class=\"wp-image-5732 size-medium alignright\" src=\"https:\/\/muraste.ee\/vana\/wp-content\/uploads\/2016\/03\/Jaanirullike-25.06.18-208x300.jpg\" sizes=\"(max-width: 208px) 100vw, 208px\" srcset=\"https:\/\/muraste.ee\/vana\/wp-content\/uploads\/2016\/03\/Jaanirullike-25.06.18-208x300.jpg 208w, https:\/\/muraste.ee\/vana\/wp-content\/uploads\/2016\/03\/Jaanirullike-25.06.18-709x1024.jpg 709w, https:\/\/muraste.ee\/vana\/wp-content\/uploads\/2016\/03\/Jaanirullike-25.06.18-624x901.jpg 624w\" alt=\"Jaanirullike 25.06.18\" width=\"208\" height=\"300\" \/><br \/>\n<strong>Esmasp\u00e4ev, 25. juuni<\/strong><br \/>\nkl 19\u00a0<strong>UUS!\u00a0<\/strong>Muraste Liikumisklubi \u201cLihtsalt Liikuma!\u201d kutsub k\u00f5iki \u00a0Jaanirullikesele!<\/div>\n<div class=\"entry-content\"><\/div>\n<div class=\"entry-content\"><\/div>\n<div class=\"entry-content\"><\/div>\n<div class=\"entry-content\"><strong>Teisip\u00e4ev, 26.juuni<br \/>\n<\/strong>kl\u00a011 Loode-Eesti piirkonna\u00a0<strong>Leader \u2013 tegevusgruppide turismikoosolek<\/strong>\u00a0Vasalemmas (Muraste K\u00fclaselts on\u00a0<strong><a href=\"http:\/\/www.4kogu.ee\/\" target=\"_blank\">Leader-tegevusgrupi<\/a>\u00a0<\/strong>liige).<\/div>\n<div class=\"entry-content\">kl 18.30 K0,\u00a0<strong>Inglise keele kursus edasij\u00f5udnutele\u00a0<\/strong>(tase B 1.2 -B 2.1).\u00a0Juhendab marethein@gmail.com, tel 56575575.<\/div>\n<div class=\"entry-content\">\n<p>kl 19\u00a0<strong>V\u00f5rkpall<\/strong><\/p>\n<div class=\"entry-content\"><strong>Kolmap\u00e4ev, 27. juuni<\/strong><\/div>\n<\/div>\n<div class=\"entry-content\">\n<p>kl\u00a019 KO, \u00a0<strong>Inglise keele kursus<\/strong>\u00a0uuesti alustajatele ja algajatele. Lisainfo \u00a0juhendajalt tel 56575575 (Maret Hein).<\/p>\n<p>kl 18.30 (alates)\u00a0<strong>UUS!<\/strong>\u00a0\u00a0<strong>T\u00d6\u00d6- Ja M\u00d5TTE<\/strong><strong>TALGUD<\/strong>\u00a0Muraste paeplatsil. Kaasa labidas, reha, jalga kummikud ja selga tahma mittepelgavad riided. Teeme koos korda l\u00f5kkeplatsi, kohendame grilli-aset ning t\u00f6\u00f6 k\u00f5rvale peame plaani: kuidas edasi?\u00a0<strong>K\u00d5IK HOOLIVAD ABIK\u00c4ED ON OODATUD!<\/strong><\/p>\n<\/div>\n<div class=\"entry-content\"><\/div>\n<div class=\"entry-content\"><strong>Neljap\u00e4ev, 21. juuni<br \/>\n<\/strong>kl\u00a019.00\u00a0KO,\u00a0Inglise keele\u00a0kursus edasij\u00f5udnutele\u00a0(tase A2-B 1.1) \u00a0Juhendab marethein@gmail.com, tel 56575575.<a href=\"https:\/\/muraste.ee\/vana\/wp-content\/uploads\/2016\/03\/jaanik.jpg\" rel=\"attachment wp-att-5742\"><br \/>\n<\/a><\/div>\n<div class=\"entry-content\"><\/div>\n<div class=\"entry-content\"><\/div>\n<\/header>\n<header class=\"entry-header\">\n<div class=\"entry-content\">\n<p>&nbsp;<\/p>\n<p><strong>REKLAAMINURK<\/strong><\/p>\n<p><a href=\"https:\/\/muraste.ee\/vana\/wp-content\/uploads\/2016\/03\/Aialilled.jpg\" rel=\"attachment wp-att-5763\"><img decoding=\"async\" loading=\"lazy\" class=\"alignnone size-large wp-image-5763\" src=\"https:\/\/muraste.ee\/vana\/wp-content\/uploads\/2016\/03\/Aialilled-1024x683.jpg\" sizes=\"(max-width: 625px) 100vw, 625px\" srcset=\"https:\/\/muraste.ee\/vana\/wp-content\/uploads\/2016\/03\/Aialilled-300x200.jpg 300w, https:\/\/muraste.ee\/vana\/wp-content\/uploads\/2016\/03\/Aialilled-768x512.jpg 768w, https:\/\/muraste.ee\/vana\/wp-content\/uploads\/2016\/03\/Aialilled-1024x683.jpg 1024w, https:\/\/muraste.ee\/vana\/wp-content\/uploads\/2016\/03\/Aialilled-624x416.jpg 624w, https:\/\/muraste.ee\/vana\/wp-content\/uploads\/2016\/03\/Aialilled.jpg 1280w\" alt=\"Aialilled\" width=\"625\" height=\"417\" \/><br \/>\n<\/a>Link lillevalikule on\u00a0<a href=\"https:\/\/www.flickr.com\/photos\/140416509@N06\/sets\/72157696500680954\/with\/29039116948\/\" target=\"_blank\">SIIN<\/a><\/p>\n<p><strong>TULEKUL!<br \/>\n<\/strong><\/p>\n<p><strong>HARKU VALLA KAUNIS KODU 2018<\/strong><\/p>\n<p>Meie koduk\u00fclas on l\u00e4bi aastate olnud tunnustust v\u00e4\u00e4rivaid ja juba tunnustuse p\u00e4lvinud imelisi koduaedasid. Taas on v\u00f5imalus saada osa suurep\u00e4rasest aiakunstist ning esitada oma v\u00f5i hea naabri kaunis kodu\/aed heakorrakonkursile.\u00a0<a href=\"https:\/\/muraste.ee\/vana\/wp-content\/uploads\/2016\/03\/aed.png\" rel=\"attachment wp-att-5739\"><img decoding=\"async\" loading=\"lazy\" class=\"alignnone size-full wp-image-5739\" src=\"https:\/\/muraste.ee\/vana\/wp-content\/uploads\/2016\/03\/aed.png\" sizes=\"(max-width: 670px) 100vw, 670px\" srcset=\"https:\/\/muraste.ee\/vana\/wp-content\/uploads\/2016\/03\/aed-624x894.png 624w, https:\/\/muraste.ee\/vana\/wp-content\/uploads\/2016\/03\/aed.png 670w\" alt=\"aed\" width=\"670\" height=\"960\" \/><\/a><\/p>\n<p>&nbsp;<\/p>\n<p><strong>SOOVITAME!<\/strong><\/p>\n<p>Nelja Valla Kogu piirkonna (Harku, Saku, Saue, Kiili vald)\u00a0<strong>ettev\u00f5tjate arenguseminar<\/strong>\u00a0ja\u00a0<strong>2018 II Leader- taotlusvooru infop\u00e4ev<\/strong>\u00a0toimub 2. augustil Saku vallas Kajamaa k\u00fclas asuvas K\u00fcla villas. Kel huvi, saab osaleda. Rohkem infot saab\u00a0<strong><a href=\"http:\/\/www.4kogu.ee\/node\/376\" target=\"_blank\">SIIT<\/a>.<\/strong><\/p>\n<p><strong>Head mikroettev\u00f5tjad ja turismiarendajad<\/strong>\u00a0\u2013 n\u00fc\u00fcd on teil v\u00f5imalus viia ellu m\u00f5ni unistus: Nelja Valla Kogu kuulutas v\u00e4lja 2018.a II\u00a0<strong>taotlusvooru<\/strong>\u00a0just teile! T\u00e4psem info\u00a0<strong><a href=\"http:\/\/www.4kogu.ee\/node\/390\" target=\"_blank\">SIIT<\/a><\/strong>!<\/p>\n<p>&nbsp;<\/p>\n<p><strong>PALUME ABI!\u00a0<a href=\"https:\/\/muraste.ee\/vana\/wp-content\/uploads\/2016\/03\/m%C3%A4ngu.jpg\" rel=\"attachment wp-att-5740\"><img decoding=\"async\" loading=\"lazy\" class=\"size-medium wp-image-5740 alignright\" src=\"https:\/\/muraste.ee\/vana\/wp-content\/uploads\/2016\/03\/m%C3%A4ngu-225x300.jpg\" sizes=\"(max-width: 225px) 100vw, 225px\" srcset=\"https:\/\/muraste.ee\/vana\/wp-content\/uploads\/2016\/03\/m\u00e4ngu-225x300.jpg 225w, https:\/\/muraste.ee\/vana\/wp-content\/uploads\/2016\/03\/m\u00e4ngu-624x832.jpg 624w, https:\/\/muraste.ee\/vana\/wp-content\/uploads\/2016\/03\/m\u00e4ngu.jpg 720w\" alt=\"m\u00e4ngu\" width=\"225\" height=\"300\" \/><\/a><br \/>\n<\/strong>Hea Muraste elanik,<br \/>\nmeie k\u00fcla m\u00e4nguv\u00e4ljak on juba mitu aastat lapsi r\u00f5\u00f5mustanud, kuid vajab n\u00fc\u00fcd pisut hoolitsevat k\u00e4tt. Pildil olev post vajab v\u00e4ljavahetamist, et lastel ka edaspidi oleks ohutu turnida ja m\u00e4ngida. Materjalid ja vahendid tagab vajadusel k\u00fclaselts, lisaks on vaja vaba tahet, oskust ning aega.<br \/>\nKellel v\u00f5imalus appi tulla, andke k\u00fclaseltsile teada (muraste@muraste.ee v\u00f5i 5253128).<br \/>\nLapsed ja k\u00fcla on abi eest t\u00e4nulikud!<br \/>\n<strong><br \/>\nN\u00c4ITUS SAADAVAL!<\/strong><\/p>\n<\/div>\n<\/header>\n<div class=\"entry-content\">\n<p>Kui kellelgi on soovi oma ruumides eksponeerida n\u00e4itust\u00a0\u00a0\u201c<strong><a href=\"https:\/\/muraste.ee\/vana\/?p=5228\" target=\"_blank\">Tuulepealne maa \u2013 siin on sinu kodu<\/a><\/strong>\u201d siis andke endast teada kogukonnakeskus@muraste.ee. N\u00e4itus koosneb 10st roll-up stendist.<\/p>\n<p><strong>TUHAT T\u00c4NU!<\/strong><\/p>\n<p>Tuhat t\u00e4nu V\u00e4\u00e4na Seltsi perele ja eriti perenaisele Enelile ning V\u00e4\u00e4na kandi rahvale hubase-koduse jaani\u00f5htu korraldamise eest; vallavanemale v\u00f5idutule toomise ja jaanituledeks jagamise eest, koduk\u00fcla rahvale osalemise ees, Ilmataadile imelise jaani\u00f5htu ilma eest!<br \/>\n<a href=\"https:\/\/muraste.ee\/vana\/wp-content\/uploads\/2016\/03\/jaan1.jpg\" rel=\"attachment wp-att-5766\"><img decoding=\"async\" loading=\"lazy\" class=\"alignnone size-full wp-image-5766\" src=\"https:\/\/muraste.ee\/vana\/wp-content\/uploads\/2016\/03\/jaan1.jpg\" sizes=\"(max-width: 640px) 100vw, 640px\" srcset=\"https:\/\/muraste.ee\/vana\/wp-content\/uploads\/2016\/03\/jaan1-200x300.jpg 200w, https:\/\/muraste.ee\/vana\/wp-content\/uploads\/2016\/03\/jaan1-624x936.jpg 624w, https:\/\/muraste.ee\/vana\/wp-content\/uploads\/2016\/03\/jaan1.jpg 640w\" alt=\"jaan1\" width=\"640\" height=\"960\" \/><\/a><\/p>\n<p><strong>TEADETETAHVEL<\/strong><\/p>\n<div class=\"text_exposed_show\"><\/div>\n<\/div>\n<header class=\"entry-header\">\n<div class=\"entry-content\">\n<div class=\"_1mf _1mj\" data-offset-key=\"cki46-0-0\">\n<div class=\"_1mf _1mj\" data-offset-key=\"cki46-0-0\"><strong><img decoding=\"async\" loading=\"lazy\" class=\"size-medium wp-image-3740 alignright\" src=\"https:\/\/muraste.ee\/vana\/wp-content\/uploads\/2016\/03\/stend-300x224.jpg\" sizes=\"(max-width: 300px) 100vw, 300px\" srcset=\"https:\/\/muraste.ee\/vana\/wp-content\/uploads\/2016\/03\/stend-300x224.jpg 300w, https:\/\/muraste.ee\/vana\/wp-content\/uploads\/2016\/03\/stend-768x572.jpg 768w, https:\/\/muraste.ee\/vana\/wp-content\/uploads\/2016\/03\/stend-1024x763.jpg 1024w, https:\/\/muraste.ee\/vana\/wp-content\/uploads\/2016\/03\/stend-624x465.jpg 624w, https:\/\/muraste.ee\/vana\/wp-content\/uploads\/2016\/03\/stend.jpg 1300w\" alt=\"stend\" width=\"300\" height=\"224\" \/><\/strong><\/div>\n<div class=\"_1mf _1mj\" data-offset-key=\"cki46-0-0\"><strong>Soovid avaldada oma reklaami<\/strong>\u00a0meie infokanalites? Juhised on\u00a0<strong>siin<\/strong>!<\/div>\n<div class=\"_1mf _1mj\" data-offset-key=\"cki46-0-0\"><strong>Soovid kasutada<\/strong>\u00a0m\u00f5nd Muraste k\u00fclaseltsi poolt pakutavat<strong>\u00a0teenust<\/strong>? V\u00f5imalused on<strong>\u00a0siin!<\/strong><\/div>\n<div class=\"_1mf _1mj\" data-offset-key=\"cki46-0-0\"><\/div>\n<div class=\"_1mf _1mj\" data-offset-key=\"cki46-0-0\"><\/div>\n<p><strong>Teadmiseks:\u00a0<\/strong>Muraste igan\u00e4dalase e-infokirjaga liitumiseks saada sellekohane teade muraste@muraste.ee<br \/>\n<strong>Muraste kogukonnakeskus\u00a0<\/strong>(Lee tee 9, Muraste) avatud E-N 10 -18, R 10-16.<br \/>\n<strong>T\u00e4psustused ja info:<\/strong>\u00a0kogukonnakeskus@muraste.ee;\u00a05253128 (Aule Kikas).<\/p>\n<\/div>\n<\/div>\n<\/header>\n<\/div>\n<\/article>\n<\/div>\n<\/div>\n<div id=\"custom-sidebar\"><\/div>\n","protected":false},"excerpt":{"rendered":"<p>SUVI\u00a02018\u00a0MURASTES* * AT- koolimaja aatrium, SP- spordihoone; KO-kogukonnakeskus; \u00a0 KL- klassiruum; Esmasp\u00e4ev, 25. juuni kl 19\u00a0UUS!\u00a0Muraste Liikumisklubi \u201cLihtsalt Liikuma!\u201d kutsub k\u00f5iki \u00a0Jaanirullikesele! Teisip\u00e4ev, 26.juuni kl\u00a011 Loode-Eesti piirkonna\u00a0Leader \u2013 tegevusgruppide turismikoosolek\u00a0Vasalemmas (Muraste K\u00fclaselts on\u00a0Leader-tegevusgrupi\u00a0liige). kl 18.30 K0,\u00a0Inglise keele kursus edasij\u00f5udnutele\u00a0(tase B 1.2 -B 2.1).\u00a0Juhendab marethein@gmail.com, tel 56575575. kl 19\u00a0V\u00f5rkpall Kolmap\u00e4ev, 27. juuni kl\u00a019 KO, \u00a0Inglise keele<a class=\"moretag\" href=\"https:\/\/muraste.ee\/vana\/?page_id=5790\"><br \/>&#8230;Loe edasi<\/a><\/p>\n","protected":false},"author":2,"featured_media":0,"parent":0,"menu_order":0,"comment_status":"closed","ping_status":"closed","template":"nadalakava.php","meta":{"_bbp_topic_count":0,"_bbp_reply_count":0,"_bbp_total_topic_count":0,"_bbp_total_reply_count":0,"_bbp_voice_count":0,"_bbp_anonymous_reply_count":0,"_bbp_topic_count_hidden":0,"_bbp_reply_count_hidden":0,"_bbp_forum_subforum_count":0,"_mc_calendar":[]},"_links":{"self":[{"href":"https:\/\/muraste.ee\/vana\/index.php?rest_route=\/wp\/v2\/pages\/5790"}],"collection":[{"href":"https:\/\/muraste.ee\/vana\/index.php?rest_route=\/wp\/v2\/pages"}],"about":[{"href":"https:\/\/muraste.ee\/vana\/index.php?rest_route=\/wp\/v2\/types\/page"}],"author":[{"embeddable":true,"href":"https:\/\/muraste.ee\/vana\/index.php?rest_route=\/wp\/v2\/users\/2"}],"replies":[{"embeddable":true,"href":"https:\/\/muraste.ee\/vana\/index.php?rest_route=%2Fwp%2Fv2%2Fcomments&post=5790"}],"version-history":[{"count":1,"href":"https:\/\/muraste.ee\/vana\/index.php?rest_route=\/wp\/v2\/pages\/5790\/revisions"}],"predecessor-version":[{"id":5792,"href":"https:\/\/muraste.ee\/vana\/index.php?rest_route=\/wp\/v2\/pages\/5790\/revisions\/5792"}],"wp:attachment":[{"href":"https:\/\/muraste.ee\/vana\/index.php?rest_route=%2Fwp%2Fv2%2Fmedia&parent=5790"}],"curies":[{"name":"wp","href":"https:\/\/api.w.org\/{rel}","templated":true}]}}