{"id":5886,"date":"2018-09-09T19:56:50","date_gmt":"2018-09-09T16:56:50","guid":{"rendered":"https:\/\/muraste.ee\/vana\/?page_id=5886"},"modified":"2018-09-09T19:57:18","modified_gmt":"2018-09-09T16:57:18","slug":"5886-2","status":"publish","type":"page","link":"https:\/\/muraste.ee\/vana\/?page_id=5886","title":{"rendered":"N\u00e4dal 36"},"content":{"rendered":"<header class=\"entry-header\">\n<h1 class=\"entry-title\" style=\"text-align: center;\"><span style=\"color: #ff6600;\"><strong><span style=\"color: #008000;\">N\u00c4DAL 36 MURASTES<br \/>\n3. &#8211; 9. september 2018<\/span>\u00a0*<br \/>\n<\/strong><\/span><\/h1>\n<div class=\"entry-content\"><\/div>\n<div class=\"entry-content\" style=\"text-align: left;\"><span style=\"color: #808080;\"><em>* AT- koolimaja aatrium, SP- spordihoone; KO-kogukonnakeskus; \u00a0 KL- klassiruum;<br \/>\n<\/em><\/span><br \/>\n<strong><span style=\"color: #99cc00;\">Esmasp\u00e4ev, 3. september<br \/>\n<\/span><\/strong><span style=\"color: #000000;\">19.00 SP, V\u00f5rkpall<\/span><\/div>\n<div class=\"entry-content\" style=\"text-align: left;\"><\/div>\n<div class=\"entry-content\" style=\"text-align: left;\"><\/div>\n<div class=\"entry-content\" style=\"text-align: left;\"><\/div>\n<div class=\"entry-content\" style=\"text-align: left;\">\n<p><span style=\"color: #ff9900;\"><strong><span style=\"color: #99cc00;\">Teisip\u00e4ev, 4. september<br \/>\n<\/span><\/strong><\/span>kl 18.30 KL,\u00a0<strong>Inglise keele kursus \u00a0<\/strong>(kesktase B 1.2).\u00a0Lisainfo \u00a0juhendajalt tel 56575575 v\u00f5i marethein@gmail.com (Maret Hein).<br \/>\nkl 19.45 AT,\u00a0<strong>Seltskonnatantsude harjutustund<\/strong>\u2013 v\u00f5imalus \u00f5pitut kinnistada ja toredas seltskonnas jalga keerutada.<br \/>\n<strong>UUS TANTSUKURSUS TULEKUL! 25. septembril<\/strong>\u00a0algab uus seltskonnatantsu kursus algajatele! (vt posterilt t\u00e4psemat infot)<\/p>\n<p><span style=\"color: #99cc00;\"><strong>Kolmap\u00e4ev, 5. september<br \/>\n<\/strong><span style=\"color: #000000;\">kl 18. 30 KO,<\/span><strong> \u00a0<span style=\"color: #ff0000;\">UUS!<\/span>\u00a0<\/strong><\/span>5. september kell 18.30 <strong>Muraste kohviklubi.<\/strong> Loe lisa <span style=\"color: #000000;\"><em><strong><a style=\"color: #000000;\" href=\"https:\/\/muraste.ee\/vana\/?p=5819\" target=\"_blank\"><span style=\"color: #ff0000;\">SIIT<\/span><\/a><a href=\"https:\/\/muraste.ee\/vana\/wp-content\/uploads\/2018\/08\/s\u00e4ttima.jpg\" rel=\"attachment wp-att-5822\"><img decoding=\"async\" loading=\"lazy\" class=\"size-medium wp-image-5822 alignright\" src=\"https:\/\/muraste.ee\/vana\/wp-content\/uploads\/2018\/08\/s\u00e4ttima-300x169.jpg\" alt=\"s\u00e4ttima\" width=\"300\" height=\"169\" srcset=\"https:\/\/muraste.ee\/vana\/wp-content\/uploads\/2018\/08\/s\u00e4ttima-300x169.jpg 300w, https:\/\/muraste.ee\/vana\/wp-content\/uploads\/2018\/08\/s\u00e4ttima-768x432.jpg 768w, https:\/\/muraste.ee\/vana\/wp-content\/uploads\/2018\/08\/s\u00e4ttima-1024x576.jpg 1024w, https:\/\/muraste.ee\/vana\/wp-content\/uploads\/2018\/08\/s\u00e4ttima-624x351.jpg 624w, https:\/\/muraste.ee\/vana\/wp-content\/uploads\/2018\/08\/s\u00e4ttima-128x72.jpg 128w, https:\/\/muraste.ee\/vana\/wp-content\/uploads\/2018\/08\/s\u00e4ttima.jpg 1280w\" sizes=\"(max-width: 300px) 100vw, 300px\" \/><\/a><\/strong><\/em><\/span><em><strong><br \/>\n<\/strong>S\u00fcgis-talvise hooaja esimesel kohtumisel on v\u00f5imalus\u00a0tulla kohale k\u00f5igil juhatuse liikmetel ja k\u00fclaseltsi liikmetel\/k\u00fclaelanikel, kel m\u00f5ni unistus vajab teoks tegemist v\u00f5i mure jagamist. Ehitame \u00fcheskoos \u00f5hulosse ja purjetame unistuste ookeanil \u2013 pole v\u00f5imatut, kui tahta ja tegutseda eesm\u00e4rgi nimel. Koos teame rohkem, koos teeme rohkem, koos muudame k\u00fcla paremaks.<strong><br \/>\n<\/strong><\/em>kl\u00a019 KL, \u00a0<strong>Inglise keele kursus<\/strong>\u00a0(algtase A2) uuesti alustajatele ja algajatele. Lisainfo \u00a0juhendajalt tel 56575575 v\u00f5i marethein@gmail.com (Maret Hein).<\/p>\n<\/div>\n<div class=\"entry-content\" style=\"text-align: left;\">\n<p><strong><span style=\"color: #ff6600;\"><span style=\"color: #99cc00;\">Neljap\u00e4ev, 6. september<br \/>\n<\/span><\/span><\/strong>kl\u00a019.00\u00a0KO,\u00a0Inglise keele\u00a0kursus edasij\u00f5udnutele\u00a0(Eel-kestase B 1.1) \u00a0Lisainfo \u00a0juhendajalt tel 56575575 v\u00f5i marethein@gmail.com (Maret Hein).<\/p>\n<p><strong><span style=\"color: #99cc00;\">Reede, 7. september<\/span><\/strong><br \/>\nkl 19 AT, <span style=\"color: #ff0000;\"><strong>UUS!<\/strong>\u00a0<\/span><strong>Kogupere f<\/strong><strong>ilmi\u00f5htu:<\/strong> \u00a0<strong>Timm Thaler ehk m\u00fc\u00fcdud naer.<\/strong><br \/>\nEsimest koolin\u00e4dalat j\u00e4\u00e4b l\u00f5petama tore, s\u00fcdamlikult seikluslik koguperefilm &#8220;Timm Thaler ehk m\u00fc\u00fcdud naer&#8221;.<br \/>\n<em>Timm Thaler on vaene, aga ta naerab palju ja tihti. Ta naer on nii lummav ja nakatav, et kuratlik parun Lefuet tahab seda iga hinna eest endale. Maailma rikkaim mees teebki poisile pakkumise: kui Tim n\u00f5ustub talle oma naeru m\u00fc\u00fcma, v\u00f5idab ta iga kihlveo, mis ta kunagi s\u00f5lmima peaks.\u00a0<\/em><br \/>\n<em>Algul l\u00f6\u00f6b poiss k\u00f5hklema, kuid kirjutab siiski lepingule alla. N\u00fc\u00fcd t\u00e4ituvad k\u00f5ik tema soovid, kuid ilma naeruta on ta hoopis teine inimene. Ta kaotab k\u00f5ik oma s\u00f5brad peale Ida ja hotelli baarmen Kreschimiri. Koos loodavad nad Timi paruni k\u00fc\u00fcsist p\u00e4\u00e4sta ja kavalusega poisile tema haruldane naer tagasi saada.<br \/>\n<\/em>Filmi pikkus: <b>1h 42 min. Treiler vaatamiseks <a href=\"https:\/\/www.youtube.com\/watch?v=cRi_wDvK6ww\" target=\"_blank\">SIIN<\/a><br \/>\n<a href=\"https:\/\/muraste.ee\/vana\/wp-content\/uploads\/2016\/03\/Estinfilm_Timm-Thaler_670x250.jpg\" rel=\"attachment wp-att-5855\"><img decoding=\"async\" loading=\"lazy\" class=\"alignnone size-full wp-image-5855\" src=\"https:\/\/muraste.ee\/vana\/wp-content\/uploads\/2016\/03\/Estinfilm_Timm-Thaler_670x250.jpg\" alt=\"Estinfilm_Timm-Thaler_670x250\" width=\"670\" height=\"250\" srcset=\"https:\/\/muraste.ee\/vana\/wp-content\/uploads\/2016\/03\/Estinfilm_Timm-Thaler_670x250.jpg 670w, https:\/\/muraste.ee\/vana\/wp-content\/uploads\/2016\/03\/Estinfilm_Timm-Thaler_670x250-300x112.jpg 300w, https:\/\/muraste.ee\/vana\/wp-content\/uploads\/2016\/03\/Estinfilm_Timm-Thaler_670x250-624x233.jpg 624w\" sizes=\"(max-width: 670px) 100vw, 670px\" \/><\/a><br \/>\n<\/b><\/p>\n<p><strong><span style=\"color: #99cc00;\">LAUP\u00c4EV, 8. september<\/span><\/strong><br \/>\nKl 16 \u00a0<strong>loeng \u201cLoodus ja p\u00e4rimus Muraste hiiemetsas\u201d<\/strong>, teemat avab Val Rajasaar, \u00fcrituse korraldab Muraste Looduskool. Kogunemine Muraste m\u00f5isa juures.<br \/>\nLisainfo: Val Rajasaar, 5158379. Lisalugemist <a href=\"https:\/\/www.keskkonnaharidus.ee\/sugisesed-looduskeskuste-paevad-terve-eesti\/\" target=\"_blank\">SIIT<\/a><\/p>\n<p><strong><span style=\"color: #99cc00;\">P\u00fchap\u00e4ev, 9. september<\/span><\/strong><br \/>\nkl 17 AT, \u00a0Suurupi Naiskoor <strong>Meretule<\/strong> proov<\/p>\n<p><strong><span style=\"color: #339966;\">M U R A S T E S \u00a0L\u00c4HIAJAL \u00a0 T U L E K U L<\/span><\/strong><\/p>\n<ul>\n<li>15. septembril olete palutud <strong>Muraste hiide sillatalgutele.\u00a0\u00a0<\/strong>Rohkem saad lugeda\u00a0<strong><a href=\"https:\/\/muraste.ee\/vana\/?p=5870\" target=\"_blank\">SIIT<\/a><\/strong><\/li>\n<li>\n<div class=\"\" data-block=\"true\" data-editor=\"bv4rr\" data-offset-key=\"5cp2q-0-0\">\n<div class=\"_1mf _1mj\" data-offset-key=\"5cp2q-0-0\"><span data-offset-key=\"5cp2q-0-0\"><span data-text=\"true\"><strong>Harku Valla Aiaseltsi<\/strong> rohen\u00e4pud kutsuvad huvilisi 16.septembril <strong>Tartu Botaanikaaeda ja Luuale<\/strong> &#8211; ees on ootamas huvitav ja hariv reis. Kasutage head v\u00f5imalust!\u00a0Uuri lisa plalatilt!\u00a0<\/span><\/span><\/div>\n<\/div>\n<div class=\"_1mf _1mj\" data-offset-key=\"5cp2q-0-0\"><\/div>\n<\/li>\n<li>\n<div class=\"_1mf _1mj\" data-offset-key=\"5cp2q-0-0\">17. septembril kell 18.30 kutsub <strong>Muraste Liikumisklubi \u00fchisliikumisele &#8220;Samm ja ramm&#8221;<\/strong> Lihtsalt liikuma!<\/div>\n<\/li>\n<\/ul>\n<\/div>\n<div class=\"entry-content\" style=\"text-align: left;\">\n<ul>\n<li>26. septembril alustab <strong>PRAKTILISE LILLESEADE KURSUS<\/strong>. T\u00e4psemalt loe <strong><a href=\"https:\/\/muraste.ee\/vana\/?p=5843\" target=\"_blank\">SIIT.<\/a><\/strong><\/li>\n<li>25. septembril alustab<strong> SELTSKONNATANTSU ALGAJATE KURSUS.<\/strong><\/li>\n<li>5. oktoober uus Eesti film: <strong>P\u00d5RGU JAAN\u00a0<\/strong><\/li>\n<li><\/li>\n<li><strong><a href=\"https:\/\/muraste.ee\/vana\/wp-content\/uploads\/2016\/03\/Tartu_aiareis_16.09.18-page-0.jpg\" rel=\"attachment wp-att-5867\"><img decoding=\"async\" loading=\"lazy\" class=\"size-medium wp-image-5867 alignleft\" src=\"https:\/\/muraste.ee\/vana\/wp-content\/uploads\/2016\/03\/Tartu_aiareis_16.09.18-page-0-212x300.jpg\" alt=\"Tartu_aiareis_16.09.18-page-0\" width=\"212\" height=\"300\" srcset=\"https:\/\/muraste.ee\/vana\/wp-content\/uploads\/2016\/03\/Tartu_aiareis_16.09.18-page-0-212x300.jpg 212w, https:\/\/muraste.ee\/vana\/wp-content\/uploads\/2016\/03\/Tartu_aiareis_16.09.18-page-0-768x1086.jpg 768w, https:\/\/muraste.ee\/vana\/wp-content\/uploads\/2016\/03\/Tartu_aiareis_16.09.18-page-0-724x1024.jpg 724w, https:\/\/muraste.ee\/vana\/wp-content\/uploads\/2016\/03\/Tartu_aiareis_16.09.18-page-0-624x882.jpg 624w\" sizes=\"(max-width: 212px) 100vw, 212px\" \/>\u00a0\u00a0<\/a><a href=\"https:\/\/muraste.ee\/vana\/wp-content\/uploads\/2016\/03\/yhisliikumine-sept.jpg\" rel=\"attachment wp-att-5877\"><img decoding=\"async\" loading=\"lazy\" class=\"alignnone size-medium wp-image-5877\" src=\"https:\/\/muraste.ee\/vana\/wp-content\/uploads\/2016\/03\/yhisliikumine-sept-208x300.jpg\" alt=\"yhisliikumine sept\" width=\"208\" height=\"300\" srcset=\"https:\/\/muraste.ee\/vana\/wp-content\/uploads\/2016\/03\/yhisliikumine-sept-208x300.jpg 208w, https:\/\/muraste.ee\/vana\/wp-content\/uploads\/2016\/03\/yhisliikumine-sept-624x902.jpg 624w, https:\/\/muraste.ee\/vana\/wp-content\/uploads\/2016\/03\/yhisliikumine-sept.jpg 664w\" sizes=\"(max-width: 208px) 100vw, 208px\" \/><\/a><\/strong><\/li>\n<\/ul>\n<\/div>\n<\/header>\n<header class=\"entry-header\">\n<div class=\"entry-content\" style=\"text-align: left;\">\n<p><a href=\"https:\/\/muraste.ee\/vana\/wp-content\/uploads\/2016\/03\/revalia_muraste_A4.jpg\" rel=\"attachment wp-att-5800\"><img decoding=\"async\" loading=\"lazy\" class=\"alignnone size-large wp-image-5800\" src=\"https:\/\/muraste.ee\/vana\/wp-content\/uploads\/2016\/03\/revalia_muraste_A4-724x1024.jpg\" alt=\"revalia_muraste_A4\" width=\"625\" height=\"884\" srcset=\"https:\/\/muraste.ee\/vana\/wp-content\/uploads\/2016\/03\/revalia_muraste_A4-724x1024.jpg 724w, https:\/\/muraste.ee\/vana\/wp-content\/uploads\/2016\/03\/revalia_muraste_A4-212x300.jpg 212w, https:\/\/muraste.ee\/vana\/wp-content\/uploads\/2016\/03\/revalia_muraste_A4-768x1086.jpg 768w, https:\/\/muraste.ee\/vana\/wp-content\/uploads\/2016\/03\/revalia_muraste_A4-624x882.jpg 624w\" sizes=\"(max-width: 625px) 100vw, 625px\" \/><\/a><\/p>\n<p><span style=\"color: #ff6600;\"><strong>N\u00c4ITUS SAADAVAL!<\/strong><\/span><\/p>\n<\/div>\n<\/header>\n<div class=\"entry-content\" style=\"text-align: left;\">\n<p>Kui kellelgi on soovi oma ruumides eksponeerida n\u00e4itust\u00a0\u00a0&#8220;<strong><a href=\"https:\/\/muraste.ee\/vana\/?p=5228\" target=\"_blank\">Tuulepealne maa &#8211; siin on sinu kodu<\/a><\/strong>&#8221; siis andke endast teada kogukonnakeskus@muraste.ee. N\u00e4itus koosneb 10st roll-up stendist.<\/p>\n<p><strong><span style=\"color: #ff0000;\">H\u00c4ID EMOTSIOONE\u00a0<a href=\"https:\/\/muraste.ee\/vana\/wp-content\/uploads\/2016\/03\/evelin.jpg\" rel=\"attachment wp-att-5798\"><img decoding=\"async\" loading=\"lazy\" class=\"size-medium wp-image-5798 alignright\" src=\"https:\/\/muraste.ee\/vana\/wp-content\/uploads\/2016\/03\/evelin-156x300.jpg\" alt=\"evelin\" width=\"156\" height=\"300\" srcset=\"https:\/\/muraste.ee\/vana\/wp-content\/uploads\/2016\/03\/evelin-156x300.jpg 156w, https:\/\/muraste.ee\/vana\/wp-content\/uploads\/2016\/03\/evelin.jpg 500w\" sizes=\"(max-width: 156px) 100vw, 156px\" \/><\/a><\/span><\/strong><\/p>\n<div id=\"js_i57\" class=\"_5pbx userContent _3576\" data-ft=\"{&quot;tn&quot;:&quot;K&quot;}\">\n<div id=\"id_5b768f8fba9be2535483224\" class=\"text_exposed_root text_exposed\">\n<p>Augustikuu\u00a0t\u00f5i p\u00f5nevat kaasaelamist meie Nimetule N\u00e4item\u00e4nguseltskonnale. Nimelt andis Tallinnas toimuva Birgitta festivali korraldusmeeskond v\u00f5imaluse ka meie n\u00e4item\u00e4ngurahvale festivali avaetenduses, Giacomi Puccini ooperis &#8220;Boheem&#8221; kaasal\u00f6\u00f6miseks.<br \/>\nKonkursis\u00f5ela l\u00e4bis Evelin Tiirik, kehastudes k\u00f5rtsiemandaks, kes lavalaudadel (<em>\u00fcllatus-\u00fcllatus:)<\/em>) m\u00e4ngleva kergusega pea kohale t\u00f5stetud kandikuga ringi liugles, laudu kraamis ja peategelase k\u00e4estki (aaria saatel) kinni hoidis<span class=\"text_exposed_show\">\u00a0ning end t\u00f5eliselt h\u00e4sti tundis:)<br \/>\nEvelin ise kirjeldas kogetut \u00fcliv\u00f5rdes: Itaalias tegutseva Puccini teatri suurep\u00e4rase lavastaja k\u00e4e all rahvusvaheliste ooperilauljatega \u00fchist lava jagada, kogu lavakujundus ja kost\u00fc\u00fcmid Itaaliast, saalis m\u00f5lemal etendusel \u00fcle tuhande ooperis\u00f5bra &#8211; see k\u00f5lab nagu muinasjutt:)<br \/>\nAit\u00e4h meie soovitajale ja Filarmoonia rahvale usalduse ja v\u00f5maluse eest! Evelin, sinu \u00fcle tunneme siirast r\u00f5\u00f5mu!<br \/>\nUus n\u00e4item\u00e4nguhooaeg ka koduk\u00fclas algab \u00fcsna pea ning kes teab, mis j\u00e4rgmiseks \u00fcllatuseks-v\u00e4ljakutseks olema saab;);)<\/span><\/p>\n<\/div>\n<\/div>\n<div class=\"_3x-2\" data-ft=\"{&quot;tn&quot;:&quot;H&quot;}\"><\/div>\n<p><span style=\"color: #ff6600;\"><strong style=\"color: #99cc00;\">TEADETETAHVEL<\/strong><\/span><\/p>\n<div class=\"text_exposed_show\">\u00a0<a href=\"https:\/\/muraste.ee\/vana\/wp-content\/uploads\/2016\/03\/stend.jpg\" rel=\"attachment wp-att-3740\"><img decoding=\"async\" loading=\"lazy\" class=\"size-medium wp-image-3740 alignright\" src=\"https:\/\/muraste.ee\/vana\/wp-content\/uploads\/2016\/03\/stend-300x224.jpg\" alt=\"stend\" width=\"300\" height=\"224\" srcset=\"https:\/\/muraste.ee\/vana\/wp-content\/uploads\/2016\/03\/stend-300x224.jpg 300w, https:\/\/muraste.ee\/vana\/wp-content\/uploads\/2016\/03\/stend-768x572.jpg 768w, https:\/\/muraste.ee\/vana\/wp-content\/uploads\/2016\/03\/stend-1024x763.jpg 1024w, https:\/\/muraste.ee\/vana\/wp-content\/uploads\/2016\/03\/stend-624x465.jpg 624w, https:\/\/muraste.ee\/vana\/wp-content\/uploads\/2016\/03\/stend.jpg 1300w\" sizes=\"(max-width: 300px) 100vw, 300px\" \/><\/a><\/div>\n<\/div>\n<header class=\"entry-header\">\n<div class=\"entry-content\">\n<div class=\"_1mf _1mj\" data-offset-key=\"cki46-0-0\">\n<div class=\"_1mf _1mj\" data-offset-key=\"cki46-0-0\"><strong><span style=\"color: #339966;\"><img decoding=\"async\" loading=\"lazy\" class=\"size-medium wp-image-3740 alignright\" src=\"https:\/\/muraste.ee\/vana\/wp-content\/uploads\/2016\/03\/stend-300x224.jpg\" sizes=\"(max-width: 300px) 100vw, 300px\" srcset=\"https:\/\/muraste.ee\/vana\/wp-content\/uploads\/2016\/03\/stend-300x224.jpg 300w, https:\/\/muraste.ee\/vana\/wp-content\/uploads\/2016\/03\/stend-768x572.jpg 768w, https:\/\/muraste.ee\/vana\/wp-content\/uploads\/2016\/03\/stend-1024x763.jpg 1024w, https:\/\/muraste.ee\/vana\/wp-content\/uploads\/2016\/03\/stend-624x465.jpg 624w, https:\/\/muraste.ee\/vana\/wp-content\/uploads\/2016\/03\/stend.jpg 1300w\" alt=\"stend\" width=\"300\" height=\"224\" \/><\/span><\/strong><\/div>\n<div class=\"_1mf _1mj\" data-offset-key=\"cki46-0-0\"><strong>Soovid avaldada oma reklaami<\/strong>\u00a0meie infokanalites? Juhised on\u00a0<strong>siin<\/strong>!<\/div>\n<div class=\"_1mf _1mj\" data-offset-key=\"cki46-0-0\"><strong>Soovid kasutada<\/strong>\u00a0m\u00f5nd Muraste k\u00fclaseltsi poolt pakutavat<strong>\u00a0teenust<\/strong>? V\u00f5imalused on<strong>\u00a0siin!<\/strong><\/div>\n<div class=\"_1mf _1mj\" data-offset-key=\"cki46-0-0\"><\/div>\n<div class=\"_1mf _1mj\" data-offset-key=\"cki46-0-0\"><\/div>\n<p><strong>Teadmiseks:\u00a0<\/strong>Muraste igan\u00e4dalase e-infokirjaga liitumiseks saada sellekohane teade muraste@muraste.ee<br \/>\n<strong>Muraste kogukonnakeskus\u00a0<\/strong>(Lee tee 9, Muraste) avatud E-N 10 -18, R 10-16.<br \/>\n<strong>T\u00e4psustused ja info:<\/strong>\u00a0kogukonnakeskus@muraste.ee;\u00a05253128 (Aule Kikas).<\/p>\n<\/div>\n<\/div>\n<\/header>\n","protected":false},"excerpt":{"rendered":"<p>N\u00c4DAL 36 MURASTES 3. &#8211; 9. september 2018\u00a0* * AT- koolimaja aatrium, SP- spordihoone; KO-kogukonnakeskus; \u00a0 KL- klassiruum; Esmasp\u00e4ev, 3. september 19.00 SP, V\u00f5rkpall Teisip\u00e4ev, 4. september kl 18.30 KL,\u00a0Inglise keele kursus \u00a0(kesktase B 1.2).\u00a0Lisainfo \u00a0juhendajalt tel 56575575 v\u00f5i marethein@gmail.com (Maret Hein). kl 19.45 AT,\u00a0Seltskonnatantsude harjutustund\u2013 v\u00f5imalus \u00f5pitut kinnistada ja toredas seltskonnas jalga keerutada. UUS<a class=\"moretag\" href=\"https:\/\/muraste.ee\/vana\/?page_id=5886\"><br \/>&#8230;Loe edasi<\/a><\/p>\n","protected":false},"author":2,"featured_media":0,"parent":0,"menu_order":0,"comment_status":"closed","ping_status":"closed","template":"nadalakava.php","meta":{"_bbp_topic_count":0,"_bbp_reply_count":0,"_bbp_total_topic_count":0,"_bbp_total_reply_count":0,"_bbp_voice_count":0,"_bbp_anonymous_reply_count":0,"_bbp_topic_count_hidden":0,"_bbp_reply_count_hidden":0,"_bbp_forum_subforum_count":0,"_mc_calendar":[]},"_links":{"self":[{"href":"https:\/\/muraste.ee\/vana\/index.php?rest_route=\/wp\/v2\/pages\/5886"}],"collection":[{"href":"https:\/\/muraste.ee\/vana\/index.php?rest_route=\/wp\/v2\/pages"}],"about":[{"href":"https:\/\/muraste.ee\/vana\/index.php?rest_route=\/wp\/v2\/types\/page"}],"author":[{"embeddable":true,"href":"https:\/\/muraste.ee\/vana\/index.php?rest_route=\/wp\/v2\/users\/2"}],"replies":[{"embeddable":true,"href":"https:\/\/muraste.ee\/vana\/index.php?rest_route=%2Fwp%2Fv2%2Fcomments&post=5886"}],"version-history":[{"count":2,"href":"https:\/\/muraste.ee\/vana\/index.php?rest_route=\/wp\/v2\/pages\/5886\/revisions"}],"predecessor-version":[{"id":5889,"href":"https:\/\/muraste.ee\/vana\/index.php?rest_route=\/wp\/v2\/pages\/5886\/revisions\/5889"}],"wp:attachment":[{"href":"https:\/\/muraste.ee\/vana\/index.php?rest_route=%2Fwp%2Fv2%2Fmedia&parent=5886"}],"curies":[{"name":"wp","href":"https:\/\/api.w.org\/{rel}","templated":true}]}}