{"id":5910,"date":"2018-09-16T10:16:00","date_gmt":"2018-09-16T07:16:00","guid":{"rendered":"https:\/\/muraste.ee\/vana\/?page_id=5910"},"modified":"2018-09-16T10:16:00","modified_gmt":"2018-09-16T07:16:00","slug":"nadal-37-4","status":"publish","type":"page","link":"https:\/\/muraste.ee\/vana\/?page_id=5910","title":{"rendered":"N\u00e4dal 37"},"content":{"rendered":"<header class=\"entry-header\">\n<h1 class=\"entry-title\" style=\"text-align: center;\"><span style=\"color: #ff6600;\"><strong><span style=\"color: #800080;\">N\u00c4DAL 37 MURASTES<br \/>\n10. &#8211; 16. september 2018<\/span>\u00a0*<br \/>\n<\/strong><\/span><\/h1>\n<div class=\"entry-content\"><\/div>\n<div class=\"entry-content\" style=\"text-align: left;\"><span style=\"color: #808080;\"><em>* AT- koolimaja aatrium, SP- spordihoone; KO-kogukonnakeskus; \u00a0 KL- klassiruum;<br \/>\n<\/em><\/span><br \/>\n<strong><span style=\"color: #99cc00;\"><span style=\"color: #800080;\">Esmasp\u00e4ev, 10. september<\/span><br \/>\n<\/span><\/strong><span style=\"color: #000000;\">kl 14.40 <strong>Fa Stuudio kandlering<\/strong> (lapsed, algajad)<strong><br \/>\n<\/strong>kl 17.30 KO, v<strong>\u00e4ikekandleansambel LiULi<\/strong><br \/>\nkl 18.30 <strong>Graafikaring<\/strong> (alates 17.sept), juhendab graafik Lembe Ruben<\/span><\/div>\n<div class=\"entry-content\" style=\"text-align: left;\"><span style=\"color: #000000;\">kl 19.00 SP, <strong>V\u00f5rkpall<\/strong><\/span><\/div>\n<div class=\"entry-content\" style=\"text-align: left;\">kl 19 AT, S<strong>uurupi naiskoor Meretule<\/strong><br \/>\nkl 19 KO, <strong>v\u00e4ikekandleansambel LiULi<\/strong> \u00a0(t\u00e4iskasvanud, algajate grupp)<\/div>\n<div class=\"entry-content\" style=\"text-align: left;\"><\/div>\n<div class=\"entry-content\" style=\"text-align: left;\"><span style=\"color: #ffffff;\">.<\/span><\/div>\n<div class=\"entry-content\" style=\"text-align: left;\"><\/div>\n<div class=\"entry-content\" style=\"text-align: left;\">\n<p><span style=\"color: #ff9900;\"><strong><span style=\"color: #99cc00;\"><span style=\"color: #800080;\">Teisip\u00e4ev, 11\u00a0september<\/span><br \/>\n<\/span><\/strong><\/span>kl 14.40 KO, Fa Stuudio <strong>fl\u00f6\u00f6diring<\/strong><span style=\"color: #ff9900;\"><strong><span style=\"color: #99cc00;\"><br \/>\n<\/span><\/strong><\/span>kl 18.30 KL,\u00a0<strong>Inglise keele kursus \u00a0<\/strong>(kesktase B 1.2).\u00a0Lisainfo \u00a0juhendajalt tel 56575575 v\u00f5i marethein@gmail.com (Maret Hein).<br \/>\nkl 18.30 KO, <strong>Naiskodukaitse<\/strong> Harku jaoskond, koosolek.<br \/>\nkl 19.45 AT,\u00a0<strong>Seltskonnatantsude harjutustund<\/strong>\u2013 v\u00f5imalus \u00f5pitut kinnistada ja toredas seltskonnas jalga keerutada.<br \/>\n<strong>UUS TANTSUKURSUS TULEKUL! 25. septembril<\/strong>\u00a0algab uus seltskonnatantsu kursus algajatele! (vt plakatilt t\u00e4psemat infot)<\/p>\n<p><span style=\"color: #99cc00;\"><strong><span style=\"color: #800080;\">Kolmap\u00e4ev, 12. september<\/span><br \/>\n<\/strong><span style=\"color: #000000;\">kl 14.40 Fa Stuudio <strong>kandlering<\/strong> (lapsed, edasij\u00f5udnud)<strong><br \/>\n<\/strong><\/span><\/span>kl\u00a019 KL, \u00a0<strong>Inglise keele kursus<\/strong>\u00a0(algtase A2) uuesti alustajatele ja algajatele. Lisainfo \u00a0juhendajalt tel 56575575 v\u00f5i marethein@gmail.com (Maret Hein).<\/p>\n<\/div>\n<div class=\"entry-content\" style=\"text-align: left;\">\n<p><strong><span style=\"color: #ff6600;\"><span style=\"color: #99cc00;\"><span style=\"color: #800080;\">Neljap\u00e4ev, 13. september<\/span><br \/>\n<\/span><\/span><\/strong><span style=\"color: #000000;\">kl 13.40 &#8211; (18.15) KO, <strong>Triiunu laulustuudio<\/strong><br \/>\n<\/span><span style=\"color: #000000;\">kl 19 KL, <strong>Jooga (algas oktoobrist)<br \/>\n<\/strong><\/span>kl\u00a019.00\u00a0KO,\u00a0<strong>Inglise keele\u00a0kursus<\/strong> edasij\u00f5udnutele\u00a0(Eel-kestase B 1.1) \u00a0Lisainfo \u00a0juhendajalt tel 56575575 v\u00f5i marethein@gmail.com (Maret Hein).<\/p>\n<p><span style=\"color: #800080;\"><strong>Reede, 14. september<\/strong><\/span><\/p>\n<p><strong><span style=\"color: #99cc00;\"><span style=\"color: #800080;\">Laup\u00e4ev, 15. september<\/span><br \/>\n<\/span><\/strong><span style=\"color: #99cc00;\"><span style=\"color: #000000;\">kl 11 <strong>Muraste hiie sillatalgud<\/strong>.\u00a0\u00a0Rohkem saad lugeda\u00a0<strong><a style=\"color: #000000;\" href=\"https:\/\/muraste.ee\/vana\/?p=5870\" target=\"_blank\">SIIT<\/a><\/strong><\/span><\/span><\/p>\n<p><span style=\"color: #800080;\"><strong>P\u00fchap\u00e4ev, 16. september<\/strong><\/span><br \/>\nkl 7 AT, \u00a0<strong>Harku Valla Aiaseltsi<\/strong>\u00a0v\u00e4ljas\u00f5it \u00a0<strong>Tartu Botaanikaaeda ja Luuale<\/strong> &#8211; ees on ootamas huvitav ja hariv reis. Kasutage head v\u00f5imalust!\u00a0Uuri lisa plalatilt!<\/p>\n<p><span style=\"text-decoration: underline;\"><span style=\"color: #800080;\"><strong>M U R A S T E S \u00a0L\u00c4HIAJAL \u00a0 T U L E K U L<\/strong><\/span><\/span><\/p>\n<ul>\n<li>\n<div class=\"_1mf _1mj\" data-offset-key=\"5cp2q-0-0\">17. septembril kell 18.30 kutsub <strong>Muraste Liikumisklubi \u00fchisliikumisele &#8220;SAMM JA RAMM&#8221;<\/strong> Lihtsalt liikuma!<\/div>\n<\/li>\n<li>21. oktoober kell 18 <strong>teatri\u00f5htu<\/strong>: Andrus Kivir\u00e4hk <strong>ULJAS NEITSI<\/strong> Kuusalurahva Teatri esituses<\/li>\n<li>26. septembril alustab <strong>PRAKTILISE LILLESEADE KURSUS<\/strong>. T\u00e4psemalt loe <strong><a href=\"https:\/\/muraste.ee\/vana\/?p=5843\" target=\"_blank\">SIIT.<\/a><\/strong><\/li>\n<\/ul>\n<\/div>\n<div class=\"entry-content\" style=\"text-align: left;\">\n<ul>\n<li>25. septembril alustab<strong> SELTSKONNATANTSU ALGAJATE KURSUS\u00a0<\/strong>(vt plakatit)<\/li>\n<li><span style=\"color: #99cc00;\"><span style=\"color: #000000;\">3. oktoober<\/span><\/span>\u00a0kell 18.30 <strong>MURASTE KOHVIKLUBI. <\/strong>T\u00e4psemalt loe<strong> <a href=\"https:\/\/muraste.ee\/vana\/?p=5879\" target=\"_blank\">SIIT<\/a><\/strong><\/li>\n<li><strong>\u00a0<\/strong>5. oktoober uus Eesti film:<strong> <a href=\"https:\/\/vimeo.com\/284772660\" target=\"_blank\">P\u00d5RGU JAAN<\/a><br \/>\n<\/strong><em>\u201cP\u00f5rgu Jaan\u201d on m\u00fcsteerium, mis on inspireeritud P\u00f5hjas\u00f5ja-j\u00e4rgsetest s\u00fcngetest aegadest. Rahvast on aastaid r\u00f5hunud s\u00f5da, n\u00e4lg ja katk. Saladusliku p\u00f5nevusloo peategelane on Jaan (Meelis R\u00e4mmeld), kes leitakse teadvusetult mererannalt. Jaan ei m\u00e4leta oma minevikku. Ta on v\u00f5\u00f5ras niih\u00e4sti iseendale kui inimestele enda \u00fcmber.\u00a0<\/em><em>Juhuse tahtel asub Jaan elama paruni (Andres Lepik) juurde kohalikku m\u00f5isahoonesse, kus m\u00f5ni aeg tagasi on aset leidnud \u00f5\u00f5vastav kurit\u00f6\u00f6. Ajapikku hakkavad ilmnema vihjed salap\u00e4rase v\u00f5\u00f5ra tausta ja varasemate tegude kohta. Mida teha, kui selgub, et sa oled keegi, kes sa olla ei taha?\u00a0<\/em><em><strong><br \/>\n<\/strong><\/em><\/li>\n<li>19. oktoober uus Eesti film <strong>V\u00d5TA V\u00d5I J\u00c4TA<\/strong><\/li>\n<li><strong><a href=\"https:\/\/muraste.ee\/vana\/wp-content\/uploads\/2016\/03\/Tartu_aiareis_16.09.18-page-0.jpg\" rel=\"attachment wp-att-5867\"><img decoding=\"async\" loading=\"lazy\" class=\"size-medium wp-image-5867 alignleft\" src=\"https:\/\/muraste.ee\/vana\/wp-content\/uploads\/2016\/03\/Tartu_aiareis_16.09.18-page-0-212x300.jpg\" alt=\"Tartu_aiareis_16.09.18-page-0\" width=\"212\" height=\"300\" srcset=\"https:\/\/muraste.ee\/vana\/wp-content\/uploads\/2016\/03\/Tartu_aiareis_16.09.18-page-0-212x300.jpg 212w, https:\/\/muraste.ee\/vana\/wp-content\/uploads\/2016\/03\/Tartu_aiareis_16.09.18-page-0-768x1086.jpg 768w, https:\/\/muraste.ee\/vana\/wp-content\/uploads\/2016\/03\/Tartu_aiareis_16.09.18-page-0-724x1024.jpg 724w, https:\/\/muraste.ee\/vana\/wp-content\/uploads\/2016\/03\/Tartu_aiareis_16.09.18-page-0-624x882.jpg 624w\" sizes=\"(max-width: 212px) 100vw, 212px\" \/>\u00a0\u00a0<\/a><a href=\"https:\/\/muraste.ee\/vana\/wp-content\/uploads\/2016\/03\/yhisliikumine-sept.jpg\" rel=\"attachment wp-att-5877\"><img decoding=\"async\" loading=\"lazy\" class=\"alignnone size-medium wp-image-5877\" src=\"https:\/\/muraste.ee\/vana\/wp-content\/uploads\/2016\/03\/yhisliikumine-sept-208x300.jpg\" alt=\"yhisliikumine sept\" width=\"208\" height=\"300\" srcset=\"https:\/\/muraste.ee\/vana\/wp-content\/uploads\/2016\/03\/yhisliikumine-sept-208x300.jpg 208w, https:\/\/muraste.ee\/vana\/wp-content\/uploads\/2016\/03\/yhisliikumine-sept-624x902.jpg 624w, https:\/\/muraste.ee\/vana\/wp-content\/uploads\/2016\/03\/yhisliikumine-sept.jpg 664w\" sizes=\"(max-width: 208px) 100vw, 208px\" \/><\/a><\/strong><\/li>\n<\/ul>\n<\/div>\n<\/header>\n<header class=\"entry-header\">\n<div class=\"entry-content\" style=\"text-align: left;\">\n<p><a href=\"https:\/\/muraste.ee\/vana\/wp-content\/uploads\/2016\/03\/revalia_muraste_A4.jpg\" rel=\"attachment wp-att-5800\"><img decoding=\"async\" loading=\"lazy\" class=\"alignnone size-large wp-image-5800\" src=\"https:\/\/muraste.ee\/vana\/wp-content\/uploads\/2016\/03\/revalia_muraste_A4-724x1024.jpg\" alt=\"revalia_muraste_A4\" width=\"625\" height=\"884\" srcset=\"https:\/\/muraste.ee\/vana\/wp-content\/uploads\/2016\/03\/revalia_muraste_A4-724x1024.jpg 724w, https:\/\/muraste.ee\/vana\/wp-content\/uploads\/2016\/03\/revalia_muraste_A4-212x300.jpg 212w, https:\/\/muraste.ee\/vana\/wp-content\/uploads\/2016\/03\/revalia_muraste_A4-768x1086.jpg 768w, https:\/\/muraste.ee\/vana\/wp-content\/uploads\/2016\/03\/revalia_muraste_A4-624x882.jpg 624w\" sizes=\"(max-width: 625px) 100vw, 625px\" \/><\/a><\/p>\n<p><span style=\"color: #800080;\"><strong>N\u00c4ITUS SAADAVAL!<\/strong><\/span><\/p>\n<\/div>\n<\/header>\n<div class=\"entry-content\" style=\"text-align: left;\">\n<p>Kui kellelgi on soovi oma ruumides eksponeerida n\u00e4itust\u00a0\u00a0&#8220;<strong><a href=\"https:\/\/muraste.ee\/vana\/?p=5228\" target=\"_blank\">Tuulepealne maa &#8211; siin on sinu kodu<\/a><\/strong>&#8221; siis andke endast teada kogukonnakeskus@muraste.ee. N\u00e4itus koosneb 10st roll-up stendist.<\/p>\n<p><strong><span style=\"color: #ff0000;\">\u00a0<\/span><\/strong><\/p>\n<p><span style=\"color: #ff6600;\"><strong style=\"color: #99cc00;\">TEADETETAHVEL<\/strong><\/span><\/p>\n<div class=\"text_exposed_show\">\u00a0<a href=\"https:\/\/muraste.ee\/vana\/wp-content\/uploads\/2016\/03\/stend.jpg\" rel=\"attachment wp-att-3740\"><img decoding=\"async\" loading=\"lazy\" class=\"size-medium wp-image-3740 alignright\" src=\"https:\/\/muraste.ee\/vana\/wp-content\/uploads\/2016\/03\/stend-300x224.jpg\" alt=\"stend\" width=\"300\" height=\"224\" srcset=\"https:\/\/muraste.ee\/vana\/wp-content\/uploads\/2016\/03\/stend-300x224.jpg 300w, https:\/\/muraste.ee\/vana\/wp-content\/uploads\/2016\/03\/stend-768x572.jpg 768w, https:\/\/muraste.ee\/vana\/wp-content\/uploads\/2016\/03\/stend-1024x763.jpg 1024w, https:\/\/muraste.ee\/vana\/wp-content\/uploads\/2016\/03\/stend-624x465.jpg 624w, https:\/\/muraste.ee\/vana\/wp-content\/uploads\/2016\/03\/stend.jpg 1300w\" sizes=\"(max-width: 300px) 100vw, 300px\" \/><\/a><\/div>\n<\/div>\n<header class=\"entry-header\">\n<div class=\"entry-content\">\n<div class=\"_1mf _1mj\" data-offset-key=\"cki46-0-0\">\n<div class=\"_1mf _1mj\" data-offset-key=\"cki46-0-0\"><strong><span style=\"color: #339966;\"><img decoding=\"async\" loading=\"lazy\" class=\"size-medium wp-image-3740 alignright\" src=\"https:\/\/muraste.ee\/vana\/wp-content\/uploads\/2016\/03\/stend-300x224.jpg\" sizes=\"(max-width: 300px) 100vw, 300px\" srcset=\"https:\/\/muraste.ee\/vana\/wp-content\/uploads\/2016\/03\/stend-300x224.jpg 300w, https:\/\/muraste.ee\/vana\/wp-content\/uploads\/2016\/03\/stend-768x572.jpg 768w, https:\/\/muraste.ee\/vana\/wp-content\/uploads\/2016\/03\/stend-1024x763.jpg 1024w, https:\/\/muraste.ee\/vana\/wp-content\/uploads\/2016\/03\/stend-624x465.jpg 624w, https:\/\/muraste.ee\/vana\/wp-content\/uploads\/2016\/03\/stend.jpg 1300w\" alt=\"stend\" width=\"300\" height=\"224\" \/><\/span><\/strong><\/div>\n<div class=\"_1mf _1mj\" data-offset-key=\"cki46-0-0\"><strong>Soovid avaldada oma reklaami<\/strong>\u00a0meie infokanalites? Juhised on\u00a0<strong>siin<\/strong>!<\/div>\n<div class=\"_1mf _1mj\" data-offset-key=\"cki46-0-0\"><strong>Soovid kasutada<\/strong>\u00a0m\u00f5nd Muraste k\u00fclaseltsi poolt pakutavat<strong>\u00a0teenust<\/strong>? V\u00f5imalused on<strong>\u00a0siin!<\/strong><\/div>\n<div class=\"_1mf _1mj\" data-offset-key=\"cki46-0-0\"><\/div>\n<div class=\"_1mf _1mj\" data-offset-key=\"cki46-0-0\"><\/div>\n<p><strong>Teadmiseks:\u00a0<\/strong>Muraste igan\u00e4dalase e-infokirjaga liitumiseks saada sellekohane teade muraste@muraste.ee<br \/>\n<strong>Muraste kogukonnakeskus\u00a0<\/strong>(Lee tee 9, Muraste) avatud E-N 10 -18, R 10-16.<br \/>\n<strong>T\u00e4psustused ja info:<\/strong>\u00a0kogukonnakeskus@muraste.ee;\u00a05253128 (Aule Kikas).<\/p>\n<\/div>\n<\/div>\n<\/header>\n","protected":false},"excerpt":{"rendered":"<p>N\u00c4DAL 37 MURASTES 10. &#8211; 16. september 2018\u00a0* * AT- koolimaja aatrium, SP- spordihoone; KO-kogukonnakeskus; \u00a0 KL- klassiruum; Esmasp\u00e4ev, 10. september kl 14.40 Fa Stuudio kandlering (lapsed, algajad) kl 17.30 KO, v\u00e4ikekandleansambel LiULi kl 18.30 Graafikaring (alates 17.sept), juhendab graafik Lembe Ruben kl 19.00 SP, V\u00f5rkpall kl 19 AT, Suurupi naiskoor Meretule kl 19 KO,<a class=\"moretag\" href=\"https:\/\/muraste.ee\/vana\/?page_id=5910\"><br \/>&#8230;Loe edasi<\/a><\/p>\n","protected":false},"author":2,"featured_media":0,"parent":0,"menu_order":0,"comment_status":"closed","ping_status":"closed","template":"nadalakava.php","meta":{"_bbp_topic_count":0,"_bbp_reply_count":0,"_bbp_total_topic_count":0,"_bbp_total_reply_count":0,"_bbp_voice_count":0,"_bbp_anonymous_reply_count":0,"_bbp_topic_count_hidden":0,"_bbp_reply_count_hidden":0,"_bbp_forum_subforum_count":0,"_mc_calendar":[]},"_links":{"self":[{"href":"https:\/\/muraste.ee\/vana\/index.php?rest_route=\/wp\/v2\/pages\/5910"}],"collection":[{"href":"https:\/\/muraste.ee\/vana\/index.php?rest_route=\/wp\/v2\/pages"}],"about":[{"href":"https:\/\/muraste.ee\/vana\/index.php?rest_route=\/wp\/v2\/types\/page"}],"author":[{"embeddable":true,"href":"https:\/\/muraste.ee\/vana\/index.php?rest_route=\/wp\/v2\/users\/2"}],"replies":[{"embeddable":true,"href":"https:\/\/muraste.ee\/vana\/index.php?rest_route=%2Fwp%2Fv2%2Fcomments&post=5910"}],"version-history":[{"count":1,"href":"https:\/\/muraste.ee\/vana\/index.php?rest_route=\/wp\/v2\/pages\/5910\/revisions"}],"predecessor-version":[{"id":5912,"href":"https:\/\/muraste.ee\/vana\/index.php?rest_route=\/wp\/v2\/pages\/5910\/revisions\/5912"}],"wp:attachment":[{"href":"https:\/\/muraste.ee\/vana\/index.php?rest_route=%2Fwp%2Fv2%2Fmedia&parent=5910"}],"curies":[{"name":"wp","href":"https:\/\/api.w.org\/{rel}","templated":true}]}}