{"id":5975,"date":"2018-09-23T15:48:43","date_gmt":"2018-09-23T12:48:43","guid":{"rendered":"https:\/\/muraste.ee\/vana\/?page_id=5975"},"modified":"2018-09-23T15:48:43","modified_gmt":"2018-09-23T12:48:43","slug":"nadal-38-3","status":"publish","type":"page","link":"https:\/\/muraste.ee\/vana\/?page_id=5975","title":{"rendered":"N\u00e4dal 38"},"content":{"rendered":"<p><span style=\"text-decoration: underline;\"><a href=\"https:\/\/muraste.ee\/vana\/wp-content\/uploads\/2016\/03\/viinamarjad-1-e1537083441688.jpg\" rel=\"attachment wp-att-5916\"><img decoding=\"async\" loading=\"lazy\" class=\"alignnone size-medium wp-image-5916\" src=\"https:\/\/muraste.ee\/vana\/wp-content\/uploads\/2016\/03\/viinamarjad-1-e1537083441688-300x225.jpg\" alt=\"viinamarjad\" width=\"300\" height=\"225\" srcset=\"https:\/\/muraste.ee\/vana\/wp-content\/uploads\/2016\/03\/viinamarjad-1-e1537083441688-300x225.jpg 300w, https:\/\/muraste.ee\/vana\/wp-content\/uploads\/2016\/03\/viinamarjad-1-e1537083441688-624x468.jpg 624w, https:\/\/muraste.ee\/vana\/wp-content\/uploads\/2016\/03\/viinamarjad-1-e1537083441688-768x576.jpg 768w, https:\/\/muraste.ee\/vana\/wp-content\/uploads\/2016\/03\/viinamarjad-1-e1537083441688.jpg 960w\" sizes=\"(max-width: 300px) 100vw, 300px\" \/><\/a><\/span><\/p>\n<header class=\"entry-header\">\n<h1 class=\"entry-title\"><strong>N\u00c4DAL 38 MURASTES<br \/>\n17. \u2013 23. september 2018\u00a0*<br \/>\n<\/strong><\/h1>\n<div class=\"entry-content\"><\/div>\n<div class=\"entry-content\"><em>* AT- koolimaja aatrium, SP- spordihoone; KO-kogukonnakeskus; \u00a0 KL- klassiruum;<br \/>\n<\/em><br \/>\n<strong>Esmasp\u00e4ev, 17. september<a href=\"https:\/\/muraste.ee\/vana\/wp-content\/uploads\/2016\/03\/graafikaring1.jpg\" rel=\"attachment wp-att-5924\"><img decoding=\"async\" loading=\"lazy\" class=\" wp-image-5924 alignright\" src=\"https:\/\/muraste.ee\/vana\/wp-content\/uploads\/2016\/03\/graafikaring1-300x169.jpg\" sizes=\"(max-width: 213px) 100vw, 213px\" srcset=\"https:\/\/muraste.ee\/vana\/wp-content\/uploads\/2016\/03\/graafikaring1-300x169.jpg 300w, https:\/\/muraste.ee\/vana\/wp-content\/uploads\/2016\/03\/graafikaring1-768x432.jpg 768w, https:\/\/muraste.ee\/vana\/wp-content\/uploads\/2016\/03\/graafikaring1-624x351.jpg 624w, https:\/\/muraste.ee\/vana\/wp-content\/uploads\/2016\/03\/graafikaring1-128x72.jpg 128w, https:\/\/muraste.ee\/vana\/wp-content\/uploads\/2016\/03\/graafikaring1.jpg 960w\" alt=\"graafikaring1\" width=\"213\" height=\"120\" \/><\/a><\/p>\n<p><\/strong>kl 14.40 KO,\u00a0<strong>Fa Stuudio kandlering<\/strong> (lapsed, algajad)<strong><br \/>\n<\/strong>kl 17.30 KO, <strong>V\u00e4ikekandleansambel LiULi<\/strong><br \/>\nkl 18.30 <strong>UUS T\u00c4NA!<\/strong>\u00a0<strong><a href=\"https:\/\/muraste.ee\/vana\/?p=5927\" target=\"_blank\">GRAAFIKARING<\/a><\/strong>, juhendab graafik Lembe Ruben<br \/>\nkl 16.15 SP,\u00a0Judoklubi \u201cAitado\u201d\u00a0<strong>Judo<\/strong>\u00a0(alustajad ja uuesti alustajad). \u00a0(www.aitado.ee, Edward, tel 58053039) <strong>NB! 7-9 aastased spordis\u00f5brad, veel on vabu kohti treeningr\u00fchmaga liitumiseks!<br \/>\n<\/strong>kl 17.45 SP,\u00a0Judoklubi \u201cAitado\u201d\u00a0Judo\u00a0(edasij\u00f5udnud. \u00a0(www.aitado.ee, treener Edward, tel 58053039)<strong><br \/>\n<\/strong><\/div>\n<div class=\"entry-content\">kl 19.15 SP, <strong>V\u00f5rkpall<\/strong><\/div>\n<div class=\"entry-content\">kl 19 AT, S<strong>uurupi naiskoor Meretule<\/strong><br \/>\nkl 19 KO, <strong>v\u00e4ikekandleansambel LiULi<\/strong> \u00a0(t\u00e4iskasvanud, algajate grupp)<\/div>\n<div class=\"entry-content\">kl 18.30 <strong>Muraste Liikumisklubi \u00fchisliikumine \u201cSAMM JA RAMM\u201d<\/strong> Lihtsalt liikuma!\u00a0<img decoding=\"async\" loading=\"lazy\" class=\"size-medium wp-image-5877 alignleft\" src=\"https:\/\/muraste.ee\/vana\/wp-content\/uploads\/2016\/03\/yhisliikumine-sept-208x300.jpg\" alt=\"yhisliikumine sept\" width=\"208\" height=\"300\" srcset=\"https:\/\/muraste.ee\/vana\/wp-content\/uploads\/2016\/03\/yhisliikumine-sept-208x300.jpg 208w, https:\/\/muraste.ee\/vana\/wp-content\/uploads\/2016\/03\/yhisliikumine-sept-624x902.jpg 624w, https:\/\/muraste.ee\/vana\/wp-content\/uploads\/2016\/03\/yhisliikumine-sept.jpg 664w\" sizes=\"(max-width: 208px) 100vw, 208px\" \/><\/div>\n<div class=\"entry-content\">.<\/div>\n<div class=\"entry-content\"><\/div>\n<div class=\"entry-content\">\n<p><strong>Teisip\u00e4ev, 18. september<br \/>\n<\/strong>kl 14.40 KO, Fa Stuudio <strong>fl\u00f6\u00f6diring<\/strong><strong><br \/>\n<\/strong>kl 18.30 KL,\u00a0<strong>Inglise keele kursus \u00a0<\/strong>(kesktase B 1.2).\u00a0Lisainfo \u00a0juhendajalt tel 56575575 v\u00f5i marethein@gmail.com (Maret Hein).<br \/>\nkl 19.45 AT,\u00a0<strong>Seltskonnatantsude harjutustund<\/strong>\u2013 v\u00f5imalus \u00f5pitut kinnistada ja toredas seltskonnas jalga keerutada.<br \/>\n<strong>UUS TANTSUKURSUS TULEKUL! 25. septembril<\/strong>\u00a0algab uus seltskonnatantsu kursus algajatele! (vt plakatilt t\u00e4psemat infot)<\/p>\n<p>&nbsp;<\/p>\n<p><strong>Kolmap\u00e4ev, 19. september<a href=\"https:\/\/muraste.ee\/vana\/wp-content\/uploads\/2016\/03\/show.jpg\" rel=\"attachment wp-att-5946\"><img decoding=\"async\" loading=\"lazy\" class=\"size-medium wp-image-5946 alignleft\" src=\"https:\/\/muraste.ee\/vana\/wp-content\/uploads\/2016\/03\/show-200x300.jpg\" sizes=\"(max-width: 200px) 100vw, 200px\" srcset=\"https:\/\/muraste.ee\/vana\/wp-content\/uploads\/2016\/03\/show-200x300.jpg 200w, https:\/\/muraste.ee\/vana\/wp-content\/uploads\/2016\/03\/show.jpg 480w\" alt=\"show\" width=\"200\" height=\"300\" \/><\/a><br \/>\n<\/strong>kl 14.40 KO, Fa Stuudio <strong>kandlering<\/strong> (lapsed, edasij\u00f5udnud)<strong><br \/>\n<\/strong>kl 15<strong>\u00a0UUS T\u00c4NA!\u00a0\u00a0Showtants &amp; cheerleading. Lisainfo bron@prodance.ee, tel 55577821<br \/>\n<\/strong>kl 16.15 SP,\u00a0<strong>Judoklubi \u201cAitado\u201d\u00a0Judo<\/strong>\u00a0(alustajad ja uuesti alustajad). \u00a0(www.aitado.ee, Edward, tel 58053039) NB! 7-9 aastased spordis\u00f5brad, veel on vabu kohti treeningr\u00fchmaga liitumiseks!<br \/>\nkl 17.45 SP,\u00a0<strong>Judoklubi \u201cAitado\u201d\u00a0Judo<\/strong>\u00a0(edasij\u00f5udnud. \u00a0(www.aitado.ee, treener Edward, tel 58053039)<strong><br \/>\n<\/strong>kl\u00a019 KL, \u00a0<strong>Inglise keele kursus<\/strong>\u00a0(algtase A2) uuesti alustajatele ja algajatele. Lisainfo \u00a0juhendajalt tel 56575575 v\u00f5i marethein@gmail.com (Maret Hein).<br \/>\nkl 19.30 SP,\u00a0<strong>\u00a0<\/strong>alates 3. oktoobrist<strong> \u00dcldkehalise ettevalmistuse treening.\u00a0<\/strong>Lisainfo:\u00a0<a href=\"http:\/\/motokrossipisik.eu\/saalitrennid\/\" target=\"_blank\" rel=\"noopener nofollow\" data-ft=\"{&quot;tn&quot;:&quot;-U&quot;}\" data-lynx-mode=\"async\" data-lynx-uri=\"https:\/\/l.facebook.com\/l.php?u=http%3A%2F%2Fmotokrossipisik.eu%2Fsaalitrennid%2F&amp;h=ATMtTHYPByHFd3Ejb-M_bw3_McwWuVo6SD2thhdIQy0F3YVpA_h8WkckKLGErB5uFSUlktLr926FwJ0TEtQ-jB1FBraRjZFjM3beY2s_WKOJD6YfrxE6Mt1hjwfw9ksYAGjgdHZC18BIeDnAuwSsYczTILfnnMLOzQF24cH3R6VS26raqEtS2BUg7_WQqbEtEpxp1xS_pyotI8RQyh4c32tfhGm_t2n7ldi5cdnf0XZ3A7pBLlADRaD37BfrOmuJ2do5HhcLCgaUhRx9NIHS07XqH95qhCVLIPfFZlqnktc\">http:\/\/motokrossipisik.eu\/saalitrennid\/<\/a>, hannes@motokrossipisik.ee, telefon 5296556<\/p>\n<\/div>\n<p><strong>Neljap\u00e4ev, 20. september<a href=\"https:\/\/muraste.ee\/vana\/wp-content\/uploads\/2016\/03\/n\u00e4itering-1.jpg\" rel=\"attachment wp-att-5918\"><img decoding=\"async\" loading=\"lazy\" class=\"size-medium wp-image-5918 alignright\" src=\"https:\/\/muraste.ee\/vana\/wp-content\/uploads\/2016\/03\/n\u00e4itering-1-300x212.jpg\" sizes=\"(max-width: 300px) 100vw, 300px\" srcset=\"https:\/\/muraste.ee\/vana\/wp-content\/uploads\/2016\/03\/n\u00e4itering-1-300x212.jpg 300w, https:\/\/muraste.ee\/vana\/wp-content\/uploads\/2016\/03\/n\u00e4itering-1-768x543.jpg 768w, https:\/\/muraste.ee\/vana\/wp-content\/uploads\/2016\/03\/n\u00e4itering-1-1024x724.jpg 1024w, https:\/\/muraste.ee\/vana\/wp-content\/uploads\/2016\/03\/n\u00e4itering-1-624x441.jpg 624w\" alt=\"n\u00e4itering\" width=\"300\" height=\"212\" \/><\/a><br \/>\n<\/strong>kl 13.40 \u2013 (18.15) KO, <strong>Triiunu laulustuudio<\/strong><br \/>\nkl 19 KL, <strong>Jooga (algab oktoobrist)<br \/>\n<\/strong>kl\u00a019.00\u00a0KO,\u00a0<strong>Inglise keele\u00a0kursus<\/strong> edasij\u00f5udnutele\u00a0(Eel-kestase B 1.1) \u00a0Lisainfo \u00a0juhendajalt tel 56575575 v\u00f5i marethein@gmail.com (Maret Hein).<br \/>\nkl 18.30 AT, \u00a0<strong>Nimetu N\u00e4item\u00e4nguseltskonna uus hooaeg algab 27. septembril.<\/strong> Uued ja senised n\u00e4itlejad j\u00e4lle v\u00e4ga oodatud!<\/p>\n<p><strong>Reede, 21. september<br \/>\n<\/strong>kl 15 <strong>UUS!<\/strong> \u00a0Showtants &amp; cheerleading. Lisainfo bron@prodance.ee, tel 55577821<br \/>\nkl 17.45 SP,\u00a0<strong>Judoklubi \u201cAitado\u201d\u00a0Judo<\/strong>\u00a0(edasij\u00f5udnud. \u00a0(www.aitado.ee, treener Edward, tel 58053039)<\/p>\n<p>&nbsp;<\/p>\n<p><strong>M U R A S T E S \u00a0L\u00c4HIAJAL \u00a0 T U L E K U L<\/strong><\/p>\n<ul>\n<li>25. septembril alustab<strong> SELTSKONNATANTSU ALGAJATE KURSUS\u00a0<\/strong>(vt plakatit)<\/li>\n<li>26. septembril alustab <strong>PRAKTILISE LILLESEADE KURSUS<\/strong>. T\u00e4psemalt loe <strong><a href=\"https:\/\/muraste.ee\/vana\/?p=5843\" target=\"_blank\">SIIT.<\/a>\u00a0\u00a0<\/strong><\/li>\n<li>3. oktoober\u00a0kell 18.30<strong> MURASTE KOHVIKLUBI. T\u00e4psemalt loe <a href=\"https:\/\/muraste.ee\/vana\/?p=5879\" target=\"_blank\">SIIT<\/a><\/strong><\/li>\n<li>21. oktoober kell 18.30\u00a0<strong>teatri\u00f5htu<\/strong>: Andrus Kivir\u00e4hk <strong>ULJAS NEITSI<\/strong> Kuusalurahva Teatri esituses<\/li>\n<\/ul>\n<p>&nbsp;<\/p>\n<ul>\n<li><strong>S\u00dcGIS-TALVISE HOOAJA FILMIPROGRAMM MURASTES \u00a0\u2013 J\u00c4LGIGE KALENDRIT<\/strong><\/li>\n<li><strong>\u00a0UUS!\u00a0<\/strong>5. oktoober uus Eesti film:<strong> <a href=\"https:\/\/vimeo.com\/284772660\" target=\"_blank\">P\u00d5RGU JAAN<\/a><br \/>\n<\/strong><em>\u201cP\u00f5rgu Jaan\u201d on m\u00fcsteerium, mis on inspireeritud P\u00f5hjas\u00f5ja-j\u00e4rgsetest s\u00fcngetest aegadest. Rahvast on aastaid r\u00f5hunud s\u00f5da, n\u00e4lg ja katk. Saladusliku p\u00f5nevusloo peategelane on Jaan (Meelis R\u00e4mmeld), kes leitakse teadvusetult mererannalt. Jaan ei m\u00e4leta oma minevikku. Ta on v\u00f5\u00f5ras niih\u00e4sti iseendale kui inimestele enda \u00fcmber.\u00a0<\/em><em>Juhuse tahtel asub Jaan elama paruni (Andres Lepik) juurde kohalikku m\u00f5isahoonesse, kus m\u00f5ni aeg tagasi on aset leidnud \u00f5\u00f5vastav kurit\u00f6\u00f6. Ajapikku hakkavad ilmnema vihjed salap\u00e4rase v\u00f5\u00f5ra tausta ja varasemate te<br \/>\n<\/em><em>gude kohta. Mida teha, kui selgub, et sa oled keegi, kes sa olla ei taha? \u00a0<\/em><\/li>\n<li><strong>UUS! <\/strong>19. oktoober uus Eesti film <strong><a href=\"https:\/\/www.youtube.com\/watch?v=hQO-WubwEQk\" target=\"_blank\">V\u00d5TA V\u00d5I J\u00c4TA<br \/>\n<\/a><\/strong><\/li>\n<li>TULEKUL: \u00a0uus Eesti-Islandi film <strong><a href=\"https:\/\/www.youtube.com\/watch?v=h-MTcXW67KE\" target=\"_blank\">MIHKEL<\/a><\/strong>;<\/li>\n<li>TULEKUL: \u00a0uus Rootsi eluloofilm <strong><a href=\"https:\/\/www.youtube.com\/watch?v=GbxpAAT5-3k\" target=\"_blank\">ASTRID LINDGRENI R\u00c4\u00c4KIMATA LUGU<br \/>\n<\/a><\/strong><\/li>\n<li>TULEKUL: \u00a0uus Saksamaa film lastele\u00a0<strong><a href=\"https:\/\/www.youtube.com\/watch?v=GZlCIVdgzUY\" target=\"_blank\">PAPA MOLL JA \u0161OKOLAADIVABRIK<\/a><\/strong><\/li>\n<li>TULEKUL: \u00a0uus Eesti film lastele\u00a0<strong><a href=\"https:\/\/www.youtube.com\/watch?v=7nbMkbj_CwM\" target=\"_blank\">EIA J\u00d5ULUD TONDIKATKUL<\/a><\/strong><\/li>\n<li>TULEKUL: \u00a0uus Eesti film lastele\u00a0<strong><a href=\"https:\/\/www.youtube.com\/watch?v=Y_nmkKSl0BE\" target=\"_blank\">LOTTE JA KANDUNUD LOHED<\/a><\/strong><\/li>\n<li>TULEKUL: \u00a0uus Eesti portreefilm <strong><a href=\"https:\/\/www.youtube.com\/watch?v=oiQMTtcEoPI\" target=\"_blank\">VELLO SALO: IGAP\u00c4EVAELU M\u00dcSTIKA<\/a><\/strong><\/li>\n<li>TULEKUL: \u00a0uus Eesti portreefilm <strong>MARAN<\/strong><\/li>\n<li>TULEKUL: \u00a0uus Eesti loodusfilm <strong><a href=\"https:\/\/www.youtube.com\/watch?v=u2KRllzkrvI\" target=\"_blank\">TUULTE TAHUTUD MAA<\/a><\/strong><\/li>\n<li>TULEKUL: \u00a0uus Eesti portreefilm <strong><a href=\"https:\/\/www.youtube.com\/watch?v=YLpLqY7ucmE\" target=\"_blank\">VIIMANE V\u00dcRST<\/a><\/strong><\/li>\n<li>TULEKUL: \u00a0uus Eesti portreefilm <strong>T\u00d5NU K\u00d5RVITS \u2013 LAGEDA LAULUD<\/strong><\/li>\n<li>TULEKUL: \u00a0uus Eesti portreefilm <strong>M\u00c4ED, MIDA POLNUD<\/strong><\/li>\n<li>TULEKUL: \u00a0uus animafilm \u00a0lastele <strong>TALVELUGU<\/strong><\/li>\n<li>TULEKUL: \u00a0uus Belgia film <strong>T\u00dcDRUK<\/strong><\/li>\n<li>TULEKUL: \u00a0uus UK\/USA eluloofilm <strong><a href=\"https:\/\/www.youtube.com\/watch?v=y4fWVb9l2hs\" target=\"_blank\">WHITNEY<\/a><\/strong><\/li>\n<\/ul>\n<\/header>\n<header class=\"entry-header\">\n<div class=\"entry-content\">\n<p><a href=\"https:\/\/muraste.ee\/vana\/wp-content\/uploads\/2016\/03\/revalia_muraste_A4.jpg\" rel=\"attachment wp-att-5800\"><img decoding=\"async\" loading=\"lazy\" class=\"alignnone size-large wp-image-5800\" src=\"https:\/\/muraste.ee\/vana\/wp-content\/uploads\/2016\/03\/revalia_muraste_A4-724x1024.jpg\" sizes=\"(max-width: 625px) 100vw, 625px\" srcset=\"https:\/\/muraste.ee\/vana\/wp-content\/uploads\/2016\/03\/revalia_muraste_A4-212x300.jpg 212w, https:\/\/muraste.ee\/vana\/wp-content\/uploads\/2016\/03\/revalia_muraste_A4-768x1086.jpg 768w, https:\/\/muraste.ee\/vana\/wp-content\/uploads\/2016\/03\/revalia_muraste_A4-724x1024.jpg 724w, https:\/\/muraste.ee\/vana\/wp-content\/uploads\/2016\/03\/revalia_muraste_A4-624x882.jpg 624w\" alt=\"revalia_muraste_A4\" width=\"625\" height=\"884\" \/><\/a><\/p>\n<p><strong>N\u00c4ITUS SAADAVAL!<\/strong><\/p>\n<\/div>\n<\/header>\n<div class=\"entry-content\">\n<p>Kui kellelgi on soovi oma ruumides eksponeerida n\u00e4itust\u00a0\u00a0\u201c<strong><a href=\"https:\/\/muraste.ee\/vana\/?p=5228\" target=\"_blank\">Tuulepealne maa \u2013 siin on sinu kodu<\/a><\/strong>\u201d siis andke endast teada kogukonnakeskus@muraste.ee. N\u00e4itus koosneb 10st roll-up stendist.<\/p>\n<p><strong>\u00a0PAKKUMINE!<\/p>\n<p><\/strong><em><strong>Taas on v\u00f5imalus tellida head, maitsvat talutoodangut suisa koju. Meie k\u00f5igi terviseks!\u00a0<\/strong><br \/>\nTahaks tulla vahvale<img decoding=\"async\" loading=\"lazy\" class=\"size-thumbnail wp-image-5938 alignright\" src=\"https:\/\/muraste.ee\/vana\/wp-content\/uploads\/2018\/09\/800px-Vegetables-e1537092662857-150x150.jpg\" alt=\"800px-Vegetables\" width=\"150\" height=\"150\" \/><br \/>\nMuraste kandi rahvale<br \/>\npakkuma kraami, mis hea<br \/>\nja kasvanud Eestimaa peal.<br \/>\n<strong>T\u00e4psemalt \u00a0v\u00f5imaluste kohta \u00a0loe\u00a0 <a href=\"https:\/\/muraste.ee\/vana\/?p=5935\" target=\"_blank\">S I I T<\/a><\/strong><\/em><\/p>\n<p><strong>TEADETETAHVEL<\/strong><\/p>\n<div class=\"text_exposed_show\">\u00a0<a href=\"https:\/\/muraste.ee\/vana\/wp-content\/uploads\/2016\/03\/stend.jpg\" rel=\"attachment wp-att-3740\"><img decoding=\"async\" loading=\"lazy\" class=\"size-medium wp-image-3740 alignright\" src=\"https:\/\/muraste.ee\/vana\/wp-content\/uploads\/2016\/03\/stend-300x224.jpg\" sizes=\"(max-width: 300px) 100vw, 300px\" srcset=\"https:\/\/muraste.ee\/vana\/wp-content\/uploads\/2016\/03\/stend-300x224.jpg 300w, https:\/\/muraste.ee\/vana\/wp-content\/uploads\/2016\/03\/stend-768x572.jpg 768w, https:\/\/muraste.ee\/vana\/wp-content\/uploads\/2016\/03\/stend-1024x763.jpg 1024w, https:\/\/muraste.ee\/vana\/wp-content\/uploads\/2016\/03\/stend-624x465.jpg 624w, https:\/\/muraste.ee\/vana\/wp-content\/uploads\/2016\/03\/stend.jpg 1300w\" alt=\"stend\" width=\"300\" height=\"224\" \/><\/a><\/div>\n<\/div>\n<header class=\"entry-header\">\n<div class=\"entry-content\">\n<div class=\"_1mf _1mj\" data-offset-key=\"cki46-0-0\">\n<div class=\"_1mf _1mj\" data-offset-key=\"cki46-0-0\"><strong>Soovid avaldada oma reklaami<\/strong>\u00a0meie infokanalites? Juhised on\u00a0<strong>siin<\/strong>!<\/div>\n<div class=\"_1mf _1mj\" data-offset-key=\"cki46-0-0\"><strong>Soovid kasutada<\/strong>\u00a0m\u00f5nd Muraste k\u00fclaseltsi poolt pakutavat<strong>\u00a0teenust<\/strong>? V\u00f5imalused on<strong>\u00a0siin!<\/strong><\/div>\n<div class=\"_1mf _1mj\" data-offset-key=\"cki46-0-0\"><\/div>\n<div class=\"_1mf _1mj\" data-offset-key=\"cki46-0-0\"><\/div>\n<p><strong>Teadmiseks:\u00a0<\/strong>Muraste igan\u00e4dalase e-infokirjaga liitumiseks saada sellekohane teade muraste@muraste.ee<br \/>\n<strong>Muraste kogukonnakeskus\u00a0<\/strong>(Lee tee 9, Muraste) avatud E-N 10 -18, R 10-16.<br \/>\n<strong>T\u00e4psustused ja info:<\/strong>\u00a0kogukonnakeskus@muraste.ee;\u00a05253128 (Aule Kikas).<\/p>\n<\/div>\n<\/div>\n<\/header>\n","protected":false},"excerpt":{"rendered":"<p>N\u00c4DAL 38 MURASTES 17. \u2013 23. september 2018\u00a0* * AT- koolimaja aatrium, SP- spordihoone; KO-kogukonnakeskus; \u00a0 KL- klassiruum; Esmasp\u00e4ev, 17. september kl 14.40 KO,\u00a0Fa Stuudio kandlering (lapsed, algajad) kl 17.30 KO, V\u00e4ikekandleansambel LiULi kl 18.30 UUS T\u00c4NA!\u00a0GRAAFIKARING, juhendab graafik Lembe Ruben kl 16.15 SP,\u00a0Judoklubi \u201cAitado\u201d\u00a0Judo\u00a0(alustajad ja uuesti alustajad). \u00a0(www.aitado.ee, Edward, tel 58053039) NB! 7-9 aastased<a class=\"moretag\" href=\"https:\/\/muraste.ee\/vana\/?page_id=5975\"><br \/>&#8230;Loe edasi<\/a><\/p>\n","protected":false},"author":2,"featured_media":0,"parent":0,"menu_order":0,"comment_status":"closed","ping_status":"closed","template":"nadalakava.php","meta":{"_bbp_topic_count":0,"_bbp_reply_count":0,"_bbp_total_topic_count":0,"_bbp_total_reply_count":0,"_bbp_voice_count":0,"_bbp_anonymous_reply_count":0,"_bbp_topic_count_hidden":0,"_bbp_reply_count_hidden":0,"_bbp_forum_subforum_count":0,"_mc_calendar":[]},"_links":{"self":[{"href":"https:\/\/muraste.ee\/vana\/index.php?rest_route=\/wp\/v2\/pages\/5975"}],"collection":[{"href":"https:\/\/muraste.ee\/vana\/index.php?rest_route=\/wp\/v2\/pages"}],"about":[{"href":"https:\/\/muraste.ee\/vana\/index.php?rest_route=\/wp\/v2\/types\/page"}],"author":[{"embeddable":true,"href":"https:\/\/muraste.ee\/vana\/index.php?rest_route=\/wp\/v2\/users\/2"}],"replies":[{"embeddable":true,"href":"https:\/\/muraste.ee\/vana\/index.php?rest_route=%2Fwp%2Fv2%2Fcomments&post=5975"}],"version-history":[{"count":1,"href":"https:\/\/muraste.ee\/vana\/index.php?rest_route=\/wp\/v2\/pages\/5975\/revisions"}],"predecessor-version":[{"id":5977,"href":"https:\/\/muraste.ee\/vana\/index.php?rest_route=\/wp\/v2\/pages\/5975\/revisions\/5977"}],"wp:attachment":[{"href":"https:\/\/muraste.ee\/vana\/index.php?rest_route=%2Fwp%2Fv2%2Fmedia&parent=5975"}],"curies":[{"name":"wp","href":"https:\/\/api.w.org\/{rel}","templated":true}]}}