{"id":6009,"date":"2018-09-30T09:08:33","date_gmt":"2018-09-30T06:08:33","guid":{"rendered":"https:\/\/muraste.ee\/vana\/?page_id=6009"},"modified":"2018-09-30T09:08:33","modified_gmt":"2018-09-30T06:08:33","slug":"nadal-39-3","status":"publish","type":"page","link":"https:\/\/muraste.ee\/vana\/?page_id=6009","title":{"rendered":"N\u00e4dal 39"},"content":{"rendered":"<header class=\"entry-header\">\n<h1 class=\"entry-title\"><strong><a href=\"https:\/\/muraste.ee\/vana\/wp-content\/uploads\/2016\/03\/luiged.jpg\" rel=\"attachment wp-att-5982\"><img decoding=\"async\" loading=\"lazy\" class=\"size-medium wp-image-5982 aligncenter\" src=\"https:\/\/muraste.ee\/vana\/wp-content\/uploads\/2016\/03\/luiged-300x225.jpg\" alt=\"luiged\" width=\"300\" height=\"225\" srcset=\"https:\/\/muraste.ee\/vana\/wp-content\/uploads\/2016\/03\/luiged-300x225.jpg 300w, https:\/\/muraste.ee\/vana\/wp-content\/uploads\/2016\/03\/luiged-768x576.jpg 768w, https:\/\/muraste.ee\/vana\/wp-content\/uploads\/2016\/03\/luiged-1024x768.jpg 1024w, https:\/\/muraste.ee\/vana\/wp-content\/uploads\/2016\/03\/luiged-624x468.jpg 624w, https:\/\/muraste.ee\/vana\/wp-content\/uploads\/2016\/03\/luiged.jpg 2048w\" sizes=\"(max-width: 300px) 100vw, 300px\" \/><\/a>N\u00c4DAL 39 MURASTES<br \/>\n24. \u2013 30. september 2018\u00a0*<br \/>\n<\/strong><\/h1>\n<div class=\"entry-content\"><\/div>\n<div class=\"entry-content\"><em>* AT- koolimaja aatrium, SP- spordihoone; KO-kogukonnakeskus; \u00a0 KL- klassiruum;<br \/>\n<\/em><br \/>\n<strong>Esmasp\u00e4ev, 24. september<br \/>\n<\/strong>kl 14.40 KO,\u00a0<strong>Fa Stuudio kandlering<\/strong> (lapsed, algajad)<strong><br \/>\n<\/strong>kl 16.15 SP,<strong>\u00a0Judoklubi \u201cAitado\u201d\u00a0Judo\u00a0(alustajad ja uuesti alustajad). \u00a0(www.aitado.ee, Edward, tel 58053039) NB! 7-9 aastased spordis\u00f5brad, veel on vabu kohti treeningr\u00fchmaga liitumiseks!<br \/>\n<\/strong>kl 16 KO,<strong> Nelja Valla Kogu juhatuse koosolek (<\/strong>LEADER-tegevusgrupp)<strong><br \/>\n<\/strong>kl 17.30 KL, <strong>V\u00e4ikekandleansambel LiULi<\/strong><strong><br \/>\n<\/strong>kl 17.45 SP,\u00a0Judoklubi \u201cAitado\u201d\u00a0Judo\u00a0(edasij\u00f5udnud. \u00a0(www.aitado.ee, treener Edward, tel 58053039)<strong><br \/>\n<\/strong><\/div>\n<div class=\"entry-content\">kl 19.15 SP, <strong>V\u00f5rkpall<\/strong><\/div>\n<div class=\"entry-content\">kl 19 AT, S<strong>uurupi naiskoor Meretule<\/strong><br \/>\nkl 19 KL, <strong>v\u00e4ikekandleansambel LiULi<\/strong> \u00a0(t\u00e4iskasvanud, algajate grupp<\/div>\n<div class=\"entry-content\">.<\/div>\n<div class=\"entry-content\"><\/div>\n<div class=\"entry-content\">\n<p><strong>Teisip\u00e4ev, 25.\u00a0september<img decoding=\"async\" loading=\"lazy\" class=\"wp-image-5800 size-medium alignright\" src=\"https:\/\/muraste.ee\/vana\/wp-content\/uploads\/2016\/03\/revalia_muraste_A4-212x300.jpg\" sizes=\"(max-width: 212px) 100vw, 212px\" srcset=\"https:\/\/muraste.ee\/vana\/wp-content\/uploads\/2016\/03\/revalia_muraste_A4-212x300.jpg 212w, https:\/\/muraste.ee\/vana\/wp-content\/uploads\/2016\/03\/revalia_muraste_A4-768x1086.jpg 768w, https:\/\/muraste.ee\/vana\/wp-content\/uploads\/2016\/03\/revalia_muraste_A4-724x1024.jpg 724w, https:\/\/muraste.ee\/vana\/wp-content\/uploads\/2016\/03\/revalia_muraste_A4-624x882.jpg 624w\" alt=\"revalia_muraste_A4\" width=\"212\" height=\"300\" \/><br \/>\n<\/strong>kl 14.40 KO, Fa Stuudio <strong>fl\u00f6\u00f6diring<\/strong><strong><br \/>\n<\/strong>kl 18.30 KL,\u00a0<strong>Inglise keele kursus \u00a0<\/strong>(kesktase B 1.2).\u00a0Lisainfo \u00a0juhendajalt tel 56575575 v\u00f5i marethein@gmail.com (Maret Hein).<br \/>\nkl 18.30 AT, <strong>UUS!<\/strong> S<strong>ELTSKONNATANTSU KURSUS<\/strong> alustab! Vt lisa plakatilt!<br \/>\nkl 19.45 AT,\u00a0<strong>Seltskonnatantsude harjutustund<\/strong>\u2013 v\u00f5imalus \u00f5pitut kinnistada ja toredas seltskonnas jalga keerutada.<br \/>\n<strong>UUS TANTSUKURSUS TULEKUL! 25. septembril<\/strong>\u00a0algab uus seltskonnatantsu kursus algajatele! (vt plakatilt t\u00e4psemat infot)<a href=\"https:\/\/muraste.ee\/vana\/wp-content\/uploads\/2016\/03\/show.jpg\" rel=\"attachment wp-att-5946\"><img decoding=\"async\" loading=\"lazy\" class=\"size-medium wp-image-5946 alignleft\" src=\"https:\/\/muraste.ee\/vana\/wp-content\/uploads\/2016\/03\/show-200x300.jpg\" sizes=\"(max-width: 200px) 100vw, 200px\" srcset=\"https:\/\/muraste.ee\/vana\/wp-content\/uploads\/2016\/03\/show-200x300.jpg 200w, https:\/\/muraste.ee\/vana\/wp-content\/uploads\/2016\/03\/show.jpg 480w\" alt=\"show\" width=\"200\" height=\"300\" \/><\/a><\/p>\n<p>&nbsp;<\/p>\n<p><strong>Kolmap\u00e4ev, 26. september<br \/>\n<\/strong>kl 14.40 KO, Fa Stuudio <strong>kandlering<\/strong> (lapsed, edasij\u00f5udnud)<strong><br \/>\n<\/strong>kl 15<strong>\u00a0UUS T\u00c4NA!\u00a0\u00a0Showtants &amp; cheerleading. Lisainfo bron@prodance.ee, tel 55577821<br \/>\n<\/strong>kl 16.15 SP,\u00a0<strong>Judoklubi \u201cAitado\u201d\u00a0Judo<\/strong>\u00a0(alustajad ja uuesti alustajad). \u00a0(www.aitado.ee, Edward, tel 58053039) NB! 7-9 aastased spordis\u00f5brad, veel on vabu kohti treeningr\u00fchmaga liitumiseks!<br \/>\nkl 17 KL, <strong>UUS!<\/strong>\u00a0<strong><a href=\"https:\/\/muraste.ee\/vana\/?p=5969\" target=\"_blank\">MUDELISMIRING<\/a><\/strong> algajatele. Juhendab Andres Madissoo<br \/>\nkl 18.15, <strong>UUS!<\/strong>\u00a0<strong><a href=\"https:\/\/muraste.ee\/vana\/?p=5969\" target=\"_blank\">MUDELISMIRING<\/a><\/strong> edasij\u00f5udnutele. Juhendab Andres Madissoo<br \/>\nkl 17.45 SP,\u00a0<strong>Judoklubi \u201cAitado\u201d\u00a0Judo<\/strong>\u00a0(edasij\u00f5udnud. \u00a0(www.aitado.ee, treener Edward, tel 58053039)<strong><br \/>\n<\/strong>kl 18 KO,\u00a0<strong>UUS!\u00a0PRAKTILISE LILLESEADE KURSUS<\/strong>. T\u00e4psemalt loe <strong><a href=\"https:\/\/muraste.ee\/vana\/?p=5843\" target=\"_blank\">SIIT.\u00a0<\/a><\/strong><br \/>\nkl\u00a019 KL, \u00a0<strong>Inglise keele kursus<\/strong>\u00a0(algtase A2) uuesti alustajatele ja algajatele. Lisainfo \u00a0juhendajalt tel 56575575 v\u00f5i marethein@gmail.com (Maret Hein).<br \/>\nkl 19.30 SP,\u00a0<strong>\u00a0<\/strong>alates 3. oktoobrist<strong> \u00dcldkehalise ettevalmistuse treening.\u00a0<\/strong>Lisainfo:\u00a0<a href=\"http:\/\/motokrossipisik.eu\/saalitrennid\/\" target=\"_blank\" rel=\"noopener nofollow\" data-ft=\"{&quot;tn&quot;:&quot;-U&quot;}\" data-lynx-mode=\"async\" data-lynx-uri=\"https:\/\/l.facebook.com\/l.php?u=http%3A%2F%2Fmotokrossipisik.eu%2Fsaalitrennid%2F&amp;h=ATMtTHYPByHFd3Ejb-M_bw3_McwWuVo6SD2thhdIQy0F3YVpA_h8WkckKLGErB5uFSUlktLr926FwJ0TEtQ-jB1FBraRjZFjM3beY2s_WKOJD6YfrxE6Mt1hjwfw9ksYAGjgdHZC18BIeDnAuwSsYczTILfnnMLOzQF24cH3R6VS26raqEtS2BUg7_WQqbEtEpxp1xS_pyotI8RQyh4c32tfhGm_t2n7ldi5cdnf0XZ3A7pBLlADRaD37BfrOmuJ2do5HhcLCgaUhRx9NIHS07XqH95qhCVLIPfFZlqnktc\">http:\/\/motokrossipisik.eu\/saalitrennid\/<\/a>, hannes@motokrossipisik.ee, telefon 5296556<\/p>\n<\/div>\n<p><strong>Neljap\u00e4ev, 27. september<a href=\"https:\/\/muraste.ee\/vana\/wp-content\/uploads\/2016\/03\/n\u00e4itering-1.jpg\" rel=\"attachment wp-att-5918\"><img decoding=\"async\" loading=\"lazy\" class=\"size-medium wp-image-5918 alignright\" src=\"https:\/\/muraste.ee\/vana\/wp-content\/uploads\/2016\/03\/n\u00e4itering-1-300x212.jpg\" sizes=\"(max-width: 300px) 100vw, 300px\" srcset=\"https:\/\/muraste.ee\/vana\/wp-content\/uploads\/2016\/03\/n\u00e4itering-1-300x212.jpg 300w, https:\/\/muraste.ee\/vana\/wp-content\/uploads\/2016\/03\/n\u00e4itering-1-768x543.jpg 768w, https:\/\/muraste.ee\/vana\/wp-content\/uploads\/2016\/03\/n\u00e4itering-1-1024x724.jpg 1024w, https:\/\/muraste.ee\/vana\/wp-content\/uploads\/2016\/03\/n\u00e4itering-1-624x441.jpg 624w\" alt=\"n\u00e4itering\" width=\"300\" height=\"212\" \/><br \/>\n<\/a><\/strong>kl 13.40 \u2013 (18.15) KO, <strong>Trinu laulustuudio<\/strong><br \/>\nkl 19 KL, <strong>Jooga (algab oktoobris)<br \/>\n<\/strong>kl\u00a019.00\u00a0KO,\u00a0<strong>Inglise keele\u00a0kursus<\/strong> edasij\u00f5udnutele\u00a0(eel-kesktase B 1.1) \u00a0Lisainfo \u00a0juhendajalt tel 56575575 v\u00f5i marethein@gmail.com (Maret Hein).<br \/>\nkl 18.30 AT, \u00a0<strong>UUS! NIMETU N\u00c4ITEM\u00c4NGUSELTSI UUS HOOAEG ALGAB T\u00c4NA!\u00a0<\/strong>\u00a0<em><strong>T\u00c4HELEPANU<\/strong> k\u00f5ik uued ja senised n\u00e4itlejad \u2013 Nimetu N\u00e4item\u00e4nguseltskond alustab uut hooaega. Hilineda pole viisakas. Puududa ei tohi. Meeskonda alt vedada ei saa. Tulge kindlasti \u2013 eelmisel hooajal ei kahetsenud keegi! <\/em><br \/>\n<em><strong>SEEGA:<\/strong> kel veidikegi n\u00e4itlejapisikut veres, see neljap\u00e4eval Muraste koolimaja poole sammud seab. Karta pole vaja, sest teised pelgavad ka. Lava ja Annet ja Publikut. Ja veel \u2013 (soovolinik, \u00e4ra loe) <strong>ERITI on oodatud mehed<\/strong>, sest ega neid l\u00e4binisti naistele kirjutatud lavat\u00fckke l\u00f5putult ka v\u00f5tta pole. <\/em><br \/>\n<em><strong>KOKKUV\u00d5TTEKS:<\/strong> tule ja naudi ja saa osa uuest, veelgi p\u00f6\u00f6rasemast lavahooajast!<\/em><\/p>\n<p><strong>Reede, 28. september<br \/>\n<\/strong>kl 15 <strong>UUS!<\/strong> \u00a0Showtants &amp; cheerleading. Lisainfo bron@prodance.ee, tel 55577821<br \/>\nkl 17.45 SP,\u00a0<strong>Judoklubi \u201cAitado\u201d\u00a0Judo<\/strong>\u00a0(edasij\u00f5udnud. \u00a0(www.aitado.ee, treener Edward, tel 58053039)<\/p>\n<p>&nbsp;<\/p>\n<p><strong>M U R A S T E S \u00a0L\u00c4HIAJAL \u00a0 T U L E K U L<\/strong><\/p>\n<ul>\n<li>1. oktoobril kl 18.30-20-30<strong>\u00a0<a href=\"https:\/\/muraste.ee\/vana\/?p=5927\" target=\"_blank\">GRAAFIKARING<\/a>, <\/strong>juhendab graafik Lembe Ruben\u00a0\u00a0<em>(seekord \u00a0tehakse karborundumit ja valmistatakse ette ts\u00fcanot\u00fc\u00fcpia tehnikas alused, millele ilmutada foto)<\/em><strong><br \/>\n<\/strong><\/li>\n<li>3. oktoober\u00a0kell 18.30<strong> MURASTE KOHVIKLUBI. T\u00e4psemalt loe <a href=\"https:\/\/muraste.ee\/vana\/?p=5879\" target=\"_blank\">SIIT<\/a><\/strong><\/li>\n<li>21. oktoober kell 18.30\u00a0<strong>teatri\u00f5htu<\/strong>: Andrus Kivir\u00e4hk <strong>ULJAS NEITSI<\/strong> Kuusalurahva Teatri esituses<\/li>\n<li>22. november <strong>kohtumis\u00f5htu<\/strong> \u00a0(j\u00e4lgige reklaami)<strong>.<\/strong><\/li>\n<\/ul>\n<p>.<\/p>\n<p><strong>M U R A S T E \u00a0K I N O P U N K T ESITLEB:<img decoding=\"async\" loading=\"lazy\" class=\"size-medium wp-image-5988 alignright\" src=\"https:\/\/muraste.ee\/vana\/wp-content\/uploads\/2016\/03\/kino-1-300x169.jpg\" sizes=\"(max-width: 300px) 100vw, 300px\" srcset=\"https:\/\/muraste.ee\/vana\/wp-content\/uploads\/2016\/03\/kino-1-300x169.jpg 300w, https:\/\/muraste.ee\/vana\/wp-content\/uploads\/2016\/03\/kino-1-768x432.jpg 768w, https:\/\/muraste.ee\/vana\/wp-content\/uploads\/2016\/03\/kino-1-1024x576.jpg 1024w, https:\/\/muraste.ee\/vana\/wp-content\/uploads\/2016\/03\/kino-1-624x351.jpg 624w, https:\/\/muraste.ee\/vana\/wp-content\/uploads\/2016\/03\/kino-1-128x72.jpg 128w\" alt=\"kino\" width=\"300\" height=\"169\" \/><\/strong><\/p>\n<p><strong><em>NB! L\u00c4HITULEVIKU FILMIPROGRAMM ON N\u00c4HTAV<\/em> <a href=\"https:\/\/muraste.ee\/vana\/?p=5961\" target=\"_blank\">SIIN!<\/a><\/strong><\/p>\n<ul>\n<li><strong>UUS!\u00a0<\/strong>5. oktoober kell 19 uus Eesti film:<strong><a href=\"https:\/\/vimeo.com\/284772660\" target=\"_blank\">P\u00d5RGU JAAN<\/a><br \/>\n<\/strong><em>\u201cP\u00f5rgu Jaan\u201d on m\u00fcsteerium, mis on inspireeritud P\u00f5hjas\u00f5ja-j\u00e4rgsetest s\u00fcngetest aegadest. Rahvast on aastaid r\u00f5hunud s\u00f5da, n\u00e4lg ja katk. Saladusliku p\u00f5nevusloo peategelane on Jaan (Meelis R\u00e4mmeld), kes leitakse teadvusetult mererannalt. Jaan ei m\u00e4leta oma minevikku. Ta on v\u00f5\u00f5ras niih\u00e4sti iseendale kui inimestele enda \u00fcmber.\u00a0<\/em><em>Juhuse tahtel asub Jaan elama paruni (Andres Lepik) juurde kohalikku m\u00f5isahoonesse, kus m\u00f5ni aeg tagasi on aset leidnud \u00f5\u00f5vastav kurit\u00f6\u00f6. Ajapikku hakkavad ilmnema vihjed salap\u00e4rase v\u00f5\u00f5ra tausta ja varasemate te<\/em><em>gude kohta. Mida teha, kui selgub, et sa oled keegi, kes sa olla ei taha? \u00a0<\/em><\/li>\n<li><strong>UUS!<\/strong>\u00a012. oktoober kell 19 loodusfilm <strong><a href=\"https:\/\/www.youtube.com\/watch?v=u2KRllzkrvI\" target=\"_blank\">TUULTE TAHUTUD MAA<\/a><\/strong><\/li>\n<li><strong>UUS!\u00a0<\/strong>19. oktoober kell 19 uus Eesti film <strong><a href=\"https:\/\/www.youtube.com\/watch?v=hQO-WubwEQk\" target=\"_blank\">V\u00d5TA V\u00d5I J\u00c4TA<br \/>\n.<\/a><\/strong><strong>N\u00c4ITUS SAADAVAL!<\/strong><\/li>\n<\/ul>\n<\/header>\n<div class=\"entry-content\">\n<p>Kui kellelgi on soovi oma ruumides eksponeerida n\u00e4itust\u00a0\u00a0\u201c<strong><a href=\"https:\/\/muraste.ee\/vana\/?p=5228\" target=\"_blank\">Tuulepealne maa \u2013 siin on sinu kodu<\/a><\/strong>\u201d siis andke endast teada kogukonnakeskus@muraste.ee. N\u00e4itus koosneb 10st roll-up stendist.<\/p>\n<p><strong>\u00a0V\u00d5IMALUS KERAAMIKAHUVILISTELE!<a href=\"https:\/\/muraste.ee\/vana\/wp-content\/uploads\/2016\/03\/keraamika.jpg\" rel=\"attachment wp-att-6002\"><img decoding=\"async\" loading=\"lazy\" class=\"size-thumbnail wp-image-6002 alignright\" src=\"https:\/\/muraste.ee\/vana\/wp-content\/uploads\/2016\/03\/keraamika-150x150.jpg\" alt=\"keraamika\" width=\"150\" height=\"150\" \/><\/a><\/strong><\/p>\n<p>Et meil Murastes (veel) oma saviahju pole, siis pakume meisterdamist armstavatele k\u00e4sit\u00f6\u00f6s\u00f5pradele v\u00e4lja <strong>keraamika<\/strong> tegemise v\u00f5imaluse s\u00f5prade juures <strong>Kumnas<\/strong> \u2013 seal alustab oktoobrist keraamika \u00f5pituba.<br \/>\n<strong>\u00d5pituba<\/strong> toimub kaks korda kuus (esimesel korral voolitakse savist eseme, siis l\u00e4heb see ahju ja teisel korral glasuuritakse sobivasse tooni). Oktoobris toimuvad tunnid <strong>3. ja 10.oktoobril<\/strong>; tegemist alustatakse tassist.<br \/>\n\u00d5pitoa hind on 40\u20ac\/kuu (tasuda saab esimesel korral kohapeal).<br \/>\n\u00d5pitubadega alustatakse, kui on v\u00e4hemalt 5 registreerujat.<br \/>\nI<strong>nfo ja registreerimine<\/strong> kultuuriait@gmail.com v\u00f5i helista 5553 8009<\/p>\n<p><strong>PAKKUMINE!<\/p>\n<p><\/strong><em><strong>Taas on v\u00f5imalus tellida head, maitsvat talutoodangut suisa koju. Meie k\u00f5igi terviseks!\u00a0<\/strong><br \/>\nTahaks tulla vahvale<img decoding=\"async\" loading=\"lazy\" class=\"size-thumbnail wp-image-5938 alignright\" src=\"https:\/\/muraste.ee\/vana\/wp-content\/uploads\/2018\/09\/800px-Vegetables-e1537092662857-150x150.jpg\" alt=\"800px-Vegetables\" width=\"150\" height=\"150\" \/><br \/>\nMuraste kandi rahvale<br \/>\npakkuma kraami, mis hea<br \/>\nja kasvanud Eestimaa peal.<br \/>\n<strong>T\u00e4psemalt \u00a0v\u00f5imaluste kohta \u00a0loe\u00a0 <a href=\"https:\/\/muraste.ee\/vana\/?p=5935\" target=\"_blank\">S I I T<\/a><\/strong><\/em><\/p>\n<p>&nbsp;<\/p>\n<p><strong>T\u00d6\u00d6KUULUTUS<a href=\"https:\/\/muraste.ee\/vana\/wp-content\/uploads\/2016\/03\/apt.jpg\" rel=\"attachment wp-att-5984\"><img decoding=\"async\" loading=\"lazy\" class=\"size-thumbnail wp-image-5984 alignleft\" src=\"https:\/\/muraste.ee\/vana\/wp-content\/uploads\/2016\/03\/apt-150x150.jpg\" alt=\"apt\" width=\"150\" height=\"150\" \/><\/a><\/strong><br \/>\nMuraste apteek vajab alates 01. novembrist 2018. a t\u00e4iskohaga PROVIISORIT V\u00d5I FARMATSEUTI \u00a0seoses t\u00f6\u00f6taja lapsehoolduspuhkusele minemisega.<br \/>\nRohkem teavet Muraste apteegist, tel 614 0115; e-post murasteapteek@apotheka.ee<\/p>\n<p>&nbsp;<\/p>\n<p><strong>V\u00c4LJAKUTSED<\/strong><\/p>\n<ul>\n<li>HEAK ootab <strong>Aasta tegija<\/strong> tiitli v\u00e4\u00e4rilisi kandidaate. Rohkem loe <strong><a href=\"https:\/\/www.heak.ee\/harjumaa-aasta-tegija\/\" target=\"_blank\">SIIT<\/a><\/strong><\/li>\n<li><strong>Avatud ettev\u00f5tete p\u00e4eva<\/strong> raames avavad ettev\u00f5tted oma uksed. Rohkem loe <strong><a href=\"https:\/\/www.ettevotlusnadal.ee\/avatud-ettevotted\/\" target=\"_blank\">SIIT<\/a><\/strong><\/li>\n<\/ul>\n<p><strong>TEADETETAHVEL<\/strong><\/p>\n<div class=\"text_exposed_show\">\u00a0<a href=\"https:\/\/muraste.ee\/vana\/wp-content\/uploads\/2016\/03\/stend.jpg\" rel=\"attachment wp-att-3740\"><img decoding=\"async\" loading=\"lazy\" class=\"size-medium wp-image-3740 alignright\" src=\"https:\/\/muraste.ee\/vana\/wp-content\/uploads\/2016\/03\/stend-300x224.jpg\" sizes=\"(max-width: 300px) 100vw, 300px\" srcset=\"https:\/\/muraste.ee\/vana\/wp-content\/uploads\/2016\/03\/stend-300x224.jpg 300w, https:\/\/muraste.ee\/vana\/wp-content\/uploads\/2016\/03\/stend-768x572.jpg 768w, https:\/\/muraste.ee\/vana\/wp-content\/uploads\/2016\/03\/stend-1024x763.jpg 1024w, https:\/\/muraste.ee\/vana\/wp-content\/uploads\/2016\/03\/stend-624x465.jpg 624w, https:\/\/muraste.ee\/vana\/wp-content\/uploads\/2016\/03\/stend.jpg 1300w\" alt=\"stend\" width=\"300\" height=\"224\" \/><\/a><\/div>\n<\/div>\n<header class=\"entry-header\">\n<div class=\"entry-content\">\n<div class=\"_1mf _1mj\" data-offset-key=\"cki46-0-0\">\n<div class=\"_1mf _1mj\" data-offset-key=\"cki46-0-0\"><strong>Soovid avaldada oma reklaami<\/strong>\u00a0meie infokanalites? Juhised on\u00a0<strong>siin<\/strong>!<\/div>\n<div class=\"_1mf _1mj\" data-offset-key=\"cki46-0-0\"><strong>Soovid kasutada<\/strong>\u00a0m\u00f5nd Muraste k\u00fclaseltsi poolt pakutavat<strong>\u00a0teenust<\/strong>? V\u00f5imalused on<strong>\u00a0siin!<\/strong><\/div>\n<div class=\"_1mf _1mj\" data-offset-key=\"cki46-0-0\"><\/div>\n<div class=\"_1mf _1mj\" data-offset-key=\"cki46-0-0\"><\/div>\n<p><strong>Teadmiseks:\u00a0<\/strong>Muraste igan\u00e4dalase e-infokirjaga liitumiseks saada sellekohane teade muraste@muraste.ee<br \/>\n<strong>Muraste kogukonnakeskus\u00a0<\/strong>(Lee tee 9, Muraste) avatud E-N 10 -18, R 10-16.<br \/>\n<strong>T\u00e4psustused ja info:<\/strong>\u00a0kogukonnakeskus@muraste.ee;\u00a05253128 (Aule Kikas).<\/p>\n<\/div>\n<\/div>\n<\/header>\n","protected":false},"excerpt":{"rendered":"<p>N\u00c4DAL 39 MURASTES 24. \u2013 30. september 2018\u00a0* * AT- koolimaja aatrium, SP- spordihoone; KO-kogukonnakeskus; \u00a0 KL- klassiruum; Esmasp\u00e4ev, 24. september kl 14.40 KO,\u00a0Fa Stuudio kandlering (lapsed, algajad) kl 16.15 SP,\u00a0Judoklubi \u201cAitado\u201d\u00a0Judo\u00a0(alustajad ja uuesti alustajad). \u00a0(www.aitado.ee, Edward, tel 58053039) NB! 7-9 aastased spordis\u00f5brad, veel on vabu kohti treeningr\u00fchmaga liitumiseks! kl 16 KO, Nelja Valla Kogu<a class=\"moretag\" href=\"https:\/\/muraste.ee\/vana\/?page_id=6009\"><br \/>&#8230;Loe edasi<\/a><\/p>\n","protected":false},"author":2,"featured_media":0,"parent":0,"menu_order":0,"comment_status":"closed","ping_status":"closed","template":"nadalakava.php","meta":{"_bbp_topic_count":0,"_bbp_reply_count":0,"_bbp_total_topic_count":0,"_bbp_total_reply_count":0,"_bbp_voice_count":0,"_bbp_anonymous_reply_count":0,"_bbp_topic_count_hidden":0,"_bbp_reply_count_hidden":0,"_bbp_forum_subforum_count":0,"_mc_calendar":[]},"_links":{"self":[{"href":"https:\/\/muraste.ee\/vana\/index.php?rest_route=\/wp\/v2\/pages\/6009"}],"collection":[{"href":"https:\/\/muraste.ee\/vana\/index.php?rest_route=\/wp\/v2\/pages"}],"about":[{"href":"https:\/\/muraste.ee\/vana\/index.php?rest_route=\/wp\/v2\/types\/page"}],"author":[{"embeddable":true,"href":"https:\/\/muraste.ee\/vana\/index.php?rest_route=\/wp\/v2\/users\/2"}],"replies":[{"embeddable":true,"href":"https:\/\/muraste.ee\/vana\/index.php?rest_route=%2Fwp%2Fv2%2Fcomments&post=6009"}],"version-history":[{"count":1,"href":"https:\/\/muraste.ee\/vana\/index.php?rest_route=\/wp\/v2\/pages\/6009\/revisions"}],"predecessor-version":[{"id":6011,"href":"https:\/\/muraste.ee\/vana\/index.php?rest_route=\/wp\/v2\/pages\/6009\/revisions\/6011"}],"wp:attachment":[{"href":"https:\/\/muraste.ee\/vana\/index.php?rest_route=%2Fwp%2Fv2%2Fmedia&parent=6009"}],"curies":[{"name":"wp","href":"https:\/\/api.w.org\/{rel}","templated":true}]}}