{"id":6166,"date":"2018-10-28T22:38:53","date_gmt":"2018-10-28T20:38:53","guid":{"rendered":"https:\/\/muraste.ee\/vana\/?page_id=6166"},"modified":"2018-10-28T22:38:53","modified_gmt":"2018-10-28T20:38:53","slug":"nadal-43-2","status":"publish","type":"page","link":"https:\/\/muraste.ee\/vana\/?page_id=6166","title":{"rendered":"N\u00e4dal 43"},"content":{"rendered":"<header class=\"entry-header\">\n<h1 class=\"entry-title\"><strong>N\u00c4DAL 43 MURASTES<br \/>\n22.-28.oktoober 2018\u00a0*<br \/>\nKOOLIVAHEAEG! <\/strong><\/h1>\n<div class=\"entry-content\"><\/div>\n<div class=\"entry-content\">\n<p><em>* AT- koolimaja aatrium, SP- spordihoone; KO-kogukonnakeskus; \u00a0 KL- klassiruum; PS \u2013 peegelsaal; SS- s\u00f6\u00f6gisaal, LV- lavasaal, MR- meediaruum<\/em><\/p>\n<p><em>Kaanefoto: H\u00fclged Muraste rannas\u00a0(Sander Kikas).<\/em><\/p>\n<\/div>\n<div class=\"entry-content\">\n<p><strong>Esmasp\u00e4ev, 22. oktoober\u00a0<a href=\"https:\/\/muraste.ee\/vana\/wp-content\/uploads\/2016\/03\/hyljes.jpg\" rel=\"attachment wp-att-6137\"><img decoding=\"async\" loading=\"lazy\" class=\"size-thumbnail wp-image-6137 alignright\" src=\"https:\/\/muraste.ee\/vana\/wp-content\/uploads\/2016\/03\/hyljes-150x150.jpg\" alt=\"hyljes\" width=\"150\" height=\"150\" \/><\/a><\/strong><br \/>\nkl 17.30 KO, <strong>V\u00e4ikekandleansambel LiULi<\/strong> (p\u00f5hir\u00fchm)<br \/>\nkl 19.15 SP, <strong>V\u00f5rkpall<\/strong><br \/>\nkl 19 AT, \u00a0<strong>Suurupi naiskoor Meretule\u00a0 <\/strong><br \/>\nkl 19 KL, <strong>V\u00e4ikekandleansambel LiULi <\/strong>(algajad)<\/p>\n<p><strong>Teisip\u00e4ev, 23. oktoober\u00a0<\/strong><br \/>\nkl 17.30 AT, <strong>UUS!\u00a0Foorum<\/strong>\u00a0<strong>#kuidasmekestame<\/strong> arutelu j\u00f5uab Harku valda!<br \/>\n<em>Kutsume Sind osalema <strong>#kuidasmekestame<\/strong> osalusarutelul. Uurime rahvastikutrendidega seotud fakte, jagame omavahel lootusi ja hirme, raamistame olulisemad probleemid ja mis k\u00f5ige t\u00e4htsam \u2013 otsime koos h\u00e4id ideid ja lahendusk\u00e4ike, kuidas meie kogukonna eluj\u00f5udu hoida. #kuidasmekestame arutelu ja ideede otsing on osa laiemast kogukondlikust arutelusarjast, mida tehakse \u00fcle terve Eesti erinevates paikkondades.<\/em><a href=\"https:\/\/muraste.ee\/vana\/?p=6119\">\u00a0Lisainfot saad SIIT<\/a>)<br \/>\n<a href=\"https:\/\/muraste.ee\/vana\/wp-content\/uploads\/2018\/10\/teekond.png\" rel=\"attachment wp-att-6121\"><img decoding=\"async\" loading=\"lazy\" class=\"alignnone wp-image-6121 size-full\" src=\"https:\/\/muraste.ee\/vana\/wp-content\/uploads\/2018\/10\/teekond.png\" sizes=\"(max-width: 1360px) 100vw, 1360px\" srcset=\"https:\/\/muraste.ee\/vana\/wp-content\/uploads\/2018\/10\/teekond-300x114.png 300w, https:\/\/muraste.ee\/vana\/wp-content\/uploads\/2018\/10\/teekond-768x291.png 768w, https:\/\/muraste.ee\/vana\/wp-content\/uploads\/2018\/10\/teekond-1024x389.png 1024w, https:\/\/muraste.ee\/vana\/wp-content\/uploads\/2018\/10\/teekond-624x237.png 624w, https:\/\/muraste.ee\/vana\/wp-content\/uploads\/2018\/10\/teekond.png 1360w\" alt=\"teekond\" width=\"1360\" height=\"516\" \/><\/a><br \/>\nkl 18. 00 MR, <strong>Raadioring<\/strong> noortele alustab taas! Lisainfo kogukonnakeskus@muraste.ee<br \/>\nkl 18.30 KL,\u00a0<strong>Inglise keele kursus \u00a0<\/strong>(kesktase B 1.2).\u00a0Lisainfo \u00a0juhendajalt tel 56575575 v\u00f5i marethein@gmail.com (Maret Hein).<br \/>\nkl 18.30 PS, <strong>SELTSKONNATANTSU KURSUS<\/strong>\u00a0algajatele- (<em>NB! sel n\u00e4dalal tundi ei toimu!)<br \/>\n<\/em>kl 19.45 PS,\u00a0<strong>Seltskonnatantsude harjutustund<\/strong>\u2013 v\u00f5imalus \u00f5pitut kinnistada ja toredas seltskonnas jalga keerutada.\u00a0<em>(NB! sel n\u00e4dalal tundi ei toimu!<strong><br \/>\n<\/strong><\/em><\/p>\n<p><strong>Kolmap\u00e4ev, 24. oktoober<br \/>\n<\/strong>kl 18 PS, <strong>UUS!<\/strong> <strong>Algab <a href=\"https:\/\/muraste.ee\/vana\/?p=6090\" target=\"_blank\">Line-tantsu<\/a> uus hooaeg!<\/strong> K\u00f5ik uued ja senised tantsijad on oodatud!<strong><br \/>\n<\/strong>19 KL, \u00a0<strong>Inglise keele kursus<\/strong>\u00a0(algtase A2) uuesti alustajatele ja algajatele. Lisainfo \u00a0juhendajalt tel 56575575 v\u00f5i marethein@gmail.com (Maret Hein).<a href=\"https:\/\/muraste.ee\/vana\/wp-content\/uploads\/2016\/03\/IMG_0060.jpg\" rel=\"attachment wp-att-6082\"><img decoding=\"async\" loading=\"lazy\" class=\"size-thumbnail wp-image-6082 alignleft\" src=\"https:\/\/muraste.ee\/vana\/wp-content\/uploads\/2016\/03\/IMG_0060-150x150.jpg\" alt=\"IMG_0060\" width=\"150\" height=\"150\" \/><\/a><\/p>\n<p>kl 18 KO, <strong>LILLESEADEKURSUS<\/strong> (sisa loe <a href=\"https:\/\/muraste.ee\/vana\/?p=5843\" target=\"_blank\">SIIT<\/a>)<br \/>\nkl 19.30 PS, <strong>Harku Harakad<\/strong> tanstuproov<br \/>\nkl 19.30 SP, <strong>UUS!\u00a0\u00dcldkehalise ettevalmistuse treening.\u00a0<\/strong>Lisainfo:\u00a0<a href=\"http:\/\/motokrossipisik.eu\/saalitrennid\/\" target=\"_blank\" rel=\"noopener nofollow\" data-ft=\"{&quot;tn&quot;:&quot;-U&quot;}\" data-lynx-mode=\"async\" data-lynx-uri=\"https:\/\/l.facebook.com\/l.php?u=http%3A%2F%2Fmotokrossipisik.eu%2Fsaalitrennid%2F&amp;h=ATMtTHYPByHFd3Ejb-M_bw3_McwWuVo6SD2thhdIQy0F3YVpA_h8WkckKLGErB5uFSUlktLr926FwJ0TEtQ-jB1FBraRjZFjM3beY2s_WKOJD6YfrxE6Mt1hjwfw9ksYAGjgdHZC18BIeDnAuwSsYczTILfnnMLOzQF24cH3R6VS26raqEtS2BUg7_WQqbEtEpxp1xS_pyotI8RQyh4c32tfhGm_t2n7ldi5cdnf0XZ3A7pBLlADRaD37BfrOmuJ2do5HhcLCgaUhRx9NIHS07XqH95qhCVLIPfFZlqnktc\">http:\/\/motokrossipisik.eu\/saalitrennid\/<\/a>, hannes@motokrossipisik.ee, telefon 5296556<br \/>\nkl 18 AT, <strong>N\u00e4itering<\/strong> (valmistume harrastusteatrite festivalil osalemiseks)<\/p>\n<div id=\"js_bfj\" class=\"_5pbx userContent _3576\" data-ad-preview=\"message\" data-ft=\"{&quot;tn&quot;:&quot;K&quot;}\">\n<p><strong>Neljap\u00e4ev, 25. oktoober<br \/>\n<\/strong>kl\u00a019.00\u00a0KL,\u00a0<strong>Inglise keele\u00a0kursus<\/strong> edasij\u00f5udnutele\u00a0(eel-kesktase B 1.1) \u00a0Lisainfo \u00a0juhendajalt tel 56575575 v\u00f5i marethein@gmail.com (Maret Hein).<br \/>\nkl 18.30 AT, <strong>N\u00c4ITERING, <\/strong>juhendab Anne Veesaar.<\/p>\n<\/div>\n<\/div>\n<p><strong>Reede, 26. oktoober\u00a0<a href=\"https:\/\/muraste.ee\/vana\/wp-content\/uploads\/2016\/03\/Mihkel.jpg\" rel=\"attachment wp-att-6141\"><img decoding=\"async\" loading=\"lazy\" class=\"size-medium wp-image-6141 alignright\" src=\"https:\/\/muraste.ee\/vana\/wp-content\/uploads\/2016\/03\/Mihkel-300x168.jpg\" alt=\"Mihkel\" width=\"300\" height=\"168\" srcset=\"https:\/\/muraste.ee\/vana\/wp-content\/uploads\/2016\/03\/Mihkel.jpg 300w, https:\/\/muraste.ee\/vana\/wp-content\/uploads\/2016\/03\/Mihkel-128x72.jpg 128w\" sizes=\"(max-width: 300px) 100vw, 300px\" \/><\/a><\/strong><br \/>\nkl 19 AT,\u00a0 <strong>UUS!\u00a0MURASTE KINOPUNKT ESITLEB:<\/strong>\u00a0uus\u00a0Eesti -Islandi film MIHKEL!<br \/>\n<em>N\u00f5ukogude Liidu lagunemise j\u00e4rel j\u00e4\u00e4b elu Narvas soiku. Piirlinnas kasvanud Mihkel ja Vera unistavad aga paremast ja \u00f5nnelikumast elust ning on selle nimel valmis paljuks. Noormees n\u00f5ustub vastu v\u00f5tma oma lapsep\u00f5lves\u00f5bra Igori pakutud ahvatlevalt tulusa t\u00f6\u00f6otsa, mille k\u00e4igus tal tuleb Islandile narkootikume toimetada. Esmapilgul lihtne plaan v\u00f5tab aga peagi eluohtliku p\u00f6\u00f6rde.<br \/>\n<\/em><b>Treiler vaatamiseks <a href=\"https:\/\/www.youtube.com\/watch?v=gtU9hFnCa30\" target=\"_blank\">SIIN<\/a><br \/>\nRe\u017eiss\u00f6\u00f6r:<\/b> Ari Alexander, Ergis Magn\u00fasson<br \/>\n<b>Osades:<\/b> P\u00e4\u00e4ru Oja, Kaspar Velberg, T\u00f3mas Lemarquis, Atli Rafn Sigur\u00f0sson<br \/>\nAlla 14. a keelatud.<br \/>\nPilet 4\u20ac \/ 3\u20ac<strong><a href=\"https:\/\/muraste.ee\/vana\/wp-content\/uploads\/2016\/03\/teater2.jpg\" rel=\"attachment wp-att-6164\"><img decoding=\"async\" loading=\"lazy\" class=\"size-medium wp-image-6164 alignright\" src=\"https:\/\/muraste.ee\/vana\/wp-content\/uploads\/2016\/03\/teater2-212x300.jpg\" sizes=\"(max-width: 212px) 100vw, 212px\" srcset=\"https:\/\/muraste.ee\/vana\/wp-content\/uploads\/2016\/03\/teater2-212x300.jpg 212w, https:\/\/muraste.ee\/vana\/wp-content\/uploads\/2016\/03\/teater2-768x1086.jpg 768w, https:\/\/muraste.ee\/vana\/wp-content\/uploads\/2016\/03\/teater2-724x1024.jpg 724w, https:\/\/muraste.ee\/vana\/wp-content\/uploads\/2016\/03\/teater2-624x882.jpg 624w\" alt=\"teater2\" width=\"212\" height=\"300\" \/><\/a><\/strong><\/p>\n<p><strong>Laup\u00e4ev, 27. oktoober<\/strong><br \/>\nkl 15 Muraste Nimetu N\u00e4item\u00e4nguseltskond osaleb Aruk\u00fcla rahvamajas toimuval <strong>harrastusteatrite festivalil<\/strong>etendusega \u201c8 armastavat naist\u201d. Tulge vaatama ja\/v\u00f5i hoidke p\u00f6idlad pihus!<\/p>\n<p>&nbsp;<\/p>\n<p><strong>M U R A S T E S \u00a0L\u00c4HIAJAL \u00a0 T U L E K U L<\/strong><\/p>\n<ul>\n<li>L\u00c4HITULEVIKU FILMIPROGRAMM ON N\u00c4HTAV <a href=\"https:\/\/muraste.ee\/vana\/?p=5961\" target=\"_blank\">SIIN<\/a><\/li>\n<li>29. oktoobril kell 17 Tabasalus, Harku vallamajas Liivi M\u00e4ekalda TT\u00dc ehituse- ja arhitektuuri instituudi l\u00f5put\u00f6\u00f6 \u00a0ehk Tabasali keskuse I etapi detailplaneeringu maastikukujundusprojketi tutvustus.<\/li>\n<li>7. november kell 18.30 <strong>Muraste kohviklubi<\/strong> (ja avatud juhatuse koosolek).<\/li>\n<li>22. november <strong>kohtumis\u00f5htu<\/strong>\u00a0 ehk <strong>Raivo \u201c4\u00d74\u201d Malter<\/strong> (korraldab Naiskodukaitse Harku jaoskond \u2013 j\u00e4lgige reklaami!).<\/li>\n<li>25. november <strong>Harku valla vabatahtlike tunnustamise \u00f5htu<\/strong> (<a href=\"https:\/\/muraste.ee\/vana\/?p=6043\" target=\"_blank\">lisainfo<\/a>).<a href=\"https:\/\/muraste.ee\/vana\/wp-content\/uploads\/2016\/03\/triipkood.jpg\" rel=\"attachment wp-att-6041\"><img decoding=\"async\" loading=\"lazy\" class=\"size-large wp-image-6041 aligncenter\" src=\"https:\/\/muraste.ee\/vana\/wp-content\/uploads\/2016\/03\/triipkood-1024x366.jpg\" sizes=\"(max-width: 625px) 100vw, 625px\" srcset=\"https:\/\/muraste.ee\/vana\/wp-content\/uploads\/2016\/03\/triipkood-300x107.jpg 300w, https:\/\/muraste.ee\/vana\/wp-content\/uploads\/2016\/03\/triipkood-768x274.jpg 768w, https:\/\/muraste.ee\/vana\/wp-content\/uploads\/2016\/03\/triipkood-1024x366.jpg 1024w, https:\/\/muraste.ee\/vana\/wp-content\/uploads\/2016\/03\/triipkood-624x223.jpg 624w\" alt=\"triipkood\" width=\"625\" height=\"223\" \/><\/a><br \/>\n<strong>.<\/strong><\/li>\n<\/ul>\n<p><strong>N\u00c4ITUS SAADAVAL!<\/strong><\/p>\n<\/header>\n<div class=\"entry-content\">\n<p>Kui kellelgi on soovi oma ruumides eksponeerida n\u00e4itust\u00a0\u00a0\u201c<strong><a href=\"https:\/\/muraste.ee\/vana\/?p=5228\" target=\"_blank\">Tuulepealne maa \u2013 siin on sinu kodu<\/a><\/strong>\u201d siis andke endast teada kogukonnakeskus@muraste.ee. N\u00e4itus koosneb 10st roll-up stendist.<\/p>\n<p><strong>\u00a0<\/strong><strong>PAKKUMINE!<\/p>\n<p><\/strong><em><strong>Taas on v\u00f5imalus tellida head, maitsvat talutoodangut suisa koju. Meie k\u00f5igi terviseks!\u00a0<\/strong><br \/>\nTahaks tulla vahvale<img decoding=\"async\" loading=\"lazy\" class=\"size-thumbnail wp-image-5938 alignright\" src=\"https:\/\/muraste.ee\/vana\/wp-content\/uploads\/2018\/09\/800px-Vegetables-e1537092662857-150x150.jpg\" alt=\"800px-Vegetables\" width=\"150\" height=\"150\" \/><br \/>\nMuraste kandi rahvale<br \/>\npakkuma kraami, mis hea<br \/>\nja kasvanud Eestimaa peal.<br \/>\n<strong>T\u00e4psemalt \u00a0v\u00f5imaluste kohta \u00a0loe\u00a0 <a href=\"https:\/\/muraste.ee\/vana\/?p=5935\" target=\"_blank\">S I I T<\/a><\/strong><\/em><\/p>\n<p>&nbsp;<\/p>\n<p><strong>TEADETETAHVEL<\/strong><\/p>\n<div class=\"text_exposed_show\">\u00a0<a href=\"https:\/\/muraste.ee\/vana\/wp-content\/uploads\/2016\/03\/stend.jpg\" rel=\"attachment wp-att-3740\"><img decoding=\"async\" loading=\"lazy\" class=\"size-medium wp-image-3740 alignright\" src=\"https:\/\/muraste.ee\/vana\/wp-content\/uploads\/2016\/03\/stend-300x224.jpg\" sizes=\"(max-width: 300px) 100vw, 300px\" srcset=\"https:\/\/muraste.ee\/vana\/wp-content\/uploads\/2016\/03\/stend-300x224.jpg 300w, https:\/\/muraste.ee\/vana\/wp-content\/uploads\/2016\/03\/stend-768x572.jpg 768w, https:\/\/muraste.ee\/vana\/wp-content\/uploads\/2016\/03\/stend-1024x763.jpg 1024w, https:\/\/muraste.ee\/vana\/wp-content\/uploads\/2016\/03\/stend-624x465.jpg 624w, https:\/\/muraste.ee\/vana\/wp-content\/uploads\/2016\/03\/stend.jpg 1300w\" alt=\"stend\" width=\"300\" height=\"224\" \/><\/a><\/div>\n<\/div>\n<header class=\"entry-header\">\n<div class=\"entry-content\">\n<div class=\"_1mf _1mj\" data-offset-key=\"cki46-0-0\">\n<div class=\"_1mf _1mj\" data-offset-key=\"cki46-0-0\"><strong>Soovid avaldada oma reklaami<\/strong>\u00a0meie infokanalites? Juhised on\u00a0<strong>siin<\/strong>!<\/div>\n<div class=\"_1mf _1mj\" data-offset-key=\"cki46-0-0\"><strong>Soovid kasutada<\/strong>\u00a0m\u00f5nd Muraste k\u00fclaseltsi poolt pakutavat<strong>\u00a0teenust<\/strong>? V\u00f5imalused on<strong>\u00a0siin!<\/strong><\/div>\n<div class=\"_1mf _1mj\" data-offset-key=\"cki46-0-0\"><\/div>\n<div class=\"_1mf _1mj\" data-offset-key=\"cki46-0-0\"><\/div>\n<p><strong>Teadmiseks:\u00a0<\/strong>Muraste igan\u00e4dalase e-infokirjaga liitumiseks saada sellekohane teade muraste@muraste.ee<br \/>\n<strong>Muraste kogukonnakeskus\u00a0<\/strong>(Lee tee 9, Muraste) avatud E-N 10 -18, R 10-16.<br \/>\n<strong>T\u00e4psustused ja info:<\/strong>\u00a0kogukonnakeskus@muraste.ee;\u00a05253128 (Aule Kikas).<\/p>\n<p>&nbsp;<\/p>\n<\/div>\n<\/div>\n<\/header>\n","protected":false},"excerpt":{"rendered":"<p>N\u00c4DAL 43 MURASTES 22.-28.oktoober 2018\u00a0* KOOLIVAHEAEG! * AT- koolimaja aatrium, SP- spordihoone; KO-kogukonnakeskus; \u00a0 KL- klassiruum; PS \u2013 peegelsaal; SS- s\u00f6\u00f6gisaal, LV- lavasaal, MR- meediaruum Kaanefoto: H\u00fclged Muraste rannas\u00a0(Sander Kikas). Esmasp\u00e4ev, 22. oktoober\u00a0 kl 17.30 KO, V\u00e4ikekandleansambel LiULi (p\u00f5hir\u00fchm) kl 19.15 SP, V\u00f5rkpall kl 19 AT, \u00a0Suurupi naiskoor Meretule\u00a0 kl 19 KL, V\u00e4ikekandleansambel LiULi (algajad)<a class=\"moretag\" href=\"https:\/\/muraste.ee\/vana\/?page_id=6166\"><br \/>&#8230;Loe edasi<\/a><\/p>\n","protected":false},"author":2,"featured_media":0,"parent":0,"menu_order":0,"comment_status":"closed","ping_status":"closed","template":"nadalakava.php","meta":{"_bbp_topic_count":0,"_bbp_reply_count":0,"_bbp_total_topic_count":0,"_bbp_total_reply_count":0,"_bbp_voice_count":0,"_bbp_anonymous_reply_count":0,"_bbp_topic_count_hidden":0,"_bbp_reply_count_hidden":0,"_bbp_forum_subforum_count":0,"_mc_calendar":[]},"_links":{"self":[{"href":"https:\/\/muraste.ee\/vana\/index.php?rest_route=\/wp\/v2\/pages\/6166"}],"collection":[{"href":"https:\/\/muraste.ee\/vana\/index.php?rest_route=\/wp\/v2\/pages"}],"about":[{"href":"https:\/\/muraste.ee\/vana\/index.php?rest_route=\/wp\/v2\/types\/page"}],"author":[{"embeddable":true,"href":"https:\/\/muraste.ee\/vana\/index.php?rest_route=\/wp\/v2\/users\/2"}],"replies":[{"embeddable":true,"href":"https:\/\/muraste.ee\/vana\/index.php?rest_route=%2Fwp%2Fv2%2Fcomments&post=6166"}],"version-history":[{"count":1,"href":"https:\/\/muraste.ee\/vana\/index.php?rest_route=\/wp\/v2\/pages\/6166\/revisions"}],"predecessor-version":[{"id":6168,"href":"https:\/\/muraste.ee\/vana\/index.php?rest_route=\/wp\/v2\/pages\/6166\/revisions\/6168"}],"wp:attachment":[{"href":"https:\/\/muraste.ee\/vana\/index.php?rest_route=%2Fwp%2Fv2%2Fmedia&parent=6166"}],"curies":[{"name":"wp","href":"https:\/\/api.w.org\/{rel}","templated":true}]}}