{"id":6234,"date":"2018-11-11T10:54:15","date_gmt":"2018-11-11T08:54:15","guid":{"rendered":"https:\/\/muraste.ee\/vana\/?page_id=6234"},"modified":"2018-11-11T10:54:15","modified_gmt":"2018-11-11T08:54:15","slug":"nadal-45-3","status":"publish","type":"page","link":"https:\/\/muraste.ee\/vana\/?page_id=6234","title":{"rendered":"N\u00e4dal 45"},"content":{"rendered":"<h1 class=\"entry-title\"><strong>N\u00c4DAL 45 MURASTES<br \/>\n5. \u2013 11. november 2018\u00a0*<br \/>\n<\/strong><\/h1>\n<div class=\"entry-content\">\n<p><em>* AT- koolimaja aatrium, SP- spordihoone; KO-kogukonnakeskus; \u00a0 KL- klassiruum; PS \u2013 peegelsaal; SS- s\u00f6\u00f6gisaal, LV- lavasaal, MR- meediaruum<\/em><\/p>\n<p><em>Kaanefoto:\u00a0Ajal, mil enamus meist unistab sillerdavast p\u00e4ikesest, n\u00e4eb siinkandis \u00fcha enam k\u00fclmap\u00f5lgureid, kes arvavad hiliss\u00fcgisese merevee olevat parimaks supluspaigaks! Olgu siis peale \u2013 ikka terviseks!<\/em><\/p>\n<div class=\"_3x-2\" data-ft=\"{&quot;tn&quot;:&quot;H&quot;}\">\u00a0<a href=\"https:\/\/muraste.ee\/vana\/wp-content\/uploads\/2016\/03\/lest.jpg\" rel=\"attachment wp-att-6208\"><img decoding=\"async\" loading=\"lazy\" class=\"alignright wp-image-6208 \" src=\"https:\/\/muraste.ee\/vana\/wp-content\/uploads\/2016\/03\/lest-300x225.jpg\" sizes=\"(max-width: 204px) 100vw, 204px\" srcset=\"https:\/\/muraste.ee\/vana\/wp-content\/uploads\/2016\/03\/lest-300x225.jpg 300w, https:\/\/muraste.ee\/vana\/wp-content\/uploads\/2016\/03\/lest-768x576.jpg 768w, https:\/\/muraste.ee\/vana\/wp-content\/uploads\/2016\/03\/lest-624x468.jpg 624w, https:\/\/muraste.ee\/vana\/wp-content\/uploads\/2016\/03\/lest.jpg 960w\" alt=\"lest\" width=\"204\" height=\"153\" \/><\/a><em><a href=\"https:\/\/muraste.ee\/vana\/wp-content\/uploads\/2016\/03\/n\u00e4ite2.jpg\" rel=\"attachment wp-att-6176\"><br \/>\n<\/a><\/em><\/div>\n<\/div>\n<div class=\"entry-content\">\n<header class=\"entry-header\">\n<div class=\"entry-content\">\n<p><strong>Esmasp\u00e4ev, 5. november\u00a0<\/strong><br \/>\nkl 14.40 KO,\u00a0<strong>Fa Stuudio kandlering<\/strong> (lapsed, algajad)<br \/>\nkl 16.15 SP,\u00a0<strong>Judoklubi \u201cAitado\u201d\u00a0Judo<\/strong>\u00a0(alustajad ja uuesti alustajad). \u00a0(www.aitado.ee, Edward, tel 58053039) NB! 7-9 aastased spordis\u00f5brad, veel on vabu kohti treeningr\u00fchmaga liitumiseks!<br \/>\nkl 17.30 KO, <strong>V\u00e4ikekandleansambel LiULi<\/strong><br \/>\nkl 17.45 SP,\u00a0<strong>Judoklubi \u201cAitado\u201d\u00a0Judo<\/strong>\u00a0(edasij\u00f5udnud. \u00a0(www.aitado.ee, treener Edward, tel 58053039)<br \/>\nkl 19.15 SP, <strong>V\u00f5rkpall<\/strong><br \/>\nkl 19 AT, \u00a0<strong>Suurupi naiskoor Meretule\u00a0 <\/strong><br \/>\nkl 19 KO, <strong>V\u00e4ikekandleansambel LiULi<\/strong> \u00a0(t\u00e4iskasvanud, algajate grupp)<\/p>\n<p><strong>Teisip\u00e4ev,\u00a06. november<br \/>\n<\/strong><strong><img decoding=\"async\" loading=\"lazy\" class=\"wp-image-5800 size-medium alignright\" src=\"https:\/\/muraste.ee\/vana\/wp-content\/uploads\/2016\/03\/revalia_muraste_A4-212x300.jpg\" sizes=\"(max-width: 212px) 100vw, 212px\" srcset=\"https:\/\/muraste.ee\/vana\/wp-content\/uploads\/2016\/03\/revalia_muraste_A4-212x300.jpg 212w, https:\/\/muraste.ee\/vana\/wp-content\/uploads\/2016\/03\/revalia_muraste_A4-768x1086.jpg 768w, https:\/\/muraste.ee\/vana\/wp-content\/uploads\/2016\/03\/revalia_muraste_A4-724x1024.jpg 724w, https:\/\/muraste.ee\/vana\/wp-content\/uploads\/2016\/03\/revalia_muraste_A4-624x882.jpg 624w\" alt=\"revalia_muraste_A4\" width=\"212\" height=\"300\" \/><\/strong>kl 14.40 KO, Fa Stuudio <strong>fl\u00f6\u00f6diring<\/strong><strong><br \/>\n<\/strong>kl 18.30 KL,\u00a0<strong>Inglise keele kursus \u00a0<\/strong>(kesktase B 1.2).\u00a0Lisainfo \u00a0juhendajalt tel 56575575 v\u00f5i marethein@gmail.com (Maret Hein).<br \/>\nkl 18.30 PS, <strong>SELTSKONNATANTSU KURSUS<\/strong>\u00a0algajatele-<br \/>\nkl 19.45 PS,\u00a0<strong>Seltskonnatantsude harjutustund<\/strong>\u2013 v\u00f5imalus \u00f5pitut kinnistada ja toredas seltskonnas jalga keerutada.<br \/>\n<a href=\"https:\/\/muraste.ee\/vana\/wp-content\/uploads\/2016\/03\/show.jpg\" rel=\"attachment wp-att-5946\"><img decoding=\"async\" loading=\"lazy\" class=\"size-medium wp-image-5946 alignleft\" src=\"https:\/\/muraste.ee\/vana\/wp-content\/uploads\/2016\/03\/show-200x300.jpg\" sizes=\"(max-width: 200px) 100vw, 200px\" srcset=\"https:\/\/muraste.ee\/vana\/wp-content\/uploads\/2016\/03\/show-200x300.jpg 200w, https:\/\/muraste.ee\/vana\/wp-content\/uploads\/2016\/03\/show.jpg 480w\" alt=\"show\" width=\"200\" height=\"300\" \/><\/a><\/p>\n<p><strong>Kolmap\u00e4ev,\u00a07. november<br \/>\n<\/strong>kl 8.30 AT,\u00a0<strong>UUS!<\/strong> Muraste kooli <strong>juurdeehituse ametlik avamine<\/strong>! Tulge uudistama uusi avaramaid v\u00f5imalusi!<strong><br \/>\n<\/strong>kl 14.40 KO, Fa Stuudio <strong>kandlering<\/strong> (lapsed, edasij\u00f5udnud)<strong><br \/>\n<\/strong>kl 15 AT,<strong>\u00a0Showtants &amp; cheerleading. Lisainfo bron@prodance.ee, tel 55577821<br \/>\n<\/strong>kl 15.30-17 KL<strong>, UUS HUVIRING NOORTELE! PROGRAMMEERIMINE <\/strong><em>(veel on vabu kohti!)<\/em><strong> (loe lisa<a href=\"https:\/\/muraste.ee\/vana\/?p=6059\" target=\"_blank\"> SIIT<\/a>)<a href=\"https:\/\/muraste.ee\/vana\/wp-content\/uploads\/2018\/10\/line.jpg\" rel=\"attachment wp-att-6091\"><img decoding=\"async\" loading=\"lazy\" class=\"size-medium wp-image-6091 alignleft\" src=\"https:\/\/muraste.ee\/vana\/wp-content\/uploads\/2018\/10\/line-300x199.jpg\" sizes=\"(max-width: 300px) 100vw, 300px\" srcset=\"https:\/\/muraste.ee\/vana\/wp-content\/uploads\/2018\/10\/line-300x199.jpg 300w, https:\/\/muraste.ee\/vana\/wp-content\/uploads\/2018\/10\/line-768x510.jpg 768w, https:\/\/muraste.ee\/vana\/wp-content\/uploads\/2018\/10\/line-624x415.jpg 624w, https:\/\/muraste.ee\/vana\/wp-content\/uploads\/2018\/10\/line.jpg 960w\" alt=\"line\" width=\"300\" height=\"199\" \/><\/a><br \/>\n<\/strong>kl 16.15 SP,\u00a0<strong>Judoklubi \u201cAitado\u201d\u00a0Judo<\/strong>\u00a0(alustajad ja uuesti alustajad). \u00a0(www.aitado.ee, Edward, tel 58053039) NB! 7-9 aastased spordis\u00f5brad, veel on vabu kohti treeningr\u00fchmaga liitumiseks!<br \/>\nkl 17 KL, <strong><a href=\"https:\/\/muraste.ee\/vana\/?p=5969\" target=\"_blank\">MUDELISMIRING<\/a><\/strong> algajatele. Juhendab Andres Madissoo <strong>NB!\u00a0V<\/strong>eel on vabu kohti uutele liitujatele!<br \/>\nkl 18.15 KL, <strong><a href=\"https:\/\/muraste.ee\/vana\/?p=5969\" target=\"_blank\">MUDELISMIRING<\/a><\/strong> edasij\u00f5udnutele. Juhendab Andres Madissoo<a href=\"https:\/\/muraste.ee\/vana\/wp-content\/uploads\/2016\/03\/motokrossipisik.jpg\" rel=\"attachment wp-att-6066\"><img decoding=\"async\" loading=\"lazy\" class=\"size-medium wp-image-6066 alignright\" src=\"https:\/\/muraste.ee\/vana\/wp-content\/uploads\/2016\/03\/motokrossipisik-212x300.jpg\" sizes=\"(max-width: 212px) 100vw, 212px\" srcset=\"https:\/\/muraste.ee\/vana\/wp-content\/uploads\/2016\/03\/motokrossipisik-212x300.jpg 212w, https:\/\/muraste.ee\/vana\/wp-content\/uploads\/2016\/03\/motokrossipisik-624x884.jpg 624w, https:\/\/muraste.ee\/vana\/wp-content\/uploads\/2016\/03\/motokrossipisik.jpg 678w\" alt=\"motokrossipisik\" width=\"212\" height=\"300\" \/><\/a><br \/>\nkl 17.45 SP,\u00a0<strong>Judoklubi \u201cAitado\u201d\u00a0Judo<\/strong>\u00a0(edasij\u00f5udnud. \u00a0(www.aitado.ee, treener Edward, tel 58053039)<br \/>\nkl 18 KO, <strong>UUS!<\/strong>\u00a0<a href=\"https:\/\/muraste.ee\/vana\/?p=5843\" target=\"_blank\"><strong>Praktilise lilleseade kursus<\/strong><\/a><br \/>\nkl 18 PS,\u00a0<strong><a href=\"https:\/\/muraste.ee\/vana\/?p=6090\" target=\"_blank\">Line-tantsu<\/a> uus hooaeg!<\/strong> K\u00f5ik uued ja senised tantsijad on oodatud!<strong><br \/>\n<\/strong>kell 18.30 LS, \u00a0<strong>UUS! <\/strong>\u00a0<a href=\"https:\/\/muraste.ee\/vana\/?p=6191\" target=\"_blank\"><strong>Muraste kohviklubi<\/strong> <\/a>(ja avatud juhatuse koosolek). <em>(<strong>NB!<\/strong> jalga vahetusjalatsid v\u00f5i m\u00f5nusad sokid)<\/em><br \/>\nkl 19 KL, \u00a0<strong>Inglise keele kursus<\/strong>\u00a0(algtase A2) uuesti alustajatele ja algajatele. Lisainfo \u00a0juhendajalt tel 56575575 v\u00f5i marethein@gmail.com (Maret Hein).<br \/>\nkl 19.30 PS, <strong>Harku Harakad<\/strong> tanstuproov\u00a0<a href=\"https:\/\/muraste.ee\/vana\/wp-content\/uploads\/2016\/03\/motokrossipisik.jpg\" rel=\"attachment wp-att-6066\"><img decoding=\"async\" loading=\"lazy\" class=\"size-medium wp-image-6066 alignleft\" src=\"https:\/\/muraste.ee\/vana\/wp-content\/uploads\/2016\/03\/motokrossipisik-212x300.jpg\" sizes=\"(max-width: 212px) 100vw, 212px\" srcset=\"https:\/\/muraste.ee\/vana\/wp-content\/uploads\/2016\/03\/motokrossipisik-212x300.jpg 212w, https:\/\/muraste.ee\/vana\/wp-content\/uploads\/2016\/03\/motokrossipisik-624x884.jpg 624w, https:\/\/muraste.ee\/vana\/wp-content\/uploads\/2016\/03\/motokrossipisik.jpg 678w\" alt=\"motokrossipisik\" width=\"212\" height=\"300\" \/><\/a><\/p>\n<p>kl 19.30 SP, <strong>UUS!\u00a0\u00dcldkehalise ettevalmistuse treening.\u00a0<\/strong>Lisainfo:\u00a0<a href=\"http:\/\/motokrossipisik.eu\/saalitrennid\/\" target=\"_blank\" rel=\"noopener nofollow\" data-ft=\"{&quot;tn&quot;:&quot;-U&quot;}\" data-lynx-mode=\"async\" data-lynx-uri=\"https:\/\/l.facebook.com\/l.php?u=http%3A%2F%2Fmotokrossipisik.eu%2Fsaalitrennid%2F&amp;h=ATMtTHYPByHFd3Ejb-M_bw3_McwWuVo6SD2thhdIQy0F3YVpA_h8WkckKLGErB5uFSUlktLr926FwJ0TEtQ-jB1FBraRjZFjM3beY2s_WKOJD6YfrxE6Mt1hjwfw9ksYAGjgdHZC18BIeDnAuwSsYczTILfnnMLOzQF24cH3R6VS26raqEtS2BUg7_WQqbEtEpxp1xS_pyotI8RQyh4c32tfhGm_t2n7ldi5cdnf0XZ3A7pBLlADRaD37BfrOmuJ2do5HhcLCgaUhRx9NIHS07XqH95qhCVLIPfFZlqnktc\">http:\/\/motokrossipisik.eu\/saalitrennid\/<\/a>, hannes@motokrossipisik.ee, telefon 5296556<\/p>\n<div id=\"js_bfj\" class=\"_5pbx userContent _3576\" data-ad-preview=\"message\" data-ft=\"{&quot;tn&quot;:&quot;K&quot;}\">\n<p><strong>Neljap\u00e4ev, 8. november<\/strong><em><br \/>\n<\/em>kl 13.40 \u2013 (18.15) KO, <strong>Triinu laulustuudio<\/strong><strong><br \/>\n<\/strong>kl\u00a019.00\u00a0KO,\u00a0<strong>Inglise keele\u00a0kursus<\/strong> edasij\u00f5udnutele\u00a0(eel-kesktase B 1.1) \u00a0Lisainfo \u00a0juhendajalt tel 56575575 v\u00f5i marethein@gmail.com (Maret Hein).<br \/>\nkl 18.30 AT, <strong>N\u00c4ITERING, <\/strong>juhendab Anne Veesaar.<\/p>\n<p><strong>Reede, 9. november<\/strong><\/p>\n<\/div>\n<\/div>\n<p>kl 15 T,\u00a0\u00a0<strong>UUS!<\/strong> \u00a0<strong>Showtants &amp; cheerleading<\/strong>. Lisainfo bron@prodance.ee, tel 55577821<br \/>\nkl 17.45 SP,\u00a0<strong>Judoklubi \u201cAitado\u201d\u00a0Judo<\/strong>\u00a0(edasij\u00f5udnud. \u00a0(www.aitado.ee, treener Edward, tel 58053039)<br \/>\nkl 18.30: <a href=\"https:\/\/www.youtube.com\/watch?v=GbxpAAT5-3k\" target=\"_blank\"><strong>UUS!\u00a0<\/strong>\u00a0Soome film lastele <\/a><strong><a href=\"https:\/\/www.youtube.com\/watch?v=eIvOrB48EQA\" target=\"_blank\">MUUMID JA TALVINE IMEDEMAA<\/a><\/strong><\/p>\n<p><strong>Laup\u00e4ev, 10. november<\/strong><br \/>\nkl 10-16 PS, Naisrahvatanstur\u00fchma \u201cMaranad\u201d tantsulaager<\/p>\n<p><strong>M U R A S T E S \u00a0L\u00c4HIAJAL \u00a0 T U L E K U L<\/strong><\/p>\n<ul>\n<li>\n<ul>\n<li>L\u00c4HITULEVIKU <strong>MURASTE<\/strong>\u00a0<strong>FILMIPROGRAMM<\/strong> ON N\u00c4HTAV <strong><a href=\"https:\/\/muraste.ee\/vana\/?p=5961\" target=\"_blank\">SIIN<\/a><\/strong><\/li>\n<li><em><strong>TULEKUL <\/strong>9. november kell 18.30: <a href=\"https:\/\/www.youtube.com\/watch?v=GbxpAAT5-3k\" target=\"_blank\">uus Soome film lastele <\/a><strong><a href=\"https:\/\/www.youtube.com\/watch?v=eIvOrB48EQA\" target=\"_blank\">MUUMID JA TALVINE IMEDEMAA<\/a><\/strong><\/em><\/li>\n<li><em><strong><strong>TULEKUL<\/strong><\/strong> 16. november: \u00a0uus Rootsi eluloofilm <strong><strong><a href=\"https:\/\/www.youtube.com\/watch?v=GbxpAAT5-3k\" target=\"_blank\">ASTRID LINDGRENI R\u00c4\u00c4KIMATA LUGU\u00a0<\/a><\/strong><br \/>\n<\/strong><\/em><\/li>\n<li><em><strong>TULEKUL <\/strong>29. november: uue Eesti film<strong> <strong><a href=\"https:\/\/www.youtube.com\/watch?v=HiwvKvMk-KQ\" target=\"_blank\">\u00d5IGUS \u00d5NNELE<\/a><\/strong><\/strong><\/em><\/li>\n<li><em><strong>TULEKUL<\/strong>\u00a030. november: \u00a0uus Saksamaa film lastele\u00a0<strong><a href=\"https:\/\/www.youtube.com\/watch?v=GZlCIVdgzUY\" target=\"_blank\">PAPA MOLL JA \u0161OKOLAADIVABRIK<\/a><\/strong><\/em><\/li>\n<li><em><strong>TULEKUL<\/strong>\u00a021. detsember: uus Eesti film lastele\u00a0<strong><a href=\"https:\/\/www.youtube.com\/watch?v=pxPlRUKYxes\" target=\"_blank\">EIA J\u00d5ULUD TONDIKATKUL<\/a><\/strong><\/em><\/li>\n<li>7. november kell 18.30 <a href=\"https:\/\/muraste.ee\/vana\/?p=6191\" target=\"_blank\"><strong>Muraste kohviklubi<\/strong> <\/a>(ja avatud juhatuse koosolek).<\/li>\n<li>13. november kell 19 <strong><a href=\"https:\/\/muraste.ee\/vana\/?p=6196\" target=\"_blank\">Noormees Siberist \u00f5petab kurgulaulu<\/a><\/strong><\/li>\n<li>22. november\u00a0kell 19\u00a0<strong>kohtumis\u00f5htu<\/strong>\u00a0 ehk <strong><strong>Raivo \u201c4\u00d74\u201d Malter.\u00a0<\/strong><\/strong><em><span data-offset-key=\"2bugj-0-0\"><span data-text=\"true\">Naiskodukaitse Harku jaoskonna tragide naiste kutsel olete oodatud toredale kohtumis\u00f5htule neljap\u00e4eval, 22. novembril kell 19.00 Muraste kooli aatriumisse, et saada vahetuid muljeid TV ekraanidelt tuttava 4X4 reisiselli Onu Raiu seiklustest.\u00a0<\/span><\/span><\/em><em><span data-offset-key=\"6sth9-0-0\"><span data-text=\"true\">Kohtumiseni! \u00a0<\/span><\/span><\/em><\/li>\n<li>24. november kell 14.30 Nimetu N\u00e4item\u00e4nguseltskond etendusega <strong>\u201cKaheksa armastavat naist\u201d<\/strong> Padise teatrip\u00e4eval<\/li>\n<li>25. november <strong>Harku valla vabatahtlike tunnustamise \u00f5htu<\/strong> (<a href=\"https:\/\/muraste.ee\/vana\/?p=6043\" target=\"_blank\">lisainfo<\/a>).<\/li>\n<li>6. detsember kell 18\u00a0<strong>loeng<\/strong> <strong>\u201cLatentsi (6-11 a) \u2013 ja teismeliseea areng ja ise\u00e4rasused\u201c.\u00a0<\/strong><em>Loeng puudutab 6- 14 aasta vanuse lapse arengut ning annab v\u00f5imaluse paremini m\u00f5ista ja m\u00e4\u00e4ratleda oma last sel arenguperioodil. Loengut viib l\u00e4bi ps\u00fchhoanal\u00fc\u00fctik ja \u2013 terapeut Edith Herkel. (\u00dcritus kestab 1,5- kuni 2 tundi).<\/em><\/li>\n<li>16. detsember taidlejate j\u00f5ulukontsert (info tulekul)<em><br \/>\n<a href=\"https:\/\/muraste.ee\/vana\/wp-content\/uploads\/2016\/03\/triipkood.jpg\" rel=\"attachment wp-att-6041\"><img decoding=\"async\" loading=\"lazy\" class=\"size-large wp-image-6041 aligncenter\" src=\"https:\/\/muraste.ee\/vana\/wp-content\/uploads\/2016\/03\/triipkood-1024x366.jpg\" sizes=\"(max-width: 625px) 100vw, 625px\" srcset=\"https:\/\/muraste.ee\/vana\/wp-content\/uploads\/2016\/03\/triipkood-300x107.jpg 300w, https:\/\/muraste.ee\/vana\/wp-content\/uploads\/2016\/03\/triipkood-768x274.jpg 768w, https:\/\/muraste.ee\/vana\/wp-content\/uploads\/2016\/03\/triipkood-1024x366.jpg 1024w, https:\/\/muraste.ee\/vana\/wp-content\/uploads\/2016\/03\/triipkood-624x223.jpg 624w\" alt=\"triipkood\" width=\"625\" height=\"223\" \/><\/a><\/em><\/li>\n<\/ul>\n<\/li>\n<\/ul>\n<p><strong>TEEME PAI!<\/strong><\/p>\n<p>&nbsp;<\/p>\n<p><strong>N\u00c4ITUS SAADAVAL!<\/strong><\/p>\n<\/header>\n<div class=\"entry-content\">\n<p>Kui kellelgi on soovi oma ruumides eksponeerida n\u00e4itust\u00a0\u00a0\u201c<strong><a href=\"https:\/\/muraste.ee\/vana\/?p=5228\" target=\"_blank\">Tuulepealne maa \u2013 siin on sinu kodu<\/a><\/strong>\u201d siis andke endast teada kogukonnakeskus@muraste.ee. N\u00e4itus koosneb 10st roll-up stendist.<\/p>\n<p><strong>\u00a0<\/strong><\/p>\n<p><strong>TEADETETAHVEL<\/strong><\/p>\n<div class=\"text_exposed_show\">\u00a0<a href=\"https:\/\/muraste.ee\/vana\/wp-content\/uploads\/2016\/03\/stend.jpg\" rel=\"attachment wp-att-3740\"><img decoding=\"async\" loading=\"lazy\" class=\"size-medium wp-image-3740 alignright\" src=\"https:\/\/muraste.ee\/vana\/wp-content\/uploads\/2016\/03\/stend-300x224.jpg\" sizes=\"(max-width: 300px) 100vw, 300px\" srcset=\"https:\/\/muraste.ee\/vana\/wp-content\/uploads\/2016\/03\/stend-300x224.jpg 300w, https:\/\/muraste.ee\/vana\/wp-content\/uploads\/2016\/03\/stend-768x572.jpg 768w, https:\/\/muraste.ee\/vana\/wp-content\/uploads\/2016\/03\/stend-1024x763.jpg 1024w, https:\/\/muraste.ee\/vana\/wp-content\/uploads\/2016\/03\/stend-624x465.jpg 624w, https:\/\/muraste.ee\/vana\/wp-content\/uploads\/2016\/03\/stend.jpg 1300w\" alt=\"stend\" width=\"300\" height=\"224\" \/><\/a><\/div>\n<\/div>\n<header class=\"entry-header\">\n<div class=\"entry-content\">\n<div class=\"_1mf _1mj\" data-offset-key=\"cki46-0-0\">\n<div class=\"_1mf _1mj\" data-offset-key=\"cki46-0-0\"><strong><a href=\"https:\/\/muraste.ee\/vana\/wp-content\/uploads\/2016\/03\/stend-1.jpg\" rel=\"attachment wp-att-4360\"><img decoding=\"async\" loading=\"lazy\" class=\"size-medium wp-image-4360 alignright\" src=\"https:\/\/muraste.ee\/vana\/wp-content\/uploads\/2016\/03\/stend-1-300x224.jpg\" sizes=\"(max-width: 300px) 100vw, 300px\" srcset=\"https:\/\/muraste.ee\/vana\/wp-content\/uploads\/2016\/03\/stend-1-300x224.jpg 300w, https:\/\/muraste.ee\/vana\/wp-content\/uploads\/2016\/03\/stend-1-768x572.jpg 768w, https:\/\/muraste.ee\/vana\/wp-content\/uploads\/2016\/03\/stend-1-1024x763.jpg 1024w, https:\/\/muraste.ee\/vana\/wp-content\/uploads\/2016\/03\/stend-1-624x465.jpg 624w, https:\/\/muraste.ee\/vana\/wp-content\/uploads\/2016\/03\/stend-1.jpg 1300w\" alt=\"stend\" width=\"300\" height=\"224\" \/><\/a>Soovid avaldada oma reklaami<\/strong>\u00a0meie infokanalites? Juhised on\u00a0<strong>siin<\/strong>!<\/div>\n<div class=\"_1mf _1mj\" data-offset-key=\"cki46-0-0\"><strong>Soovid kasutada<\/strong>\u00a0m\u00f5nd Muraste k\u00fclaseltsi poolt pakutavat<strong>\u00a0teenust<\/strong>? V\u00f5imalused on<strong>\u00a0siin!<\/strong><\/div>\n<div class=\"_1mf _1mj\" data-offset-key=\"cki46-0-0\"><\/div>\n<div class=\"_1mf _1mj\" data-offset-key=\"cki46-0-0\"><\/div>\n<p><strong>Teadmiseks:\u00a0<\/strong>Muraste igan\u00e4dalase e-infokirjaga liitumiseks saada sellekohane teade muraste@muraste.ee<br \/>\n<strong>Muraste kogukonnakeskus\u00a0<\/strong>(Lee tee 9, Muraste) avatud E-N 10 -18, R 10-16.<br \/>\n<strong>T\u00e4psustused ja info:<\/strong>\u00a0kogukonnakeskus@muraste.ee;\u00a05253128 (Aule Kikas).<\/p>\n<p><a href=\"https:\/\/muraste.ee\/vana\/wp-content\/uploads\/2016\/03\/sygis-3.jpg\" rel=\"attachment wp-att-6113\"><img decoding=\"async\" loading=\"lazy\" class=\"size-medium wp-image-6113 aligncenter\" src=\"https:\/\/muraste.ee\/vana\/wp-content\/uploads\/2016\/03\/sygis-3-300x225.jpg\" sizes=\"(max-width: 300px) 100vw, 300px\" srcset=\"https:\/\/muraste.ee\/vana\/wp-content\/uploads\/2016\/03\/sygis-3-300x225.jpg 300w, https:\/\/muraste.ee\/vana\/wp-content\/uploads\/2016\/03\/sygis-3-768x576.jpg 768w, https:\/\/muraste.ee\/vana\/wp-content\/uploads\/2016\/03\/sygis-3-624x468.jpg 624w, https:\/\/muraste.ee\/vana\/wp-content\/uploads\/2016\/03\/sygis-3.jpg 960w\" alt=\"sygis\" width=\"300\" height=\"225\" \/><\/a><\/p>\n<\/div>\n<\/div>\n<\/header>\n<\/div>\n","protected":false},"excerpt":{"rendered":"<p>N\u00c4DAL 45 MURASTES 5. \u2013 11. november 2018\u00a0* * AT- koolimaja aatrium, SP- spordihoone; KO-kogukonnakeskus; \u00a0 KL- klassiruum; PS \u2013 peegelsaal; SS- s\u00f6\u00f6gisaal, LV- lavasaal, MR- meediaruum Kaanefoto:\u00a0Ajal, mil enamus meist unistab sillerdavast p\u00e4ikesest, n\u00e4eb siinkandis \u00fcha enam k\u00fclmap\u00f5lgureid, kes arvavad hiliss\u00fcgisese merevee olevat parimaks supluspaigaks! Olgu siis peale \u2013 ikka terviseks! \u00a0 Esmasp\u00e4ev, 5.<a class=\"moretag\" href=\"https:\/\/muraste.ee\/vana\/?page_id=6234\"><br \/>&#8230;Loe edasi<\/a><\/p>\n","protected":false},"author":2,"featured_media":0,"parent":0,"menu_order":0,"comment_status":"closed","ping_status":"closed","template":"nadalakava.php","meta":{"_bbp_topic_count":0,"_bbp_reply_count":0,"_bbp_total_topic_count":0,"_bbp_total_reply_count":0,"_bbp_voice_count":0,"_bbp_anonymous_reply_count":0,"_bbp_topic_count_hidden":0,"_bbp_reply_count_hidden":0,"_bbp_forum_subforum_count":0,"_mc_calendar":[]},"_links":{"self":[{"href":"https:\/\/muraste.ee\/vana\/index.php?rest_route=\/wp\/v2\/pages\/6234"}],"collection":[{"href":"https:\/\/muraste.ee\/vana\/index.php?rest_route=\/wp\/v2\/pages"}],"about":[{"href":"https:\/\/muraste.ee\/vana\/index.php?rest_route=\/wp\/v2\/types\/page"}],"author":[{"embeddable":true,"href":"https:\/\/muraste.ee\/vana\/index.php?rest_route=\/wp\/v2\/users\/2"}],"replies":[{"embeddable":true,"href":"https:\/\/muraste.ee\/vana\/index.php?rest_route=%2Fwp%2Fv2%2Fcomments&post=6234"}],"version-history":[{"count":1,"href":"https:\/\/muraste.ee\/vana\/index.php?rest_route=\/wp\/v2\/pages\/6234\/revisions"}],"predecessor-version":[{"id":6236,"href":"https:\/\/muraste.ee\/vana\/index.php?rest_route=\/wp\/v2\/pages\/6234\/revisions\/6236"}],"wp:attachment":[{"href":"https:\/\/muraste.ee\/vana\/index.php?rest_route=%2Fwp%2Fv2%2Fmedia&parent=6234"}],"curies":[{"name":"wp","href":"https:\/\/api.w.org\/{rel}","templated":true}]}}