{"id":6272,"date":"2018-11-20T12:11:30","date_gmt":"2018-11-20T10:11:30","guid":{"rendered":"https:\/\/muraste.ee\/vana\/?page_id=6272"},"modified":"2018-11-20T12:12:00","modified_gmt":"2018-11-20T10:12:00","slug":"6272-2","status":"publish","type":"page","link":"https:\/\/muraste.ee\/vana\/?page_id=6272","title":{"rendered":"N\u00e4dal 46"},"content":{"rendered":"<h1 class=\"entry-title\"><span style=\"color: #008080;\"><strong>N\u00c4DAL 46 MURASTES<br \/>\n12. \u2013 18. november 2018\u00a0*<br \/>\n<\/strong>\u00a0<\/span><\/h1>\n<div class=\"entry-content\">\n<p><em>* AT- koolimaja aatrium, SP- spordihoone; KO-kogukonnakeskus; \u00a0 KL- klassiruum; PS \u2013 peegelsaal; SS- s\u00f6\u00f6gisaal, LV- lavasaal, MR- meediaruum<\/em><\/p>\n<p><em>Kaanefoto: Siiras r\u00f5\u00f5m Muraste koolimaja juurdeehituse avamisest (L.Oviir)<\/em><\/p>\n<div class=\"_3x-2\" data-ft=\"{&quot;tn&quot;:&quot;H&quot;}\"><em><a href=\"https:\/\/muraste.ee\/vana\/wp-content\/uploads\/2016\/03\/n\u00e4ite2.jpg\" rel=\"attachment wp-att-6176\">\u00a0<\/a><\/em><\/div>\n<\/div>\n<div class=\"entry-content\">\n<header class=\"entry-header\">\n<div class=\"entry-content\">\n<p><strong>Esmasp\u00e4ev, 12. november\u00a0<\/strong><br \/>\nkl 8.30 AT, <strong>T\u00e4histame kooli ja kogukonnaga isadep\u00e4eva<\/strong>: Tabasalu Muusikakooli puhkpilliorkestri kontsert<br \/>\nkl 14.40 KO,\u00a0<strong>Fa Stuudio kandlering<\/strong> (lapsed, algajad)<br \/>\nkl 16.15 SP,\u00a0<strong>Judoklubi \u201cAitado\u201d\u00a0Judo<\/strong>\u00a0(alustajad ja uuesti alustajad). \u00a0(www.aitado.ee, Edward, tel 58053039) NB! 7-9 aastased spordis\u00f5brad, veel on vabu kohti treeningr\u00fchmaga liitumiseks!<br \/>\nkl 17.30 KO, <strong>V\u00e4ikekandleansambel LiULi<\/strong><br \/>\nkl 17.45 SP,\u00a0<strong>Judoklubi \u201cAitado\u201d\u00a0Judo<\/strong>\u00a0(edasij\u00f5udnud. \u00a0(www.aitado.ee, treener Edward, tel 58053039)<br \/>\nkl 19.15 SP, <strong>V\u00f5rkpall<\/strong><br \/>\nkl 19 AT, \u00a0<strong>Suurupi naiskoor Meretule\u00a0 <\/strong><br \/>\nkl 19 KO, <strong>V\u00e4ikekandleansambel LiULi<\/strong> \u00a0(t\u00e4iskasvanud, algajate grupp, \u00fcle n\u00e4dala)<\/p>\n<p><strong>Teisip\u00e4ev, 13. november<a href=\"https:\/\/muraste.ee\/vana\/wp-content\/uploads\/2018\/11\/kurgulaul.jpg\" rel=\"attachment wp-att-6197\"><img decoding=\"async\" loading=\"lazy\" class=\"size-medium wp-image-6197 alignright\" src=\"https:\/\/muraste.ee\/vana\/wp-content\/uploads\/2018\/11\/kurgulaul-300x210.jpg\" sizes=\"(max-width: 300px) 100vw, 300px\" srcset=\"https:\/\/muraste.ee\/vana\/wp-content\/uploads\/2018\/11\/kurgulaul-300x210.jpg 300w, https:\/\/muraste.ee\/vana\/wp-content\/uploads\/2018\/11\/kurgulaul-624x436.jpg 624w, https:\/\/muraste.ee\/vana\/wp-content\/uploads\/2018\/11\/kurgulaul.jpg 764w\" alt=\"kurgulaul\" width=\"300\" height=\"210\" \/><\/a><br \/>\n<\/strong>kl 14.40 KO, Fa Stuudio <strong>fl\u00f6\u00f6diring<\/strong><strong><br \/>\n<\/strong>kl 18.30 KL,\u00a0<strong>Inglise keele kursus \u00a0<\/strong>(kesktase B 1.2).\u00a0Lisainfo \u00a0juhendajalt tel 56575575 v\u00f5i marethein@gmail.com (Maret Hein).<br \/>\nkl 18.30 PS, <strong>SELTSKONNATANTSU KURSUS<\/strong>\u00a0algajatele-<br \/>\nkl 19.45 PS,\u00a0<strong>Seltskonnatantsude harjutustund<\/strong>\u2013 v\u00f5imalus \u00f5pitut kinnistada ja toredas seltskonnas jalga keerutada.<br \/>\nkl AT, <strong>UUS! <\/strong>\u00a0<strong><a href=\"https:\/\/muraste.ee\/vana\/?p=6196\" target=\"_blank\">Noormees Siberist \u00f5petab kurgulaulu<\/a>\u00a0<\/strong>(<em>kliki lingile ja loe lisa)<\/em><br \/>\n<a href=\"https:\/\/muraste.ee\/vana\/wp-content\/uploads\/2016\/03\/show.jpg\" rel=\"attachment wp-att-5946\"><img decoding=\"async\" loading=\"lazy\" class=\"size-medium wp-image-5946 alignleft\" src=\"https:\/\/muraste.ee\/vana\/wp-content\/uploads\/2016\/03\/show-200x300.jpg\" sizes=\"(max-width: 200px) 100vw, 200px\" srcset=\"https:\/\/muraste.ee\/vana\/wp-content\/uploads\/2016\/03\/show-200x300.jpg 200w, https:\/\/muraste.ee\/vana\/wp-content\/uploads\/2016\/03\/show.jpg 480w\" alt=\"show\" width=\"200\" height=\"300\" \/><\/a><\/p>\n<p><strong>Kolmap\u00e4ev, 14. november<br \/>\n<\/strong>kl 14.40 KO, Fa Stuudio <strong>kandlering<\/strong> (lapsed, edasij\u00f5udnud)<strong><br \/>\n<\/strong>kl 15 AT,<strong>\u00a0Showtants &amp; cheerleading. Lisainfo bron@prodance.ee, tel 55577821<br \/>\n<\/strong>kl 15.30-17 KL<strong>, UUS HUVIRING NOORTELE! PROGRAMMEERIMINE <\/strong><em>(veel on vabu kohti!)<\/em><strong> (loe lisa<a href=\"https:\/\/muraste.ee\/vana\/?p=6059\" target=\"_blank\"> SIIT<\/a>)<a href=\"https:\/\/muraste.ee\/vana\/wp-content\/uploads\/2018\/10\/line.jpg\" rel=\"attachment wp-att-6091\"><img decoding=\"async\" loading=\"lazy\" class=\"size-medium wp-image-6091 alignleft\" src=\"https:\/\/muraste.ee\/vana\/wp-content\/uploads\/2018\/10\/line-300x199.jpg\" sizes=\"(max-width: 300px) 100vw, 300px\" srcset=\"https:\/\/muraste.ee\/vana\/wp-content\/uploads\/2018\/10\/line-300x199.jpg 300w, https:\/\/muraste.ee\/vana\/wp-content\/uploads\/2018\/10\/line-768x510.jpg 768w, https:\/\/muraste.ee\/vana\/wp-content\/uploads\/2018\/10\/line-624x415.jpg 624w, https:\/\/muraste.ee\/vana\/wp-content\/uploads\/2018\/10\/line.jpg 960w\" alt=\"line\" width=\"300\" height=\"199\" \/><\/a><br \/>\n<\/strong>kl 16.15 SP,\u00a0<strong>Judoklubi \u201cAitado\u201d\u00a0Judo<\/strong>\u00a0(alustajad ja uuesti alustajad). \u00a0(www.aitado.ee, Edward, tel 58053039) NB! 7-9 aastased spordis\u00f5brad, veel on vabu kohti treeningr\u00fchmaga liitumiseks!<br \/>\nkl 17 KL, <strong><a href=\"https:\/\/muraste.ee\/vana\/?p=5969\" target=\"_blank\">MUDELISMIRING<\/a><\/strong> algajatele. Juhendab Andres Madissoo <strong>NB!\u00a0V<\/strong>eel on vabu kohti uutele liitujatele!<br \/>\nkl 18.15 KL, <strong><a href=\"https:\/\/muraste.ee\/vana\/?p=5969\" target=\"_blank\">MUDELISMIRING<\/a><\/strong> edasij\u00f5udnutele. Juhendab Andres Madissoo<a href=\"https:\/\/muraste.ee\/vana\/wp-content\/uploads\/2016\/03\/motokrossipisik.jpg\" rel=\"attachment wp-att-6066\"><img decoding=\"async\" loading=\"lazy\" class=\"size-medium wp-image-6066 alignright\" src=\"https:\/\/muraste.ee\/vana\/wp-content\/uploads\/2016\/03\/motokrossipisik-212x300.jpg\" sizes=\"(max-width: 212px) 100vw, 212px\" srcset=\"https:\/\/muraste.ee\/vana\/wp-content\/uploads\/2016\/03\/motokrossipisik-212x300.jpg 212w, https:\/\/muraste.ee\/vana\/wp-content\/uploads\/2016\/03\/motokrossipisik-624x884.jpg 624w, https:\/\/muraste.ee\/vana\/wp-content\/uploads\/2016\/03\/motokrossipisik.jpg 678w\" alt=\"motokrossipisik\" width=\"212\" height=\"300\" \/><\/a><br \/>\nkl 17.45 SP,\u00a0<strong>Judoklubi \u201cAitado\u201d\u00a0Judo<\/strong>\u00a0(edasij\u00f5udnud. \u00a0(www.aitado.ee, treener Edward, tel 58053039)<br \/>\nkl 18 PS,\u00a0<strong><a href=\"https:\/\/muraste.ee\/vana\/?p=6090\" target=\"_blank\">Line-tants<\/a>!<\/strong>\u00a0<strong>NB!<\/strong>\u00a0<strong>K\u00f5ik uued ja senised tantsijad on oodatud!<\/strong><br \/>\nkl 19 KL, \u00a0<strong>Inglise keele kursus<\/strong>\u00a0(algtase A2) uuesti alustajatele ja algajatele. Lisainfo \u00a0juhendajalt tel 56575575 v\u00f5i marethein@gmail.com (Maret Hein).<br \/>\nkl 19.30 PS, <strong>Harku Harakad<\/strong> tanstuproov<br \/>\nkl 19.30 SP, <strong>UUS!\u00a0\u00dcldkehalise ettevalmistuse treening.\u00a0<\/strong>Lisainfo:\u00a0<a href=\"http:\/\/motokrossipisik.eu\/saalitrennid\/\" target=\"_blank\" rel=\"noopener nofollow\" data-ft=\"{&quot;tn&quot;:&quot;-U&quot;}\" data-lynx-mode=\"async\" data-lynx-uri=\"https:\/\/l.facebook.com\/l.php?u=http%3A%2F%2Fmotokrossipisik.eu%2Fsaalitrennid%2F&amp;h=ATMtTHYPByHFd3Ejb-M_bw3_McwWuVo6SD2thhdIQy0F3YVpA_h8WkckKLGErB5uFSUlktLr926FwJ0TEtQ-jB1FBraRjZFjM3beY2s_WKOJD6YfrxE6Mt1hjwfw9ksYAGjgdHZC18BIeDnAuwSsYczTILfnnMLOzQF24cH3R6VS26raqEtS2BUg7_WQqbEtEpxp1xS_pyotI8RQyh4c32tfhGm_t2n7ldi5cdnf0XZ3A7pBLlADRaD37BfrOmuJ2do5HhcLCgaUhRx9NIHS07XqH95qhCVLIPfFZlqnktc\">http:\/\/motokrossipisik.eu\/saalitrennid\/<\/a>, hannes@motokrossipisik.ee, telefon 5296556<\/p>\n<div id=\"js_bfj\" class=\"_5pbx userContent _3576\" data-ad-preview=\"message\" data-ft=\"{&quot;tn&quot;:&quot;K&quot;}\">\n<p><strong>Neljap\u00e4ev, 15. november<\/strong><em><br \/>\n<\/em>kl 13.40 \u2013 (18.15) KO, <strong>Triinu laulustuudio<\/strong><strong><br \/>\n<\/strong>kl\u00a019.00\u00a0KO,\u00a0<strong>Inglise keele\u00a0kursus<\/strong> edasij\u00f5udnutele\u00a0(eel-kesktase B 1.1) \u00a0Lisainfo \u00a0juhendajalt tel 56575575 v\u00f5i marethein@gmail.com (Maret Hein).<br \/>\nkl 18.30 AT, <strong>N\u00c4ITERING, <\/strong>juhendab Anne Veesaar.<\/p>\n<p><strong>Reede, 16. november<\/strong><\/p>\n<\/div>\n<\/div>\n<p>kl 15 T,\u00a0\u00a0<strong>UUS!<\/strong> \u00a0<strong>Showtants &amp; cheerleading<\/strong>. Lisainfo bron@prodance.ee, tel 55577821<br \/>\nkl 17.45 SP,\u00a0<strong>Judoklubi \u201cAitado\u201d\u00a0Judo<\/strong>\u00a0(edasij\u00f5udnud. \u00a0(www.aitado.ee, treener Edward, tel 58053039)<br \/>\nkl 19.00 AT, <strong>UUS!\u00a0<\/strong>Rootsi eluloofilm <strong><strong><a href=\"https:\/\/www.youtube.com\/watch?v=GbxpAAT5-3k\" target=\"_blank\">ASTRID LINDGRENI R\u00c4\u00c4KIMATA LUGU\u00a0<\/a><br \/>\n<\/strong><\/strong><em>Kas leidub Eestis last, kes pole lugenud Astrid Lindgreni raamatuid ja kes pole t\u00e4iskasvanuna kasv\u00f5i korraks m\u00f5elnud, kuidas Lindgren lapse hinge iga viimast kui soppi nii h\u00e4sti tundis ja selle t\u00e4iskasvanute maailmast s\u00e4\u00e4rase hellusega k\u00f5rgemale oskas asetada?<\/em><br \/>\n<em>Tuntud Taani re\u017eiss\u00f6\u00f6r Pernille Fischer Christensen (\u201eKeegi, keda sa armastad\u201d, \u201ePerekond\u201d) k\u00e4sitleb oma viimases linateoses armastuse ja soojusega noore Astrid Lindgreni kirjanikuks kujunemist ning tema kirjat\u00f6\u00f6de m\u00f5ju lastele, ilma et me kinolinal Astridit ennast raamatut kirjutamas n\u00e4eks, mida ju \u00fchelt eluloofilmilt v\u00f5iks oodata. N\u00e4eme hoopis noore t\u00fcdruku lapsep\u00f5lve halastamatut katkemist ning seda, kuidas t\u00e4iskasvanute maailm ja \u00fchiskond teda alt veavad. Kuid Astridi p\u00f5ues on k\u00f5ik tulevased Lotad, Pipid, Emilid ja Karlssonid, aga ka l\u00f5putu hulk teisi suure s\u00fcdame ja \u00f5iglase meelega tegelasi, kes katsumustele vaatamata on meie k\u00f5igi \u00f5nneks tulvil armastust ja hoolt n\u00f5rgemate vastu.<\/em><br \/>\n<em>Astridi osat\u00e4itjana n\u00e4eme v\u00f5rratut Alba Augustit (Bille ja Pernilla Augusti t\u00fctar, Berlinale t\u00e4navune Shooting Star), kes on hetkel \u00fcks paljut\u00f5otavamaid noori Skandinaavia n\u00e4itlejaid.<br \/>\n<\/em><\/p>\n<ul>\n<li>2h 03 min;\u00a0draama, eluloofilm;\u00a0audio: rootsi keeles;\u00a0subtiitrid:\u00a0eesti keeles, vene keeles<\/li>\n<li>Pilet 5.-\/4.-(\u00f5pilased, seeniorid)<\/li>\n<\/ul>\n<p><em><br \/>\n<strong><strong><a href=\"https:\/\/muraste.ee\/vana\/wp-content\/uploads\/2016\/03\/Estinfilm_Lindgren_670x250.jpg\" rel=\"attachment wp-att-6249\"><img decoding=\"async\" loading=\"lazy\" class=\"alignnone wp-image-6249\" src=\"https:\/\/muraste.ee\/vana\/wp-content\/uploads\/2016\/03\/Estinfilm_Lindgren_670x250-300x112.jpg\" sizes=\"(max-width: 421px) 100vw, 421px\" srcset=\"https:\/\/muraste.ee\/vana\/wp-content\/uploads\/2016\/03\/Estinfilm_Lindgren_670x250-300x112.jpg 300w, https:\/\/muraste.ee\/vana\/wp-content\/uploads\/2016\/03\/Estinfilm_Lindgren_670x250-624x233.jpg 624w, https:\/\/muraste.ee\/vana\/wp-content\/uploads\/2016\/03\/Estinfilm_Lindgren_670x250.jpg 670w\" alt=\"Estinfilm_Lindgren_670x250\" width=\"421\" height=\"157\" \/><\/a><br \/>\n<\/strong><\/strong><\/em><\/p>\n<p><strong>Laup\u00e4ev, 17. november<a href=\"https:\/\/muraste.ee\/vana\/wp-content\/uploads\/2016\/03\/komm.jpg\" rel=\"attachment wp-att-6250\"><img decoding=\"async\" loading=\"lazy\" class=\"size-thumbnail wp-image-6250 alignright\" src=\"https:\/\/muraste.ee\/vana\/wp-content\/uploads\/2016\/03\/komm-150x150.jpg\" alt=\"komm\" width=\"150\" height=\"150\" \/><\/a><\/strong><br \/>\nkl 9-17 AT, Rocca Al Mare kooli segakoori <strong>laululaager<br \/>\nAINULT T\u00c4NA! Kadri\u00f5htu \u2013 l\u00e4hme Katri jooksma!<\/strong><\/p>\n<p>&nbsp;<\/p>\n<p><strong>M U R A S T E S \u00a0L\u00c4HIAJAL \u00a0 T U L E K U L<\/strong><\/p>\n<ul>\n<li>\n<ul>\n<li>L\u00c4HITULEVIKU <strong>MURASTE<\/strong>\u00a0<strong>FILMIPROGRAMM<\/strong> ON N\u00c4HTAV <strong><a href=\"https:\/\/muraste.ee\/vana\/?page_id=774\" target=\"_blank\">SIIN<\/a><\/strong><\/li>\n<li><em><strong><strong>TULEKUL<\/strong><\/strong> 16. november kell 19: \u00a0uus Rootsi eluloofilm <strong><strong><a href=\"https:\/\/www.youtube.com\/watch?v=GbxpAAT5-3k\" target=\"_blank\">ASTRID LINDGRENI R\u00c4\u00c4KIMATA LUGU\u00a0<\/a><\/strong><\/strong><strong><br \/>\n<\/strong><\/em><\/li>\n<li><em><strong>TULEKUL <\/strong>29. november: uue Eesti film<strong> <strong><a href=\"https:\/\/www.youtube.com\/watch?v=HiwvKvMk-KQ\" target=\"_blank\">\u00d5IGUS \u00d5NNELE<\/a><\/strong><\/strong><\/em><\/li>\n<li><em><strong>TULEKUL<\/strong>\u00a030. november: \u00a0uus Saksamaa film lastele\u00a0<strong><a href=\"https:\/\/www.youtube.com\/watch?v=GZlCIVdgzUY\" target=\"_blank\">PAPA MOLL JA \u0161OKOLAADIVABRIK<\/a><\/strong><\/em><\/li>\n<li><em><strong>TULEKUL<\/strong>\u00a021. detsember: uus Eesti film lastele\u00a0<strong><a href=\"https:\/\/www.youtube.com\/watch?v=pxPlRUKYxes\" target=\"_blank\">EIA J\u00d5ULUD TONDIKATKUL<\/a><\/strong><\/em><\/li>\n<li><\/li>\n<li>13. november kell 19 <strong><a href=\"https:\/\/muraste.ee\/vana\/?p=6196\" target=\"_blank\">Noormees Siberist \u00f5petab kurgulaulu<\/a><\/strong><\/li>\n<li>22. november\u00a0kell 19\u00a0<strong>kohtumis\u00f5htu<\/strong>\u00a0 ehk <strong><strong>Raivo \u201c4\u00d74\u201d Malter.\u00a0<\/strong><\/strong><em><span data-offset-key=\"2bugj-0-0\"><span data-text=\"true\">Naiskodukaitse Harku jaoskonna tragide naiste kutsel olete oodatud toredale kohtumis\u00f5htule neljap\u00e4eval, 22. novembril kell 19.00 Muraste kooli aatriumisse, et saada vahetuid muljeid TV ekraanidelt tuttava 4X4 reisiselli Onu Raiu seiklustest.\u00a0<\/span><\/span><\/em><em><span data-offset-key=\"6sth9-0-0\"><span data-text=\"true\">Kohtumiseni! \u00a0<\/span><\/span><\/em><\/li>\n<li>24. november kell 14.30 Nimetu N\u00e4item\u00e4nguseltskond etendusega <strong>\u201cKaheksa armastavat naist\u201d<\/strong> Padise teatrip\u00e4eval<\/li>\n<li>25. november <strong>Harku valla vabatahtlike tunnustamise \u00f5htu<\/strong> (<a href=\"https:\/\/muraste.ee\/vana\/?p=6043\" target=\"_blank\">lisainfo<\/a>).<\/li>\n<li>6. detsember kell 18\u00a0<strong>loeng<\/strong> <strong>\u201cLatentsi (6-11 a) \u2013 ja teismeliseea areng ja ise\u00e4rasused\u201c.\u00a0<\/strong><em>Loeng puudutab 6- 14 aasta vanuse lapse arengut ning annab v\u00f5imaluse paremini m\u00f5ista ja m\u00e4\u00e4ratleda oma last sel arenguperioodil. Loengut viib l\u00e4bi ps\u00fchhoanal\u00fc\u00fctik ja \u2013 terapeut Edith Herkel. (\u00dcritus kestab 1,5- kuni 2 tundi).<\/em><\/li>\n<li>16. detsember taidlejate j\u00f5ulukontsert (info tulekul)<em><br \/>\n<a href=\"https:\/\/muraste.ee\/vana\/wp-content\/uploads\/2016\/03\/triipkood.jpg\" rel=\"attachment wp-att-6041\"><img decoding=\"async\" loading=\"lazy\" class=\"size-large wp-image-6041 aligncenter\" src=\"https:\/\/muraste.ee\/vana\/wp-content\/uploads\/2016\/03\/triipkood-1024x366.jpg\" sizes=\"(max-width: 625px) 100vw, 625px\" srcset=\"https:\/\/muraste.ee\/vana\/wp-content\/uploads\/2016\/03\/triipkood-300x107.jpg 300w, https:\/\/muraste.ee\/vana\/wp-content\/uploads\/2016\/03\/triipkood-768x274.jpg 768w, https:\/\/muraste.ee\/vana\/wp-content\/uploads\/2016\/03\/triipkood-1024x366.jpg 1024w, https:\/\/muraste.ee\/vana\/wp-content\/uploads\/2016\/03\/triipkood-624x223.jpg 624w\" alt=\"triipkood\" width=\"625\" height=\"223\" \/><\/a><\/em><\/li>\n<\/ul>\n<\/li>\n<\/ul>\n<p><strong>OTSIME H\u00c4ID INIMESI!\u00a0<\/strong><\/p>\n<p><a href=\"https:\/\/muraste.ee\/vana\/wp-content\/uploads\/2016\/03\/73481935-sterne-wanted-stempel-grunge-design-mit-staub-kratzern-effekte-k\u00f6nnen-leicht-f\u00fcr-einen-sauberen-klaren-look-.jpg\" rel=\"attachment wp-att-6263\"><img decoding=\"async\" loading=\"lazy\" class=\"size-thumbnail wp-image-6263 alignright\" src=\"https:\/\/muraste.ee\/vana\/wp-content\/uploads\/2016\/03\/73481935-sterne-wanted-stempel-grunge-design-mit-staub-kratzern-effekte-k\u00f6nnen-leicht-f\u00fcr-einen-sauberen-klaren-look--150x150.jpg\" sizes=\"(max-width: 150px) 100vw, 150px\" srcset=\"https:\/\/muraste.ee\/vana\/wp-content\/uploads\/2016\/03\/73481935-sterne-wanted-stempel-grunge-design-mit-staub-kratzern-effekte-k\u00f6nnen-leicht-f\u00fcr-einen-sauberen-klaren-look--150x150.jpg 150w, https:\/\/muraste.ee\/vana\/wp-content\/uploads\/2016\/03\/73481935-sterne-wanted-stempel-grunge-design-mit-staub-kratzern-effekte-k\u00f6nnen-leicht-f\u00fcr-einen-sauberen-klaren-look--300x300.jpg 300w, https:\/\/muraste.ee\/vana\/wp-content\/uploads\/2016\/03\/73481935-sterne-wanted-stempel-grunge-design-mit-staub-kratzern-effekte-k\u00f6nnen-leicht-f\u00fcr-einen-sauberen-klaren-look--768x768.jpg 768w, https:\/\/muraste.ee\/vana\/wp-content\/uploads\/2016\/03\/73481935-sterne-wanted-stempel-grunge-design-mit-staub-kratzern-effekte-k\u00f6nnen-leicht-f\u00fcr-einen-sauberen-klaren-look--1024x1024.jpg 1024w, https:\/\/muraste.ee\/vana\/wp-content\/uploads\/2016\/03\/73481935-sterne-wanted-stempel-grunge-design-mit-staub-kratzern-effekte-k\u00f6nnen-leicht-f\u00fcr-einen-sauberen-klaren-look--624x624.jpg 624w, https:\/\/muraste.ee\/vana\/wp-content\/uploads\/2016\/03\/73481935-sterne-wanted-stempel-grunge-design-mit-staub-kratzern-effekte-k\u00f6nnen-leicht-f\u00fcr-einen-sauberen-klaren-look-.jpg 1300w\" alt=\"Stars Wanted rubber stamp. Grunge design with dust scratches. Effects can be easily removed for a clean, crisp look. Color is easily changed.\" width=\"150\" height=\"150\" \/><\/a><\/p>\n<p>N\u00fc\u00fcd aga p\u00e4ris t\u00f5sine palve ehk <strong>t\u00f6\u00f6pakkumine<\/strong>: jooga\u00f5petaja, daamide balleti juhendaja, seenioride v\u00f5imlemise suunaja;\u00a0tantsulise\u00a0liikumise eestvedaja \u2013 me ootame Sind kogukonna heaks toimetavate inimeste\u00a0r\u00f5\u00f5msasse\u00a0meeskonda! Tule kogukonnakeskusesse, vaatame \u00fcle ajad ja v\u00f5imalused ning siis \u2013 t\u00f6\u00f6le!<br \/>\nK\u00fcsi lisa 5253128 v\u00f5i kogukonnakeskus@muraste.ee<\/p>\n<p><strong>TEEME PAI!<\/strong><\/p>\n<p>M\u00f6\u00f6dunud n\u00e4dalal avati Muraste kooli juurdeehitus! \u00a0Kolmap\u00e4eva hommikul oli Muraste koolimaja t\u00e4is nakatavat elevust ning toredaid k\u00fclalisi: peeti k\u00f5nesid, t\u00e4nati ehitajaid ning anti v\u00e4rviline avapauk koolimaja juurdeehituse valmimise auks. Ka kogukonnale annab uus hooneosa palju lisav\u00f5imalusi \u2013 meil on n\u00fc\u00fcd kasutada elegantne peegelsaal ning hubane lavasaal. Oleme r\u00f5\u00f5msad ja t\u00e4nulikud!<br \/>\nHetked meeleolukast hommikust j\u00e4\u00e4dvustas meie k\u00fclaseltsi liige Liisa Oviir. Lisaks leiab suure galerii FB Harku valla lehelt.<\/p>\n<p><a href=\"https:\/\/muraste.ee\/vana\/wp-content\/uploads\/2016\/03\/avamine2.jpg\" rel=\"attachment wp-att-6242\"><img decoding=\"async\" loading=\"lazy\" class=\"alignnone size-medium wp-image-6242\" src=\"https:\/\/muraste.ee\/vana\/wp-content\/uploads\/2016\/03\/avamine2-300x228.jpg\" sizes=\"(max-width: 300px) 100vw, 300px\" srcset=\"https:\/\/muraste.ee\/vana\/wp-content\/uploads\/2016\/03\/avamine2-300x228.jpg 300w, https:\/\/muraste.ee\/vana\/wp-content\/uploads\/2016\/03\/avamine2-624x473.jpg 624w, https:\/\/muraste.ee\/vana\/wp-content\/uploads\/2016\/03\/avamine2.jpg 960w\" alt=\"avamine2\" width=\"300\" height=\"228\" \/><\/a>\u00a0<a href=\"https:\/\/muraste.ee\/vana\/wp-content\/uploads\/2016\/03\/avamine3.jpg\" rel=\"attachment wp-att-6243\"><img decoding=\"async\" loading=\"lazy\" class=\"alignnone size-medium wp-image-6243\" src=\"https:\/\/muraste.ee\/vana\/wp-content\/uploads\/2016\/03\/avamine3-300x225.jpg\" sizes=\"(max-width: 300px) 100vw, 300px\" srcset=\"https:\/\/muraste.ee\/vana\/wp-content\/uploads\/2016\/03\/avamine3-300x225.jpg 300w, https:\/\/muraste.ee\/vana\/wp-content\/uploads\/2016\/03\/avamine3-768x576.jpg 768w, https:\/\/muraste.ee\/vana\/wp-content\/uploads\/2016\/03\/avamine3-624x468.jpg 624w, https:\/\/muraste.ee\/vana\/wp-content\/uploads\/2016\/03\/avamine3.jpg 960w\" alt=\"avamine3\" width=\"300\" height=\"225\" \/><\/a><\/p>\n<p><strong>N\u00c4ITUS SAADAVAL!<\/strong><\/p>\n<\/header>\n<div class=\"entry-content\">\n<p>Kui kellelgi on soovi oma ruumides eksponeerida n\u00e4itust\u00a0\u00a0\u201c<strong><a href=\"https:\/\/muraste.ee\/vana\/?p=5228\" target=\"_blank\">Tuulepealne maa \u2013 siin on sinu kodu<\/a><\/strong>\u201d siis andke endast teada kogukonnakeskus@muraste.ee. N\u00e4itus koosneb 10st roll-up stendist.<\/p>\n<p><strong>\u00a0<\/strong><\/p>\n<p><strong>TEADETETAHVEL<br \/>\n<\/strong><a href=\"https:\/\/muraste.ee\/vana\/wp-content\/uploads\/2016\/03\/stend.jpg\" rel=\"attachment wp-att-3740\"><img decoding=\"async\" loading=\"lazy\" class=\"size-medium wp-image-3740 alignright\" src=\"https:\/\/muraste.ee\/vana\/wp-content\/uploads\/2016\/03\/stend-300x224.jpg\" sizes=\"(max-width: 300px) 100vw, 300px\" srcset=\"https:\/\/muraste.ee\/vana\/wp-content\/uploads\/2016\/03\/stend-300x224.jpg 300w, https:\/\/muraste.ee\/vana\/wp-content\/uploads\/2016\/03\/stend-768x572.jpg 768w, https:\/\/muraste.ee\/vana\/wp-content\/uploads\/2016\/03\/stend-1024x763.jpg 1024w, https:\/\/muraste.ee\/vana\/wp-content\/uploads\/2016\/03\/stend-624x465.jpg 624w, https:\/\/muraste.ee\/vana\/wp-content\/uploads\/2016\/03\/stend.jpg 1300w\" alt=\"stend\" width=\"300\" height=\"224\" \/><\/a><\/p>\n<\/div>\n<header class=\"entry-header\">\n<div class=\"entry-content\">\n<div class=\"_1mf _1mj\" data-offset-key=\"cki46-0-0\">\n<div class=\"_1mf _1mj\" data-offset-key=\"cki46-0-0\"><strong><br \/>\nSoovid avaldada oma reklaami<\/strong>\u00a0meie infokanalites? Juhised on\u00a0<strong>siin<\/strong>!<\/div>\n<div class=\"_1mf _1mj\" data-offset-key=\"cki46-0-0\"><strong>Soovid kasutada<\/strong>\u00a0m\u00f5nd Muraste k\u00fclaseltsi poolt pakutavat<strong>\u00a0teenust<\/strong>? V\u00f5imalused on<strong>\u00a0siin!<\/strong><\/div>\n<div class=\"_1mf _1mj\" data-offset-key=\"cki46-0-0\"><\/div>\n<div class=\"_1mf _1mj\" data-offset-key=\"cki46-0-0\"><\/div>\n<p><strong>Teadmiseks:\u00a0<\/strong>Muraste igan\u00e4dalase e-infokirjaga liitumiseks saada sellekohane teade muraste@muraste.ee<br \/>\n<strong>Muraste kogukonnakeskus\u00a0<\/strong>(Lee tee 9, Muraste) avatud E-N 10 -18, R 10-16.<br \/>\n<strong>T\u00e4psustused ja info:<\/strong>\u00a0kogukonnakeskus@muraste.ee;\u00a05253128 (Aule Kikas).<\/p>\n<p>&nbsp;<\/p>\n<\/div>\n<\/div>\n<\/header>\n<\/div>\n","protected":false},"excerpt":{"rendered":"<p>N\u00c4DAL 46 MURASTES 12. \u2013 18. november 2018\u00a0* \u00a0 * AT- koolimaja aatrium, SP- spordihoone; KO-kogukonnakeskus; \u00a0 KL- klassiruum; PS \u2013 peegelsaal; SS- s\u00f6\u00f6gisaal, LV- lavasaal, MR- meediaruum Kaanefoto: Siiras r\u00f5\u00f5m Muraste koolimaja juurdeehituse avamisest (L.Oviir) \u00a0 Esmasp\u00e4ev, 12. november\u00a0 kl 8.30 AT, T\u00e4histame kooli ja kogukonnaga isadep\u00e4eva: Tabasalu Muusikakooli puhkpilliorkestri kontsert kl 14.40 KO,\u00a0Fa<a class=\"moretag\" href=\"https:\/\/muraste.ee\/vana\/?page_id=6272\"><br \/>&#8230;Loe edasi<\/a><\/p>\n","protected":false},"author":2,"featured_media":0,"parent":0,"menu_order":0,"comment_status":"closed","ping_status":"closed","template":"nadalakava.php","meta":{"_bbp_topic_count":0,"_bbp_reply_count":0,"_bbp_total_topic_count":0,"_bbp_total_reply_count":0,"_bbp_voice_count":0,"_bbp_anonymous_reply_count":0,"_bbp_topic_count_hidden":0,"_bbp_reply_count_hidden":0,"_bbp_forum_subforum_count":0,"_mc_calendar":[]},"_links":{"self":[{"href":"https:\/\/muraste.ee\/vana\/index.php?rest_route=\/wp\/v2\/pages\/6272"}],"collection":[{"href":"https:\/\/muraste.ee\/vana\/index.php?rest_route=\/wp\/v2\/pages"}],"about":[{"href":"https:\/\/muraste.ee\/vana\/index.php?rest_route=\/wp\/v2\/types\/page"}],"author":[{"embeddable":true,"href":"https:\/\/muraste.ee\/vana\/index.php?rest_route=\/wp\/v2\/users\/2"}],"replies":[{"embeddable":true,"href":"https:\/\/muraste.ee\/vana\/index.php?rest_route=%2Fwp%2Fv2%2Fcomments&post=6272"}],"version-history":[{"count":2,"href":"https:\/\/muraste.ee\/vana\/index.php?rest_route=\/wp\/v2\/pages\/6272\/revisions"}],"predecessor-version":[{"id":6275,"href":"https:\/\/muraste.ee\/vana\/index.php?rest_route=\/wp\/v2\/pages\/6272\/revisions\/6275"}],"wp:attachment":[{"href":"https:\/\/muraste.ee\/vana\/index.php?rest_route=%2Fwp%2Fv2%2Fmedia&parent=6272"}],"curies":[{"name":"wp","href":"https:\/\/api.w.org\/{rel}","templated":true}]}}