{"id":6513,"date":"2018-11-29T01:46:14","date_gmt":"2018-11-28T23:46:14","guid":{"rendered":"https:\/\/muraste.ee\/vana\/?page_id=6513"},"modified":"2018-11-29T01:46:14","modified_gmt":"2018-11-28T23:46:14","slug":"nadal-47-2","status":"publish","type":"page","link":"https:\/\/muraste.ee\/vana\/?page_id=6513","title":{"rendered":"N\u00e4dal 47"},"content":{"rendered":"<h1 class=\"entry-title\" style=\"text-align: center;\"><span style=\"color: #00ccff;\"><strong><span style=\"color: #339966;\">N\u00c4DAL 47 MURASTES<\/span><br \/>\n<span style=\"color: #339966;\">19. &#8211; 25. november 2018\u00a0*<\/span><br \/>\n<\/strong>\u00a0<\/span><\/h1>\n<div class=\"entry-content\" style=\"text-align: left;\">\n<p><span style=\"color: #808080;\"><em>* AT- koolimaja aatrium, SP- spordihoone; KO-kogukonnakeskus; \u00a0 KL- klassiruum; PS &#8211; peegelsaal; SS- s\u00f6\u00f6gisaal, LS- lavasaal, MR- meediaruum<\/em><\/span><\/p>\n<p><em><span style=\"color: #808080;\">Kaanefoto:<img decoding=\"async\" loading=\"lazy\" class=\"size-thumbnail wp-image-6283 alignright\" src=\"https:\/\/muraste.ee\/vana\/wp-content\/uploads\/2016\/03\/kaan-n\u00e4ide-150x150.jpg\" alt=\"kaan n\u00e4ide\" width=\"150\" height=\"150\" \/>\u00a0Aina naljakamaks l\u00e4heb. Muidu nagu m\u00f5istlikud keskeas (v\u00f5i selle kauges l\u00e4heduses) inimesed, aga n<\/span><\/em><em><span style=\"color: #808080;\">eljap\u00e4eva \u00f5htuti t\u00f5mbavad nad m\u00fctsid p\u00e4he ning kehastuvad irvikkassideks ja kulduuriga k\u00fc\u00fclikuteks, krahvinnadeks ja unihiirteks, vikaarideks ja kuningateks. Pilluvad \u00fcksteist repliikidega, keedavad kujutletavas supikatlas vahukomme ning tormavad m\u00f6\u00f6da saali ringi. No ja siis Alice &#8211; tema peab ju nende k\u00f5igi veidrustega hakkama saama.\u00a0Nimetu N\u00e4item\u00e4nguseltskond valmistub uueks v\u00e4ljakutseks.<\/span><\/em><\/p>\n<\/div>\n<div class=\"entry-content\" style=\"text-align: left;\">\n<header class=\"entry-header\">\n<div class=\"entry-content\">\n<p><span style=\"color: #339966;\"><strong>Esmasp\u00e4ev, 19. november\u00a0<\/strong><\/span><br \/>\nkl 14.40 KO,\u00a0<strong>Fa Stuudio kandlering<\/strong> (lapsed, algajad)<br \/>\nkl 16.15 SP,\u00a0<strong>Judoklubi \u201cAitado\u201d\u00a0Judo<\/strong>\u00a0(alustajad ja uuesti alustajad). \u00a0(www.aitado.ee, Edward, tel 58053039) NB! 7-9 aastased spordis\u00f5brad, veel on vabu kohti treeningr\u00fchmaga liitumiseks!<br \/>\nkl 17.30 KO, <strong>V\u00e4ikekandleansambel LiULi <\/strong><em>(p\u00f5hikoosseis)<\/em><br \/>\nkl 17.45 SP,\u00a0<strong>Judoklubi \u201cAitado\u201d\u00a0Judo<\/strong>\u00a0(edasij\u00f5udnud. \u00a0(www.aitado.ee, treener Edward, tel 58053039)<br \/>\nkl 19.15 SP, <strong>V\u00f5rkpall<\/strong><br \/>\nkl 19 AT, \u00a0<strong>Suurupi naiskoor Meretule\u00a0 <\/strong><br \/>\nkl 19 KO, <strong>V\u00e4ikekandleansambel LiULi<\/strong> \u00a0<em>(t\u00e4iskasvanud, algajate grupp, \u00fcle n\u00e4dala)<\/em><\/p>\n<p><strong><span style=\"color: #00ccff;\"><span style=\"color: #339966;\">Teisip\u00e4ev, 20. november<\/span><\/span><br \/>\n<\/strong>kl 14.40 KO, Fa Stuudio <strong>fl\u00f6\u00f6diring<\/strong><strong><br \/>\n<\/strong>kl 18.30 KL,\u00a0<strong>Inglise keele kursus \u00a0<\/strong>(kesktase B 1.2).\u00a0Lisainfo \u00a0juhendajalt tel 56575575 v\u00f5i marethein@gmail.com (Maret Hein).<br \/>\nkl 18.30 PS, <strong>SELTSKONNATANTSU KURSUS<\/strong>\u00a0algajatele-<br \/>\nkl 19.45 PS,\u00a0<strong>Seltskonnatantsude harjutustund<\/strong>\u2013 v\u00f5imalus \u00f5pitut kinnistada ja toredas seltskonnas jalga keerutada.<br \/>\nkl 20 AT, NB_UUS!\u00a0Nimeta N\u00e4item\u00e4nguseltskonna <strong>l\u00e4bim\u00e4ng\/proov:<\/strong> 8 armastavat naist. Publik on oodatud &#8211; kel etendus n\u00e4gemata, siis n\u00fc\u00fcd on hea v\u00f5imalus!<\/p>\n<p><strong style=\"color: #339966; font-size: 1rem;\">NB! UUED SELTSKONNATANTSU KURSUSED TULEKUL!<\/strong><\/p>\n<p>Algajad: 19.m\u00e4rts \u2013 14.mai 2019 teisip\u00e4eviti kell 18.30-19.45<br \/>\nJ\u00e4tkukursus: 8.jaanuar \u2013 26.veebruar 2019 teisip\u00e4eviti kell 18.30-19.45<br \/>\nLisainfo: <a href=\"https:\/\/tkrevalia.ee\/#meist\" target=\"_blank\">Revalia Tantsukool<\/a>, \u00f5petaja Helen Klandorf-Sadam,\u00a0<a href=\"mailto:tkrevalia@tkrevalia.ee\">tkrevalia@tkrevalia.ee<\/a><br \/>\ntel +372 510 9493<\/p>\n<p><strong style=\"font-size: 1rem;\"><span style=\"color: #99cc00;\"><span style=\"color: #339966;\">Kolmap\u00e4ev, 21. november<\/span><\/span><\/strong><\/p>\n<p><span style=\"color: #99cc00;\"><span style=\"color: #339966;\"><span style=\"color: #000000;\">kl 14.40 KO, Fa Stuudio <strong>kandlering<\/strong> (lapsed, edasij\u00f5udnud)<\/span><\/span><\/span><span style=\"color: #99cc00;\"><span style=\"color: #339966;\"><br \/>\n<span style=\"color: #000000;\">kl 15 AT,\u00a0<strong>Showtants &amp; cheerleading<\/strong>. Lisainfo bron@prodance.ee, tel 55577821<\/span><br \/>\n<span style=\"color: #000000;\">kl 15.30-17 KL, <span style=\"color: #ff0000;\"><strong>UUS HUVIRING NOORTELE!<\/strong><\/span> PROGRAMMEERIMINE <em>(veel on vabu kohti!)<\/em> (loe lisa<a style=\"color: #000000;\" href=\"https:\/\/muraste.ee\/vana\/?p=6059\" target=\"_blank\"> SIIT<\/a>)<a style=\"color: #000000;\" href=\"https:\/\/muraste.ee\/vana\/wp-content\/uploads\/2018\/10\/line.jpg\" rel=\"attachment wp-att-6091\"><img decoding=\"async\" loading=\"lazy\" class=\"size-medium wp-image-6091 alignleft\" src=\"https:\/\/muraste.ee\/vana\/wp-content\/uploads\/2018\/10\/line-300x199.jpg\" alt=\"line\" width=\"300\" height=\"199\" srcset=\"https:\/\/muraste.ee\/vana\/wp-content\/uploads\/2018\/10\/line-300x199.jpg 300w, https:\/\/muraste.ee\/vana\/wp-content\/uploads\/2018\/10\/line-768x510.jpg 768w, https:\/\/muraste.ee\/vana\/wp-content\/uploads\/2018\/10\/line-624x415.jpg 624w, https:\/\/muraste.ee\/vana\/wp-content\/uploads\/2018\/10\/line.jpg 960w\" sizes=\"(max-width: 300px) 100vw, 300px\" \/><\/a><br \/>\nkl 16.15 SP,\u00a0Judoklubi \u201cAitado\u201d\u00a0<strong>Judo<\/strong>\u00a0(alustajad ja uuesti alustajad). \u00a0(www.aitado.ee, Edward, tel 58053039)<br \/>\nNB! 7-9 aastased spordis\u00f5brad, veel on vabu kohti treeningr\u00fchmaga liitumiseks!<br \/>\nkl 17 KL, <strong><a style=\"color: #000000;\" href=\"https:\/\/muraste.ee\/vana\/?p=5969\" target=\"_blank\">MUDELISMIRING<\/a> <\/strong>algajatele. Juhendab Andres Madissoo NB!\u00a0Veel on vabu kohti uutele liitujatele!<\/span><br \/>\n<span style=\"color: #000000;\">kl 18.15 KL, <strong><a style=\"color: #000000;\" href=\"https:\/\/muraste.ee\/vana\/?p=5969\" target=\"_blank\">MUDELISMIRING<\/a><\/strong> edasij\u00f5udnutele. Juhendab Andres Madissoo<br \/>\n<\/span><br \/>\n<\/span><\/span><span style=\"color: #99cc00;\"><span style=\"color: #339966;\"><span style=\"color: #000000;\">kl 17.45 SP,\u00a0Judoklubi \u201cAitado\u201d\u00a0<strong>Judo<\/strong>\u00a0(edasij\u00f5udnud. \u00a0(www.aitado.ee, treener Edward, tel 58053039)<br \/>\n<\/span><\/span><\/span>kl 18 KO, <strong><span style=\"color: #ff0000;\">UUS!\u00a0<\/span>Praktiline lilleseadekursus<\/strong>: sabaga pruudikimp. Lisa loe <strong><span style=\"color: #ff0000;\"><a style=\"color: #ff0000;\" href=\"https:\/\/muraste.ee\/vana\/?p=5843\" target=\"_blank\">SIIT<\/a><\/span><\/strong><br \/>\nkl 18 PS,\u00a0<strong><a href=\"https:\/\/muraste.ee\/vana\/?p=6090\" target=\"_blank\">Line-tants<\/a>!<\/strong>\u00a0<span style=\"color: #ff0000;\"><strong>NB!<\/strong><\/span>\u00a0<strong>K\u00f5ik uued ja senised tantsijad on oodatud!<\/strong><br \/>\nkl 19 KL, \u00a0<strong>Inglise keele kursus<\/strong>\u00a0(algtase A2) uuesti alustajatele ja algajatele. Lisainfo \u00a0juhendajalt tel 56575575 v\u00f5i marethein@gmail.com (Maret Hein).<br \/>\nkl 19.30 PS, <strong>Harku Harakad<\/strong> tanstuproov<br \/>\nkl 19.30 SP, <strong>UUS!\u00a0\u00dcldkehalise ettevalmistuse treening.\u00a0<\/strong>Lisainfo:\u00a0<a href=\"http:\/\/motokrossipisik.eu\/saalitrennid\/\" target=\"_blank\" rel=\"noopener nofollow\" data-ft=\"{&quot;tn&quot;:&quot;-U&quot;}\" data-lynx-mode=\"async\" data-lynx-uri=\"https:\/\/l.facebook.com\/l.php?u=http%3A%2F%2Fmotokrossipisik.eu%2Fsaalitrennid%2F&amp;h=ATMtTHYPByHFd3Ejb-M_bw3_McwWuVo6SD2thhdIQy0F3YVpA_h8WkckKLGErB5uFSUlktLr926FwJ0TEtQ-jB1FBraRjZFjM3beY2s_WKOJD6YfrxE6Mt1hjwfw9ksYAGjgdHZC18BIeDnAuwSsYczTILfnnMLOzQF24cH3R6VS26raqEtS2BUg7_WQqbEtEpxp1xS_pyotI8RQyh4c32tfhGm_t2n7ldi5cdnf0XZ3A7pBLlADRaD37BfrOmuJ2do5HhcLCgaUhRx9NIHS07XqH95qhCVLIPfFZlqnktc\">http:\/\/motokrossipisik.eu\/saalitrennid\/<\/a>, hannes@motokrossipisik.ee, telefon 5296556<\/p>\n<div id=\"js_bfj\" class=\"_5pbx userContent _3576\" data-ad-preview=\"message\" data-ft=\"{&quot;tn&quot;:&quot;K&quot;}\">\n<p><span style=\"color: #339966;\"><strong>Neljap\u00e4ev, 22. november<\/strong><\/span><em><br \/>\n<\/em>kl 13.40 \u2013 (18.15) KO, <strong>Triinu laulustuudio<\/strong><strong><br \/>\n<\/strong>kl\u00a019.00\u00a0KO,\u00a0<strong>Inglise keele\u00a0kursus<\/strong> edasij\u00f5udnutele\u00a0(eel-kesktase B 1.1) \u00a0Lisainfo \u00a0juhendajalt tel 56575575 v\u00f5i marethein@gmail.com (Maret Hein).<br \/>\nkl 18.30 LS, <strong>N\u00c4ITERING, <\/strong>juhendab Anne Veesaar.<br \/>\n<span style=\"color: #000000;\">kl 19 AT,<span style=\"color: #ff0000;\"><strong> UUS!<\/strong><\/span>\u00a0<strong>kohtumis\u00f5htu\u00a0 ehk Raivo \u201c4\u00d74\u201d Malter<\/strong>.\u00a0<em><span data-offset-key=\"2bugj-0-0\"><span data-text=\"true\">Naiskodukaitse Harku jaoskonna tragide naiste kutsel olete oodatud toredale kohtumis\u00f5htule, et saada vahetuid muljeid TV ekraanidelt tuttava 4X4 reisiselli Onu Raiu seiklustest.\u00a0<\/span><\/span><\/em><em><span data-offset-key=\"6sth9-0-0\"><span data-text=\"true\">Kohtumiseni! \u00a0<\/span><\/span><\/em><\/span><\/p>\n<p><strong style=\"color: #339966; font-size: 1rem;\">Reede, 23. november<\/strong><\/p>\n<p>kl 15 T,\u00a0\u00a0<strong>UUS!<\/strong> \u00a0<strong>Showtants &amp; cheerleading<\/strong>. Lisainfo bron@prodance.ee, tel 55577821<br \/>\nkl 17.45 SP,\u00a0<strong>Judoklubi \u201cAitado\u201d\u00a0Judo<\/strong>\u00a0(edasij\u00f5udnud. \u00a0(www.aitado.ee, treener Edward, tel 58053039)<br \/>\nkl 16-20\u00a0PS, Tabasalu Muusikakooli rivitrummarite proov<\/p>\n<p><strong style=\"color: #339966; font-size: 1rem;\">Laup\u00e4ev, 24. november<\/strong><\/p>\n<p><span style=\"color: #339966;\"><strong><img decoding=\"async\" loading=\"lazy\" class=\"size-medium wp-image-6292 alignright\" src=\"https:\/\/muraste.ee\/vana\/wp-content\/uploads\/2016\/03\/teater1-212x300.jpg\" alt=\"teater1\" width=\"212\" height=\"300\" srcset=\"https:\/\/muraste.ee\/vana\/wp-content\/uploads\/2016\/03\/teater1-212x300.jpg 212w, https:\/\/muraste.ee\/vana\/wp-content\/uploads\/2016\/03\/teater1-768x1086.jpg 768w, https:\/\/muraste.ee\/vana\/wp-content\/uploads\/2016\/03\/teater1-724x1024.jpg 724w, https:\/\/muraste.ee\/vana\/wp-content\/uploads\/2016\/03\/teater1-624x882.jpg 624w\" sizes=\"(max-width: 212px) 100vw, 212px\" \/><\/strong><\/span><\/p>\n<p><span style=\"font-size: 1rem;\">kl 9-15\u00a0PS, Tabasalu Muusikakooli rivitrummarite proov<\/span><\/p>\n<p>kl 14.30 <span style=\"color: #ff0000;\"><strong>UUS!<\/strong> <\/span>Nimetu N\u00e4item\u00e4nguseltskond etendusega <strong>&#8220;Kaheksa armastavat naist&#8221;<\/strong> Padise teatrip\u00e4eval<br \/>\n<span style=\"color: #ff0000;\"><span style=\"color: #000000;\">kl 15 AT,<\/span> UUS!<\/span><strong style=\"font-size: 1rem; color: #339966;\"><strong> \u00a0<strong><a href=\"https:\/\/muraste.ee\/vana\/?p=6196\" target=\"_blank\">Noormees Siberist \u00f5petab kurgulaulu<\/a>\u00a0<\/strong><\/strong><\/strong>(kliki lingile ja loe lisa)\u00a0<a href=\"https:\/\/muraste.ee\/vana\/wp-content\/uploads\/2018\/11\/kurgulaul.jpg\" rel=\"attachment wp-att-6197\"><img decoding=\"async\" loading=\"lazy\" class=\"alignnone size-medium wp-image-6197\" src=\"https:\/\/muraste.ee\/vana\/wp-content\/uploads\/2018\/11\/kurgulaul-300x210.jpg\" alt=\"kurgulaul\" width=\"300\" height=\"210\" srcset=\"https:\/\/muraste.ee\/vana\/wp-content\/uploads\/2018\/11\/kurgulaul-300x210.jpg 300w, https:\/\/muraste.ee\/vana\/wp-content\/uploads\/2018\/11\/kurgulaul-624x436.jpg 624w, https:\/\/muraste.ee\/vana\/wp-content\/uploads\/2018\/11\/kurgulaul.jpg 764w\" sizes=\"(max-width: 300px) 100vw, 300px\" \/><\/a><\/p>\n<\/div>\n<\/div>\n<p><strong style=\"font-size: 1rem; color: #339966;\"><strong>P\u00fchap\u00e4ev, 25. november<\/strong><\/strong><strong><br \/>\n<\/strong><\/p>\n<p>kl 10-14 PS, Muraste rahvatantsijate laager<br \/>\nkl 17 AT,\u00a0<strong>Harku valla vabatahtlike tunnustamise \u00f5htu<\/strong> (<a href=\"https:\/\/muraste.ee\/vana\/?p=6043\" target=\"_blank\">lisainfo<\/a>).<\/p>\n<p><strong style=\"color: #339966; font-size: 1rem;\"><img decoding=\"async\" loading=\"lazy\" class=\"size-large wp-image-6041 aligncenter\" src=\"https:\/\/muraste.ee\/vana\/wp-content\/uploads\/2016\/03\/triipkood-1024x366.jpg\" sizes=\"(max-width: 625px) 100vw, 625px\" srcset=\"https:\/\/muraste.ee\/vana\/wp-content\/uploads\/2016\/03\/triipkood-300x107.jpg 300w, https:\/\/muraste.ee\/vana\/wp-content\/uploads\/2016\/03\/triipkood-768x274.jpg 768w, https:\/\/muraste.ee\/vana\/wp-content\/uploads\/2016\/03\/triipkood-1024x366.jpg 1024w, https:\/\/muraste.ee\/vana\/wp-content\/uploads\/2016\/03\/triipkood-624x223.jpg 624w\" alt=\"triipkood\" width=\"625\" height=\"223\" \/><\/strong><\/p>\n<ul>\n<li>\n<ul>\n<li>L\u00c4HITULEVIKU <strong>MURASTE<\/strong>\u00a0<strong>FILMIPROGRAMM<\/strong> ON N\u00c4HTAV <strong><a href=\"https:\/\/muraste.ee\/vana\/?page_id=774\" target=\"_blank\">SIIN<\/a><\/strong><\/li>\n<li><em style=\"font-size: 1rem;\"><span style=\"font-size: 1rem;\"><span style=\"color: #ff6600;\"><strong>TULEKUL<\/strong>\u00a0<\/span>30. november: \u00a0uus Saksamaa film lastele\u00a0<strong><a href=\"https:\/\/www.youtube.com\/watch?v=GZlCIVdgzUY\" target=\"_blank\">PAPA MOLL JA \u0161OKOLAADIVABRIK<br \/>\n<\/a><\/strong><\/span><\/em><\/li>\n<li><em><span style=\"font-size: 1rem;\"><strong><span style=\"color: #ff6600;\">TULEKUL<\/span><\/strong>\u00a021. detsember: uus Eesti film lastele\u00a0<\/span><strong style=\"font-size: 1rem;\"><a href=\"https:\/\/www.youtube.com\/watch?v=pxPlRUKYxes\" target=\"_blank\">EIA J\u00d5ULUD TONDIKATKUL<\/a><\/strong><\/em><\/li>\n<\/ul>\n<\/li>\n<li>\n<ul>\n<li><span style=\"font-size: 1rem;\">5. detsembril kell 18.30 Muraste kohviklubi- avatud k\u00fclaseltsi juhatuse koosolek .<a href=\"https:\/\/muraste.ee\/vana\/wp-content\/uploads\/2016\/03\/kohv.jpg\" rel=\"attachment wp-att-6282\"><img decoding=\"async\" loading=\"lazy\" class=\"size-thumbnail wp-image-6282 alignright\" src=\"https:\/\/muraste.ee\/vana\/wp-content\/uploads\/2016\/03\/kohv-150x150.jpg\" alt=\"kohv\" width=\"150\" height=\"150\" \/><\/a><\/span><\/li>\n<li><span style=\"font-size: 1rem;\">6. detsember kell 18\u00a0<\/span><strong style=\"font-size: 1rem;\">loeng<\/strong> <strong style=\"font-size: 1rem;\">&#8220;Latentsi (6-11 a) &#8211; ja teismeliseea areng ja ise\u00e4rasused\u201c.\u00a0<\/strong><em style=\"font-size: 1rem;\">Loeng puudutab 6- 14 aasta vanuse lapse arengut ning annab v\u00f5imaluse paremini m\u00f5ista ja m\u00e4\u00e4ratleda oma last sel arenguperioodil. Loengut viib l\u00e4bi ps\u00fchhoanal\u00fc\u00fctik ja &#8211; terapeut Edith Herkel. (\u00dcritus kestab 1,5- kuni 2 tundi).<\/em><\/li>\n<li>16. detsember taidlejate j\u00f5ulukontsert (info tulekul)<\/li>\n<\/ul>\n<\/li>\n<\/ul>\n<p><strong><span style=\"color: #339966;\">OTSIME H\u00c4ID INIMESI!\u00a0<\/span><\/strong><\/p>\n<p><a href=\"https:\/\/muraste.ee\/vana\/wp-content\/uploads\/2016\/03\/73481935-sterne-wanted-stempel-grunge-design-mit-staub-kratzern-effekte-k\u00f6nnen-leicht-f\u00fcr-einen-sauberen-klaren-look-.jpg\" rel=\"attachment wp-att-6263\"><img decoding=\"async\" loading=\"lazy\" class=\"size-thumbnail wp-image-6263 alignright\" src=\"https:\/\/muraste.ee\/vana\/wp-content\/uploads\/2016\/03\/73481935-sterne-wanted-stempel-grunge-design-mit-staub-kratzern-effekte-k\u00f6nnen-leicht-f\u00fcr-einen-sauberen-klaren-look--150x150.jpg\" alt=\"Stars Wanted rubber stamp. Grunge design with dust scratches. Effects can be easily removed for a clean, crisp look. Color is easily changed.\" width=\"150\" height=\"150\" srcset=\"https:\/\/muraste.ee\/vana\/wp-content\/uploads\/2016\/03\/73481935-sterne-wanted-stempel-grunge-design-mit-staub-kratzern-effekte-k\u00f6nnen-leicht-f\u00fcr-einen-sauberen-klaren-look--150x150.jpg 150w, https:\/\/muraste.ee\/vana\/wp-content\/uploads\/2016\/03\/73481935-sterne-wanted-stempel-grunge-design-mit-staub-kratzern-effekte-k\u00f6nnen-leicht-f\u00fcr-einen-sauberen-klaren-look--300x300.jpg 300w, https:\/\/muraste.ee\/vana\/wp-content\/uploads\/2016\/03\/73481935-sterne-wanted-stempel-grunge-design-mit-staub-kratzern-effekte-k\u00f6nnen-leicht-f\u00fcr-einen-sauberen-klaren-look--768x768.jpg 768w, https:\/\/muraste.ee\/vana\/wp-content\/uploads\/2016\/03\/73481935-sterne-wanted-stempel-grunge-design-mit-staub-kratzern-effekte-k\u00f6nnen-leicht-f\u00fcr-einen-sauberen-klaren-look--1024x1024.jpg 1024w, https:\/\/muraste.ee\/vana\/wp-content\/uploads\/2016\/03\/73481935-sterne-wanted-stempel-grunge-design-mit-staub-kratzern-effekte-k\u00f6nnen-leicht-f\u00fcr-einen-sauberen-klaren-look--624x624.jpg 624w, https:\/\/muraste.ee\/vana\/wp-content\/uploads\/2016\/03\/73481935-sterne-wanted-stempel-grunge-design-mit-staub-kratzern-effekte-k\u00f6nnen-leicht-f\u00fcr-einen-sauberen-klaren-look-.jpg 1300w\" sizes=\"(max-width: 150px) 100vw, 150px\" \/><\/a><\/p>\n<p>N\u00fc\u00fcd aga p\u00e4ris t\u00f5sine palve ehk <strong>t\u00f6\u00f6pakkumine<\/strong>: <strong>jooga\u00f5petaja,<\/strong> me ootame Sind kogukonna heaks toimetavate inimeste\u00a0r\u00f5\u00f5msasse\u00a0meeskonda! Tule kogukonnakeskusesse, vaatame \u00fcle ajad ja v\u00f5imalused ning siis &#8211; t\u00f6\u00f6le! Joogatajad ootavad!<br \/>\nK\u00fcsi lisa 5253128 v\u00f5i kogukonnakeskus@muraste.ee<\/p>\n<p><span style=\"color: #339966;\"><strong>T\u00c4NAME<\/strong><\/span><\/p>\n<p><a href=\"https:\/\/muraste.ee\/vana\/wp-content\/uploads\/2016\/03\/t\u00e4nukiri.jpg\" rel=\"attachment wp-att-6287\"><img decoding=\"async\" loading=\"lazy\" class=\"size-medium wp-image-6287 alignright\" src=\"https:\/\/muraste.ee\/vana\/wp-content\/uploads\/2016\/03\/t\u00e4nukiri-225x300.jpg\" alt=\"t\u00e4nukiri\" width=\"225\" height=\"300\" srcset=\"https:\/\/muraste.ee\/vana\/wp-content\/uploads\/2016\/03\/t\u00e4nukiri-225x300.jpg 225w, https:\/\/muraste.ee\/vana\/wp-content\/uploads\/2016\/03\/t\u00e4nukiri-624x832.jpg 624w, https:\/\/muraste.ee\/vana\/wp-content\/uploads\/2016\/03\/t\u00e4nukiri.jpg 720w\" sizes=\"(max-width: 225px) 100vw, 225px\" \/><\/a>M\u00f6\u00f6dunud n\u00e4dalasse mahtus \u00a0\u00fcks tore r\u00f5\u00f5mukild: Muraste k\u00fclaselts ja Harku Rannikukaitse \u00dcksikkompanii said Harku valla t\u00e4nukirja traditsiooniks muutunud EV s\u00fcnnip\u00e4evale p\u00fchendatud \u00f6\u00f6matka korraldamise eest.<br \/>\nM\u00e4letate, kui esimesel matkal tegime paarik\u00fcmnekesi l\u00f5ket mere\u00e4\u00e4rsel l\u00f5kkeplatsil ning suppi keetsime veel kodusel pliidil? Kui \u00fchel j\u00e4rgmisel aastal oli paukuv pakane ja teisel aastal paks lumi? V\u00f5i kui oli tuul nii vali, et l\u00f5ketki oli raske p\u00f5lema saada? \u00dcks on kindel: hoiame seda toredat traditsiooni ja t\u00e4histame koduvallas Eesti Vabariigi s\u00fcnnip\u00e4eva edaspidigi samal moel!<\/p>\n<p>Kohtumiseni rajal &#8211; 23. veebruaril!<\/p>\n<p><span style=\"color: #339966;\"><strong>N\u00c4ITUS SAADAVAL!<\/strong><\/span><\/p>\n<\/header>\n<div class=\"entry-content\">\n<p>Kui kellelgi on soovi oma ruumides eksponeerida n\u00e4itust\u00a0\u00a0\u201c<strong><a href=\"https:\/\/muraste.ee\/vana\/?p=5228\" target=\"_blank\">Tuulepealne maa \u2013 siin on sinu kodu<\/a><\/strong>\u201d siis andke endast teada kogukonnakeskus@muraste.ee. N\u00e4itus koosneb 10st roll-up stendist.<\/p>\n<p><strong>\u00a0<\/strong><\/p>\n<p><span style=\"color: #3366ff;\"><strong>TEADETETAHVEL<br \/>\n<\/strong><\/span><span style=\"color: #3366ff;\"><a style=\"color: #3366ff;\" href=\"https:\/\/muraste.ee\/vana\/wp-content\/uploads\/2016\/03\/stend.jpg\" rel=\"attachment wp-att-3740\"><img decoding=\"async\" loading=\"lazy\" class=\"size-medium wp-image-3740 alignright\" src=\"https:\/\/muraste.ee\/vana\/wp-content\/uploads\/2016\/03\/stend-300x224.jpg\" sizes=\"(max-width: 300px) 100vw, 300px\" srcset=\"https:\/\/muraste.ee\/vana\/wp-content\/uploads\/2016\/03\/stend-300x224.jpg 300w, https:\/\/muraste.ee\/vana\/wp-content\/uploads\/2016\/03\/stend-768x572.jpg 768w, https:\/\/muraste.ee\/vana\/wp-content\/uploads\/2016\/03\/stend-1024x763.jpg 1024w, https:\/\/muraste.ee\/vana\/wp-content\/uploads\/2016\/03\/stend-624x465.jpg 624w, https:\/\/muraste.ee\/vana\/wp-content\/uploads\/2016\/03\/stend.jpg 1300w\" alt=\"stend\" width=\"300\" height=\"224\" \/><\/a><\/span><\/p>\n<\/div>\n<header class=\"entry-header\">\n<div class=\"entry-content\">\n<div class=\"_1mf _1mj\" data-offset-key=\"cki46-0-0\">\n<div class=\"_1mf _1mj\" data-offset-key=\"cki46-0-0\"><strong><br \/>\nSoovid avaldada oma reklaami<\/strong>\u00a0meie infokanalites? Juhised on\u00a0<strong>siin<\/strong>!<\/div>\n<div class=\"_1mf _1mj\" data-offset-key=\"cki46-0-0\"><strong>Soovid kasutada<\/strong>\u00a0m\u00f5nd Muraste k\u00fclaseltsi poolt pakutavat<strong>\u00a0teenust<\/strong>? V\u00f5imalused on<strong>\u00a0siin!<\/strong><\/div>\n<div class=\"_1mf _1mj\" data-offset-key=\"cki46-0-0\"><\/div>\n<div class=\"_1mf _1mj\" data-offset-key=\"cki46-0-0\"><\/div>\n<p><strong>Teadmiseks:\u00a0<\/strong>Muraste igan\u00e4dalase e-infokirjaga liitumiseks saada sellekohane teade muraste@muraste.ee<br \/>\n<strong>Muraste kogukonnakeskus\u00a0<\/strong>(Lee tee 9, Muraste) avatud E-N 10 -18, R 10-16.<br \/>\n<strong>T\u00e4psustused ja info:<\/strong>\u00a0kogukonnakeskus@muraste.ee;\u00a05253128 (Aule Kikas).N<\/p>\n<\/div>\n<\/div>\n<\/header>\n<\/div>\n","protected":false},"excerpt":{"rendered":"<p>N\u00c4DAL 47 MURASTES 19. &#8211; 25. november 2018\u00a0* \u00a0 * AT- koolimaja aatrium, SP- spordihoone; KO-kogukonnakeskus; \u00a0 KL- klassiruum; PS &#8211; peegelsaal; SS- s\u00f6\u00f6gisaal, LS- lavasaal, MR- meediaruum Kaanefoto:\u00a0Aina naljakamaks l\u00e4heb. Muidu nagu m\u00f5istlikud keskeas (v\u00f5i selle kauges l\u00e4heduses) inimesed, aga neljap\u00e4eva \u00f5htuti t\u00f5mbavad nad m\u00fctsid p\u00e4he ning kehastuvad irvikkassideks ja kulduuriga k\u00fc\u00fclikuteks, krahvinnadeks ja<a class=\"moretag\" href=\"https:\/\/muraste.ee\/vana\/?page_id=6513\"><br \/>&#8230;Loe edasi<\/a><\/p>\n","protected":false},"author":2,"featured_media":0,"parent":0,"menu_order":0,"comment_status":"closed","ping_status":"closed","template":"nadalakava.php","meta":{"_bbp_topic_count":0,"_bbp_reply_count":0,"_bbp_total_topic_count":0,"_bbp_total_reply_count":0,"_bbp_voice_count":0,"_bbp_anonymous_reply_count":0,"_bbp_topic_count_hidden":0,"_bbp_reply_count_hidden":0,"_bbp_forum_subforum_count":0,"_mc_calendar":[]},"_links":{"self":[{"href":"https:\/\/muraste.ee\/vana\/index.php?rest_route=\/wp\/v2\/pages\/6513"}],"collection":[{"href":"https:\/\/muraste.ee\/vana\/index.php?rest_route=\/wp\/v2\/pages"}],"about":[{"href":"https:\/\/muraste.ee\/vana\/index.php?rest_route=\/wp\/v2\/types\/page"}],"author":[{"embeddable":true,"href":"https:\/\/muraste.ee\/vana\/index.php?rest_route=\/wp\/v2\/users\/2"}],"replies":[{"embeddable":true,"href":"https:\/\/muraste.ee\/vana\/index.php?rest_route=%2Fwp%2Fv2%2Fcomments&post=6513"}],"version-history":[{"count":1,"href":"https:\/\/muraste.ee\/vana\/index.php?rest_route=\/wp\/v2\/pages\/6513\/revisions"}],"predecessor-version":[{"id":6515,"href":"https:\/\/muraste.ee\/vana\/index.php?rest_route=\/wp\/v2\/pages\/6513\/revisions\/6515"}],"wp:attachment":[{"href":"https:\/\/muraste.ee\/vana\/index.php?rest_route=%2Fwp%2Fv2%2Fmedia&parent=6513"}],"curies":[{"name":"wp","href":"https:\/\/api.w.org\/{rel}","templated":true}]}}