{"id":6531,"date":"2018-12-02T23:08:07","date_gmt":"2018-12-02T21:08:07","guid":{"rendered":"https:\/\/muraste.ee\/vana\/?page_id=6531"},"modified":"2018-12-02T23:08:07","modified_gmt":"2018-12-02T21:08:07","slug":"nadal-48-2","status":"publish","type":"page","link":"https:\/\/muraste.ee\/vana\/?page_id=6531","title":{"rendered":"N\u00e4dal 48"},"content":{"rendered":"<h1 class=\"entry-title\"><strong>N\u00c4DAL 48\u00a0MURASTES<br \/>\n26. november \u2013 2. detsember 2018\u00a0*<br \/>\n<\/strong><\/h1>\n<div class=\"entry-content\">\n<p><em>* AT- koolimaja aatrium, SP- spordihoone; KO-kogukonnakeskus; \u00a0 KL- klassiruum; PS \u2013 peegelsaal; SS- s\u00f6\u00f6gisaal, LS- lavasaal, MR- meediaruum<\/em><\/p>\n<p><em>Kaanefoto:\u00a0\u00a0Erlend \u0160taub \u2013\u00a0<a href=\"http:\/\/bit.ly\/ait\u00e4hvabatahtlik\" target=\"_blank\">Murastes tunnustati tublisid vabatahtlikke\u00a0<\/a>\u2013 pildil head s\u00f5brad Kasev\u00e4lja K\u00fcla Seltsist.<\/em><\/p>\n<\/div>\n<div class=\"entry-content\">\n<header class=\"entry-header\">\n<div class=\"entry-content\">\n<p><strong>Esmasp\u00e4ev, 26. november\u00a0<\/strong><br \/>\nkl 14.40 KO,\u00a0<strong>Fa Stuudio kandlering<\/strong> (lapsed, algajad)<br \/>\nkl 16.15 SP,\u00a0<strong>Judoklubi \u201cAitado\u201d\u00a0Judo<\/strong>\u00a0(alustajad ja uuesti alustajad). \u00a0(www.aitado.ee, Edward, tel 58053039) NB! 7-9 aastased spordis\u00f5brad, veel on vabu kohti treeningr\u00fchmaga liitumiseks!<br \/>\nkl 17.30 KO, <strong>V\u00e4ikekandleansambel LiULi <\/strong><em>(p\u00f5hikoosseis)<\/em><br \/>\nkl 17.45 SP,\u00a0<strong>Judoklubi \u201cAitado\u201d\u00a0Judo<\/strong>\u00a0(edasij\u00f5udnud. \u00a0(www.aitado.ee, treener Edward, tel 58053039)<br \/>\nkl 18.30 KO, <strong>UUS!\u00a0Graafikaring<br \/>\n<\/strong>kl 19.00,<strong> UUS!\u00a0Liikumisklubi.<\/strong>\u00a0Lumi tuli maha ja valgeks l\u00e4ks maa, kaks v\u00e4ikest hanepoega n\u00fc\u00fcd v\u00e4lja ei saa. Kuid Muraste Liikumisklubi saab v\u00e4lja iga ilmaga!!! Juba t\u00e4na \u00f5htul kell 19 koguneme kooli k\u00f5rval, et teha \u00fcks m\u00f5nus karge k\u00f5nni- v\u00f5i jooksuring. Lihtsalt liikuma!<br \/>\nkl 19.15 SP, <strong>V\u00f5rkpall<\/strong><br \/>\nkl 19 AT, \u00a0<strong>Suurupi naiskoor Meretule\u00a0 <\/strong><br \/>\nkl 19 KO, <strong>V\u00e4ikekandleansambel LiULi<\/strong> \u00a0<em>(t\u00e4iskasvanud, algajate grupp, \u00fcle n\u00e4dala)<\/em><\/p>\n<p><strong>Teisip\u00e4ev, 27. november<br \/>\n<\/strong>kl 14.40 KO, Fa Stuudio <strong>fl\u00f6\u00f6diring<\/strong><strong><br \/>\n<\/strong>kl 18.30 KL,\u00a0<strong>Inglise keele kursus \u00a0<\/strong>(kesktase B 1.2).\u00a0Lisainfo \u00a0juhendajalt tel 56575575 v\u00f5i marethein@gmail.com (Maret Hein).<br \/>\nkl 18.30 PS, <strong>SELTSKONNATANTSU KURSUS<\/strong>\u00a0algajatele-<br \/>\nkl 19.45 PS,\u00a0<strong>Seltskonnatantsude harjutustund<\/strong>\u2013 v\u00f5imalus \u00f5pitut kinnistada ja toredas seltskonnas jalga keerutada.<br \/>\n<strong>NB! UUED SELTSKONNATANTSU KURSUSED TULEKUL!<\/strong><\/p>\n<p><a href=\"https:\/\/muraste.ee\/vana\/wp-content\/uploads\/2016\/03\/revalia_muraste_A4-1.jpg\" rel=\"attachment wp-att-6523\"><img decoding=\"async\" loading=\"lazy\" class=\"alignnone wp-image-6523 size-full\" src=\"https:\/\/muraste.ee\/vana\/wp-content\/uploads\/2016\/03\/revalia_muraste_A4-1.jpg\" sizes=\"(max-width: 595px) 100vw, 595px\" srcset=\"https:\/\/muraste.ee\/vana\/wp-content\/uploads\/2016\/03\/revalia_muraste_A4-1-212x300.jpg 212w, https:\/\/muraste.ee\/vana\/wp-content\/uploads\/2016\/03\/revalia_muraste_A4-1.jpg 595w\" alt=\"revalia_muraste_A4\" width=\"595\" height=\"841\" \/><\/a><\/p>\n<p><strong>Kolmap\u00e4ev, 28. november<\/strong><\/p>\n<p>kl 14.40 KO, Fa Stuudio <strong>kandlering<\/strong> (lapsed, edasij\u00f5udnud)<br \/>\nkl 15 AT,\u00a0<strong>Showtants &amp; cheerleading<\/strong>. Lisainfo bron@prodance.ee, tel 55577821<br \/>\nkl 15.30-17 KL, <strong>UUS HUVIRING NOORTELE!<\/strong> PROGRAMMEERIMINE <em>(veel on vabu kohti!)<\/em> (loe lisa<a href=\"https:\/\/muraste.ee\/vana\/?p=6059\" target=\"_blank\">SIIT<\/a>)<a href=\"https:\/\/muraste.ee\/vana\/wp-content\/uploads\/2018\/10\/line.jpg\" rel=\"attachment wp-att-6091\"><img decoding=\"async\" loading=\"lazy\" class=\"size-medium wp-image-6091 alignleft\" src=\"https:\/\/muraste.ee\/vana\/wp-content\/uploads\/2018\/10\/line-300x199.jpg\" sizes=\"(max-width: 300px) 100vw, 300px\" srcset=\"https:\/\/muraste.ee\/vana\/wp-content\/uploads\/2018\/10\/line-300x199.jpg 300w, https:\/\/muraste.ee\/vana\/wp-content\/uploads\/2018\/10\/line-768x510.jpg 768w, https:\/\/muraste.ee\/vana\/wp-content\/uploads\/2018\/10\/line-624x415.jpg 624w, https:\/\/muraste.ee\/vana\/wp-content\/uploads\/2018\/10\/line.jpg 960w\" alt=\"line\" width=\"300\" height=\"199\" \/><\/a><br \/>\nkl 16.15 SP,\u00a0Judoklubi \u201cAitado\u201d\u00a0<strong>Judo<\/strong>\u00a0(alustajad ja uuesti alustajad). \u00a0(www.aitado.ee, Edward, tel 58053039)<br \/>\nNB! 7-9 aastased spordis\u00f5brad, veel on vabu kohti treeningr\u00fchmaga liitumiseks!<br \/>\nkl 17 KL, <strong><a href=\"https:\/\/muraste.ee\/vana\/?p=5969\" target=\"_blank\">MUDELISMIRING<\/a> <\/strong>algajatele. Juhendab Andres Madissoo NB!\u00a0Veel on vabu kohti uutele liitujatele!<br \/>\nkl 18.15 KL, <strong><a href=\"https:\/\/muraste.ee\/vana\/?p=5969\" target=\"_blank\">MUDELISMIRING<\/a><\/strong> edasij\u00f5udnutele. Juhendab Andres Madissoo<\/p>\n<p>kl 17.45 SP,\u00a0Judoklubi \u201cAitado\u201d\u00a0<strong>Judo<\/strong>\u00a0(edasij\u00f5udnud. \u00a0(www.aitado.ee, treener Edward, tel 58053039)<br \/>\nkl 18 PS,\u00a0<strong><a href=\"https:\/\/muraste.ee\/vana\/?p=6090\" target=\"_blank\">Line-tants<\/a>!<\/strong>\u00a0<strong>NB!<\/strong>\u00a0<strong>K\u00f5ik uued ja senised tantsijad on oodatud!<\/strong><br \/>\nkl 19 KL, \u00a0<strong>Inglise keele kursus<\/strong>\u00a0(algtase A2) uuesti alustajatele ja algajatele. Lisainfo \u00a0juhendajalt tel 56575575 v\u00f5i marethein@gmail.com (Maret Hein).<br \/>\nkl 19.30 PS, <strong>Harku Harakad<\/strong> tanstuproov<br \/>\nkl 19.30 SP, <strong>UUS!\u00a0\u00dcldkehalise ettevalmistuse treening.\u00a0<\/strong>Lisainfo:\u00a0<a href=\"http:\/\/motokrossipisik.eu\/saalitrennid\/\" target=\"_blank\" rel=\"noopener nofollow\" data-ft=\"{&quot;tn&quot;:&quot;-U&quot;}\" data-lynx-mode=\"async\" data-lynx-uri=\"https:\/\/l.facebook.com\/l.php?u=http%3A%2F%2Fmotokrossipisik.eu%2Fsaalitrennid%2F&amp;h=ATMtTHYPByHFd3Ejb-M_bw3_McwWuVo6SD2thhdIQy0F3YVpA_h8WkckKLGErB5uFSUlktLr926FwJ0TEtQ-jB1FBraRjZFjM3beY2s_WKOJD6YfrxE6Mt1hjwfw9ksYAGjgdHZC18BIeDnAuwSsYczTILfnnMLOzQF24cH3R6VS26raqEtS2BUg7_WQqbEtEpxp1xS_pyotI8RQyh4c32tfhGm_t2n7ldi5cdnf0XZ3A7pBLlADRaD37BfrOmuJ2do5HhcLCgaUhRx9NIHS07XqH95qhCVLIPfFZlqnktc\">http:\/\/motokrossipisik.eu\/saalitrennid\/<\/a>, hannes@motokrossipisik.ee, telefon 5296556<\/p>\n<div id=\"js_bfj\" class=\"_5pbx userContent _3576\" data-ad-preview=\"message\" data-ft=\"{&quot;tn&quot;:&quot;K&quot;}\">\n<p><strong>Neljap\u00e4ev, 29. november<\/strong><em><br \/>\n<\/em>kl 13.40 \u2013 (18.15) KO, <strong>Triinu laulustuudio<\/strong><strong><br \/>\n<\/strong>kl\u00a019.00\u00a0KO,\u00a0<strong>Inglise keele\u00a0kursus<\/strong> edasij\u00f5udnutele\u00a0(eel-kesktase B 1.1) \u00a0Lisainfo \u00a0juhendajalt tel 56575575 v\u00f5i marethein@gmail.com (Maret Hein).<\/p>\n<p>kl 18.30 KO, Naiskodukaitse Harku jaoskonna koosolek<br \/>\nkl 18.30 LS, <strong>N\u00c4ITERING, <\/strong>juhendab Anne Veesaar.<br \/>\nkl 19.00 AT;<strong> UUS!<\/strong> Filmi\u00f5htu <strong>\u201c\u00d5igus \u00f5nnele\u201d\u00a0<\/strong><strong><img decoding=\"async\" loading=\"lazy\" class=\"size-medium wp-image-6520 alignright\" src=\"https:\/\/muraste.ee\/vana\/wp-content\/uploads\/2016\/03\/Draamafilm_Oigus_onnele_Eesti_2018_Jogeva-300x169.jpg\" sizes=\"(max-width: 300px) 100vw, 300px\" srcset=\"https:\/\/muraste.ee\/vana\/wp-content\/uploads\/2016\/03\/Draamafilm_Oigus_onnele_Eesti_2018_Jogeva-300x169.jpg 300w, https:\/\/muraste.ee\/vana\/wp-content\/uploads\/2016\/03\/Draamafilm_Oigus_onnele_Eesti_2018_Jogeva-768x432.jpg 768w, https:\/\/muraste.ee\/vana\/wp-content\/uploads\/2016\/03\/Draamafilm_Oigus_onnele_Eesti_2018_Jogeva-624x351.jpg 624w, https:\/\/muraste.ee\/vana\/wp-content\/uploads\/2016\/03\/Draamafilm_Oigus_onnele_Eesti_2018_Jogeva-128x72.jpg 128w, https:\/\/muraste.ee\/vana\/wp-content\/uploads\/2016\/03\/Draamafilm_Oigus_onnele_Eesti_2018_Jogeva.jpg 1000w\" alt=\"Draamafilm_Oigus_onnele_Eesti_2018_Jogeva\" width=\"300\" height=\"169\" \/><\/strong><\/p>\n<p><strong>Reede,30. november<br \/>\n<\/strong>kl 15 T,\u00a0\u00a0<strong>UUS!<\/strong> \u00a0<strong>Showtants &amp; cheerleading<\/strong>. Lisainfo bron@prodance.ee, tel 55577821<br \/>\nkl 17.45 SP,\u00a0<strong>Judoklubi \u201cAitado\u201d\u00a0Judo<\/strong>\u00a0(edasij\u00f5udnud. \u00a0(www.aitado.ee, treener Edward, tel 58053039)<br \/>\nkl 18.30 AT, <strong>UUS!<\/strong> Filmi\u00f5htu lastele\u00a0<strong> <em>\u00a0<a href=\"https:\/\/www.youtube.com\/watch?v=GZlCIVdgzUY\" target=\"_blank\">PAPA MOLL JA \u0161OKOLAADIVABRIK<\/a>\u00a0<\/em><\/strong><\/p>\n<p><a href=\"https:\/\/muraste.ee\/vana\/wp-content\/uploads\/2016\/03\/Estinfilm_Papa-Moll_670x250.jpg\" rel=\"attachment wp-att-6521\"><img decoding=\"async\" loading=\"lazy\" class=\"alignnone size-medium wp-image-6521\" src=\"https:\/\/muraste.ee\/vana\/wp-content\/uploads\/2016\/03\/Estinfilm_Papa-Moll_670x250-300x112.jpg\" sizes=\"(max-width: 300px) 100vw, 300px\" srcset=\"https:\/\/muraste.ee\/vana\/wp-content\/uploads\/2016\/03\/Estinfilm_Papa-Moll_670x250-300x112.jpg 300w, https:\/\/muraste.ee\/vana\/wp-content\/uploads\/2016\/03\/Estinfilm_Papa-Moll_670x250-624x233.jpg 624w, https:\/\/muraste.ee\/vana\/wp-content\/uploads\/2016\/03\/Estinfilm_Papa-Moll_670x250.jpg 670w\" alt=\"Estinfilm_Papa-Moll_670x250\" width=\"300\" height=\"112\" \/><\/a><\/p>\n<p><strong>Laup\u00e4ev, 1. detsember<br \/>\nL\u00e4hme k\u00fclla! <\/strong>Kumna Kultuuriaida 15. s\u00fcnnip\u00e4eva t\u00e4histamine Kumna m\u00f5isas<\/p>\n<p><strong>P\u00fchap\u00e4eev, 2 detsember<br \/>\n<\/strong>kl 9.30 -12.30 PS, Naisrahvatantsur\u00fchma Maranad proov<br \/>\nkl 12.00 \u2013 15 AT, PS, segarahvatantsur\u00fchma proov<\/p>\n<p>&nbsp;<\/p>\n<\/div>\n<\/div>\n<ul>\n<li>\n<ul>\n<li>L\u00c4HITULEVIKU <strong>MURASTE<\/strong>\u00a0<strong>FILMIPROGRAMM<\/strong> ON N\u00c4HTAV <strong><a href=\"https:\/\/muraste.ee\/vana\/?page_id=774\" target=\"_blank\">SIIN<\/a><\/strong><\/li>\n<li><em><strong>TULEKUL<\/strong>\u00a021. detsember: uus Eesti film lastele\u00a0<strong><a href=\"https:\/\/www.youtube.com\/watch?v=pxPlRUKYxes\" target=\"_blank\">EIA J\u00d5ULUD TONDIKATKUL<\/a><\/strong><\/em><\/li>\n<\/ul>\n<\/li>\n<li>\n<ul>\n<li>3. detsembril kell 18 k\u00e4sit\u00f6\u00f6tuba: Tiffany tehnika<\/li>\n<li>5. detsember kell 18.30 praktiline lilleseade: j\u00f5ulud<\/li>\n<li>5. detsembril kell 18.30 Muraste kohviklubi- avatud k\u00fclaseltsi juhatuse koosolek .<a href=\"https:\/\/muraste.ee\/vana\/wp-content\/uploads\/2016\/03\/kohv.jpg\" rel=\"attachment wp-att-6282\"><img decoding=\"async\" loading=\"lazy\" class=\"size-thumbnail wp-image-6282 alignright\" src=\"https:\/\/muraste.ee\/vana\/wp-content\/uploads\/2016\/03\/kohv-150x150.jpg\" alt=\"kohv\" width=\"150\" height=\"150\" \/><\/a><\/li>\n<li>6. detsember kell 18\u00a0<strong>loeng<\/strong> <strong>\u201cLatentsi (6-11 a) \u2013 ja teismeliseea areng ja ise\u00e4rasused\u201c.\u00a0<\/strong><em>Loeng puudutab 6- 14 aasta vanuse lapse arengut ning annab v\u00f5imaluse paremini m\u00f5ista ja m\u00e4\u00e4ratleda oma last sel arenguperioodil. Loengut viib l\u00e4bi ps\u00fchhoanal\u00fc\u00fctik ja \u2013 terapeut Edith Herkel. (\u00dcritus kestab 1,5- kuni 2 tundi).<\/em><\/li>\n<li>16. detsember taidlejate j\u00f5ulukontsert (info tulekul)<\/li>\n<\/ul>\n<\/li>\n<\/ul>\n<p><strong>\u00a0K\u00c4SIT\u00d6\u00d6TUBA KUTSUB!\u00a0<a href=\"https:\/\/muraste.ee\/vana\/wp-content\/uploads\/2016\/03\/46479586_326425761516681_2186889891336421376_n.jpg\" rel=\"attachment wp-att-6527\"><img decoding=\"async\" loading=\"lazy\" class=\"size-medium wp-image-6527 alignright\" src=\"https:\/\/muraste.ee\/vana\/wp-content\/uploads\/2016\/03\/46479586_326425761516681_2186889891336421376_n-127x300.jpg\" alt=\"46479586_326425761516681_2186889891336421376_n\" width=\"127\" height=\"300\" srcset=\"https:\/\/muraste.ee\/vana\/wp-content\/uploads\/2016\/03\/46479586_326425761516681_2186889891336421376_n-127x300.jpg 127w, https:\/\/muraste.ee\/vana\/wp-content\/uploads\/2016\/03\/46479586_326425761516681_2186889891336421376_n.jpg 236w\" sizes=\"(max-width: 127px) 100vw, 127px\" \/><\/a><br \/>\n<\/strong><em>Mis saab olla veel parem ise meisterdatud kingitusest? Sedakorda kutsume teid k\u00f5iki esmasp\u00e4eval, 3.detsembril kell 18-20 Muraste kogukonnakeskusesse, et teha midagi Tiffany-tehnikas: olgu selleks siis aknakaunistuseks sobiv linnuke, ainulaaadne kaelaehe v\u00f5i muu v\u00e4iksem vitraa\u017e.<\/em><br \/>\n<em>T\u00f6\u00f6toa juhendajaks on Kaja Roosvee Loovuslaborist. <\/em><br \/>\n<em>T\u00f6\u00f6toa hind: 15\u20ac (kohapeal)<\/em><br \/>\n<em>T\u00f6\u00f6tuppa registreerumine kajar@autoid.ee v\u00f5i muraste@muraste.ee<\/em><br \/>\nOlete oodatud!<\/p>\n<p><strong>T\u00c4NAME<\/strong><strong><br \/>\n<\/strong><\/p>\n<p>M\u00f6\u00f6dunud n\u00e4dalasse mahtus \u00a0\u00fcks tore r\u00f5\u00f5mukild: Muraste tehti pai Harku valla tegusamatele vabatahtlikele.\u00a0Kummardus ja kiitus Harku valla(valitsuse)le \u2013 teie igak\u00fclgne toetus oli n\u00e4htav ja tuntav. Tuhat t\u00e4nu kogu korraldusmeeskonnale \u2013 miski pole v\u00f5imatu, kui seda tahta! Seekordse <em>dream-teami<\/em>liikmetena tooksin v\u00e4lja Evelin Tiiriku, Liisa Oviiri, Evar Ojasaare, Katre Kuusiku ja Katrin Pebsen-Zachrau; peo eel ja j\u00e4rel oli abik\u00e4si m\u00f5istagi rohkem \u2013 k\u00f5ik abivalmilt tublid ja tegusad! Ait\u00e4h! \u00a0Rohkem saab lugeda <a href=\"https:\/\/muraste.ee\/vana\/?p=6297\" target=\"_blank\">SIIT<\/a>\u00a0ning pilte vaadata<a href=\"http:\/\/bit.ly\/ait\u00e4hvabatahtlik\" target=\"_blank\"> SIIT<\/a><\/p>\n<p><strong>N\u00c4ITUS SAADAVAL!<\/strong><\/p>\n<\/header>\n<div class=\"entry-content\">\n<p>Kui kellelgi on soovi oma ruumides eksponeerida n\u00e4itust\u00a0\u00a0\u201c<strong><a href=\"https:\/\/muraste.ee\/vana\/?p=5228\" target=\"_blank\">Tuulepealne maa \u2013 siin on sinu kodu<\/a><\/strong>\u201d siis andke endast teada kogukonnakeskus@muraste.ee. N\u00e4itus koosneb 10st roll-up stendist.<\/p>\n<p><strong>TEADETETAHVEL<br \/>\n<\/strong><a href=\"https:\/\/muraste.ee\/vana\/wp-content\/uploads\/2016\/03\/stend.jpg\" rel=\"attachment wp-att-3740\"><img decoding=\"async\" loading=\"lazy\" class=\"size-medium wp-image-3740 alignright\" src=\"https:\/\/muraste.ee\/vana\/wp-content\/uploads\/2016\/03\/stend-300x224.jpg\" sizes=\"(max-width: 300px) 100vw, 300px\" srcset=\"https:\/\/muraste.ee\/vana\/wp-content\/uploads\/2016\/03\/stend-300x224.jpg 300w, https:\/\/muraste.ee\/vana\/wp-content\/uploads\/2016\/03\/stend-768x572.jpg 768w, https:\/\/muraste.ee\/vana\/wp-content\/uploads\/2016\/03\/stend-1024x763.jpg 1024w, https:\/\/muraste.ee\/vana\/wp-content\/uploads\/2016\/03\/stend-624x465.jpg 624w, https:\/\/muraste.ee\/vana\/wp-content\/uploads\/2016\/03\/stend.jpg 1300w\" alt=\"stend\" width=\"300\" height=\"224\" \/><\/a><\/p>\n<\/div>\n<header class=\"entry-header\">\n<div class=\"entry-content\">\n<div class=\"_1mf _1mj\" data-offset-key=\"cki46-0-0\">\n<div class=\"_1mf _1mj\" data-offset-key=\"cki46-0-0\"><strong><br \/>\nSoovid avaldada oma reklaami<\/strong>\u00a0meie infokanalites? Juhised on\u00a0<strong>siin<\/strong>!<\/div>\n<div class=\"_1mf _1mj\" data-offset-key=\"cki46-0-0\"><strong>Soovid kasutada<\/strong>\u00a0m\u00f5nd Muraste k\u00fclaseltsi poolt pakutavat<strong>\u00a0teenust<\/strong>? V\u00f5imalused on<strong>\u00a0siin!<\/strong><\/div>\n<div class=\"_1mf _1mj\" data-offset-key=\"cki46-0-0\"><\/div>\n<div class=\"_1mf _1mj\" data-offset-key=\"cki46-0-0\"><\/div>\n<p><strong>Teadmiseks:\u00a0<\/strong>Muraste igan\u00e4dalase e-infokirjaga liitumiseks saada sellekohane teade muraste@muraste.ee<br \/>\n<strong>Muraste kogukonnakeskus\u00a0<\/strong>(Lee tee 9, Muraste) avatud E-N 10 -18, R 10-16.<br \/>\n<strong>T\u00e4psustused ja info:<\/strong>\u00a0kogukonnakeskus@muraste.ee;\u00a05253128 (Aule Kikas).<\/p>\n<p>&nbsp;<\/p>\n<\/div>\n<\/div>\n<\/header>\n<p>&nbsp;<\/p>\n<\/div>\n","protected":false},"excerpt":{"rendered":"<p>N\u00c4DAL 48\u00a0MURASTES 26. november \u2013 2. detsember 2018\u00a0* * AT- koolimaja aatrium, SP- spordihoone; KO-kogukonnakeskus; \u00a0 KL- klassiruum; PS \u2013 peegelsaal; SS- s\u00f6\u00f6gisaal, LS- lavasaal, MR- meediaruum Kaanefoto:\u00a0\u00a0Erlend \u0160taub \u2013\u00a0Murastes tunnustati tublisid vabatahtlikke\u00a0\u2013 pildil head s\u00f5brad Kasev\u00e4lja K\u00fcla Seltsist. Esmasp\u00e4ev, 26. november\u00a0 kl 14.40 KO,\u00a0Fa Stuudio kandlering (lapsed, algajad) kl 16.15 SP,\u00a0Judoklubi \u201cAitado\u201d\u00a0Judo\u00a0(alustajad ja uuesti<a class=\"moretag\" href=\"https:\/\/muraste.ee\/vana\/?page_id=6531\"><br \/>&#8230;Loe edasi<\/a><\/p>\n","protected":false},"author":2,"featured_media":0,"parent":0,"menu_order":0,"comment_status":"closed","ping_status":"closed","template":"nadalakava.php","meta":{"_bbp_topic_count":0,"_bbp_reply_count":0,"_bbp_total_topic_count":0,"_bbp_total_reply_count":0,"_bbp_voice_count":0,"_bbp_anonymous_reply_count":0,"_bbp_topic_count_hidden":0,"_bbp_reply_count_hidden":0,"_bbp_forum_subforum_count":0,"_mc_calendar":[]},"_links":{"self":[{"href":"https:\/\/muraste.ee\/vana\/index.php?rest_route=\/wp\/v2\/pages\/6531"}],"collection":[{"href":"https:\/\/muraste.ee\/vana\/index.php?rest_route=\/wp\/v2\/pages"}],"about":[{"href":"https:\/\/muraste.ee\/vana\/index.php?rest_route=\/wp\/v2\/types\/page"}],"author":[{"embeddable":true,"href":"https:\/\/muraste.ee\/vana\/index.php?rest_route=\/wp\/v2\/users\/2"}],"replies":[{"embeddable":true,"href":"https:\/\/muraste.ee\/vana\/index.php?rest_route=%2Fwp%2Fv2%2Fcomments&post=6531"}],"version-history":[{"count":1,"href":"https:\/\/muraste.ee\/vana\/index.php?rest_route=\/wp\/v2\/pages\/6531\/revisions"}],"predecessor-version":[{"id":6533,"href":"https:\/\/muraste.ee\/vana\/index.php?rest_route=\/wp\/v2\/pages\/6531\/revisions\/6533"}],"wp:attachment":[{"href":"https:\/\/muraste.ee\/vana\/index.php?rest_route=%2Fwp%2Fv2%2Fmedia&parent=6531"}],"curies":[{"name":"wp","href":"https:\/\/api.w.org\/{rel}","templated":true}]}}