{"id":6602,"date":"2018-12-20T14:05:51","date_gmt":"2018-12-20T12:05:51","guid":{"rendered":"https:\/\/muraste.ee\/vana\/?page_id=6602"},"modified":"2018-12-20T14:06:17","modified_gmt":"2018-12-20T12:06:17","slug":"6602-2","status":"publish","type":"page","link":"https:\/\/muraste.ee\/vana\/?page_id=6602","title":{"rendered":"N\u00e4dal 50"},"content":{"rendered":"<h1 class=\"entry-title\" style=\"text-align: center;\"><span style=\"color: #0000ff;\"><strong>N\u00c4DAL 50\u00a0MURASTES<br \/>\n10. &#8211; 16.\u00a0detsember 2018\u00a0*<\/strong><\/span><span style=\"color: #ff9900;\"><strong><br \/>\n<\/strong>\u00a0<\/span><\/h1>\n<div class=\"entry-content\" style=\"text-align: left;\">\n<p><span style=\"color: #808080;\"><em>* AT- koolimaja aatrium, SP- spordihoone; KO-kogukonnakeskus; \u00a0 KL- klassiruum; PS &#8211; peegelsaal; SS- s\u00f6\u00f6gisaal, LS- lavasaal, MR- meediaruum<\/em><\/span><\/p>\n<p><em><span style=\"color: #808080;\">Kaanefoto: J\u00f5ulutunne praktilise lilleseade kursuselt. Pildistas \u00d5ie \u00d5ll<\/span><\/em><\/p>\n<p><strong><span style=\"color: #0000ff;\">Esmasp\u00e4ev, 10. detsember<\/span><\/strong><\/p>\n<\/div>\n<div class=\"entry-content\" style=\"text-align: left;\">\n<header class=\"entry-header\">\n<div class=\"entry-content\">\n<p>kl 14.40 KO,\u00a0<strong>Fa Stuudio kandlering<\/strong> (lapsed, algajad)<br \/>\nkl 16.15 SP,\u00a0<strong>Judoklubi \u201cAitado\u201d\u00a0Judo<\/strong>\u00a0(alustajad ja uuesti alustajad). \u00a0(www.aitado.ee, Edward, tel 58053039) NB! 7-9 aastased spordis\u00f5brad, veel on vabu kohti treeningr\u00fchmaga liitumiseks!<br \/>\nkl 17.00 <strong>Skaudiring<\/strong><br \/>\nkl 17.30 KO, <strong>V\u00e4ikekandleansambel LiULi <\/strong><em>(p\u00f5hikoosseis)<\/em><br \/>\nkl 17.45 SP,\u00a0<strong>Judoklubi \u201cAitado\u201d\u00a0Judo<\/strong>\u00a0(edasij\u00f5udnud. \u00a0(www.aitado.ee, treener Edward, tel 58053039)<br \/>\nkl 18.30 KO, kl 19.15 SP, <strong>V\u00f5rkpall<\/strong><br \/>\nkl 19 AT, \u00a0<strong>Suurupi naiskoor Meretule\u00a0 <\/strong><br \/>\nkl 19 KO, <strong>V\u00e4ikekandleansambel LiULi<\/strong> \u00a0<em>(t\u00e4iskasvanud, algajate grupp, \u00fcle n\u00e4dala)<\/em><\/p>\n<p><strong><span style=\"color: #339966;\"><span style=\"color: #0000ff;\">Teisip\u00e4ev, 11. detsember<\/span><a href=\"https:\/\/muraste.ee\/vana\/wp-content\/uploads\/2016\/03\/revalia_muraste_A4-1.jpg\" rel=\"attachment wp-att-6523\"><img decoding=\"async\" loading=\"lazy\" class=\"wp-image-6523 size-medium alignright\" src=\"https:\/\/muraste.ee\/vana\/wp-content\/uploads\/2016\/03\/revalia_muraste_A4-1-212x300.jpg\" alt=\"revalia_muraste_A4\" width=\"212\" height=\"300\" srcset=\"https:\/\/muraste.ee\/vana\/wp-content\/uploads\/2016\/03\/revalia_muraste_A4-1-212x300.jpg 212w, https:\/\/muraste.ee\/vana\/wp-content\/uploads\/2016\/03\/revalia_muraste_A4-1.jpg 595w\" sizes=\"(max-width: 212px) 100vw, 212px\" \/><\/a><\/span><br \/>\n<\/strong>kl 14.40 KO, Fa Stuudio <strong>fl\u00f6\u00f6diring<\/strong><strong><br \/>\n<\/strong>kl 18.30 KL,\u00a0<strong>Inglise keele kursus \u00a0<\/strong>(kesktase B 1.2).\u00a0Lisainfo \u00a0juhendajalt tel 56575575 v\u00f5i marethein@gmail.com (Maret Hein).<br \/>\nkl 17-18.30 PS; Naisr\u00fchm <strong>Maranad<\/strong> proov<br \/>\nkl 18.30 PS, <strong>SELTSKONNATANTSU KURSUS<\/strong>\u00a0algajatele-<br \/>\nkl 19.45 PS,\u00a0<strong>Seltskonnatantsude harjutustund<\/strong>\u2013 v\u00f5imalus \u00f5pitut kinnistada ja toredas seltskonnas jalga keerutada.<br \/>\n<strong><span style=\"color: #ff0000;\">NB! UUED SELTSKONNATANTSU KURSUSED TULEKUL!<\/span><\/strong><\/p>\n<p><span style=\"color: #0000ff;\"><strong style=\"font-size: 1rem;\">Kolmap\u00e4ev, 12. detsember<\/strong><\/span><\/p>\n<p><span style=\"color: #99cc00;\"><span style=\"color: #339966;\"><span style=\"color: #000000;\">kl 14.40 KO, Fa Stuudio <strong>kandlering<\/strong> (lapsed, edasij\u00f5udnud)<\/span><\/span><\/span><span style=\"color: #99cc00;\"><span style=\"color: #339966;\"><br \/>\n<span style=\"color: #000000;\">kl 15 AT,\u00a0<strong>Showtants &amp; cheerleading<\/strong>. Lisainfo bron@prodance.ee, tel 55577821<\/span><br \/>\n<span style=\"color: #000000;\">kl 16.15 SP,\u00a0Judoklubi \u201cAitado\u201d\u00a0<strong>Judo<\/strong>\u00a0(alustajad ja uuesti alustajad). \u00a0(www.aitado.ee, Edward, tel 58053039),\u00a0NB! 7-9 aastased spordis\u00f5brad, veel on vabu kohti treeningr\u00fchmaga liitumiseks!<br \/>\nkl 17 KL, <strong><a style=\"color: #000000;\" href=\"https:\/\/muraste.ee\/vana\/?p=5969\" target=\"_blank\">MUDELISMIRING<\/a> <\/strong>algajatele. Juhendab Andres Madissoo NB!\u00a0Veel on vabu kohti uutele liitujatele!<\/span><br \/>\n<span style=\"color: #000000;\">kl 18.15 KL, <strong><a style=\"color: #000000;\" href=\"https:\/\/muraste.ee\/vana\/?p=5969\" target=\"_blank\">MUDELISMIRING<\/a><\/strong> edasij\u00f5udnutele. Juhendab Andres Madissoo<br \/>\n<\/span><\/span><\/span><span style=\"color: #99cc00;\"><span style=\"color: #339966;\"><span style=\"color: #000000;\">kl 17.45 SP,\u00a0Judoklubi \u201cAitado\u201d\u00a0<strong>Judo<\/strong>\u00a0(edasij\u00f5udnud. \u00a0(www.aitado.ee, treener Edward, tel 58053039)<br \/>\n<\/span><\/span><\/span>kl 18 PS,\u00a0<strong><a href=\"https:\/\/muraste.ee\/vana\/?p=6090\" target=\"_blank\">Line-tants<\/a>!<\/strong>\u00a0<strong>K\u00f5ik uued ja senised tantsijad on oodatud!<img decoding=\"async\" loading=\"lazy\" class=\"size-medium wp-image-6091 alignleft\" src=\"https:\/\/muraste.ee\/vana\/wp-content\/uploads\/2018\/10\/line-300x199.jpg\" alt=\"line\" width=\"300\" height=\"199\" srcset=\"https:\/\/muraste.ee\/vana\/wp-content\/uploads\/2018\/10\/line-300x199.jpg 300w, https:\/\/muraste.ee\/vana\/wp-content\/uploads\/2018\/10\/line-768x510.jpg 768w, https:\/\/muraste.ee\/vana\/wp-content\/uploads\/2018\/10\/line-624x415.jpg 624w, https:\/\/muraste.ee\/vana\/wp-content\/uploads\/2018\/10\/line.jpg 960w\" sizes=\"(max-width: 300px) 100vw, 300px\" \/><br \/>\n<\/strong>kl 19 KL, \u00a0<strong>Inglise keele kursus<\/strong>\u00a0(algtase A2) uuesti alustajatele ja algajatele. Lisainfo \u00a0juhendajalt tel 56575575 v\u00f5i marethein@gmail.com (Maret Hein).<br \/>\nkl 19.30 PS, <strong>Harku Harakad<\/strong> tanstuproov<br \/>\nkl 19.30 SP, <strong>\u00dcldkehalise ettevalmistuse treening.\u00a0<\/strong>Lisainfo:\u00a0<a href=\"http:\/\/motokrossipisik.eu\/saalitrennid\/\" target=\"_blank\" rel=\"noopener nofollow\" data-ft=\"{&quot;tn&quot;:&quot;-U&quot;}\" data-lynx-mode=\"async\" data-lynx-uri=\"https:\/\/l.facebook.com\/l.php?u=http%3A%2F%2Fmotokrossipisik.eu%2Fsaalitrennid%2F&amp;h=ATMtTHYPByHFd3Ejb-M_bw3_McwWuVo6SD2thhdIQy0F3YVpA_h8WkckKLGErB5uFSUlktLr926FwJ0TEtQ-jB1FBraRjZFjM3beY2s_WKOJD6YfrxE6Mt1hjwfw9ksYAGjgdHZC18BIeDnAuwSsYczTILfnnMLOzQF24cH3R6VS26raqEtS2BUg7_WQqbEtEpxp1xS_pyotI8RQyh4c32tfhGm_t2n7ldi5cdnf0XZ3A7pBLlADRaD37BfrOmuJ2do5HhcLCgaUhRx9NIHS07XqH95qhCVLIPfFZlqnktc\">http:\/\/motokrossipisik.eu\/saalitrennid\/<\/a>, hannes@motokrossipisik.ee, telefon 5296556<\/p>\n<div id=\"js_bfj\" class=\"_5pbx userContent _3576\" data-ad-preview=\"message\" data-ft=\"{&quot;tn&quot;:&quot;K&quot;}\">\n<p><span style=\"color: #0000ff;\"><strong>Neljap\u00e4ev, 13. detsember<\/strong><\/span><em><br \/>\n<\/em>kl 13.40 \u2013 (18.15) KO, <strong>Triinu laulustuudio<\/strong><strong><br \/>\n<\/strong>kl\u00a019.00\u00a0KO,\u00a0<strong>Inglise keele\u00a0kursus<\/strong> edasij\u00f5udnutele\u00a0(eel-kesktase B 1.1) \u00a0Lisainfo \u00a0juhendajalt tel 56575575 v\u00f5i marethein@gmail.com (Maret Hein).<em><br \/>\n<\/em>kl 18.30 LS, <strong>N\u00c4ITERING,\u00a0<\/strong>juhendab Anne Veesaar.<br \/>\nkl 17 AT, <span style=\"color: #ff0000;\"><strong>UUS!<\/strong> <\/span><strong>Muraste kooli j\u00f5ulupidu (4.-6. klass)<\/strong><\/p>\n<p><span style=\"color: #ff9900;\"><strong style=\"color: #339966; font-size: 1rem;\"><span style=\"color: #0000ff;\">Reede, 14. detsember<\/span><br \/>\n<\/strong><\/span>kl 15 AT,\u00a0\u00a0<strong>Showtants &amp; cheerleading<\/strong>. Lisainfo bron@prodance.ee, tel 55577821<br \/>\nkl 17.45 SP,\u00a0<strong>Judoklubi \u201cAitado\u201d\u00a0Judo<\/strong>\u00a0(edasij\u00f5udnud. \u00a0(www.aitado.ee, treener Edward, tel 58053039)<br \/>\nkl 17 AT, <span style=\"color: #ff0000;\"><strong>UUS!<\/strong> <\/span><strong>Muraste kooli j\u00f5ulupidu (4.-6. klass)<\/strong><\/p>\n<p><span style=\"color: #ff9900;\"><strong style=\"color: #339966; font-size: 1rem;\"><span style=\"color: #0000ff;\">Laup\u00e4ev, 15. detsember\u00a0<a href=\"https:\/\/muraste.ee\/vana\/wp-content\/uploads\/2016\/03\/47578642_2320709548158316_4178183961240928256_n.jpg\" rel=\"attachment wp-att-6563\"><img decoding=\"async\" loading=\"lazy\" class=\"size-medium wp-image-6563 alignright\" src=\"https:\/\/muraste.ee\/vana\/wp-content\/uploads\/2016\/03\/47578642_2320709548158316_4178183961240928256_n-300x212.jpg\" alt=\"47578642_2320709548158316_4178183961240928256_n\" width=\"300\" height=\"212\" srcset=\"https:\/\/muraste.ee\/vana\/wp-content\/uploads\/2016\/03\/47578642_2320709548158316_4178183961240928256_n-300x212.jpg 300w, https:\/\/muraste.ee\/vana\/wp-content\/uploads\/2016\/03\/47578642_2320709548158316_4178183961240928256_n-768x543.jpg 768w, https:\/\/muraste.ee\/vana\/wp-content\/uploads\/2016\/03\/47578642_2320709548158316_4178183961240928256_n-1024x724.jpg 1024w, https:\/\/muraste.ee\/vana\/wp-content\/uploads\/2016\/03\/47578642_2320709548158316_4178183961240928256_n-624x441.jpg 624w\" sizes=\"(max-width: 300px) 100vw, 300px\" \/><\/a><\/span><br \/>\n<\/strong><\/span>kl 12 KO,\u00a0<span style=\"color: #ff0000;\">\u00a0<strong>UUS!<\/strong>\u00a0<\/span>\u00a0Erakordselt lahe, ainulaadsete graafiliste j\u00f5ulukaartide meisterdamise t\u00f6\u00f6tuba; juhendajaks graafik Lembe Ruben. Ruumi jagub k\u00f5igile! Olete oodatud!<\/p>\n<\/div>\n<p><span style=\"color: #ff9900;\"><strong style=\"color: #339966; font-size: 1rem;\"><span style=\"color: #0000ff;\">P\u00fchap\u00e4ev, 16. detsember<\/span><br \/>\n<\/strong><\/span>kl 15 AT,\u00a0\u00a0<strong><span style=\"color: #ff0000;\">UUS!\u00a0<\/span><\/strong> <strong>J\u00d5ULUKONTSERT &#8220;Tuulepealse j\u00f5ulupuu&#8221;.<\/strong> Omadelt omadele.<\/p>\n<div id=\"js_bfj\" class=\"_5pbx userContent _3576\" data-ad-preview=\"message\" data-ft=\"{&quot;tn&quot;:&quot;K&quot;}\">\n<p><a href=\"https:\/\/muraste.ee\/vana\/wp-content\/uploads\/2016\/03\/joulupuu.jpg\" rel=\"attachment wp-att-6597\"><img decoding=\"async\" loading=\"lazy\" class=\"alignnone size-full wp-image-6597\" src=\"https:\/\/muraste.ee\/vana\/wp-content\/uploads\/2016\/03\/joulupuu.jpg\" alt=\"joulupuu\" width=\"679\" height=\"960\" srcset=\"https:\/\/muraste.ee\/vana\/wp-content\/uploads\/2016\/03\/joulupuu.jpg 679w, https:\/\/muraste.ee\/vana\/wp-content\/uploads\/2016\/03\/joulupuu-212x300.jpg 212w, https:\/\/muraste.ee\/vana\/wp-content\/uploads\/2016\/03\/joulupuu-624x882.jpg 624w\" sizes=\"(max-width: 679px) 100vw, 679px\" \/><\/a><\/p>\n<p><span style=\"color: #0000ff;\"><strong>TULEKUL<\/strong><\/span><\/p>\n<\/div>\n<\/div>\n<ul>\n<li>\n<ul>\n<li>L\u00c4HITULEVIKU MURASTE\u00a0FILMIPROGRAMM ON N\u00c4HTAV <span style=\"color: #ff0000;\"><strong><a style=\"color: #ff0000;\" href=\"https:\/\/muraste.ee\/vana\/?page_id=774\" target=\"_blank\">SIIN<\/a>\u00a0<\/strong><\/span><a href=\"https:\/\/muraste.ee\/vana\/wp-content\/uploads\/2016\/03\/eia.jpg\" rel=\"attachment wp-att-6559\"><img decoding=\"async\" loading=\"lazy\" class=\"alignnone wp-image-6559 size-full\" src=\"https:\/\/muraste.ee\/vana\/wp-content\/uploads\/2016\/03\/eia.jpg\" alt=\"eia\" width=\"820\" height=\"461\" srcset=\"https:\/\/muraste.ee\/vana\/wp-content\/uploads\/2016\/03\/eia.jpg 820w, https:\/\/muraste.ee\/vana\/wp-content\/uploads\/2016\/03\/eia-300x169.jpg 300w, https:\/\/muraste.ee\/vana\/wp-content\/uploads\/2016\/03\/eia-768x432.jpg 768w, https:\/\/muraste.ee\/vana\/wp-content\/uploads\/2016\/03\/eia-624x351.jpg 624w, https:\/\/muraste.ee\/vana\/wp-content\/uploads\/2016\/03\/eia-128x72.jpg 128w\" sizes=\"(max-width: 820px) 100vw, 820px\" \/><\/a><\/li>\n<li><span style=\"font-size: 1rem;\">\u00a021. detsember: <strong>UUS!\u00a0<\/strong>Eesti film lastele\u00a0<\/span><a href=\"https:\/\/www.youtube.com\/watch?v=pxPlRUKYxes\" target=\"_blank\">EIA J\u00d5ULUD TONDIKAKUL<\/a><\/li>\n<li><a href=\"https:\/\/muraste.ee\/vana\/wp-content\/uploads\/2016\/03\/46479586_326425761516681_2186889891336421376_n.jpg\" rel=\"attachment wp-att-6527\"><img decoding=\"async\" loading=\"lazy\" class=\"size-medium wp-image-6527 alignright\" src=\"https:\/\/muraste.ee\/vana\/wp-content\/uploads\/2016\/03\/46479586_326425761516681_2186889891336421376_n-127x300.jpg\" alt=\"46479586_326425761516681_2186889891336421376_n\" width=\"127\" height=\"300\" srcset=\"https:\/\/muraste.ee\/vana\/wp-content\/uploads\/2016\/03\/46479586_326425761516681_2186889891336421376_n-127x300.jpg 127w, https:\/\/muraste.ee\/vana\/wp-content\/uploads\/2016\/03\/46479586_326425761516681_2186889891336421376_n.jpg 236w\" sizes=\"(max-width: 127px) 100vw, 127px\" \/><\/a>17.detsember kl 15 \u00a0KO, <strong><span style=\"color: #ff0000;\">UUS!<\/span> K\u00e4sit\u00f6\u00f6tuba-extra kutsub<\/strong><strong>: Tiffany tehnika<\/strong><br \/>\n<em>Mis saab olla veel parem ise meisterdatud kingitusest? Sedakorda kutsume teid k\u00f5iki kogukonnakeskusesse, et teha midagi Tiffany-tehnikas: olgu selleks siis aknakaunistuseks sobiv linnuke, ainulaaadne kaelaehe v\u00f5i muu v\u00e4iksem vitraa\u017e.<\/em><br \/>\n<em>T\u00f6\u00f6toa juhendajaks on Kaja Roosvee Loovuslaborist. <\/em><br \/>\n<em>T\u00f6\u00f6toa hind: 15\u20ac (kohapeal)\u00a0<\/em><em>T\u00f6\u00f6tuppa registreerumine kajar@autoid.ee v\u00f5i muraste@muraste.ee<\/em><br \/>\nOlete oodatud!<\/li>\n<\/ul>\n<\/li>\n<\/ul>\n<p><span style=\"color: #333333;\"><strong><span style=\"color: #339966;\">KAUNIS HETK<br \/>\n<\/span><\/strong><\/span><\/p>\n<p><span style=\"color: #333333;\"><em>Meie igavesti soe, naljakas, ogar, r\u00f5\u00f5mus Nimetu N\u00e4item\u00e4nguseltskond v\u00f5ttis m\u00f6\u00f6dunud n\u00e4dalal peale tavap\u00e4rast proovi 2018. aasta k<a href=\"https:\/\/muraste.ee\/vana\/wp-content\/uploads\/2016\/03\/47280800_2188970014677877_6619814878368497664_n.jpg\" rel=\"attachment wp-att-6568\"><img decoding=\"async\" loading=\"lazy\" class=\"size-medium wp-image-6568 alignright\" src=\"https:\/\/muraste.ee\/vana\/wp-content\/uploads\/2016\/03\/47280800_2188970014677877_6619814878368497664_n-300x225.jpg\" alt=\"47280800_2188970014677877_6619814878368497664_n\" width=\"300\" height=\"225\" srcset=\"https:\/\/muraste.ee\/vana\/wp-content\/uploads\/2016\/03\/47280800_2188970014677877_6619814878368497664_n-300x225.jpg 300w, https:\/\/muraste.ee\/vana\/wp-content\/uploads\/2016\/03\/47280800_2188970014677877_6619814878368497664_n-768x576.jpg 768w, https:\/\/muraste.ee\/vana\/wp-content\/uploads\/2016\/03\/47280800_2188970014677877_6619814878368497664_n-1024x768.jpg 1024w, https:\/\/muraste.ee\/vana\/wp-content\/uploads\/2016\/03\/47280800_2188970014677877_6619814878368497664_n-624x468.jpg 624w\" sizes=\"(max-width: 300px) 100vw, 300px\" \/><\/a>okku. Loeti kokku antud etendused, jagati humoorikaid (s\u00fcdamest tulevaid) t\u00e4nukirju, \u00f6eldi paitavaid s\u00f5nu. Meie v\u00e4\u00e4rikas &#8220;Ogar K\u00fcbarsepp&#8221; Armand saabus aga suure, peaaegu omak\u00fcpsetatud kringliga, mille all oli ta enda meisterdatud p\u00fchendusega tordialus-l\u00f5ikelaud n\u00e4item\u00e4ngurahvale &#8211; &#8220;lihtne&#8221; tekstil\u00f5ik m\u00f5istagi \u00f5pitavast Alice lavastusest. Inspireeriv ja tore: nii seltskond, kingitus kui aasta. Ait\u00e4h!<br \/>\n<a href=\"https:\/\/muraste.ee\/vana\/wp-content\/uploads\/2016\/03\/plaat.jpg\" rel=\"attachment wp-att-6565\"><img decoding=\"async\" loading=\"lazy\" class=\"alignnone size-full wp-image-6565\" src=\"https:\/\/muraste.ee\/vana\/wp-content\/uploads\/2016\/03\/plaat.jpg\" alt=\"plaat\" width=\"960\" height=\"720\" srcset=\"https:\/\/muraste.ee\/vana\/wp-content\/uploads\/2016\/03\/plaat.jpg 960w, https:\/\/muraste.ee\/vana\/wp-content\/uploads\/2016\/03\/plaat-300x225.jpg 300w, https:\/\/muraste.ee\/vana\/wp-content\/uploads\/2016\/03\/plaat-768x576.jpg 768w, https:\/\/muraste.ee\/vana\/wp-content\/uploads\/2016\/03\/plaat-624x468.jpg 624w\" sizes=\"(max-width: 960px) 100vw, 960px\" \/><\/a><br \/>\n<\/em><\/span><\/p>\n<p><strong><span style=\"color: #3366ff;\">MUREKOOREM<a href=\"https:\/\/muraste.ee\/vana\/wp-content\/uploads\/2018\/12\/prygi.jpg\" rel=\"attachment wp-att-6576\"><img decoding=\"async\" loading=\"lazy\" class=\"size-medium wp-image-6576 alignright\" src=\"https:\/\/muraste.ee\/vana\/wp-content\/uploads\/2018\/12\/prygi-300x225.jpg\" alt=\"prygi\" width=\"300\" height=\"225\" srcset=\"https:\/\/muraste.ee\/vana\/wp-content\/uploads\/2018\/12\/prygi-300x225.jpg 300w, https:\/\/muraste.ee\/vana\/wp-content\/uploads\/2018\/12\/prygi-768x576.jpg 768w, https:\/\/muraste.ee\/vana\/wp-content\/uploads\/2018\/12\/prygi-1024x768.jpg 1024w, https:\/\/muraste.ee\/vana\/wp-content\/uploads\/2018\/12\/prygi-624x468.jpg 624w, https:\/\/muraste.ee\/vana\/wp-content\/uploads\/2018\/12\/prygi.jpg 1560w\" sizes=\"(max-width: 300px) 100vw, 300px\" \/><\/a><\/span><\/strong><\/p>\n<p>Hea Muraste rahvas! N\u00e4dalavahetusel\u00a0h\u00e4iris taas m\u00f6\u00f6daminejate pilku Kolmiku\/Kivi t\u00e4nava nurgal olev pakendikonteiner, \u00f5igemini selle \u00fcmber olev sodi. Hea oleks ju vabanduseks \u00f6elda, et kast on t\u00e4is ja eks siis ikka \u201ckukub\u201d midagi maha. Kuid\u2026 meie k\u00fclaseltsi juhatuse tubli vabatahtlik, kes hooletutest k\u00e4test mahaj\u00e4etu juba mitmendat kokku korjas, kinnitas, et kastis ja selle \u00fcmbruses on k\u00f5ike muud kui pakendeid.<br \/>\nTeemast saab \u00fclevaate <strong><a href=\"https:\/\/muraste.ee\/vana\/?p=6574\" target=\"_blank\">SIIT<\/a><\/strong><\/p>\n<p><span style=\"color: #339966;\"><strong>N\u00c4ITUS SAADAVAL!\u00a0<a href=\"https:\/\/muraste.ee\/vana\/wp-content\/uploads\/2016\/03\/n\u00e4itus-1.jpg\" rel=\"attachment wp-att-6541\"><img decoding=\"async\" loading=\"lazy\" class=\"size-medium wp-image-6541 alignright\" src=\"https:\/\/muraste.ee\/vana\/wp-content\/uploads\/2016\/03\/n\u00e4itus-1-300x169.jpg\" alt=\"n\u00e4itus\" width=\"300\" height=\"169\" srcset=\"https:\/\/muraste.ee\/vana\/wp-content\/uploads\/2016\/03\/n\u00e4itus-1-300x169.jpg 300w, https:\/\/muraste.ee\/vana\/wp-content\/uploads\/2016\/03\/n\u00e4itus-1-768x432.jpg 768w, https:\/\/muraste.ee\/vana\/wp-content\/uploads\/2016\/03\/n\u00e4itus-1-624x351.jpg 624w, https:\/\/muraste.ee\/vana\/wp-content\/uploads\/2016\/03\/n\u00e4itus-1-128x72.jpg 128w, https:\/\/muraste.ee\/vana\/wp-content\/uploads\/2016\/03\/n\u00e4itus-1.jpg 960w\" sizes=\"(max-width: 300px) 100vw, 300px\" \/><\/a><\/strong><\/span><\/p>\n<\/header>\n<div class=\"entry-content\">\n<p>Kui kellelgi on soovi oma ruumides eksponeerida n\u00e4itust\u00a0\u00a0\u201c<strong><a href=\"https:\/\/muraste.ee\/vana\/?p=5228\" target=\"_blank\">Tuulepealne maa \u2013 siin on sinu kodu<\/a><\/strong>\u201d siis andke endast teada kogukonnakeskus@muraste.ee. N\u00e4itus koosneb 10st roll-up stendist.<\/p>\n<p><em>Tore teade: meie postern\u00e4itus \u201eTuultepealne maa \u2013 siin on Sinu kodu\u201c l\u00e4ks esmakordselt r\u00e4ndama ning on Kuresaare Kultuurikeskuses vaatamiseks kuni selle aasta l\u00f5puni. Imeliste fotode autor on Suurupi noormees Johan Boeijkens ning n\u00e4itus valmis kingituseks Eesti Vabariigi s\u00fcnnip\u00e4evaks. N\u00e4ituse k\u00fcllamineku v\u00f5imaluse organiseerisid murastelased \u00d5ie \u00d5ll ja Lembit Michelson fotostuudiost Akriibia. Saarlased ja Kuressaare k\u00fclalised &#8211; head nautimist!<\/em><\/p>\n<p><strong style=\"color: #3366ff; font-size: 1rem;\">TEADETETAHVEL<\/strong><\/p>\n<p><span style=\"color: #3366ff;\"><a style=\"color: #3366ff;\" href=\"https:\/\/muraste.ee\/vana\/wp-content\/uploads\/2016\/03\/stend.jpg\" rel=\"attachment wp-att-3740\"><img decoding=\"async\" loading=\"lazy\" class=\"size-medium wp-image-3740 alignright\" src=\"https:\/\/muraste.ee\/vana\/wp-content\/uploads\/2016\/03\/stend-300x224.jpg\" sizes=\"(max-width: 300px) 100vw, 300px\" srcset=\"https:\/\/muraste.ee\/vana\/wp-content\/uploads\/2016\/03\/stend-300x224.jpg 300w, https:\/\/muraste.ee\/vana\/wp-content\/uploads\/2016\/03\/stend-768x572.jpg 768w, https:\/\/muraste.ee\/vana\/wp-content\/uploads\/2016\/03\/stend-1024x763.jpg 1024w, https:\/\/muraste.ee\/vana\/wp-content\/uploads\/2016\/03\/stend-624x465.jpg 624w, https:\/\/muraste.ee\/vana\/wp-content\/uploads\/2016\/03\/stend.jpg 1300w\" alt=\"stend\" width=\"300\" height=\"224\" \/><\/a><\/span><\/p>\n<\/div>\n<header class=\"entry-header\">\n<div class=\"entry-content\">\n<div class=\"_1mf _1mj\" data-offset-key=\"cki46-0-0\">\n<div class=\"_1mf _1mj\" data-offset-key=\"cki46-0-0\"><strong><br \/>\nSoovid avaldada oma reklaami<\/strong>\u00a0meie infokanalites? Juhised on\u00a0<strong>siin<\/strong>!<\/div>\n<div class=\"_1mf _1mj\" data-offset-key=\"cki46-0-0\"><strong>Soovid kasutada<\/strong>\u00a0m\u00f5nd Muraste k\u00fclaseltsi poolt pakutavat<strong>\u00a0teenust<\/strong>? V\u00f5imalused on<strong>\u00a0siin!<\/strong><\/div>\n<div class=\"_1mf _1mj\" data-offset-key=\"cki46-0-0\"><\/div>\n<div class=\"_1mf _1mj\" data-offset-key=\"cki46-0-0\"><\/div>\n<p><strong>Teadmiseks:\u00a0<\/strong>Muraste igan\u00e4dalase e-infokirjaga liitumiseks saada sellekohane teade muraste@muraste.ee<br \/>\n<strong>Muraste kogukonnakeskus\u00a0<\/strong>(Lee tee 9, Muraste) avatud E-N 10 -18, R 10-16.<br \/>\n<strong>T\u00e4psustused ja info:<\/strong>\u00a0kogukonnakeskus@muraste.ee;\u00a05253128 (Aule Kikas).<\/p>\n<\/div>\n<\/div>\n<\/header>\n<\/div>\n","protected":false},"excerpt":{"rendered":"<p>N\u00c4DAL 50\u00a0MURASTES 10. &#8211; 16.\u00a0detsember 2018\u00a0* \u00a0 * AT- koolimaja aatrium, SP- spordihoone; KO-kogukonnakeskus; \u00a0 KL- klassiruum; PS &#8211; peegelsaal; SS- s\u00f6\u00f6gisaal, LS- lavasaal, MR- meediaruum Kaanefoto: J\u00f5ulutunne praktilise lilleseade kursuselt. Pildistas \u00d5ie \u00d5ll Esmasp\u00e4ev, 10. detsember kl 14.40 KO,\u00a0Fa Stuudio kandlering (lapsed, algajad) kl 16.15 SP,\u00a0Judoklubi \u201cAitado\u201d\u00a0Judo\u00a0(alustajad ja uuesti alustajad). \u00a0(www.aitado.ee, Edward, tel 58053039)<a class=\"moretag\" href=\"https:\/\/muraste.ee\/vana\/?page_id=6602\"><br \/>&#8230;Loe edasi<\/a><\/p>\n","protected":false},"author":2,"featured_media":0,"parent":0,"menu_order":0,"comment_status":"closed","ping_status":"closed","template":"nadalakava.php","meta":{"_bbp_topic_count":0,"_bbp_reply_count":0,"_bbp_total_topic_count":0,"_bbp_total_reply_count":0,"_bbp_voice_count":0,"_bbp_anonymous_reply_count":0,"_bbp_topic_count_hidden":0,"_bbp_reply_count_hidden":0,"_bbp_forum_subforum_count":0,"_mc_calendar":[]},"_links":{"self":[{"href":"https:\/\/muraste.ee\/vana\/index.php?rest_route=\/wp\/v2\/pages\/6602"}],"collection":[{"href":"https:\/\/muraste.ee\/vana\/index.php?rest_route=\/wp\/v2\/pages"}],"about":[{"href":"https:\/\/muraste.ee\/vana\/index.php?rest_route=\/wp\/v2\/types\/page"}],"author":[{"embeddable":true,"href":"https:\/\/muraste.ee\/vana\/index.php?rest_route=\/wp\/v2\/users\/2"}],"replies":[{"embeddable":true,"href":"https:\/\/muraste.ee\/vana\/index.php?rest_route=%2Fwp%2Fv2%2Fcomments&post=6602"}],"version-history":[{"count":2,"href":"https:\/\/muraste.ee\/vana\/index.php?rest_route=\/wp\/v2\/pages\/6602\/revisions"}],"predecessor-version":[{"id":6605,"href":"https:\/\/muraste.ee\/vana\/index.php?rest_route=\/wp\/v2\/pages\/6602\/revisions\/6605"}],"wp:attachment":[{"href":"https:\/\/muraste.ee\/vana\/index.php?rest_route=%2Fwp%2Fv2%2Fmedia&parent=6602"}],"curies":[{"name":"wp","href":"https:\/\/api.w.org\/{rel}","templated":true}]}}