{"id":6621,"date":"2019-01-02T09:39:55","date_gmt":"2019-01-02T07:39:55","guid":{"rendered":"https:\/\/muraste.ee\/vana\/?page_id=6621"},"modified":"2019-01-02T09:39:55","modified_gmt":"2019-01-02T07:39:55","slug":"aastavahetus-murastes","status":"publish","type":"page","link":"https:\/\/muraste.ee\/vana\/?page_id=6621","title":{"rendered":"Aastavahetus Murastes"},"content":{"rendered":"<h1 class=\"entry-title\" style=\"text-align: center;\"><span style=\"color: #99cc00;\">AASTAVAHETUS MURASTES<br \/>\n(KOOLIMAJAS)<strong><br \/>\n<\/strong><\/span><span style=\"color: #ff9900;\">\u00a0<\/span><\/h1>\n<div class=\"entry-content\" style=\"text-align: left;\">\n<p><span style=\"color: #0000ff;\"><strong style=\"font-size: 1rem;\"><span style=\"color: #99cc00;\">13. dets kl 17<\/span> \u00a0<\/strong><\/span><strong>Muraste kooli j\u00f5ulupidu (4.-6. klass)<\/strong><\/p>\n<\/div>\n<div class=\"entry-content\" style=\"text-align: left;\">\n<header class=\"entry-header\">\n<div class=\"entry-content\">\n<p><strong><img decoding=\"async\" loading=\"lazy\" class=\"size-medium wp-image-6563 alignright\" src=\"https:\/\/muraste.ee\/vana\/wp-content\/uploads\/2016\/03\/47578642_2320709548158316_4178183961240928256_n-300x212.jpg\" alt=\"47578642_2320709548158316_4178183961240928256_n\" width=\"300\" height=\"212\" srcset=\"https:\/\/muraste.ee\/vana\/wp-content\/uploads\/2016\/03\/47578642_2320709548158316_4178183961240928256_n-300x212.jpg 300w, https:\/\/muraste.ee\/vana\/wp-content\/uploads\/2016\/03\/47578642_2320709548158316_4178183961240928256_n-768x543.jpg 768w, https:\/\/muraste.ee\/vana\/wp-content\/uploads\/2016\/03\/47578642_2320709548158316_4178183961240928256_n-1024x724.jpg 1024w, https:\/\/muraste.ee\/vana\/wp-content\/uploads\/2016\/03\/47578642_2320709548158316_4178183961240928256_n-624x441.jpg 624w\" sizes=\"(max-width: 300px) 100vw, 300px\" \/><\/strong><\/p>\n<p><strong style=\"color: #339966; font-size: 1rem;\"><span style=\"color: #0000ff;\"><span style=\"color: #99cc00;\">14. det kl 17<\/span>\u00a0<\/span><\/strong><span style=\"color: #ff0000;\">\u00a0<\/span><strong>Muraste kooli j\u00f5ulupidu (4.-6. klass)<br \/>\n<\/strong><\/p>\n<p><strong><span style=\"color: #99cc00;\">15. dets kl 12<\/span><\/strong><span style=\"color: #000000;\">\u00a0Erakordselt lahe, ainulaadsete <strong>graafiliste j\u00f5ulukaartide<\/strong> meisterdamise t\u00f6\u00f6tuba; juhendajaks graafik Lembe Ruben. Ruumi jagub k\u00f5igile! Olete oodatud!<\/span><\/p>\n<div id=\"js_bfj\" class=\"_5pbx userContent _3576\" data-ad-preview=\"message\" data-ft=\"{&quot;tn&quot;:&quot;K&quot;}\">\n<p><span style=\"color: #ff9900;\"><strong style=\"color: #339966; font-size: 1rem;\"><span style=\"color: #99cc00;\">16. dets kl 15<\/span>\u00a0<span style=\"color: #000000;\"><strong>J\u00d5ULUKONTSERT &#8220;Tuulepealse j\u00f5ulupuu&#8221;.<\/strong> Omadelt omadele<\/span>.<\/strong><\/span><\/p>\n<p><strong><span style=\"color: #99cc00;\">20. dets kl 18.30<\/span> Triinu laululaste j\u00f5ulukontsert<\/strong><\/p>\n<p style=\"text-align: center;\"><a href=\"https:\/\/muraste.ee\/vana\/wp-content\/uploads\/2016\/03\/lavasaal.jpg\" rel=\"attachment wp-att-6615\"><img decoding=\"async\" loading=\"lazy\" class=\"alignnone size-medium wp-image-6615\" src=\"https:\/\/muraste.ee\/vana\/wp-content\/uploads\/2016\/03\/lavasaal-300x169.jpg\" alt=\"lavasaal\" width=\"300\" height=\"169\" srcset=\"https:\/\/muraste.ee\/vana\/wp-content\/uploads\/2016\/03\/lavasaal-300x169.jpg 300w, https:\/\/muraste.ee\/vana\/wp-content\/uploads\/2016\/03\/lavasaal-768x432.jpg 768w, https:\/\/muraste.ee\/vana\/wp-content\/uploads\/2016\/03\/lavasaal-1024x576.jpg 1024w, https:\/\/muraste.ee\/vana\/wp-content\/uploads\/2016\/03\/lavasaal-624x351.jpg 624w, https:\/\/muraste.ee\/vana\/wp-content\/uploads\/2016\/03\/lavasaal-128x72.jpg 128w, https:\/\/muraste.ee\/vana\/wp-content\/uploads\/2016\/03\/lavasaal.jpg 1920w\" sizes=\"(max-width: 300px) 100vw, 300px\" \/><\/a><\/p>\n<p><span style=\"color: #99cc00;\"><strong>21. dets kl 19<\/strong><\/span>\u00a0<span style=\"color: #ff0000;\"><strong>UUS!\u00a0<\/strong><\/span>Eesti film lastele\u00a0<strong><a href=\"https:\/\/www.youtube.com\/watch?v=pxPlRUKYxes\" target=\"_blank\">EIA J\u00d5ULUD TONDIKAKUL<\/a>\u00a0<a href=\"https:\/\/muraste.ee\/vana\/wp-content\/uploads\/2016\/03\/lotte.jpg\" rel=\"attachment wp-att-6599\"><img decoding=\"async\" loading=\"lazy\" class=\"wp-image-6599 size-medium alignright\" src=\"https:\/\/muraste.ee\/vana\/wp-content\/uploads\/2016\/03\/lotte-203x300.jpg\" alt=\"lotte\" width=\"203\" height=\"300\" srcset=\"https:\/\/muraste.ee\/vana\/wp-content\/uploads\/2016\/03\/lotte-203x300.jpg 203w, https:\/\/muraste.ee\/vana\/wp-content\/uploads\/2016\/03\/lotte.jpg 480w\" sizes=\"(max-width: 203px) 100vw, 203px\" \/><\/a><\/strong><\/p>\n<p><strong><span style=\"color: #99cc00;\">11. jaanuar kl 18.30<\/span> <span style=\"color: #ff0000;\">UUS<\/span><\/strong>! Eesti film lastele\u00a0<strong>\u00a0<a href=\"https:\/\/www.youtube.com\/watch?v=oFQ8WL0i2zw\" target=\"_blank\">LOTTE JA KADUNUD LOHED<\/a><\/strong><\/p>\n<p><a href=\"https:\/\/muraste.ee\/vana\/wp-content\/uploads\/2016\/03\/eia.jpg\" rel=\"attachment wp-att-6559\"><img decoding=\"async\" loading=\"lazy\" class=\"alignnone wp-image-6559 size-medium\" src=\"https:\/\/muraste.ee\/vana\/wp-content\/uploads\/2016\/03\/eia-300x169.jpg\" alt=\"eia\" width=\"300\" height=\"169\" srcset=\"https:\/\/muraste.ee\/vana\/wp-content\/uploads\/2016\/03\/eia-300x169.jpg 300w, https:\/\/muraste.ee\/vana\/wp-content\/uploads\/2016\/03\/eia-768x432.jpg 768w, https:\/\/muraste.ee\/vana\/wp-content\/uploads\/2016\/03\/eia-624x351.jpg 624w, https:\/\/muraste.ee\/vana\/wp-content\/uploads\/2016\/03\/eia-128x72.jpg 128w, https:\/\/muraste.ee\/vana\/wp-content\/uploads\/2016\/03\/eia.jpg 820w\" sizes=\"(max-width: 300px) 100vw, 300px\" \/><\/a><\/p>\n<\/div>\n<\/div>\n<p><span style=\"color: #333333;\"><em><a href=\"https:\/\/muraste.ee\/vana\/wp-content\/uploads\/2016\/03\/j\u00f5ulupilt.jpg\" rel=\"attachment wp-att-6608\"><img decoding=\"async\" loading=\"lazy\" class=\"size-full wp-image-6608 aligncenter\" src=\"https:\/\/muraste.ee\/vana\/wp-content\/uploads\/2016\/03\/j\u00f5ulupilt.jpg\" alt=\"j\u00f5ulupilt\" width=\"1677\" height=\"1051\" srcset=\"https:\/\/muraste.ee\/vana\/wp-content\/uploads\/2016\/03\/j\u00f5ulupilt.jpg 1677w, https:\/\/muraste.ee\/vana\/wp-content\/uploads\/2016\/03\/j\u00f5ulupilt-300x188.jpg 300w, https:\/\/muraste.ee\/vana\/wp-content\/uploads\/2016\/03\/j\u00f5ulupilt-768x481.jpg 768w, https:\/\/muraste.ee\/vana\/wp-content\/uploads\/2016\/03\/j\u00f5ulupilt-1024x642.jpg 1024w, https:\/\/muraste.ee\/vana\/wp-content\/uploads\/2016\/03\/j\u00f5ulupilt-624x391.jpg 624w\" sizes=\"(max-width: 1677px) 100vw, 1677px\" \/><\/a><br \/>\n<\/em><\/span><\/p>\n<p><strong style=\"color: #3366ff; font-size: 1rem;\">TEADETETAHVEL<\/strong><\/p>\n<\/header>\n<div class=\"entry-content\">\n<p><span style=\"color: #3366ff;\"><a style=\"color: #3366ff;\" href=\"https:\/\/muraste.ee\/vana\/wp-content\/uploads\/2016\/03\/stend.jpg\" rel=\"attachment wp-att-3740\"><img decoding=\"async\" loading=\"lazy\" class=\"size-medium wp-image-3740 alignright\" src=\"https:\/\/muraste.ee\/vana\/wp-content\/uploads\/2016\/03\/stend-300x224.jpg\" sizes=\"(max-width: 300px) 100vw, 300px\" srcset=\"https:\/\/muraste.ee\/vana\/wp-content\/uploads\/2016\/03\/stend-300x224.jpg 300w, https:\/\/muraste.ee\/vana\/wp-content\/uploads\/2016\/03\/stend-768x572.jpg 768w, https:\/\/muraste.ee\/vana\/wp-content\/uploads\/2016\/03\/stend-1024x763.jpg 1024w, https:\/\/muraste.ee\/vana\/wp-content\/uploads\/2016\/03\/stend-624x465.jpg 624w, https:\/\/muraste.ee\/vana\/wp-content\/uploads\/2016\/03\/stend.jpg 1300w\" alt=\"stend\" width=\"300\" height=\"224\" \/><\/a><\/span><\/p>\n<\/div>\n<header class=\"entry-header\">\n<div class=\"entry-content\">\n<div class=\"_1mf _1mj\" data-offset-key=\"cki46-0-0\">\n<div class=\"_1mf _1mj\" data-offset-key=\"cki46-0-0\"><\/div>\n<p><strong>Teadmiseks:\u00a0<\/strong>Muraste igan\u00e4dalase e-infokirjaga liitumiseks saada sellekohane teade muraste@muraste.ee<br \/>\n<strong>Muraste kogukonnakeskus\u00a0<\/strong>(Lee tee 9, Muraste) avatud E-N 10 -18, R 10-16.<br \/>\n<strong>T\u00e4psustused ja info:<\/strong>\u00a0kogukonnakeskus@muraste.ee;\u00a05253128 (Aule Kikas).<\/p>\n<\/div>\n<\/div>\n<\/header>\n<\/div>\n","protected":false},"excerpt":{"rendered":"<p>AASTAVAHETUS MURASTES (KOOLIMAJAS) \u00a0 13. dets kl 17 \u00a0Muraste kooli j\u00f5ulupidu (4.-6. klass) 14. det kl 17\u00a0\u00a0Muraste kooli j\u00f5ulupidu (4.-6. klass) 15. dets kl 12\u00a0Erakordselt lahe, ainulaadsete graafiliste j\u00f5ulukaartide meisterdamise t\u00f6\u00f6tuba; juhendajaks graafik Lembe Ruben. Ruumi jagub k\u00f5igile! Olete oodatud! 16. dets kl 15\u00a0J\u00d5ULUKONTSERT &#8220;Tuulepealse j\u00f5ulupuu&#8221;. Omadelt omadele. 20. dets kl 18.30 Triinu laululaste j\u00f5ulukontsert<a class=\"moretag\" href=\"https:\/\/muraste.ee\/vana\/?page_id=6621\"><br \/>&#8230;Loe edasi<\/a><\/p>\n","protected":false},"author":2,"featured_media":0,"parent":0,"menu_order":0,"comment_status":"closed","ping_status":"closed","template":"nadalakava.php","meta":{"_bbp_topic_count":0,"_bbp_reply_count":0,"_bbp_total_topic_count":0,"_bbp_total_reply_count":0,"_bbp_voice_count":0,"_bbp_anonymous_reply_count":0,"_bbp_topic_count_hidden":0,"_bbp_reply_count_hidden":0,"_bbp_forum_subforum_count":0,"_mc_calendar":[]},"_links":{"self":[{"href":"https:\/\/muraste.ee\/vana\/index.php?rest_route=\/wp\/v2\/pages\/6621"}],"collection":[{"href":"https:\/\/muraste.ee\/vana\/index.php?rest_route=\/wp\/v2\/pages"}],"about":[{"href":"https:\/\/muraste.ee\/vana\/index.php?rest_route=\/wp\/v2\/types\/page"}],"author":[{"embeddable":true,"href":"https:\/\/muraste.ee\/vana\/index.php?rest_route=\/wp\/v2\/users\/2"}],"replies":[{"embeddable":true,"href":"https:\/\/muraste.ee\/vana\/index.php?rest_route=%2Fwp%2Fv2%2Fcomments&post=6621"}],"version-history":[{"count":1,"href":"https:\/\/muraste.ee\/vana\/index.php?rest_route=\/wp\/v2\/pages\/6621\/revisions"}],"predecessor-version":[{"id":6623,"href":"https:\/\/muraste.ee\/vana\/index.php?rest_route=\/wp\/v2\/pages\/6621\/revisions\/6623"}],"wp:attachment":[{"href":"https:\/\/muraste.ee\/vana\/index.php?rest_route=%2Fwp%2Fv2%2Fmedia&parent=6621"}],"curies":[{"name":"wp","href":"https:\/\/api.w.org\/{rel}","templated":true}]}}