{"id":6645,"date":"2019-01-05T11:07:20","date_gmt":"2019-01-05T09:07:20","guid":{"rendered":"https:\/\/muraste.ee\/vana\/?page_id=6645"},"modified":"2019-01-05T11:07:20","modified_gmt":"2019-01-05T09:07:20","slug":"nadal-1-4","status":"publish","type":"page","link":"https:\/\/muraste.ee\/vana\/?page_id=6645","title":{"rendered":"N\u00e4dal 1"},"content":{"rendered":"<h1 class=\"entry-title\" style=\"text-align: center;\"><span style=\"color: #99cc00;\">N\u00e4dal 1 Murastes<\/span><\/h1>\n<div class=\"entry-content\" style=\"text-align: left;\">\n<header class=\"entry-header\">\n<div class=\"entry-content\">\n<div id=\"js_bfj\" class=\"_5pbx userContent _3576\" data-ad-preview=\"message\" data-ft=\"{&quot;tn&quot;:&quot;K&quot;}\">\n<p style=\"text-align: center;\"><span style=\"color: #993366;\">Ees on 365 \u00f6\u00f6p\u00e4eva<\/span><br \/>\n<span style=\"color: #993366;\">hoolivaid inimesi ja s\u00fctitavaid kohtumisi, <\/span><br \/>\n<span style=\"color: #993366;\">arendavaid suhteid ja p\u00f5nevaid v\u00e4ljakutseid, <\/span><br \/>\n<span style=\"color: #993366;\">r\u00f5\u00f5msat laulu ja nakatavat tantsu, <\/span><br \/>\n<span style=\"color: #993366;\">s\u00fcdamesse minevat muusikat ja sportlikult kirglikku liikumist,<br \/>\n<span class=\"text_exposed_show\">\u00a0tormilisi tulekuid ja \u00f5petlikke minekuid,<br \/>\nturvalist hoidmist ja ennetavat m\u00e4rkamist&#8230;<br \/>\n<strong>Head uut aastat, armas kodune Muraste ja k\u00f5ik su s\u00f5brad!<\/strong><\/span><\/span><\/p>\n<p><strong>NB!<\/strong> Perioodil 2.- 6. jaanuar toimub koolimajas ja kogukonnakeskuse p\u00f5randate hooldus ning seet\u00f5ttu enamus tegevusi on sel n\u00e4dalal puhkusel.<\/p>\n<p><span style=\"color: #993366;\"><strong>TULEKUL!<a href=\"https:\/\/muraste.ee\/vana\/wp-content\/uploads\/2016\/03\/lotte.jpg\" rel=\"attachment wp-att-6599\"><img decoding=\"async\" loading=\"lazy\" class=\"wp-image-6599 size-medium alignright\" src=\"https:\/\/muraste.ee\/vana\/wp-content\/uploads\/2016\/03\/lotte-203x300.jpg\" alt=\"lotte\" width=\"203\" height=\"300\" srcset=\"https:\/\/muraste.ee\/vana\/wp-content\/uploads\/2016\/03\/lotte-203x300.jpg 203w, https:\/\/muraste.ee\/vana\/wp-content\/uploads\/2016\/03\/lotte.jpg 480w\" sizes=\"(max-width: 203px) 100vw, 203px\" \/><\/a><\/strong><\/span><\/p>\n<p><strong><span style=\"color: #993366;\">9. jaanuar<\/span> <\/strong>kl 18.30 KO, <strong><span style=\"color: #ff0000;\">UUS!\u00a0<\/span>Muraste kohviklubi &#8211; juhatuse\u00a0avatud koosolek <\/strong><em>(k\u00f5ik huvilised on oodatud)<\/em><br \/>\n<em>&#8211; kuidas hoiame oma koduk\u00fcla korras;<\/em><br \/>\n<em>&#8211; osalemine Harku valla avatud k\u00fclade p\u00e4eval (mida, kus, kuidas, kes);<\/em><br \/>\n<em>&#8211; valmistume \u00f6\u00f6matkaks;<\/em><br \/>\n<em>&#8211; valmistume k\u00fclaseltsi 10. s\u00fcnnip\u00e4eva t\u00e4histamiseks.<\/em><\/p>\n<p><span style=\"color: #993366;\"><strong>11. jaanuar<\/strong> <span style=\"color: #000000;\">kl 18.30 KO<\/span>,<\/span><span style=\"color: #ff0000;\"><strong> UUS<\/strong>!<\/span> Eesti film lastele\u00a0<strong>\u00a0<a href=\"https:\/\/www.youtube.com\/watch?v=oFQ8WL0i2zw\" target=\"_blank\">LOTTE JA KADUNUD LOHED<\/a><\/strong><\/p>\n<\/div>\n<\/div>\n<p><span style=\"color: #333333;\"><em><a href=\"https:\/\/muraste.ee\/vana\/wp-content\/uploads\/2016\/03\/j\u00f5ulupilt.jpg\" rel=\"attachment wp-att-6608\"><img decoding=\"async\" loading=\"lazy\" class=\"size-full wp-image-6608 aligncenter\" src=\"https:\/\/muraste.ee\/vana\/wp-content\/uploads\/2016\/03\/j\u00f5ulupilt.jpg\" alt=\"j\u00f5ulupilt\" width=\"1677\" height=\"1051\" srcset=\"https:\/\/muraste.ee\/vana\/wp-content\/uploads\/2016\/03\/j\u00f5ulupilt.jpg 1677w, https:\/\/muraste.ee\/vana\/wp-content\/uploads\/2016\/03\/j\u00f5ulupilt-300x188.jpg 300w, https:\/\/muraste.ee\/vana\/wp-content\/uploads\/2016\/03\/j\u00f5ulupilt-768x481.jpg 768w, https:\/\/muraste.ee\/vana\/wp-content\/uploads\/2016\/03\/j\u00f5ulupilt-1024x642.jpg 1024w, https:\/\/muraste.ee\/vana\/wp-content\/uploads\/2016\/03\/j\u00f5ulupilt-624x391.jpg 624w\" sizes=\"(max-width: 1677px) 100vw, 1677px\" \/><\/a><br \/>\n<\/em><\/span><\/p>\n<p><strong style=\"color: #3366ff; font-size: 1rem;\">TEADETETAHVEL<\/strong><\/p>\n<\/header>\n<div class=\"entry-content\">\n<p><span style=\"color: #3366ff;\"><a style=\"color: #3366ff;\" href=\"https:\/\/muraste.ee\/vana\/wp-content\/uploads\/2016\/03\/stend.jpg\" rel=\"attachment wp-att-3740\"><img decoding=\"async\" loading=\"lazy\" class=\"size-medium wp-image-3740 alignright\" src=\"https:\/\/muraste.ee\/vana\/wp-content\/uploads\/2016\/03\/stend-300x224.jpg\" sizes=\"(max-width: 300px) 100vw, 300px\" srcset=\"https:\/\/muraste.ee\/vana\/wp-content\/uploads\/2016\/03\/stend-300x224.jpg 300w, https:\/\/muraste.ee\/vana\/wp-content\/uploads\/2016\/03\/stend-768x572.jpg 768w, https:\/\/muraste.ee\/vana\/wp-content\/uploads\/2016\/03\/stend-1024x763.jpg 1024w, https:\/\/muraste.ee\/vana\/wp-content\/uploads\/2016\/03\/stend-624x465.jpg 624w, https:\/\/muraste.ee\/vana\/wp-content\/uploads\/2016\/03\/stend.jpg 1300w\" alt=\"stend\" width=\"300\" height=\"224\" \/><\/a><\/span><\/p>\n<\/div>\n<header class=\"entry-header\">\n<div class=\"entry-content\">\n<div class=\"_1mf _1mj\" data-offset-key=\"cki46-0-0\">\n<div class=\"_1mf _1mj\" data-offset-key=\"cki46-0-0\"><\/div>\n<p><strong>Teadmiseks:\u00a0<\/strong>Muraste igan\u00e4dalase e-infokirjaga liitumiseks saada sellekohane teade muraste@muraste.ee<br \/>\n<strong>Muraste kogukonnakeskus\u00a0<\/strong>(Lee tee 9, Muraste) avatud E-N 10 -18, R\u00a0vastavalt tegevustele<br \/>\n<strong>T\u00e4psustused ja info:<\/strong>\u00a0kogukonnakeskus@muraste.ee;\u00a05253128 (Aule Kikas).<\/p>\n<\/div>\n<\/div>\n<\/header>\n<\/div>\n","protected":false},"excerpt":{"rendered":"<p>N\u00e4dal 1 Murastes Ees on 365 \u00f6\u00f6p\u00e4eva hoolivaid inimesi ja s\u00fctitavaid kohtumisi, arendavaid suhteid ja p\u00f5nevaid v\u00e4ljakutseid, r\u00f5\u00f5msat laulu ja nakatavat tantsu, s\u00fcdamesse minevat muusikat ja sportlikult kirglikku liikumist, \u00a0tormilisi tulekuid ja \u00f5petlikke minekuid, turvalist hoidmist ja ennetavat m\u00e4rkamist&#8230; Head uut aastat, armas kodune Muraste ja k\u00f5ik su s\u00f5brad! NB! Perioodil 2.- 6. jaanuar toimub<a class=\"moretag\" href=\"https:\/\/muraste.ee\/vana\/?page_id=6645\"><br \/>&#8230;Loe edasi<\/a><\/p>\n","protected":false},"author":2,"featured_media":0,"parent":0,"menu_order":0,"comment_status":"closed","ping_status":"closed","template":"nadalakava.php","meta":{"_bbp_topic_count":0,"_bbp_reply_count":0,"_bbp_total_topic_count":0,"_bbp_total_reply_count":0,"_bbp_voice_count":0,"_bbp_anonymous_reply_count":0,"_bbp_topic_count_hidden":0,"_bbp_reply_count_hidden":0,"_bbp_forum_subforum_count":0,"_mc_calendar":[]},"_links":{"self":[{"href":"https:\/\/muraste.ee\/vana\/index.php?rest_route=\/wp\/v2\/pages\/6645"}],"collection":[{"href":"https:\/\/muraste.ee\/vana\/index.php?rest_route=\/wp\/v2\/pages"}],"about":[{"href":"https:\/\/muraste.ee\/vana\/index.php?rest_route=\/wp\/v2\/types\/page"}],"author":[{"embeddable":true,"href":"https:\/\/muraste.ee\/vana\/index.php?rest_route=\/wp\/v2\/users\/2"}],"replies":[{"embeddable":true,"href":"https:\/\/muraste.ee\/vana\/index.php?rest_route=%2Fwp%2Fv2%2Fcomments&post=6645"}],"version-history":[{"count":1,"href":"https:\/\/muraste.ee\/vana\/index.php?rest_route=\/wp\/v2\/pages\/6645\/revisions"}],"predecessor-version":[{"id":6647,"href":"https:\/\/muraste.ee\/vana\/index.php?rest_route=\/wp\/v2\/pages\/6645\/revisions\/6647"}],"wp:attachment":[{"href":"https:\/\/muraste.ee\/vana\/index.php?rest_route=%2Fwp%2Fv2%2Fmedia&parent=6645"}],"curies":[{"name":"wp","href":"https:\/\/api.w.org\/{rel}","templated":true}]}}