{"id":6665,"date":"2019-01-14T20:41:42","date_gmt":"2019-01-14T18:41:42","guid":{"rendered":"https:\/\/muraste.ee\/vana\/?page_id=6665"},"modified":"2019-01-14T20:41:42","modified_gmt":"2019-01-14T18:41:42","slug":"nadal-2-5","status":"publish","type":"page","link":"https:\/\/muraste.ee\/vana\/?page_id=6665","title":{"rendered":"N\u00e4dal 2"},"content":{"rendered":"<h1 class=\"entry-title\">N\u00e4dal 2\u00a0Murastes<\/h1>\n<div class=\"entry-content\">\n<header class=\"entry-header\">\n<div class=\"entry-content\">\n<div id=\"js_bfj\" class=\"_5pbx userContent _3576\" data-ad-preview=\"message\" data-ft=\"{&quot;tn&quot;:&quot;K&quot;}\">\n<div class=\"entry-content\">\n<p><em>* AT- koolimaja aatrium, SP- spordihoone; KO-kogukonnakeskus; \u00a0 KL- klassiruum; PS \u2013 peegelsaal; SS- s\u00f6\u00f6gisaal, LS- lavasaal, MR- meediaruum<\/em><\/p>\n<p><strong>Esmasp\u00e4ev,\u00a07. jaanuar<br \/>\n<\/strong>kl 14.40 KO,\u00a0<strong>Fa Stuudio kandlering<\/strong> (lapsed, algajad)<br \/>\nkl 16.15 SP,\u00a0<strong>Judoklubi \u201cAitado\u201d\u00a0Judo<\/strong>\u00a0(alustajad ja uuesti alustajad). \u00a0(www.aitado.ee, Edward, tel 58053039) NB! 7-9 aastased spordis\u00f5brad, veel on vabu kohti treeningr\u00fchmaga liitumiseks!\u00a0kl 17.30 KO, <strong>V\u00e4ikekandleansambel LiULi <\/strong><em>(p\u00f5hikoosseis)<br \/>\n<\/em>kl 17.45 SP,\u00a0<strong>Judoklubi \u201cAitado\u201d\u00a0Judo<\/strong>\u00a0(edasij\u00f5udnud. \u00a0(www.aitado.ee, treener Edward, tel 58053039)<br \/>\nkl 19 AT, \u00a0<strong>Suurupi naiskoor Meretule<br \/>\n<\/strong>kl 19 KO, <strong>V\u00e4ikekandleansambel LiULi<\/strong> \u00a0<em>(t\u00e4iskasvanud, algajate grupp, \u00fcle n\u00e4dala)<\/em><\/p>\n<\/div>\n<div class=\"entry-content\">\n<header class=\"entry-header\">\n<div class=\"entry-content\">\n<p><strong>Teisip\u00e4ev,\u00a08.\u00a0jaanuar<br \/>\n<\/strong>kl 14.40 KO, Fa Stuudio <strong>fl\u00f6\u00f6diring<\/strong><strong><br \/>\n<\/strong>kl 18.30 KL,\u00a0<strong>Inglise keele kursus \u00a0<\/strong>(kesktase B 1.2).\u00a0Lisainfo \u00a0juhendajalt tel 56575575 v\u00f5i marethein@gmail.com (Maret Hein).<br \/>\nkl 19.15 SP, <strong>UUS AEG!<\/strong>\u00a0<strong>V\u00f5rkpall<\/strong><br \/>\nkl 18.30 PS, <strong>SELTSKONNATANTSU J\u00c4TKUKURSUS<\/strong><br \/>\nkl 19.45 PS,\u00a0<strong>Seltskonnatantsude harjutustund<\/strong>\u2013 v\u00f5imalus \u00f5pitut kinnistada ja toredas seltskonnas jalga keerutada.<br \/>\n<strong>NB! UUED SELTSKONNATANTSU KURSUSED TULEKUL!\u00a0<a href=\"https:\/\/muraste.ee\/vana\/wp-content\/uploads\/2016\/03\/revalia_muraste_A4-1.jpg\" rel=\"attachment wp-att-6523\"><img decoding=\"async\" loading=\"lazy\" class=\"alignnone wp-image-6523 size-full\" src=\"https:\/\/muraste.ee\/vana\/wp-content\/uploads\/2016\/03\/revalia_muraste_A4-1.jpg\" sizes=\"(max-width: 595px) 100vw, 595px\" srcset=\"https:\/\/muraste.ee\/vana\/wp-content\/uploads\/2016\/03\/revalia_muraste_A4-1-212x300.jpg 212w, https:\/\/muraste.ee\/vana\/wp-content\/uploads\/2016\/03\/revalia_muraste_A4-1.jpg 595w\" alt=\"revalia_muraste_A4\" width=\"595\" height=\"841\" \/><\/a><\/strong><\/p>\n<p><strong>Kolmap\u00e4ev, 9. jaanuar<br \/>\n<\/strong>kl 14.40 KO, Fa Stuudio <strong>kandlering<\/strong> (lapsed, edasij\u00f5udnud)<br \/>\nkl 15 AT,\u00a0<strong>Showtants &amp; cheerleading<\/strong>. Lisainfo bron@prodance.ee, tel 55577821<br \/>\nkl 16.15 SP,\u00a0Judoklubi \u201cAitado\u201d\u00a0<strong>Judo<\/strong>\u00a0(alustajad ja uuesti alustajad). \u00a0(www.aitado.ee, Edward, tel 58053039)<br \/>\nNB! 7-9 aastased spordis\u00f5brad, veel on vabu kohti treeningr\u00fchmaga liitumiseks!<br \/>\nkl 17 KL, <strong><a href=\"https:\/\/muraste.ee\/vana\/?p=5969\" target=\"_blank\">MUDELISMIRING<\/a> <\/strong>algajatele. Juhendab Andres Madissoo NB!\u00a0Veel on vabu kohti uutele liitujatele!<br \/>\nkl 18.15 KL, <strong><a href=\"https:\/\/muraste.ee\/vana\/?p=5969\" target=\"_blank\">MUDELISMIRING<\/a><\/strong> edasij\u00f5udnutele. Juhendab Andres Madissoo<\/p>\n<p>kl 17.45 SP,\u00a0Judoklubi \u201cAitado\u201d\u00a0<strong>Judo<\/strong>\u00a0(edasij\u00f5udnud. \u00a0(www.aitado.ee, treener Edward, tel 58053039)<br \/>\nkl 18 PS,\u00a0<strong><a href=\"https:\/\/muraste.ee\/vana\/?p=6090\" target=\"_blank\">Line-tants<\/a>!<\/strong>\u00a0<strong>NB!<\/strong>\u00a0<strong>K\u00f5ik uued ja senised tantsijad on oodatud!<br \/>\n<\/strong>kl 18 KL, <strong>UUS!\u00a0<a href=\"https:\/\/muraste.ee\/vana\/?p=5843\" target=\"_blank\">Praktiline lilleeadekursus<\/a>:<\/strong>\u00a0Vegetatiivne seade klaasanumasse<br \/>\n18.30 KO, <strong>UUS!\u00a0<a href=\"https:\/\/muraste.ee\/vana\/?p=6631\" target=\"_blank\">Muraste kohviklubi \u2013 juhatuse\u00a0avatud koosolek <\/a><\/strong><em>(k\u00f5ik huvilised on oodatud)<\/em><br \/>\n<em>\u2013 kuidas hoiame oma koduk\u00fcla korras;<\/em><br \/>\n<em>\u2013 osalemine Harku valla avatud k\u00fclade p\u00e4eval (mida, kus, kuidas, kes);<\/em><br \/>\n<em>\u2013 valmistume \u00f6\u00f6matkaks;<\/em><br \/>\n<em>\u2013 valmistume k\u00fclaseltsi 10. s\u00fcnnip\u00e4eva t\u00e4histamiseks.<br \/>\n<\/em>kl 19 KL, \u00a0<strong>Inglise keele kursus<\/strong>\u00a0(algtase A2) uuesti alustajatele ja algajatele. Lisainfo \u00a0juhendajalt tel 56575575 v\u00f5i marethein@gmail.com (Maret Hein).<br \/>\nkl 19.30 PS, <strong>Harku Harakad<\/strong> tanstuproov<br \/>\nkl 19.30 SP, <strong>UUS!\u00a0\u00dcldkehalise ettevalmistuse treening.\u00a0<\/strong>Lisainfo:\u00a0<a href=\"http:\/\/motokrossipisik.eu\/saalitrennid\/\" target=\"_blank\" rel=\"noopener nofollow\" data-ft=\"{&quot;tn&quot;:&quot;-U&quot;}\" data-lynx-mode=\"async\" data-lynx-uri=\"https:\/\/l.facebook.com\/l.php?u=http%3A%2F%2Fmotokrossipisik.eu%2Fsaalitrennid%2F&amp;h=ATMtTHYPByHFd3Ejb-M_bw3_McwWuVo6SD2thhdIQy0F3YVpA_h8WkckKLGErB5uFSUlktLr926FwJ0TEtQ-jB1FBraRjZFjM3beY2s_WKOJD6YfrxE6Mt1hjwfw9ksYAGjgdHZC18BIeDnAuwSsYczTILfnnMLOzQF24cH3R6VS26raqEtS2BUg7_WQqbEtEpxp1xS_pyotI8RQyh4c32tfhGm_t2n7ldi5cdnf0XZ3A7pBLlADRaD37BfrOmuJ2do5HhcLCgaUhRx9NIHS07XqH95qhCVLIPfFZlqnktc\">http:\/\/motokrossipisik.eu\/saalitrennid\/<\/a>, hannes@motokrossipisik.ee, telefon 5296556<\/p>\n<div id=\"js_bfj\" class=\"_5pbx userContent _3576\" data-ad-preview=\"message\" data-ft=\"{&quot;tn&quot;:&quot;K&quot;}\">\n<p><strong>Neljap\u00e4ev, 10. november<\/strong><em><br \/>\n<\/em>kl 13.40 \u2013 (18.15) KO, <strong>Triinu laulustuudio<br \/>\n<\/strong>kl 17.30 PS,<strong> Maranad <\/strong>tantsuproov<strong><br \/>\n<\/strong>kl\u00a019.00\u00a0KO,\u00a0<strong>Inglise keele\u00a0kursus<\/strong> edasij\u00f5udnutele\u00a0(eel-kesktase B 1.1) \u00a0Lisainfo \u00a0juhendajalt tel 56575575 v\u00f5i marethein@gmail.com (Maret Hein). \u00a0<img decoding=\"async\" loading=\"lazy\" class=\"wp-image-6599 size-medium alignright\" src=\"https:\/\/muraste.ee\/vana\/wp-content\/uploads\/2016\/03\/lotte-203x300.jpg\" alt=\"lotte\" width=\"203\" height=\"300\" srcset=\"https:\/\/muraste.ee\/vana\/wp-content\/uploads\/2016\/03\/lotte-203x300.jpg 203w, https:\/\/muraste.ee\/vana\/wp-content\/uploads\/2016\/03\/lotte.jpg 480w\" sizes=\"(max-width: 203px) 100vw, 203px\" \/><br \/>\nkl 18.30 LS, <strong>N\u00c4ITERING, <\/strong>juhendab Anne Veesaar.<\/p>\n<\/div>\n<p><strong>REEDE, 11. november<\/strong><br \/>\nkl 15 T,\u00a0\u00a0<strong>UUS!<\/strong> \u00a0<strong>Showtants &amp; cheerleading<\/strong>. Lisainfo bron@prodance.ee, tel 55577821<br \/>\nkl 17.45 SP,\u00a0<strong>Judoklubi \u201cAitado\u201d\u00a0Judo<\/strong>\u00a0(edasij\u00f5udnud. \u00a0(www.aitado.ee, treener Edward, tel 58053039)<br \/>\nkl 18.30 AT,\u00a0<strong>UUS<\/strong>! Eesti film lastele\u00a0<strong>\u00a0<a href=\"https:\/\/www.youtube.com\/watch?v=oFQ8WL0i2zw\" target=\"_blank\">LOTTE JA KADUNUD LOHED<\/a><br \/>\nKogu filmiprogramm on <a href=\"https:\/\/muraste.ee\/vana\/?page_id=774\" target=\"_blank\">SIIN<\/a><\/strong><\/p>\n<div id=\"js_bfj\" class=\"_5pbx userContent _3576\" data-ad-preview=\"message\" data-ft=\"{&quot;tn&quot;:&quot;K&quot;}\">\n<p>&nbsp;<\/p>\n<p><strong>TULEKUL!<img decoding=\"async\" loading=\"lazy\" class=\"size-thumbnail wp-image-5954 alignleft\" src=\"https:\/\/muraste.ee\/vana\/wp-content\/uploads\/2016\/03\/kino-150x150.jpg\" alt=\"kino\" width=\"150\" height=\"150\" \/><\/strong><\/p>\n<p>22. jaanuar kl 18 \u2013 Fa Stuudio talvekontsert<br \/>\n9. veebruar \u2013 \u00a0TT\u00dc puhkpilliorkestri kontsert (info tulekul)<br \/>\n16. veebruar \u2013 Elen Ilvese kooride kontsert (info tulekul)<br \/>\n13. aprill \u2013 Muraste k\u00fclaseltsi \u00fcldkoosolek (info tulekul)<br \/>\n13. april \u2013 kontsert \u00a0(info tulekul)<br \/>\n<strong>L\u00c4HIAJA FILMIPROGRAMMI<\/strong> N\u00c4EB <strong><a href=\"https:\/\/muraste.ee\/vana\/?page_id=774\" target=\"_blank\">SIIT<\/a><br \/>\n<\/strong><\/p>\n<\/div>\n<\/div>\n<\/header>\n<\/div>\n<\/div>\n<\/div>\n<p><a href=\"https:\/\/muraste.ee\/vana\/wp-content\/uploads\/2016\/03\/fastuudio.png\" rel=\"attachment wp-att-6658\"><img decoding=\"async\" loading=\"lazy\" class=\"alignnone wp-image-6658 size-full\" src=\"https:\/\/muraste.ee\/vana\/wp-content\/uploads\/2016\/03\/fastuudio.png\" sizes=\"(max-width: 678px) 100vw, 678px\" srcset=\"https:\/\/muraste.ee\/vana\/wp-content\/uploads\/2016\/03\/fastuudio-212x300.png 212w, https:\/\/muraste.ee\/vana\/wp-content\/uploads\/2016\/03\/fastuudio-624x884.png 624w, https:\/\/muraste.ee\/vana\/wp-content\/uploads\/2016\/03\/fastuudio.png 678w\" alt=\"fastuudio\" width=\"678\" height=\"960\" \/><\/a><\/p>\n<p><strong>TEADETETAHVEL<\/strong><\/p>\n<\/header>\n<div class=\"entry-content\">\n<p><a href=\"https:\/\/muraste.ee\/vana\/wp-content\/uploads\/2016\/03\/stend.jpg\" rel=\"attachment wp-att-3740\"><img decoding=\"async\" loading=\"lazy\" class=\"size-medium wp-image-3740 alignright\" src=\"https:\/\/muraste.ee\/vana\/wp-content\/uploads\/2016\/03\/stend-300x224.jpg\" sizes=\"(max-width: 300px) 100vw, 300px\" srcset=\"https:\/\/muraste.ee\/vana\/wp-content\/uploads\/2016\/03\/stend-300x224.jpg 300w, https:\/\/muraste.ee\/vana\/wp-content\/uploads\/2016\/03\/stend-768x572.jpg 768w, https:\/\/muraste.ee\/vana\/wp-content\/uploads\/2016\/03\/stend-1024x763.jpg 1024w, https:\/\/muraste.ee\/vana\/wp-content\/uploads\/2016\/03\/stend-624x465.jpg 624w, https:\/\/muraste.ee\/vana\/wp-content\/uploads\/2016\/03\/stend.jpg 1300w\" alt=\"stend\" width=\"300\" height=\"224\" \/><\/a><\/p>\n<\/div>\n<header class=\"entry-header\">\n<div class=\"entry-content\">\n<div class=\"_1mf _1mj\" data-offset-key=\"cki46-0-0\">\n<div class=\"_1mf _1mj\" data-offset-key=\"cki46-0-0\"><\/div>\n<p><strong>Teadmiseks:\u00a0<\/strong>Muraste igan\u00e4dalase e-infokirjaga liitumiseks saada sellekohane teade muraste@muraste.ee<br \/>\n<strong>Muraste kogukonnakeskus\u00a0<\/strong>(Lee tee 9, Muraste) avatud E-N 10 -18, R ja muudel aegadel vastavalt tegevustele<br \/>\n<strong>T\u00e4psustused ja info:<\/strong>\u00a0kogukonnakeskus@muraste.ee;\u00a05253128 (Aule Kikas).<\/p>\n<p>&nbsp;<\/p>\n<\/div>\n<\/div>\n<\/header>\n<p>&nbsp;<\/p>\n<\/div>\n","protected":false},"excerpt":{"rendered":"<p>N\u00e4dal 2\u00a0Murastes * AT- koolimaja aatrium, SP- spordihoone; KO-kogukonnakeskus; \u00a0 KL- klassiruum; PS \u2013 peegelsaal; SS- s\u00f6\u00f6gisaal, LS- lavasaal, MR- meediaruum Esmasp\u00e4ev,\u00a07. jaanuar kl 14.40 KO,\u00a0Fa Stuudio kandlering (lapsed, algajad) kl 16.15 SP,\u00a0Judoklubi \u201cAitado\u201d\u00a0Judo\u00a0(alustajad ja uuesti alustajad). \u00a0(www.aitado.ee, Edward, tel 58053039) NB! 7-9 aastased spordis\u00f5brad, veel on vabu kohti treeningr\u00fchmaga liitumiseks!\u00a0kl 17.30 KO, V\u00e4ikekandleansambel LiULi<a class=\"moretag\" href=\"https:\/\/muraste.ee\/vana\/?page_id=6665\"><br \/>&#8230;Loe edasi<\/a><\/p>\n","protected":false},"author":2,"featured_media":0,"parent":0,"menu_order":0,"comment_status":"closed","ping_status":"closed","template":"nadalakava.php","meta":{"_bbp_topic_count":0,"_bbp_reply_count":0,"_bbp_total_topic_count":0,"_bbp_total_reply_count":0,"_bbp_voice_count":0,"_bbp_anonymous_reply_count":0,"_bbp_topic_count_hidden":0,"_bbp_reply_count_hidden":0,"_bbp_forum_subforum_count":0,"_mc_calendar":[]},"_links":{"self":[{"href":"https:\/\/muraste.ee\/vana\/index.php?rest_route=\/wp\/v2\/pages\/6665"}],"collection":[{"href":"https:\/\/muraste.ee\/vana\/index.php?rest_route=\/wp\/v2\/pages"}],"about":[{"href":"https:\/\/muraste.ee\/vana\/index.php?rest_route=\/wp\/v2\/types\/page"}],"author":[{"embeddable":true,"href":"https:\/\/muraste.ee\/vana\/index.php?rest_route=\/wp\/v2\/users\/2"}],"replies":[{"embeddable":true,"href":"https:\/\/muraste.ee\/vana\/index.php?rest_route=%2Fwp%2Fv2%2Fcomments&post=6665"}],"version-history":[{"count":1,"href":"https:\/\/muraste.ee\/vana\/index.php?rest_route=\/wp\/v2\/pages\/6665\/revisions"}],"predecessor-version":[{"id":6667,"href":"https:\/\/muraste.ee\/vana\/index.php?rest_route=\/wp\/v2\/pages\/6665\/revisions\/6667"}],"wp:attachment":[{"href":"https:\/\/muraste.ee\/vana\/index.php?rest_route=%2Fwp%2Fv2%2Fmedia&parent=6665"}],"curies":[{"name":"wp","href":"https:\/\/api.w.org\/{rel}","templated":true}]}}