{"id":67,"date":"2015-11-23T16:11:21","date_gmt":"2015-11-23T14:11:21","guid":{"rendered":"https:\/\/muraste.ee\/vana\/?page_id=67"},"modified":"2019-10-10T08:35:42","modified_gmt":"2019-10-10T05:35:42","slug":"statistika","status":"publish","type":"page","link":"https:\/\/muraste.ee\/vana\/?page_id=67","title":{"rendered":"Statistika"},"content":{"rendered":"<h5>Harku vallas on 15 008 elanikku\u00a0<strong>(1.mai 2019), valla p<\/strong><strong>indala 159,7 km2<\/strong><\/h5>\n<p>Muraste k\u00fcla on Eesti \u00fcks suurema\u00a0 rahvaarvuga k\u00fcla: 1. mai\u00a02019.a \u00a0seisuga on siin\u00a0Rahvastikuregistri andmetel\u00a0<strong>\u00a01855\u00a0<\/strong>elanikku.<\/p>\n<div align=\"left\">\n<p><strong><span style=\"color: #333333;\">Elanike arv Harku vallas<\/span><br \/>\n<\/strong><\/p>\n<table style=\"height: 1542px;\" width=\"445\">\n<tbody>\n<tr>\n<td width=\"77\"><strong>K\u00fcla<\/strong><\/td>\n<td width=\"71\"><strong>Elanike arv<\/strong><\/td>\n<\/tr>\n<tr>\n<td width=\"77\"><strong>KOV t\u00e4psusega<\/strong><\/td>\n<td width=\"71\"><strong>46<\/strong><\/td>\n<\/tr>\n<tr>\n<td width=\"77\"><strong>Adra<\/strong><\/td>\n<td width=\"71\"><strong>110<\/strong><\/td>\n<\/tr>\n<tr>\n<td width=\"77\"><strong>Harku<\/strong><\/td>\n<td width=\"71\"><strong>652<\/strong><\/td>\n<\/tr>\n<tr>\n<td width=\"77\"><strong>Harkuj\u00e4rve<\/strong><\/td>\n<td width=\"71\"><strong>762<\/strong><\/td>\n<\/tr>\n<tr>\n<td width=\"77\"><strong>Humala<\/strong><\/td>\n<td width=\"71\"><strong>42<\/strong><\/td>\n<\/tr>\n<tr>\n<td width=\"77\"><strong>Ilmandu<\/strong><\/td>\n<td width=\"71\"><strong>434<\/strong><\/td>\n<\/tr>\n<tr>\n<td width=\"77\"><strong>Kumna<\/strong><\/td>\n<td width=\"71\"><strong>283<\/strong><\/td>\n<\/tr>\n<tr>\n<td width=\"77\"><strong>K\u00fctke<\/strong><\/td>\n<td width=\"71\"><strong>64<\/strong><\/td>\n<\/tr>\n<tr>\n<td width=\"77\"><strong>Laabi<\/strong><\/td>\n<td width=\"71\"><strong>29<\/strong><\/td>\n<\/tr>\n<tr>\n<td width=\"77\"><strong>Liikva<\/strong><\/td>\n<td width=\"71\"><strong>499<\/strong><\/td>\n<\/tr>\n<tr>\n<td width=\"77\"><strong>Merik\u00fcla<\/strong><\/td>\n<td width=\"71\"><strong>149<\/strong><\/td>\n<\/tr>\n<tr>\n<td width=\"77\"><strong>Muraste<\/strong><\/td>\n<td width=\"71\"><strong>1855<\/strong><\/td>\n<\/tr>\n<tr>\n<td width=\"77\"><strong>Naage<\/strong><\/td>\n<td width=\"71\"><strong>170<\/strong><\/td>\n<\/tr>\n<tr>\n<td width=\"77\"><strong>Rannam\u00f5isa<\/strong><\/td>\n<td width=\"71\"><strong>796<\/strong><\/td>\n<\/tr>\n<tr>\n<td width=\"77\"><strong>Suurupi<\/strong><\/td>\n<td width=\"71\"><strong>1140<\/strong><\/td>\n<\/tr>\n<tr>\n<td width=\"77\"><strong>S\u00f5rve<\/strong><\/td>\n<td width=\"71\"><strong>198<\/strong><\/td>\n<\/tr>\n<tr>\n<td width=\"77\"><strong>Tabasalu<\/strong><\/td>\n<td width=\"71\"><strong>3661<\/strong><\/td>\n<\/tr>\n<tr>\n<td width=\"77\"><strong>Tiskre<\/strong><\/td>\n<td width=\"71\"><strong>1097<\/strong><\/td>\n<\/tr>\n<tr>\n<td width=\"77\"><strong>Tutermaa<\/strong><\/td>\n<td width=\"71\"><strong>242<\/strong><\/td>\n<\/tr>\n<tr>\n<td width=\"77\"><strong>T\u00fcrisalu<\/strong><\/td>\n<td width=\"71\"><strong>626<\/strong><\/td>\n<\/tr>\n<tr>\n<td width=\"77\"><strong>Vahi<\/strong><\/td>\n<td width=\"71\"><strong>161<\/strong><\/td>\n<\/tr>\n<tr>\n<td width=\"77\"><strong>Vaila<\/strong><\/td>\n<td width=\"71\"><strong>83<\/strong><\/td>\n<\/tr>\n<tr>\n<td width=\"77\"><strong>Viti<\/strong><\/td>\n<td width=\"71\"><strong>482<\/strong><\/td>\n<\/tr>\n<tr>\n<td width=\"77\"><strong>V\u00e4\u00e4na<\/strong><\/td>\n<td width=\"71\"><strong>264<\/strong><\/td>\n<\/tr>\n<tr>\n<td width=\"77\"><strong>V\u00e4\u00e4na-J\u00f5esuu<\/strong><\/td>\n<td width=\"71\"><strong>1163<\/strong><\/td>\n<\/tr>\n<tr>\n<td width=\"77\"><strong>Kokku<\/strong><\/td>\n<td width=\"71\"><strong>15 008<\/strong><\/td>\n<\/tr>\n<\/tbody>\n<\/table>\n<p>&nbsp;<\/p>\n<\/div>\n<p>Arhiiv:<br \/>\n01.04.2016 seisuga\u00a0 oli Murastes 1736 registreeritud elanikku, sh<br \/>\n0 &#8211;\u00a06 aastaseid 236<br \/>\n7 &#8211;\u00a0\u00a019 aastaseid 395<br \/>\n20\u00a0&#8211;\u00a064 aastaseid 984<br \/>\n65\u00a0&#8211;\u00a0ja vanemaid 121<\/p>\n<p>&nbsp;<\/p>\n<p>&nbsp;<\/p>\n","protected":false},"excerpt":{"rendered":"<p>Harku vallas on 15 008 elanikku\u00a0(1.mai 2019), valla pindala 159,7 km2 Muraste k\u00fcla on Eesti \u00fcks suurema\u00a0 rahvaarvuga k\u00fcla: 1. mai\u00a02019.a \u00a0seisuga on siin\u00a0Rahvastikuregistri andmetel\u00a0\u00a01855\u00a0elanikku. Elanike arv Harku vallas K\u00fcla Elanike arv KOV t\u00e4psusega 46 Adra 110 Harku 652 Harkuj\u00e4rve 762 Humala 42 Ilmandu 434 Kumna 283 K\u00fctke 64 Laabi 29 Liikva 499 Merik\u00fcla 149<a class=\"moretag\" href=\"https:\/\/muraste.ee\/vana\/?page_id=67\"><br \/>&#8230;Loe edasi<\/a><\/p>\n","protected":false},"author":1,"featured_media":5180,"parent":0,"menu_order":0,"comment_status":"closed","ping_status":"closed","template":"page-templates\/full-width.php","meta":{"_bbp_topic_count":0,"_bbp_reply_count":0,"_bbp_total_topic_count":0,"_bbp_total_reply_count":0,"_bbp_voice_count":0,"_bbp_anonymous_reply_count":0,"_bbp_topic_count_hidden":0,"_bbp_reply_count_hidden":0,"_bbp_forum_subforum_count":0,"_mc_calendar":[]},"_links":{"self":[{"href":"https:\/\/muraste.ee\/vana\/index.php?rest_route=\/wp\/v2\/pages\/67"}],"collection":[{"href":"https:\/\/muraste.ee\/vana\/index.php?rest_route=\/wp\/v2\/pages"}],"about":[{"href":"https:\/\/muraste.ee\/vana\/index.php?rest_route=\/wp\/v2\/types\/page"}],"author":[{"embeddable":true,"href":"https:\/\/muraste.ee\/vana\/index.php?rest_route=\/wp\/v2\/users\/1"}],"replies":[{"embeddable":true,"href":"https:\/\/muraste.ee\/vana\/index.php?rest_route=%2Fwp%2Fv2%2Fcomments&post=67"}],"version-history":[{"count":27,"href":"https:\/\/muraste.ee\/vana\/index.php?rest_route=\/wp\/v2\/pages\/67\/revisions"}],"predecessor-version":[{"id":7606,"href":"https:\/\/muraste.ee\/vana\/index.php?rest_route=\/wp\/v2\/pages\/67\/revisions\/7606"}],"wp:featuredmedia":[{"embeddable":true,"href":"https:\/\/muraste.ee\/vana\/index.php?rest_route=\/wp\/v2\/media\/5180"}],"wp:attachment":[{"href":"https:\/\/muraste.ee\/vana\/index.php?rest_route=%2Fwp%2Fv2%2Fmedia&parent=67"}],"curies":[{"name":"wp","href":"https:\/\/api.w.org\/{rel}","templated":true}]}}