{"id":6716,"date":"2019-01-19T17:17:01","date_gmt":"2019-01-19T15:17:01","guid":{"rendered":"https:\/\/muraste.ee\/vana\/?page_id=6716"},"modified":"2019-01-19T17:17:01","modified_gmt":"2019-01-19T15:17:01","slug":"nadal-3-4","status":"publish","type":"page","link":"https:\/\/muraste.ee\/vana\/?page_id=6716","title":{"rendered":"N\u00e4dal 3"},"content":{"rendered":"<h1 class=\"entry-title\" style=\"text-align: center;\"><span style=\"color: #3366ff;\">N\u00e4dal 3\u00a0Murastes<\/span><\/h1>\n<div class=\"entry-content\" style=\"text-align: left;\">\n<header class=\"entry-header\">\n<div class=\"entry-content\">\n<div id=\"js_bfj\" class=\"_5pbx userContent _3576\" data-ad-preview=\"message\" data-ft=\"{&quot;tn&quot;:&quot;K&quot;}\">\n<div class=\"entry-content\">\n<p><em>* AT- koolimaja aatrium, SP- spordihoone; KO-kogukonnakeskus; \u00a0 KL- klassiruum; PS \u2013 peegelsaal; SS- s\u00f6\u00f6gisaal, LS- lavasaal, MR- meediaruum<\/em><\/p>\n<p><strong><span style=\"color: #000080;\"><span style=\"color: #3366ff;\">Esmasp\u00e4ev, 14. jaanuar<\/span><br \/>\n<\/span><\/strong>kl 14.40 KO,\u00a0<strong>Fa Stuudio kandlering<\/strong> (lapsed, algajad)<br \/>\nkl 16.15 SP,\u00a0<strong>Judoklubi \u201cAitado\u201d\u00a0Judo<\/strong>\u00a0(alustajad ja uuesti alustajad). \u00a0(www.aitado.ee, Edward, tel 58053039) NB! 7-9 aastased spordis\u00f5brad, veel on vabu kohti treeningr\u00fchmaga liitumiseks!\u00a0kl 17.30 KO, <strong>V\u00e4ikekandleansambel LiULi <\/strong><em>(p\u00f5hikoosseis)<br \/>\n<\/em>kl 17.45 SP,\u00a0<strong>Judoklubi \u201cAitado\u201d\u00a0Judo<\/strong>\u00a0(edasij\u00f5udnud. \u00a0(www.aitado.ee, treener Edward, tel 58053039)<br \/>\nkl 19 AT, \u00a0<strong>Suurupi naiskoor Meretule<br \/>\n<\/strong>kl 19 KO, <strong>V\u00e4ikekandleansambel LiULi<\/strong> \u00a0<em>(t\u00e4iskasvanud, algajate grupp, \u00fcle n\u00e4dala)<\/em><\/p>\n<\/div>\n<div class=\"entry-content\">\n<header class=\"entry-header\">\n<div class=\"entry-content\">\n<p><strong><span style=\"color: #3366ff;\">Teisip\u00e4ev, 15.\u00a0jaanuar<\/span><br \/>\n<\/strong>kl 14.40 KO, Fa Stuudio <strong>fl\u00f6\u00f6diring<\/strong><strong><br \/>\n<\/strong>kl 18.30 KL,\u00a0<strong>Inglise keele kursus \u00a0<\/strong>(kesktase B 1.2).\u00a0Lisainfo \u00a0juhendajalt tel 56575575 v\u00f5i marethein@gmail.com (Maret Hein).<br \/>\nkl 19.15 SP, <span style=\"color: #ff0000;\"><strong>UUS AEG!<\/strong><\/span>\u00a0<strong>V\u00f5rkpall<br \/>\n<\/strong>kl 20.00 KO, <span style=\"color: #ff0000;\"><strong>UUS!<\/strong> <\/span>\u00d6\u00f6matka korraldustoimkonna koosolek<br \/>\nkl 18.30 PS, <strong>SELTSKONNATANTSU J\u00c4TKUKURSUS<\/strong><br \/>\nkl 19.45 PS,\u00a0<strong>Seltskonnatantsude harjutustund<\/strong>\u2013 v\u00f5imalus \u00f5pitut kinnistada ja toredas seltskonnas jalga keerutada.<br \/>\n<strong>NB! UUED SELTSKONNATANTSU KURSUSED TULEKUL!\u00a0<a href=\"https:\/\/muraste.ee\/vana\/wp-content\/uploads\/2016\/03\/revalia_muraste_A4-1.jpg\" rel=\"attachment wp-att-6523\"><img decoding=\"async\" loading=\"lazy\" class=\"alignnone wp-image-6523 size-full\" src=\"https:\/\/muraste.ee\/vana\/wp-content\/uploads\/2016\/03\/revalia_muraste_A4-1.jpg\" alt=\"revalia_muraste_A4\" width=\"595\" height=\"841\" srcset=\"https:\/\/muraste.ee\/vana\/wp-content\/uploads\/2016\/03\/revalia_muraste_A4-1.jpg 595w, https:\/\/muraste.ee\/vana\/wp-content\/uploads\/2016\/03\/revalia_muraste_A4-1-212x300.jpg 212w\" sizes=\"(max-width: 595px) 100vw, 595px\" \/><\/a><\/strong><\/p>\n<p><span style=\"color: #333399;\"><strong><span style=\"color: #3366ff;\">Kolmap\u00e4ev, 16. jaanuar<\/span><br \/>\n<\/strong><\/span>kl 14.40 KO, Fa Stuudio <strong>kandlering<\/strong> (lapsed, edasij\u00f5udnud)<br \/>\nkl 15 AT,\u00a0<strong>Showtants &amp; cheerleading<\/strong>. Lisainfo bron@prodance.ee, tel 55577821<br \/>\nkl 16.15 SP,\u00a0Judoklubi \u201cAitado\u201d\u00a0<strong>Judo<\/strong>\u00a0(alustajad ja uuesti alustajad). \u00a0(www.aitado.ee, Edward, tel 58053039)\u00a0NB! 7-9 aastased spordis\u00f5brad, veel on vabu kohti treeningr\u00fchmaga liitumiseks!<br \/>\nkl 17 KL, <strong><a href=\"https:\/\/muraste.ee\/vana\/?p=5969\" target=\"_blank\">MUDELISMIRING<\/a> <\/strong>algajatele. Juhendab Andres Madissoo NB!\u00a0Veel on vabu kohti uutele liitujatele!<br \/>\nkl 18.15 KL, <strong><a href=\"https:\/\/muraste.ee\/vana\/?p=5969\" target=\"_blank\">MUDELISMIRING<\/a><\/strong> edasij\u00f5udnutele. Juhendab Andres Madissoo<\/p>\n<p>kl 17.45 SP,\u00a0Judoklubi \u201cAitado\u201d\u00a0<strong>Judo<\/strong>\u00a0(edasij\u00f5udnud. \u00a0(www.aitado.ee, treener Edward, tel 58053039)<br \/>\nkl 18 PS,\u00a0<strong><a href=\"https:\/\/muraste.ee\/vana\/?p=6090\" target=\"_blank\">Line-tants<\/a>!<\/strong>\u00a0<strong>NB!<\/strong>\u00a0<strong>K\u00f5ik uued ja senised tantsijad on oodatud!<br \/>\n<\/strong>kl 19 KL, \u00a0<strong>Inglise keele kursus<\/strong>\u00a0(algtase A2) uuesti alustajatele ja algajatele. Lisainfo \u00a0juhendajalt tel 56575575 v\u00f5i marethein@gmail.com (Maret Hein).<br \/>\nkl 19.30 PS, <strong>Harku Harakad<\/strong> tanstuproov<br \/>\nkl 19.30 SP, <strong>UUS!\u00a0\u00dcldkehalise ettevalmistuse treening.\u00a0<\/strong>Lisainfo:\u00a0<a href=\"http:\/\/motokrossipisik.eu\/saalitrennid\/\" target=\"_blank\" rel=\"noopener nofollow\" data-ft=\"{&quot;tn&quot;:&quot;-U&quot;}\" data-lynx-mode=\"async\" data-lynx-uri=\"https:\/\/l.facebook.com\/l.php?u=http%3A%2F%2Fmotokrossipisik.eu%2Fsaalitrennid%2F&amp;h=ATMtTHYPByHFd3Ejb-M_bw3_McwWuVo6SD2thhdIQy0F3YVpA_h8WkckKLGErB5uFSUlktLr926FwJ0TEtQ-jB1FBraRjZFjM3beY2s_WKOJD6YfrxE6Mt1hjwfw9ksYAGjgdHZC18BIeDnAuwSsYczTILfnnMLOzQF24cH3R6VS26raqEtS2BUg7_WQqbEtEpxp1xS_pyotI8RQyh4c32tfhGm_t2n7ldi5cdnf0XZ3A7pBLlADRaD37BfrOmuJ2do5HhcLCgaUhRx9NIHS07XqH95qhCVLIPfFZlqnktc\">http:\/\/motokrossipisik.eu\/saalitrennid\/<\/a>, hannes@motokrossipisik.ee, telefon 5296556<\/p>\n<div id=\"js_bfj\" class=\"_5pbx userContent _3576\" data-ad-preview=\"message\" data-ft=\"{&quot;tn&quot;:&quot;K&quot;}\">\n<p><span style=\"color: #3366ff;\"><strong>Ne<span style=\"color: #3366ff;\">ljap\u00e4ev, 17. jaanuar<\/span><\/strong><\/span><em><br \/>\n<\/em>kl 13.40 \u2013 (18.15) KO, <strong>Triinu laulustuudio<br \/>\n<\/strong>kl\u00a019.00\u00a0KO,\u00a0<strong>Inglise keele\u00a0kursus<\/strong> edasij\u00f5udnutele\u00a0(eel-kesktase B 1.1) \u00a0Lisainfo \u00a0juhendajalt tel 56575575 v\u00f5i marethein@gmail.com (Maret Hein).<\/p>\n<p>kl 18.30 LS, <strong>N\u00c4ITERING, <\/strong>juhendab Anne Veesaar.<\/p>\n<\/div>\n<p><span style=\"color: #3366ff;\"><strong>REEDE, 18. jaanuar<\/strong><\/span><br \/>\nkl 15 T,\u00a0<strong>Showtants &amp; cheerleading<\/strong>. Lisainfo bron@prodance.ee, tel 55577821<br \/>\nkl 17.45 SP,\u00a0<strong>Judoklubi \u201cAitado\u201d\u00a0Judo<\/strong>\u00a0(edasij\u00f5udnud. \u00a0(www.aitado.ee, treener Edward, tel 58053039)\u00a0<a href=\"https:\/\/muraste.ee\/vana\/wp-content\/uploads\/2016\/03\/staatus.jpg\" rel=\"attachment wp-att-6673\"><img decoding=\"async\" loading=\"lazy\" class=\"size-medium wp-image-6673 alignright\" src=\"https:\/\/muraste.ee\/vana\/wp-content\/uploads\/2016\/03\/staatus-300x225.jpg\" alt=\"staatus\" width=\"300\" height=\"225\" srcset=\"https:\/\/muraste.ee\/vana\/wp-content\/uploads\/2016\/03\/staatus-300x225.jpg 300w, https:\/\/muraste.ee\/vana\/wp-content\/uploads\/2016\/03\/staatus.jpg 480w\" sizes=\"(max-width: 300px) 100vw, 300px\" \/><\/a><br \/>\nkl 18.30 KO,\u00a0<span style=\"color: #ff0000;\"><strong>UUS<\/strong>!<\/span> Eesti film lastele <strong><a href=\"https:\/\/www.youtube.com\/watch?v=9BND8NV0dlQ\" target=\"_blank\">STAATUSE UUENDAMINE<\/a><br \/>\n<\/strong><em>Me hindame \u00fcksteist sotsiaalmeedias j\u00e4lgijate arvu j\u00e4rgi ja ihkame populaarsuse nimel aina rohkem laike. Kyle\u2019i elu m\u00f6\u00f6dub rulatades ja mobiil peos. Ootamatult saab ta endale unikaalse \u00e4piga uue mobiili. N\u00fc\u00fcdsest saab iga tema postitus t\u00f5eks. \u00d5nneseen saavutab kuulsuse, millest poleks osanud isegi unistada. Paraku selgub, et maailmanabaks olemine polegi nii lihtne. \u00a0<\/em><em>Film on inglise keeles eesti- ja venekeelsete subtiitridega.<\/em><\/p>\n<p><strong>Kogu filmiprogramm on <a href=\"https:\/\/muraste.ee\/vana\/?page_id=774\" target=\"_blank\">SIIN<\/a><\/strong><\/p>\n<div id=\"js_bfj\" class=\"_5pbx userContent _3576\" data-ad-preview=\"message\" data-ft=\"{&quot;tn&quot;:&quot;K&quot;}\">\n<p><strong><span style=\"color: #0000ff;\"><span style=\"color: #3366ff;\">Laup\u00e4ev, 19. jaanuar<\/span><br \/>\n<\/span><\/strong><span style=\"color: #000000;\">kl 09.00\u00a0PS,\u00a0naisrahvatanstur\u00fchma Maranad tantsuproov<\/span><\/p>\n<p><strong><span style=\"color: #0000ff;\"><span style=\"color: #3366ff;\">P\u00fchap\u00e4ev, 20. jaanuar<\/span><br \/>\n<\/span><\/strong><span style=\"color: #0000ff;\"><span style=\"color: #000000;\">kl 10.00\u00a0KO,\u00a0v\u00e4ikekandleansambel LiULi proov<\/span><\/span><\/p>\n<p><strong><span style=\"color: #ff0000;\">TULEKUL!<a href=\"https:\/\/muraste.ee\/vana\/wp-content\/uploads\/2019\/01\/kut2.jpg\" rel=\"attachment wp-att-6689\"><img decoding=\"async\" loading=\"lazy\" class=\"alignnone wp-image-6689 size-large\" src=\"https:\/\/muraste.ee\/vana\/wp-content\/uploads\/2019\/01\/kut2-1024x454.jpg\" alt=\"kut2\" width=\"625\" height=\"277\" srcset=\"https:\/\/muraste.ee\/vana\/wp-content\/uploads\/2019\/01\/kut2-1024x454.jpg 1024w, https:\/\/muraste.ee\/vana\/wp-content\/uploads\/2019\/01\/kut2-300x133.jpg 300w, https:\/\/muraste.ee\/vana\/wp-content\/uploads\/2019\/01\/kut2-768x341.jpg 768w, https:\/\/muraste.ee\/vana\/wp-content\/uploads\/2019\/01\/kut2-624x277.jpg 624w, https:\/\/muraste.ee\/vana\/wp-content\/uploads\/2019\/01\/kut2.jpg 2048w\" sizes=\"(max-width: 625px) 100vw, 625px\" \/><\/a><br \/>\n<\/span><\/strong><\/p>\n<p><a href=\"https:\/\/muraste.ee\/vana\/wp-content\/uploads\/2016\/03\/klapp.jpg\" rel=\"attachment wp-att-6680\"><img decoding=\"async\" loading=\"lazy\" class=\" wp-image-6680 alignright\" src=\"https:\/\/muraste.ee\/vana\/wp-content\/uploads\/2016\/03\/klapp-300x300.jpg\" alt=\"klapp\" width=\"164\" height=\"164\" srcset=\"https:\/\/muraste.ee\/vana\/wp-content\/uploads\/2016\/03\/klapp-300x300.jpg 300w, https:\/\/muraste.ee\/vana\/wp-content\/uploads\/2016\/03\/klapp-150x150.jpg 150w, https:\/\/muraste.ee\/vana\/wp-content\/uploads\/2016\/03\/klapp-768x768.jpg 768w, https:\/\/muraste.ee\/vana\/wp-content\/uploads\/2016\/03\/klapp-624x624.jpg 624w, https:\/\/muraste.ee\/vana\/wp-content\/uploads\/2016\/03\/klapp.jpg 800w\" sizes=\"(max-width: 164px) 100vw, 164px\" \/><\/a>21. jaanuaril kell 18.30, <a href=\"https:\/\/muraste.ee\/vana\/?p=6697\" target=\"_blank\"><span style=\"color: #ff0000;\"><strong>K\u00c4SIT\u00d6\u00d6TOA ERI: TEEME JUUSTU!<\/strong> <\/span>\u00a0<\/a><br \/>\n22. jaanuar kl 18 AT, \u00a0<span style=\"color: #ff0000;\"><strong><a style=\"color: #ff0000;\" href=\"https:\/\/muraste.ee\/vana\/wp-content\/uploads\/2016\/03\/fastuudio.png\" target=\"_blank\">FA STUUDIO TALVEKONTSERT<\/a><\/strong><\/span><br \/>\n22. jaanuar kl 19, KO, <span style=\"color: #0000ff;\"><strong>Loeng.\u00a0\u201c4 sammu terviseni: toida, jooda, puhasta, kaitse.\u201d<\/strong><\/span> Lektor Mari- Liis Kajari kohta on \u00f6eldud: ta loeng on h\u00e4sti m\u00f5istetav, inspireeriv, lootustandev, teadlikkust t\u00f5stev ning \u00f5pitut on kerge praktiseerida.<br \/>\nPuudutatavad teemad: kust saavad alguse haigused; kuidas on \u00fcles ehitatud meie suure akuga s\u00f5iduvahend; mida keha vajab, et olla terve; mille v\u00f5i kelle eest oma keha kaitsta; soolestik &#8211; meie teine aju. Juttu ilmestavad huumor, huvitavad n\u00e4ited elust, tervisetestid ja katsed. Info ja registreerumine tel 5120025, hiiegrauberg@gmail.com.<br \/>\n29. jaanuar kell 19 AT, \u00a0<span style=\"color: #ff0000;\"><a style=\"color: #ff0000;\" href=\"https:\/\/muraste.ee\/vana\/?p=6682\" target=\"_blank\"><strong>ERAKONDADE VALIMISDEBATT<\/strong>\u00a0<\/a><\/span><br \/>\n6. veebruar kell 18.30 KO, -Kohviklubi \/ juhatuse avatud koosolek<br \/>\n9. veebruar AT, \u00a0TT\u00dc puhkpilliorkestri kontsert (info tulekul)<br \/>\n12. veebruar kell 18.30 KO, Lihtne ja l\u00f5bus maalimis\u00f5htu (lisa veinjapintsel.ee)\u00a0<a href=\"https:\/\/muraste.ee\/vana\/wp-content\/uploads\/2016\/03\/sirelid.jpg\" rel=\"attachment wp-att-6706\"><img decoding=\"async\" loading=\"lazy\" class=\"size-medium wp-image-6706 aligncenter\" src=\"https:\/\/muraste.ee\/vana\/wp-content\/uploads\/2016\/03\/sirelid-300x169.jpg\" alt=\"sirelid\" width=\"300\" height=\"169\" srcset=\"https:\/\/muraste.ee\/vana\/wp-content\/uploads\/2016\/03\/sirelid-300x169.jpg 300w, https:\/\/muraste.ee\/vana\/wp-content\/uploads\/2016\/03\/sirelid-768x432.jpg 768w, https:\/\/muraste.ee\/vana\/wp-content\/uploads\/2016\/03\/sirelid-624x351.jpg 624w, https:\/\/muraste.ee\/vana\/wp-content\/uploads\/2016\/03\/sirelid-128x72.jpg 128w, https:\/\/muraste.ee\/vana\/wp-content\/uploads\/2016\/03\/sirelid.jpg 960w\" sizes=\"(max-width: 300px) 100vw, 300px\" \/><\/a>16. veebruar AT, Elen Ilvese kooride kontsert (info tulekul)<br \/>\n13. aprill \u00a0AT, Muraste k\u00fclaseltsi \u00fcldkoosolek (info tulekul)<br \/>\n13. april AT, kontsert \u00a0(info tulekul)<br \/>\n<span style=\"color: #0000ff;\"><strong>\u00a0 \u00a0 \u00a0 \u00a0 \u00a0 \u00a0 \u00a0 \u00a0 \u00a0 \u00a0 \u00a0 \u00a0 \u00a0 \u00a0 \u00a0NB!!! L\u00c4HIAJA FILMIPROGRAMMI<\/strong> N\u00c4EB <\/span><span style=\"color: #ff0000;\"><strong><span style=\"color: #0000ff;\"><a style=\"color: #0000ff;\" href=\"https:\/\/muraste.ee\/vana\/?page_id=774\" target=\"_blank\">S I I T<\/a>\u00a0<\/span><br \/>\n<\/strong><\/span><\/p>\n<\/div>\n<\/div>\n<\/header>\n<\/div>\n<\/div>\n<\/div>\n<p><a href=\"https:\/\/muraste.ee\/vana\/wp-content\/uploads\/2016\/03\/fastuudio.png\" rel=\"attachment wp-att-6658\"><img decoding=\"async\" loading=\"lazy\" class=\"alignnone wp-image-6658 size-full\" src=\"https:\/\/muraste.ee\/vana\/wp-content\/uploads\/2016\/03\/fastuudio.png\" alt=\"fastuudio\" width=\"678\" height=\"960\" srcset=\"https:\/\/muraste.ee\/vana\/wp-content\/uploads\/2016\/03\/fastuudio.png 678w, https:\/\/muraste.ee\/vana\/wp-content\/uploads\/2016\/03\/fastuudio-212x300.png 212w, https:\/\/muraste.ee\/vana\/wp-content\/uploads\/2016\/03\/fastuudio-624x884.png 624w\" sizes=\"(max-width: 678px) 100vw, 678px\" \/><\/a><\/p>\n<p><span style=\"color: #333399;\"><strong style=\"color: #3366ff; font-size: 1rem;\">TEADETETAHVEL<\/strong><\/span><\/p>\n<\/header>\n<div class=\"entry-content\">\n<p><span style=\"color: #3366ff;\"><a style=\"color: #3366ff;\" href=\"https:\/\/muraste.ee\/vana\/wp-content\/uploads\/2016\/03\/stend.jpg\" rel=\"attachment wp-att-3740\"><img decoding=\"async\" loading=\"lazy\" class=\"size-medium wp-image-3740 alignright\" src=\"https:\/\/muraste.ee\/vana\/wp-content\/uploads\/2016\/03\/stend-300x224.jpg\" sizes=\"(max-width: 300px) 100vw, 300px\" srcset=\"https:\/\/muraste.ee\/vana\/wp-content\/uploads\/2016\/03\/stend-300x224.jpg 300w, https:\/\/muraste.ee\/vana\/wp-content\/uploads\/2016\/03\/stend-768x572.jpg 768w, https:\/\/muraste.ee\/vana\/wp-content\/uploads\/2016\/03\/stend-1024x763.jpg 1024w, https:\/\/muraste.ee\/vana\/wp-content\/uploads\/2016\/03\/stend-624x465.jpg 624w, https:\/\/muraste.ee\/vana\/wp-content\/uploads\/2016\/03\/stend.jpg 1300w\" alt=\"stend\" width=\"300\" height=\"224\" \/><\/a><\/span><\/p>\n<\/div>\n<header class=\"entry-header\">\n<div class=\"entry-content\">\n<div class=\"_1mf _1mj\" data-offset-key=\"cki46-0-0\">\n<div class=\"_1mf _1mj\" data-offset-key=\"cki46-0-0\"><\/div>\n<p><strong>Teadmiseks:\u00a0<\/strong>Muraste igan\u00e4dalase e-infokirjaga liitumiseks saada sellekohane teade muraste@muraste.ee<br \/>\n<strong>Muraste kogukonnakeskus\u00a0<\/strong>(Lee tee 9, Muraste) avatud E-N 10 -18, R ja muudel aegadel vastavalt tegevustele<br \/>\n<strong>T\u00e4psustused ja info:<\/strong>\u00a0kogukonnakeskus@muraste.ee;\u00a05253128 (Aule Kikas).<\/p>\n<\/div>\n<\/div>\n<\/header>\n<\/div>\n","protected":false},"excerpt":{"rendered":"<p>N\u00e4dal 3\u00a0Murastes * AT- koolimaja aatrium, SP- spordihoone; KO-kogukonnakeskus; \u00a0 KL- klassiruum; PS \u2013 peegelsaal; SS- s\u00f6\u00f6gisaal, LS- lavasaal, MR- meediaruum Esmasp\u00e4ev, 14. jaanuar kl 14.40 KO,\u00a0Fa Stuudio kandlering (lapsed, algajad) kl 16.15 SP,\u00a0Judoklubi \u201cAitado\u201d\u00a0Judo\u00a0(alustajad ja uuesti alustajad). \u00a0(www.aitado.ee, Edward, tel 58053039) NB! 7-9 aastased spordis\u00f5brad, veel on vabu kohti treeningr\u00fchmaga liitumiseks!\u00a0kl 17.30 KO, V\u00e4ikekandleansambel<a class=\"moretag\" href=\"https:\/\/muraste.ee\/vana\/?page_id=6716\"><br \/>&#8230;Loe edasi<\/a><\/p>\n","protected":false},"author":2,"featured_media":0,"parent":0,"menu_order":0,"comment_status":"closed","ping_status":"closed","template":"nadalakava.php","meta":{"_bbp_topic_count":0,"_bbp_reply_count":0,"_bbp_total_topic_count":0,"_bbp_total_reply_count":0,"_bbp_voice_count":0,"_bbp_anonymous_reply_count":0,"_bbp_topic_count_hidden":0,"_bbp_reply_count_hidden":0,"_bbp_forum_subforum_count":0,"_mc_calendar":[]},"_links":{"self":[{"href":"https:\/\/muraste.ee\/vana\/index.php?rest_route=\/wp\/v2\/pages\/6716"}],"collection":[{"href":"https:\/\/muraste.ee\/vana\/index.php?rest_route=\/wp\/v2\/pages"}],"about":[{"href":"https:\/\/muraste.ee\/vana\/index.php?rest_route=\/wp\/v2\/types\/page"}],"author":[{"embeddable":true,"href":"https:\/\/muraste.ee\/vana\/index.php?rest_route=\/wp\/v2\/users\/2"}],"replies":[{"embeddable":true,"href":"https:\/\/muraste.ee\/vana\/index.php?rest_route=%2Fwp%2Fv2%2Fcomments&post=6716"}],"version-history":[{"count":1,"href":"https:\/\/muraste.ee\/vana\/index.php?rest_route=\/wp\/v2\/pages\/6716\/revisions"}],"predecessor-version":[{"id":6718,"href":"https:\/\/muraste.ee\/vana\/index.php?rest_route=\/wp\/v2\/pages\/6716\/revisions\/6718"}],"wp:attachment":[{"href":"https:\/\/muraste.ee\/vana\/index.php?rest_route=%2Fwp%2Fv2%2Fmedia&parent=6716"}],"curies":[{"name":"wp","href":"https:\/\/api.w.org\/{rel}","templated":true}]}}