{"id":6735,"date":"2019-01-27T13:59:22","date_gmt":"2019-01-27T11:59:22","guid":{"rendered":"https:\/\/muraste.ee\/vana\/?page_id=6735"},"modified":"2019-01-27T13:59:22","modified_gmt":"2019-01-27T11:59:22","slug":"nadal-4-4","status":"publish","type":"page","link":"https:\/\/muraste.ee\/vana\/?page_id=6735","title":{"rendered":"N\u00e4dal 4"},"content":{"rendered":"<h1 class=\"entry-title\">N\u00e4dal 4 Murastes<\/h1>\n<div class=\"entry-content\">\n<header class=\"entry-header\">\n<div class=\"entry-content\">\n<div id=\"js_bfj\" class=\"_5pbx userContent _3576\" data-ad-preview=\"message\" data-ft=\"{&quot;tn&quot;:&quot;K&quot;}\">\n<div class=\"entry-content\">\n<p><em>* AT- koolimaja aatrium, SP- spordihoone; KO-kogukonnakeskus; \u00a0 KL- klassiruum; PS \u2013 peegelsaal; SS- s\u00f6\u00f6gisaal, LS- lavasaal, MR- meediaruum<\/em><\/p>\n<p><strong>Esmasp\u00e4ev, 21. jaanuar<br \/>\n<\/strong>kl 14.40 KO,\u00a0<strong>Fa Stuudio kandlering<\/strong> (lapsed, algajad)<br \/>\nkl 16.15 SP,\u00a0<strong>Judoklubi \u201cAitado\u201d\u00a0Judo<\/strong>\u00a0(alustajad ja uuesti alustajad). \u00a0(www.aitado.ee, Edward, tel 58053039) NB! 7-9 aastased spordis\u00f5brad, veel on vabu kohti treeningr\u00fchmaga liitumiseks!\u00a0kl 17.30 KO, <strong>V\u00e4ikekandleansambel LiULi <\/strong><em>(p\u00f5hikoosseis)<br \/>\n<\/em>kl 17.45 SP,\u00a0<strong>Judoklubi \u201cAitado\u201d\u00a0Judo<\/strong>\u00a0(edasij\u00f5udnud. \u00a0(www.aitado.ee, treener Edward, tel 58053039)<br \/>\nkl 19 AT, \u00a0<strong>Suurupi naiskoor Meretule \u00a0<\/strong><\/p>\n<p><a href=\"https:\/\/muraste.ee\/vana\/wp-content\/uploads\/2019\/01\/cheese-1.jpg\" rel=\"attachment wp-att-6701\"><img decoding=\"async\" loading=\"lazy\" class=\"size-thumbnail wp-image-6701\" src=\"https:\/\/muraste.ee\/vana\/wp-content\/uploads\/2019\/01\/cheese-1-150x150.jpg\" alt=\"Man holding piece of cheese\" width=\"150\" height=\"150\" \/><\/a><\/p>\n<p>kl 18.30 PS, Rahvatanstur\u00fchma proov<br \/>\nkl 19 KO, <strong>V\u00e4ikekandleansambel LiULi<\/strong> \u00a0<em>(t\u00e4iskasvanud, algajate grupp, \u00fcle n\u00e4dala)<br \/>\n<\/em>kl 18.30 KO, <strong>UUS!<\/strong>\u00a0<a href=\"https:\/\/muraste.ee\/vana\/?p=6697\" target=\"_blank\"><strong>K\u00c4SIT\u00d6\u00d6TOA ERI: TEEME JUUSTU!<\/strong> \u00a0<\/a><\/p>\n<p><strong>Teisip\u00e4ev, 22.\u00a0jaanuar<\/strong><\/p>\n<\/div>\n<div class=\"entry-content\">\n<header class=\"entry-header\">\n<div class=\"entry-content\">\n<p>kl 14.40 KO, Fa Stuudio <strong>fl\u00f6\u00f6diring<\/strong><strong><br \/>\n<\/strong>kl 18.30 KL,\u00a0<strong>Inglise keele kursus \u00a0<\/strong>(kesktase B 1.2).\u00a0Lisainfo \u00a0juhendajalt tel 56575575 v\u00f5i marethein@gmail.com (Maret Hein).<br \/>\nkl 19.15 SP, <strong>UUS AEG!<\/strong>\u00a0<strong>V\u00f5rkpall<\/strong><br \/>\nkl 18.30 PS, <strong>SELTSKONNATANTSU J\u00c4TKUKURSUS<\/strong><br \/>\nkl 19.45 PS,\u00a0<strong>Seltskonnatantsude harjutustund<\/strong>\u2013 v\u00f5imalus \u00f5pitut kinnistada ja toredas seltskonnas jalga keerutada.<br \/>\n<strong>NB! UUED SELTSKONNATANTSU KURSUSED TULEKUL!<br \/>\nkl 18 AT, UUS!\u00a0<strong><a href=\"https:\/\/muraste.ee\/vana\/wp-content\/uploads\/2016\/03\/fastuudio.png\" target=\"_blank\">FA STUUDIO TALVEKONTSERT<\/a><\/strong><br \/>\nkl 19, KO, UUS!\u00a0<strong>Loeng.<\/strong><\/strong>\u00a0\u201c4 sammu terviseni: toida, jooda, puhasta, kaitse.\u201d Lektor Mari- Liis Kajari kohta on \u00f6eldud: ta loeng on h\u00e4sti m\u00f5istetav, inspireeriv, lootustandev, teadlikkust t\u00f5stev ning \u00f5pitut on kerge praktiseerida.<br \/>\nPuudutatavad teemad: kust saavad alguse haigused; kuidas on \u00fcles ehitatud meie suure akuga s\u00f5iduvahend; mida keha vajab, et olla terve; mille v\u00f5i kelle eest oma keha kaitsta; soolestik \u2013 meie teine aju. Juttu ilmestavad huumor, huvitavad n\u00e4ited elust, tervisetestid ja katsed. Info ja registreerumine tel 5120025, hiiegrauberg@gmail.com.<strong><br \/>\n<\/strong><\/p>\n<p><strong><a href=\"https:\/\/muraste.ee\/vana\/wp-content\/uploads\/2016\/03\/revalia_muraste_A4-1.jpg\" rel=\"attachment wp-att-6523\"><img decoding=\"async\" loading=\"lazy\" class=\"wp-image-6523 size-medium alignright\" src=\"https:\/\/muraste.ee\/vana\/wp-content\/uploads\/2016\/03\/revalia_muraste_A4-1-212x300.jpg\" sizes=\"(max-width: 212px) 100vw, 212px\" srcset=\"https:\/\/muraste.ee\/vana\/wp-content\/uploads\/2016\/03\/revalia_muraste_A4-1-212x300.jpg 212w, https:\/\/muraste.ee\/vana\/wp-content\/uploads\/2016\/03\/revalia_muraste_A4-1.jpg 595w\" alt=\"revalia_muraste_A4\" width=\"212\" height=\"300\" \/><\/a><\/strong><\/p>\n<p><strong>Kolmap\u00e4ev, 23. jaanuar<br \/>\n<\/strong>kl 14.40 KO, Fa Stuudio <strong>kandlering<\/strong> (lapsed, edasij\u00f5udnud)<br \/>\nkl 15 AT,\u00a0<strong>Showtants &amp; cheerleading<\/strong>. Lisainfo bron@prodance.ee, tel 55577821<br \/>\nkl 16.15 SP,\u00a0Judoklubi \u201cAitado\u201d\u00a0<strong>Judo<\/strong>\u00a0(alustajad ja uuesti alustajad). \u00a0(www.aitado.ee, Edward, tel 58053039)\u00a0NB! 7-9 aastased spordis\u00f5brad, veel on vabu kohti treeningr\u00fchmaga liitumiseks!<br \/>\nkl 17 KL, <strong><a href=\"https:\/\/muraste.ee\/vana\/?p=5969\" target=\"_blank\">MUDELISMIRING<\/a> <\/strong>algajatele. Juhendab Andres Madissoo NB!\u00a0Veel on vabu kohti uutele liitujatele!<br \/>\nkl 18.15 KL, <strong><a href=\"https:\/\/muraste.ee\/vana\/?p=5969\" target=\"_blank\">MUDELISMIRING<\/a><\/strong> edasij\u00f5udnutele. Juhendab Andres Madissoo<br \/>\nkl 17.45 SP,\u00a0Judoklubi \u201cAitado\u201d\u00a0<strong>Judo<\/strong>\u00a0(edasij\u00f5udnud. \u00a0(www.aitado.ee, treener Edward, tel 58053039)<br \/>\nkl 18 PS,\u00a0<strong><a href=\"https:\/\/muraste.ee\/vana\/?p=6090\" target=\"_blank\">Line-tants<\/a>!<\/strong>\u00a0<strong>NB!<\/strong>\u00a0<strong>K\u00f5ik uued ja senised tantsijad on oodatud!<br \/>\n<\/strong>kl 19 KL, \u00a0<strong>Inglise keele kursus<\/strong>\u00a0(algtase A2) uuesti alustajatele ja algajatele. Lisainfo \u00a0juhendajalt tel 56575575 v\u00f5i marethein@gmail.com (Maret Hein).<br \/>\nkl 19.30 PS, <strong>Harku Harakad<\/strong> tanstuproov<br \/>\nkl 18 KO, <strong>UUS!<\/strong> <strong>Praktiline lilleseadekursus.<\/strong> Teema: kuivseade (taimemaal) raamis.<br \/>\nkl 19.30 SP,\u00a0<strong>\u00dcldkehalise ettevalmistuse treening.\u00a0<\/strong>Lisainfo:\u00a0<a href=\"http:\/\/motokrossipisik.eu\/saalitrennid\/\" target=\"_blank\" rel=\"noopener nofollow\" data-ft=\"{&quot;tn&quot;:&quot;-U&quot;}\" data-lynx-mode=\"async\" data-lynx-uri=\"https:\/\/l.facebook.com\/l.php?u=http%3A%2F%2Fmotokrossipisik.eu%2Fsaalitrennid%2F&amp;h=ATMtTHYPByHFd3Ejb-M_bw3_McwWuVo6SD2thhdIQy0F3YVpA_h8WkckKLGErB5uFSUlktLr926FwJ0TEtQ-jB1FBraRjZFjM3beY2s_WKOJD6YfrxE6Mt1hjwfw9ksYAGjgdHZC18BIeDnAuwSsYczTILfnnMLOzQF24cH3R6VS26raqEtS2BUg7_WQqbEtEpxp1xS_pyotI8RQyh4c32tfhGm_t2n7ldi5cdnf0XZ3A7pBLlADRaD37BfrOmuJ2do5HhcLCgaUhRx9NIHS07XqH95qhCVLIPfFZlqnktc\">http:\/\/motokrossipisik.eu\/saalitrennid\/<\/a>, hannes@motokrossipisik.ee, telefon 5296556<\/p>\n<div id=\"js_bfj\" class=\"_5pbx userContent _3576\" data-ad-preview=\"message\" data-ft=\"{&quot;tn&quot;:&quot;K&quot;}\">\n<p><strong>Neljap\u00e4ev, 24. jaanuar<\/strong><em><br \/>\n<\/em>kl 13.40 \u2013 (18.15) KO, <strong>Triinu laulustuudio<br \/>\n<\/strong>kl\u00a019.00\u00a0KO,\u00a0<strong>Inglise keele\u00a0kursus<\/strong> edasij\u00f5udnutele\u00a0(eel-kesktase B 1.1) \u00a0Lisainfo \u00a0juhendajalt tel 56575575 v\u00f5i marethein@gmail.com (Maret Hein).<br \/>\nkl 18.30 LS, <strong>N\u00c4ITERING, <\/strong>juhendab Anne Veesaar.<\/p>\n<\/div>\n<p><strong>REEDE, 25. jaanuar<\/strong><br \/>\nkl 15 T,\u00a0<strong>Showtants &amp; cheerleading<\/strong>. Lisainfo bron@prodance.ee, tel 55577821<br \/>\nkl 17.45 SP,\u00a0<strong>Judoklubi \u201cAitado\u201d\u00a0Judo<\/strong>\u00a0(edasij\u00f5udnud. \u00a0(www.aitado.ee, treener Edward, tel 58053039)<\/p>\n<p>kl 19 KO,\u00a0<strong>UUS<\/strong>!\u00a0R, 25. jaanuar kell 19<strong><strong><strong>\u00a0<strong><a href=\"https:\/\/www.youtube.com\/watch?v=9RiJkOE0fls\" target=\"_blank\">JOHANNES P\u00c4\u00c4SUKESE T\u00d5ELINE ELU<\/a>\u00a0 K\u00fclla tuleb ja filmist teeb \u00fclevaate selle re\u017eiss\u00f6\u00f6r Hardi Volmer \u00a0<a href=\"https:\/\/muraste.ee\/vana\/wp-content\/uploads\/2016\/03\/p\u00e4\u00e4suke.jpg\" rel=\"attachment wp-att-6720\"><img decoding=\"async\" loading=\"lazy\" class=\"wp-image-6720 size-full alignright\" src=\"https:\/\/muraste.ee\/vana\/wp-content\/uploads\/2016\/03\/p\u00e4\u00e4suke.jpg\" sizes=\"(max-width: 369px) 100vw, 369px\" srcset=\"https:\/\/muraste.ee\/vana\/wp-content\/uploads\/2016\/03\/p\u00e4\u00e4suke-300x111.jpg 300w, https:\/\/muraste.ee\/vana\/wp-content\/uploads\/2016\/03\/p\u00e4\u00e4suke.jpg 369w\" alt=\"p\u00e4\u00e4suke\" width=\"369\" height=\"136\" \/><\/a><\/strong><\/strong><\/strong><\/strong><\/p>\n<p><strong>Kogu filmiprogramm on <a href=\"https:\/\/muraste.ee\/vana\/?page_id=774\" target=\"_blank\">SIIN<\/a><\/strong><\/p>\n<div id=\"js_bfj\" class=\"_5pbx userContent _3576\" data-ad-preview=\"message\" data-ft=\"{&quot;tn&quot;:&quot;K&quot;}\">\n<p><strong>Laup\u00e4ev, 26. jaanuar<br \/>\n<\/strong>kl 09.00\u00a0PS,\u00a0naisrahvatanstur\u00fchma Maranad tantsuproov<\/p>\n<p><strong>P\u00fchap\u00e4ev, 27. jaanuar<br \/>\n<\/strong>kl 10.00\u00a0KO,\u00a0v\u00e4ikekandleansambel LiULi proov<\/p>\n<p><strong>TULEKUL!<a href=\"https:\/\/muraste.ee\/vana\/wp-content\/uploads\/2019\/01\/kut2.jpg\" rel=\"attachment wp-att-6689\"><img decoding=\"async\" loading=\"lazy\" class=\"alignnone wp-image-6689 size-large\" src=\"https:\/\/muraste.ee\/vana\/wp-content\/uploads\/2019\/01\/kut2-1024x454.jpg\" sizes=\"(max-width: 625px) 100vw, 625px\" srcset=\"https:\/\/muraste.ee\/vana\/wp-content\/uploads\/2019\/01\/kut2-300x133.jpg 300w, https:\/\/muraste.ee\/vana\/wp-content\/uploads\/2019\/01\/kut2-768x341.jpg 768w, https:\/\/muraste.ee\/vana\/wp-content\/uploads\/2019\/01\/kut2-1024x454.jpg 1024w, https:\/\/muraste.ee\/vana\/wp-content\/uploads\/2019\/01\/kut2-624x277.jpg 624w\" alt=\"kut2\" width=\"625\" height=\"277\" \/><\/a><br \/>\n<\/strong><\/p>\n<p><a href=\"https:\/\/muraste.ee\/vana\/wp-content\/uploads\/2016\/03\/kooli.jpg\" rel=\"attachment wp-att-6730\"><img decoding=\"async\" loading=\"lazy\" class=\"wp-image-6730 alignright\" src=\"https:\/\/muraste.ee\/vana\/wp-content\/uploads\/2016\/03\/kooli-300x225.jpg\" sizes=\"(max-width: 209px) 100vw, 209px\" srcset=\"https:\/\/muraste.ee\/vana\/wp-content\/uploads\/2016\/03\/kooli-300x225.jpg 300w, https:\/\/muraste.ee\/vana\/wp-content\/uploads\/2016\/03\/kooli-768x576.jpg 768w, https:\/\/muraste.ee\/vana\/wp-content\/uploads\/2016\/03\/kooli-624x468.jpg 624w, https:\/\/muraste.ee\/vana\/wp-content\/uploads\/2016\/03\/kooli.jpg 960w\" alt=\"kooli\" width=\"209\" height=\"157\" \/><\/a><br \/>\n28. jaanuar kell 18 AT, <strong>arutlelu Muraste Kooli 9-klassiliseks<\/strong> kasvamise teemal. Korraldab Muraste Kooli hoolekogu.<\/p>\n<p>29. jaanuar kell 19 AT, \u00a0<a href=\"https:\/\/muraste.ee\/vana\/?p=6682\" target=\"_blank\"><strong>ERAKONDADE VALIMISDEBATT<\/strong>\u00a0<\/a>.<\/p>\n<p>6. veebruar kell 18.30 KO, Kohviklubi \/ juhatuse avatud koosolek\u00a0<a href=\"https:\/\/muraste.ee\/vana\/wp-content\/uploads\/2016\/03\/Klassikakontsert-Muraste.jpg\" rel=\"attachment wp-att-6729\"><img decoding=\"async\" loading=\"lazy\" class=\"wp-image-6729 size-medium alignright\" src=\"https:\/\/muraste.ee\/vana\/wp-content\/uploads\/2016\/03\/Klassikakontsert-Muraste-212x300.jpg\" sizes=\"(max-width: 212px) 100vw, 212px\" srcset=\"https:\/\/muraste.ee\/vana\/wp-content\/uploads\/2016\/03\/Klassikakontsert-Muraste-212x300.jpg 212w, https:\/\/muraste.ee\/vana\/wp-content\/uploads\/2016\/03\/Klassikakontsert-Muraste-768x1086.jpg 768w, https:\/\/muraste.ee\/vana\/wp-content\/uploads\/2016\/03\/Klassikakontsert-Muraste-724x1024.jpg 724w, https:\/\/muraste.ee\/vana\/wp-content\/uploads\/2016\/03\/Klassikakontsert-Muraste-624x883.jpg 624w, https:\/\/muraste.ee\/vana\/wp-content\/uploads\/2016\/03\/Klassikakontsert-Muraste.jpg 1587w\" alt=\"Klassikakontsert Muraste\" width=\"212\" height=\"300\" \/><\/a><\/p>\n<p>9. veebruar AT, \u00a0<strong><a href=\"http:\/\/orkester.ee\/et\/tallinna-tehnikaulikooli-puhkpilliorkestri-klassikakontsert\/\" target=\"_blank\">TT\u00dc puhkpilliorkestri kontsert\u00a0<\/a>\u00a0<\/strong><em>Alanud aasta esimesel kontserdil esitab Tallinna Tehnika\u00fclikooli Puhkpilliorkester klassikalise muusikavaramu suurheliloojate tuntud teoseid.\u00a0Laulupeo juubeliaastal teeb orkester kummarduse heliloojatele, kellega otsene kokkupuude v\u00f5i kelle muusika on m\u00f5jutanud mitmeid Eesti heliloojaid ning nende loomingulisi suundumusi.\u00a0N\u00e4iteks on legendaarse Nikolai Rimski-Korsakovi nime kandev Peterburi Riiklik Konservatoorium alusp\u00f5hjaks Eesti esimeste professionaalsete heliloojate v\u00e4ljakujunemisel.\u00a0Kavas on E. Elgar, J. Strauss, L. Delibes, P. T\u0161aikovski, D. \u0160ostakovit\u0161, N. Rimski-Korsakov teosed.\u00a0Suurep\u00e4rane muusika, mis meie klassikakontserdil seekord k\u00f5lamas, annab hea v\u00f5imaluse m\u00f5tisklusteks, uitamisteks ja m\u00f5tter\u00e4nnakutekski. Ootame kontserdile!<\/em><\/p>\n<p>12. veebruar kell 18.30 KO,<strong> Lihtne ja l\u00f5bus maalimis\u00f5htu<\/strong> (lisa veinjapintsel.ee)\u00a0<a href=\"https:\/\/muraste.ee\/vana\/wp-content\/uploads\/2016\/03\/sirelid.jpg\" rel=\"attachment wp-att-6706\"><img decoding=\"async\" loading=\"lazy\" class=\"size-medium wp-image-6706 aligncenter\" src=\"https:\/\/muraste.ee\/vana\/wp-content\/uploads\/2016\/03\/sirelid-300x169.jpg\" sizes=\"(max-width: 300px) 100vw, 300px\" srcset=\"https:\/\/muraste.ee\/vana\/wp-content\/uploads\/2016\/03\/sirelid-300x169.jpg 300w, https:\/\/muraste.ee\/vana\/wp-content\/uploads\/2016\/03\/sirelid-768x432.jpg 768w, https:\/\/muraste.ee\/vana\/wp-content\/uploads\/2016\/03\/sirelid-624x351.jpg 624w, https:\/\/muraste.ee\/vana\/wp-content\/uploads\/2016\/03\/sirelid-128x72.jpg 128w, https:\/\/muraste.ee\/vana\/wp-content\/uploads\/2016\/03\/sirelid.jpg 960w\" alt=\"sirelid\" width=\"300\" height=\"169\" \/><\/a>16. veebruar AT, Elen Ilvese kooride kontsert (info tulekul)<br \/>\n13. aprill \u00a0AT, Muraste k\u00fclaseltsi \u00fcldkoosolek (info tulekul)<br \/>\n13. april AT, kontsert \u00a0(info tulekul)<br \/>\n<strong>\u00a0 \u00a0 \u00a0 \u00a0 \u00a0 \u00a0 \u00a0 \u00a0 \u00a0 \u00a0 \u00a0 \u00a0 \u00a0 \u00a0 \u00a0NB!!! L\u00c4HIAJA FILMIPROGRAMMI<\/strong> N\u00c4EB <strong><a href=\"https:\/\/muraste.ee\/vana\/?page_id=774\" target=\"_blank\">S I I T<\/a><br \/>\n<\/strong><\/p>\n<\/div>\n<\/div>\n<\/header>\n<\/div>\n<\/div>\n<\/div>\n<p><a href=\"https:\/\/muraste.ee\/vana\/wp-content\/uploads\/2016\/03\/fastuudio.png\" rel=\"attachment wp-att-6658\"><img decoding=\"async\" loading=\"lazy\" class=\"alignnone wp-image-6658 size-full\" src=\"https:\/\/muraste.ee\/vana\/wp-content\/uploads\/2016\/03\/fastuudio.png\" sizes=\"(max-width: 678px) 100vw, 678px\" srcset=\"https:\/\/muraste.ee\/vana\/wp-content\/uploads\/2016\/03\/fastuudio-212x300.png 212w, https:\/\/muraste.ee\/vana\/wp-content\/uploads\/2016\/03\/fastuudio-624x884.png 624w, https:\/\/muraste.ee\/vana\/wp-content\/uploads\/2016\/03\/fastuudio.png 678w\" alt=\"fastuudio\" width=\"678\" height=\"960\" \/><\/a><\/p>\n<p><strong>TEADETETAHVEL<\/strong><\/p>\n<\/header>\n<div class=\"entry-content\">\n<p><a href=\"https:\/\/muraste.ee\/vana\/wp-content\/uploads\/2016\/03\/stend.jpg\" rel=\"attachment wp-att-3740\"><img decoding=\"async\" loading=\"lazy\" class=\"size-medium wp-image-3740 alignright\" src=\"https:\/\/muraste.ee\/vana\/wp-content\/uploads\/2016\/03\/stend-300x224.jpg\" sizes=\"(max-width: 300px) 100vw, 300px\" srcset=\"https:\/\/muraste.ee\/vana\/wp-content\/uploads\/2016\/03\/stend-300x224.jpg 300w, https:\/\/muraste.ee\/vana\/wp-content\/uploads\/2016\/03\/stend-768x572.jpg 768w, https:\/\/muraste.ee\/vana\/wp-content\/uploads\/2016\/03\/stend-1024x763.jpg 1024w, https:\/\/muraste.ee\/vana\/wp-content\/uploads\/2016\/03\/stend-624x465.jpg 624w, https:\/\/muraste.ee\/vana\/wp-content\/uploads\/2016\/03\/stend.jpg 1300w\" alt=\"stend\" width=\"300\" height=\"224\" \/><\/a><\/p>\n<\/div>\n<header class=\"entry-header\">\n<div class=\"entry-content\">\n<div class=\"_1mf _1mj\" data-offset-key=\"cki46-0-0\">\n<div class=\"_1mf _1mj\" data-offset-key=\"cki46-0-0\"><\/div>\n<p><strong>Teadmiseks:\u00a0<\/strong>Muraste igan\u00e4dalase e-infokirjaga liitumiseks saada sellekohane teade muraste@muraste.ee<br \/>\n<strong>Muraste kogukonnakeskus\u00a0<\/strong>(Lee tee 9, Muraste) avatud E-N 10 -18, R ja muudel aegadel vastavalt tegevustele<br \/>\n<strong>T\u00e4psustused ja info:<\/strong>\u00a0kogukonnakeskus@muraste.ee;\u00a05253128 (Aule Kikas).<\/p>\n<p>&nbsp;<\/p>\n<\/div>\n<\/div>\n<\/header>\n<p>&nbsp;<\/p>\n<\/div>\n","protected":false},"excerpt":{"rendered":"<p>N\u00e4dal 4 Murastes * AT- koolimaja aatrium, SP- spordihoone; KO-kogukonnakeskus; \u00a0 KL- klassiruum; PS \u2013 peegelsaal; SS- s\u00f6\u00f6gisaal, LS- lavasaal, MR- meediaruum Esmasp\u00e4ev, 21. jaanuar kl 14.40 KO,\u00a0Fa Stuudio kandlering (lapsed, algajad) kl 16.15 SP,\u00a0Judoklubi \u201cAitado\u201d\u00a0Judo\u00a0(alustajad ja uuesti alustajad). \u00a0(www.aitado.ee, Edward, tel 58053039) NB! 7-9 aastased spordis\u00f5brad, veel on vabu kohti treeningr\u00fchmaga liitumiseks!\u00a0kl 17.30 KO,<a class=\"moretag\" href=\"https:\/\/muraste.ee\/vana\/?page_id=6735\"><br \/>&#8230;Loe edasi<\/a><\/p>\n","protected":false},"author":2,"featured_media":0,"parent":0,"menu_order":0,"comment_status":"closed","ping_status":"closed","template":"nadalakava.php","meta":{"_bbp_topic_count":0,"_bbp_reply_count":0,"_bbp_total_topic_count":0,"_bbp_total_reply_count":0,"_bbp_voice_count":0,"_bbp_anonymous_reply_count":0,"_bbp_topic_count_hidden":0,"_bbp_reply_count_hidden":0,"_bbp_forum_subforum_count":0,"_mc_calendar":[]},"_links":{"self":[{"href":"https:\/\/muraste.ee\/vana\/index.php?rest_route=\/wp\/v2\/pages\/6735"}],"collection":[{"href":"https:\/\/muraste.ee\/vana\/index.php?rest_route=\/wp\/v2\/pages"}],"about":[{"href":"https:\/\/muraste.ee\/vana\/index.php?rest_route=\/wp\/v2\/types\/page"}],"author":[{"embeddable":true,"href":"https:\/\/muraste.ee\/vana\/index.php?rest_route=\/wp\/v2\/users\/2"}],"replies":[{"embeddable":true,"href":"https:\/\/muraste.ee\/vana\/index.php?rest_route=%2Fwp%2Fv2%2Fcomments&post=6735"}],"version-history":[{"count":1,"href":"https:\/\/muraste.ee\/vana\/index.php?rest_route=\/wp\/v2\/pages\/6735\/revisions"}],"predecessor-version":[{"id":6737,"href":"https:\/\/muraste.ee\/vana\/index.php?rest_route=\/wp\/v2\/pages\/6735\/revisions\/6737"}],"wp:attachment":[{"href":"https:\/\/muraste.ee\/vana\/index.php?rest_route=%2Fwp%2Fv2%2Fmedia&parent=6735"}],"curies":[{"name":"wp","href":"https:\/\/api.w.org\/{rel}","templated":true}]}}