{"id":6760,"date":"2019-02-03T16:07:00","date_gmt":"2019-02-03T14:07:00","guid":{"rendered":"https:\/\/muraste.ee\/vana\/?page_id=6760"},"modified":"2019-02-03T17:11:23","modified_gmt":"2019-02-03T15:11:23","slug":"6760-2","status":"publish","type":"page","link":"https:\/\/muraste.ee\/vana\/?page_id=6760","title":{"rendered":"N\u00e4dal 5"},"content":{"rendered":"<h1 class=\"entry-title\"><a href=\"https:\/\/muraste.ee\/vana\/wp-content\/uploads\/2019\/01\/kut2.jpg\" rel=\"attachment wp-att-6689\"><img decoding=\"async\" loading=\"lazy\" class=\"alignnone size-large wp-image-6689\" src=\"https:\/\/muraste.ee\/vana\/wp-content\/uploads\/2019\/01\/kut2-1024x454.jpg\" alt=\"kut2\" width=\"625\" height=\"277\" srcset=\"https:\/\/muraste.ee\/vana\/wp-content\/uploads\/2019\/01\/kut2-1024x454.jpg 1024w, https:\/\/muraste.ee\/vana\/wp-content\/uploads\/2019\/01\/kut2-300x133.jpg 300w, https:\/\/muraste.ee\/vana\/wp-content\/uploads\/2019\/01\/kut2-768x341.jpg 768w, https:\/\/muraste.ee\/vana\/wp-content\/uploads\/2019\/01\/kut2-624x277.jpg 624w, https:\/\/muraste.ee\/vana\/wp-content\/uploads\/2019\/01\/kut2.jpg 2048w\" sizes=\"(max-width: 625px) 100vw, 625px\" \/><\/a>N\u00e4dal 5\u00a0Murastes<\/h1>\n<div class=\"entry-content\">\n<header class=\"entry-header\">\n<div class=\"entry-content\">\n<div id=\"js_bfj\" class=\"_5pbx userContent _3576\" data-ad-preview=\"message\" data-ft=\"{&quot;tn&quot;:&quot;K&quot;}\">\n<div class=\"entry-content\">\n<p><em>* AT- koolimaja aatrium, SP- spordihoone; KO-kogukonnakeskus; \u00a0 KL- klassiruum; PS \u2013 peegelsaal; SS- s\u00f6\u00f6gisaal, LS- lavasaal, MR- meediaruum<\/em><\/p>\n<p><strong>Esmasp\u00e4ev, 28. jaanuar<br \/>\n<\/strong>kl 14.40 KO,\u00a0<strong>Fa Stuudio kandlering<\/strong> (lapsed, algajad)<br \/>\nkl 16.15 SP,\u00a0<strong>Judoklubi \u201cAitado\u201d\u00a0Judo<\/strong>\u00a0(alustajad ja uuesti alustajad). \u00a0(www.aitado.ee, Edward, tel 58053039) NB! 7-9 aastased spordis\u00f5brad, veel on vabu kohti treeningr\u00fchmaga liitumiseks!\u00a0kl 17.30 KO, <strong>V\u00e4ikekandleansambel LiULi <\/strong><em>(p\u00f5hikoosseis)<br \/>\n<\/em>kl 17.45 SP,\u00a0<strong>Judoklubi \u201cAitado\u201d\u00a0Judo<\/strong>\u00a0(edasij\u00f5udnud. \u00a0(www.aitado.ee, treener Edward, tel 58053039)<a href=\"https:\/\/muraste.ee\/vana\/wp-content\/uploads\/2016\/03\/kooli.jpg\" rel=\"attachment wp-att-6730\"><img decoding=\"async\" loading=\"lazy\" class=\"wp-image-6730 size-medium alignright\" src=\"https:\/\/muraste.ee\/vana\/wp-content\/uploads\/2016\/03\/kooli-300x225.jpg\" sizes=\"(max-width: 300px) 100vw, 300px\" srcset=\"https:\/\/muraste.ee\/vana\/wp-content\/uploads\/2016\/03\/kooli-300x225.jpg 300w, https:\/\/muraste.ee\/vana\/wp-content\/uploads\/2016\/03\/kooli-768x576.jpg 768w, https:\/\/muraste.ee\/vana\/wp-content\/uploads\/2016\/03\/kooli-624x468.jpg 624w, https:\/\/muraste.ee\/vana\/wp-content\/uploads\/2016\/03\/kooli.jpg 960w\" alt=\"kooli\" width=\"300\" height=\"225\" \/><\/a><br \/>\nkl 19 AT, \u00a0<strong>Suurupi naiskoor Meretule <\/strong><em>\u00a0(ettelaulmisel)<br \/>\n<\/em>kl 19 KO, <strong>V\u00e4ikekandleansambel LiULi<\/strong>\u00a0<em>(t\u00e4iskasvanud, algajate grupp, \u00fcle n\u00e4dala)<br \/>\n<\/em><br \/>\nkl 18.00\u00a0AT, <strong>UUS! A<strong>rutlelu Muraste Kooli 9-klassiliseks<\/strong> kasvamise teemal. <\/strong>Korraldab Muraste Kooli hoolekogu.<\/p>\n<p><strong>Teisip\u00e4ev, 29.\u00a0jaanuar<br \/>\n<\/strong>kl 14.40 KO, Fa Stuudio <strong>fl\u00f6\u00f6diring<br \/>\n<\/strong>kl 18.30 KL,\u00a0<strong>Inglise keele kursus \u00a0<\/strong>(kesktase B 1.2).\u00a0Lisainfo \u00a0juhendajalt tel 56575575 v\u00f5i marethein@gmail.com (Maret Hein).<br \/>\nkl 19.15 SP, <strong>UUS AEG!<\/strong>\u00a0<strong>V\u00f5rkpall<br \/>\n<\/strong>kl 18.30 PS, <strong>SELTSKONNATANTSU J\u00c4TKUKURSUS<br \/>\n<\/strong>kl 19.45 PS,\u00a0<strong>Seltskonnatantsude harjutustund<\/strong>\u2013 v\u00f5imalus \u00f5pitut kinnistada ja toredas seltskonnas jalga keerutada.<\/p>\n<\/div>\n<div class=\"entry-content\">\n<header class=\"entry-header\">\n<div class=\"entry-content\">\n<p><strong>kl 19, AT, UUS!\u00a0\u00a0<a href=\"https:\/\/muraste.ee\/vana\/?p=6682\" target=\"_blank\"><strong>ERAKONDADE VALIMISDEBATT<\/strong>\u00a0<\/a><br \/>\n<\/strong><em><strong>Debatil osalevad:<\/strong> Marina Kaljurand \u2013 Sotsiaaldemokraatlik Erakond;\u00a0<\/em><em>Kalle Palling \u2013 Eesti Reformierakond;\u00a0<\/em><em>Artur Talvik \u2013 Elurikkuse Erakond;<\/em>\u00a0<em>Toomas Vitsut \u2013 Eesti Keskerakond;\u00a0<\/em><em>Jakko V\u00e4li \u2013 Erakond Eestimaa Rohelised;\u00a0<\/em><em>Henn P\u00f5lluaas \u2013 Eesti Konservatiivne Rahvaerakond;\u00a0<\/em><em>Taavi Toom \u2013 Erakond Eesti 200,<\/em>\u00a0<em>Toomas T\u00f5niste \u2013 Isamaa Erakond;\u00a0<\/em>Raivo Kokser \u2013 Eesti Vabaerakond.<br \/>\n<em><strong>Debatti juhib<\/strong> ajakirjanik ja poliitika gurmaan Toomas Sildam.<\/em><br \/>\n<strong><a href=\"https:\/\/muraste.ee\/vana\/wp-content\/uploads\/2019\/01\/kut2.jpg\" rel=\"attachment wp-att-6689\"><img decoding=\"async\" loading=\"lazy\" class=\"alignnone size-large wp-image-6689\" src=\"https:\/\/muraste.ee\/vana\/wp-content\/uploads\/2019\/01\/kut2-1024x454.jpg\" sizes=\"(max-width: 625px) 100vw, 625px\" srcset=\"https:\/\/muraste.ee\/vana\/wp-content\/uploads\/2019\/01\/kut2-300x133.jpg 300w, https:\/\/muraste.ee\/vana\/wp-content\/uploads\/2019\/01\/kut2-768x341.jpg 768w, https:\/\/muraste.ee\/vana\/wp-content\/uploads\/2019\/01\/kut2-1024x454.jpg 1024w, https:\/\/muraste.ee\/vana\/wp-content\/uploads\/2019\/01\/kut2-624x277.jpg 624w\" alt=\"kut2\" width=\"625\" height=\"277\" \/><\/a><\/strong><strong><br \/>\n<\/strong><\/p>\n<p><strong><a href=\"https:\/\/muraste.ee\/vana\/wp-content\/uploads\/2016\/03\/revalia_muraste_A4-1.jpg\" rel=\"attachment wp-att-6523\"><img decoding=\"async\" loading=\"lazy\" class=\"wp-image-6523 size-medium alignright\" src=\"https:\/\/muraste.ee\/vana\/wp-content\/uploads\/2016\/03\/revalia_muraste_A4-1-212x300.jpg\" sizes=\"(max-width: 212px) 100vw, 212px\" srcset=\"https:\/\/muraste.ee\/vana\/wp-content\/uploads\/2016\/03\/revalia_muraste_A4-1-212x300.jpg 212w, https:\/\/muraste.ee\/vana\/wp-content\/uploads\/2016\/03\/revalia_muraste_A4-1.jpg 595w\" alt=\"revalia_muraste_A4\" width=\"212\" height=\"300\" \/><\/a><\/strong><\/p>\n<p><strong>Kolmap\u00e4ev, 30. jaanuar<br \/>\n<\/strong>kl 14.40 KO, Fa Stuudio <strong>kandlering<\/strong> (lapsed, edasij\u00f5udnud)<br \/>\nkl 15 AT,\u00a0<strong>Showtants &amp; cheerleading<\/strong>. Lisainfo bron@prodance.ee, tel 55577821<br \/>\nkl 16.15 SP,\u00a0Judoklubi \u201cAitado\u201d\u00a0<strong>Judo<\/strong>\u00a0(alustajad ja uuesti alustajad). \u00a0(www.aitado.ee, Edward, tel 58053039)\u00a0NB! 7-9 aastased spordis\u00f5brad, veel on vabu kohti treeningr\u00fchmaga liitumiseks!<br \/>\nkl 17 KL, <strong><a href=\"https:\/\/muraste.ee\/vana\/?p=5969\" target=\"_blank\">MUDELISMIRING<\/a> <\/strong>algajatele. Juhendab Andres Madissoo<br \/>\nkl 18.15 KL, <strong><a href=\"https:\/\/muraste.ee\/vana\/?p=5969\" target=\"_blank\">MUDELISMIRING<\/a><\/strong> edasij\u00f5udnutele. Juhendab Andres Madissoo<br \/>\nkl 17.45 SP,\u00a0Judoklubi \u201cAitado\u201d\u00a0<strong>Judo<\/strong>\u00a0(edasij\u00f5udnud. \u00a0(www.aitado.ee, treener Edward, tel 58053039)<br \/>\nkl 18 PS,\u00a0<strong><a href=\"https:\/\/muraste.ee\/vana\/?p=6090\" target=\"_blank\">Line-tants<\/a>!<\/strong>\u00a0<strong>NB!<\/strong>\u00a0<strong>K\u00f5ik uued ja senised tantsijad on oodatud!<br \/>\n<\/strong>kl 19 KL, \u00a0<strong>Inglise keele kursus<\/strong>\u00a0(algtase A2) uuesti alustajatele ja algajatele. Lisainfo \u00a0juhendajalt tel 56575575 v\u00f5i marethein@gmail.com (Maret Hein).<br \/>\nkl 19.30 PS, <strong>Harku Harakad<\/strong> tanstuproov<br \/>\nkl 19.30 SP,\u00a0<strong>\u00dcldkehalise ettevalmistuse treening.\u00a0<\/strong>Lisainfo:\u00a0<a href=\"http:\/\/motokrossipisik.eu\/saalitrennid\/\" target=\"_blank\" rel=\"noopener nofollow\" data-ft=\"{&quot;tn&quot;:&quot;-U&quot;}\" data-lynx-mode=\"async\" data-lynx-uri=\"https:\/\/l.facebook.com\/l.php?u=http%3A%2F%2Fmotokrossipisik.eu%2Fsaalitrennid%2F&amp;h=ATMtTHYPByHFd3Ejb-M_bw3_McwWuVo6SD2thhdIQy0F3YVpA_h8WkckKLGErB5uFSUlktLr926FwJ0TEtQ-jB1FBraRjZFjM3beY2s_WKOJD6YfrxE6Mt1hjwfw9ksYAGjgdHZC18BIeDnAuwSsYczTILfnnMLOzQF24cH3R6VS26raqEtS2BUg7_WQqbEtEpxp1xS_pyotI8RQyh4c32tfhGm_t2n7ldi5cdnf0XZ3A7pBLlADRaD37BfrOmuJ2do5HhcLCgaUhRx9NIHS07XqH95qhCVLIPfFZlqnktc\">http:\/\/motokrossipisik.eu\/saalitrennid\/<\/a>, hannes@motokrossipisik.ee, telefon 5296556<\/p>\n<div id=\"js_bfj\" class=\"_5pbx userContent _3576\" data-ad-preview=\"message\" data-ft=\"{&quot;tn&quot;:&quot;K&quot;}\">\n<p><strong>Neljap\u00e4ev, 31. jaanuar<\/strong><em><br \/>\n<\/em>kl 13.40 \u2013 (18.15) KO, <strong>Triinu laulustuudio<br \/>\n<\/strong>kl\u00a019.00\u00a0KO,\u00a0<strong>Inglise keele\u00a0kursus<\/strong> edasij\u00f5udnutele\u00a0(eel-kesktase B 1.1) \u00a0Lisainfo \u00a0juhendajalt tel 56575575 v\u00f5i marethein@gmail.com (Maret Hein).<br \/>\nkl 18 KO, Naiskodukaitse Harku jaoskonna koosolek<br \/>\nkl 18.30 LS, <strong>N\u00c4ITERING, <\/strong>juhendab Anne Veesaar.<\/p>\n<\/div>\n<p><strong>REEDE, 1. veebruar<\/strong><br \/>\nkl 15 T,\u00a0<strong>Showtants &amp; cheerleading<\/strong>. Lisainfo bron@prodance.ee, tel 55577821<br \/>\nkl 17.45 SP,\u00a0<strong>Judoklubi \u201cAitado\u201d\u00a0Judo<\/strong>\u00a0(edasij\u00f5udnud. \u00a0(www.aitado.ee, treener Edward, tel 58053039)<\/p>\n<p>kl 19 KO,\u00a0<strong>UUS<\/strong>!\u00a0Filmi\u00f5htu: <strong><a href=\"https:\/\/www.youtube.com\/watch?v=RAHctGYYuWE\" target=\"_blank\">L\u00d5BUS PEREKOND<br \/>\n<\/a><\/strong><em>Artur (Armen Aru\u0161anjan) unistab salamahti filmitegija karj\u00e4\u00e4rist. Salamahti, sest tema vanaisa arvates on just Artur \u00f5ige mees \u00fcle v\u00f5tma perekonna veini\u00e4ri. Kui aga sedasama \u00e4ri \u00e4hvardab eelseisva suurtehingu eel krahh eestlasest veinieksperdi blogis ilmunud h\u00e4vitava kriitika t\u00f5ttu, n\u00f5ustub Artur s\u00f5itma Tallinna, et raske olukord lahendada. Ja kohtuda sealsamas ka tema kirjutatud stsenaariumi vastu huvi tundnud produtsendiga. Veel enne, kui Artur j\u00f5uab vihatud veiniblogija \u00fcles leida, satub tema teele iseteadlik, terava keele ja plahvatusliku temperamendiga ettekandja Ingrid (Saara Kadak). \u2026ja s\u00fcndmused v\u00f5tavad sootuks uue suuna. Oma osa tekkinud segadustesse lisavad Arturi s\u00f5brad, flegmaatilisest eestlasest ja temperamentsest armeenlasest koosnev politseiniketandem (Mattias Naan ja Tigran Gevorkjan), veiniblogija paranoiline naabrinaine ja mitu kilo valearusaamu, ennatlikke otsuseid, identiteetide segiajamisi ja \u00fcks eriti osav perekoer. Temperamendid m\u00f6llavad ja Artur saab aru, et pilkav v\u00e4ljend \u201egorjat\u0161ie estonskie parni\u201c v\u00f5ib ju kehtida kohalike kuttide, kuid kindlasti mitte Ingridi kohta\u2026<\/em><strong><a href=\"https:\/\/www.youtube.com\/watch?v=RAHctGYYuWE\" target=\"_blank\"><br \/>\n<\/a><\/strong><\/p>\n<p><a href=\"https:\/\/muraste.ee\/vana\/wp-content\/uploads\/2016\/03\/perekond.jpg\" rel=\"attachment wp-att-6739\"><img decoding=\"async\" loading=\"lazy\" class=\"alignnone size-full wp-image-6739\" src=\"https:\/\/muraste.ee\/vana\/wp-content\/uploads\/2016\/03\/perekond.jpg\" sizes=\"(max-width: 670px) 100vw, 670px\" srcset=\"https:\/\/muraste.ee\/vana\/wp-content\/uploads\/2016\/03\/perekond-300x112.jpg 300w, https:\/\/muraste.ee\/vana\/wp-content\/uploads\/2016\/03\/perekond-624x233.jpg 624w, https:\/\/muraste.ee\/vana\/wp-content\/uploads\/2016\/03\/perekond.jpg 670w\" alt=\"perekond\" width=\"670\" height=\"250\" \/><\/a><\/p>\n<div id=\"js_bfj\" class=\"_5pbx userContent _3576\" data-ad-preview=\"message\" data-ft=\"{&quot;tn&quot;:&quot;K&quot;}\">\n<p><strong>Laup\u00e4ev, 2.\u00a0veebruar<br \/>\n<\/strong>Meie esindaja osaleb: Kultuurikorraldajate \u00fcmarlaud Viljandis<\/p>\n<p><strong>P\u00fchap\u00e4ev, 3. jaanuar<br \/>\n<\/strong>kl 10.00\u00a0KO,\u00a0v\u00e4ikekandleansambel LiULi proov<\/p>\n<p><strong>TULEKUL!<br \/>\n<\/strong><\/p>\n<p>R, 1. veebruar kell 19\u00a0Filmi\u00f5htu\u00a0<strong><strong><strong><strong><a href=\"https:\/\/www.youtube.com\/watch?v=RAHctGYYuWE\" target=\"_blank\">L\u00d5BUS PEREKOND<\/a><\/strong><\/strong><\/strong><\/strong><br \/>\nK, 6. veebruar kell 18.30 KO, <strong>Kohviklubi \/ juhatuse avatud koosolek<\/strong><br \/>\nK, 6. veebruar kell 18 KL,<strong> <a href=\"https:\/\/muraste.ee\/vana\/?p=5843\" target=\"_blank\">Lilleseadekursus<\/a><\/strong> (Loodusdisain puukoorega)<br \/>\nR,\u00a08. veebruar<strong><strong><strong><strong> <strong><a href=\"https:\/\/www.youtube.com\/watch?v=aWDdiYrSRDs\" target=\"_blank\">Klassikokkutulek III<\/a><\/strong><\/strong><\/strong><\/strong><\/strong><br \/>\n<a href=\"https:\/\/muraste.ee\/vana\/wp-content\/uploads\/2016\/03\/Klassikakontsert-Muraste.jpg\" rel=\"attachment wp-att-6729\"><img decoding=\"async\" loading=\"lazy\" class=\"wp-image-6729 size-medium alignright\" src=\"https:\/\/muraste.ee\/vana\/wp-content\/uploads\/2016\/03\/Klassikakontsert-Muraste-212x300.jpg\" sizes=\"(max-width: 212px) 100vw, 212px\" srcset=\"https:\/\/muraste.ee\/vana\/wp-content\/uploads\/2016\/03\/Klassikakontsert-Muraste-212x300.jpg 212w, https:\/\/muraste.ee\/vana\/wp-content\/uploads\/2016\/03\/Klassikakontsert-Muraste-768x1086.jpg 768w, https:\/\/muraste.ee\/vana\/wp-content\/uploads\/2016\/03\/Klassikakontsert-Muraste-724x1024.jpg 724w, https:\/\/muraste.ee\/vana\/wp-content\/uploads\/2016\/03\/Klassikakontsert-Muraste-624x883.jpg 624w, https:\/\/muraste.ee\/vana\/wp-content\/uploads\/2016\/03\/Klassikakontsert-Muraste.jpg 1587w\" alt=\"Klassikakontsert Muraste\" width=\"212\" height=\"300\" \/><\/a><\/p>\n<p>L, 9. veebruar AT, \u00a0<strong><a href=\"http:\/\/orkester.ee\/et\/tallinna-tehnikaulikooli-puhkpilliorkestri-klassikakontsert\/\" target=\"_blank\">TT\u00dc puhkpilliorkestri kontsert\u00a0<\/a>\u00a0<\/strong><em>Alanud aasta esimesel kontserdil esitab Tallinna Tehnika\u00fclikooli Puhkpilliorkester klassikalise muusikavaramu suurheliloojate tuntud teoseid.\u00a0Laulupeo juubeliaastal teeb orkester kummarduse heliloojatele, kellega otsene kokkupuude v\u00f5i kelle muusika on m\u00f5jutanud mitmeid Eesti heliloojaid ning nende loomingulisi suundumusi.\u00a0N\u00e4iteks on legendaarse Nikolai Rimski-Korsakovi nime kandev Peterburi Riiklik Konservatoorium alusp\u00f5hjaks Eesti esimeste professionaalsete heliloojate v\u00e4ljakujunemisel.\u00a0Kavas on E. Elgar, J. Strauss, L. Delibes, P. T\u0161aikovski, D. \u0160ostakovit\u0161, N. Rimski-Korsakov teosed.\u00a0Suurep\u00e4rane muusika, mis meie klassikakontserdil seekord k\u00f5lamas, annab hea v\u00f5imaluse m\u00f5tisklusteks, uitamisteks ja m\u00f5tter\u00e4nnakutekski. Ootame kontserdile!\u00a0<a href=\"https:\/\/muraste.ee\/vana\/wp-content\/uploads\/2016\/03\/sirelid.jpg\" rel=\"attachment wp-att-6706\"><img decoding=\"async\" loading=\"lazy\" class=\"wp-image-6706 size-medium alignleft\" src=\"https:\/\/muraste.ee\/vana\/wp-content\/uploads\/2016\/03\/sirelid-300x169.jpg\" sizes=\"(max-width: 300px) 100vw, 300px\" srcset=\"https:\/\/muraste.ee\/vana\/wp-content\/uploads\/2016\/03\/sirelid-300x169.jpg 300w, https:\/\/muraste.ee\/vana\/wp-content\/uploads\/2016\/03\/sirelid-768x432.jpg 768w, https:\/\/muraste.ee\/vana\/wp-content\/uploads\/2016\/03\/sirelid-624x351.jpg 624w, https:\/\/muraste.ee\/vana\/wp-content\/uploads\/2016\/03\/sirelid-128x72.jpg 128w, https:\/\/muraste.ee\/vana\/wp-content\/uploads\/2016\/03\/sirelid.jpg 960w\" alt=\"sirelid\" width=\"300\" height=\"169\" \/><\/a><\/em><\/p>\n<p>T, 12. veebruar kell 18.30 KO,<strong> Lihtne ja l\u00f5bus maalimis\u00f5htu<\/strong> (wt lisa www.veinjapintsel.ee)<br \/>\nR, 15. veebruar\u00a0kell 18.30 AT, Filmi\u00f5htu\u00a0<strong><strong><strong><strong><a href=\"https:\/\/www.youtube.com\/watch?v=uLeq78OpQPw\" target=\"_blank\"><strong>MAADEAVASTAJA PULKSON<\/strong><\/a><\/strong><\/strong><\/strong><\/strong><br \/>\nL, 16. veebruar kell 14 AT,<strong> UUS!\u00a0Kontsert: Laulu pidu meie k\u00fclas <\/strong>(vt lisa plakatilt)<\/p>\n<p>T, 19. veebruaril kell 16.30 <strong>L\u00e4hme k\u00fclla!<\/strong> <strong>Pidulik kontsert Harku valla pension\u00e4ridele.<\/strong>Kontsert toimub Tabasalu \u00dchisg\u00fcmnaasiumis, \u00fcritust korraldab Harku vallavalitsus. \u00a0<a href=\"https:\/\/muraste.ee\/vana\/wp-content\/uploads\/2016\/03\/pension\u00c3\u00a4ride-pidu-page-0.jpg\" rel=\"attachment wp-att-6757\"><img decoding=\"async\" loading=\"lazy\" class=\"alignnone size-large wp-image-6757\" src=\"https:\/\/muraste.ee\/vana\/wp-content\/uploads\/2016\/03\/pension\u00c3\u00a4ride-pidu-page-0-724x1024.jpg\" sizes=\"(max-width: 625px) 100vw, 625px\" srcset=\"https:\/\/muraste.ee\/vana\/wp-content\/uploads\/2016\/03\/pension\u00c3\u00a4ride-pidu-page-0-212x300.jpg 212w, https:\/\/muraste.ee\/vana\/wp-content\/uploads\/2016\/03\/pension\u00c3\u00a4ride-pidu-page-0-768x1086.jpg 768w, https:\/\/muraste.ee\/vana\/wp-content\/uploads\/2016\/03\/pension\u00c3\u00a4ride-pidu-page-0-724x1024.jpg 724w, https:\/\/muraste.ee\/vana\/wp-content\/uploads\/2016\/03\/pension\u00c3\u00a4ride-pidu-page-0-624x883.jpg 624w\" alt=\"pension\u00c3\u00a4ride pidu-page-0\" width=\"625\" height=\"884\" \/><\/a><br \/>\nK, 20. veebruar kell 18 KL, <a href=\"https:\/\/muraste.ee\/vana\/?p=5843\" target=\"_blank\"><strong>Lilleseadekursus<\/strong> <\/a>(Lillede\/okste vaasi asetamise alternatiivtehnikad)<\/p>\n<p><a href=\"https:\/\/muraste.ee\/vana\/wp-content\/uploads\/2016\/03\/Kontsert_16.02.2019_FB_plakatid.png\" rel=\"attachment wp-att-6753\"><img decoding=\"async\" loading=\"lazy\" class=\"alignnone size-full wp-image-6753\" src=\"https:\/\/muraste.ee\/vana\/wp-content\/uploads\/2016\/03\/Kontsert_16.02.2019_FB_plakatid.png\" sizes=\"(max-width: 806px) 100vw, 806px\" srcset=\"https:\/\/muraste.ee\/vana\/wp-content\/uploads\/2016\/03\/Kontsert_16.02.2019_FB_plakatid-300x224.png 300w, https:\/\/muraste.ee\/vana\/wp-content\/uploads\/2016\/03\/Kontsert_16.02.2019_FB_plakatid-768x573.png 768w, https:\/\/muraste.ee\/vana\/wp-content\/uploads\/2016\/03\/Kontsert_16.02.2019_FB_plakatid-624x465.png 624w, https:\/\/muraste.ee\/vana\/wp-content\/uploads\/2016\/03\/Kontsert_16.02.2019_FB_plakatid.png 806w\" alt=\"Kontsert_16.02.2019_FB_plakatid\" width=\"806\" height=\"601\" \/><\/a><br \/>\nR, 22. veebruar kell 19 AT, \u00a0Filmi\u00f5htu\u00a0<strong><strong><strong><strong><strong><a href=\"https:\/\/www.youtube.com\/watch?v=xfVVHm2vK60\" target=\"_blank\">T\u00f5de ja \u00f5igus<br \/>\n<\/a><\/strong><\/strong><\/strong><\/strong><\/strong>L, 23. veebruar kell 19,<strong><strong><strong><strong><strong> Eesti Vabariigi 101 s\u00fcnnip\u00e4eva \u00d6\u00d6MATK<br \/>\n<a href=\"https:\/\/muraste.ee\/vana\/wp-content\/uploads\/2016\/03\/\u00f6\u00f6matk.jpg\" rel=\"attachment wp-att-6755\"><img decoding=\"async\" loading=\"lazy\" class=\"wp-image-6755 size-medium alignright\" src=\"https:\/\/muraste.ee\/vana\/wp-content\/uploads\/2016\/03\/\u00f6\u00f6matk-188x300.jpg\" sizes=\"(max-width: 188px) 100vw, 188px\" srcset=\"https:\/\/muraste.ee\/vana\/wp-content\/uploads\/2016\/03\/\u00f6\u00f6matk-188x300.jpg 188w, https:\/\/muraste.ee\/vana\/wp-content\/uploads\/2016\/03\/\u00f6\u00f6matk-768x1225.jpg 768w, https:\/\/muraste.ee\/vana\/wp-content\/uploads\/2016\/03\/\u00f6\u00f6matk-642x1024.jpg 642w, https:\/\/muraste.ee\/vana\/wp-content\/uploads\/2016\/03\/\u00f6\u00f6matk-624x996.jpg 624w, https:\/\/muraste.ee\/vana\/wp-content\/uploads\/2016\/03\/\u00f6\u00f6matk.jpg 1051w\" alt=\"\u00f6\u00f6matk\" width=\"188\" height=\"300\" \/><\/a><a href=\"https:\/\/www.youtube.com\/watch?v=xfVVHm2vK60\" target=\"_blank\"><br \/>\n<\/a><\/strong><\/strong><\/strong><\/strong><\/strong>K, 6. m\u00e4rts\u00a0kell 18 KL, <a href=\"https:\/\/muraste.ee\/vana\/?p=5843\" target=\"_blank\"><strong>Lilleseadekursus<\/strong><\/a> (lauaseade pikale lauale)<br \/>\nR, 8. \u2013 10. m\u00e4rts koolimaja broneeritud (<em>Leigarite<\/em> laager)<br \/>\nR, 15. m\u00e4rts kell 18.30 AT, \u00a0Filmi\u00f5htu\u00a0<strong><strong><strong><strong><strong><a href=\"https:\/\/etv.err.ee\/v\/kultuurisaated\/op\/videod\/aac57521-3482-433f-be59-6f44665bad19\/riho-undi-ja-kaspar-jancise-koostoos-valmib-uus-nukufilm-morten-lollide-laeval\" target=\"_blank\">Kapten Morten lollide laeval\u00a0<\/a><br \/>\n<\/strong><\/strong><\/strong><\/strong><\/strong>T, 19. m\u00e4rts kell 18.30 PS, <strong>UUS !\u00a0<\/strong>algajate seltskonnatanstu kursus alustab!<br \/>\nK, 20. m\u00e4rts\u00a0kell 18 KL, <a href=\"https:\/\/muraste.ee\/vana\/?p=5843\" target=\"_blank\"><strong>Lilleseadekursus<\/strong><\/a> (lihav\u00f5tteseade punutisele)<br \/>\nR, 22. m\u00e4rts kell 19 \u00a0AT,\u00a0Filmi\u00f5htu\u00a0<strong><strong><strong><strong><a href=\"https:\/\/www.youtube.com\/watch?v=6rtyPwkR5ws\" target=\"_blank\">RAAMATUPOOD<\/a><\/strong><\/strong><\/strong><\/strong><br \/>\nR, 29. m\u00e4rts \u00a0kell 19 \u00a0AT,\u00a0Filmi\u00f5htu\u00a0<strong><a href=\"https:\/\/www.youtube.com\/watch?v=Q_TA04j7Ooo\" target=\"_blank\">Mehed\u00a0<\/a><\/strong><br \/>\nK,\u00a03. aprill\u00a0kell 18 KL, <a href=\"https:\/\/muraste.ee\/vana\/?p=5843\" target=\"_blank\"><strong>Lilleseadekursus<\/strong><\/a> (ema ja lapse kimp)<br \/>\nR, 5. aprill kell 19 AT, Filmi\u00f5htu\u00a0<strong><a href=\"https:\/\/kultuur.postimees.ee\/4312363\/vanamehe-multikast-saab-taispikk-film\" target=\"_blank\">Vanamehe multikas.Hull lehm<\/a><\/strong><br \/>\nL, 13. aprill \u00a0LS, Muraste k\u00fclaseltsi \u00fcldkoosolek (info tulekul)<br \/>\nL, 13. april AT, <strong>UUS!<\/strong> T\u00e4na \u00f5htul:<strong> Ivo linna ja Anti Kammiste<\/strong> (kontsert, info tulekull)<br \/>\nK, 24. aprill\u00a0kell 18 KL, <a href=\"https:\/\/muraste.ee\/vana\/?p=5843\" target=\"_blank\"><strong>Lilleseadekursus<\/strong> <\/a>(l\u00f5put\u00f6\u00f6)<\/p>\n<p><a href=\"https:\/\/muraste.ee\/vana\/wp-content\/uploads\/2016\/03\/revalia_muraste_A4-1.jpg\" rel=\"attachment wp-att-6523\"><img decoding=\"async\" loading=\"lazy\" class=\"alignnone wp-image-6523 size-medium\" src=\"https:\/\/muraste.ee\/vana\/wp-content\/uploads\/2016\/03\/revalia_muraste_A4-1-212x300.jpg\" sizes=\"(max-width: 212px) 100vw, 212px\" srcset=\"https:\/\/muraste.ee\/vana\/wp-content\/uploads\/2016\/03\/revalia_muraste_A4-1-212x300.jpg 212w, https:\/\/muraste.ee\/vana\/wp-content\/uploads\/2016\/03\/revalia_muraste_A4-1.jpg 595w\" alt=\"revalia_muraste_A4\" width=\"212\" height=\"300\" \/><\/a><\/p>\n<p><strong>NB!!! L\u00c4HIAJA FILMIPROGRAMMI<\/strong> N\u00c4EB <strong><a href=\"https:\/\/muraste.ee\/vana\/?page_id=774\" target=\"_blank\">S I I T<\/a><br \/>\n<\/strong><\/p>\n<\/div>\n<\/div>\n<\/header>\n<\/div>\n<\/div>\n<\/div>\n<p>&nbsp;<\/p>\n<p><strong>TEADETETAHVEL<\/strong><\/p>\n<\/header>\n<div class=\"entry-content\">\n<p><a href=\"https:\/\/muraste.ee\/vana\/wp-content\/uploads\/2016\/03\/stend.jpg\" rel=\"attachment wp-att-3740\"><img decoding=\"async\" loading=\"lazy\" class=\"size-medium wp-image-3740 alignright\" src=\"https:\/\/muraste.ee\/vana\/wp-content\/uploads\/2016\/03\/stend-300x224.jpg\" sizes=\"(max-width: 300px) 100vw, 300px\" srcset=\"https:\/\/muraste.ee\/vana\/wp-content\/uploads\/2016\/03\/stend-300x224.jpg 300w, https:\/\/muraste.ee\/vana\/wp-content\/uploads\/2016\/03\/stend-768x572.jpg 768w, https:\/\/muraste.ee\/vana\/wp-content\/uploads\/2016\/03\/stend-1024x763.jpg 1024w, https:\/\/muraste.ee\/vana\/wp-content\/uploads\/2016\/03\/stend-624x465.jpg 624w, https:\/\/muraste.ee\/vana\/wp-content\/uploads\/2016\/03\/stend.jpg 1300w\" alt=\"stend\" width=\"300\" height=\"224\" \/><\/a><\/p>\n<\/div>\n<header class=\"entry-header\">\n<div class=\"entry-content\">\n<div class=\"_1mf _1mj\" data-offset-key=\"cki46-0-0\">\n<p><strong>Teadmiseks:\u00a0<\/strong>Muraste igan\u00e4dalase e-infokirjaga liitumiseks saada sellekohane teade muraste@muraste.ee<br \/>\n<strong>Muraste kogukonnakeskus\u00a0<\/strong>(Lee tee 9, Muraste) avatud E-N 10 -18, R ja muudel aegadel vastavalt tegevustele<br \/>\n<strong>T\u00e4psustused ja info:<\/strong>\u00a0kogukonnakeskus@muraste.ee;\u00a05253128 (Aule Kikas).<\/p>\n<p>&nbsp;<\/p>\n<\/div>\n<\/div>\n<\/header>\n<p>&nbsp;<\/p>\n<\/div>\n","protected":false},"excerpt":{"rendered":"<p>N\u00e4dal 5\u00a0Murastes * AT- koolimaja aatrium, SP- spordihoone; KO-kogukonnakeskus; \u00a0 KL- klassiruum; PS \u2013 peegelsaal; SS- s\u00f6\u00f6gisaal, LS- lavasaal, MR- meediaruum Esmasp\u00e4ev, 28. jaanuar kl 14.40 KO,\u00a0Fa Stuudio kandlering (lapsed, algajad) kl 16.15 SP,\u00a0Judoklubi \u201cAitado\u201d\u00a0Judo\u00a0(alustajad ja uuesti alustajad). \u00a0(www.aitado.ee, Edward, tel 58053039) NB! 7-9 aastased spordis\u00f5brad, veel on vabu kohti treeningr\u00fchmaga liitumiseks!\u00a0kl 17.30 KO, V\u00e4ikekandleansambel<a class=\"moretag\" href=\"https:\/\/muraste.ee\/vana\/?page_id=6760\"><br \/>&#8230;Loe edasi<\/a><\/p>\n","protected":false},"author":2,"featured_media":0,"parent":0,"menu_order":0,"comment_status":"closed","ping_status":"closed","template":"nadalakava.php","meta":{"_bbp_topic_count":0,"_bbp_reply_count":0,"_bbp_total_topic_count":0,"_bbp_total_reply_count":0,"_bbp_voice_count":0,"_bbp_anonymous_reply_count":0,"_bbp_topic_count_hidden":0,"_bbp_reply_count_hidden":0,"_bbp_forum_subforum_count":0,"_mc_calendar":[]},"_links":{"self":[{"href":"https:\/\/muraste.ee\/vana\/index.php?rest_route=\/wp\/v2\/pages\/6760"}],"collection":[{"href":"https:\/\/muraste.ee\/vana\/index.php?rest_route=\/wp\/v2\/pages"}],"about":[{"href":"https:\/\/muraste.ee\/vana\/index.php?rest_route=\/wp\/v2\/types\/page"}],"author":[{"embeddable":true,"href":"https:\/\/muraste.ee\/vana\/index.php?rest_route=\/wp\/v2\/users\/2"}],"replies":[{"embeddable":true,"href":"https:\/\/muraste.ee\/vana\/index.php?rest_route=%2Fwp%2Fv2%2Fcomments&post=6760"}],"version-history":[{"count":2,"href":"https:\/\/muraste.ee\/vana\/index.php?rest_route=\/wp\/v2\/pages\/6760\/revisions"}],"predecessor-version":[{"id":6764,"href":"https:\/\/muraste.ee\/vana\/index.php?rest_route=\/wp\/v2\/pages\/6760\/revisions\/6764"}],"wp:attachment":[{"href":"https:\/\/muraste.ee\/vana\/index.php?rest_route=%2Fwp%2Fv2%2Fmedia&parent=6760"}],"curies":[{"name":"wp","href":"https:\/\/api.w.org\/{rel}","templated":true}]}}