{"id":6840,"date":"2019-02-17T18:13:21","date_gmt":"2019-02-17T16:13:21","guid":{"rendered":"https:\/\/muraste.ee\/vana\/?page_id=6840"},"modified":"2019-02-17T18:13:21","modified_gmt":"2019-02-17T16:13:21","slug":"nadal-7-4","status":"publish","type":"page","link":"https:\/\/muraste.ee\/vana\/?page_id=6840","title":{"rendered":"N\u00e4dal 7"},"content":{"rendered":"<div id=\"primary\" class=\"site-content\">\n<div id=\"content\">\n<article id=\"post-945\" class=\"post-945 page type-page status-publish has-post-thumbnail hentry\">\n<header class=\"entry-header\"><img decoding=\"async\" loading=\"lazy\" class=\"attachment-post-thumbnail size-post-thumbnail wp-post-image\" src=\"https:\/\/muraste.ee\/vana\/wp-content\/uploads\/2016\/03\/sula-624x468.jpg\" sizes=\"(max-width: 624px) 100vw, 624px\" srcset=\"https:\/\/muraste.ee\/vana\/wp-content\/uploads\/2016\/03\/sula-300x225.jpg 300w, https:\/\/muraste.ee\/vana\/wp-content\/uploads\/2016\/03\/sula-768x576.jpg 768w, https:\/\/muraste.ee\/vana\/wp-content\/uploads\/2016\/03\/sula-624x468.jpg 624w, https:\/\/muraste.ee\/vana\/wp-content\/uploads\/2016\/03\/sula.jpg 960w\" alt=\"sula\" width=\"624\" height=\"468\" \/><\/p>\n<h1 class=\"entry-title\"><a href=\"https:\/\/muraste.ee\/vana\/?page_id=945\" rel=\"bookmark\">N\u00e4dalakava<\/a><\/h1>\n<\/header>\n<div class=\"entry-content\">\n<header class=\"entry-header\">\n<h1 class=\"entry-title\">N\u00e4dal 7\u00a0Murastes<\/h1>\n<div class=\"entry-content\">\n<header class=\"entry-header\">\n<div class=\"entry-content\">\n<div id=\"js_bfj\" class=\"_5pbx userContent _3576\" data-ad-preview=\"message\" data-ft=\"{&quot;tn&quot;:&quot;K&quot;}\">\n<div class=\"entry-content\">\n<p><em>* AT- koolimaja aatrium, SP- spordihoone; KO-kogukonnakeskus; \u00a0 KL- klassiruum; PS \u2013 peegelsaal; SS- s\u00f6\u00f6gisaal, LS- lavasaal, MR- meediaruum<\/em><\/p>\n<p><strong>Esmasp\u00e4ev, 11. veebruar<br \/>\n<\/strong>kl 14.40 KO,\u00a0<strong>Fa Stuudio kandlering<\/strong> (lapsed, algajad)<br \/>\nkl 16.15 SP,\u00a0<strong>Judoklubi \u201cAitado\u201d\u00a0Judo<\/strong>\u00a0(alustajad ja uuesti alustajad). \u00a0(www.aitado.ee, Edward, tel 58053039) NB! 7-9 aastased spordis\u00f5brad, veel on vabu kohti treeningr\u00fchmaga liitumiseks!\u00a0kl 17.30 KO, <strong>V\u00e4ikekandleansambel LiULi <\/strong><em>(p\u00f5hikoosseis)<br \/>\n<\/em>kl 17.45 SP,\u00a0<strong>Judoklubi \u201cAitado\u201d\u00a0Judo<\/strong>\u00a0(edasij\u00f5udnud. \u00a0(www.aitado.ee, treener Edward, tel 58053039)<br \/>\nkl 19 AT, \u00a0<strong>Suurupi naiskoor Meretule <\/strong><em><br \/>\n<\/em>kl 19 KO, <strong>V\u00e4ikekandleansambel LiULi<\/strong> \u00a0<em>(t\u00e4iskasvanud, algajate grupp, \u00fcle n\u00e4dala)<\/em><\/p>\n<p><strong>Teisip\u00e4ev, 12.\u00a0veebruar<a href=\"https:\/\/muraste.ee\/vana\/wp-content\/uploads\/2016\/03\/sirelid.jpg\" rel=\"attachment wp-att-6706\"><img decoding=\"async\" loading=\"lazy\" class=\"size-medium wp-image-6706 alignright\" src=\"https:\/\/muraste.ee\/vana\/wp-content\/uploads\/2016\/03\/sirelid-300x169.jpg\" sizes=\"(max-width: 300px) 100vw, 300px\" srcset=\"https:\/\/muraste.ee\/vana\/wp-content\/uploads\/2016\/03\/sirelid-300x169.jpg 300w, https:\/\/muraste.ee\/vana\/wp-content\/uploads\/2016\/03\/sirelid-768x432.jpg 768w, https:\/\/muraste.ee\/vana\/wp-content\/uploads\/2016\/03\/sirelid-624x351.jpg 624w, https:\/\/muraste.ee\/vana\/wp-content\/uploads\/2016\/03\/sirelid-128x72.jpg 128w, https:\/\/muraste.ee\/vana\/wp-content\/uploads\/2016\/03\/sirelid.jpg 960w\" alt=\"sirelid\" width=\"300\" height=\"169\" \/><\/a><\/strong><\/p>\n<p>kl 14.40 KO, Fa Stuudio <strong>fl\u00f6\u00f6diring<br \/>\n<\/strong>kl 18.30 KL,\u00a0<strong>Inglise keele kursus \u00a0<\/strong>(kesktase B 1.2).\u00a0Lisainfo \u00a0juhendajalt tel 56575575 v\u00f5i marethein@gmail.com (Maret Hein).<br \/>\nkl 19.15 SP, <strong>UUS AEG!<\/strong>\u00a0<strong>V\u00f5rkpall<br \/>\n<\/strong>kl 18.30 PS, <strong>Seltskonnatantsu j\u00e4kukursus<br \/>\n<\/strong>kl 18.30 KO,<strong>\u00a0UUS! LIHTNE JA L\u00d5BUS MAALIMIS\u00d5HTU<\/strong>\u00a0(wt lisa<a href=\"https:\/\/veinjapintsel.ee\/event\/sirelid-murastes\/\" target=\"_blank\"> www.veinjapintsel.ee<\/a>)<br \/>\nkl 19.45 PS,\u00a0<strong>Seltskonnatantsude harjutustund<\/strong>\u2013 v\u00f5imalus \u00f5pitut kinnistada ja toredas seltskonnas jalga keerutada.<\/p>\n<\/div>\n<div class=\"entry-content\">\n<header class=\"entry-header\">\n<div class=\"entry-content\">\n<p><strong><a href=\"https:\/\/muraste.ee\/vana\/wp-content\/uploads\/2016\/03\/revalia_muraste_A4-1.jpg\" rel=\"attachment wp-att-6523\"><img decoding=\"async\" loading=\"lazy\" class=\"wp-image-6523 size-medium alignright\" src=\"https:\/\/muraste.ee\/vana\/wp-content\/uploads\/2016\/03\/revalia_muraste_A4-1-212x300.jpg\" sizes=\"(max-width: 212px) 100vw, 212px\" srcset=\"https:\/\/muraste.ee\/vana\/wp-content\/uploads\/2016\/03\/revalia_muraste_A4-1-212x300.jpg 212w, https:\/\/muraste.ee\/vana\/wp-content\/uploads\/2016\/03\/revalia_muraste_A4-1.jpg 595w\" alt=\"revalia_muraste_A4\" width=\"212\" height=\"300\" \/><\/a><\/strong><\/p>\n<p><strong>Kolmap\u00e4ev, 13. veebruar<br \/>\n<\/strong>kl 14.40 KO, Fa Stuudio <strong>kandlering<\/strong> (lapsed, edasij\u00f5udnud)<br \/>\nkl 15 AT,\u00a0<strong>Showtants &amp; cheerleading<\/strong>. Lisainfo bron@prodance.ee, tel 55577821<br \/>\nkl 16.15 SP,\u00a0Judoklubi \u201cAitado\u201d\u00a0<strong>Judo<\/strong>\u00a0(alustajad ja uuesti alustajad). \u00a0(www.aitado.ee, Edward, tel 58053039)\u00a0NB! 7-9 aastased spordis\u00f5brad, veel on vabu kohti treeningr\u00fchmaga liitumiseks!<br \/>\nkl 17 KL, <strong><a href=\"https:\/\/muraste.ee\/vana\/?p=5969\" target=\"_blank\">MUDELISMIRING<\/a> <\/strong>algajatele. Juhendab Andres Madissoo<br \/>\nkl 18.15 KL, <strong><a href=\"https:\/\/muraste.ee\/vana\/?p=5969\" target=\"_blank\">MUDELISMIRING<\/a><\/strong> edasij\u00f5udnutele. Juhendab Andres Madissoo<br \/>\nkl 17.45 SP,\u00a0Judoklubi \u201cAitado\u201d\u00a0<strong>Judo<\/strong>\u00a0(edasij\u00f5udnud. \u00a0(www.aitado.ee, treener Edward, tel 58053039)<br \/>\nkl 18 PS,\u00a0<strong><a href=\"https:\/\/muraste.ee\/vana\/?p=6090\" target=\"_blank\">Line-tants<\/a>!<\/strong>\u00a0<strong>NB!<\/strong>\u00a0<strong>K\u00f5ik uued ja senised tantsijad on oodatud!<br \/>\n<\/strong>kl 19 KL, \u00a0<strong>Inglise keele kursus<\/strong>\u00a0(algtase A2) uuesti alustajatele ja algajatele. Lisainfo \u00a0juhendajalt tel 56575575 v\u00f5i marethein@gmail.com (Maret Hein).<br \/>\nkl 19.30 PS, <strong>Harku Harakad<\/strong> tanstuproov<br \/>\nkl 19.30 SP,\u00a0<strong>\u00dcldkehalise ettevalmistuse treening.\u00a0<\/strong>Lisainfo:\u00a0<a href=\"http:\/\/motokrossipisik.eu\/saalitrennid\/\" target=\"_blank\" rel=\"noopener nofollow\" data-ft=\"{&quot;tn&quot;:&quot;-U&quot;}\" data-lynx-mode=\"async\" data-lynx-uri=\"https:\/\/l.facebook.com\/l.php?u=http%3A%2F%2Fmotokrossipisik.eu%2Fsaalitrennid%2F&amp;h=ATMtTHYPByHFd3Ejb-M_bw3_McwWuVo6SD2thhdIQy0F3YVpA_h8WkckKLGErB5uFSUlktLr926FwJ0TEtQ-jB1FBraRjZFjM3beY2s_WKOJD6YfrxE6Mt1hjwfw9ksYAGjgdHZC18BIeDnAuwSsYczTILfnnMLOzQF24cH3R6VS26raqEtS2BUg7_WQqbEtEpxp1xS_pyotI8RQyh4c32tfhGm_t2n7ldi5cdnf0XZ3A7pBLlADRaD37BfrOmuJ2do5HhcLCgaUhRx9NIHS07XqH95qhCVLIPfFZlqnktc\">http:\/\/motokrossipisik.eu\/saalitrennid\/<\/a>, hannes@motokrossipisik.ee, telefon 5296556<\/p>\n<div id=\"js_bfj\" class=\"_5pbx userContent _3576\" data-ad-preview=\"message\" data-ft=\"{&quot;tn&quot;:&quot;K&quot;}\">\n<p><strong>Neljap\u00e4ev, 14. veebruar<\/strong><em><br \/>\n<\/em>kl 13.40 \u2013 (18.15) KO, <strong>Triinu laulustuudio <\/strong>(juhendab Anett Vaikmaa)<strong><br \/>\n<\/strong>kl\u00a019.00\u00a0KO,\u00a0<strong>Inglise keele\u00a0kursus<\/strong> edasij\u00f5udnutele\u00a0(eel-kesktase B 1.1) \u00a0Lisainfo \u00a0juhendajalt tel 56575575 v\u00f5i marethein@gmail.com (Maret Hein).<br \/>\nkl 17.30 PS, MARANAD tantsuproov<br \/>\nkl 18.30 LS, <strong>N\u00c4ITERING, <\/strong>juhendab Anne Veesaar.<br \/>\n<em>kl 18 Muraste k\u00fclaseltsi esindaja Leader-tegevusgrupi Nelja Valla Kogu \u00fcldkoosolekul Kumna m\u00f5isas<\/em><\/p>\n<\/div>\n<p><strong>REEDE, 15. veebruar<\/strong><br \/>\nkl 15 T,\u00a0<strong>Showtants &amp; cheerleading<\/strong>. Lisainfo bron@prodance.ee, tel 55577821<br \/>\nkl 17.45 SP,\u00a0<strong>Judoklubi \u201cAitado\u201d\u00a0Judo<\/strong>\u00a0(edasij\u00f5udnud. \u00a0(www.aitado.ee, treener Edward, tel 58053039)<br \/>\nkl 18.30\u00a0AT,\u00a0<strong>UUS<\/strong>!\u00a0<strong>Filmi\u00f5htu\u00a0lastele<\/strong>\u00a0<strong><a href=\"https:\/\/www.youtube.com\/watch?v=uLeq78OpQPw\" target=\"_blank\">MAADEAVASTAJA PULKSON<\/a><br \/>\n<\/strong><em><strong>N<\/strong>orra lastefilm \u00abMaadeavastaja Pulkson\u00bb toob ekraanile armsa loo v\u00e4ikesest poisist ja tema kujuteldavast s\u00f5brast.\u00a0V\u00e4ikevennaks h\u00fc\u00fctav poiss\u00a0kolib oma kujuteldava oksaraost s\u00f5bra\u00a0Pulksoni ja perega Norra l\u00e4\u00e4neossa elama ning\u00a0poisil hakkavad m\u00f5ttes m\u00f5lkuma\u00a0suuremat sorti seiklused. Poiss unistab olla polaaruurija, kes ekspeditsioonil lund ja j\u00e4\u00e4d trotsib ning j\u00e4\u00e4bki\u00a0j\u00f5uludeks lund ootama. Miks k\u00fcll sajab nende kodukohas ainult vihma? M\u00e4gedes on seevastu lund k\u00fcllaga ning kui \u00fchel p\u00e4eval kaob poisi s\u00f5ber Pulkson, v\u00f5tab\u00a0poiss salaja ette ohtliku ekspeditsiooni. Isa suundub teda otsima, ent m\u00e4gedes tabab k\u00f5iki lumetorm ning tagatipuks juhtub see k\u00f5ik j\u00f5ulu\u00f5htul\u2026\u00a0Eesti keeles andsid oma h\u00e4\u00e4le tegelastele n\u00e4itlejad\u00a0Tiina Vilu, Priit \u00d6\u00f6vel, Toomas Krall, Kristiine Truu, Kristi Aule, Andrus Kasesalu, Priit Matiisen jt.<br \/>\nFilmi pikkus 1h 13 min;<br \/>\nPilet 3.50\u00a0\/ 5.-<\/em><\/p>\n<p><em><strong><a href=\"https:\/\/muraste.ee\/vana\/wp-content\/uploads\/2016\/03\/seeEstinfilm_Pulkson-Maadeavastaja_670x250.jpg\" rel=\"attachment wp-att-6802\"><img decoding=\"async\" loading=\"lazy\" class=\"alignnone wp-image-6802 size-full\" src=\"https:\/\/muraste.ee\/vana\/wp-content\/uploads\/2016\/03\/seeEstinfilm_Pulkson-Maadeavastaja_670x250.jpg\" sizes=\"(max-width: 670px) 100vw, 670px\" srcset=\"https:\/\/muraste.ee\/vana\/wp-content\/uploads\/2016\/03\/seeEstinfilm_Pulkson-Maadeavastaja_670x250-300x112.jpg 300w, https:\/\/muraste.ee\/vana\/wp-content\/uploads\/2016\/03\/seeEstinfilm_Pulkson-Maadeavastaja_670x250-624x233.jpg 624w, https:\/\/muraste.ee\/vana\/wp-content\/uploads\/2016\/03\/seeEstinfilm_Pulkson-Maadeavastaja_670x250.jpg 670w\" alt=\"seeEstinfilm_Pulkson-Maadeavastaja_670x250\" width=\"670\" height=\"250\" \/><\/a><\/strong><strong><br \/>\n<\/strong><\/em><\/p>\n<p><strong>Laup\u00e4ev, 16.\u00a0veebruar<img decoding=\"async\" loading=\"lazy\" class=\"wp-image-6753 size-medium alignright\" src=\"https:\/\/muraste.ee\/vana\/wp-content\/uploads\/2016\/03\/Kontsert_16.02.2019_FB_plakatid-300x224.png\" sizes=\"(max-width: 300px) 100vw, 300px\" srcset=\"https:\/\/muraste.ee\/vana\/wp-content\/uploads\/2016\/03\/Kontsert_16.02.2019_FB_plakatid-300x224.png 300w, https:\/\/muraste.ee\/vana\/wp-content\/uploads\/2016\/03\/Kontsert_16.02.2019_FB_plakatid-768x573.png 768w, https:\/\/muraste.ee\/vana\/wp-content\/uploads\/2016\/03\/Kontsert_16.02.2019_FB_plakatid-624x465.png 624w, https:\/\/muraste.ee\/vana\/wp-content\/uploads\/2016\/03\/Kontsert_16.02.2019_FB_plakatid.png 806w\" alt=\"Kontsert_16.02.2019_FB_plakatid\" width=\"300\" height=\"224\" \/><br \/>\n<\/strong>kl 14 AT, <strong>UUS! <\/strong>\u00a0<strong>Kontsert: Laulu pidu meie k\u00fclas <\/strong>(vt lisa plakatilt<\/p>\n<p><strong>P\u00fchap\u00e4ev, 17. veebruar<br \/>\n<\/strong>kl 10 \u2013 14 KO, V\u00e4ikekandleansambel LiULi\u00a0proov<br \/>\nkl 11 \u2013 14 AT; mudilaskoori proov<br \/>\n<strong><br \/>\n<\/strong><\/p>\n<p><strong>TULEKUL!\u00a0<\/strong><\/p>\n<p>T, 19. veebruaril kell 16.30 <strong>L\u00e4hme k\u00fclla!<\/strong> <strong>Pidulik kontsert Harku valla pension\u00e4ridele.<a href=\"https:\/\/muraste.ee\/vana\/wp-content\/uploads\/2016\/03\/pension\u00c3\u00a4ride-pidu-page-0.jpg\" rel=\"attachment wp-att-6757\"><img decoding=\"async\" loading=\"lazy\" class=\"size-medium wp-image-6757 alignright\" src=\"https:\/\/muraste.ee\/vana\/wp-content\/uploads\/2016\/03\/pension\u00c3\u00a4ride-pidu-page-0-212x300.jpg\" sizes=\"(max-width: 212px) 100vw, 212px\" srcset=\"https:\/\/muraste.ee\/vana\/wp-content\/uploads\/2016\/03\/pension\u00c3\u00a4ride-pidu-page-0-212x300.jpg 212w, https:\/\/muraste.ee\/vana\/wp-content\/uploads\/2016\/03\/pension\u00c3\u00a4ride-pidu-page-0-768x1086.jpg 768w, https:\/\/muraste.ee\/vana\/wp-content\/uploads\/2016\/03\/pension\u00c3\u00a4ride-pidu-page-0-724x1024.jpg 724w, https:\/\/muraste.ee\/vana\/wp-content\/uploads\/2016\/03\/pension\u00c3\u00a4ride-pidu-page-0-624x883.jpg 624w\" alt=\"pension\u00c3\u00a4ride pidu-page-0\" width=\"212\" height=\"300\" \/><\/a><br \/>\n<\/strong><em>Vallamaja pere on korraldamas toredat isamaaliste emotsioonidega t\u00e4idetud kontserti meie valla eakatele. Noorem rahvas, hoolitsege palun, et info j\u00f5uaks teie vanemateni-vanavanemateni, naabrimemmeni- ja taadini ehk nendeni, kellele pidu on m\u00f5eldud. Oleme t\u00e4nulikud ja hoolivad!\u00a0\u00dcritust korraldab Harku vallavalitsus.<\/em><\/p>\n<div id=\"js_bfj\" class=\"_5pbx userContent _3576\" data-ad-preview=\"message\" data-ft=\"{&quot;tn&quot;:&quot;K&quot;}\">\n<p>K, 20. veebruar kell 18 KL, <a href=\"https:\/\/muraste.ee\/vana\/?p=5843\" target=\"_blank\"><strong>Lilleseadekursus<\/strong> <\/a>(Lillede\/okste vaasi asetamise alternatiivtehnikad)<\/p>\n<p>R, 22. veebruar kell 19 AT, \u00a0Filmi\u00f5htu\u00a0<strong><a href=\"https:\/\/www.youtube.com\/watch?v=xfVVHm2vK60\" target=\"_blank\">T\u00f5de ja \u00f5igus<\/a><br \/>\n<\/strong><\/p>\n<p>L, 23. veebruar kell 19,<strong> Eesti Vabariigi 101 s\u00fcnnip\u00e4eva \u00d6\u00d6MATK<br \/>\n<\/strong><em>Taas l\u00e4heme matkale ja t\u00e4histame \u00fchiselt Eesti Vabariigi s\u00fcnnip\u00e4eva! Kogunemine kl 19 Muraste koolimaja ja kl 19.30 Rannam\u00f5isa kiriku juures. Kaasa lipud ja t\u00f5rvikud, r\u00f5\u00f5mus meel, pere ja s\u00f5brad. Paeplatsil on k\u00f5iki ootamas soe supp ja nii m\u00f5nigi \u00fcllatus. J\u00e4lgige meie teateid<\/em><\/p>\n<p>K, 6. m\u00e4rts\u00a0kell 18 KL, <a href=\"https:\/\/muraste.ee\/vana\/?p=5843\" target=\"_blank\"><strong>Lilleseadekursus<\/strong><\/a> (lauaseade pikale lauale)<br \/>\nR, 8. \u2013 10. m\u00e4rts koolimaja broneeritud (<em>Leigarite<\/em> laager)<br \/>\nR, 15. m\u00e4rts kell 18.30 AT, \u00a0Filmi\u00f5htu\u00a0<strong><a href=\"https:\/\/etv.err.ee\/v\/kultuurisaated\/op\/videod\/aac57521-3482-433f-be59-6f44665bad19\/riho-undi-ja-kaspar-jancise-koostoos-valmib-uus-nukufilm-morten-lollide-laeval\" target=\"_blank\">Kapten Morten lollide laeval<br \/>\n<\/a><\/strong>T, 19. m\u00e4rts kell 18.30 PS, <strong>UUS !\u00a0<\/strong>algajate seltskonnatanstu kursus alustab!<br \/>\nK, 20. m\u00e4rts\u00a0kell 18 KL, <a href=\"https:\/\/muraste.ee\/vana\/?p=5843\" target=\"_blank\"><strong>Lilleseadekursus<\/strong><\/a> (lihav\u00f5tteseade punutisele)<br \/>\nR, 22. m\u00e4rts kell 19 \u00a0AT,\u00a0Filmi\u00f5htu\u00a0<strong><a href=\"https:\/\/www.youtube.com\/watch?v=6rtyPwkR5ws\" target=\"_blank\">RAAMATUPOOD<\/a><\/strong><br \/>\nR, 29. m\u00e4rts \u00a0kell 19 \u00a0AT,\u00a0Filmi\u00f5htu\u00a0<strong><a href=\"https:\/\/www.youtube.com\/watch?v=Q_TA04j7Ooo\" target=\"_blank\">Mehed\u00a0<\/a><\/strong><br \/>\nK,\u00a03. aprill\u00a0kell 18 KL, <a href=\"https:\/\/muraste.ee\/vana\/?p=5843\" target=\"_blank\"><strong>Lilleseadekursus<\/strong><\/a> (ema ja lapse kimp)<br \/>\nR, 5. aprill kell 19 AT, Filmi\u00f5htu\u00a0<strong><a href=\"https:\/\/kultuur.postimees.ee\/4312363\/vanamehe-multikast-saab-taispikk-film\" target=\"_blank\">Vanamehe multikas.Hull lehm<\/a><\/strong><br \/>\nL, 13. aprill \u00a0LS, Muraste k\u00fclaseltsi \u00fcldkoosolek (info tulekul)<br \/>\nL, 13. april AT, <strong>UUS!<\/strong> T\u00e4na \u00f5htul:<strong> Ivo linna ja Anti Kammiste<\/strong> (kontsert, info tulekull)<br \/>\nK, 24. aprill\u00a0kell 18 KL, <a href=\"https:\/\/muraste.ee\/vana\/?p=5843\" target=\"_blank\"><strong>Lilleseadekursus<\/strong> <\/a>(l\u00f5put\u00f6\u00f6)<br \/>\n<strong>NB!!! L\u00c4HIAJA FILMIPROGRAMMI<\/strong> N\u00c4EB <strong><a href=\"https:\/\/muraste.ee\/vana\/?page_id=774\" target=\"_blank\">S I I T<\/a>\u00a0<\/strong><\/p>\n<p><a href=\"https:\/\/muraste.ee\/vana\/wp-content\/uploads\/2016\/03\/\u00f6\u00f6matk.jpg\" rel=\"attachment wp-att-6755\"><img decoding=\"async\" loading=\"lazy\" class=\"alignnone wp-image-6755 size-large\" src=\"https:\/\/muraste.ee\/vana\/wp-content\/uploads\/2016\/03\/\u00f6\u00f6matk-642x1024.jpg\" sizes=\"(max-width: 625px) 100vw, 625px\" srcset=\"https:\/\/muraste.ee\/vana\/wp-content\/uploads\/2016\/03\/\u00f6\u00f6matk-188x300.jpg 188w, https:\/\/muraste.ee\/vana\/wp-content\/uploads\/2016\/03\/\u00f6\u00f6matk-768x1225.jpg 768w, https:\/\/muraste.ee\/vana\/wp-content\/uploads\/2016\/03\/\u00f6\u00f6matk-642x1024.jpg 642w, https:\/\/muraste.ee\/vana\/wp-content\/uploads\/2016\/03\/\u00f6\u00f6matk-624x996.jpg 624w, https:\/\/muraste.ee\/vana\/wp-content\/uploads\/2016\/03\/\u00f6\u00f6matk.jpg 1051w\" alt=\"\u00f6\u00f6matk\" width=\"625\" height=\"997\" \/><\/a><\/p>\n<p><strong>HETK M\u00d6\u00d6DUNUD N\u00c4DALAST.<\/strong><\/p>\n<\/div>\n<\/div>\n<\/header>\n<\/div>\n<\/div>\n<\/div>\n<p>Murastes andis meeleoluka\u00a0\u00a0kontserdi Tallinna Tehnika\u00fclikooli Puhkpilliorkester, esitades klassikalise muusikavaramu suurheliloojate tuntud teoseid. Suurep\u00e4rane muusika andis hea v\u00f5imaluse m\u00f5tisklusteks, uitamisteks ja m\u00f5tter\u00e4nnakutekski. Tuhat t\u00e4nu orkestrile ja meie imetoredale publikule!<\/p>\n<p><a href=\"https:\/\/muraste.ee\/vana\/wp-content\/uploads\/2016\/03\/orkes.jpg\" rel=\"attachment wp-att-6799\"><img decoding=\"async\" loading=\"lazy\" class=\"wp-image-6799 size-full aligncenter\" src=\"https:\/\/muraste.ee\/vana\/wp-content\/uploads\/2016\/03\/orkes.jpg\" sizes=\"(max-width: 480px) 100vw, 480px\" srcset=\"https:\/\/muraste.ee\/vana\/wp-content\/uploads\/2016\/03\/orkes-300x225.jpg 300w, https:\/\/muraste.ee\/vana\/wp-content\/uploads\/2016\/03\/orkes.jpg 480w\" alt=\"orkes\" width=\"480\" height=\"360\" \/><\/a><\/p>\n<p>&nbsp;<\/p>\n<p><strong>VALIMA!\u00a0<img decoding=\"async\" loading=\"lazy\" class=\"wp-image-6817 alignright\" src=\"https:\/\/muraste.ee\/vana\/wp-content\/uploads\/2016\/03\/valimi-212x300.jpg\" sizes=\"(max-width: 106px) 100vw, 106px\" srcset=\"https:\/\/muraste.ee\/vana\/wp-content\/uploads\/2016\/03\/valimi-212x300.jpg 212w, https:\/\/muraste.ee\/vana\/wp-content\/uploads\/2016\/03\/valimi.jpg 543w\" alt=\"valimi\" width=\"106\" height=\"150\" \/><\/strong><\/p>\n<p>Hea Muraste rahvas, \u00e4rme siis unustame, et peatselt toimub uue Riigikogu koosseisu valimine ning et iga h\u00e4\u00e4l loeb, on vaja l\u00e4bi astuda valimisjaoskonnast v\u00f5i kasutada e-h\u00e4\u00e4letuse v\u00f5imalust.<br \/>\nMeie kandi rahva jaoks asub h\u00e4\u00e4letusruum Muraste koolimajas (\u00a0Lee tee 9, Muraste). Eelh\u00e4\u00e4letada saab 25.-27.02.2019 kell 12-20; valimisp\u00e4eval, 3.m\u00e4rtsil on \u00a0valimisjaoskonna h\u00e4\u00e4letusruum avatu kl 9-20.<br \/>\nT\u00e4psem info www.valimised.ee<\/p>\n<p>H\u00e4id valikuid!<br \/>\n<a href=\"https:\/\/muraste.ee\/vana\/wp-content\/uploads\/2016\/03\/valima.jpg\" rel=\"attachment wp-att-6816\"><img decoding=\"async\" loading=\"lazy\" class=\"alignnone wp-image-6816 size-full\" src=\"https:\/\/muraste.ee\/vana\/wp-content\/uploads\/2016\/03\/valima.jpg\" sizes=\"(max-width: 606px) 100vw, 606px\" srcset=\"https:\/\/muraste.ee\/vana\/wp-content\/uploads\/2016\/03\/valima-300x135.jpg 300w, https:\/\/muraste.ee\/vana\/wp-content\/uploads\/2016\/03\/valima.jpg 606w\" alt=\"valima\" width=\"606\" height=\"272\" \/><\/a><\/p>\n<p>&nbsp;<\/p>\n<p><strong>TEADETETAHVEL<\/strong><\/p>\n<\/header>\n<div class=\"entry-content\">\n<p><a href=\"https:\/\/muraste.ee\/vana\/wp-content\/uploads\/2016\/03\/stend.jpg\" rel=\"attachment wp-att-3740\"><img decoding=\"async\" loading=\"lazy\" class=\"size-medium wp-image-3740 alignright\" src=\"https:\/\/muraste.ee\/vana\/wp-content\/uploads\/2016\/03\/stend-300x224.jpg\" sizes=\"(max-width: 300px) 100vw, 300px\" srcset=\"https:\/\/muraste.ee\/vana\/wp-content\/uploads\/2016\/03\/stend-300x224.jpg 300w, https:\/\/muraste.ee\/vana\/wp-content\/uploads\/2016\/03\/stend-768x572.jpg 768w, https:\/\/muraste.ee\/vana\/wp-content\/uploads\/2016\/03\/stend-1024x763.jpg 1024w, https:\/\/muraste.ee\/vana\/wp-content\/uploads\/2016\/03\/stend-624x465.jpg 624w, https:\/\/muraste.ee\/vana\/wp-content\/uploads\/2016\/03\/stend.jpg 1300w\" alt=\"stend\" width=\"300\" height=\"224\" \/><\/a><\/p>\n<\/div>\n<header class=\"entry-header\">\n<div class=\"entry-content\">\n<div class=\"_1mf _1mj\" data-offset-key=\"cki46-0-0\">\n<p><strong>Teadmiseks:\u00a0<\/strong>Muraste igan\u00e4dalase e-infokirjaga liitumiseks saada sellekohane teade muraste@muraste.ee<br \/>\n<strong>Muraste kogukonnakeskus\u00a0<\/strong>(Lee tee 9, Muraste) avatud E-N 10 -18, R ja muudel aegadel vastavalt tegevustele<br \/>\n<strong>T\u00e4psustused ja info:<\/strong>\u00a0kogukonnakeskus@muraste.ee;\u00a05253128 (Aule Kikas).<\/p>\n<p>&nbsp;<\/p>\n<\/div>\n<\/div>\n<\/header>\n<p>&nbsp;<\/p>\n<\/div>\n<\/header>\n<header class=\"entry-header\"><\/header>\n<\/div>\n<\/article>\n<\/div>\n<\/div>\n<div id=\"custom-sidebar\"><\/div>\n","protected":false},"excerpt":{"rendered":"<p>N\u00e4dalakava N\u00e4dal 7\u00a0Murastes * AT- koolimaja aatrium, SP- spordihoone; KO-kogukonnakeskus; \u00a0 KL- klassiruum; PS \u2013 peegelsaal; SS- s\u00f6\u00f6gisaal, LS- lavasaal, MR- meediaruum Esmasp\u00e4ev, 11. veebruar kl 14.40 KO,\u00a0Fa Stuudio kandlering (lapsed, algajad) kl 16.15 SP,\u00a0Judoklubi \u201cAitado\u201d\u00a0Judo\u00a0(alustajad ja uuesti alustajad). \u00a0(www.aitado.ee, Edward, tel 58053039) NB! 7-9 aastased spordis\u00f5brad, veel on vabu kohti treeningr\u00fchmaga liitumiseks!\u00a0kl 17.30 KO,<a class=\"moretag\" href=\"https:\/\/muraste.ee\/vana\/?page_id=6840\"><br \/>&#8230;Loe edasi<\/a><\/p>\n","protected":false},"author":2,"featured_media":0,"parent":0,"menu_order":0,"comment_status":"closed","ping_status":"closed","template":"nadalakava.php","meta":{"_bbp_topic_count":0,"_bbp_reply_count":0,"_bbp_total_topic_count":0,"_bbp_total_reply_count":0,"_bbp_voice_count":0,"_bbp_anonymous_reply_count":0,"_bbp_topic_count_hidden":0,"_bbp_reply_count_hidden":0,"_bbp_forum_subforum_count":0,"_mc_calendar":[]},"_links":{"self":[{"href":"https:\/\/muraste.ee\/vana\/index.php?rest_route=\/wp\/v2\/pages\/6840"}],"collection":[{"href":"https:\/\/muraste.ee\/vana\/index.php?rest_route=\/wp\/v2\/pages"}],"about":[{"href":"https:\/\/muraste.ee\/vana\/index.php?rest_route=\/wp\/v2\/types\/page"}],"author":[{"embeddable":true,"href":"https:\/\/muraste.ee\/vana\/index.php?rest_route=\/wp\/v2\/users\/2"}],"replies":[{"embeddable":true,"href":"https:\/\/muraste.ee\/vana\/index.php?rest_route=%2Fwp%2Fv2%2Fcomments&post=6840"}],"version-history":[{"count":1,"href":"https:\/\/muraste.ee\/vana\/index.php?rest_route=\/wp\/v2\/pages\/6840\/revisions"}],"predecessor-version":[{"id":6842,"href":"https:\/\/muraste.ee\/vana\/index.php?rest_route=\/wp\/v2\/pages\/6840\/revisions\/6842"}],"wp:attachment":[{"href":"https:\/\/muraste.ee\/vana\/index.php?rest_route=%2Fwp%2Fv2%2Fmedia&parent=6840"}],"curies":[{"name":"wp","href":"https:\/\/api.w.org\/{rel}","templated":true}]}}