{"id":6902,"date":"2019-03-09T12:58:42","date_gmt":"2019-03-09T10:58:42","guid":{"rendered":"https:\/\/muraste.ee\/vana\/?page_id=6902"},"modified":"2019-03-09T12:58:42","modified_gmt":"2019-03-09T10:58:42","slug":"nadal-10-5","status":"publish","type":"page","link":"https:\/\/muraste.ee\/vana\/?page_id=6902","title":{"rendered":"N\u00e4dal 10"},"content":{"rendered":"<h1 class=\"entry-title\" style=\"text-align: center;\"><span style=\"color: #ff9900;\">N\u00e4dal 10\u00a0Murastes<\/span><\/h1>\n<div class=\"entry-content\" style=\"text-align: left;\">\n<header class=\"entry-header\">\n<div class=\"entry-content\">\n<div id=\"js_bfj\" class=\"_5pbx userContent _3576\" data-ad-preview=\"message\" data-ft=\"{&quot;tn&quot;:&quot;K&quot;}\">\n<div class=\"entry-content\">\n<p><em>* AT- koolimaja aatrium, SP- spordihoone; KO-kogukonnakeskus; \u00a0 KL- klassiruum; PS \u2013 peegelsaal; SS- s\u00f6\u00f6gisaal, LS- lavasaal, MR- meediaruum<\/em><\/p>\n<p><strong><span style=\"color: #ff9900;\">Esmasp\u00e4ev, 4. m\u00e4rts<\/span><span style=\"color: #000080;\"><br \/>\n<\/span><\/strong>kl 14.40 KO,\u00a0<strong>Fa Stuudio kandlering<\/strong> (lapsed, algajad)<br \/>\nkl 16.15 SP,\u00a0<strong>Judoklubi \u201cAitado\u201d\u00a0Judo<\/strong>\u00a0(alustajad ja uuesti alustajad). \u00a0(www.aitado.ee, Edward, tel 58053039) NB! 7-9 aastased spordis\u00f5brad, veel on vabu kohti treeningr\u00fchmaga liitumiseks!\u00a0kl 17.30 KO, <strong>V\u00e4ikekandleansambel LiULi <\/strong><em>(p\u00f5hikoosseis)<br \/>\n<\/em>kl 17.45 SP,\u00a0<strong>Judoklubi \u201cAitado\u201d\u00a0Judo<\/strong>\u00a0(edasij\u00f5udnud. \u00a0(www.aitado.ee, treener Edward, tel 58053039)<br \/>\nkl 19 AT, \u00a0<strong>Suurupi naiskoor Meretule <\/strong><em><br \/>\n<\/em>kl 19 KO, <strong>V\u00e4ikekandleansambel LiULi<\/strong> \u00a0<em>(t\u00e4iskasvanud, algajate grupp, \u00fcle n\u00e4dala)<\/em><\/p>\n<p><span style=\"color: #ff6600;\"><strong style=\"font-size: 1rem;\"><span style=\"color: #0000ff;\"><span style=\"color: #ff9900;\">Teisip\u00e4ev, 5. m\u00e4rts &#8211; vastlap\u00e4ev\u00a0<a href=\"https:\/\/muraste.ee\/vana\/wp-content\/uploads\/2016\/03\/kukkel.jpg\" rel=\"attachment wp-att-6875\"><img decoding=\"async\" loading=\"lazy\" class=\"size-medium wp-image-6875 alignright\" src=\"https:\/\/muraste.ee\/vana\/wp-content\/uploads\/2016\/03\/kukkel-300x172.jpg\" alt=\"kukkel\" width=\"300\" height=\"172\" srcset=\"https:\/\/muraste.ee\/vana\/wp-content\/uploads\/2016\/03\/kukkel-300x172.jpg 300w, https:\/\/muraste.ee\/vana\/wp-content\/uploads\/2016\/03\/kukkel-768x441.jpg 768w, https:\/\/muraste.ee\/vana\/wp-content\/uploads\/2016\/03\/kukkel-624x358.jpg 624w, https:\/\/muraste.ee\/vana\/wp-content\/uploads\/2016\/03\/kukkel-128x72.jpg 128w, https:\/\/muraste.ee\/vana\/wp-content\/uploads\/2016\/03\/kukkel.jpg 960w\" sizes=\"(max-width: 300px) 100vw, 300px\" \/><\/a><\/span><br \/>\n<\/span><\/strong><\/span><\/p>\n<p>kl 14.40 KO, Fa Stuudio <strong>fl\u00f6\u00f6diring<br \/>\n<\/strong>kl 18.30 KL,\u00a0<strong>Inglise keele kursus \u00a0<\/strong>(kesktase B 1.2).\u00a0Lisainfo \u00a0juhendajalt tel 56575575 v\u00f5i marethein@gmail.com (Maret Hein).<br \/>\nkl 19.15 SP, <span style=\"color: #ff0000;\"><strong>UUS AEG!<\/strong><\/span>\u00a0<strong>V\u00f5rkpall<br \/>\n<\/strong>kl 18.30 PS, <strong>Seltskonnatantsu j\u00e4kukursus<\/strong><br \/>\nkl 19.45 PS,\u00a0<strong>Seltskonnatantsude harjutustund<\/strong>\u2013 v\u00f5imalus \u00f5pitut kinnistada ja toredas seltskonnas jalga keerutada.<br \/>\n<a href=\"https:\/\/muraste.ee\/vana\/wp-content\/uploads\/2016\/03\/05.03-Muraste-Kogukonnakeskus.jpg\" rel=\"attachment wp-att-6882\"><img decoding=\"async\" loading=\"lazy\" class=\"size-medium wp-image-6882 alignleft\" src=\"https:\/\/muraste.ee\/vana\/wp-content\/uploads\/2016\/03\/05.03-Muraste-Kogukonnakeskus-212x300.jpg\" alt=\"05.03 - Muraste Kogukonnakeskus\" width=\"212\" height=\"300\" srcset=\"https:\/\/muraste.ee\/vana\/wp-content\/uploads\/2016\/03\/05.03-Muraste-Kogukonnakeskus-212x300.jpg 212w, https:\/\/muraste.ee\/vana\/wp-content\/uploads\/2016\/03\/05.03-Muraste-Kogukonnakeskus-768x1087.jpg 768w, https:\/\/muraste.ee\/vana\/wp-content\/uploads\/2016\/03\/05.03-Muraste-Kogukonnakeskus-724x1024.jpg 724w, https:\/\/muraste.ee\/vana\/wp-content\/uploads\/2016\/03\/05.03-Muraste-Kogukonnakeskus-624x883.jpg 624w, https:\/\/muraste.ee\/vana\/wp-content\/uploads\/2016\/03\/05.03-Muraste-Kogukonnakeskus.jpg 826w\" sizes=\"(max-width: 212px) 100vw, 212px\" \/><\/a><br \/>\nkl 18 -19 KO, <strong><span style=\"color: #ff0000;\">EKSTRA PAKKUMINE!\u00a0<\/span>Kaubam\u00e4rgi Ethel <span style=\"color: #000000;\">Disain erinevad esemed ja soojendavad r\u00f5ivad ning kaunistavad ehted on ka Murastes peatselt saadaval. M\u00fc\u00fcgilaud on avatud teisip\u00e4eval, 5. m\u00e4rtsil kell 18 &#8211; 19 Muraste kogukonnakeskuses.<\/span><\/strong><br \/>\n<strong><span style=\"color: #000000;\">Lisainfo siin: <a style=\"color: #000000;\" href=\"http:\/\/www.ethel.ee\/?fbclid=IwAR2vByxjil8ihlkPr5iTrLr_YOMXjH9e6FtqBDzxMQQi9k2JP5BjyEE-xWY\" target=\"_blank\" rel=\"noopener nofollow\" data-ft=\"{&quot;tn&quot;:&quot;-U&quot;}\" data-lynx-mode=\"origin\" data-lynx-uri=\"https:\/\/l.facebook.com\/l.php?u=http%3A%2F%2Fwww.ethel.ee%2F%3Ffbclid%3DIwAR2vByxjil8ihlkPr5iTrLr_YOMXjH9e6FtqBDzxMQQi9k2JP5BjyEE-xWY&amp;h=AT0dj0fI8VWQLI6TvDa4Oei7SgfO4Cg0g1oaALXCXNqdwYQ6Ak5aUPxJIBxwQShArrwEZKeqUJ3UEnWsi7LcV_Rc7y__16caSKNlI5jBetXMsU21ejMt3oJ6eXNCNiUwKRoWVLb2QdE49NOQZR1q1UUqrXf93yyKNIzMQHN0_6rsuWWW3ZzHXisZHscst2Kc6hGXy8r1tiYXojEkG7Ws7GerfcHt14KdBW-jL306vFbRfXsxXyFIbSbJlOkNA8hfL2f1jUAf8FW8mmIL5aieuNG-1nbgw_uGNh-5aA43hpL2ludHgiBeJvr0l-nFgbVvGGKti6ft3dlJmLbLzZD4mxCSaK9a7yspP1FMWgqgIEmMdM3eInBjk-36yJzyO2gQVYOllfjgpuARgeY-mk3kwtyQDXMRMXkftR_XquqvZT717KbqQI1F-7NG_i951IpIY-cQFJ2qm0u5PbzxzQM_a7Yv4NqTMCcXE38kHy_qcWQpkgvrbxwUAGojqPeppE026sWIvUYvrF2KkQQQeVzw4JWBwnFeksvyviQbVEzRGawdQTR8xAREFFcS417SNL8k7FlrVR8Mz9Iujsbh00j8g5qDhK-Plw603lHQWDOCsjJ8W15OHAfp8MYDTeNr65PrkzYwuyJe-bQ\">www.ethel.ee<\/a><\/span><\/strong><br \/>\n<strong><span style=\"color: #000000;\">Tulge uudistama!<\/span><\/strong><\/p>\n<\/div>\n<div class=\"entry-content\">\n<header class=\"entry-header\">\n<div class=\"entry-content\">\n<p><strong><a href=\"https:\/\/muraste.ee\/vana\/wp-content\/uploads\/2016\/03\/revalia_muraste_A4-1.jpg\" rel=\"attachment wp-att-6523\"><img decoding=\"async\" loading=\"lazy\" class=\"wp-image-6523 size-medium alignright\" src=\"https:\/\/muraste.ee\/vana\/wp-content\/uploads\/2016\/03\/revalia_muraste_A4-1-212x300.jpg\" alt=\"revalia_muraste_A4\" width=\"212\" height=\"300\" srcset=\"https:\/\/muraste.ee\/vana\/wp-content\/uploads\/2016\/03\/revalia_muraste_A4-1-212x300.jpg 212w, https:\/\/muraste.ee\/vana\/wp-content\/uploads\/2016\/03\/revalia_muraste_A4-1.jpg 595w\" sizes=\"(max-width: 212px) 100vw, 212px\" \/><\/a><\/strong><\/p>\n<p><span style=\"color: #333399;\"><strong><span style=\"color: #ff9900;\">Kolmap\u00e4ev, 6. m\u00e4rts<\/span><br \/>\n<\/strong><\/span>kl 14.40 KO, Fa Stuudio <strong>kandlering<\/strong> (lapsed, edasij\u00f5udnud)<br \/>\nkl 15 AT,\u00a0<strong>Showtants &amp; cheerleading<\/strong>. Lisainfo bron@prodance.ee, tel 55577821<br \/>\nkl 16.15 SP,\u00a0Judoklubi \u201cAitado\u201d\u00a0<strong>Judo<\/strong>\u00a0(alustajad ja uuesti alustajad). \u00a0(www.aitado.ee, Edward, tel 58053039)\u00a0NB! 7-9 aastased spordis\u00f5brad, veel on vabu kohti treeningr\u00fchmaga liitumiseks!<br \/>\nkl 17 KL, <strong><a href=\"https:\/\/muraste.ee\/vana\/?p=5969\" target=\"_blank\">MUDELISMIRING<\/a> <\/strong>algajatele. Juhendab Andres Madissoo<br \/>\nK, 20. veebruar kell 18 KO, <a href=\"https:\/\/muraste.ee\/vana\/?p=5843\" target=\"_blank\"><strong>Lilleseadekursus<\/strong> <\/a>\u00a0(Lillede\/okste vaasi asetamise alternatiivtehnikad)<br \/>\nkl 18.15 KL, <strong><a href=\"https:\/\/muraste.ee\/vana\/?p=5969\" target=\"_blank\">MUDELISMIRING<\/a><\/strong> edasij\u00f5udnutele. Juhendab Andres Madissoo<br \/>\nkl 17.45 SP,\u00a0Judoklubi \u201cAitado\u201d\u00a0<strong>Judo<\/strong>\u00a0(edasij\u00f5udnud. \u00a0(www.aitado.ee, treener Edward, tel 58053039)<br \/>\nkl 18 KO; <span style=\"color: #ff0000;\"><strong>UUS!<\/strong><\/span>\u00a0<strong>Praktiline lilleseadekursus<\/strong>:\u00a0lauaseade pikale lauale<br \/>\nkl 18 PS,\u00a0<strong><a href=\"https:\/\/muraste.ee\/vana\/?p=6090\" target=\"_blank\">Line-tants<\/a>!<\/strong><strong>NB!<\/strong><strong>K\u00f5ik uued ja senised tantsijad on oodatud!<br \/>\n<\/strong>kl 19 KL, \u00a0<strong>Inglise keele kursus<\/strong>\u00a0(algtase A2) uuesti alustajatele ja algajatele. Lisainfo \u00a0juhendajalt tel 56575575 v\u00f5i marethein@gmail.com (Maret Hein).<br \/>\nkl 19.30 PS, <strong>Harku Harakad<\/strong> tantsuproov<br \/>\nkl 18.30 AT, Katrini <strong>rahvatantsijate proov<\/strong><br \/>\nkl 19.30 SP,\u00a0<strong>\u00dcldkehalise ettevalmistuse treening.\u00a0<\/strong>Lisainfo:\u00a0<a href=\"http:\/\/motokrossipisik.eu\/saalitrennid\/\" target=\"_blank\" rel=\"noopener nofollow\" data-ft=\"{&quot;tn&quot;:&quot;-U&quot;}\" data-lynx-mode=\"async\" data-lynx-uri=\"https:\/\/l.facebook.com\/l.php?u=http%3A%2F%2Fmotokrossipisik.eu%2Fsaalitrennid%2F&amp;h=ATMtTHYPByHFd3Ejb-M_bw3_McwWuVo6SD2thhdIQy0F3YVpA_h8WkckKLGErB5uFSUlktLr926FwJ0TEtQ-jB1FBraRjZFjM3beY2s_WKOJD6YfrxE6Mt1hjwfw9ksYAGjgdHZC18BIeDnAuwSsYczTILfnnMLOzQF24cH3R6VS26raqEtS2BUg7_WQqbEtEpxp1xS_pyotI8RQyh4c32tfhGm_t2n7ldi5cdnf0XZ3A7pBLlADRaD37BfrOmuJ2do5HhcLCgaUhRx9NIHS07XqH95qhCVLIPfFZlqnktc\">http:\/\/motokrossipisik.eu\/saalitrennid\/<\/a>, hannes@motokrossipisik.ee, telefon 5296556<\/p>\n<div id=\"js_bfj\" class=\"_5pbx userContent _3576\" data-ad-preview=\"message\" data-ft=\"{&quot;tn&quot;:&quot;K&quot;}\">\n<p><span style=\"color: #ff9900;\"><strong>Neljap\u00e4ev, 7. m\u00e4rts<\/strong><\/span><em><br \/>\n<\/em>kl 13.40 \u2013 (18.15) KO, <strong>Triinu laulustuudio <\/strong>(juhendab Anett Vaikmaa)<strong><br \/>\n<\/strong>kl\u00a019.00\u00a0KO,\u00a0<strong>Inglise keele\u00a0kursus<\/strong> edasij\u00f5udnutele\u00a0(eel-kesktase B 1.1) \u00a0Lisainfo \u00a0juhendajalt tel 56575575 v\u00f5i marethein@gmail.com (Maret Hein).<br \/>\nkl 17.30 PS, MARANAD tantsuproov<br \/>\nkl 18.30 LS, <strong>N\u00c4ITERING, <\/strong>juhendab Anne Veesaar.<\/p>\n<\/div>\n<p><span style=\"color: #ff9900;\"><strong>REEDE, 8. m\u00e4rts &#8211; naistep\u00e4ev<\/strong><\/span><br \/>\nkl 15 T,\u00a0<strong>Showtants &amp; cheerleading<\/strong>. Lisainfo bron@prodance.ee, tel 55577821<br \/>\nkl 17.45 SP,\u00a0<strong>Judoklubi \u201cAitado\u201d\u00a0Judo<\/strong>\u00a0(edasij\u00f5udnud. \u00a0(www.aitado.ee, treener Edward, tel 58053039)<\/p>\n<p><strong>Reede. 22. m\u00e4rts &#8211; p\u00fchap\u00e4ev 10. m\u00e4rts\u00a0koolimaja broneeritud (<em>Leigarite<\/em> laager)<\/strong><\/p>\n<\/div>\n<div class=\"entry-content\">\n<p><span style=\"font-size: 1rem; color: #0000ff;\"><strong style=\"font-size: 1rem;\">TULEKUL!\u00a0<\/strong><\/span><\/p>\n<div id=\"js_bfj\" class=\"_5pbx userContent _3576\" data-ad-preview=\"message\" data-ft=\"{&quot;tn&quot;:&quot;K&quot;}\">\n<p><a href=\"https:\/\/muraste.ee\/vana\/wp-content\/uploads\/2016\/03\/kannel.jpg\" rel=\"attachment wp-att-6850\"><img decoding=\"async\" loading=\"lazy\" class=\"size-thumbnail wp-image-6850 alignright\" src=\"https:\/\/muraste.ee\/vana\/wp-content\/uploads\/2016\/03\/kannel-150x150.jpg\" alt=\"kannel\" width=\"150\" height=\"150\" \/><\/a>R, 15. m\u00e4rts kell 18.30 <strong><a href=\"https:\/\/www.youtube.com\/watch?v=kSu9uEP-mcs\" target=\"_blank\">V\u00e4ike draakon Kokosaurus: Seiklus d\u017eunglis<\/a><\/strong><\/p>\n<p>L, 16. m\u00e4rts kell 18.30 filmi\u00f5htu\u00a0<a href=\"https:\/\/www.youtube.com\/watch?v=uLeq78OpQPw\" target=\"_blank\"><strong>\u00a0<\/strong><\/a><strong><strong><a href=\"https:\/\/www.youtube.com\/watch?v=xfVVHm2vK60\" target=\"_blank\">T\u00f5de ja \u00f5igus<\/a>\u00a0<\/strong><\/strong><\/p>\n<p>P, 17. m\u00e4rts\u00a0\u00a0alustame Murastes taas <strong>v\u00e4ikekandle meisterdamise \u00f5pitoaga<\/strong>. <em>Kandle valmistamisel hoiab pilku peal juba varasematest \u00f5pitubadest tuttav pillimeister Peeter Sihvre. T\u00f6\u00f6toa toimumise ajad on 17., 23., 24. ja 30.m\u00e4rtsil kell 10-14. Osalustasu 125.- \u20ac sisaldab k\u00f5ike pilli valmimiseks vajalikku materjali.\u00a0<\/em><em>Kohtade arv on piiratud &#8211; seega, t\u00f5sised huvilised, andke soovist teada muraste@muraste.ee.\u00a0<\/em><\/p>\n<p>T, 19. m\u00e4rts kell 18.30 PS, <span style=\"color: #ff0000;\"><strong>UUS !\u00a0<\/strong><\/span>algajate seltskonnatanstu kursus alustab!<\/p>\n<p>R, 22. m\u00e4rts kell 19\u00a0filmi\u00f5htu <strong><a href=\"https:\/\/www.youtube.com\/watch?v=6rtyPwkR5ws\" target=\"_blank\">Raamatupood<\/a><\/strong><\/p>\n<p>R, 29. m\u00e4rts kell 19 filmi\u00f5htu\u00a0\u00a0<strong><a href=\"https:\/\/www.youtube.com\/watch?v=Q_TA04j7Ooo\" target=\"_blank\">Mehed<\/a><\/strong><\/p>\n<p>K,\u00a03. aprill\u00a0kell 18 KL, <a href=\"https:\/\/muraste.ee\/vana\/?p=5843\" target=\"_blank\"><strong>Lilleseadekursus<\/strong><\/a> (ema ja lapse kimp)<\/p>\n<p>P, 7. aprill kell 17 AT, Tabasalu muusikakooli muusikute kontsert (info tulekul)<\/p>\n<p>R, 12. aprill kell 19 filmi\u00f5htu\u00a0<strong><a href=\"https:\/\/www.youtube.com\/watch?v=yuLvvbiaa7A\" target=\"_blank\">Skandinaavia vaikus<\/a><\/strong><\/p>\n<p>L, 13. aprill \u00a0LS, Muraste k\u00fclaseltsi \u00fcldkoosolek (info tulekul)<\/p>\n<p>L, 13. april kell 19 AT, <strong>UUS!<\/strong> T\u00e4na \u00f5htul:<strong> Ivo linna ja Anti Kammiste<\/strong> (kontsert, info tulekull)<br \/>\nKoolivaheajal:<\/p>\n<p>R, 19. aprill<a href=\"https:\/\/etv.err.ee\/v\/kultuurisaated\/op\/videod\/aac57521-3482-433f-be59-6f44665bad19\/riho-undi-ja-kaspar-jancise-koostoos-valmib-uus-nukufilm-morten-lollide-laeval\" target=\"_blank\">\u00a0<\/a>kell 19 kogupere\u00a0filmi\u00f5htu\u00a0<strong><a href=\"https:\/\/www.youtube.com\/watch?v=X4DqRH5TICE\" target=\"_blank\">V\u00e4ikese p\u00f5hjap\u00f5dra Ailo suur seiklus<\/a><\/strong><\/p>\n<p>P, 21.04 kell 18.30 filmi\u00f5htu lastele \u00a0<strong><a href=\"https:\/\/etv.err.ee\/v\/kultuurisaated\/op\/videod\/aac57521-3482-433f-be59-6f44665bad19\/riho-undi-ja-kaspar-jancise-koostoos-valmib-uus-nukufilm-morten-lollide-laeval\" target=\"_blank\">Kapten Morten lollide laeval<\/a><\/strong><\/p>\n<p>T, 23.04. kell 18.30 filmi\u00f5htu lastele\u00a0<strong><a href=\"https:\/\/www.youtube.com\/watch?v=KadLSseSkp8\" target=\"_blank\">Kasper ja Emma l\u00e4hevad aardejahile<\/a><\/strong><\/p>\n<p>K, 24. aprill\u00a0kell 18 KL, <a href=\"https:\/\/muraste.ee\/vana\/?p=5843\" target=\"_blank\"><strong>Lilleseadekursus<\/strong> <\/a>(l\u00f5put\u00f6\u00f6)<br \/>\n<strong>NB!!! L\u00c4HIAJA FILMIPROGRAMMI<\/strong> N\u00c4EB <strong><a href=\"https:\/\/muraste.ee\/vana\/?page_id=774\" target=\"_blank\">S I I T<\/a>\u00a0<\/strong><strong><span style=\"color: #ff99cc;\"><span style=\"color: #ff6600;\"><br \/>\n<\/span><\/span><\/strong><\/p>\n<p><strong><span style=\"color: #ff99cc;\"><span style=\"color: #ff6600;\">HETKED M\u00d6\u00d6DUNUD N\u00c4DALAST.<br \/>\n<\/span><\/span><\/strong><\/p>\n<p>\u00d6\u00f6matk oma \u00fcheksanda &#8211; metsaraja ja sammudega kirikust paeplatsile sai oma kolmesaja sammupaariga j\u00e4lle teoks. T\u00f5rvikute s\u00e4ras astuti m\u00f6\u00f6da paest treppi, aeti k\u00fclg k\u00fclje k\u00f5rval juttu supikatla k\u00f5rval. See k\u00f5ik sai teoks t\u00e4nu teile, me armsad s\u00f5brad, kes te j\u00e4lle lipud k\u00e4e<img decoding=\"async\" loading=\"lazy\" class=\"size-medium wp-image-6879 alignright\" src=\"https:\/\/muraste.ee\/vana\/wp-content\/uploads\/2016\/03\/kyla-165x300.jpg\" alt=\"kyla\" width=\"165\" height=\"300\" srcset=\"https:\/\/muraste.ee\/vana\/wp-content\/uploads\/2016\/03\/kyla-165x300.jpg 165w, https:\/\/muraste.ee\/vana\/wp-content\/uploads\/2016\/03\/kyla.jpg 528w\" sizes=\"(max-width: 165px) 100vw, 165px\" \/>s t\u00f5rvikud \u00fches tulite. On asju mida peab muutma, miski peab kasvama ja kahanema, kuskil peab olema j\u00e4lle midagi erakordset. Nii nagu Hardi Volmer t\u00e4na \u00fctles, me olemegi erakordsed, oleme <span class=\"text_exposed_show\">v\u00e4ga v\u00e4ikese riigi kodanikud. Nii nagu Ivan Ovar meile s\u00fcdamele pani, et me kahe vankriga endale vitsa metsast tooksime ja oleksime t\u00f6\u00f6kad ja ei unustaks neid, kes meie armsat kodumaad<br \/>\nteistesse v\u00e4rvidesse tahaks r\u00fc\u00fctada. Meie koduvalla volikogu esimees Kalle pani s\u00fcdamele, et meil on nii palju head, mida peaksime oma valikute tegemisel arvesse v\u00f5tma, et teaksime milline me riik peab tulevikus olema.<br \/>\n<\/span><\/p>\n<div class=\"text_exposed_show\">\n<p>Kallid, me soovime teile imetoredat Eesti Vabariigi s\u00fcnnip\u00e4eva, me oleme r\u00f5\u00f5msad, et olete meiega ja meie teiega. Ait\u00e4h imeliste hetkede eest! Ivan Orava s\u00f5nadega: &#8220;J\u00f5udu, jaksu, olge tublid. Tibukesed, eestlased, tunnen nad ju l\u00f5hna j\u00e4rgi \u00e4ra. Ja ootame, kui n\u00f5geste otsas kasvavad j\u00e4lle \u00f5unad!&#8221;<\/p>\n<\/div>\n<p><strong style=\"font-size: 1rem;\"><span style=\"color: #ff99cc;\">TEADETETAHVEL<\/span><\/strong><\/p>\n<\/div>\n<\/div>\n<\/header>\n<\/div>\n<\/div>\n<\/div>\n<\/header>\n<div class=\"entry-content\">\n<p><span style=\"color: #3366ff;\"><a style=\"color: #3366ff;\" href=\"https:\/\/muraste.ee\/vana\/wp-content\/uploads\/2016\/03\/stend.jpg\" rel=\"attachment wp-att-3740\"><img decoding=\"async\" loading=\"lazy\" class=\"size-medium wp-image-3740 alignright\" src=\"https:\/\/muraste.ee\/vana\/wp-content\/uploads\/2016\/03\/stend-300x224.jpg\" sizes=\"(max-width: 300px) 100vw, 300px\" srcset=\"https:\/\/muraste.ee\/vana\/wp-content\/uploads\/2016\/03\/stend-300x224.jpg 300w, https:\/\/muraste.ee\/vana\/wp-content\/uploads\/2016\/03\/stend-768x572.jpg 768w, https:\/\/muraste.ee\/vana\/wp-content\/uploads\/2016\/03\/stend-1024x763.jpg 1024w, https:\/\/muraste.ee\/vana\/wp-content\/uploads\/2016\/03\/stend-624x465.jpg 624w, https:\/\/muraste.ee\/vana\/wp-content\/uploads\/2016\/03\/stend.jpg 1300w\" alt=\"stend\" width=\"300\" height=\"224\" \/><\/a><\/span><\/p>\n<\/div>\n<header class=\"entry-header\">\n<div class=\"entry-content\">\n<div class=\"_1mf _1mj\" data-offset-key=\"cki46-0-0\">\n<p><strong>Teadmiseks:\u00a0<\/strong>Muraste igan\u00e4dalase e-infokirjaga liitumiseks saada sellekohane teade muraste@muraste.ee<br \/>\n<strong>Muraste kogukonnakeskus\u00a0<\/strong>(Lee tee 9, Muraste) avatud E-N 10 -18, R ja muudel aegadel vastavalt tegevustele<br \/>\n<strong>T\u00e4psustused ja info:<\/strong>\u00a0kogukonnakeskus@muraste.ee;\u00a05253128 (Aule Kikas).<\/p>\n<\/div>\n<\/div>\n<\/header>\n<\/div>\n","protected":false},"excerpt":{"rendered":"<p>N\u00e4dal 10\u00a0Murastes * AT- koolimaja aatrium, SP- spordihoone; KO-kogukonnakeskus; \u00a0 KL- klassiruum; PS \u2013 peegelsaal; SS- s\u00f6\u00f6gisaal, LS- lavasaal, MR- meediaruum Esmasp\u00e4ev, 4. m\u00e4rts kl 14.40 KO,\u00a0Fa Stuudio kandlering (lapsed, algajad) kl 16.15 SP,\u00a0Judoklubi \u201cAitado\u201d\u00a0Judo\u00a0(alustajad ja uuesti alustajad). \u00a0(www.aitado.ee, Edward, tel 58053039) NB! 7-9 aastased spordis\u00f5brad, veel on vabu kohti treeningr\u00fchmaga liitumiseks!\u00a0kl 17.30 KO, V\u00e4ikekandleansambel<a class=\"moretag\" href=\"https:\/\/muraste.ee\/vana\/?page_id=6902\"><br \/>&#8230;Loe edasi<\/a><\/p>\n","protected":false},"author":2,"featured_media":0,"parent":0,"menu_order":0,"comment_status":"closed","ping_status":"closed","template":"nadalakava.php","meta":{"_bbp_topic_count":0,"_bbp_reply_count":0,"_bbp_total_topic_count":0,"_bbp_total_reply_count":0,"_bbp_voice_count":0,"_bbp_anonymous_reply_count":0,"_bbp_topic_count_hidden":0,"_bbp_reply_count_hidden":0,"_bbp_forum_subforum_count":0,"_mc_calendar":[]},"_links":{"self":[{"href":"https:\/\/muraste.ee\/vana\/index.php?rest_route=\/wp\/v2\/pages\/6902"}],"collection":[{"href":"https:\/\/muraste.ee\/vana\/index.php?rest_route=\/wp\/v2\/pages"}],"about":[{"href":"https:\/\/muraste.ee\/vana\/index.php?rest_route=\/wp\/v2\/types\/page"}],"author":[{"embeddable":true,"href":"https:\/\/muraste.ee\/vana\/index.php?rest_route=\/wp\/v2\/users\/2"}],"replies":[{"embeddable":true,"href":"https:\/\/muraste.ee\/vana\/index.php?rest_route=%2Fwp%2Fv2%2Fcomments&post=6902"}],"version-history":[{"count":1,"href":"https:\/\/muraste.ee\/vana\/index.php?rest_route=\/wp\/v2\/pages\/6902\/revisions"}],"predecessor-version":[{"id":6904,"href":"https:\/\/muraste.ee\/vana\/index.php?rest_route=\/wp\/v2\/pages\/6902\/revisions\/6904"}],"wp:attachment":[{"href":"https:\/\/muraste.ee\/vana\/index.php?rest_route=%2Fwp%2Fv2%2Fmedia&parent=6902"}],"curies":[{"name":"wp","href":"https:\/\/api.w.org\/{rel}","templated":true}]}}