{"id":71,"date":"2015-11-23T16:13:52","date_gmt":"2015-11-23T14:13:52","guid":{"rendered":"https:\/\/muraste.ee\/vana\/?page_id=71"},"modified":"2016-04-10T21:19:41","modified_gmt":"2016-04-10T18:19:41","slug":"kulaselts","status":"publish","type":"page","link":"https:\/\/muraste.ee\/vana\/?page_id=71","title":{"rendered":"K\u00fclaselts"},"content":{"rendered":"<ul>\n<li><a href=\"https:\/\/muraste.ee\/vana\/?page_id=89\">Kontakt<\/a><\/li>\n<li><a href=\"https:\/\/muraste.ee\/vana\/?page_id=92\">P\u00f5hikiri<\/a><\/li>\n<li><a href=\"https:\/\/muraste.ee\/vana\/?page_id=95\">V\u00e4\u00e4rtused<\/a><\/li>\n<li><span class=\"item-title\"><span class=\"menu-item-title\"><a href=\"https:\/\/muraste.ee\/vana\/?page_id=98\">Liikmed<\/a><\/span><\/span><\/li>\n<li><a href=\"https:\/\/muraste.ee\/vana\/?page_id=762\"><span class=\"item-title\"><span class=\"menu-item-title\">Juhatus<\/span>\u00a0<\/span><\/a><\/li>\n<li><a href=\"https:\/\/muraste.ee\/vana\/?page_id=101\"><span class=\"item-title\"><span class=\"menu-item-title\">\u00dcldkoosolekute protokollid<\/span>\u00a0<\/span><\/a><\/li>\n<li><a href=\"https:\/\/muraste.ee\/vana\/?page_id=104\"><span class=\"item-title\"><span class=\"menu-item-title\">Juhatuse protokollid<\/span>\u00a0<\/span><\/a><\/li>\n<li><a href=\"https:\/\/muraste.ee\/vana\/?page_id=107\"><span class=\"item-title\"><span class=\"menu-item-title\">Majandusaasta aruanded<\/span>\u00a0<\/span><\/a><\/li>\n<li><span class=\"item-title\"><span class=\"menu-item-title\"><a href=\"https:\/\/muraste.ee\/vana\/?page_id=110\">Astu k\u00fclaseltsi liikmeks<\/a><\/span><\/span><\/li>\n<li><a href=\"https:\/\/muraste.ee\/vana\/?page_id=113\"><span class=\"item-title\"><span class=\"menu-item-title\">Koost\u00f6\u00f6<\/span>\u00a0<\/span><\/a><\/li>\n<li><span class=\"menu-item-title\"><a href=\"https:\/\/muraste.ee\/vana\/?page_id=119\">Projektid<\/a><\/span><\/li>\n<\/ul>\n<h3>\u00a0<a href=\"https:\/\/muraste.ee\/vana\/wp-content\/uploads\/2015\/11\/10419543_642841455814549_1997500056980835684_n.jpg\"><img decoding=\"async\" loading=\"lazy\" class=\"alignnone size-full wp-image-1034\" src=\"https:\/\/muraste.ee\/vana\/wp-content\/uploads\/2015\/11\/10419543_642841455814549_1997500056980835684_n.jpg\" alt=\"10419543_642841455814549_1997500056980835684_n\" width=\"960\" height=\"640\" srcset=\"https:\/\/muraste.ee\/vana\/wp-content\/uploads\/2015\/11\/10419543_642841455814549_1997500056980835684_n.jpg 960w, https:\/\/muraste.ee\/vana\/wp-content\/uploads\/2015\/11\/10419543_642841455814549_1997500056980835684_n-300x200.jpg 300w, https:\/\/muraste.ee\/vana\/wp-content\/uploads\/2015\/11\/10419543_642841455814549_1997500056980835684_n-624x416.jpg 624w\" sizes=\"(max-width: 960px) 100vw, 960px\" \/><\/a><\/h3>\n<p>Pildil: Muraste k\u00fclaseltsi juhatus oktoobris 2014: \u00a0<em>(vasakult)<\/em> Elari Udam, Anti Aaremaa, Marju Tulva, Evelin Tiirik, Martina Mamontov, Aule Kikas, Tarmo Ola, Kari Maripuu, Andrus Saliste, Katre Kuusik<\/p>\n","protected":false},"excerpt":{"rendered":"<p>Kontakt P\u00f5hikiri V\u00e4\u00e4rtused Liikmed Juhatus\u00a0 \u00dcldkoosolekute protokollid\u00a0 Juhatuse protokollid\u00a0 Majandusaasta aruanded\u00a0 Astu k\u00fclaseltsi liikmeks Koost\u00f6\u00f6\u00a0 Projektid \u00a0 Pildil: Muraste k\u00fclaseltsi juhatus oktoobris 2014: \u00a0(vasakult) Elari Udam, Anti Aaremaa, Marju Tulva, Evelin Tiirik, Martina Mamontov, Aule Kikas, Tarmo Ola, Kari Maripuu, Andrus Saliste, Katre Kuusik<\/p>\n","protected":false},"author":1,"featured_media":0,"parent":0,"menu_order":0,"comment_status":"closed","ping_status":"closed","template":"page-templates\/full-width.php","meta":{"_bbp_topic_count":0,"_bbp_reply_count":0,"_bbp_total_topic_count":0,"_bbp_total_reply_count":0,"_bbp_voice_count":0,"_bbp_anonymous_reply_count":0,"_bbp_topic_count_hidden":0,"_bbp_reply_count_hidden":0,"_bbp_forum_subforum_count":0,"_mc_calendar":[]},"_links":{"self":[{"href":"https:\/\/muraste.ee\/vana\/index.php?rest_route=\/wp\/v2\/pages\/71"}],"collection":[{"href":"https:\/\/muraste.ee\/vana\/index.php?rest_route=\/wp\/v2\/pages"}],"about":[{"href":"https:\/\/muraste.ee\/vana\/index.php?rest_route=\/wp\/v2\/types\/page"}],"author":[{"embeddable":true,"href":"https:\/\/muraste.ee\/vana\/index.php?rest_route=\/wp\/v2\/users\/1"}],"replies":[{"embeddable":true,"href":"https:\/\/muraste.ee\/vana\/index.php?rest_route=%2Fwp%2Fv2%2Fcomments&post=71"}],"version-history":[{"count":18,"href":"https:\/\/muraste.ee\/vana\/index.php?rest_route=\/wp\/v2\/pages\/71\/revisions"}],"predecessor-version":[{"id":1384,"href":"https:\/\/muraste.ee\/vana\/index.php?rest_route=\/wp\/v2\/pages\/71\/revisions\/1384"}],"wp:attachment":[{"href":"https:\/\/muraste.ee\/vana\/index.php?rest_route=%2Fwp%2Fv2%2Fmedia&parent=71"}],"curies":[{"name":"wp","href":"https:\/\/api.w.org\/{rel}","templated":true}]}}