{"id":7228,"date":"2019-05-05T10:39:13","date_gmt":"2019-05-05T07:39:13","guid":{"rendered":"https:\/\/muraste.ee\/vana\/?page_id=7228"},"modified":"2019-05-05T10:45:19","modified_gmt":"2019-05-05T07:45:19","slug":"7228-2","status":"publish","type":"page","link":"https:\/\/muraste.ee\/vana\/?page_id=7228","title":{"rendered":"N\u00e4dal 17"},"content":{"rendered":"<h1 class=\"entry-title\" style=\"text-align: center;\"><span style=\"color: #339966;\">N\u00e4dal 17 Murastes<br \/>\n29. aprill &#8211; 5. mai 2019<\/span><\/h1>\n<div class=\"entry-content\" style=\"text-align: left;\">\n<header class=\"entry-header\">\n<div class=\"entry-content\">\n<div id=\"js_bfj\" class=\"_5pbx userContent _3576\" data-ad-preview=\"message\" data-ft=\"{&quot;tn&quot;:&quot;K&quot;}\">\n<div class=\"entry-content\">\n<p><em>* AT- koolimaja aatrium, SP- spordihoone; KO-kogukonnakeskus; \u00a0 KL- klassiruum; PS \u2013 peegelsaal; SS- s\u00f6\u00f6gisaal, LS- lavasaal, MR- meediaruum<\/em><\/p>\n<p><strong><span style=\"color: #ff6600;\"><span style=\"color: #3366ff;\"><span style=\"color: #339966;\">Esmasp\u00e4ev, 22. aprill<\/span><\/span><span style=\"color: #ff99cc;\"><a href=\"https:\/\/muraste.ee\/vana\/wp-content\/uploads\/2016\/03\/Kutse-joogasse.jpg\" rel=\"attachment wp-att-7066\"><img decoding=\"async\" loading=\"lazy\" class=\"size-medium wp-image-7066 alignright\" src=\"https:\/\/muraste.ee\/vana\/wp-content\/uploads\/2016\/03\/Kutse-joogasse-300x212.jpg\" alt=\"Kutse joogasse\" width=\"300\" height=\"212\" srcset=\"https:\/\/muraste.ee\/vana\/wp-content\/uploads\/2016\/03\/Kutse-joogasse-300x212.jpg 300w, https:\/\/muraste.ee\/vana\/wp-content\/uploads\/2016\/03\/Kutse-joogasse-768x543.jpg 768w, https:\/\/muraste.ee\/vana\/wp-content\/uploads\/2016\/03\/Kutse-joogasse-1024x724.jpg 1024w, https:\/\/muraste.ee\/vana\/wp-content\/uploads\/2016\/03\/Kutse-joogasse-624x441.jpg 624w\" sizes=\"(max-width: 300px) 100vw, 300px\" \/><\/a><br \/>\n<\/span><\/span><\/strong><\/p>\n<p>kl 14.40 KO,\u00a0<strong>Fa Stuudio kandlering<\/strong> (lapsed, algajad)<br \/>\nkl 16.15 SP,\u00a0<strong>Judoklubi \u201cAitado\u201d\u00a0Judo<\/strong>\u00a0(alustajad ja uuesti alustajad). \u00a0(www.aitado.ee, Edward, tel 58053039)<br \/>\nkl 17.30 KO, <strong>V\u00e4ikekandleansambel LiULi <\/strong><em>(p\u00f5hikoosseis)<br \/>\n<\/em>kl 17.45 SP,\u00a0<strong>Judoklubi \u201cAitado\u201d\u00a0Judo<\/strong>\u00a0(edasij\u00f5udnud. \u00a0(www.aitado.ee, treener Edward, tel 58053039)<br \/>\nkl 19 AT, \u00a0<strong>Suurupi naiskoor Meretule proov<\/strong><em><br \/>\n<\/em>kl 19 KO, <strong>V\u00e4ikekandleansambel LiULi<\/strong> \u00a0<em>(t\u00e4iskasvanud, algajate grupp, \u00fcle n\u00e4dala)<br \/>\nkl 19 PS,\u00a0<strong><span style=\"color: #ff0000;\">UUS! \u00a0<\/span>JOOGA igal esmasp\u00e4eval ja neljap\u00e4eval! Loe t\u00e4psemalt <span style=\"color: #ff0000;\"><a style=\"color: #ff0000;\" href=\"https:\/\/muraste.ee\/vana\/?p=6961\" target=\"_blank\">SIIT<\/a><\/span>!<\/strong><\/em><\/p>\n<p><strong style=\"font-size: 1rem;\"><span style=\"color: #0000ff;\"><span style=\"color: #3366ff;\"><span style=\"color: #339966;\">Teisip\u00e4ev, 23. aprill<\/span><br \/>\n<\/span><\/span><\/strong>kl 14.40 KO, Fa Stuudio <strong>fl\u00f6\u00f6diring<br \/>\n<\/strong>kl 18.30 KL,\u00a0<strong>Inglise keele kursus \u00a0<\/strong>(kesktase B 1.2).\u00a0Lisainfo \u00a0juhendajalt tel 56575575 v\u00f5i marethein@gmail.com (Maret Hein).<br \/>\nkl 19.00 SP, <span style=\"color: #ff0000;\"><strong>UUS AEG!<\/strong><\/span>\u00a0<strong>V\u00f5rkpall. <\/strong><em>Uued m\u00e4ngijad oodatd!<strong><br \/>\n<\/strong><\/em>kl 18.30 PS, <strong>Seltskonnatantsu algkursus<br \/>\n<\/strong>kl 19.45 PS,\u00a0<strong>Seltskonnatantsude harjutustund<\/strong>\u2013 v\u00f5imalus \u00f5pitut kinnistada ja toredas seltskonnas jalga keerutada.<br \/>\nkell 18.30 AT, \u00a0<span style=\"color: #ff0000;\">filmi\u00f5htu lastele<\/span>\u00a0<strong><a href=\"https:\/\/www.youtube.com\/watch?v=KadLSseSkp8\" target=\"_blank\">Kasper ja Emma l\u00e4hevad aardejahile<\/a><\/strong><\/p>\n<\/div>\n<div class=\"entry-content\">\n<header class=\"entry-header\">\n<div class=\"entry-content\">\n<p><span style=\"color: #333399;\"><strong><span style=\"color: #339966;\">Kolmap\u00e4ev, 24. aprill\u00a0<\/span><br \/>\n<\/strong><\/span>kl 14.40 KO, Fa Stuudio <strong>kandlering<\/strong> (lapsed, edasij\u00f5udnud)<br \/>\nkl 15 PS,\u00a0<strong>Showtants &amp; cheerleading<\/strong>. Lisainfo bron@prodance.ee, tel 55577821<br \/>\nkl 16.15 SP,\u00a0Judoklubi \u201cAitado\u201d\u00a0<strong>Judo<\/strong>\u00a0(alustajad ja uuesti alustajad). \u00a0(www.aitado.ee, Edward, tel 58053039)\u00a0NB! 7-9 aastased spordis\u00f5brad, veel on vabu kohti treeningr\u00fchmaga liitumiseks!<br \/>\nkl 17 KL, <strong><a href=\"https:\/\/muraste.ee\/vana\/?p=5969\" target=\"_blank\">MUDELISMIRING<\/a> <\/strong>algajatele. Juhendab Andres Madissoo<br \/>\nkl 18 KL,<span style=\"color: #ff0000;\"><strong> UUS!<\/strong><\/span>\u00a0\u00a0<strong><span style=\"color: #339966;\"><a style=\"color: #339966;\" href=\"https:\/\/muraste.ee\/vana\/?p=6938\" target=\"_blank\">Gordoni perekool<\/a>;<\/span> vt lisa <a href=\"https:\/\/muraste.ee\/vana\/?p=6938\" target=\"_blank\">SIIT<\/a><\/strong><br \/>\nkl 18.15 KL, <strong><a href=\"https:\/\/muraste.ee\/vana\/?p=5969\" target=\"_blank\">MUDELISMIRING<\/a><\/strong> edasij\u00f5udnutele. Juhendab Andres Madissoo<br \/>\nkl 17.45 SP,\u00a0Judoklubi \u201cAitado\u201d\u00a0<strong>Judo<\/strong>\u00a0(edasij\u00f5udnud. \u00a0(www.aitado.ee, treener Edward, tel 58053039)<br \/>\nK, 24. aprill\u00a0kell 18 KL, <span style=\"color: #ff0000;\"><strong>UUS!\u00a0<\/strong><\/span><a href=\"https:\/\/muraste.ee\/vana\/?p=5843\" target=\"_blank\"><strong>Lilleseadekursus<\/strong><\/a> (l\u00f5put\u00f6\u00f6)<br \/>\nkl 18 PS,\u00a0<strong><a href=\"https:\/\/muraste.ee\/vana\/?p=6090\" target=\"_blank\">Line-tants<\/a>!\u00a0<\/strong><strong>NB!\u00a0<\/strong><strong>K\u00f5ik uued ja senised tantsijad on oodatud!<br \/>\n<\/strong>kl 19 KL, \u00a0<strong>Inglise keele kursus<\/strong>\u00a0(algtase A2) uuesti alustajatele ja algajatele. Lisainfo \u00a0juhendajalt tel 56575575 v\u00f5i marethein@gmail.com (Maret Hein).<br \/>\nkl 19.30 SP,\u00a0<strong>\u00dcldkehalise ettevalmistuse treening.\u00a0<\/strong>Lisainfo:\u00a0<a href=\"http:\/\/motokrossipisik.eu\/saalitrennid\/\" target=\"_blank\" rel=\"noopener nofollow\" data-ft=\"{&quot;tn&quot;:&quot;-U&quot;}\" data-lynx-mode=\"async\" data-lynx-uri=\"https:\/\/l.facebook.com\/l.php?u=http%3A%2F%2Fmotokrossipisik.eu%2Fsaalitrennid%2F&amp;h=ATMtTHYPByHFd3Ejb-M_bw3_McwWuVo6SD2thhdIQy0F3YVpA_h8WkckKLGErB5uFSUlktLr926FwJ0TEtQ-jB1FBraRjZFjM3beY2s_WKOJD6YfrxE6Mt1hjwfw9ksYAGjgdHZC18BIeDnAuwSsYczTILfnnMLOzQF24cH3R6VS26raqEtS2BUg7_WQqbEtEpxp1xS_pyotI8RQyh4c32tfhGm_t2n7ldi5cdnf0XZ3A7pBLlADRaD37BfrOmuJ2do5HhcLCgaUhRx9NIHS07XqH95qhCVLIPfFZlqnktc\">http:\/\/motokrossipisik.eu\/saalitrennid\/<\/a>, hannes@motokrossipisik.ee, telefon 5296556<\/p>\n<div id=\"js_bfj\" class=\"_5pbx userContent _3576\" data-ad-preview=\"message\" data-ft=\"{&quot;tn&quot;:&quot;K&quot;}\">\n<p><span style=\"color: #339966;\"><strong>Neljap\u00e4ev, 25. aprill<\/strong><\/span><em><br \/>\n<\/em>kl 13.40 \u2013 (18.15) KO, <strong>Triinu laulustuudio <\/strong>(juhendab Anett Vaikmaa)<strong><br \/>\n<\/strong>kl\u00a019.00\u00a0KO,\u00a0<strong>Inglise keele\u00a0kursus<\/strong> edasij\u00f5udnutele\u00a0(eel-kesktase B 1.1) \u00a0Lisainfo \u00a0juhendajalt tel 56575575 v\u00f5i marethein@gmail.com (Maret Hein).<br \/>\nkl 18.30 AT, <strong>N\u00c4ITERING, <\/strong>juhendab Anne Veesaar.<br \/>\nkl 19 PS, <strong><span style=\"color: #ff0000;\">UUS! <\/span>JOOGA.\u00a0<em>Loe t\u00e4psemalt <span style=\"color: #ff0000;\"><a style=\"color: #ff0000;\" href=\"https:\/\/muraste.ee\/vana\/?p=6961\" target=\"_blank\">SIIT<\/a><\/span>!<br \/>\n<\/em><\/strong><\/p>\n<p><span style=\"color: #339966;\"><strong>LAUP\u00c4EV, 27. aprill<\/strong><\/span><\/p>\n<p>L, 27. aprill kell 18 AT &#8211; <span style=\"color: #ff0000;\"><strong>ESIETENDUS<\/strong> <\/span>&#8220;<strong>ALICE IMEDEMAAL&#8221;<\/strong> &#8211; Muraste Nimetu N\u00e4item\u00e4nguseltskonna esituses. Lisa loe <strong><a href=\"https:\/\/muraste.ee\/vana\/?p=7097\" target=\"_blank\">SIIT<\/a>\u00a0<a href=\"https:\/\/muraste.ee\/vana\/wp-content\/uploads\/2019\/04\/93x89_Alice.jpg\" rel=\"attachment wp-att-7098\"><img decoding=\"async\" loading=\"lazy\" class=\"aligncenter wp-image-7098 size-large\" src=\"https:\/\/muraste.ee\/vana\/wp-content\/uploads\/2019\/04\/93x89_Alice-1024x980.jpg\" alt=\"93x89_Alice\" width=\"625\" height=\"598\" srcset=\"https:\/\/muraste.ee\/vana\/wp-content\/uploads\/2019\/04\/93x89_Alice-1024x980.jpg 1024w, https:\/\/muraste.ee\/vana\/wp-content\/uploads\/2019\/04\/93x89_Alice-300x287.jpg 300w, https:\/\/muraste.ee\/vana\/wp-content\/uploads\/2019\/04\/93x89_Alice-768x735.jpg 768w, https:\/\/muraste.ee\/vana\/wp-content\/uploads\/2019\/04\/93x89_Alice-624x597.jpg 624w, https:\/\/muraste.ee\/vana\/wp-content\/uploads\/2019\/04\/93x89_Alice.jpg 1098w\" sizes=\"(max-width: 625px) 100vw, 625px\" \/><\/a><\/strong><\/p>\n<\/div>\n<\/div>\n<\/header>\n<p><strong><span style=\"color: #339966;\">P\u00dcHAP\u00c4EV, 28. aprill &#8211; MURASTE K\u00dcLASELTSI 10. S\u00dcNNIP\u00c4EV!<\/span><\/strong><\/p>\n<p><span style=\"color: #339966;\"><span style=\"color: #000000;\">P, 28. aprill kell 17 AT, <span style=\"color: #ff0000;\"><strong>UUS!<\/strong> <\/span>Saue valla M\u00e4nguteater\u200e etendusega\u00a0<strong>&#8220;Veel \u00fcks pilet&#8221;\u00a0<\/strong><\/span><\/span><br \/>\n<img decoding=\"async\" loading=\"lazy\" class=\"aligncenter wp-image-7033 size-full\" src=\"https:\/\/muraste.ee\/vana\/wp-content\/uploads\/2016\/03\/saue.jpg\" alt=\"saue\" width=\"2048\" height=\"1369\" srcset=\"https:\/\/muraste.ee\/vana\/wp-content\/uploads\/2016\/03\/saue.jpg 2048w, https:\/\/muraste.ee\/vana\/wp-content\/uploads\/2016\/03\/saue-300x201.jpg 300w, https:\/\/muraste.ee\/vana\/wp-content\/uploads\/2016\/03\/saue-768x513.jpg 768w, https:\/\/muraste.ee\/vana\/wp-content\/uploads\/2016\/03\/saue-1024x685.jpg 1024w, https:\/\/muraste.ee\/vana\/wp-content\/uploads\/2016\/03\/saue-624x417.jpg 624w\" sizes=\"(max-width: 2048px) 100vw, 2048px\" \/><\/p>\n<div class=\"entry-content\"><\/div>\n<div class=\"entry-content\">\n<div id=\"js_bfj\" class=\"_5pbx userContent _3576\" data-ad-preview=\"message\" data-ft=\"{&quot;tn&quot;:&quot;K&quot;}\">\n<p><span style=\"font-size: 1rem;\"><strong>NB!!! L\u00c4HIAJA FILMIPROGRAMMI<\/strong> N\u00c4EB <strong><a href=\"https:\/\/muraste.ee\/vana\/?page_id=774\" target=\"_blank\">S I I T<\/a>\u00a0<\/strong><\/span><\/p>\n<p>R, 3.mai kl 19 <strong><span style=\"color: #ff0000;\">UUS!<\/span> <\/strong>filmi\u00f5htu: Ott T\u00e4nak<\/p>\n<p>L, 11. mai kell 19 AT,<strong><span style=\"color: #ff0000;\"> UUS!<\/span> <\/strong>Kom\u00f6\u00f6diateater Andrus Vaariku monoetendusega <strong>&#8220;Elu on parim meelelahutus (p\u00e4rast surma j\u00f5uab mossitada k\u00fcll)\u201c \u00a0<\/strong>on Andrus Vaariku enda poolt loodud ja\u00a0esitatud lugu, mis vaatleb inimelu l\u00e4bi huumoriprisma. &amp;quot;Mul pole tegelikult midagi karta ja miks mitte k\u00f5igest<br \/>\navameelselt ja valeh\u00e4bita r\u00e4\u00e4kida. Me oleme siin maailmas ju esimest korda ja me ei tea ise ka, mida ja kuidas\u00a0teha. Ma olen esimest korda eestlane, esimest korda olen ma isa. Ma pole harjutada saanud. Ma kirjutan oma elu\u00a0\u00fche jutiga puhtandina valmis. Aga see ei t\u00e4henda, et elu ei v\u00f5iks l\u00f5bus olla. Elu on parim meelelahutus! P\u00e4rast\u00a0surma j\u00f5uab mossitada k\u00fcll.\u201c See ei ole valmis tekstiga etendus, vaid s\u00fcnnib igal \u00f5htul uuesti. Publikul on\u00a0v\u00f5imalik n\u00e4itlejaga kaasa r\u00e4\u00e4kida ja k\u00fcsimusi esitada, mis toob ootamatuid p\u00f6\u00f6rdeid ja l\u00f5pptulemus on alati\u00a0erinev. Nalja saab muidugi ka, nagu alati Vaariku puhul \u2013 hoolimata sellest, et ta seekord Ivan Oravana rahva<br \/>\nette ei astu.<\/p>\n<p>T, 21. mai kell 18 AT, <strong>Fa Stuudio kevdkontsert<\/strong> (info tulekul)<\/p>\n<p><a href=\"https:\/\/muraste.ee\/vana\/wp-content\/uploads\/2016\/03\/Vaarik-plakat.jpg\" rel=\"attachment wp-att-7034\"><img decoding=\"async\" loading=\"lazy\" class=\"alignnone size-large wp-image-7034\" src=\"https:\/\/muraste.ee\/vana\/wp-content\/uploads\/2016\/03\/Vaarik-plakat-710x1024.jpg\" alt=\"Vaarik plakat\" width=\"625\" height=\"901\" srcset=\"https:\/\/muraste.ee\/vana\/wp-content\/uploads\/2016\/03\/Vaarik-plakat-710x1024.jpg 710w, https:\/\/muraste.ee\/vana\/wp-content\/uploads\/2016\/03\/Vaarik-plakat-208x300.jpg 208w, https:\/\/muraste.ee\/vana\/wp-content\/uploads\/2016\/03\/Vaarik-plakat-768x1107.jpg 768w, https:\/\/muraste.ee\/vana\/wp-content\/uploads\/2016\/03\/Vaarik-plakat-624x900.jpg 624w, https:\/\/muraste.ee\/vana\/wp-content\/uploads\/2016\/03\/Vaarik-plakat.jpg 1000w\" sizes=\"(max-width: 625px) 100vw, 625px\" \/><\/a><\/p>\n<p>Muraste k\u00fclaseltsi \u00fcldkoosolek (info tulekul)<\/p>\n<p><strong><span style=\"color: #339966;\"><a style=\"color: #339966;\" href=\"https:\/\/muraste.ee\/vana\/?p=6574&amp;fbclid=IwAR2QSQfT4gkgut25GCYcvoQsUVRZZRICU2d_3VrF8B-iaUIHgj-cjAXj-VU\" target=\"_blank\">HOIAME K\u00dcLA PUHTANA!<\/a>\u00a0LOE EDASI <a style=\"color: #339966;\" href=\"https:\/\/muraste.ee\/vana\/?p=6574&amp;fbclid=IwAR2QSQfT4gkgut25GCYcvoQsUVRZZRICU2d_3VrF8B-iaUIHgj-cjAXj-VU\" target=\"_blank\">SIIT<\/a>\u00a0 <\/span><\/strong><\/p>\n<h1><a href=\"https:\/\/muraste.ee\/vana\/wp-content\/uploads\/2018\/12\/prygi5.png\" rel=\"attachment wp-att-6581\"><img decoding=\"async\" loading=\"lazy\" class=\"alignnone size-full wp-image-6581\" src=\"https:\/\/muraste.ee\/vana\/wp-content\/uploads\/2018\/12\/prygi5.png\" alt=\"prygi5\" width=\"777\" height=\"437\" srcset=\"https:\/\/muraste.ee\/vana\/wp-content\/uploads\/2018\/12\/prygi5.png 777w, https:\/\/muraste.ee\/vana\/wp-content\/uploads\/2018\/12\/prygi5-300x169.png 300w, https:\/\/muraste.ee\/vana\/wp-content\/uploads\/2018\/12\/prygi5-768x432.png 768w, https:\/\/muraste.ee\/vana\/wp-content\/uploads\/2018\/12\/prygi5-624x351.png 624w, https:\/\/muraste.ee\/vana\/wp-content\/uploads\/2018\/12\/prygi5-128x72.png 128w\" sizes=\"(max-width: 777px) 100vw, 777px\" \/><\/a><\/h1>\n<p><strong><span style=\"color: #ff0000;\">HETK N\u00c4DALAST<\/span><\/strong><br \/>\n<em>Aprillikuu on Murastes s\u00fcnnip\u00e4evakuu: 28. aprillil t\u00e4histab Muraste k\u00fclaselts oma k\u00fcmnendat tegevusaastat ning seet\u00f5ttu on selles kuus ka oluliselt rohkem s\u00fcndmuseid.\u00a013. aprill t\u00f5i meie suurep\u00e4rasele kogukonnale kohaliku omaalgatuse programmi vahendite toel soojalt siira kontserdi, kus peategelasteks legendaarne Ivo Linn ja \u201cp\u00e4ikesepoiss\u201d Antti Kammiste. Lisaks t\u00e4htedele sai lavalaudu katsuda ja Ivo Linnale tuge pakkuda meie \u201cliikumispisik\u201d Anneli Habicht. Ka \u00f5nnesoove jagus: soovilaulu said s\u00fcmpaatne kuldpulmapaar ning imearmas s\u00fcnnip\u00e4evalaps Katrin. Ka tants sai tehtud! <strong>Loe edasi <a href=\"https:\/\/muraste.ee\/vana\/?p=7118\" target=\"_blank\">SIIT!<\/a><br \/>\n<\/strong><\/em><\/p>\n<div style=\"width: 576px;\" class=\"wp-video\"><!--[if lt IE 9]><script>document.createElement('video');<\/script><![endif]-->\n<video class=\"wp-video-shortcode\" id=\"video-7228-1\" width=\"576\" height=\"320\" preload=\"metadata\" controls=\"controls\"><source type=\"video\/mp4\" src=\"https:\/\/muraste.ee\/vana\/wp-content\/uploads\/2016\/03\/video-1555334425.mp4?_=1\" \/><a href=\"https:\/\/muraste.ee\/vana\/wp-content\/uploads\/2016\/03\/video-1555334425.mp4\">https:\/\/muraste.ee\/vana\/wp-content\/uploads\/2016\/03\/video-1555334425.mp4<\/a><\/video><\/div>\n<p><strong><span style=\"color: #ff6600;\">TEADETETAHVEL<\/span><\/strong><\/p>\n<\/div>\n<\/div>\n<\/div>\n<\/div>\n<\/div>\n<\/header>\n<div class=\"entry-content\">\n<p><span style=\"color: #3366ff;\"><a style=\"color: #3366ff;\" href=\"https:\/\/muraste.ee\/vana\/wp-content\/uploads\/2016\/03\/stend.jpg\" rel=\"attachment wp-att-3740\"><img decoding=\"async\" loading=\"lazy\" class=\"size-medium wp-image-3740 alignright\" src=\"https:\/\/muraste.ee\/vana\/wp-content\/uploads\/2016\/03\/stend-300x224.jpg\" sizes=\"(max-width: 300px) 100vw, 300px\" srcset=\"https:\/\/muraste.ee\/vana\/wp-content\/uploads\/2016\/03\/stend-300x224.jpg 300w, https:\/\/muraste.ee\/vana\/wp-content\/uploads\/2016\/03\/stend-768x572.jpg 768w, https:\/\/muraste.ee\/vana\/wp-content\/uploads\/2016\/03\/stend-1024x763.jpg 1024w, https:\/\/muraste.ee\/vana\/wp-content\/uploads\/2016\/03\/stend-624x465.jpg 624w, https:\/\/muraste.ee\/vana\/wp-content\/uploads\/2016\/03\/stend.jpg 1300w\" alt=\"stend\" width=\"300\" height=\"224\" \/><\/a><\/span><\/p>\n<\/div>\n<header class=\"entry-header\">\n<div class=\"entry-content\">\n<div class=\"_1mf _1mj\" data-offset-key=\"cki46-0-0\">\n<p><strong>Teadmiseks:\u00a0<\/strong>Muraste igan\u00e4dalase e-infokirjaga liitumiseks saada sellekohane teade muraste@muraste.ee<br \/>\n<strong>Muraste kogukonnakeskus\u00a0<\/strong>(Lee tee 9, Muraste) avatud E-N 10 -18, R ja muudel aegadel vastavalt tegevustele<br \/>\n<strong>T\u00e4psustused ja info:<\/strong>\u00a0kogukonnakeskus@muraste.ee;\u00a05253128 (Aule Kikas).<\/p>\n<\/div>\n<\/div>\n<\/header>\n<\/div>\n","protected":false},"excerpt":{"rendered":"<p>N\u00e4dal 17 Murastes 29. aprill &#8211; 5. mai 2019 * AT- koolimaja aatrium, SP- spordihoone; KO-kogukonnakeskus; \u00a0 KL- klassiruum; PS \u2013 peegelsaal; SS- s\u00f6\u00f6gisaal, LS- lavasaal, MR- meediaruum Esmasp\u00e4ev, 22. aprill kl 14.40 KO,\u00a0Fa Stuudio kandlering (lapsed, algajad) kl 16.15 SP,\u00a0Judoklubi \u201cAitado\u201d\u00a0Judo\u00a0(alustajad ja uuesti alustajad). \u00a0(www.aitado.ee, Edward, tel 58053039) kl 17.30 KO, V\u00e4ikekandleansambel LiULi (p\u00f5hikoosseis)<a class=\"moretag\" href=\"https:\/\/muraste.ee\/vana\/?page_id=7228\"><br \/>&#8230;Loe edasi<\/a><\/p>\n","protected":false},"author":2,"featured_media":0,"parent":0,"menu_order":0,"comment_status":"closed","ping_status":"closed","template":"nadalakava.php","meta":{"_bbp_topic_count":0,"_bbp_reply_count":0,"_bbp_total_topic_count":0,"_bbp_total_reply_count":0,"_bbp_voice_count":0,"_bbp_anonymous_reply_count":0,"_bbp_topic_count_hidden":0,"_bbp_reply_count_hidden":0,"_bbp_forum_subforum_count":0,"_mc_calendar":[]},"_links":{"self":[{"href":"https:\/\/muraste.ee\/vana\/index.php?rest_route=\/wp\/v2\/pages\/7228"}],"collection":[{"href":"https:\/\/muraste.ee\/vana\/index.php?rest_route=\/wp\/v2\/pages"}],"about":[{"href":"https:\/\/muraste.ee\/vana\/index.php?rest_route=\/wp\/v2\/types\/page"}],"author":[{"embeddable":true,"href":"https:\/\/muraste.ee\/vana\/index.php?rest_route=\/wp\/v2\/users\/2"}],"replies":[{"embeddable":true,"href":"https:\/\/muraste.ee\/vana\/index.php?rest_route=%2Fwp%2Fv2%2Fcomments&post=7228"}],"version-history":[{"count":4,"href":"https:\/\/muraste.ee\/vana\/index.php?rest_route=\/wp\/v2\/pages\/7228\/revisions"}],"predecessor-version":[{"id":7235,"href":"https:\/\/muraste.ee\/vana\/index.php?rest_route=\/wp\/v2\/pages\/7228\/revisions\/7235"}],"wp:attachment":[{"href":"https:\/\/muraste.ee\/vana\/index.php?rest_route=%2Fwp%2Fv2%2Fmedia&parent=7228"}],"curies":[{"name":"wp","href":"https:\/\/api.w.org\/{rel}","templated":true}]}}