{"id":7298,"date":"2019-06-13T23:44:28","date_gmt":"2019-06-13T20:44:28","guid":{"rendered":"https:\/\/muraste.ee\/vana\/?page_id=7298"},"modified":"2019-06-13T23:44:28","modified_gmt":"2019-06-13T20:44:28","slug":"nadal-20-4","status":"publish","type":"page","link":"https:\/\/muraste.ee\/vana\/?page_id=7298","title":{"rendered":"N\u00e4dal 20"},"content":{"rendered":"<h1 class=\"entry-title\" style=\"text-align: center;\"><span style=\"color: #ff00ff;\">N\u00e4dal 20\u00a0Murastes<br \/>\n20.- 26. aprill\u00a02019<\/span><\/h1>\n<div class=\"entry-content\" style=\"text-align: left;\">\n<header class=\"entry-header\">\n<div class=\"entry-content\">\n<div id=\"js_bfj\" class=\"_5pbx userContent _3576\" data-ad-preview=\"message\" data-ft=\"{&quot;tn&quot;:&quot;K&quot;}\">\n<div class=\"entry-content\">\n<p><em>* AT- koolimaja aatrium, SP- spordihoone; KO-kogukonnakeskus; \u00a0 KL- klassiruum; PS \u2013 peegelsaal; SS- s\u00f6\u00f6gisaal, LS- lavasaal, MR- meediaruum<\/em><\/p>\n<p><strong><span style=\"color: #ff6600;\"><span style=\"color: #3366ff;\"><span style=\"color: #339966;\"><span style=\"color: #ff00ff;\">Esmasp\u00e4ev, 20. mai<\/span><br \/>\n<\/span><\/span><span style=\"color: #ff99cc;\"><br \/>\n<\/span><\/span><\/strong>kl 14.40 KO,\u00a0<strong>Fa Stuudio kandlering<\/strong> (lapsed, algajad)<br \/>\nkl 16.15 SP,\u00a0<strong>Judoklubi \u201cAitado\u201d\u00a0Judo<\/strong>\u00a0(alustajad ja uuesti alustajad). \u00a0(www.aitado.ee, Edward, tel 58053039)<br \/>\nkl 17.30 KO, <strong>V\u00e4ikekandleansambel LiULi <\/strong><em>(p\u00f5hikoosseis)<br \/>\n<\/em>kl 17.45 SP,\u00a0<strong>Judoklubi \u201cAitado\u201d\u00a0Judo<\/strong>\u00a0(edasij\u00f5udnud. \u00a0(www.aitado.ee, treener Edward, tel 58053039)<br \/>\nkl 19 AT, \u00a0<strong>Suurupi naiskoor Meretule proov<\/strong><em><br \/>\n<\/em>kl 19 KO, <strong>V\u00e4ikekandleansambel LiULi<\/strong>\u00a0 \u00fcldkoosolek<br \/>\nkl 19 KO, <strong><span style=\"color: #ff0000;\">UUS!<\/span> Muraste Liikumisklubi kutsub: Pr\u00fcgijooks<\/strong><br \/>\n<em>Head murastelased! Muraste Liikumisklubi kutsub k\u00f5iki suuri ja v\u00e4ikseid Pr\u00fcgijooksule! Koguneme kell 19 kogukonnakeskuse (kooli) juures. Proovime \u00e4ra uudse liikumisviisi, mis viimasel ajal Eestis hoogsalt levinud. V\u00f5tke kaasa pr\u00fcgikott ja soovi korral kindad. Liigume k\u00f5ndides v\u00f5i s\u00f6rkides ja korjame samal ajal koduk\u00fclast pisiprahti, \u00fchtlasi t\u00e4histame tagasihoidlikult Muraste Liikumisklubi 6. s\u00fcnnip\u00e4eva. NB! Heade saagipiirkondade (loe: pr\u00fcgiste alade) kaardistamisel on Sinu abi v\u00e4ga teretulnud! Lihtsalt liikuma!<\/em><\/p>\n<p><span style=\"color: #ff00ff;\"><strong style=\"font-size: 1rem;\">\u00a0<a href=\"https:\/\/muraste.ee\/vana\/wp-content\/uploads\/2016\/03\/jooks.jpg\" rel=\"attachment wp-att-7267\"><img decoding=\"async\" loading=\"lazy\" class=\"alignnone size-full wp-image-7267\" src=\"https:\/\/muraste.ee\/vana\/wp-content\/uploads\/2016\/03\/jooks.jpg\" alt=\"jooks\" width=\"664\" height=\"960\" srcset=\"https:\/\/muraste.ee\/vana\/wp-content\/uploads\/2016\/03\/jooks.jpg 664w, https:\/\/muraste.ee\/vana\/wp-content\/uploads\/2016\/03\/jooks-208x300.jpg 208w, https:\/\/muraste.ee\/vana\/wp-content\/uploads\/2016\/03\/jooks-624x902.jpg 624w\" sizes=\"(max-width: 664px) 100vw, 664px\" \/><\/a>Teisip\u00e4ev, 21. mai<\/strong><\/span><\/p>\n<p>kl 14.40 KO, Fa Stuudio <strong>fl\u00f6\u00f6diring<br \/>\n<\/strong>kl 18.30 KL,\u00a0<strong>Inglise keele kursus \u00a0<\/strong>(kesktase B 1.2).\u00a0Lisainfo \u00a0juhendajalt tel 56575575 v\u00f5i marethein@gmail.com (Maret Hein).<br \/>\nkl 19.00 SP, <strong>V\u00f5rkpall. <\/strong><em>Uued m\u00e4ngijad oodatd!<strong><br \/>\n<\/strong><\/em>kl 18.30 PS, <strong>Seltskonnatantsu algkursus<br \/>\n<\/strong>kl 19.45 PS,\u00a0<strong>Seltskonnatantsude harjutustund<\/strong>\u2013 v\u00f5imalus \u00f5pitut kinnistada ja toredas seltskonnas jalga keerutada.<br \/>\nkl 16-18 PS, KO, <strong>Tantsujuhide \u00f5ppep\u00e4ev<br \/>\n<\/strong><br \/>\nT, 21. mai kell 18 AT, <strong><span style=\"color: #ff0000;\">UUS!\u00a0<\/span>Fa Stuudio kevdkontsert<\/strong><br \/>\n<a href=\"https:\/\/muraste.ee\/vana\/wp-content\/uploads\/2016\/03\/fastuudio-1.jpg\" rel=\"attachment wp-att-7247\"><img decoding=\"async\" loading=\"lazy\" class=\"alignnone size-full wp-image-7247\" src=\"https:\/\/muraste.ee\/vana\/wp-content\/uploads\/2016\/03\/fastuudio-1.jpg\" alt=\"fastuudio\" width=\"678\" height=\"960\" srcset=\"https:\/\/muraste.ee\/vana\/wp-content\/uploads\/2016\/03\/fastuudio-1.jpg 678w, https:\/\/muraste.ee\/vana\/wp-content\/uploads\/2016\/03\/fastuudio-1-212x300.jpg 212w, https:\/\/muraste.ee\/vana\/wp-content\/uploads\/2016\/03\/fastuudio-1-624x884.jpg 624w\" sizes=\"(max-width: 678px) 100vw, 678px\" \/><\/a><\/p>\n<p><strong><span style=\"color: #339966;\"><span style=\"color: #ff00ff;\">Kolmap\u00e4ev, 22. mai<br \/>\n<\/span><br \/>\n<\/span><\/strong>kl 14.40 KO, Fa Stuudio <strong>kandlering<\/strong> (lapsed, edasij\u00f5udnud)<br \/>\nkl 15 PS,\u00a0<strong>Showtants &amp; cheerleading<\/strong>. Lisainfo bron@prodance.ee, tel 55577821<br \/>\nkl 16.15 SP,\u00a0Judoklubi \u201cAitado\u201d\u00a0<strong>Judo<\/strong>\u00a0(alustajad ja uuesti alustajad). \u00a0(www.aitado.ee, Edward, tel 58053039)\u00a0NB! 7-9 aastased spordis\u00f5brad, veel on vabu kohti treeningr\u00fchmaga liitumiseks!<br \/>\nkl 17 KL, <strong><a href=\"https:\/\/muraste.ee\/vana\/?p=5969\" target=\"_blank\">MUDELISMIRING<\/a> <\/strong>algajatele. Juhendab Andres Madissoo<br \/>\nkl 18 KL, <strong><span style=\"color: #339966;\"><a style=\"color: #339966;\" href=\"https:\/\/muraste.ee\/vana\/?p=6938\" target=\"_blank\">Gordoni perekool<\/a>;<\/span><br \/>\n<\/strong>kl 18.15 KL, <strong><a href=\"https:\/\/muraste.ee\/vana\/?p=5969\" target=\"_blank\">MUDELISMIRING<\/a><\/strong> edasij\u00f5udnutele. Juhendab Andres Madissoo<br \/>\nkl 17.45 SP,\u00a0Judoklubi \u201cAitado\u201d\u00a0<strong>Judo<\/strong>\u00a0(edasij\u00f5udnud. \u00a0(www.aitado.ee, treener Edward, tel 58053039)<br \/>\nkl 18 PS,\u00a0<strong><a href=\"https:\/\/muraste.ee\/vana\/?p=6090\" target=\"_blank\">Line-tants<\/a>!\u00a0<\/strong><strong>NB!\u00a0<\/strong><strong>K\u00f5ik uued ja senised tantsijad on oodatud!<br \/>\n<\/strong>kl 19 KL, \u00a0<strong>Inglise keele kursus<\/strong>\u00a0(algtase A2) uuesti alustajatele ja algajatele. Lisainfo \u00a0juhendajalt tel 56575575 v\u00f5i marethein@gmail.com (Maret Hein).<\/p>\n<p>kl 18 KO, <span style=\"color: #ff0000;\"><strong>UUS!<\/strong><\/span> Kandletund algatajele!\u00a0<strong><em><span style=\"color: #ff0000;\">OLULINE TEADE!\u00a0<\/span><a href=\"https:\/\/muraste.ee\/vana\/wp-content\/uploads\/2016\/03\/kannel-1.jpg\" rel=\"attachment wp-att-7239\"><img decoding=\"async\" loading=\"lazy\" class=\"size-medium wp-image-7239 alignright\" src=\"https:\/\/muraste.ee\/vana\/wp-content\/uploads\/2016\/03\/kannel-1-300x168.jpg\" alt=\"kannel\" width=\"300\" height=\"168\" srcset=\"https:\/\/muraste.ee\/vana\/wp-content\/uploads\/2016\/03\/kannel-1-300x168.jpg 300w, https:\/\/muraste.ee\/vana\/wp-content\/uploads\/2016\/03\/kannel-1-128x72.jpg 128w, https:\/\/muraste.ee\/vana\/wp-content\/uploads\/2016\/03\/kannel-1.jpg 526w\" sizes=\"(max-width: 300px) 100vw, 300px\" \/><\/a><br \/>\n<\/em><\/strong>J\u00e4rgmised kursuse toimumise ajad kell 18-20.<br \/>\n3. juuni, 13. juuni.<\/p>\n<\/div>\n<div class=\"entry-content\">\n<header class=\"entry-header\">\n<div class=\"entry-content\">\n<div id=\"js_bfj\" class=\"_5pbx userContent _3576\" data-ad-preview=\"message\" data-ft=\"{&quot;tn&quot;:&quot;K&quot;}\">\n<p><span style=\"color: #ff00ff;\"><strong>Neljap\u00e4ev, 23. mai<br \/>\n<\/strong><\/span><em><br \/>\n<\/em>kl 13.40 \u2013 (18.15) KO, <strong>Triinu laulustuudio <\/strong>(juhendab Anett Vaikmaa)<strong><br \/>\n<\/strong>kl\u00a019.00\u00a0KO,\u00a0<strong>Inglise keele\u00a0kursus<\/strong> edasij\u00f5udnutele\u00a0(eel-kesktase B 1.1) \u00a0Lisainfo \u00a0juhendajalt tel 56575575 v\u00f5i marethein@gmail.com (Maret Hein).<br \/>\nkl 18.30 AT, <strong>N\u00c4ITERING, <\/strong>juhendab Anne Veesaar.<\/p>\n<p><span style=\"color: #ff00ff;\"><strong>Reede, 24. mai<\/strong><\/span><\/p>\n<p>kl 15 PS,\u00a0<strong>Showtants &amp; cheerleading<\/strong>. Lisainfo bron@prodance.ee, tel 55577821<br \/>\nkl 17.45 SP,\u00a0<strong>Judoklubi \u201cAitado\u201d\u00a0Judo<\/strong>\u00a0(edasij\u00f5udnud. \u00a0(www.aitado.ee, treener Edward, tel 58053039)<\/p>\n<\/div>\n<\/div>\n<\/header>\n<div class=\"entry-content\">\n<div id=\"js_bfj\" class=\"_5pbx userContent _3576\" data-ad-preview=\"message\" data-ft=\"{&quot;tn&quot;:&quot;K&quot;}\">\n<p><span style=\"color: #ff00ff;\"><strong>TULEKUL<\/strong><\/span><\/p>\n<p>Muraste k\u00fclaseltsi \u00fcldkoosolek (info tulekul)<\/p>\n<p><strong><span style=\"color: #339966;\"><a style=\"color: #339966;\" href=\"https:\/\/muraste.ee\/vana\/?p=6574&amp;fbclid=IwAR2QSQfT4gkgut25GCYcvoQsUVRZZRICU2d_3VrF8B-iaUIHgj-cjAXj-VU\" target=\"_blank\">HOIAME K\u00dcLA PUHTANA!<\/a>\u00a0LOE EDASI <a style=\"color: #339966;\" href=\"https:\/\/muraste.ee\/vana\/?p=6574&amp;fbclid=IwAR2QSQfT4gkgut25GCYcvoQsUVRZZRICU2d_3VrF8B-iaUIHgj-cjAXj-VU\" target=\"_blank\">SIIT<\/a><br \/>\n<\/span><\/strong><\/p>\n<p><a href=\"https:\/\/muraste.ee\/vana\/wp-content\/uploads\/2018\/12\/prygi5.png\" rel=\"attachment wp-att-6581\"><img decoding=\"async\" loading=\"lazy\" class=\"alignnone size-full wp-image-6581\" src=\"https:\/\/muraste.ee\/vana\/wp-content\/uploads\/2018\/12\/prygi5.png\" alt=\"prygi5\" width=\"777\" height=\"437\" srcset=\"https:\/\/muraste.ee\/vana\/wp-content\/uploads\/2018\/12\/prygi5.png 777w, https:\/\/muraste.ee\/vana\/wp-content\/uploads\/2018\/12\/prygi5-300x169.png 300w, https:\/\/muraste.ee\/vana\/wp-content\/uploads\/2018\/12\/prygi5-768x432.png 768w, https:\/\/muraste.ee\/vana\/wp-content\/uploads\/2018\/12\/prygi5-624x351.png 624w, https:\/\/muraste.ee\/vana\/wp-content\/uploads\/2018\/12\/prygi5-128x72.png 128w\" sizes=\"(max-width: 777px) 100vw, 777px\" \/><\/a><\/p>\n<p><em><strong><span style=\"color: #800080;\"><a href=\"https:\/\/muraste.ee\/vana\/wp-content\/uploads\/2016\/03\/hardi2.jpg\" rel=\"attachment wp-att-7244\"><img decoding=\"async\" loading=\"lazy\" class=\"size-medium wp-image-7244 alignright\" src=\"https:\/\/muraste.ee\/vana\/wp-content\/uploads\/2016\/03\/hardi2-300x199.jpg\" alt=\"hardi2\" width=\"300\" height=\"199\" srcset=\"https:\/\/muraste.ee\/vana\/wp-content\/uploads\/2016\/03\/hardi2-300x199.jpg 300w, https:\/\/muraste.ee\/vana\/wp-content\/uploads\/2016\/03\/hardi2-768x510.jpg 768w, https:\/\/muraste.ee\/vana\/wp-content\/uploads\/2016\/03\/hardi2-624x414.jpg 624w, https:\/\/muraste.ee\/vana\/wp-content\/uploads\/2016\/03\/hardi2.jpg 1000w\" sizes=\"(max-width: 300px) 100vw, 300px\" \/><\/a>PAKKUMISEL T\u00d6\u00d6SUTSAK<\/span><br \/>\n<\/strong><\/em><\/p>\n<div id=\"js_e64\" class=\"_5pbx userContent _3576\" data-testid=\"post_message\" data-ft=\"{&quot;tn&quot;:&quot;K&quot;}\">\n<p>Meie oma k\u00fcla mees Hardi vajab paari tugevat meest appi aiat\u00f6\u00f6\u00f6dele. Kui saad abik\u00e4e ulatada, siis kirjuta otse Hardile -hardivolmer@gmail.com.<br \/>\nAitame filmi-kunsti-muusikameest, eks!<\/p>\n<\/div>\n<div class=\"_3x-2\" data-ft=\"{&quot;tn&quot;:&quot;H&quot;}\"><\/div>\n<p><em><strong><br \/>\n<\/strong><\/em><strong><span style=\"color: #ff6600;\">TEADETETAHVEL<\/span><\/strong><\/p>\n<\/div>\n<\/div>\n<\/div>\n<\/div>\n<\/div>\n<\/header>\n<div class=\"entry-content\">\n<p><span style=\"color: #3366ff;\"><a style=\"color: #3366ff;\" href=\"https:\/\/muraste.ee\/vana\/wp-content\/uploads\/2016\/03\/stend.jpg\" rel=\"attachment wp-att-3740\"><img decoding=\"async\" loading=\"lazy\" class=\"size-medium wp-image-3740 alignright\" src=\"https:\/\/muraste.ee\/vana\/wp-content\/uploads\/2016\/03\/stend-300x224.jpg\" sizes=\"(max-width: 300px) 100vw, 300px\" srcset=\"https:\/\/muraste.ee\/vana\/wp-content\/uploads\/2016\/03\/stend-300x224.jpg 300w, https:\/\/muraste.ee\/vana\/wp-content\/uploads\/2016\/03\/stend-768x572.jpg 768w, https:\/\/muraste.ee\/vana\/wp-content\/uploads\/2016\/03\/stend-1024x763.jpg 1024w, https:\/\/muraste.ee\/vana\/wp-content\/uploads\/2016\/03\/stend-624x465.jpg 624w, https:\/\/muraste.ee\/vana\/wp-content\/uploads\/2016\/03\/stend.jpg 1300w\" alt=\"stend\" width=\"300\" height=\"224\" \/><\/a><\/span><\/p>\n<\/div>\n<header class=\"entry-header\">\n<div class=\"entry-content\">\n<div class=\"_1mf _1mj\" data-offset-key=\"cki46-0-0\">\n<p><strong>Teadmiseks:\u00a0<\/strong>Muraste igan\u00e4dalase e-infokirjaga liitumiseks saada sellekohane teade muraste@muraste.ee<br \/>\n<strong>Muraste kogukonnakeskus\u00a0<\/strong>(Lee tee 9, Muraste) avatud E-N 10 -18, R ja muudel aegadel vastavalt tegevustele<br \/>\n<strong>T\u00e4psustused ja info:<\/strong>\u00a0kogukonnakeskus@muraste.ee;\u00a05253128 (Aule Kikas).<\/p>\n<\/div>\n<\/div>\n<\/header>\n<\/div>\n","protected":false},"excerpt":{"rendered":"<p>N\u00e4dal 20\u00a0Murastes 20.- 26. aprill\u00a02019 * AT- koolimaja aatrium, SP- spordihoone; KO-kogukonnakeskus; \u00a0 KL- klassiruum; PS \u2013 peegelsaal; SS- s\u00f6\u00f6gisaal, LS- lavasaal, MR- meediaruum Esmasp\u00e4ev, 20. mai kl 14.40 KO,\u00a0Fa Stuudio kandlering (lapsed, algajad) kl 16.15 SP,\u00a0Judoklubi \u201cAitado\u201d\u00a0Judo\u00a0(alustajad ja uuesti alustajad). \u00a0(www.aitado.ee, Edward, tel 58053039) kl 17.30 KO, V\u00e4ikekandleansambel LiULi (p\u00f5hikoosseis) kl 17.45 SP,\u00a0Judoklubi \u201cAitado\u201d\u00a0Judo\u00a0(edasij\u00f5udnud.<a class=\"moretag\" href=\"https:\/\/muraste.ee\/vana\/?page_id=7298\"><br \/>&#8230;Loe edasi<\/a><\/p>\n","protected":false},"author":2,"featured_media":0,"parent":0,"menu_order":0,"comment_status":"closed","ping_status":"closed","template":"nadalakava.php","meta":{"_bbp_topic_count":0,"_bbp_reply_count":0,"_bbp_total_topic_count":0,"_bbp_total_reply_count":0,"_bbp_voice_count":0,"_bbp_anonymous_reply_count":0,"_bbp_topic_count_hidden":0,"_bbp_reply_count_hidden":0,"_bbp_forum_subforum_count":0,"_mc_calendar":[]},"_links":{"self":[{"href":"https:\/\/muraste.ee\/vana\/index.php?rest_route=\/wp\/v2\/pages\/7298"}],"collection":[{"href":"https:\/\/muraste.ee\/vana\/index.php?rest_route=\/wp\/v2\/pages"}],"about":[{"href":"https:\/\/muraste.ee\/vana\/index.php?rest_route=\/wp\/v2\/types\/page"}],"author":[{"embeddable":true,"href":"https:\/\/muraste.ee\/vana\/index.php?rest_route=\/wp\/v2\/users\/2"}],"replies":[{"embeddable":true,"href":"https:\/\/muraste.ee\/vana\/index.php?rest_route=%2Fwp%2Fv2%2Fcomments&post=7298"}],"version-history":[{"count":1,"href":"https:\/\/muraste.ee\/vana\/index.php?rest_route=\/wp\/v2\/pages\/7298\/revisions"}],"predecessor-version":[{"id":7300,"href":"https:\/\/muraste.ee\/vana\/index.php?rest_route=\/wp\/v2\/pages\/7298\/revisions\/7300"}],"wp:attachment":[{"href":"https:\/\/muraste.ee\/vana\/index.php?rest_route=%2Fwp%2Fv2%2Fmedia&parent=7298"}],"curies":[{"name":"wp","href":"https:\/\/api.w.org\/{rel}","templated":true}]}}