{"id":7443,"date":"2019-09-03T10:02:53","date_gmt":"2019-09-03T07:02:53","guid":{"rendered":"https:\/\/muraste.ee\/vana\/?page_id=7443"},"modified":"2019-09-03T10:03:16","modified_gmt":"2019-09-03T07:03:16","slug":"suvi","status":"publish","type":"page","link":"https:\/\/muraste.ee\/vana\/?page_id=7443","title":{"rendered":"Suvi"},"content":{"rendered":"<h1><span style=\"color: #339966;\">Suvi 2019\u00a0Murastes<\/span><\/h1>\n<header class=\"entry-header\"><strong>\u00a0PALUME ABILISI:<\/strong><br \/>\n\u2013 rulapargi haljastustoimkonda \u00a0\u2013 oodatud eelk\u00f5ige aktiivsete rulapargi kasutajate vanemad;)<br \/>\n\u2013 m\u00e4nguv\u00e4ljaku hooldustoimkonda (pr\u00fcgi) \u2013 (oodatud eelk\u00f5ige m\u00e4nguv\u00e4ljaku kasutajad)<br \/>\nV\u00f5ta \u00fchendust Aulega 5253128 v\u00f5i muraste@muraste.ee<\/p>\n<p><strong>SELLE SUVEL MURASTES<\/strong><\/p>\n<p>UUS INFO TULEKUL! Seniks v\u00f5imleme!<\/p>\n<\/header>\n<p>https:\/\/youtu.be\/Tt6pJif6BTI<\/p>\n<header class=\"entry-header\">\n<div class=\"entry-content\">\n<header class=\"entry-header\">\n<div class=\"entry-content\">\n<div id=\"js_bfj\" class=\"_5pbx userContent _3576\" data-ad-preview=\"message\" data-ft=\"{&quot;tn&quot;:&quot;K&quot;}\">\n<div class=\"entry-content\">\n<p><a href=\"https:\/\/youtu.be\/Tt6pJif6BTI?t=104\"><strong>S\u00dcGISPERIOODIKS VALMIS!<\/strong><\/a><br \/>\n<a href=\"https:\/\/youtu.be\/Tt6pJif6BTI?t=104\" rel=\"attachment wp-att-7313\"><img decoding=\"async\" loading=\"lazy\" class=\"alignnone size-full wp-image-7313\" src=\"https:\/\/muraste.ee\/vana\/wp-content\/uploads\/2016\/03\/revalia_muraste_FB.jpg\" sizes=\"(max-width: 1080px) 100vw, 1080px\" srcset=\"https:\/\/muraste.ee\/vana\/wp-content\/uploads\/2016\/03\/revalia_muraste_FB-212x300.jpg 212w, https:\/\/muraste.ee\/vana\/wp-content\/uploads\/2016\/03\/revalia_muraste_FB-768x1086.jpg 768w, https:\/\/muraste.ee\/vana\/wp-content\/uploads\/2016\/03\/revalia_muraste_FB-724x1024.jpg 724w, https:\/\/muraste.ee\/vana\/wp-content\/uploads\/2016\/03\/revalia_muraste_FB-624x882.jpg 624w, https:\/\/muraste.ee\/vana\/wp-content\/uploads\/2016\/03\/revalia_muraste_FB.jpg 1080w\" alt=\"revalia_muraste_FB\" width=\"1080\" height=\"1527\" \/><\/a><\/p>\n<\/div>\n<div class=\"entry-content\">\n<header class=\"entry-header\">\n<div class=\"entry-content\">\n<div id=\"js_bfj\" class=\"_5pbx userContent _3576\" data-ad-preview=\"message\" data-ft=\"{&quot;tn&quot;:&quot;K&quot;}\">\n<p><strong><a href=\"https:\/\/muraste.ee\/vana\/?p=6574&amp;fbclid=IwAR2QSQfT4gkgut25GCYcvoQsUVRZZRICU2d_3VrF8B-iaUIHgj-cjAXj-VU\" target=\"_blank\">HOIAME K\u00dcLA PUHTANA!<\/a>\u00a0LOE EDASI <a href=\"https:\/\/muraste.ee\/vana\/?p=6574&amp;fbclid=IwAR2QSQfT4gkgut25GCYcvoQsUVRZZRICU2d_3VrF8B-iaUIHgj-cjAXj-VU\" target=\"_blank\">SIIT<\/a><br \/>\n<\/strong><\/p>\n<\/div>\n<\/div>\n<\/header>\n<div class=\"entry-content\">\n<div id=\"js_bfj\" class=\"_5pbx userContent _3576\" data-ad-preview=\"message\" data-ft=\"{&quot;tn&quot;:&quot;K&quot;}\">\n<p><a href=\"https:\/\/muraste.ee\/vana\/wp-content\/uploads\/2018\/12\/prygi5.png\" rel=\"attachment wp-att-6581\"><img decoding=\"async\" loading=\"lazy\" class=\"alignnone size-full wp-image-6581\" src=\"https:\/\/muraste.ee\/vana\/wp-content\/uploads\/2018\/12\/prygi5.png\" sizes=\"(max-width: 777px) 100vw, 777px\" srcset=\"https:\/\/muraste.ee\/vana\/wp-content\/uploads\/2018\/12\/prygi5-300x169.png 300w, https:\/\/muraste.ee\/vana\/wp-content\/uploads\/2018\/12\/prygi5-768x432.png 768w, https:\/\/muraste.ee\/vana\/wp-content\/uploads\/2018\/12\/prygi5-624x351.png 624w, https:\/\/muraste.ee\/vana\/wp-content\/uploads\/2018\/12\/prygi5-128x72.png 128w, https:\/\/muraste.ee\/vana\/wp-content\/uploads\/2018\/12\/prygi5.png 777w\" alt=\"prygi5\" width=\"777\" height=\"437\" \/><\/a><\/p>\n<p><em><strong>\u00a0<\/strong><\/em><\/p>\n<div id=\"js_e64\" class=\"_5pbx userContent _3576\" data-testid=\"post_message\" data-ft=\"{&quot;tn&quot;:&quot;K&quot;}\"><strong>JUBA L\u00c4BI:<\/strong><\/div>\n<div class=\"_5pbx userContent _3576\" data-testid=\"post_message\" data-ft=\"{&quot;tn&quot;:&quot;K&quot;}\"><\/div>\n<div class=\"_3x-2\" data-ft=\"{&quot;tn&quot;:&quot;H&quot;}\">\n<p>18. juuli Harku valla k\u00fclade n\u00e4dala Muraste p\u00e4ev \u201cKodus on p\u00e4ike nii soe\u201d. Kava ja kokkuv\u00f5te \u00a0<strong><a href=\"https:\/\/muraste.ee\/vana\/?p=7335\">SIIN<\/a><\/strong><\/p>\n<p>27. juuli kell 19 Muraste k\u00fcla(seltsi)koosolek-k\u00fclakonverents. LKava ja kokkuv\u00f5te on <strong>SIIN<\/strong><\/p>\n<p>23. juuni kell 19 jaanituli Muraste paeplatsil.<\/p>\n<p>20. juuni kl 18 \u2013 korteri- ja suvila\u00fchistute \u00a0koosolekud (koolimajas)<\/p>\n<p>19. juuni \u00a0kell 18 \u2013 N\u00e4ohoolduse t\u00f6\u00f6tuba<\/p>\n<p>17. juuni kell 19 \u2013 rulapargi haljastust\u00f6\u00f6d \u2013 abik\u00e4ed palutud ja oodatud!<\/p>\n<div class=\"entry-content\">\n<header class=\"entry-header\">\n<div class=\"entry-content\">\n<div id=\"js_bfj\" class=\"_5pbx userContent _3576\" data-ad-preview=\"message\" data-ft=\"{&quot;tn&quot;:&quot;K&quot;}\">\n<div class=\"entry-content\">\n<p>14. juuni kell 20 \u2013 \u00a0Mummi Trahteri s\u00fcnnip\u00e4ev<\/p>\n<\/div>\n<\/div>\n<\/div>\n<\/header>\n<\/div>\n<\/div>\n<div class=\"_3x-2\" data-ft=\"{&quot;tn&quot;:&quot;H&quot;}\">11. juuni kell 18: filmi\u00f5htu \u201cOtt T\u00e4nak. The movie\u201d<\/div>\n<div class=\"_3x-2\" data-ft=\"{&quot;tn&quot;:&quot;H&quot;}\"><\/div>\n<p><em><strong><br \/>\n<\/strong><\/em><strong>TEADETETAHVEL<\/strong><\/p>\n<\/div>\n<\/div>\n<\/div>\n<\/div>\n<\/div>\n<\/header>\n<div class=\"entry-content\">\n<p><a href=\"https:\/\/muraste.ee\/vana\/wp-content\/uploads\/2016\/03\/stend.jpg\" rel=\"attachment wp-att-3740\"><img decoding=\"async\" loading=\"lazy\" class=\"size-medium wp-image-3740 alignright\" src=\"https:\/\/muraste.ee\/vana\/wp-content\/uploads\/2016\/03\/stend-300x224.jpg\" sizes=\"(max-width: 300px) 100vw, 300px\" srcset=\"https:\/\/muraste.ee\/vana\/wp-content\/uploads\/2016\/03\/stend-300x224.jpg 300w, https:\/\/muraste.ee\/vana\/wp-content\/uploads\/2016\/03\/stend-768x572.jpg 768w, https:\/\/muraste.ee\/vana\/wp-content\/uploads\/2016\/03\/stend-1024x763.jpg 1024w, https:\/\/muraste.ee\/vana\/wp-content\/uploads\/2016\/03\/stend-624x465.jpg 624w, https:\/\/muraste.ee\/vana\/wp-content\/uploads\/2016\/03\/stend.jpg 1300w\" alt=\"stend\" width=\"300\" height=\"224\" \/><\/a><\/p>\n<\/div>\n<header class=\"entry-header\">\n<div class=\"entry-content\">\n<div class=\"_1mf _1mj\" data-offset-key=\"cki46-0-0\">\n<p><strong>Teadmiseks:\u00a0<\/strong>Muraste igan\u00e4dalase e-infokirjaga liitumiseks saada sellekohane teade muraste@muraste.ee<br \/>\n<strong>Muraste kogukonnakeskus\u00a0<\/strong>(Lee tee 9, Muraste) avatud E-N 10 -18, R ja muudel aegadel vastavalt tegevustele<br \/>\n<strong>T\u00e4psustused ja info:<\/strong>\u00a0kogukonnakeskus@muraste.ee;\u00a05253128 (Aule Kikas).<\/p>\n<p>&nbsp;<\/p>\n<\/div>\n<\/div>\n<\/header>\n<p>&nbsp;<\/p>\n<\/div>\n<\/header>\n","protected":false},"excerpt":{"rendered":"<p>Suvi 2019\u00a0Murastes \u00a0PALUME ABILISI: \u2013 rulapargi haljastustoimkonda \u00a0\u2013 oodatud eelk\u00f5ige aktiivsete rulapargi kasutajate vanemad;) \u2013 m\u00e4nguv\u00e4ljaku hooldustoimkonda (pr\u00fcgi) \u2013 (oodatud eelk\u00f5ige m\u00e4nguv\u00e4ljaku kasutajad) V\u00f5ta \u00fchendust Aulega 5253128 v\u00f5i muraste@muraste.ee SELLE SUVEL MURASTES UUS INFO TULEKUL! Seniks v\u00f5imleme! https:\/\/youtu.be\/Tt6pJif6BTI S\u00dcGISPERIOODIKS VALMIS! HOIAME K\u00dcLA PUHTANA!\u00a0LOE EDASI SIIT \u00a0 JUBA L\u00c4BI: 18. juuli Harku valla k\u00fclade n\u00e4dala Muraste<a class=\"moretag\" href=\"https:\/\/muraste.ee\/vana\/?page_id=7443\"><br \/>&#8230;Loe edasi<\/a><\/p>\n","protected":false},"author":2,"featured_media":0,"parent":5790,"menu_order":0,"comment_status":"closed","ping_status":"closed","template":"nadalakava.php","meta":{"_bbp_topic_count":0,"_bbp_reply_count":0,"_bbp_total_topic_count":0,"_bbp_total_reply_count":0,"_bbp_voice_count":0,"_bbp_anonymous_reply_count":0,"_bbp_topic_count_hidden":0,"_bbp_reply_count_hidden":0,"_bbp_forum_subforum_count":0,"_mc_calendar":[]},"_links":{"self":[{"href":"https:\/\/muraste.ee\/vana\/index.php?rest_route=\/wp\/v2\/pages\/7443"}],"collection":[{"href":"https:\/\/muraste.ee\/vana\/index.php?rest_route=\/wp\/v2\/pages"}],"about":[{"href":"https:\/\/muraste.ee\/vana\/index.php?rest_route=\/wp\/v2\/types\/page"}],"author":[{"embeddable":true,"href":"https:\/\/muraste.ee\/vana\/index.php?rest_route=\/wp\/v2\/users\/2"}],"replies":[{"embeddable":true,"href":"https:\/\/muraste.ee\/vana\/index.php?rest_route=%2Fwp%2Fv2%2Fcomments&post=7443"}],"version-history":[{"count":2,"href":"https:\/\/muraste.ee\/vana\/index.php?rest_route=\/wp\/v2\/pages\/7443\/revisions"}],"predecessor-version":[{"id":7445,"href":"https:\/\/muraste.ee\/vana\/index.php?rest_route=\/wp\/v2\/pages\/7443\/revisions\/7445"}],"up":[{"embeddable":true,"href":"https:\/\/muraste.ee\/vana\/index.php?rest_route=\/wp\/v2\/pages\/5790"}],"wp:attachment":[{"href":"https:\/\/muraste.ee\/vana\/index.php?rest_route=%2Fwp%2Fv2%2Fmedia&parent=7443"}],"curies":[{"name":"wp","href":"https:\/\/api.w.org\/{rel}","templated":true}]}}