{"id":752,"date":"2016-03-07T19:07:32","date_gmt":"2016-03-07T17:07:32","guid":{"rendered":"https:\/\/muraste.ee\/vana\/?page_id=752"},"modified":"2023-02-20T17:10:42","modified_gmt":"2023-02-20T15:10:42","slug":"uudised-2","status":"publish","type":"page","link":"https:\/\/muraste.ee\/vana\/","title":{"rendered":"UUDISED"},"content":{"rendered":"<p>20.02.2016Muraste k\u00fclaselts kutsub k\u00f5iki l\u00e4hedalt ja kaugelt 23. veebruaril Eesti Vabariigi 98. s\u00fcnnip\u00e4evale p\u00fchendatud \u00d6\u00d6MATKALE.<\/p>\n<p>Kuuendat korda toimuval retkel on kaks alguspunkti:<br \/>\n\u2013 kell 20 Muraste m\u00f5isa juures (retkejuht Katre Kuusik) ja<br \/>\n\u2013 kell 20.30 Rannam\u00f5isa kiriku juures (retkejuht Harku Rannikukaitse \u00dcksikkompanii) koos piduliku rivistusega.<\/p>\n<p>Matka l\u00f5pp-punktis ehk Muraste paeplatsil on k\u00f5iki ootamas kuum l\u00f5ke, isamaaline k\u00f5ne, soe supp, helisev naiskoor, muhe pillimees, v\u00f5imas \u00fchislaul ja veel muudki!<\/p>\n<p>Retkele v\u00f5tke kaasa meeleolu looma lipud, t\u00f5rvikud, meelep\u00e4rane rahvuslik s\u00fcmboolika.<\/p>\n","protected":false},"excerpt":{"rendered":"<p>20.02.2016Muraste k\u00fclaselts kutsub k\u00f5iki l\u00e4hedalt ja kaugelt 23. veebruaril Eesti Vabariigi 98. s\u00fcnnip\u00e4evale p\u00fchendatud \u00d6\u00d6MATKALE. Kuuendat korda toimuval retkel on kaks alguspunkti: \u2013 kell 20 Muraste m\u00f5isa juures (retkejuht Katre Kuusik) ja \u2013 kell 20.30 Rannam\u00f5isa kiriku juures (retkejuht Harku Rannikukaitse \u00dcksikkompanii) koos piduliku rivistusega. Matka l\u00f5pp-punktis ehk Muraste paeplatsil on k\u00f5iki ootamas kuum l\u00f5ke,<a class=\"moretag\" href=\"https:\/\/muraste.ee\/vana\/\"><br \/>&#8230;Loe edasi<\/a><\/p>\n","protected":false},"author":2,"featured_media":7844,"parent":0,"menu_order":0,"comment_status":"closed","ping_status":"closed","template":"uudised.php","meta":{"_bbp_topic_count":0,"_bbp_reply_count":0,"_bbp_total_topic_count":0,"_bbp_total_reply_count":0,"_bbp_voice_count":0,"_bbp_anonymous_reply_count":0,"_bbp_topic_count_hidden":0,"_bbp_reply_count_hidden":0,"_bbp_forum_subforum_count":0,"_mc_calendar":[]},"_links":{"self":[{"href":"https:\/\/muraste.ee\/vana\/index.php?rest_route=\/wp\/v2\/pages\/752"}],"collection":[{"href":"https:\/\/muraste.ee\/vana\/index.php?rest_route=\/wp\/v2\/pages"}],"about":[{"href":"https:\/\/muraste.ee\/vana\/index.php?rest_route=\/wp\/v2\/types\/page"}],"author":[{"embeddable":true,"href":"https:\/\/muraste.ee\/vana\/index.php?rest_route=\/wp\/v2\/users\/2"}],"replies":[{"embeddable":true,"href":"https:\/\/muraste.ee\/vana\/index.php?rest_route=%2Fwp%2Fv2%2Fcomments&post=752"}],"version-history":[{"count":4,"href":"https:\/\/muraste.ee\/vana\/index.php?rest_route=\/wp\/v2\/pages\/752\/revisions"}],"predecessor-version":[{"id":9575,"href":"https:\/\/muraste.ee\/vana\/index.php?rest_route=\/wp\/v2\/pages\/752\/revisions\/9575"}],"wp:featuredmedia":[{"embeddable":true,"href":"https:\/\/muraste.ee\/vana\/index.php?rest_route=\/wp\/v2\/media\/7844"}],"wp:attachment":[{"href":"https:\/\/muraste.ee\/vana\/index.php?rest_route=%2Fwp%2Fv2%2Fmedia&parent=752"}],"curies":[{"name":"wp","href":"https:\/\/api.w.org\/{rel}","templated":true}]}}