{"id":7534,"date":"2019-09-22T22:07:50","date_gmt":"2019-09-22T19:07:50","guid":{"rendered":"https:\/\/muraste.ee\/vana\/?page_id=7534"},"modified":"2019-10-03T17:04:43","modified_gmt":"2019-10-03T14:04:43","slug":"nadal-38-4","status":"publish","type":"page","link":"https:\/\/muraste.ee\/vana\/?page_id=7534","title":{"rendered":"N\u00e4dal 38"},"content":{"rendered":"<h1 class=\"entry-title\" style=\"text-align: center;\"><span style=\"color: #ff6600;\">N\u00c4DAL 38\u00a0MURASTES<\/span><\/h1>\n<div class=\"entry-content\">\n<header class=\"entry-header\">\n<div class=\"entry-content\">\n<div id=\"js_bfj\" class=\"_5pbx userContent _3576\" data-ad-preview=\"message\" data-ft=\"{&quot;tn&quot;:&quot;K&quot;}\">\n<div class=\"entry-content\">\n<p><em>* AT- koolimaja aatrium, SP- spordihoone; KO-kogukonnakeskus; \u00a0 KL- klassiruum; PS \u2013 peegelsaal; SS- s\u00f6\u00f6gisaal, LS- lavasaal, MR- meediaruum<\/em><\/p>\n<p><span style=\"color: #800000;\"><strong>ESMASP\u00c4EV, 16. september<a href=\"https:\/\/muraste.ee\/vana\/wp-content\/uploads\/2016\/03\/2019.jpg\" rel=\"attachment wp-att-7450\"><img decoding=\"async\" loading=\"lazy\" class=\"wp-image-7450 size-medium alignright\" src=\"https:\/\/muraste.ee\/vana\/wp-content\/uploads\/2016\/03\/2019-300x287.jpg\" alt=\"2019\" width=\"300\" height=\"287\" srcset=\"https:\/\/muraste.ee\/vana\/wp-content\/uploads\/2016\/03\/2019-300x287.jpg 300w, https:\/\/muraste.ee\/vana\/wp-content\/uploads\/2016\/03\/2019-768x735.jpg 768w, https:\/\/muraste.ee\/vana\/wp-content\/uploads\/2016\/03\/2019-1024x980.jpg 1024w, https:\/\/muraste.ee\/vana\/wp-content\/uploads\/2016\/03\/2019-624x597.jpg 624w\" sizes=\"(max-width: 300px) 100vw, 300px\" \/><\/a><\/strong><\/span><br \/>\nkl 14 PS, <strong>MyDance tantsutund<\/strong> (I-II kl, www.mydance.ee)<br \/>\nkl 15 PS, <strong>MyDance tantsutund<\/strong> (III-IV kl,\u00a0www.mydance.ee)<br \/>\nkl 15.40-16.25 KO, Fa Stuudio <strong>kandlering<\/strong> edasij\u00f5udnutele<br \/>\nkl 16-18.30 Lahe Huvikooli <strong>eelkool. <\/strong>(www.lahehuvikool.ee)<br \/>\nkl 17.30 KO, <strong>V\u00e4ikekandleansambel LiULi<\/strong> (p\u00f5hikoosseis)<br \/>\nkl 19.00 KO, <strong>V\u00e4ikekandleansambel LiULi<\/strong> (alustajad)<br \/>\nkl 19.00 AT, <strong>Suurupi naiskoor Meretule<\/strong><br \/>\nkl 20 PS, <strong>Aeroobika<\/strong> (treener Kaja Tuisk)<br \/>\n<a href=\"https:\/\/muraste.ee\/vana\/wp-content\/uploads\/2016\/03\/aeroouus.jpg\" rel=\"attachment wp-att-7449\"><img decoding=\"async\" loading=\"lazy\" class=\"alignnone size-medium wp-image-7449\" src=\"https:\/\/muraste.ee\/vana\/wp-content\/uploads\/2016\/03\/aeroouus-300x169.jpg\" alt=\"aeroouus\" width=\"300\" height=\"169\" srcset=\"https:\/\/muraste.ee\/vana\/wp-content\/uploads\/2016\/03\/aeroouus-300x169.jpg 300w, https:\/\/muraste.ee\/vana\/wp-content\/uploads\/2016\/03\/aeroouus-768x432.jpg 768w, https:\/\/muraste.ee\/vana\/wp-content\/uploads\/2016\/03\/aeroouus-624x351.jpg 624w, https:\/\/muraste.ee\/vana\/wp-content\/uploads\/2016\/03\/aeroouus-128x72.jpg 128w, https:\/\/muraste.ee\/vana\/wp-content\/uploads\/2016\/03\/aeroouus.jpg 960w\" sizes=\"(max-width: 300px) 100vw, 300px\" \/><\/a>\u00a0<a href=\"https:\/\/muraste.ee\/vana\/wp-content\/uploads\/2016\/03\/eelkool.jpg\" rel=\"attachment wp-att-7460\"><img decoding=\"async\" loading=\"lazy\" class=\"alignnone size-medium wp-image-7460\" src=\"https:\/\/muraste.ee\/vana\/wp-content\/uploads\/2016\/03\/eelkool-300x202.jpg\" alt=\"eelkool\" width=\"300\" height=\"202\" srcset=\"https:\/\/muraste.ee\/vana\/wp-content\/uploads\/2016\/03\/eelkool-300x202.jpg 300w, https:\/\/muraste.ee\/vana\/wp-content\/uploads\/2016\/03\/eelkool-624x421.jpg 624w, https:\/\/muraste.ee\/vana\/wp-content\/uploads\/2016\/03\/eelkool.jpg 750w\" sizes=\"(max-width: 300px) 100vw, 300px\" \/><br \/>\n<\/a><\/p>\n<p><span style=\"color: #800000;\"><strong>TEISIP\u00c4EV, 17. september<img decoding=\"async\" loading=\"lazy\" class=\"wp-image-7313 size-medium alignright\" src=\"https:\/\/muraste.ee\/vana\/wp-content\/uploads\/2016\/03\/revalia_muraste_FB-212x300.jpg\" alt=\"revalia_muraste_FB\" width=\"212\" height=\"300\" srcset=\"https:\/\/muraste.ee\/vana\/wp-content\/uploads\/2016\/03\/revalia_muraste_FB-212x300.jpg 212w, https:\/\/muraste.ee\/vana\/wp-content\/uploads\/2016\/03\/revalia_muraste_FB-768x1086.jpg 768w, https:\/\/muraste.ee\/vana\/wp-content\/uploads\/2016\/03\/revalia_muraste_FB-724x1024.jpg 724w, https:\/\/muraste.ee\/vana\/wp-content\/uploads\/2016\/03\/revalia_muraste_FB-624x882.jpg 624w, https:\/\/muraste.ee\/vana\/wp-content\/uploads\/2016\/03\/revalia_muraste_FB.jpg 1080w\" sizes=\"(max-width: 212px) 100vw, 212px\" \/><\/strong><\/span><br \/>\nkl 14.30 &#8211; 18.20 KO, <strong>Triinu Laulustuudio <\/strong><em>(klaver ja soololaul)<\/em><br \/>\nkl 18.30 KL,\u00a0<strong>Inglise keele kursus \u00a0<\/strong>(kesktase B 1.2).\u00a0Lisainfo \u00a0juhendajalt tel 56575575 v\u00f5i marethein@gmail.com (Maret Hein).<br \/>\n18.30 PS, <strong>Seltskonnatantsu algkursus<\/strong><em> (alates 24.september, vt juuresolevalt postrilt lisa)<\/em><br \/>\nkl 19 KO, <strong>Figuuris\u00f5brad\u00a0<\/strong><br \/>\nkl 19 SP, <strong>V\u00f5rkpall <\/strong><em>(oodatud k\u00f5ik m\u00e4nguhuvilised)<\/em><br \/>\nkl 19.45 PS, <strong>Seltskonnatantsude harjutustund<br \/>\n<\/strong><strong style=\"color: #800000; font-size: 1rem;\"><a href=\"https:\/\/muraste.ee\/vana\/wp-content\/uploads\/2016\/03\/kaalu.png\" rel=\"attachment wp-att-7493\"><img decoding=\"async\" loading=\"lazy\" class=\"alignnone wp-image-7493 size-medium\" src=\"https:\/\/muraste.ee\/vana\/wp-content\/uploads\/2016\/03\/kaalu-237x300.png\" alt=\"kaalu\" width=\"237\" height=\"300\" srcset=\"https:\/\/muraste.ee\/vana\/wp-content\/uploads\/2016\/03\/kaalu-237x300.png 237w, https:\/\/muraste.ee\/vana\/wp-content\/uploads\/2016\/03\/kaalu-624x789.png 624w, https:\/\/muraste.ee\/vana\/wp-content\/uploads\/2016\/03\/kaalu.png 759w\" sizes=\"(max-width: 237px) 100vw, 237px\" \/><\/a><br \/>\nKOLMAP\u00c4EV, 18. september<br \/>\n<\/strong><span style=\"font-size: 1rem;\">kl 13\u00a0PS, <strong>MyDance tantsutund<\/strong> (I-II kl, www.mydance.ee)<br \/>\nkl 14\u00a0PS, <strong>MyDance tantsutund<\/strong> (III-IV kl,\u00a0www.mydance.ee)<br \/>\nkl 14.40-15.25 KO, Fa Stuudio <strong>kandlering<\/strong>\u00a0algajatele<br \/>\nkl 15.30-16.15 KO, Fa Stuudio <strong>kandlering<\/strong>\u00a0algajatele<br \/>\nkl 15 PS,<strong> Showtants &amp; cheerleading<\/strong>. Lisainfo bron@prodance.ee, tel 55577821<br \/>\nkl 18 -21 KO, <strong>Gordoni perekool<\/strong> (30.10-18.12) Vaata\u00a0lisa <a href=\"https:\/\/muraste.ee\/vana\/?p=7462\" target=\"_blank\">SIIT<\/a><br \/>\nkl 18.30-19.30 PS, <strong>Line-tants<\/strong><br \/>\nkl 19 KL, \u00a0<strong>Inglise keele kursus<\/strong>\u00a0(algtase A2) uuesti alustajatele ja algajatele. Lisainfo \u00a0juhendajalt tel 56575575 v\u00f5i marethein@gmail.com (Maret Hein).<br \/>\nkl 20- 21 PS, <strong>Aeroobika<\/strong> (Kaja Tuisk)\u00a0<\/span><\/p>\n<p><span style=\"font-size: 1rem;\"><span style=\"color: #800000;\"><strong>NELJAP\u00c4EV, 19. september<img decoding=\"async\" loading=\"lazy\" class=\"size-medium wp-image-7457 alignright\" src=\"https:\/\/muraste.ee\/vana\/wp-content\/uploads\/2016\/03\/prantsuse-212x300.jpg\" alt=\"prantsuse\" width=\"212\" height=\"300\" srcset=\"https:\/\/muraste.ee\/vana\/wp-content\/uploads\/2016\/03\/prantsuse-212x300.jpg 212w, https:\/\/muraste.ee\/vana\/wp-content\/uploads\/2016\/03\/prantsuse.jpg 480w\" sizes=\"(max-width: 212px) 100vw, 212px\" \/><br \/>\n<\/strong><span style=\"color: #000000;\">kl 14.40-15.25 KO, Fa Stuudio <strong>muusikaring<\/strong>\u00a0I grupp<br \/>\n<\/span><\/span><\/span><span style=\"color: #000000;\"><span style=\"font-size: 1rem;\">kl 15.30-16.15 KO, Fa Stuudio <strong>muusikaring<\/strong>\u00a0II grupp<br \/>\nkl 16.15-17 KO, <strong>Fa Stuudio<\/strong> fl\u00f6\u00f6diring<br \/>\nkl 15.30-16.15 <\/span><strong style=\"font-size: 1rem;\">Beebide ja v\u00e4ikelaste muusikaring<\/strong><\/span><span style=\"font-size: 1rem;\"><span style=\"color: #000000;\"> Pangapealse lasteaias (www.loovuslaps.ee)<br \/>\n<\/span><\/span><span style=\"color: #000000;\">kl 18 KL, <strong>A\u00dc\u00a0Muraka koosolek<\/strong><br \/>\nkl 18.30 AT, <strong>N\u00e4itering, <\/strong>juhendaja Anne Veesaar<strong>\u00a0<\/strong><em><br \/>\n<\/em><\/span>kl 18.15-19.45 KO, <span style=\"color: #000000;\"><strong>Prantsuse keel<\/strong><\/span>, juhendab Ines J\u00e4rvsoo (jarvsoo@hotmail.com)<br \/>\n<span style=\"color: #000000;\">kl\u00a019.00\u00a0KL,\u00a0<strong>Inglise keele\u00a0kursus<\/strong> edasij\u00f5udnutele\u00a0(eel-kesktase B 1.1) \u00a0Lisainfo \u00a0juhendajalt tel 56575575 v\u00f5i marethein@gmail.com (Maret Hein).<br \/>\nkl 19.00 PS, <strong>Jooga<\/strong> (Daire Tammik, alustab 10.oktoober)<\/span><\/p>\n<p><span style=\"color: #000000;\"><span style=\"color: #800000;\"><strong>REEDE , 20. september<\/strong><\/span><br \/>\nkl 13.45-14.40 PS,<strong> Showtants &amp; cheerleading<\/strong>. Lisainfo bron@prodance.ee, tel 55577821<br \/>\nkl 19 <strong>Filmi\u00f5htud<\/strong> (alates 27.sept) \u00a0(<a href=\"https:\/\/muraste.ee\/vana\/?page_id=774\" target=\"_blank\">j\u00e4lgi filmikava<\/a>!)<\/span><\/p>\n<p><strong><span style=\"color: #800080;\">LAUP\u00c4EV, 21. september\u00a0<\/span><\/strong><br \/>\n<strong>MAAILMAKORISTUSP\u00c4EV\u00a0<img decoding=\"async\" loading=\"lazy\" class=\"spotlight alignright\" src=\"https:\/\/scontent-hel2-1.xx.fbcdn.net\/v\/t1.0-9\/68826368_446424582634406_6799205904156721152_n.png?_nc_cat=107&amp;_nc_oc=AQlZy5GNiyVyI5kdzT6Y8d2mqPkUh8gs1cI9jyhPrRGzeDG8grtNEc5Y_gLGIcsEsh4&amp;_nc_ht=scontent-hel2-1.xx&amp;oh=15ba1710f6b50effc45fb51dc9bfb9a2&amp;oe=5DF97AA8\" alt=\"Kasutaja Maailmakoristusp\u00e4ev Eestis foto.\" width=\"295\" height=\"220\" \/><\/strong><\/p>\n<p><em>Maailmakoristusp\u00e4eva organiseerijad kutsuvad osalema: &#8220;Meil on hea meel \u00f6elda, et <b>maailmakoristus toimub taas<\/b>\u00a0\u2013\u00a0<b>21. septembril 2019<\/b>! Ja taas v\u00e4hemalt 150 riigis. Eestis p\u00f6\u00f6rame t\u00e4navu t\u00e4helepanu eelk\u00f5ige v\u00e4ikesele ja n\u00e4htamatule pr\u00fcgile, mis igal pool meie \u00fcmber salakavalalt laotub.\u00a0<\/em><br \/>\n<em>Kui vaatame hoolikalt ringi, leiame pr\u00fcgi mitte ainult loodusest, vaid k\u00f5ikjalt meie radadelt. Need on suitsukonid, pudelikorgid, aga ka pakendid ja \u00fchekordsed n\u00f5ud \u2013 k\u00f5ik need asjad, mille asukoht on pr\u00fcgikastis, kuid mis ometi on m\u00e4rkamatult j\u00f5udnud m\u00e4nguv\u00e4ljakule, p\u00f5\u00f5sa alla, koduteele ja ukse k\u00f5rvale. See on pr\u00fcgi, mis on vahest sama ohtlik kui suur pr\u00fcgi metsa all.<br \/>\n<\/em><em><b>Nii et tule 21. septembril lihtsalt kodust v\u00e4lja v\u00f5i mine m\u00f5nda enda jaoks armsasse paika ja korja kogu teele j\u00e4\u00e4v pr\u00fcgi \u00fcles!<br \/>\n<\/b><\/em><em>Maailmakoristusp\u00e4evale Eestis saab registreerida nii individuaalselt kui gruppidena siin meie kodulehel.<br \/>\n<\/em><em><b>Tule ja tee midagi t\u00f5eliselt head!&#8221;\u00a0<\/b><\/em><\/p>\n<p><span style=\"color: #800000;\"><strong><br \/>\n<a href=\"https:\/\/muraste.ee\/vana\/wp-content\/uploads\/2018\/01\/meremees.png\" rel=\"attachment wp-att-5145\"><img decoding=\"async\" loading=\"lazy\" class=\"size-full wp-image-5145 alignright\" src=\"https:\/\/muraste.ee\/vana\/wp-content\/uploads\/2018\/01\/meremees.png\" alt=\"meremees\" width=\"225\" height=\"225\" srcset=\"https:\/\/muraste.ee\/vana\/wp-content\/uploads\/2018\/01\/meremees.png 225w, https:\/\/muraste.ee\/vana\/wp-content\/uploads\/2018\/01\/meremees-150x150.png 150w\" sizes=\"(max-width: 225px) 100vw, 225px\" \/><\/a><\/strong><\/span><\/p>\n<p><span style=\"color: #800000;\"><span style=\"color: #800000;\"><span style=\"color: #000000;\"><span style=\"color: #800080;\"><strong>TULEKUL<\/strong><\/span><br \/>\n24. nov &#8211; 19. dets &#8211; <strong>v\u00e4ikelaevajuhtide kursus<\/strong>. Vaata lisa<\/span><\/span><strong style=\"color: #444444; font-size: 1rem;\"><span style=\"color: #800000;\"> <a href=\"https:\/\/muraste.ee\/vana\/?p=7455\" target=\"_blank\">SIIT<\/a><\/span><\/strong><\/span><br \/>\n18-19. september &#8211; <strong>korstnap\u00fchkija<\/strong> Murastes. Vaata lisa <a href=\"https:\/\/muraste.ee\/vana\/?p=7467\" target=\"_blank\">SIIT<\/a><\/p>\n<p>T, 8. oktoober kell 18 &#8211; <strong>Muraste k\u00e4sit\u00f6\u00f6tuba: valmistame s\u00f5ira. <\/strong>Info tulekul<\/p>\n<p>Alates 9. oktoobrist<strong> temaatiline floristikakursus.\u00a0<\/strong>Vaata lisa <strong><a href=\"https:\/\/muraste.ee\/vana\/?p=7505\" target=\"_blank\">SIIT<\/a><\/strong><\/p>\n<p>Oktoobris alustab\u00a0<strong>eakate v\u00f5imlemine<\/strong>. Info tulekul.<\/p>\n<p><span style=\"color: #ff0000;\"><strong>UUS!<\/strong> <\/span>Reede, 15. november kell 20: <strong>KONTSERT: Lauri Saatpalu ja Jaan S\u00f6\u00f6t &#8211; Olemise tahumatu kergus.<\/strong>\u00a0Piletid saadaval alates 23. septembrist.<br \/>\n<a href=\"https:\/\/muraste.ee\/vana\/wp-content\/uploads\/2016\/03\/SaatpaluS\u00f6\u00f6t.jpg\" rel=\"attachment wp-att-7513\"><img decoding=\"async\" loading=\"lazy\" class=\"alignnone size-full wp-image-7513\" src=\"https:\/\/muraste.ee\/vana\/wp-content\/uploads\/2016\/03\/SaatpaluS\u00f6\u00f6t.jpg\" alt=\"SaatpaluS\u00f6\u00f6t\" width=\"553\" height=\"539\" srcset=\"https:\/\/muraste.ee\/vana\/wp-content\/uploads\/2016\/03\/SaatpaluS\u00f6\u00f6t.jpg 553w, https:\/\/muraste.ee\/vana\/wp-content\/uploads\/2016\/03\/SaatpaluS\u00f6\u00f6t-300x292.jpg 300w\" sizes=\"(max-width: 553px) 100vw, 553px\" \/><\/a><\/p>\n<\/div>\n<\/div>\n<\/div>\n<\/header>\n<\/div>\n<h1 class=\"entry-title\" style=\"text-align: center;\"><\/h1>\n<p><iframe loading=\"lazy\" width=\"625\" height=\"352\" src=\"https:\/\/www.youtube.com\/embed\/Tt6pJif6BTI?feature=oembed\" frameborder=\"0\" allow=\"accelerometer; autoplay; encrypted-media; gyroscope; picture-in-picture\" allowfullscreen><\/iframe><\/p>\n<header class=\"entry-header\">\n<div class=\"entry-content\" style=\"text-align: left;\">\n<header class=\"entry-header\">\n<div class=\"entry-content\">\n<div id=\"js_bfj\" class=\"_5pbx userContent _3576\" data-ad-preview=\"message\" data-ft=\"{&quot;tn&quot;:&quot;K&quot;}\">\n<div class=\"entry-content\"><\/div>\n<div class=\"entry-content\">\n<header class=\"entry-header\">\n<div class=\"entry-content\">\n<div id=\"js_bfj\" class=\"_5pbx userContent _3576\" data-ad-preview=\"message\" data-ft=\"{&quot;tn&quot;:&quot;K&quot;}\">\n<p><strong><span style=\"color: #339966;\"><a style=\"color: #339966;\" href=\"https:\/\/muraste.ee\/vana\/?p=6574&amp;fbclid=IwAR2QSQfT4gkgut25GCYcvoQsUVRZZRICU2d_3VrF8B-iaUIHgj-cjAXj-VU\" target=\"_blank\">HOIAME K\u00dcLA PUHTANA!<\/a>\u00a0LOE EDASI <a style=\"color: #339966;\" href=\"https:\/\/muraste.ee\/vana\/?p=6574&amp;fbclid=IwAR2QSQfT4gkgut25GCYcvoQsUVRZZRICU2d_3VrF8B-iaUIHgj-cjAXj-VU\" target=\"_blank\">SIIT<\/a><br \/>\n<\/span><\/strong><\/p>\n<\/div>\n<\/div>\n<\/header>\n<div class=\"entry-content\">\n<div id=\"js_bfj\" class=\"_5pbx userContent _3576\" data-ad-preview=\"message\" data-ft=\"{&quot;tn&quot;:&quot;K&quot;}\">\n<p><a href=\"https:\/\/muraste.ee\/vana\/wp-content\/uploads\/2018\/12\/prygi5.png\" rel=\"attachment wp-att-6581\"><img decoding=\"async\" loading=\"lazy\" class=\"alignnone size-full wp-image-6581\" src=\"https:\/\/muraste.ee\/vana\/wp-content\/uploads\/2018\/12\/prygi5.png\" alt=\"prygi5\" width=\"777\" height=\"437\" srcset=\"https:\/\/muraste.ee\/vana\/wp-content\/uploads\/2018\/12\/prygi5.png 777w, https:\/\/muraste.ee\/vana\/wp-content\/uploads\/2018\/12\/prygi5-300x169.png 300w, https:\/\/muraste.ee\/vana\/wp-content\/uploads\/2018\/12\/prygi5-768x432.png 768w, https:\/\/muraste.ee\/vana\/wp-content\/uploads\/2018\/12\/prygi5-624x351.png 624w, https:\/\/muraste.ee\/vana\/wp-content\/uploads\/2018\/12\/prygi5-128x72.png 128w\" sizes=\"(max-width: 777px) 100vw, 777px\" \/><\/a><\/p>\n<div class=\"_3x-2\" data-ft=\"{&quot;tn&quot;:&quot;H&quot;}\"><span style=\"color: #000000;\">\u00a0<\/span><\/div>\n<p><em><strong><br \/>\n<\/strong><\/em><strong><span style=\"color: #ff6600;\">TEADETETAHVEL<\/span><\/strong><\/p>\n<\/div>\n<\/div>\n<\/div>\n<\/div>\n<\/div>\n<\/header>\n<div class=\"entry-content\">\n<p><span style=\"color: #3366ff;\"><a style=\"color: #3366ff;\" href=\"https:\/\/muraste.ee\/vana\/wp-content\/uploads\/2016\/03\/stend.jpg\" rel=\"attachment wp-att-3740\"><img decoding=\"async\" loading=\"lazy\" class=\"size-medium wp-image-3740 alignright\" src=\"https:\/\/muraste.ee\/vana\/wp-content\/uploads\/2016\/03\/stend-300x224.jpg\" sizes=\"(max-width: 300px) 100vw, 300px\" srcset=\"https:\/\/muraste.ee\/vana\/wp-content\/uploads\/2016\/03\/stend-300x224.jpg 300w, https:\/\/muraste.ee\/vana\/wp-content\/uploads\/2016\/03\/stend-768x572.jpg 768w, https:\/\/muraste.ee\/vana\/wp-content\/uploads\/2016\/03\/stend-1024x763.jpg 1024w, https:\/\/muraste.ee\/vana\/wp-content\/uploads\/2016\/03\/stend-624x465.jpg 624w, https:\/\/muraste.ee\/vana\/wp-content\/uploads\/2016\/03\/stend.jpg 1300w\" alt=\"stend\" width=\"300\" height=\"224\" \/><\/a><\/span><\/p>\n<\/div>\n<header class=\"entry-header\">\n<div class=\"entry-content\">\n<div class=\"_1mf _1mj\" data-offset-key=\"cki46-0-0\">\n<p><strong>Teadmiseks:\u00a0<\/strong>Muraste igan\u00e4dalase e-infokirjaga liitumiseks saada sellekohane teade muraste@muraste.ee<br \/>\n<strong>Muraste kogukonnakeskus\u00a0<\/strong>(Lee tee 9, Muraste) avatud E-N 10 -18, R ja muudel aegadel vastavalt tegevustele<br \/>\n<strong>T\u00e4psustused ja info:<\/strong>\u00a0kogukonnakeskus@muraste.ee;\u00a05253128 (Aule Kikas).<\/p>\n<\/div>\n<\/div>\n<\/header>\n<\/div>\n<\/header>\n","protected":false},"excerpt":{"rendered":"<p>N\u00c4DAL 38\u00a0MURASTES * AT- koolimaja aatrium, SP- spordihoone; KO-kogukonnakeskus; \u00a0 KL- klassiruum; PS \u2013 peegelsaal; SS- s\u00f6\u00f6gisaal, LS- lavasaal, MR- meediaruum ESMASP\u00c4EV, 16. september kl 14 PS, MyDance tantsutund (I-II kl, www.mydance.ee) kl 15 PS, MyDance tantsutund (III-IV kl,\u00a0www.mydance.ee) kl 15.40-16.25 KO, Fa Stuudio kandlering edasij\u00f5udnutele kl 16-18.30 Lahe Huvikooli eelkool. (www.lahehuvikool.ee) kl 17.30 KO,<a class=\"moretag\" href=\"https:\/\/muraste.ee\/vana\/?page_id=7534\"><br \/>&#8230;Loe edasi<\/a><\/p>\n","protected":false},"author":2,"featured_media":0,"parent":0,"menu_order":0,"comment_status":"closed","ping_status":"closed","template":"nadalakava.php","meta":{"_bbp_topic_count":0,"_bbp_reply_count":0,"_bbp_total_topic_count":0,"_bbp_total_reply_count":0,"_bbp_voice_count":0,"_bbp_anonymous_reply_count":0,"_bbp_topic_count_hidden":0,"_bbp_reply_count_hidden":0,"_bbp_forum_subforum_count":0,"_mc_calendar":[]},"_links":{"self":[{"href":"https:\/\/muraste.ee\/vana\/index.php?rest_route=\/wp\/v2\/pages\/7534"}],"collection":[{"href":"https:\/\/muraste.ee\/vana\/index.php?rest_route=\/wp\/v2\/pages"}],"about":[{"href":"https:\/\/muraste.ee\/vana\/index.php?rest_route=\/wp\/v2\/types\/page"}],"author":[{"embeddable":true,"href":"https:\/\/muraste.ee\/vana\/index.php?rest_route=\/wp\/v2\/users\/2"}],"replies":[{"embeddable":true,"href":"https:\/\/muraste.ee\/vana\/index.php?rest_route=%2Fwp%2Fv2%2Fcomments&post=7534"}],"version-history":[{"count":2,"href":"https:\/\/muraste.ee\/vana\/index.php?rest_route=\/wp\/v2\/pages\/7534\/revisions"}],"predecessor-version":[{"id":7581,"href":"https:\/\/muraste.ee\/vana\/index.php?rest_route=\/wp\/v2\/pages\/7534\/revisions\/7581"}],"wp:attachment":[{"href":"https:\/\/muraste.ee\/vana\/index.php?rest_route=%2Fwp%2Fv2%2Fmedia&parent=7534"}],"curies":[{"name":"wp","href":"https:\/\/api.w.org\/{rel}","templated":true}]}}