{"id":7566,"date":"2019-09-29T18:14:22","date_gmt":"2019-09-29T15:14:22","guid":{"rendered":"https:\/\/muraste.ee\/vana\/?page_id=7566"},"modified":"2019-10-12T15:52:08","modified_gmt":"2019-10-12T12:52:08","slug":"nadal-39-4","status":"publish","type":"page","link":"https:\/\/muraste.ee\/vana\/?page_id=7566","title":{"rendered":"N\u00e4dal 39"},"content":{"rendered":"<h1 class=\"entry-title\" style=\"text-align: center;\"><span style=\"color: #ff6600;\">N\u00c4DAL 39 MURASTES<\/span><\/h1>\n<div class=\"entry-content\">\n<header class=\"entry-header\">\n<div class=\"entry-content\">\n<div id=\"js_bfj\" class=\"_5pbx userContent _3576\" data-ad-preview=\"message\" data-ft=\"{&quot;tn&quot;:&quot;K&quot;}\">\n<div class=\"entry-content\">\n<p><em>* AT- koolimaja aatrium, SP- spordihoone; KO-kogukonnakeskus; \u00a0 KL- klassiruum; PS \u2013 peegelsaal; SS- s\u00f6\u00f6gisaal, LS- lavasaal, MR- meediaruum<br \/>\nKaanefoto:\u00a0Nicepik.com<\/em><\/p>\n<p><span style=\"color: #800000;\"><strong>ESMASP\u00c4EV, 23. september &#8211; \u00a0kell 07:50 algab s\u00fcgis!<a href=\"https:\/\/muraste.ee\/vana\/wp-content\/uploads\/2016\/03\/2019.jpg\" rel=\"attachment wp-att-7450\"><img decoding=\"async\" loading=\"lazy\" class=\"wp-image-7450 size-medium alignright\" src=\"https:\/\/muraste.ee\/vana\/wp-content\/uploads\/2016\/03\/2019-300x287.jpg\" alt=\"2019\" width=\"300\" height=\"287\" srcset=\"https:\/\/muraste.ee\/vana\/wp-content\/uploads\/2016\/03\/2019-300x287.jpg 300w, https:\/\/muraste.ee\/vana\/wp-content\/uploads\/2016\/03\/2019-768x735.jpg 768w, https:\/\/muraste.ee\/vana\/wp-content\/uploads\/2016\/03\/2019-1024x980.jpg 1024w, https:\/\/muraste.ee\/vana\/wp-content\/uploads\/2016\/03\/2019-624x597.jpg 624w\" sizes=\"(max-width: 300px) 100vw, 300px\" \/><\/a><\/strong><\/span><br \/>\nkl 14 PS, <strong>MyDance tantsutund<\/strong> (I-II kl, www.mydance.ee)<br \/>\nkl 15 PS, <strong>MyDance tantsutund<\/strong> (III-IV kl,\u00a0www.mydance.ee)<br \/>\nkl 15.40-16.25 KO, Fa Stuudio <strong>kandlering<\/strong> edasij\u00f5udnutele<br \/>\nkl 16-18.30 Lahe Huvikooli <strong>eelkool. <\/strong>(www.lahehuvikool.ee)<br \/>\nkl 17.30 KO, <strong>V\u00e4ikekandleansambel LiULi<\/strong> (p\u00f5hikoosseis)<br \/>\nkl 19.00 KO, <strong>V\u00e4ikekandleansambel LiULi<\/strong> (alustajad)<br \/>\nkl 19.00 AT, <strong>Suurupi naiskoor Meretule<\/strong><br \/>\nkl 20 PS, <strong>Aeroobika<\/strong> (treener Kaja Tuisk)<br \/>\n<a href=\"https:\/\/muraste.ee\/vana\/wp-content\/uploads\/2016\/03\/aeroouus.jpg\" rel=\"attachment wp-att-7449\"><img decoding=\"async\" loading=\"lazy\" class=\"alignnone size-medium wp-image-7449\" src=\"https:\/\/muraste.ee\/vana\/wp-content\/uploads\/2016\/03\/aeroouus-300x169.jpg\" alt=\"aeroouus\" width=\"300\" height=\"169\" srcset=\"https:\/\/muraste.ee\/vana\/wp-content\/uploads\/2016\/03\/aeroouus-300x169.jpg 300w, https:\/\/muraste.ee\/vana\/wp-content\/uploads\/2016\/03\/aeroouus-768x432.jpg 768w, https:\/\/muraste.ee\/vana\/wp-content\/uploads\/2016\/03\/aeroouus-624x351.jpg 624w, https:\/\/muraste.ee\/vana\/wp-content\/uploads\/2016\/03\/aeroouus-128x72.jpg 128w, https:\/\/muraste.ee\/vana\/wp-content\/uploads\/2016\/03\/aeroouus.jpg 960w\" sizes=\"(max-width: 300px) 100vw, 300px\" \/><\/a>\u00a0<a href=\"https:\/\/muraste.ee\/vana\/wp-content\/uploads\/2016\/03\/eelkool.jpg\" rel=\"attachment wp-att-7460\"><img decoding=\"async\" loading=\"lazy\" class=\"alignnone size-medium wp-image-7460\" src=\"https:\/\/muraste.ee\/vana\/wp-content\/uploads\/2016\/03\/eelkool-300x202.jpg\" alt=\"eelkool\" width=\"300\" height=\"202\" srcset=\"https:\/\/muraste.ee\/vana\/wp-content\/uploads\/2016\/03\/eelkool-300x202.jpg 300w, https:\/\/muraste.ee\/vana\/wp-content\/uploads\/2016\/03\/eelkool-624x421.jpg 624w, https:\/\/muraste.ee\/vana\/wp-content\/uploads\/2016\/03\/eelkool.jpg 750w\" sizes=\"(max-width: 300px) 100vw, 300px\" \/><br \/>\n<\/a><\/p>\n<p><span style=\"color: #800000;\"><strong>TEISIP\u00c4EV, 24. september<img decoding=\"async\" loading=\"lazy\" class=\"wp-image-7313 size-medium alignright\" src=\"https:\/\/muraste.ee\/vana\/wp-content\/uploads\/2016\/03\/revalia_muraste_FB-212x300.jpg\" alt=\"revalia_muraste_FB\" width=\"212\" height=\"300\" srcset=\"https:\/\/muraste.ee\/vana\/wp-content\/uploads\/2016\/03\/revalia_muraste_FB-212x300.jpg 212w, https:\/\/muraste.ee\/vana\/wp-content\/uploads\/2016\/03\/revalia_muraste_FB-768x1086.jpg 768w, https:\/\/muraste.ee\/vana\/wp-content\/uploads\/2016\/03\/revalia_muraste_FB-724x1024.jpg 724w, https:\/\/muraste.ee\/vana\/wp-content\/uploads\/2016\/03\/revalia_muraste_FB-624x882.jpg 624w, https:\/\/muraste.ee\/vana\/wp-content\/uploads\/2016\/03\/revalia_muraste_FB.jpg 1080w\" sizes=\"(max-width: 212px) 100vw, 212px\" \/><\/strong><\/span><br \/>\nkl 14.30 &#8211; 18.20 KO, <strong>Triinu Laulustuudio <\/strong><em>(klaver ja soololaul)<\/em><br \/>\nkl 18.30 KL,\u00a0<strong>Inglise keele kursus \u00a0<\/strong>(kesktase B 1.2).\u00a0Lisainfo \u00a0juhendajalt tel 56575575 v\u00f5i marethein@gmail.com (Maret Hein).<br \/>\n18.30 PS, <strong><span style=\"color: #ff0000;\">UUS!\u00a0<\/span>Seltskonnatantsu algkursus<\/strong><em>\u00a0alustab t\u00e4na!<\/em><br \/>\nkl 19 KO, <strong>Figuuris\u00f5brad\u00a0<\/strong><br \/>\nkl 19 SP, <strong>V\u00f5rkpall <\/strong><em>(oodatud k\u00f5ik m\u00e4nguhuvilised)<\/em><br \/>\nkl 19.45 PS, <strong>Seltskonnatantsude harjutustund<br \/>\n<\/strong><strong style=\"color: #800000; font-size: 1rem;\"><a href=\"https:\/\/muraste.ee\/vana\/wp-content\/uploads\/2016\/03\/kaalu.png\" rel=\"attachment wp-att-7493\"><img decoding=\"async\" loading=\"lazy\" class=\"alignnone wp-image-7493 size-medium\" src=\"https:\/\/muraste.ee\/vana\/wp-content\/uploads\/2016\/03\/kaalu-237x300.png\" alt=\"kaalu\" width=\"237\" height=\"300\" srcset=\"https:\/\/muraste.ee\/vana\/wp-content\/uploads\/2016\/03\/kaalu-237x300.png 237w, https:\/\/muraste.ee\/vana\/wp-content\/uploads\/2016\/03\/kaalu-624x789.png 624w, https:\/\/muraste.ee\/vana\/wp-content\/uploads\/2016\/03\/kaalu.png 759w\" sizes=\"(max-width: 237px) 100vw, 237px\" \/><\/a><br \/>\n<\/strong><\/p>\n<p><strong style=\"color: #800000; font-size: 1rem;\">KOLMAP\u00c4EV, 25. september<br \/>\n<\/strong><span style=\"font-size: 1rem;\">kl 13\u00a0PS, <strong>MyDance tantsutund<\/strong> (I-II kl, www.mydance.ee)<br \/>\nkl 14\u00a0PS, <strong>MyDance tantsutund<\/strong> (III-IV kl,\u00a0www.mydance.ee)<br \/>\nkl 14.40-15.25 KO, Fa Stuudio <strong>kandlering<\/strong>\u00a0algajatele<br \/>\nkl 15.30-16.15 KO, Fa Stuudio <strong>kandlering<\/strong>\u00a0algajatele<br \/>\nkl 15 PS,<strong> Showtants &amp; cheerleading<\/strong>. Lisainfo bron@prodance.ee, tel 55577821<br \/>\nkl 18 -21 KO, <strong>Gordoni perekool<\/strong> (30.10-18.12) Vaata\u00a0lisa <a href=\"https:\/\/muraste.ee\/vana\/?p=7462\" target=\"_blank\">SIIT<\/a><br \/>\nkl 18.30-19.30 PS, <strong>Line-tants<\/strong><br \/>\nkl 19 KL, \u00a0<strong>Inglise keele kursus<\/strong>\u00a0(algtase A2) uuesti alustajatele ja algajatele. Lisainfo \u00a0juhendajalt tel 56575575 v\u00f5i marethein@gmail.com (Maret Hein).<br \/>\nkl 20- 21 PS, <strong>Aeroobika<\/strong> (Kaja Tuisk)\u00a0<\/span><\/p>\n<p><span style=\"font-size: 1rem;\"><span style=\"color: #800000;\"><strong>NELJAP\u00c4EV, 26. september<br \/>\n<\/strong><span style=\"color: #000000;\">kl 14.40-15.25 KO, Fa Stuudio <strong>muusikaring<\/strong>\u00a0I grupp<br \/>\n<\/span><\/span><\/span><span style=\"color: #000000;\"><span style=\"font-size: 1rem;\">kl 15.30-16.15 KO, Fa Stuudio <strong>muusikaring<\/strong>\u00a0II grupp<br \/>\nkl 16.15-17 KO, <strong>Fa Stuudio<\/strong> fl\u00f6\u00f6diring<br \/>\nkl 15.30-16.15 <\/span><strong style=\"font-size: 1rem;\">Beebide ja v\u00e4ikelaste muusikaring<\/strong><\/span><span style=\"font-size: 1rem;\"><span style=\"color: #000000;\"> Pangapealse lasteaias (www.loovuslaps.ee)<a href=\"https:\/\/muraste.ee\/vana\/wp-content\/uploads\/2016\/03\/n\u00e4ite-1.jpg\" rel=\"attachment wp-att-7548\"><img decoding=\"async\" loading=\"lazy\" class=\"size-thumbnail wp-image-7548 alignright\" src=\"https:\/\/muraste.ee\/vana\/wp-content\/uploads\/2016\/03\/n\u00e4ite-1-150x150.jpg\" alt=\"n\u00e4ite\" width=\"150\" height=\"150\" \/><\/a><\/span><\/span><span style=\"color: #000000;\"><br \/>\nkl 18.30 AT, <strong>N\u00e4itering, <\/strong>juhendaja Anne Veesaar<strong>\u00a0<\/strong><em><br \/>\n<\/em><\/span>kl 18.15-19.45 KO, <span style=\"color: #000000;\"><strong>Prantsuse keel<\/strong><\/span>, juhendab Ines J\u00e4rvsoo (jarvsoo@hotmail.com)<br \/>\n<span style=\"color: #000000;\">kl\u00a019.00\u00a0KL,\u00a0<strong>Inglise keele\u00a0kursus<\/strong> edasij\u00f5udnutele\u00a0(eel-kesktase B 1.1) \u00a0Lisainfo \u00a0juhendajalt tel 56575575 v\u00f5i marethein@gmail.com (Maret Hein).<br \/>\nkl 19.00 PS, <strong>Jooga<\/strong> (Daire Tammik, alustab 10.oktoober)<br \/>\n<img decoding=\"async\" loading=\"lazy\" class=\"size-medium wp-image-7457 aligncenter\" src=\"https:\/\/muraste.ee\/vana\/wp-content\/uploads\/2016\/03\/prantsuse-212x300.jpg\" alt=\"prantsuse\" width=\"212\" height=\"300\" srcset=\"https:\/\/muraste.ee\/vana\/wp-content\/uploads\/2016\/03\/prantsuse-212x300.jpg 212w, https:\/\/muraste.ee\/vana\/wp-content\/uploads\/2016\/03\/prantsuse.jpg 480w\" sizes=\"(max-width: 212px) 100vw, 212px\" \/><br \/>\n<\/span><\/p>\n<p><span style=\"color: #000000;\"><span style=\"color: #800000;\"><strong>REEDE, 27. september<\/strong><\/span><br \/>\nkl 13.45-14.40 PS,<strong> Showtants &amp; cheerleading<\/strong>. Lisainfo bron@prodance.ee, tel 55577821<br \/>\nkl 19 <strong>Filmi\u00f5htu. <span style=\"color: #ff0000;\">UUS!<\/span> VANAMEHE FILM<\/strong>\u00a0( (<a href=\"https:\/\/muraste.ee\/vana\/?page_id=774\" target=\"_blank\">j\u00e4lgi uut filmikava<\/a>!)<br \/>\nTreiler vaatamiseks <strong><a href=\"https:\/\/www.youtube.com\/watch?v=Sjcf19B4Viw\" target=\"_blank\">SIIN<\/a><\/strong>!\u00a0<a href=\"https:\/\/muraste.ee\/vana\/wp-content\/uploads\/2016\/03\/vanamehe.jpg\" rel=\"attachment wp-att-7526\"><img decoding=\"async\" loading=\"lazy\" class=\"wp-image-7526 size-full alignright\" src=\"https:\/\/muraste.ee\/vana\/wp-content\/uploads\/2016\/03\/vanamehe.jpg\" alt=\"vanamehe\" width=\"369\" height=\"136\" srcset=\"https:\/\/muraste.ee\/vana\/wp-content\/uploads\/2016\/03\/vanamehe.jpg 369w, https:\/\/muraste.ee\/vana\/wp-content\/uploads\/2016\/03\/vanamehe-300x111.jpg 300w\" sizes=\"(max-width: 369px) 100vw, 369px\" \/><\/a><\/span><\/p>\n<p><em>Lap\u0161elapsed tulevad suveks maale Vanamehele k\u00fclla. Id\u00fcllilisest suvepuhkusest vanai\u0161a juures on asi kaugel, sest Vanamees ruunab karmi maa t\u00f6\u00f6ga nii lapsi, kui ka oma l\u00fcpsilehma. J\u00f5mp\u0161ikadei m\u00f5ista maaelu kombeid ja p\u00f5hjustavad hinnatud lehma p\u00f5genemise. N\u00fc\u00fcd on Vanamehel ja lastel aega 24 tundi, et leida lehm \u00fcles enne, kui l\u00fcpsmata udar plahvatab ja piimatuumakatastroofi p\u00f5hjustab. Vanamees ja lap\u0161ed alustavad armutut v\u00f5idujooksu ajaga, sest udar tuleb kahjutuks teha enne, kui saladuslik Piimavana lehma taevasele heinamaale l\u00e4kitab. Sellel teekonnal j\u00f5uavad meie kangela\u0161ed silmitsi seista veel maaelu p\u00f5lgavate hipsteritega, metsakollidega, meeleheitel saekaatrimeestega ja k\u00f5hukinnisuse k\u00e4es vaevleva \u00f5gardist karuga.<\/em><br \/>\n<em>\u201eVanamehe Film\u201c p\u00f5lvkondi \u00fchendav, eepiline road-movie, mis peaks p\u00fchkima tolmu iidselt rahvatarkuselt, et piim, see on suur vastutus&#8230;<\/em><br \/>\n<em>Filmi lavastajateks\/stsenaristideks on Mikk M\u00e4gi ja Oskar Lehemaa. Loo autoriteks Mikk M\u00e4gi, Oskar Lehemaa ja Peeter Ritso. Tegelaskujudele andsid oma h\u00e4\u00e4led Mikk M\u00e4gi, Oskar Lehemaa, Jan Uusp\u00f5ld, M\u00e4rt Avandi, Indrek Ojari, Jaagup Kreem ja paljud teised. Operaator Urmas J\u00f5emees. J\u00e4relt\u00f6\u00f6tlus ja eriefektid Jaagup Metsalu. Nukuanimatsioon Olga Staleva ja EgertKesa. Kunstnikud Triin Paumer, Sven-T\u00f5nis Puskar ning Anu-Laura Tuttelberg. Helimaastik Tanel Kadalipp. Muusika loojad Sten-Olle Moldauja Lauri Kadalipp. Produtsendid Erik Heinsalu (BOP), Tanel Tatter ja Veiko Esken (Apollo Film Productions)<br \/>\nFilmi pikkus 1 h 28 min. Pilet 5.-\/3.50<\/em><\/p>\n<p><span style=\"color: #800000;\"><strong><a href=\"https:\/\/muraste.ee\/vana\/wp-content\/uploads\/2018\/01\/meremees.png\" rel=\"attachment wp-att-5145\"><img decoding=\"async\" loading=\"lazy\" class=\"size-full wp-image-5145 alignright\" src=\"https:\/\/muraste.ee\/vana\/wp-content\/uploads\/2018\/01\/meremees.png\" alt=\"meremees\" width=\"225\" height=\"225\" srcset=\"https:\/\/muraste.ee\/vana\/wp-content\/uploads\/2018\/01\/meremees.png 225w, https:\/\/muraste.ee\/vana\/wp-content\/uploads\/2018\/01\/meremees-150x150.png 150w\" sizes=\"(max-width: 225px) 100vw, 225px\" \/><\/a><\/strong><\/span><\/p>\n<p><span style=\"color: #800000;\"><span style=\"color: #800000;\"><span style=\"color: #000000;\"><span style=\"color: #800080;\"><strong>TULEKUL<\/strong><\/span><\/span><\/span><\/span><\/p>\n<p>T, 8. oktoober kell 18 &#8211; <strong>Muraste k\u00e4sit\u00f6\u00f6tuba: valmistame s\u00f5ira. <\/strong>Info tulekul<\/p>\n<p>Alates 9. oktoobrist<strong> temaatiline floristikakursus.\u00a0<\/strong>Vaata lisa <strong><a href=\"https:\/\/muraste.ee\/vana\/?p=7505\" target=\"_blank\">SIIT<\/a><\/strong><\/p>\n<p>16. oktoobril kell 18-20.30 <strong>Meigikoolitus iseendale<\/strong><\/p>\n<p><a href=\"https:\/\/muraste.ee\/vana\/wp-content\/uploads\/2016\/03\/71141204_390629178284474_954467962260029440_o.jpg\" rel=\"attachment wp-att-7556\"><img decoding=\"async\" loading=\"lazy\" class=\"size-thumbnail wp-image-7556 alignright\" src=\"https:\/\/muraste.ee\/vana\/wp-content\/uploads\/2016\/03\/71141204_390629178284474_954467962260029440_o-150x150.jpg\" alt=\"71141204_390629178284474_954467962260029440_o\" width=\"150\" height=\"150\" \/><\/a>Oktoobris alustab\u00a0<strong>eakate v\u00f5imlemine<\/strong>. Info tulekul.<\/p>\n<p>24. nov &#8211; 19. dets &#8211; <strong>v\u00e4ikelaevajuhtide kursus<\/strong>. Vaata lisa<strong> <a href=\"https:\/\/muraste.ee\/vana\/?p=7455\" target=\"_blank\">SIIT<\/a><\/strong><\/p>\n<p><span style=\"color: #ff0000;\"><strong>UUS!<\/strong> <\/span>Reede, 15. november kell 20: <strong>KONTSERT: Lauri Saatpalu ja Jaan S\u00f6\u00f6t &#8211; Olemise tahumatu kergus.<\/strong>\u00a0Piletid saadaval alates 23. septembrist.<br \/>\n<a href=\"https:\/\/muraste.ee\/vana\/wp-content\/uploads\/2016\/03\/SaatpaluS\u00f6\u00f6t.jpg\" rel=\"attachment wp-att-7513\"><img decoding=\"async\" loading=\"lazy\" class=\"alignnone size-full wp-image-7513\" src=\"https:\/\/muraste.ee\/vana\/wp-content\/uploads\/2016\/03\/SaatpaluS\u00f6\u00f6t.jpg\" alt=\"SaatpaluS\u00f6\u00f6t\" width=\"553\" height=\"539\" srcset=\"https:\/\/muraste.ee\/vana\/wp-content\/uploads\/2016\/03\/SaatpaluS\u00f6\u00f6t.jpg 553w, https:\/\/muraste.ee\/vana\/wp-content\/uploads\/2016\/03\/SaatpaluS\u00f6\u00f6t-300x292.jpg 300w\" sizes=\"(max-width: 553px) 100vw, 553px\" \/><\/a><\/p>\n<\/div>\n<\/div>\n<\/div>\n<\/header>\n<\/div>\n<h1 class=\"entry-title\" style=\"text-align: left;\"><span style=\"color: #ff0000;\">T U H A T \u00a0T \u00c4 N U!<\/span><br \/>\n<span style=\"color: #ff0000;\"><br \/>\nTuhat t\u00e4nu<\/span> k\u00f5igile, kes Maailmakoristusp\u00e4eva raames oma kodukandi puhtamaks ja kenamaks tegid!<\/h1>\n<h1 class=\"entry-title\" style=\"text-align: left;\"><span style=\"color: #ff0000;\">Tuhat t\u00e4nu<\/span> korstnap\u00fchkija J\u00fcrmo Pibermanile, kes meie k\u00fcla turvalisusse panustas. Ait\u00e4h k\u00f5igile, kes hoolivad ja hoiavad:)<br \/>\n<a href=\"https:\/\/muraste.ee\/vana\/wp-content\/uploads\/2016\/03\/kor.png\" rel=\"attachment wp-att-7544\"><img decoding=\"async\" loading=\"lazy\" class=\"alignnone size-thumbnail wp-image-7544\" src=\"https:\/\/muraste.ee\/vana\/wp-content\/uploads\/2016\/03\/kor-150x150.png\" alt=\"kor\" width=\"150\" height=\"150\" \/><\/a>\u00a0 \u00a0<a href=\"https:\/\/muraste.ee\/vana\/wp-content\/uploads\/2016\/03\/klassika.jpg\" rel=\"attachment wp-att-7546\"><img decoding=\"async\" loading=\"lazy\" class=\"alignnone size-thumbnail wp-image-7546\" src=\"https:\/\/muraste.ee\/vana\/wp-content\/uploads\/2016\/03\/klassika-150x150.jpg\" alt=\"klassika\" width=\"150\" height=\"150\" \/><\/a> \u00a0\u00a0<a href=\"https:\/\/muraste.ee\/vana\/wp-content\/uploads\/2019\/09\/jyrmo.jpg\" rel=\"attachment wp-att-7468\"><img decoding=\"async\" loading=\"lazy\" class=\"alignnone size-thumbnail wp-image-7468\" src=\"https:\/\/muraste.ee\/vana\/wp-content\/uploads\/2019\/09\/jyrmo-150x150.jpg\" alt=\"jyrmo\" width=\"150\" height=\"150\" \/><\/a><\/h1>\n<p><iframe loading=\"lazy\" width=\"625\" height=\"352\" src=\"https:\/\/www.youtube.com\/embed\/Tt6pJif6BTI?feature=oembed\" frameborder=\"0\" allow=\"accelerometer; autoplay; encrypted-media; gyroscope; picture-in-picture\" allowfullscreen><\/iframe><\/p>\n<header class=\"entry-header\">\n<div class=\"entry-content\" style=\"text-align: left;\">\n<header class=\"entry-header\">\n<div class=\"entry-content\">\n<div id=\"js_bfj\" class=\"_5pbx userContent _3576\" data-ad-preview=\"message\" data-ft=\"{&quot;tn&quot;:&quot;K&quot;}\">\n<div class=\"entry-content\">\n<h3><em><strong><span style=\"color: #ff00ff;\">SOOVITAME!<\/span><\/strong><\/em><\/h3>\n<div class=\"_1mf _1mj\" data-offset-key=\"9manq-0-0\"><em><span data-offset-key=\"9manq-0-0\"><span data-text=\"true\">Kes meist ei teaks v\u00f5rratu lapit\u00f6\u00f6-meistri Mailis Kessi suurep\u00e4raseid lapitekke ja -maale, -pinaleid ja -istumispatju! N\u00fc\u00fcd on v\u00f5imalus huvilistel heita pilk lummavasse lapimaailma ning \u00f5ppida meistrite k\u00e4e all: t\u00e4iesti uus lapit\u00f6\u00f6 kursus alustab novembris Mails Kessi V\u00e4\u00e4na-J\u00f5esuus asuvas lapiateljees.Kursust juhendab k\u00e4sit\u00f6\u00f6ettev\u00f5tja ja koolitaja Aivi Tamm; abiks m\u00f5istagi pikaajalise lapitekkide \u00f5mblemise staa\u017eiga lapiateljee perenaine ise:)<\/span><\/span><\/em><\/div>\n<div class=\"_1mf _1mj\" data-offset-key=\"6qhhl-0-0\"><em><span data-offset-key=\"6qhhl-0-0\"><span data-text=\"true\">Eelteadmisi lapitehnikast olema ei pea, vajalik on vaid elementaarne \u00f5mblusmasina kasutamise oskus ja v\u00f5imalus.<\/span><\/span><\/em><\/div>\n<div class=\"_1mf _1mj\" data-offset-key=\"5pflu-0-0\"><em><span data-offset-key=\"5pflu-0-0\"><span data-text=\"true\">Grupi suurus 6 \u2013 8 osalejat. Grupi t\u00e4itumisel v\u00f5imalik avada teine grupp teisip\u00e4eva \u00f5htuti v\u00f5i laup\u00e4eviti.<\/span><\/span><\/em><\/div>\n<div class=\"_1mf _1mj\" data-offset-key=\"28cjd-0-0\"><em><span data-offset-key=\"bme2h-0-0\"><span data-text=\"true\">NB! Lapit\u00f6\u00f6 on imelist s\u00f5ltuvust tekitav:):):)<\/span><\/span><\/em><\/div>\n<div class=\"\" data-block=\"true\" data-editor=\"686l1\" data-offset-key=\"bme2h-0-0\">\n<div class=\"_1mf _1mj\" data-offset-key=\"bme2h-0-0\"><a href=\"https:\/\/muraste.ee\/vana\/wp-content\/uploads\/2016\/03\/Plakat_01.jpg\" rel=\"attachment wp-att-7551\"><img decoding=\"async\" loading=\"lazy\" class=\"alignnone size-large wp-image-7551\" src=\"https:\/\/muraste.ee\/vana\/wp-content\/uploads\/2016\/03\/Plakat_01-1024x709.jpg\" alt=\"Plakat_01\" width=\"625\" height=\"433\" srcset=\"https:\/\/muraste.ee\/vana\/wp-content\/uploads\/2016\/03\/Plakat_01-1024x709.jpg 1024w, https:\/\/muraste.ee\/vana\/wp-content\/uploads\/2016\/03\/Plakat_01-300x208.jpg 300w, https:\/\/muraste.ee\/vana\/wp-content\/uploads\/2016\/03\/Plakat_01-768x532.jpg 768w, https:\/\/muraste.ee\/vana\/wp-content\/uploads\/2016\/03\/Plakat_01-624x432.jpg 624w, https:\/\/muraste.ee\/vana\/wp-content\/uploads\/2016\/03\/Plakat_01.jpg 1406w\" sizes=\"(max-width: 625px) 100vw, 625px\" \/><\/a><\/div>\n<\/div>\n<\/div>\n<\/div>\n<\/div>\n<div class=\"_1mf _1mj\" data-offset-key=\"bme2h-0-0\"><\/div>\n<div class=\"entry-content\">\n<div id=\"js_bfj\" class=\"_5pbx userContent _3576\" data-ad-preview=\"message\" data-ft=\"{&quot;tn&quot;:&quot;K&quot;}\">\n<div class=\"entry-content\">\n<header class=\"entry-header\">\n<div class=\"entry-content\">\n<div id=\"js_bfj\" class=\"_5pbx userContent _3576\" data-ad-preview=\"message\" data-ft=\"{&quot;tn&quot;:&quot;K&quot;}\">\n<p><strong><span style=\"color: #339966;\"><a style=\"color: #339966;\" href=\"https:\/\/muraste.ee\/vana\/?p=6574&amp;fbclid=IwAR2QSQfT4gkgut25GCYcvoQsUVRZZRICU2d_3VrF8B-iaUIHgj-cjAXj-VU\" target=\"_blank\">HOIAME K\u00dcLA PUHTANA!<\/a>\u00a0LOE EDASI <a style=\"color: #339966;\" href=\"https:\/\/muraste.ee\/vana\/?p=6574&amp;fbclid=IwAR2QSQfT4gkgut25GCYcvoQsUVRZZRICU2d_3VrF8B-iaUIHgj-cjAXj-VU\" target=\"_blank\">SIIT<\/a><br \/>\n<\/span><\/strong><\/p>\n<\/div>\n<\/div>\n<\/header>\n<div class=\"entry-content\">\n<div id=\"js_bfj\" class=\"_5pbx userContent _3576\" data-ad-preview=\"message\" data-ft=\"{&quot;tn&quot;:&quot;K&quot;}\">\n<p><a href=\"https:\/\/muraste.ee\/vana\/wp-content\/uploads\/2018\/12\/prygi5.png\" rel=\"attachment wp-att-6581\"><img decoding=\"async\" loading=\"lazy\" class=\"alignnone size-full wp-image-6581\" src=\"https:\/\/muraste.ee\/vana\/wp-content\/uploads\/2018\/12\/prygi5.png\" alt=\"prygi5\" width=\"777\" height=\"437\" srcset=\"https:\/\/muraste.ee\/vana\/wp-content\/uploads\/2018\/12\/prygi5.png 777w, https:\/\/muraste.ee\/vana\/wp-content\/uploads\/2018\/12\/prygi5-300x169.png 300w, https:\/\/muraste.ee\/vana\/wp-content\/uploads\/2018\/12\/prygi5-768x432.png 768w, https:\/\/muraste.ee\/vana\/wp-content\/uploads\/2018\/12\/prygi5-624x351.png 624w, https:\/\/muraste.ee\/vana\/wp-content\/uploads\/2018\/12\/prygi5-128x72.png 128w\" sizes=\"(max-width: 777px) 100vw, 777px\" \/><\/a><\/p>\n<div class=\"_3x-2\" data-ft=\"{&quot;tn&quot;:&quot;H&quot;}\"><span style=\"color: #000000;\">\u00a0<\/span><\/div>\n<p><em><strong><br \/>\n<\/strong><\/em><strong><span style=\"color: #ff6600;\">TEADETETAHVEL<\/span><\/strong><\/p>\n<\/div>\n<\/div>\n<\/div>\n<\/div>\n<\/div>\n<\/header>\n<div class=\"entry-content\">\n<p><span style=\"color: #3366ff;\"><a style=\"color: #3366ff;\" href=\"https:\/\/muraste.ee\/vana\/wp-content\/uploads\/2016\/03\/stend.jpg\" rel=\"attachment wp-att-3740\"><img decoding=\"async\" loading=\"lazy\" class=\"size-medium wp-image-3740 alignright\" src=\"https:\/\/muraste.ee\/vana\/wp-content\/uploads\/2016\/03\/stend-300x224.jpg\" sizes=\"(max-width: 300px) 100vw, 300px\" srcset=\"https:\/\/muraste.ee\/vana\/wp-content\/uploads\/2016\/03\/stend-300x224.jpg 300w, https:\/\/muraste.ee\/vana\/wp-content\/uploads\/2016\/03\/stend-768x572.jpg 768w, https:\/\/muraste.ee\/vana\/wp-content\/uploads\/2016\/03\/stend-1024x763.jpg 1024w, https:\/\/muraste.ee\/vana\/wp-content\/uploads\/2016\/03\/stend-624x465.jpg 624w, https:\/\/muraste.ee\/vana\/wp-content\/uploads\/2016\/03\/stend.jpg 1300w\" alt=\"stend\" width=\"300\" height=\"224\" \/><\/a><\/span><\/p>\n<\/div>\n<header class=\"entry-header\">\n<div class=\"entry-content\">\n<div class=\"_1mf _1mj\" data-offset-key=\"cki46-0-0\">\n<p><strong>Teadmiseks:\u00a0<\/strong>Muraste igan\u00e4dalase e-infokirjaga liitumiseks saada sellekohane teade muraste@muraste.ee<br \/>\n<strong>Muraste kogukonnakeskus\u00a0<\/strong>(Lee tee 9, Muraste) avatud E-N 10 -18, R ja muudel aegadel vastavalt tegevustele<br \/>\n<strong>T\u00e4psustused ja info:<\/strong>\u00a0kogukonnakeskus@muraste.ee;\u00a05253128 (Aule Kikas).<\/p>\n<\/div>\n<\/div>\n<\/header>\n<\/div>\n<\/header>\n","protected":false},"excerpt":{"rendered":"<p>N\u00c4DAL 39 MURASTES * AT- koolimaja aatrium, SP- spordihoone; KO-kogukonnakeskus; \u00a0 KL- klassiruum; PS \u2013 peegelsaal; SS- s\u00f6\u00f6gisaal, LS- lavasaal, MR- meediaruum Kaanefoto:\u00a0Nicepik.com ESMASP\u00c4EV, 23. september &#8211; \u00a0kell 07:50 algab s\u00fcgis! kl 14 PS, MyDance tantsutund (I-II kl, www.mydance.ee) kl 15 PS, MyDance tantsutund (III-IV kl,\u00a0www.mydance.ee) kl 15.40-16.25 KO, Fa Stuudio kandlering edasij\u00f5udnutele kl 16-18.30<a class=\"moretag\" href=\"https:\/\/muraste.ee\/vana\/?page_id=7566\"><br \/>&#8230;Loe edasi<\/a><\/p>\n","protected":false},"author":2,"featured_media":0,"parent":0,"menu_order":0,"comment_status":"closed","ping_status":"closed","template":"","meta":{"_bbp_topic_count":0,"_bbp_reply_count":0,"_bbp_total_topic_count":0,"_bbp_total_reply_count":0,"_bbp_voice_count":0,"_bbp_anonymous_reply_count":0,"_bbp_topic_count_hidden":0,"_bbp_reply_count_hidden":0,"_bbp_forum_subforum_count":0,"_mc_calendar":[]},"_links":{"self":[{"href":"https:\/\/muraste.ee\/vana\/index.php?rest_route=\/wp\/v2\/pages\/7566"}],"collection":[{"href":"https:\/\/muraste.ee\/vana\/index.php?rest_route=\/wp\/v2\/pages"}],"about":[{"href":"https:\/\/muraste.ee\/vana\/index.php?rest_route=\/wp\/v2\/types\/page"}],"author":[{"embeddable":true,"href":"https:\/\/muraste.ee\/vana\/index.php?rest_route=\/wp\/v2\/users\/2"}],"replies":[{"embeddable":true,"href":"https:\/\/muraste.ee\/vana\/index.php?rest_route=%2Fwp%2Fv2%2Fcomments&post=7566"}],"version-history":[{"count":3,"href":"https:\/\/muraste.ee\/vana\/index.php?rest_route=\/wp\/v2\/pages\/7566\/revisions"}],"predecessor-version":[{"id":7628,"href":"https:\/\/muraste.ee\/vana\/index.php?rest_route=\/wp\/v2\/pages\/7566\/revisions\/7628"}],"wp:attachment":[{"href":"https:\/\/muraste.ee\/vana\/index.php?rest_route=%2Fwp%2Fv2%2Fmedia&parent=7566"}],"curies":[{"name":"wp","href":"https:\/\/api.w.org\/{rel}","templated":true}]}}