{"id":762,"date":"2016-03-07T21:44:13","date_gmt":"2016-03-07T19:44:13","guid":{"rendered":"https:\/\/muraste.ee\/vana\/?page_id=762"},"modified":"2023-09-25T16:53:54","modified_gmt":"2023-09-25T13:53:54","slug":"juhatus","status":"publish","type":"page","link":"https:\/\/muraste.ee\/vana\/?page_id=762","title":{"rendered":"Juhatus"},"content":{"rendered":"<p style=\"text-align: justify;\">Muraste k\u00fclaseltsi juhatuse \u00fchine e-post: <strong>juhatus@muraste.ee<\/strong>.<br \/>\nJuhatuse koosolekud toimuvad \u00fcldjuhul iga kuu 2. esmasp\u00e4eval algusega kell 19 Muraste kogukonnakeskuses.<\/p>\n<p style=\"text-align: justify;\">Saame tuttavaks!<\/p>\n<p><strong>AULE KIKAS <\/strong><em>(kaljukits) &#8211; hetkel ei kuulu juhatusse<br \/>\n<\/em><a href=\"https:\/\/muraste.ee\/vana\/wp-content\/uploads\/2016\/03\/7.jpg\" rel=\"attachment wp-att-2976\"><img decoding=\"async\" loading=\"lazy\" class=\"size-thumbnail wp-image-2976 alignleft\" src=\"https:\/\/muraste.ee\/vana\/wp-content\/uploads\/2016\/03\/7-150x150.jpg\" alt=\"7\" width=\"150\" height=\"150\" \/><\/a>Aule lemmiteema on kultuur selle k\u00f5ige laiemas t\u00e4henduses. Kuni 2020. aasta augustini oli ta fookus Muraste kogukonnakeskuses ja selle t\u00f6\u00f6 korraldamisel. \u00a0Aule kirjutab ja korraldab, teeb ja toimetab, genereerib ja viib ellu. \u00a0 Harku vallavolikogu liige ning volikogu majanduskomisjoni ja revisjonikomisjoni liige. Esindab <strong>Pankranniku<\/strong> piirkonda.<br \/>\nKontakt: +372 5253128 aule.kikas@gmail.com<\/p>\n<p><strong>HANNES REINOLA\u00a0<\/strong><em>(kaksikud)<br \/>\n<a href=\"https:\/\/muraste.ee\/vana\/wp-content\/uploads\/2016\/03\/2.jpg\" rel=\"attachment wp-att-2977\"><img decoding=\"async\" loading=\"lazy\" class=\"size-thumbnail wp-image-2977 alignleft\" src=\"https:\/\/muraste.ee\/vana\/wp-content\/uploads\/2016\/03\/2-150x150.jpg\" alt=\"2\" width=\"150\" height=\"150\" \/><\/a><\/em>Hannes hoiab silma peal mehisematel aladel: taristu, vesi, teed ning on olemas alati, kui vaja. Harku vallavolikogu ehituskomisjoni liige.\u00a0Esindab <strong>suvilate <\/strong>piirkonda.<\/p>\n<p>Kontakt: hannes@bpk.ee<\/p>\n<p><strong><br \/>\nKATRE KUUSIK\u00a0<\/strong><em>(j\u00e4\u00e4r)<br \/>\n<a href=\"https:\/\/muraste.ee\/vana\/wp-content\/uploads\/2016\/03\/6.jpg\" rel=\"attachment wp-att-2978\"><img decoding=\"async\" loading=\"lazy\" class=\"size-thumbnail wp-image-2978 alignleft\" src=\"https:\/\/muraste.ee\/vana\/wp-content\/uploads\/2016\/03\/6-150x150.jpg\" alt=\"6\" width=\"150\" height=\"150\" \/><\/a><\/em>Katre on k\u00fclaseltsi erinevates ettev\u00f5tmistes nii n\u00f5u kui j\u00f5uga kaasa aidanud. S\u00fcdamel\u00e4hedane on noored ja lapsed ning nende tegevus v\u00e4ljaspool kodu. Meeldib k\u00e4ia looduses ja n\u00e4ha puude taga metsa ning metsas erinevaid puid, seda nii otseses m\u00f5ttes kui ka kaudses. \u00a0Esindab <strong>suvilate <\/strong>piirkonda.<\/p>\n<p>Kontakt:\u00a0katre.kuusik@gmail.com<\/p>\n<p><strong><br \/>\nKATRIN KRAUSE\u00a0<\/strong><em>(veevalaja)<br \/>\n<a href=\"https:\/\/muraste.ee\/vana\/wp-content\/uploads\/2016\/03\/5.jpg\" rel=\"attachment wp-att-2979\"><img decoding=\"async\" loading=\"lazy\" class=\"size-thumbnail wp-image-2979 alignleft\" src=\"https:\/\/muraste.ee\/vana\/wp-content\/uploads\/2016\/03\/5-150x150.jpg\" alt=\"5\" width=\"150\" height=\"150\" \/><\/a><\/em>Katrin on tubli projektikirjutaja. Tema t\u00f6\u00f6 tulemusel on meie rahalised v\u00f5imalused veidi suuremad, kui liikmemaksudest laekuvad toetussummad. Harku vallavolikogu haridus-, kultuuri- ja sotsiaalkomisjoni liige. Esindab <strong>Pankranniku<\/strong> piirkonda.<\/p>\n<p>Kontakt: +372 5270732, katrin@kodukyla.ee<\/p>\n<p><strong>LIISA OVIIR<\/strong> <em>(kalad) &#8211; hetkel ei kuulu juhatusse<br \/>\n<\/em>Liisa teab ja tunneb nii seadust kui \u00f5igusruumi, majandust ning vajadusel nii m\u00f5ndagi ka kosmosest. Suure t\u00f6\u00f6-, kohuse- ja vastutustundega ei lase ta endal ega teistel juhatuse liikmetel loorberitele puhkama j\u00e4\u00e4da. Harku vallavolikogu liige ning volikogu majanduskomisjoni liige. \u00a0Esindab <strong>Pankranniku<\/strong> piirkonda.<\/p>\n<p>Kontakt: liisa.oviir@gmail.com<\/p>\n<p><strong>EVAR OJASAAR <\/strong><em>(v\u00e4hk)<\/em><strong><br \/>\n<\/strong><a href=\"https:\/\/muraste.ee\/vana\/wp-content\/uploads\/2016\/03\/IMG_7055.jpg\" rel=\"attachment wp-att-2966\"><img decoding=\"async\" loading=\"lazy\" class=\"size-thumbnail wp-image-2966 alignleft\" src=\"https:\/\/muraste.ee\/vana\/wp-content\/uploads\/2016\/03\/IMG_7055-150x150.jpg\" alt=\"img_7055\" width=\"150\" height=\"150\" \/><\/a>Evari lemmikteemad seonduvad turvalise koduk\u00fcla ja tervislike eluviisidega. Evar oskab ja teeb vist peaaegu k\u00f5ike. Esindab <strong>Pankranniku<\/strong> piirkonda.<\/p>\n<p>Kontakt: eojasaar@gmail.com<\/p>\n<p><strong>TIIU-MAIE LAHT<\/strong><em><strong>\u00a0<\/strong>(kalad)<br \/>\n<\/em><em><a href=\"https:\/\/muraste.ee\/vana\/wp-content\/uploads\/2016\/03\/Tiiu-Maie.jpg\" rel=\"attachment wp-att-5184\"><img decoding=\"async\" loading=\"lazy\" class=\"size-thumbnail wp-image-5184 alignleft\" src=\"https:\/\/muraste.ee\/vana\/wp-content\/uploads\/2016\/03\/Tiiu-Maie-150x150.jpg\" alt=\"Tiiu-Maie\" width=\"150\" height=\"150\" \/><\/a><\/em><\/p>\n<p>Tiiu s\u00fcdamel\u00e4hedased valdkonnad seonduvad tema erialast (PhD, loodusteadlane) tulenevalt looduse, tervise ja toitumisega. Tiiu on abivalmis, s\u00f5bralik ja suure kohusetundega. Esindab <strong>Pangapealse<\/strong>\u00a0piirkonda.<\/p>\n<p>Kontakt:\u00a0 tiiumai@gmail.com<\/p>\n<h2><strong>2022 aastal lisandusid juhtkonda:\u00a0<\/strong><\/h2>\n<h2>\n<strong>MIRJAM GILL<\/strong><\/p>\n<p><strong>MAIT KORNET<\/strong><\/h2>\n<p><a href=\"https:\/\/muraste.ee\/vana\/wp-content\/uploads\/2016\/03\/IMG_7020.jpg\" rel=\"attachment wp-att-3050\"><img decoding=\"async\" loading=\"lazy\" class=\"alignnone size-full wp-image-3050\" src=\"https:\/\/muraste.ee\/vana\/wp-content\/uploads\/2016\/03\/IMG_7020.jpg\" alt=\"img_7020\" width=\"4203\" height=\"3152\" srcset=\"https:\/\/muraste.ee\/vana\/wp-content\/uploads\/2016\/03\/IMG_7020.jpg 4203w, https:\/\/muraste.ee\/vana\/wp-content\/uploads\/2016\/03\/IMG_7020-300x225.jpg 300w, https:\/\/muraste.ee\/vana\/wp-content\/uploads\/2016\/03\/IMG_7020-768x576.jpg 768w, https:\/\/muraste.ee\/vana\/wp-content\/uploads\/2016\/03\/IMG_7020-1024x768.jpg 1024w, https:\/\/muraste.ee\/vana\/wp-content\/uploads\/2016\/03\/IMG_7020-624x468.jpg 624w\" sizes=\"(max-width: 4203px) 100vw, 4203px\" \/><\/a><a href=\"https:\/\/muraste.ee\/vana\/wp-content\/uploads\/2016\/03\/IMG_7068.jpg\" rel=\"attachment wp-att-2988\"><img decoding=\"async\" loading=\"lazy\" class=\"size-large wp-image-2988 aligncenter\" src=\"https:\/\/muraste.ee\/vana\/wp-content\/uploads\/2016\/03\/IMG_7068-1024x683.jpg\" alt=\"img_7068\" width=\"625\" height=\"417\" srcset=\"https:\/\/muraste.ee\/vana\/wp-content\/uploads\/2016\/03\/IMG_7068-1024x683.jpg 1024w, https:\/\/muraste.ee\/vana\/wp-content\/uploads\/2016\/03\/IMG_7068-300x200.jpg 300w, https:\/\/muraste.ee\/vana\/wp-content\/uploads\/2016\/03\/IMG_7068-768x512.jpg 768w, https:\/\/muraste.ee\/vana\/wp-content\/uploads\/2016\/03\/IMG_7068-624x416.jpg 624w\" sizes=\"(max-width: 625px) 100vw, 625px\" \/><\/a><\/p>\n","protected":false},"excerpt":{"rendered":"<p>Muraste k\u00fclaseltsi juhatuse \u00fchine e-post: juhatus@muraste.ee. Juhatuse koosolekud toimuvad \u00fcldjuhul iga kuu 2. esmasp\u00e4eval algusega kell 19 Muraste kogukonnakeskuses. Saame tuttavaks! AULE KIKAS (kaljukits) &#8211; hetkel ei kuulu juhatusse Aule lemmiteema on kultuur selle k\u00f5ige laiemas t\u00e4henduses. Kuni 2020. aasta augustini oli ta fookus Muraste kogukonnakeskuses ja selle t\u00f6\u00f6 korraldamisel. \u00a0Aule kirjutab ja korraldab, teeb<a class=\"moretag\" href=\"https:\/\/muraste.ee\/vana\/?page_id=762\"><br \/>&#8230;Loe edasi<\/a><\/p>\n","protected":false},"author":2,"featured_media":0,"parent":0,"menu_order":0,"comment_status":"closed","ping_status":"closed","template":"","meta":{"_bbp_topic_count":0,"_bbp_reply_count":0,"_bbp_total_topic_count":0,"_bbp_total_reply_count":0,"_bbp_voice_count":0,"_bbp_anonymous_reply_count":0,"_bbp_topic_count_hidden":0,"_bbp_reply_count_hidden":0,"_bbp_forum_subforum_count":0,"_mc_calendar":[]},"_links":{"self":[{"href":"https:\/\/muraste.ee\/vana\/index.php?rest_route=\/wp\/v2\/pages\/762"}],"collection":[{"href":"https:\/\/muraste.ee\/vana\/index.php?rest_route=\/wp\/v2\/pages"}],"about":[{"href":"https:\/\/muraste.ee\/vana\/index.php?rest_route=\/wp\/v2\/types\/page"}],"author":[{"embeddable":true,"href":"https:\/\/muraste.ee\/vana\/index.php?rest_route=\/wp\/v2\/users\/2"}],"replies":[{"embeddable":true,"href":"https:\/\/muraste.ee\/vana\/index.php?rest_route=%2Fwp%2Fv2%2Fcomments&post=762"}],"version-history":[{"count":55,"href":"https:\/\/muraste.ee\/vana\/index.php?rest_route=\/wp\/v2\/pages\/762\/revisions"}],"predecessor-version":[{"id":10070,"href":"https:\/\/muraste.ee\/vana\/index.php?rest_route=\/wp\/v2\/pages\/762\/revisions\/10070"}],"wp:attachment":[{"href":"https:\/\/muraste.ee\/vana\/index.php?rest_route=%2Fwp%2Fv2%2Fmedia&parent=762"}],"curies":[{"name":"wp","href":"https:\/\/api.w.org\/{rel}","templated":true}]}}