{"id":7659,"date":"2019-10-27T19:22:31","date_gmt":"2019-10-27T17:22:31","guid":{"rendered":"https:\/\/muraste.ee\/vana\/?page_id=7659"},"modified":"2019-10-27T19:22:31","modified_gmt":"2019-10-27T17:22:31","slug":"nadal-43-3","status":"publish","type":"page","link":"https:\/\/muraste.ee\/vana\/?page_id=7659","title":{"rendered":"N\u00e4dal 43"},"content":{"rendered":"<h1 class=\"entry-title\" style=\"text-align: center;\"><span style=\"color: #ff6600;\">N\u00c4DAL 43 MURASTES<\/span><\/h1>\n<div class=\"entry-content\">\n<header class=\"entry-header\">\n<div class=\"entry-content\">\n<div id=\"js_bfj\" class=\"_5pbx userContent _3576\" data-ad-preview=\"message\" data-ft=\"{&quot;tn&quot;:&quot;K&quot;}\">\n<div class=\"entry-content\">\n<p><em>* AT- koolimaja aatrium, SP- spordihoone; KO-kogukonnakeskus; \u00a0 KL- klassiruum; PS \u2013 peegelsaal; SS- s\u00f6\u00f6gisaal, LS- lavasaal, MR- meediaruum<br \/>\nKaanefoto: Imeline Muraste s\u00fcgis (foto Liisa Oviir).\u00a0<\/em><\/p>\n<p><span style=\"color: #800000;\"><strong>ESMASP\u00c4EV, 21.\u00a0oktoober<br \/>\n<\/strong><\/span>kl 17.30 KO, <strong>V\u00e4ikekandleansambel LiULi<\/strong> (p\u00f5hikoosseis)<br \/>\nkl 19.00 KO, <strong>V\u00e4ikekandleansambel LiULi<\/strong> (alustajad)<br \/>\nkl 19.00 AT, <strong>Suurupi naiskoor Meretule<\/strong><br \/>\nkl 20 PS, <strong>Aeroobika<\/strong> (treener Kaja Tuisk)<br \/>\n<a href=\"https:\/\/muraste.ee\/vana\/wp-content\/uploads\/2016\/03\/aeroouus.jpg\" rel=\"attachment wp-att-7449\"><img decoding=\"async\" loading=\"lazy\" class=\"alignnone size-medium wp-image-7449\" src=\"https:\/\/muraste.ee\/vana\/wp-content\/uploads\/2016\/03\/aeroouus-300x169.jpg\" alt=\"aeroouus\" width=\"300\" height=\"169\" srcset=\"https:\/\/muraste.ee\/vana\/wp-content\/uploads\/2016\/03\/aeroouus-300x169.jpg 300w, https:\/\/muraste.ee\/vana\/wp-content\/uploads\/2016\/03\/aeroouus-768x432.jpg 768w, https:\/\/muraste.ee\/vana\/wp-content\/uploads\/2016\/03\/aeroouus-624x351.jpg 624w, https:\/\/muraste.ee\/vana\/wp-content\/uploads\/2016\/03\/aeroouus-128x72.jpg 128w, https:\/\/muraste.ee\/vana\/wp-content\/uploads\/2016\/03\/aeroouus.jpg 960w\" sizes=\"(max-width: 300px) 100vw, 300px\" \/><\/a><\/p>\n<p><span style=\"color: #800000;\"><strong>TEISIP\u00c4EV, 22. oktoober\u00a0<a href=\"https:\/\/muraste.ee\/vana\/wp-content\/uploads\/2016\/03\/kaalu.png\" rel=\"attachment wp-att-7493\"><img decoding=\"async\" loading=\"lazy\" class=\"size-medium wp-image-7493 alignright\" src=\"https:\/\/muraste.ee\/vana\/wp-content\/uploads\/2016\/03\/kaalu-237x300.png\" alt=\"kaalu\" width=\"237\" height=\"300\" srcset=\"https:\/\/muraste.ee\/vana\/wp-content\/uploads\/2016\/03\/kaalu-237x300.png 237w, https:\/\/muraste.ee\/vana\/wp-content\/uploads\/2016\/03\/kaalu-624x789.png 624w, https:\/\/muraste.ee\/vana\/wp-content\/uploads\/2016\/03\/kaalu.png 759w\" sizes=\"(max-width: 237px) 100vw, 237px\" \/><\/a><br \/>\n<\/strong><\/span>kl 18.30 KL,\u00a0<strong>Inglise keele kursus \u00a0<\/strong>(kesktase B 1.2).\u00a0Lisainfo \u00a0juhendajalt tel 56575575 v\u00f5i marethein@gmail.com (Maret Hein).<br \/>\n18.30 PS, <strong>Seltskonnatantsu algkursus<\/strong><em>\u00a0<\/em><br \/>\nkl 19 KO, <strong>Figuuris\u00f5brad <\/strong>\u00a0(info plakatil)<br \/>\nkl 19 SP, <strong>V\u00f5rkpall <\/strong><em>(oodatud k\u00f5ik m\u00e4nguhuvilised)<\/em><br \/>\nkl 19.45 PS, <strong>Seltskonnatantsude harjutustund<\/strong><span style=\"font-size: 1rem;\"><br \/>\nkl 16.30-17.30 SP,\u00a0<strong><span style=\"color: #ff0000;\">UUS!<\/span> Suglpallitreening lastele \u00a0<\/strong><\/span><span style=\"font-size: 1rem;\"><strong><br \/>\n<a href=\"https:\/\/muraste.ee\/vana\/wp-content\/uploads\/2016\/03\/sulg.jpg\" rel=\"attachment wp-att-7634\"><img decoding=\"async\" loading=\"lazy\" class=\"size-medium wp-image-7634 aligncenter\" src=\"https:\/\/muraste.ee\/vana\/wp-content\/uploads\/2016\/03\/sulg-300x200.jpg\" alt=\"sulg\" width=\"300\" height=\"200\" srcset=\"https:\/\/muraste.ee\/vana\/wp-content\/uploads\/2016\/03\/sulg-300x200.jpg 300w, https:\/\/muraste.ee\/vana\/wp-content\/uploads\/2016\/03\/sulg-768x512.jpg 768w, https:\/\/muraste.ee\/vana\/wp-content\/uploads\/2016\/03\/sulg-624x416.jpg 624w, https:\/\/muraste.ee\/vana\/wp-content\/uploads\/2016\/03\/sulg.jpg 960w\" sizes=\"(max-width: 300px) 100vw, 300px\" \/><\/a><\/strong><\/span><\/p>\n<p><span style=\"font-size: 1rem;\">kl 18 -21 KO, <strong>Gordoni perekool<\/strong> (kursus 30.10-18.12) Vaata\u00a0lisa <a href=\"https:\/\/muraste.ee\/vana\/?p=7462\" target=\"_blank\">SIIT<br \/>\n<\/a>kl 18.30-20 SP, <strong><span style=\"color: #ff0000;\">UUS!<\/span> Sulgpalliteening t\u00e4iskasvanutele<br \/>\n<\/strong><\/span><span style=\"font-size: 1rem;\">kl 18.30-19.30 PS, <strong>Line-tants<\/strong><br \/>\nkl 19 KL, \u00a0<strong>Inglise keele kursus<\/strong>\u00a0(algtase A2) uuesti alustajatele ja algajatele. Lisainfo \u00a0juhendajalt tel 56575575 v\u00f5i marethein@gmail.com (Maret Hein).<br \/>\nkl 20- 21 PS, <strong>Aeroobika<\/strong> (Kaja Tuisk)\u00a0<\/span><\/p>\n<p><span style=\"font-size: 1rem;\"><span style=\"color: #800000;\"><strong>NELJAP\u00c4EV, 24. oktoober<br \/>\n<\/strong><\/span><\/span><span style=\"color: #000000;\"><span style=\"font-size: 1rem;\">kl 15.30-16.15 <\/span><strong style=\"font-size: 1rem;\">Beebide ja v\u00e4ikelaste muusikaring<\/strong><\/span><span style=\"font-size: 1rem;\"><span style=\"color: #000000;\"> Pangapealse lasteaias (www.loovuslaps.ee)<a href=\"https:\/\/muraste.ee\/vana\/wp-content\/uploads\/2016\/03\/n\u00e4ite-1.jpg\" rel=\"attachment wp-att-7548\"><img decoding=\"async\" loading=\"lazy\" class=\"size-thumbnail wp-image-7548 alignright\" src=\"https:\/\/muraste.ee\/vana\/wp-content\/uploads\/2016\/03\/n\u00e4ite-1-150x150.jpg\" alt=\"n\u00e4ite\" width=\"150\" height=\"150\" \/><\/a><\/span><\/span><span style=\"color: #000000;\"><br \/>\nkl 18.30 AT, <strong>N\u00e4itering, <\/strong>juhendaja Anne Veesaar<strong>\u00a0<\/strong><em><br \/>\n<\/em><\/span>kl 18.15-19.45 KO, <span style=\"color: #000000;\"><strong>Prantsuse keel<\/strong><\/span>, juhendab Ines J\u00e4rvsoo (jarvsoo@hotmail.com)<br \/>\n<span style=\"color: #000000;\">kl\u00a019.00\u00a0KL,\u00a0<strong>Inglise keele\u00a0kursus<\/strong> edasij\u00f5udnutele\u00a0(eel-kesktase B 1.1) \u00a0Lisainfo \u00a0juhendajalt tel 56575575 v\u00f5i marethein@gmail.com (Maret Hein).<br \/>\nkl 19.00 PS, <strong><span style=\"color: #ff0000;\">UUS! !\u00a0<\/span>Jooga<\/strong> (juhendab Daire Tammik)<br \/>\n<a href=\"https:\/\/muraste.ee\/vana\/wp-content\/uploads\/2016\/03\/joogamurastepar.jpg\" rel=\"attachment wp-att-7577\"><img decoding=\"async\" loading=\"lazy\" class=\"alignnone size-medium wp-image-7577\" src=\"https:\/\/muraste.ee\/vana\/wp-content\/uploads\/2016\/03\/joogamurastepar-300x212.jpg\" alt=\"joogamurastepar\" width=\"300\" height=\"212\" srcset=\"https:\/\/muraste.ee\/vana\/wp-content\/uploads\/2016\/03\/joogamurastepar-300x212.jpg 300w, https:\/\/muraste.ee\/vana\/wp-content\/uploads\/2016\/03\/joogamurastepar-768x543.jpg 768w, https:\/\/muraste.ee\/vana\/wp-content\/uploads\/2016\/03\/joogamurastepar-1024x724.jpg 1024w, https:\/\/muraste.ee\/vana\/wp-content\/uploads\/2016\/03\/joogamurastepar-624x441.jpg 624w\" sizes=\"(max-width: 300px) 100vw, 300px\" \/><\/a><br \/>\n<\/span><\/p>\n<p><span style=\"color: #000000;\"><span style=\"color: #800000;\"><strong>REEDE, 25. oktoober<\/strong><\/span><br \/>\n<\/span><\/p>\n<p><strong>kl 19 AT, <span style=\"color: #ff0000;\">UUS!<\/span> Muraste filmi\u00f5htu:<\/strong>\u00a0<strong><a href=\"https:\/\/www.youtube.com\/watch?v=c7A0rsGr1GA\" target=\"_blank\">Aasta t\u00e4is draamat<\/a><br \/>\n<\/strong><\/p>\n<p><em>224 teatrietendust 365 p\u00e4evaga. Mida teeb see inimesega, kes pole varem teatris k\u00e4inud?<\/em><br \/>\n<em>Filmis \u201eSuper Size Me\u201c tegi Morgan Spurlock inimeksperimendi toidu tarbimisega. \u201eAasta t\u00e4is draamat\u201c astub sammu edasi ja paneb proovile inimese v\u00f5ime tarbida kultuuri.<\/em><br \/>\n<em>Oktoobris 2017 avaldab Kinoteater t\u00f6\u00f6kuulutuse leidmaks Eestist inimest, kes on teatrist t\u00e4iesti puutumata. 450 taotleja hulgast valitakse Alissija-Elisabet Jevtjukova, 21-aastane r\u00e4tsepa haridusega slaavi t\u00fcdruk Valgast. Tema t\u00f6\u00f6\u00fclesanne \u2013 vaadata ja arvustada k\u00f5iki 2018. aastal esietenduvaid teatrilavastusi.<\/em><br \/>\n<em>Alissija n\u00e4eb etendusi, mis inspireerivad ja etendusi, mis tekitavad meeleheidet. Ta kogeb m\u00e4rtsikuist esietenduste hullust, mil 20 p\u00e4evaga on vaja vaadata 21 etendust. Ta kogeb suveetenduste hullust, mil teatrit tehakse k\u00f5ikides Eestimaa nurkades ning muidugi detsembrihullust ehk rohkelt lastele m\u00f5eldud j\u00f5uluetendusi. <\/em><br \/>\n<em>Dokumentaalne film annab v\u00e4lispidise pilgu Eesti teatri fenomenile. See on meie ajastu Thor Heyerdahli, maadeavastaja lugu, kes seisab vastu logistikaprobleemidele, t\u00fcdimusele ja halvale ilmale, et l\u00e4bida kohutav inimlik katsumus vaadata l\u00e4bi kogu Eesti kutselise teatri uusrepertuaar. Tema muutumise ja kasvamise l\u00e4bi n\u00e4eme seestpoolt seda imet, vaeva ja paradoksaalsust, mis on kultuur.<br \/>\nPilet 5.-\/3.50<\/em><\/p>\n<p><strong><a href=\"https:\/\/muraste.ee\/vana\/wp-content\/uploads\/2016\/03\/Aasta_Tais_Draamat_FB_851x315.jpg\" rel=\"attachment wp-att-7640\"><img decoding=\"async\" loading=\"lazy\" class=\"alignnone wp-image-7640\" src=\"https:\/\/muraste.ee\/vana\/wp-content\/uploads\/2016\/03\/Aasta_Tais_Draamat_FB_851x315.jpg\" sizes=\"(max-width: 601px) 100vw, 601px\" srcset=\"https:\/\/muraste.ee\/vana\/wp-content\/uploads\/2016\/03\/Aasta_Tais_Draamat_FB_851x315-300x111.jpg 300w, https:\/\/muraste.ee\/vana\/wp-content\/uploads\/2016\/03\/Aasta_Tais_Draamat_FB_851x315-768x284.jpg 768w, https:\/\/muraste.ee\/vana\/wp-content\/uploads\/2016\/03\/Aasta_Tais_Draamat_FB_851x315-624x231.jpg 624w, https:\/\/muraste.ee\/vana\/wp-content\/uploads\/2016\/03\/Aasta_Tais_Draamat_FB_851x315.jpg 851w\" alt=\"Aasta_Tais_Draamat_FB_851x315\" width=\"601\" height=\"222\" \/><\/a><\/strong><\/p>\n<p><span style=\"color: #800000;\"><span style=\"color: #800000;\"><span style=\"color: #000000;\"><span style=\"color: #800080;\"><strong>TULEKUL<\/strong><\/span><\/span><\/span><\/span><\/p>\n<h1><span style=\"color: #ff0000;\"><strong>UUS!<\/strong><br \/>\n<\/span><span style=\"color: #993300;\">Reede, 15. november kell 20:00<\/span><br \/>\n<span style=\"color: #993300;\"><strong>KONTSERT: Lauri Saatpalu ja Jaan S\u00f6\u00f6t &#8211; Olemise tahumatu kergus.<\/strong><\/span><br \/>\n<span style=\"color: #993300;\">Piletid saadaval! Loe lisa <a style=\"color: #993300;\" href=\"https:\/\/muraste.ee\/vana\/?p=7607\" target=\"_blank\"><strong>SIIT<\/strong><\/a>!<\/span><br \/>\n<a href=\"https:\/\/muraste.ee\/vana\/wp-content\/uploads\/2016\/03\/kergus.jpg\" rel=\"attachment wp-att-7636\"><img decoding=\"async\" loading=\"lazy\" class=\"alignnone size-full wp-image-7636\" src=\"https:\/\/muraste.ee\/vana\/wp-content\/uploads\/2016\/03\/kergus.jpg\" alt=\"kergus\" width=\"960\" height=\"918\" srcset=\"https:\/\/muraste.ee\/vana\/wp-content\/uploads\/2016\/03\/kergus.jpg 960w, https:\/\/muraste.ee\/vana\/wp-content\/uploads\/2016\/03\/kergus-300x287.jpg 300w, https:\/\/muraste.ee\/vana\/wp-content\/uploads\/2016\/03\/kergus-768x734.jpg 768w, https:\/\/muraste.ee\/vana\/wp-content\/uploads\/2016\/03\/kergus-624x597.jpg 624w\" sizes=\"(max-width: 960px) 100vw, 960px\" \/><\/a><\/h1>\n<p>Peatselt algamas\u00a0<strong>eakate v\u00f5imlemine<\/strong>. Info tulekul.<\/p>\n<p>24. nov &#8211; 19. dets &#8211; <strong>v\u00e4ikelaevajuhtide kursus<\/strong>. Vaata lisa<strong> <a href=\"https:\/\/muraste.ee\/vana\/?p=7455\" target=\"_blank\">SIIT<\/a>\u00a0<a href=\"https:\/\/muraste.ee\/vana\/wp-content\/uploads\/2018\/01\/meremees.png\" rel=\"attachment wp-att-5145\"><img decoding=\"async\" loading=\"lazy\" class=\"alignnone size-full wp-image-5145\" src=\"https:\/\/muraste.ee\/vana\/wp-content\/uploads\/2018\/01\/meremees.png\" alt=\"meremees\" width=\"225\" height=\"225\" srcset=\"https:\/\/muraste.ee\/vana\/wp-content\/uploads\/2018\/01\/meremees.png 225w, https:\/\/muraste.ee\/vana\/wp-content\/uploads\/2018\/01\/meremees-150x150.png 150w\" sizes=\"(max-width: 225px) 100vw, 225px\" \/><\/a><\/strong><\/p>\n<p><span style=\"color: #3366ff;\">T\u00c4HELEPANU!<\/span><\/p>\n<\/div>\n<\/div>\n<\/div>\n<\/header>\n<\/div>\n<p>Hei, sina, tegus ja aktiivne noor! Taas on aeg kandideerida Harku valla <strong>Noortevolikokku.<\/strong><\/p>\n<p>Noortevolikogu koosneb kuni viieteistk\u00fcmnest 14-26-aastasest liikmest, kes Eesti rahvastikuregistri andmete j\u00e4rgi elab Harku vallas v\u00f5i \u00f5pib Harku valla koolis.\u00a0<a href=\"https:\/\/muraste.ee\/vana\/wp-content\/uploads\/2016\/03\/layout_set_logo.png\" rel=\"attachment wp-att-7616\"><img decoding=\"async\" loading=\"lazy\" class=\"size-medium wp-image-7616 alignleft\" src=\"https:\/\/muraste.ee\/vana\/wp-content\/uploads\/2016\/03\/layout_set_logo-300x120.png\" alt=\"layout_set_logo\" width=\"300\" height=\"120\" srcset=\"https:\/\/muraste.ee\/vana\/wp-content\/uploads\/2016\/03\/layout_set_logo-300x120.png 300w, https:\/\/muraste.ee\/vana\/wp-content\/uploads\/2016\/03\/layout_set_logo.png 567w\" sizes=\"(max-width: 300px) 100vw, 300px\" \/><\/a><br \/>\nHarku valla Noortevolikogu on v\u00e4\u00e4rt koost\u00f6\u00f6partner Harku Vallavalitsusele ja Volikogule esindades valla noorte huvisid. Noortevolikogu l\u00e4htub oma tegevuses noorsoot\u00f6\u00f6 seadusest ja\u00a0annab v\u00f5imaluse kaasa r\u00e4\u00e4kida valla noorsoot\u00f6\u00f6 korralduslikes k\u00fcsimustes, tutvustada noortele demokraatia p\u00f5him\u00f5tteid, julgustada noorte kodanikualgatust ning kaasata noori kohaliku elu korraldamist puudutavatesse otsustusprotsessidesse.<\/p>\n<p>Kandideerimiseks tuleb esitada valimiskomisjonile avaldus, mille vormi saate\u00a0<strong><em><a href=\"https:\/\/forms.gle\/thfa8foAo7g293BB8\" data-saferedirecturl=\"https:\/\/www.google.com\/url?q=https:\/\/forms.gle\/thfa8foAo7g293BB8&amp;source=gmail&amp;ust=1570808044864000&amp;usg=AFQjCNHKRFTKnQVKexzfl92KSG8pwMEsnA\">SIIT<\/a><\/em><\/strong>.<br \/>\nNoortevolikokku saab kandideerida kuni\u00a0<strong>20. oktoobri kesk\u00f6\u00f6ni<\/strong>.<\/p>\n<p>Noortevolikogu valimised toimuvad 22.-27. oktoobrini e-keskkonnas, kuhu saab siseneda Harku valla kodulehe kaudu aadressil\u00a0<strong><a href=\"https:\/\/www.harku.ee\/\" data-saferedirecturl=\"https:\/\/www.google.com\/url?q=https:\/\/www.harku.ee\/&amp;source=gmail&amp;ust=1570808044864000&amp;usg=AFQjCNERYLSpg1T-7S4dl7izeE-1lSCC9Q\">www.harku.ee<\/a><\/strong>. H\u00e4\u00e4letamis\u00f5igus on k\u00f5igil 14-26-aastastel noortel, kelle registreeritud elukoht on Harku vallas v\u00f5i kes \u00f5pivad Harku valla koolides. Valituks osutuvad enim h\u00e4\u00e4li saanud kandidaadid, kes teadvustatakse Harku valla veebilehel Noortevolikogu alamlehel.<\/p>\n<p><span style=\"color: #3366ff;\"><strong>JA N\u00dc\u00dcD V\u00d5IMLEMA!<\/strong><\/span><\/p>\n<p><iframe loading=\"lazy\" width=\"625\" height=\"352\" src=\"https:\/\/www.youtube.com\/embed\/Tt6pJif6BTI?feature=oembed\" frameborder=\"0\" allow=\"accelerometer; autoplay; encrypted-media; gyroscope; picture-in-picture\" allowfullscreen><\/iframe><\/p>\n<header class=\"entry-header\">\n<div class=\"entry-content\" style=\"text-align: left;\">\n<header class=\"entry-header\">\n<div class=\"entry-content\">\n<div id=\"js_bfj\" class=\"_5pbx userContent _3576\" data-ad-preview=\"message\" data-ft=\"{&quot;tn&quot;:&quot;K&quot;}\">\n<div class=\"entry-content\">\n<h3><em><strong><span style=\"color: #ff00ff;\">SOOVITAME!<\/span><\/strong><\/em><\/h3>\n<div class=\"_1mf _1mj\" data-offset-key=\"9manq-0-0\"><em><span data-offset-key=\"9manq-0-0\"><span data-text=\"true\">Kes meist ei teaks v\u00f5rratu lapit\u00f6\u00f6-meistri Mailis Kessi suurep\u00e4raseid lapitekke ja -maale, -pinaleid ja -istumispatju! N\u00fc\u00fcd on v\u00f5imalus huvilistel heita pilk lummavasse lapimaailma ning \u00f5ppida meistrite k\u00e4e all: t\u00e4iesti uus lapit\u00f6\u00f6 kursus alustab novembris Mails Kessi V\u00e4\u00e4na-J\u00f5esuus asuvas lapiateljees.Kursust juhendab k\u00e4sit\u00f6\u00f6ettev\u00f5tja ja koolitaja Aivi Tamm; abiks m\u00f5istagi pikaajalise lapitekkide \u00f5mblemise staa\u017eiga lapiateljee perenaine ise:)<\/span><\/span><\/em><\/div>\n<div class=\"_1mf _1mj\" data-offset-key=\"6qhhl-0-0\"><em><span data-offset-key=\"6qhhl-0-0\"><span data-text=\"true\">Eelteadmisi lapitehnikast olema ei pea, vajalik on vaid elementaarne \u00f5mblusmasina kasutamise oskus ja v\u00f5imalus.<\/span><\/span><\/em><\/div>\n<div class=\"_1mf _1mj\" data-offset-key=\"5pflu-0-0\"><em><span data-offset-key=\"5pflu-0-0\"><span data-text=\"true\">Grupi suurus 6 \u2013 8 osalejat. Grupi t\u00e4itumisel v\u00f5imalik avada teine grupp teisip\u00e4eva \u00f5htuti v\u00f5i laup\u00e4eviti.<\/span><\/span><\/em><\/div>\n<div class=\"_1mf _1mj\" data-offset-key=\"28cjd-0-0\"><em><span data-offset-key=\"bme2h-0-0\"><span data-text=\"true\">NB! Lapit\u00f6\u00f6 on imelist s\u00f5ltuvust tekitav:):):)<\/span><\/span><\/em><\/div>\n<div class=\"\" data-block=\"true\" data-editor=\"686l1\" data-offset-key=\"bme2h-0-0\">\n<div class=\"_1mf _1mj\" data-offset-key=\"bme2h-0-0\"><a href=\"https:\/\/muraste.ee\/vana\/wp-content\/uploads\/2016\/03\/Plakat_01.jpg\" rel=\"attachment wp-att-7551\"><img decoding=\"async\" loading=\"lazy\" class=\"alignnone size-large wp-image-7551\" src=\"https:\/\/muraste.ee\/vana\/wp-content\/uploads\/2016\/03\/Plakat_01-1024x709.jpg\" alt=\"Plakat_01\" width=\"625\" height=\"433\" srcset=\"https:\/\/muraste.ee\/vana\/wp-content\/uploads\/2016\/03\/Plakat_01-1024x709.jpg 1024w, https:\/\/muraste.ee\/vana\/wp-content\/uploads\/2016\/03\/Plakat_01-300x208.jpg 300w, https:\/\/muraste.ee\/vana\/wp-content\/uploads\/2016\/03\/Plakat_01-768x532.jpg 768w, https:\/\/muraste.ee\/vana\/wp-content\/uploads\/2016\/03\/Plakat_01-624x432.jpg 624w, https:\/\/muraste.ee\/vana\/wp-content\/uploads\/2016\/03\/Plakat_01.jpg 1406w\" sizes=\"(max-width: 625px) 100vw, 625px\" \/><\/a><\/div>\n<\/div>\n<\/div>\n<\/div>\n<\/div>\n<div class=\"_1mf _1mj\" data-offset-key=\"bme2h-0-0\"><\/div>\n<div class=\"entry-content\">\n<div id=\"js_bfj\" class=\"_5pbx userContent _3576\" data-ad-preview=\"message\" data-ft=\"{&quot;tn&quot;:&quot;K&quot;}\">\n<div class=\"entry-content\">\n<header class=\"entry-header\">\n<div class=\"entry-content\">\n<div id=\"js_bfj\" class=\"_5pbx userContent _3576\" data-ad-preview=\"message\" data-ft=\"{&quot;tn&quot;:&quot;K&quot;}\">\n<p><strong><span style=\"color: #339966;\"><a style=\"color: #339966;\" href=\"https:\/\/muraste.ee\/vana\/?p=6574&amp;fbclid=IwAR2QSQfT4gkgut25GCYcvoQsUVRZZRICU2d_3VrF8B-iaUIHgj-cjAXj-VU\" target=\"_blank\">HOIAME K\u00dcLA PUHTANA!<\/a>\u00a0LOE EDASI <a style=\"color: #339966;\" href=\"https:\/\/muraste.ee\/vana\/?p=6574&amp;fbclid=IwAR2QSQfT4gkgut25GCYcvoQsUVRZZRICU2d_3VrF8B-iaUIHgj-cjAXj-VU\" target=\"_blank\">SIIT<\/a><br \/>\n<\/span><\/strong><\/p>\n<\/div>\n<\/div>\n<\/header>\n<div class=\"entry-content\">\n<div id=\"js_bfj\" class=\"_5pbx userContent _3576\" data-ad-preview=\"message\" data-ft=\"{&quot;tn&quot;:&quot;K&quot;}\">\n<p><a href=\"https:\/\/muraste.ee\/vana\/wp-content\/uploads\/2018\/12\/prygi5.png\" rel=\"attachment wp-att-6581\"><img decoding=\"async\" loading=\"lazy\" class=\"alignnone size-full wp-image-6581\" src=\"https:\/\/muraste.ee\/vana\/wp-content\/uploads\/2018\/12\/prygi5.png\" alt=\"prygi5\" width=\"777\" height=\"437\" srcset=\"https:\/\/muraste.ee\/vana\/wp-content\/uploads\/2018\/12\/prygi5.png 777w, https:\/\/muraste.ee\/vana\/wp-content\/uploads\/2018\/12\/prygi5-300x169.png 300w, https:\/\/muraste.ee\/vana\/wp-content\/uploads\/2018\/12\/prygi5-768x432.png 768w, https:\/\/muraste.ee\/vana\/wp-content\/uploads\/2018\/12\/prygi5-624x351.png 624w, https:\/\/muraste.ee\/vana\/wp-content\/uploads\/2018\/12\/prygi5-128x72.png 128w\" sizes=\"(max-width: 777px) 100vw, 777px\" \/><\/a><\/p>\n<div class=\"_3x-2\" data-ft=\"{&quot;tn&quot;:&quot;H&quot;}\"><span style=\"color: #000000;\">\u00a0<\/span><\/div>\n<p><em><strong><br \/>\n<\/strong><\/em><strong><span style=\"color: #ff6600;\">TEADETETAHVEL<\/span><\/strong><\/p>\n<\/div>\n<\/div>\n<\/div>\n<\/div>\n<\/div>\n<\/header>\n<div class=\"entry-content\">\n<p><span style=\"color: #3366ff;\"><a style=\"color: #3366ff;\" href=\"https:\/\/muraste.ee\/vana\/wp-content\/uploads\/2016\/03\/stend.jpg\" rel=\"attachment wp-att-3740\"><img decoding=\"async\" loading=\"lazy\" class=\"size-medium wp-image-3740 alignright\" src=\"https:\/\/muraste.ee\/vana\/wp-content\/uploads\/2016\/03\/stend-300x224.jpg\" sizes=\"(max-width: 300px) 100vw, 300px\" srcset=\"https:\/\/muraste.ee\/vana\/wp-content\/uploads\/2016\/03\/stend-300x224.jpg 300w, https:\/\/muraste.ee\/vana\/wp-content\/uploads\/2016\/03\/stend-768x572.jpg 768w, https:\/\/muraste.ee\/vana\/wp-content\/uploads\/2016\/03\/stend-1024x763.jpg 1024w, https:\/\/muraste.ee\/vana\/wp-content\/uploads\/2016\/03\/stend-624x465.jpg 624w, https:\/\/muraste.ee\/vana\/wp-content\/uploads\/2016\/03\/stend.jpg 1300w\" alt=\"stend\" width=\"300\" height=\"224\" \/><\/a><\/span><\/p>\n<\/div>\n<header class=\"entry-header\">\n<div class=\"entry-content\">\n<div class=\"_1mf _1mj\" data-offset-key=\"cki46-0-0\">\n<p><strong>Teadmiseks:\u00a0<\/strong>Muraste igan\u00e4dalase e-infokirjaga liitumiseks saada sellekohane teade muraste@muraste.ee<br \/>\n<strong>Muraste kogukonnakeskus\u00a0<\/strong>(Lee tee 9, Muraste) avatud E-N 10 -18, R ja muudel aegadel vastavalt tegevustele<br \/>\n<strong>T\u00e4psustused ja info:<\/strong>\u00a0kogukonnakeskus@muraste.ee;\u00a05253128 (Aule Kikas).<\/p>\n<\/div>\n<\/div>\n<\/header>\n<\/div>\n<\/header>\n","protected":false},"excerpt":{"rendered":"<p>N\u00c4DAL 43 MURASTES * AT- koolimaja aatrium, SP- spordihoone; KO-kogukonnakeskus; \u00a0 KL- klassiruum; PS \u2013 peegelsaal; SS- s\u00f6\u00f6gisaal, LS- lavasaal, MR- meediaruum Kaanefoto: Imeline Muraste s\u00fcgis (foto Liisa Oviir).\u00a0 ESMASP\u00c4EV, 21.\u00a0oktoober kl 17.30 KO, V\u00e4ikekandleansambel LiULi (p\u00f5hikoosseis) kl 19.00 KO, V\u00e4ikekandleansambel LiULi (alustajad) kl 19.00 AT, Suurupi naiskoor Meretule kl 20 PS, Aeroobika (treener Kaja<a class=\"moretag\" href=\"https:\/\/muraste.ee\/vana\/?page_id=7659\"><br \/>&#8230;Loe edasi<\/a><\/p>\n","protected":false},"author":2,"featured_media":0,"parent":0,"menu_order":0,"comment_status":"closed","ping_status":"closed","template":"nadalakava.php","meta":{"_bbp_topic_count":0,"_bbp_reply_count":0,"_bbp_total_topic_count":0,"_bbp_total_reply_count":0,"_bbp_voice_count":0,"_bbp_anonymous_reply_count":0,"_bbp_topic_count_hidden":0,"_bbp_reply_count_hidden":0,"_bbp_forum_subforum_count":0,"_mc_calendar":[]},"_links":{"self":[{"href":"https:\/\/muraste.ee\/vana\/index.php?rest_route=\/wp\/v2\/pages\/7659"}],"collection":[{"href":"https:\/\/muraste.ee\/vana\/index.php?rest_route=\/wp\/v2\/pages"}],"about":[{"href":"https:\/\/muraste.ee\/vana\/index.php?rest_route=\/wp\/v2\/types\/page"}],"author":[{"embeddable":true,"href":"https:\/\/muraste.ee\/vana\/index.php?rest_route=\/wp\/v2\/users\/2"}],"replies":[{"embeddable":true,"href":"https:\/\/muraste.ee\/vana\/index.php?rest_route=%2Fwp%2Fv2%2Fcomments&post=7659"}],"version-history":[{"count":1,"href":"https:\/\/muraste.ee\/vana\/index.php?rest_route=\/wp\/v2\/pages\/7659\/revisions"}],"predecessor-version":[{"id":7661,"href":"https:\/\/muraste.ee\/vana\/index.php?rest_route=\/wp\/v2\/pages\/7659\/revisions\/7661"}],"wp:attachment":[{"href":"https:\/\/muraste.ee\/vana\/index.php?rest_route=%2Fwp%2Fv2%2Fmedia&parent=7659"}],"curies":[{"name":"wp","href":"https:\/\/api.w.org\/{rel}","templated":true}]}}