{"id":7680,"date":"2019-11-05T12:23:16","date_gmt":"2019-11-05T10:23:16","guid":{"rendered":"https:\/\/muraste.ee\/vana\/?page_id=7680"},"modified":"2019-11-05T12:23:16","modified_gmt":"2019-11-05T10:23:16","slug":"nadal-44-3","status":"publish","type":"page","link":"https:\/\/muraste.ee\/vana\/?page_id=7680","title":{"rendered":"N\u00e4dal 44"},"content":{"rendered":"<h1 class=\"entry-title\" style=\"text-align: center;\"><span style=\"color: #3366ff;\">N\u00c4DAL 44 MURASTES<\/span><\/h1>\n<header class=\"entry-header\">\n<div class=\"entry-content\" style=\"text-align: left;\">\n<div class=\"entry-content\">\n<header class=\"entry-header\">\n<div class=\"entry-content\">\n<div id=\"js_bfj\" class=\"_5pbx userContent _3576\" data-ad-preview=\"message\" data-ft=\"{&quot;tn&quot;:&quot;K&quot;}\">\n<div class=\"entry-content\">\n<p><em>* AT- koolimaja aatrium, SP- spordihoone; KO-kogukonnakeskus; \u00a0 KL- klassiruum; PS \u2013 peegelsaal; SS- s\u00f6\u00f6gisaal, LS- lavasaal, MR- meediaruum<br \/>\n<\/em><\/p>\n<p><span style=\"color: #800000;\"><strong><span style=\"color: #0000ff;\">ESMASP\u00c4EV, 28.\u00a0oktoober\u00a0<\/span><\/strong><\/span><br \/>\nkl 14 PS, <strong>MyDance tantsutund<\/strong> (I-II kl, www.mydance.ee)<br \/>\nkl 15 PS, <strong>MyDance tantsutund<\/strong> (III-IV kl,\u00a0www.mydance.ee)<br \/>\nkl 15.40-16.25 KO, Fa Stuudio <strong>kandlering<\/strong> edasij\u00f5udnutele<br \/>\nkl 16-18.30 Lahe Huvikooli <strong>eelkool. <\/strong>(www.lahehuvikool.ee)<br \/>\nkl 17.30 KO, <strong>V\u00e4ikekandleansambel LiULi<\/strong> (p\u00f5hikoosseis)<br \/>\nkl 19.00 KO, <strong>V\u00e4ikekandleansambel LiULi<\/strong> (alustajad)<br \/>\nkl 19.00 AT, <strong>Suurupi naiskoor Meretule<\/strong><br \/>\nkl 20 PS, <strong>Aeroobika<\/strong> (treener Kaja Tuisk)<\/p>\n<p><span style=\"color: #800000;\"><strong><span style=\"color: #0000ff;\">TEISIP\u00c4EV, 29. oktoober\u00a0<\/span><a href=\"https:\/\/muraste.ee\/vana\/wp-content\/uploads\/2016\/03\/kaalu.png\" rel=\"attachment wp-att-7493\"><img decoding=\"async\" loading=\"lazy\" class=\"size-medium wp-image-7493 alignright\" src=\"https:\/\/muraste.ee\/vana\/wp-content\/uploads\/2016\/03\/kaalu-237x300.png\" alt=\"kaalu\" width=\"237\" height=\"300\" srcset=\"https:\/\/muraste.ee\/vana\/wp-content\/uploads\/2016\/03\/kaalu-237x300.png 237w, https:\/\/muraste.ee\/vana\/wp-content\/uploads\/2016\/03\/kaalu-624x789.png 624w, https:\/\/muraste.ee\/vana\/wp-content\/uploads\/2016\/03\/kaalu.png 759w\" sizes=\"(max-width: 237px) 100vw, 237px\" \/><\/a><br \/>\n<\/strong><\/span>kl 14.30 &#8211; 18.20 KO, <strong>Triinu Laulustuudio <\/strong><em>(klaver ja soololaul)\u00a0<\/em><br \/>\nkl 18.30 KL,\u00a0<strong>Inglise keele kursus \u00a0<\/strong>(kesktase B 1.2).\u00a0Lisainfo \u00a0juhendajalt tel 56575575 v\u00f5i marethein@gmail.com (Maret Hein).<br \/>\n18.30 PS, <strong>Seltskonnatantsu algkursus<\/strong><em>\u00a0<\/em><br \/>\nkl 19 KO, <strong>Figuuris\u00f5brad <\/strong>\u00a0(info plakatil)<br \/>\nkl 19 SP, <strong>V\u00f5rkpall <\/strong><em>(oodatud k\u00f5ik m\u00e4nguhuvilised)<\/em><br \/>\nkl 19.45 PS, <strong>Seltskonnatantsude harjutustund<br \/>\n<\/strong><\/p>\n<p><strong style=\"color: #800000; font-size: 1rem;\"><span style=\"color: #0000ff;\">KOLMAP\u00c4EV, 30. oktoober<\/span><br \/>\n<\/strong><span style=\"font-size: 1rem;\">kl 13\u00a0PS, <strong>MyDance tantsutund<\/strong> (I-II kl, www.mydance.ee)<br \/>\nkl 14\u00a0PS, <strong>MyDance tantsutund<\/strong> (III-IV kl,\u00a0www.mydance.ee)<br \/>\nkl 14.40-15.25 KO, Fa Stuudio <strong>kandlering<\/strong>\u00a0algajatele<br \/>\nkl 15.30-16.15 KO, Fa Stuudio <strong>kandlering<\/strong>\u00a0algajatele<br \/>\nkl 15 PS,<strong> Showtants &amp; cheerleading<\/strong>. Lisainfo bron@prodance.ee, tel 55577821<br \/>\nkl 16.30-17.30 SP,\u00a0<strong><span style=\"color: #ff0000;\">UUS!<\/span> Suglpallitreening lastele \u00a0<\/strong><\/span><span style=\"font-size: 1rem;\"><strong><br \/>\n<\/strong><\/span><span style=\"font-size: 1rem;\">kl 17.30 KL<strong>, <strong><a href=\"https:\/\/muraste.ee\/vana\/?p=5969\" target=\"_blank\">MUDELISMIRING<\/a> <\/strong>algajatele<a href=\"https:\/\/muraste.ee\/vana\/?p=7505\" target=\"_blank\">. <\/a><\/strong>Juhendab Andres Madissoo<br \/>\nkl 17.30 KL<strong>, <strong><a href=\"https:\/\/muraste.ee\/vana\/?p=5969\" target=\"_blank\">MUDELISMIRING<\/a>\u00a0edasij\u00f5udnutele<\/strong>\u00a0<\/strong>Juhendab Andres Madissoo<br \/>\n<a href=\"https:\/\/muraste.ee\/vana\/wp-content\/uploads\/2019\/09\/gord.jpg\" rel=\"attachment wp-att-7463\"><img decoding=\"async\" loading=\"lazy\" class=\"size-medium wp-image-7463 alignright\" src=\"https:\/\/muraste.ee\/vana\/wp-content\/uploads\/2019\/09\/gord-300x266.jpg\" alt=\"gord\" width=\"300\" height=\"266\" srcset=\"https:\/\/muraste.ee\/vana\/wp-content\/uploads\/2019\/09\/gord-300x266.jpg 300w, https:\/\/muraste.ee\/vana\/wp-content\/uploads\/2019\/09\/gord-768x682.jpg 768w, https:\/\/muraste.ee\/vana\/wp-content\/uploads\/2019\/09\/gord-624x554.jpg 624w, https:\/\/muraste.ee\/vana\/wp-content\/uploads\/2019\/09\/gord.jpg 960w\" sizes=\"(max-width: 300px) 100vw, 300px\" \/><\/a><\/span><\/p>\n<p><span style=\"font-size: 1rem;\">kl 18 -21 KO, <strong><span style=\"color: #ff0000;\">UUS T\u00c4NASEST!\u00a0<\/span>Gordoni perekool<\/strong> (kursus 30.10-18.12) Vaata\u00a0lisa <a href=\"https:\/\/muraste.ee\/vana\/?p=7462\" target=\"_blank\">SIIT<br \/>\n<\/a><\/span><\/p>\n<p>KL 18-19.30 <span style=\"color: #ff0000;\"><strong>UUS T\u00c4NA!<\/strong><\/span>\u00a0<strong>Suur (laste)kaupade kirbuturg!<\/strong> Olete oodatud m\u00fc\u00fcma-ostma-vahetama! Kauplemiseks sobivad riided, jalan\u00f5ud, suusad, m\u00e4nguasjad&#8230; jne.<span class=\"_5mfr\"><span class=\"_6qdm\">\u00a0<\/span><\/span>Veel j\u00f5uate kapid-panipaigad \u00fcle vaadata ning k\u00f5ik omale mittevajalik (kuid kellelegi teisele vajalik) turule tuua.\u00a0Tulge k\u00f5ik &#8211; kes m\u00fc\u00fcma, ostma v\u00f5i vahetama!\u00a0M\u00fc\u00fcjatele on v\u00e4ike osav\u00f5tutasu 1,-\u20ac, mis l\u00e4heb kooli \u00fcrituste korraldamiseks:)\u00a0Head kauplemist!<\/p>\n<p><span style=\"font-size: 1rem;\">kl 18.30-20 SP, <strong><span style=\"color: #ff0000;\">UUS!<\/span> Sulgpalliteening t\u00e4iskasvanutele<\/strong><\/span><span style=\"font-size: 1rem;\"><br \/>\nkl 18.30-19.30 PS, <strong>Line-tants<\/strong><br \/>\nkl 19 KL, \u00a0<strong>Inglise keele kursus<\/strong>\u00a0(algtase A2) uuesti alustajatele ja algajatele. Lisainfo \u00a0juhendajalt tel 56575575 v\u00f5i marethein@gmail.com (Maret Hein).<br \/>\nkl 20- 21 PS, <strong>Aeroobika<\/strong> (Kaja Tuisk)<br \/>\n<a href=\"https:\/\/muraste.ee\/vana\/wp-content\/uploads\/2016\/03\/aeroouus.jpg\" rel=\"attachment wp-att-7449\"><img decoding=\"async\" loading=\"lazy\" class=\"size-medium wp-image-7449 alignright\" src=\"https:\/\/muraste.ee\/vana\/wp-content\/uploads\/2016\/03\/aeroouus-300x169.jpg\" alt=\"aeroouus\" width=\"300\" height=\"169\" srcset=\"https:\/\/muraste.ee\/vana\/wp-content\/uploads\/2016\/03\/aeroouus-300x169.jpg 300w, https:\/\/muraste.ee\/vana\/wp-content\/uploads\/2016\/03\/aeroouus-768x432.jpg 768w, https:\/\/muraste.ee\/vana\/wp-content\/uploads\/2016\/03\/aeroouus-624x351.jpg 624w, https:\/\/muraste.ee\/vana\/wp-content\/uploads\/2016\/03\/aeroouus-128x72.jpg 128w, https:\/\/muraste.ee\/vana\/wp-content\/uploads\/2016\/03\/aeroouus.jpg 960w\" sizes=\"(max-width: 300px) 100vw, 300px\" \/><\/a><br \/>\n<\/span><\/p>\n<p><span style=\"font-size: 1rem;\"><span style=\"color: #800000;\"><strong><span style=\"color: #0000ff;\">NELJAP\u00c4EV, 31. oktoober<\/span><br \/>\n<\/strong><span style=\"color: #000000;\">kl 14.40-15.25 KO, Fa Stuudio <strong>muusikaring<\/strong>\u00a0I grupp<br \/>\n<\/span><\/span><\/span><span style=\"color: #000000;\"><span style=\"font-size: 1rem;\">kl 15.30-16.15 KO, Fa Stuudio <strong>muusikaring<\/strong>\u00a0II grupp<br \/>\nkl 16.15-17 KO, <strong>Fa Stuudio<\/strong> fl\u00f6\u00f6diring<br \/>\nkl 15.30-16.15 <\/span><strong style=\"font-size: 1rem;\">Beebide ja v\u00e4ikelaste muusikaring<\/strong><\/span><span style=\"font-size: 1rem;\"><span style=\"color: #000000;\"> Pangapealse lasteaias (www.loovuslaps.ee)<br \/>\n<\/span><\/span><span style=\"color: #000000;\">kl 18.30 AT, <strong>N\u00e4itering, <\/strong>juhendaja Anne Veesaar<strong>\u00a0<\/strong><em><br \/>\n<\/em><\/span>kl 18.15-19.45 KO, <span style=\"color: #000000;\"><strong>Prantsuse keel<\/strong><\/span>, juhendab Ines J\u00e4rvsoo (jarvsoo@hotmail.com)<br \/>\n<span style=\"color: #000000;\">kl\u00a019.00\u00a0KL,\u00a0<strong>Inglise keele\u00a0kursus<\/strong> edasij\u00f5udnutele\u00a0(eel-kesktase B 1.1) \u00a0Lisainfo \u00a0juhendajalt tel 56575575 v\u00f5i marethein@gmail.com (Maret Hein).<br \/>\nkl 19.00 PS, <strong><span style=\"color: #ff0000;\">UUS! <\/span>Jooga<\/strong> (juhendab Daire Tammik)<\/span><\/p>\n<p>kl 19 AT, <span style=\"color: #ff0000;\"><strong>UUS!<\/strong> <\/span><strong>Muraste filmi\u00f5htu: Kiirtee p\u00f5rgusse. Treiler\u00a0<a href=\"https:\/\/www.youtube.com\/watch?v=zWqB-irRMCI\" target=\"_blank\">Kiirtee p\u00f5rgusse<\/a><br \/>\nT\u00e4pne filmikava asub <em><a href=\"https:\/\/muraste.ee\/vana\/?page_id=774\" target=\"_blank\">SIIN<br \/>\n<\/a><\/em><\/strong><em>Eesti esimene t\u00e4ispikk \u00f5udusfilm!\u00a0<\/em><br \/>\n<em>Juhusliku t\u00f6\u00f6otsa t\u00f5ttu saabuvad suure kiirtee l\u00e4hedal asuvasse metsatallu vennad Tom (Kristjan Kasearu) ja Markus (Franz Malmsten). Tavaline t\u00f6\u00f6tegemine v\u00f5tab aga veidra p\u00f6\u00f6rde, kui vanem vend Tom leiab kuuri lammutades kulunud kohvri, kust tuleb p\u00e4evavalgele mitmeid imelikke fotosid ja k\u00f5hedusttekitavaid esemeid. Lisaks k\u00f5igele ilmub tallu v\u00e4ga kummaliselt k\u00e4ituv Dora (Kersti Heinloo). Naisel on kaasas v\u00e4ike poiss, keda ta kohtleb ootamatult j\u00f5hkralt. Miks aga tunneb Dora \u00e4ra noorema venna Markuse, keda ta oma elus varem mitte kunagi kohanud ei ole? Mitu inimest peab enne veriselt hukka saama, kui hakkab selguma, mis selles vanas talukohas tegelikult toimub ja miks?<\/em><br \/>\n<em>\u00d5uduka peaosades Franz Malmsten, Kristjan Kasearu ja Kersti Heinloo. K\u00f5rvalosades Brigitte Susanne Hunt, Maia Vahtram\u00e4e, Merilin Taimre, Oliver Kristman, Merilin M\u00e4lk, Egon Nuter, Liina Tennosaar jt.<\/em><br \/>\n<em>\u201cKiirtee p\u00f5rgusse\u201d re\u017eiss\u00f6\u00f6r on Urmas Eero Liiv. Filmi stsenarist on Vaike K\u00f5rve, operaator on Kristjan-Jaak Nuudi, kunstnik Killu M\u00e4gi, helilooja Tiit Kikas, grimmikunstnik Edith Eller, tegevprodutsent Mari Kriis.<\/em><br \/>\n<em>Kategooria: M\u00e4ngufilm | \u017danr: \u00f5udusfilm<\/em><br \/>\nPilet 5.-\/3.50. T\u00d6\u00d6TAB KINOKOHVIK!<strong><a href=\"https:\/\/muraste.ee\/vana\/?page_id=774\" target=\"_blank\"><br \/>\n<\/a><a href=\"https:\/\/muraste.ee\/vana\/wp-content\/uploads\/2016\/03\/kiirtee-1.jpg\" rel=\"attachment wp-att-7668\"><img decoding=\"async\" loading=\"lazy\" class=\"alignnone wp-image-7668 size-full\" src=\"https:\/\/muraste.ee\/vana\/wp-content\/uploads\/2016\/03\/kiirtee-1.jpg\" alt=\"kiirtee\" width=\"851\" height=\"315\" srcset=\"https:\/\/muraste.ee\/vana\/wp-content\/uploads\/2016\/03\/kiirtee-1.jpg 851w, https:\/\/muraste.ee\/vana\/wp-content\/uploads\/2016\/03\/kiirtee-1-300x111.jpg 300w, https:\/\/muraste.ee\/vana\/wp-content\/uploads\/2016\/03\/kiirtee-1-768x284.jpg 768w, https:\/\/muraste.ee\/vana\/wp-content\/uploads\/2016\/03\/kiirtee-1-624x231.jpg 624w\" sizes=\"(max-width: 851px) 100vw, 851px\" \/><\/a><\/strong><strong><br \/>\n<\/strong><\/p>\n<p><span style=\"color: #000000;\"><span style=\"color: #0000ff;\"><strong>REEDE, 1. november<\/strong><\/span><br \/>\nkl 13.45-14.40 PS,<strong> Showtants &amp; cheerleading<\/strong>. Lisainfo bron@prodance.ee, tel 55577821<br \/>\n<\/span><span style=\"color: #000000;\">kl\u00a0<\/span><span style=\"color: #000000;\">15.30-16.30 SP,\u00a0<strong><span style=\"color: #ff0000;\">UUS!<\/span> Suglpallitreening lastele.<br \/>\n<\/strong><\/span><\/p>\n<p><span style=\"color: #000000;\">kl 19<strong> AT <span style=\"color: #ff0000;\">UUS!<\/span> Muraste filmi\u00f5htu: Pettson ja Findus Findus kolib \u00e4ra. Treiler\u00a0<a href=\"https:\/\/www.youtube.com\/watch?v=pwySVCk94K4\" target=\"_blank\">Pettson ja Findus. Findus kolib \u00e4ra<br \/>\n<\/a><\/strong><em>Kogupere filmi\u00f5htu!\u00a0Findus m\u00fcrgeldab ega lase Pettsonil magada. Seep\u00e4rast ehitab Pettson talle oma m\u00e4ngumaja. Findusele hakkab omaette olemine nii meeldima, et otsustab m\u00e4ngumajja p\u00e4riselt sisse kolida.\u00a0See teeb Pettsoni murelikuks \u2013 kas t\u00f5esti on Findus selles eas, et hakkab oma elu elama? Kas r\u00f5\u00f5msad ajad parima s\u00f5bra seltsis on m\u00f6\u00f6das?<br \/>\nFindus peab midagi vahvat v\u00e4lja m\u00f5tlema, et Pettsoni tuju parandada.<br \/>\nKategooria: Koguperefilm | \u017danr: Koguperefilm<br \/>\nT\u00d6\u00d6TAB KINOKOHVIK!<br \/>\nPilet 5.-\/3.50<\/em><strong><br \/>\nT\u00e4pne filmikava asub <a href=\"https:\/\/muraste.ee\/vana\/?page_id=774\" target=\"_blank\">SIIN<\/a><br \/>\n<a href=\"https:\/\/muraste.ee\/vana\/wp-content\/uploads\/2016\/03\/Unknown.jpg\" rel=\"attachment wp-att-7642\"><img decoding=\"async\" loading=\"lazy\" class=\"wp-image-7642 alignnone\" src=\"https:\/\/muraste.ee\/vana\/wp-content\/uploads\/2016\/03\/Unknown.jpg\" alt=\"Unknown\" width=\"453\" height=\"167\" srcset=\"https:\/\/muraste.ee\/vana\/wp-content\/uploads\/2016\/03\/Unknown.jpg 369w, https:\/\/muraste.ee\/vana\/wp-content\/uploads\/2016\/03\/Unknown-300x111.jpg 300w\" sizes=\"(max-width: 453px) 100vw, 453px\" \/><\/a><br \/>\n<\/strong><\/span><\/p>\n<p><span style=\"color: #0000ff;\"><strong>TULEKUL<\/strong><\/span><\/p>\n<p><span style=\"color: #ff0000;\"><strong>UUS!<\/strong><br \/>\n<\/span>Reede, 15. november kell 19:00<br \/>\n<strong>KONTSERT: Lauri Saatpalu ja Jaan S\u00f6\u00f6t &#8211; Olemise tahumatu kergus.<\/strong><br \/>\nPiletid saadaval! Loe lisa <span style=\"color: #ff0000;\"><a style=\"color: #ff0000;\" href=\"https:\/\/muraste.ee\/vana\/?p=7607\" target=\"_blank\"><strong>SIIT<\/strong><\/a><\/span>!<br \/>\n<a href=\"https:\/\/muraste.ee\/vana\/wp-content\/uploads\/2016\/03\/kergus.jpg\" rel=\"attachment wp-att-7636\"><img decoding=\"async\" loading=\"lazy\" class=\"alignnone size-full wp-image-7636\" src=\"https:\/\/muraste.ee\/vana\/wp-content\/uploads\/2016\/03\/kergus.jpg\" alt=\"kergus\" width=\"960\" height=\"918\" srcset=\"https:\/\/muraste.ee\/vana\/wp-content\/uploads\/2016\/03\/kergus.jpg 960w, https:\/\/muraste.ee\/vana\/wp-content\/uploads\/2016\/03\/kergus-300x287.jpg 300w, https:\/\/muraste.ee\/vana\/wp-content\/uploads\/2016\/03\/kergus-768x734.jpg 768w, https:\/\/muraste.ee\/vana\/wp-content\/uploads\/2016\/03\/kergus-624x597.jpg 624w\" sizes=\"(max-width: 960px) 100vw, 960px\" \/><\/a><\/p>\n<p>Peatselt algamas\u00a0<strong>eakate v\u00f5imlemine<\/strong>. Info tulekul.<\/p>\n<p>24. nov &#8211; 19. dets &#8211; <strong>v\u00e4ikelaevajuhtide kursus<\/strong>. Vaata lisa<strong> <a href=\"https:\/\/muraste.ee\/vana\/?p=7455\" target=\"_blank\">SIIT<\/a>\u00a0<a href=\"https:\/\/muraste.ee\/vana\/wp-content\/uploads\/2018\/01\/meremees.png\" rel=\"attachment wp-att-5145\"><img decoding=\"async\" loading=\"lazy\" class=\"alignnone size-full wp-image-5145\" src=\"https:\/\/muraste.ee\/vana\/wp-content\/uploads\/2018\/01\/meremees.png\" alt=\"meremees\" width=\"225\" height=\"225\" srcset=\"https:\/\/muraste.ee\/vana\/wp-content\/uploads\/2018\/01\/meremees.png 225w, https:\/\/muraste.ee\/vana\/wp-content\/uploads\/2018\/01\/meremees-150x150.png 150w\" sizes=\"(max-width: 225px) 100vw, 225px\" \/><\/a><\/strong><\/p>\n<p><span style=\"color: #3366ff;\"><strong>JA N\u00dc\u00dcD V\u00d5IMLEMA!<\/strong><\/span><\/p>\n<\/div>\n<\/div>\n<\/div>\n<\/header>\n<\/div>\n<p><iframe loading=\"lazy\" width=\"625\" height=\"352\" src=\"https:\/\/www.youtube.com\/embed\/Tt6pJif6BTI?feature=oembed\" frameborder=\"0\" allow=\"accelerometer; autoplay; encrypted-media; gyroscope; picture-in-picture\" allowfullscreen><\/iframe><\/p>\n<header class=\"entry-header\">\n<div class=\"entry-content\" style=\"text-align: left;\">\n<header class=\"entry-header\">\n<div class=\"entry-content\">\n<div id=\"js_bfj\" class=\"_5pbx userContent _3576\" data-ad-preview=\"message\" data-ft=\"{&quot;tn&quot;:&quot;K&quot;}\">\n<div class=\"entry-content\">\n<h3><em><strong><span style=\"color: #ff00ff;\">S <\/span><\/strong><\/em><\/h3>\n<div class=\"\" data-block=\"true\" data-editor=\"686l1\" data-offset-key=\"bme2h-0-0\"><\/div>\n<\/div>\n<\/div>\n<\/div>\n<div class=\"_1mf _1mj\" data-offset-key=\"bme2h-0-0\"><\/div>\n<div class=\"entry-content\">\n<div id=\"js_bfj\" class=\"_5pbx userContent _3576\" data-ad-preview=\"message\" data-ft=\"{&quot;tn&quot;:&quot;K&quot;}\">\n<div class=\"entry-content\">\n<header class=\"entry-header\">\n<div class=\"entry-content\">\n<div id=\"js_bfj\" class=\"_5pbx userContent _3576\" data-ad-preview=\"message\" data-ft=\"{&quot;tn&quot;:&quot;K&quot;}\">\n<p><strong><span style=\"color: #339966;\"><a style=\"color: #339966;\" href=\"https:\/\/muraste.ee\/vana\/?p=6574&amp;fbclid=IwAR2QSQfT4gkgut25GCYcvoQsUVRZZRICU2d_3VrF8B-iaUIHgj-cjAXj-VU\" target=\"_blank\">HOIAME K\u00dcLA PUHTANA!<\/a>\u00a0LOE EDASI <a style=\"color: #339966;\" href=\"https:\/\/muraste.ee\/vana\/?p=6574&amp;fbclid=IwAR2QSQfT4gkgut25GCYcvoQsUVRZZRICU2d_3VrF8B-iaUIHgj-cjAXj-VU\" target=\"_blank\">SIIT<\/a><br \/>\n<\/span><\/strong><\/p>\n<\/div>\n<\/div>\n<\/header>\n<div class=\"entry-content\">\n<div id=\"js_bfj\" class=\"_5pbx userContent _3576\" data-ad-preview=\"message\" data-ft=\"{&quot;tn&quot;:&quot;K&quot;}\">\n<p><a href=\"https:\/\/muraste.ee\/vana\/wp-content\/uploads\/2018\/12\/prygi5.png\" rel=\"attachment wp-att-6581\"><img decoding=\"async\" loading=\"lazy\" class=\"alignnone size-full wp-image-6581\" src=\"https:\/\/muraste.ee\/vana\/wp-content\/uploads\/2018\/12\/prygi5.png\" alt=\"prygi5\" width=\"777\" height=\"437\" srcset=\"https:\/\/muraste.ee\/vana\/wp-content\/uploads\/2018\/12\/prygi5.png 777w, https:\/\/muraste.ee\/vana\/wp-content\/uploads\/2018\/12\/prygi5-300x169.png 300w, https:\/\/muraste.ee\/vana\/wp-content\/uploads\/2018\/12\/prygi5-768x432.png 768w, https:\/\/muraste.ee\/vana\/wp-content\/uploads\/2018\/12\/prygi5-624x351.png 624w, https:\/\/muraste.ee\/vana\/wp-content\/uploads\/2018\/12\/prygi5-128x72.png 128w\" sizes=\"(max-width: 777px) 100vw, 777px\" \/><\/a><\/p>\n<div class=\"_3x-2\" data-ft=\"{&quot;tn&quot;:&quot;H&quot;}\"><span style=\"color: #000000;\">\u00a0<\/span><\/div>\n<p><em><strong><br \/>\n<\/strong><\/em><strong><span style=\"color: #ff6600;\">TEADETETAHVEL<\/span><\/strong><\/p>\n<\/div>\n<\/div>\n<\/div>\n<\/div>\n<\/div>\n<\/header>\n<div class=\"entry-content\">\n<p><span style=\"color: #3366ff;\"><a style=\"color: #3366ff;\" href=\"https:\/\/muraste.ee\/vana\/wp-content\/uploads\/2016\/03\/stend.jpg\" rel=\"attachment wp-att-3740\"><img decoding=\"async\" loading=\"lazy\" class=\"size-medium wp-image-3740 alignright\" src=\"https:\/\/muraste.ee\/vana\/wp-content\/uploads\/2016\/03\/stend-300x224.jpg\" sizes=\"(max-width: 300px) 100vw, 300px\" srcset=\"https:\/\/muraste.ee\/vana\/wp-content\/uploads\/2016\/03\/stend-300x224.jpg 300w, https:\/\/muraste.ee\/vana\/wp-content\/uploads\/2016\/03\/stend-768x572.jpg 768w, https:\/\/muraste.ee\/vana\/wp-content\/uploads\/2016\/03\/stend-1024x763.jpg 1024w, https:\/\/muraste.ee\/vana\/wp-content\/uploads\/2016\/03\/stend-624x465.jpg 624w, https:\/\/muraste.ee\/vana\/wp-content\/uploads\/2016\/03\/stend.jpg 1300w\" alt=\"stend\" width=\"300\" height=\"224\" \/><\/a><\/span><\/p>\n<\/div>\n<header class=\"entry-header\">\n<div class=\"entry-content\">\n<div class=\"_1mf _1mj\" data-offset-key=\"cki46-0-0\">\n<p><strong>Teadmiseks:\u00a0<\/strong>Muraste igan\u00e4dalase e-infokirjaga liitumiseks saada sellekohane teade muraste@muraste.ee<br \/>\n<strong>Muraste kogukonnakeskus\u00a0<\/strong>(Lee tee 9, Muraste) avatud E-N 10 -18, R ja muudel aegadel vastavalt tegevustele<br \/>\n<strong>T\u00e4psustused ja info:<\/strong>\u00a0kogukonnakeskus@muraste.ee;\u00a05253128 (Aule Kikas).<\/p>\n<\/div>\n<\/div>\n<\/header>\n<\/div>\n<\/header>\n<\/div>\n<\/header>\n","protected":false},"excerpt":{"rendered":"<p>N\u00c4DAL 44 MURASTES * AT- koolimaja aatrium, SP- spordihoone; KO-kogukonnakeskus; \u00a0 KL- klassiruum; PS \u2013 peegelsaal; SS- s\u00f6\u00f6gisaal, LS- lavasaal, MR- meediaruum ESMASP\u00c4EV, 28.\u00a0oktoober\u00a0 kl 14 PS, MyDance tantsutund (I-II kl, www.mydance.ee) kl 15 PS, MyDance tantsutund (III-IV kl,\u00a0www.mydance.ee) kl 15.40-16.25 KO, Fa Stuudio kandlering edasij\u00f5udnutele kl 16-18.30 Lahe Huvikooli eelkool. (www.lahehuvikool.ee) kl 17.30 KO,<a class=\"moretag\" href=\"https:\/\/muraste.ee\/vana\/?page_id=7680\"><br \/>&#8230;Loe edasi<\/a><\/p>\n","protected":false},"author":2,"featured_media":0,"parent":0,"menu_order":0,"comment_status":"closed","ping_status":"closed","template":"nadalakava.php","meta":{"_bbp_topic_count":0,"_bbp_reply_count":0,"_bbp_total_topic_count":0,"_bbp_total_reply_count":0,"_bbp_voice_count":0,"_bbp_anonymous_reply_count":0,"_bbp_topic_count_hidden":0,"_bbp_reply_count_hidden":0,"_bbp_forum_subforum_count":0,"_mc_calendar":[]},"_links":{"self":[{"href":"https:\/\/muraste.ee\/vana\/index.php?rest_route=\/wp\/v2\/pages\/7680"}],"collection":[{"href":"https:\/\/muraste.ee\/vana\/index.php?rest_route=\/wp\/v2\/pages"}],"about":[{"href":"https:\/\/muraste.ee\/vana\/index.php?rest_route=\/wp\/v2\/types\/page"}],"author":[{"embeddable":true,"href":"https:\/\/muraste.ee\/vana\/index.php?rest_route=\/wp\/v2\/users\/2"}],"replies":[{"embeddable":true,"href":"https:\/\/muraste.ee\/vana\/index.php?rest_route=%2Fwp%2Fv2%2Fcomments&post=7680"}],"version-history":[{"count":1,"href":"https:\/\/muraste.ee\/vana\/index.php?rest_route=\/wp\/v2\/pages\/7680\/revisions"}],"predecessor-version":[{"id":7682,"href":"https:\/\/muraste.ee\/vana\/index.php?rest_route=\/wp\/v2\/pages\/7680\/revisions\/7682"}],"wp:attachment":[{"href":"https:\/\/muraste.ee\/vana\/index.php?rest_route=%2Fwp%2Fv2%2Fmedia&parent=7680"}],"curies":[{"name":"wp","href":"https:\/\/api.w.org\/{rel}","templated":true}]}}