{"id":77,"date":"2015-11-23T16:14:23","date_gmt":"2015-11-23T14:14:23","guid":{"rendered":"https:\/\/muraste.ee\/vana\/?page_id=77"},"modified":"2022-10-03T11:46:13","modified_gmt":"2022-10-03T08:46:13","slug":"teenused","status":"publish","type":"page","link":"https:\/\/muraste.ee\/vana\/?page_id=77","title":{"rendered":"Teenused"},"content":{"rendered":"<ul id=\"menu-to-edit\" class=\"menu ui-sortable\">\n<li id=\"menu-item-127\" class=\"menu-item menu-item-depth-1 menu-item-page menu-item-edit-inactive\">\n<dl class=\"menu-item-bar\">\n<dt class=\"menu-item-handle ui-sortable-handle\"><span class=\"item-title\"><span class=\"menu-item-title\"><a href=\"https:\/\/muraste.ee\/vana\/?page_id=126\">Kogukonnateenuste kord ja hinnakiri<\/a><\/span>&nbsp; <\/span><\/dt>\n<\/dl>\n<\/li>\n<li id=\"menu-item-130\" class=\"menu-item menu-item-depth-1 menu-item-page menu-item-edit-inactive\">\n<dl class=\"menu-item-bar\">\n<dt class=\"menu-item-handle ui-sortable-handle\"><a href=\"https:\/\/muraste.ee\/vana\/?page_id=129\"><span class=\"item-title\"><span class=\"menu-item-title\">Reklaamiteenuste kord ja hinnakiri<\/span>&nbsp; <\/span><\/a><\/dt>\n<\/dl>\n<\/li>\n<li id=\"menu-item-133\" class=\"menu-item menu-item-depth-1 menu-item-page menu-item-edit-inactive\">\n<dl class=\"menu-item-bar\">\n<dt class=\"menu-item-handle ui-sortable-handle\"><span class=\"item-title\"><span class=\"menu-item-title\"><a href=\"https:\/\/muraste.ee\/vana\/?page_id=132\">Teavita probleemist<\/a><\/span>&nbsp; <\/span><\/dt>\n<\/dl>\n<\/li>\n<li id=\"menu-item-136\" class=\"menu-item menu-item-depth-1 menu-item-page menu-item-edit-inactive\">\n<dl class=\"menu-item-bar\">\n<dt class=\"menu-item-handle ui-sortable-handle\"><a href=\"https:\/\/muraste.ee\/vana\/?page_id=135\"><span class=\"item-title\"><span class=\"menu-item-title\">Muraste ettev\u00f5tjad<\/span>&nbsp;<\/span><\/a><\/dt>\n<\/dl>\n<\/li>\n<li id=\"menu-item-152\" class=\"menu-item menu-item-depth-1 menu-item-page menu-item-edit-inactive\">\n<dl class=\"menu-item-bar\">\n<dt class=\"menu-item-handle ui-sortable-handle\"><span class=\"item-title\"><span class=\"menu-item-title\"><a href=\"https:\/\/muraste.ee\/vana\/?page_id=151\">Otsime\/pakume t\u00f6\u00f6d<\/a><\/span>&nbsp;<\/span><\/dt>\n<\/dl>\n<\/li>\n<li id=\"menu-item-155\" class=\"menu-item menu-item-depth-1 menu-item-page menu-item-edit-inactive\">\n<dl class=\"menu-item-bar\">\n<dt class=\"menu-item-handle ui-sortable-handle\"><a href=\"https:\/\/muraste.ee\/vana\/?page_id=154\"><span class=\"item-title\"><span class=\"menu-item-title\">K\u00fcsitlused<\/span>&nbsp;<\/span><\/a><\/dt>\n<\/dl>\n<\/li>\n<li><a href=\"https:\/\/muraste.ee\/vana\/wp-content\/uploads\/2015\/11\/11536041_792004777564882_3511703612086924997_n.jpg\"><img decoding=\"async\" loading=\"lazy\" class=\"alignnone size-full wp-image-1038\" src=\"https:\/\/muraste.ee\/vana\/wp-content\/uploads\/2015\/11\/11536041_792004777564882_3511703612086924997_n.jpg\" alt=\"11536041_792004777564882_3511703612086924997_n\" width=\"852\" height=\"640\" srcset=\"https:\/\/muraste.ee\/vana\/wp-content\/uploads\/2015\/11\/11536041_792004777564882_3511703612086924997_n.jpg 852w, https:\/\/muraste.ee\/vana\/wp-content\/uploads\/2015\/11\/11536041_792004777564882_3511703612086924997_n-300x225.jpg 300w, https:\/\/muraste.ee\/vana\/wp-content\/uploads\/2015\/11\/11536041_792004777564882_3511703612086924997_n-624x469.jpg 624w\" sizes=\"(max-width: 852px) 100vw, 852px\" \/><\/a><\/li>\n<\/ul>\n\n\n<p><\/p>\n","protected":false},"excerpt":{"rendered":"<p>Kogukonnateenuste kord ja hinnakiri&nbsp; Reklaamiteenuste kord ja hinnakiri&nbsp; Teavita probleemist&nbsp; Muraste ettev\u00f5tjad&nbsp; Otsime\/pakume t\u00f6\u00f6d&nbsp; K\u00fcsitlused&nbsp;<\/p>\n","protected":false},"author":1,"featured_media":0,"parent":0,"menu_order":0,"comment_status":"closed","ping_status":"closed","template":"page-templates\/full-width.php","meta":{"_bbp_topic_count":0,"_bbp_reply_count":0,"_bbp_total_topic_count":0,"_bbp_total_reply_count":0,"_bbp_voice_count":0,"_bbp_anonymous_reply_count":0,"_bbp_topic_count_hidden":0,"_bbp_reply_count_hidden":0,"_bbp_forum_subforum_count":0,"_mc_calendar":[]},"_links":{"self":[{"href":"https:\/\/muraste.ee\/vana\/index.php?rest_route=\/wp\/v2\/pages\/77"}],"collection":[{"href":"https:\/\/muraste.ee\/vana\/index.php?rest_route=\/wp\/v2\/pages"}],"about":[{"href":"https:\/\/muraste.ee\/vana\/index.php?rest_route=\/wp\/v2\/types\/page"}],"author":[{"embeddable":true,"href":"https:\/\/muraste.ee\/vana\/index.php?rest_route=\/wp\/v2\/users\/1"}],"replies":[{"embeddable":true,"href":"https:\/\/muraste.ee\/vana\/index.php?rest_route=%2Fwp%2Fv2%2Fcomments&post=77"}],"version-history":[{"count":14,"href":"https:\/\/muraste.ee\/vana\/index.php?rest_route=\/wp\/v2\/pages\/77\/revisions"}],"predecessor-version":[{"id":9291,"href":"https:\/\/muraste.ee\/vana\/index.php?rest_route=\/wp\/v2\/pages\/77\/revisions\/9291"}],"wp:attachment":[{"href":"https:\/\/muraste.ee\/vana\/index.php?rest_route=%2Fwp%2Fv2%2Fmedia&parent=77"}],"curies":[{"name":"wp","href":"https:\/\/api.w.org\/{rel}","templated":true}]}}