{"id":7721,"date":"2019-11-26T09:50:46","date_gmt":"2019-11-26T07:50:46","guid":{"rendered":"https:\/\/muraste.ee\/vana\/?page_id=7721"},"modified":"2019-11-26T09:50:56","modified_gmt":"2019-11-26T07:50:56","slug":"7721-2","status":"publish","type":"page","link":"https:\/\/muraste.ee\/vana\/?page_id=7721","title":{"rendered":"N\u00e4dal 47"},"content":{"rendered":"<h1 class=\"entry-title\" style=\"text-align: center;\"><span style=\"color: #008000;\">N\u00c4DAL 47 MURASTES<\/span><\/h1>\n<header class=\"entry-header\">\n<div class=\"entry-content\" style=\"text-align: left;\">\n<div class=\"entry-content\">\n<header class=\"entry-header\">\n<div class=\"entry-content\">\n<div id=\"js_bfj\" class=\"_5pbx userContent _3576\" data-ad-preview=\"message\" data-ft=\"{&quot;tn&quot;:&quot;K&quot;}\">\n<div class=\"entry-content\">\n<p><em>* AT- koolimaja aatrium, SP- spordihoone; KO-kogukonnakeskus; \u00a0 KL- klassiruum; PS \u2013 peegelsaal; SS- s\u00f6\u00f6gisaal, LS- lavasaal, MR- meediaruum<br \/>\nKaanefoto: novembrikuised roosid Murastes <\/em><\/p>\n<p><span style=\"color: #008000;\"><strong>ESMASP\u00c4EV, 18. november\u00a0<\/strong><\/span><br \/>\nkl 14 PS, <strong>MyDance tantsutund<\/strong> (I-II kl, www.mydance.ee)<br \/>\nkl 15 PS, <strong>MyDance tantsutund<\/strong> (III-IV kl,\u00a0www.mydance.ee)<br \/>\nkl 15.40-16.25 KO, Fa Stuudio <strong>kandlering<\/strong> edasij\u00f5udnutele<br \/>\nkl 16-18.30 Lahe Huvikooli <strong>eelkool. <\/strong>(www.lahehuvikool.ee)<br \/>\nkl 17.30 KO, <strong>V\u00e4ikekandleansambel LiULi<\/strong> (p\u00f5hikoosseis)<br \/>\nkl 19.00 KO, <strong>V\u00e4ikekandleansambel LiULi<\/strong> (alustajad)<br \/>\nkl 19.00 AT, <strong>Suurupi naiskoor Meretule<\/strong><br \/>\nkl 20 PS, <strong>Aeroobika<\/strong> (treener Kaja Tuisk)<\/p>\n<p><span style=\"color: #800000;\"><strong><span style=\"color: #008000;\">TEISIP\u00c4EV, 19. november\u00a0<\/span><a href=\"https:\/\/muraste.ee\/vana\/wp-content\/uploads\/2016\/03\/kaalu.png\" rel=\"attachment wp-att-7493\"><img decoding=\"async\" loading=\"lazy\" class=\"size-medium wp-image-7493 alignright\" src=\"https:\/\/muraste.ee\/vana\/wp-content\/uploads\/2016\/03\/kaalu-237x300.png\" alt=\"kaalu\" width=\"237\" height=\"300\" srcset=\"https:\/\/muraste.ee\/vana\/wp-content\/uploads\/2016\/03\/kaalu-237x300.png 237w, https:\/\/muraste.ee\/vana\/wp-content\/uploads\/2016\/03\/kaalu-624x789.png 624w, https:\/\/muraste.ee\/vana\/wp-content\/uploads\/2016\/03\/kaalu.png 759w\" sizes=\"(max-width: 237px) 100vw, 237px\" \/><\/a><br \/>\n<\/strong><\/span>kl 14.30 &#8211; 18.20 KO, <strong>Triinu Laulustuudio <\/strong><em>(klaver ja soololaul)\u00a0<\/em><br \/>\nkl 18.30 KL,\u00a0<strong>Inglise keele kursus \u00a0<\/strong>(kesktase B 1.2).\u00a0Lisainfo \u00a0juhendajalt tel 56575575 v\u00f5i marethein@gmail.com (Maret Hein).<br \/>\n18.30 PS, <strong>Seltskonnatantsu algkursus<\/strong><em>\u00a0<\/em><br \/>\nkl 19 KO, <strong>Figuuris\u00f5brad <\/strong>\u00a0(info plakatil)<br \/>\nkl 19 SP, <strong>V\u00f5rkpall <\/strong><em>(oodatud k\u00f5ik m\u00e4nguhuvilised)<\/em><br \/>\nkl 19.45 PS, <strong>Seltskonnatantsude harjutustund<br \/>\n<\/strong><\/p>\n<p><strong style=\"color: #800000; font-size: 1rem;\"><span style=\"color: #008000;\">KOLMAP\u00c4EV, 20. november<\/span><br \/>\n<\/strong><span style=\"font-size: 1rem;\">kl 13\u00a0PS, <strong>MyDance tantsutund<\/strong> (I-II kl, www.mydance.ee)<br \/>\nkl 14\u00a0PS, <strong>MyDance tantsutund<\/strong> (III-IV kl,\u00a0www.mydance.ee)<br \/>\nkl 14.40-15.25 KO, Fa Stuudio <strong>kandlering<\/strong>\u00a0algajatele<br \/>\nkl 15.30-16.15 KO, Fa Stuudio <strong>kandlering<\/strong>\u00a0algajatele<br \/>\nkl 15 PS,<strong> Showtants &amp; cheerleading<\/strong>. Lisainfo bron@prodance.ee, tel 55577821<br \/>\nkl 16.30-17.30 SP, <strong><span style=\"color: #000000;\">Sulg<\/span>pallitreening lastele \u00a0<\/strong><\/span><span style=\"font-size: 1rem;\"><strong><br \/>\n<\/strong><\/span><span style=\"font-size: 1rem;\">kl 17.30 KL<strong>, <strong><a href=\"https:\/\/muraste.ee\/vana\/?p=5969\" target=\"_blank\">MUDELISMIRING<\/a> <\/strong>algajatele<a href=\"https:\/\/muraste.ee\/vana\/?p=7505\" target=\"_blank\">. <\/a><\/strong>Juhendab Andres Madissoo<br \/>\nkl 17.30 KL<strong>, <strong><a href=\"https:\/\/muraste.ee\/vana\/?p=5969\" target=\"_blank\">MUDELISMIRING<\/a>\u00a0edasij\u00f5udnutele<\/strong>\u00a0<\/strong>Juhendab Andres Madissoo<br \/>\nkl 16 PS, <span style=\"color: #ff0000;\">\u00a0<strong>UUS! <\/strong>\u00a0<\/span><strong>KESKIGA+ v\u00f5imlemine<\/strong>. Juhendab Daire Tammik<br \/>\n<a href=\"https:\/\/muraste.ee\/vana\/wp-content\/uploads\/2019\/09\/gord.jpg\" rel=\"attachment wp-att-7463\"><img decoding=\"async\" loading=\"lazy\" class=\"alignright wp-image-7463 size-thumbnail\" src=\"https:\/\/muraste.ee\/vana\/wp-content\/uploads\/2019\/09\/gord-150x150.jpg\" alt=\"gord\" width=\"150\" height=\"150\" \/><\/a><\/span><\/p>\n<p><span style=\"font-size: 1rem;\">kl 18 -21 KO, <strong>Gordoni perekool<\/strong> (kursus 30.10-18.12) Vaata\u00a0lisa <a href=\"https:\/\/muraste.ee\/vana\/?p=7462\" target=\"_blank\">SIIT<br \/>\n<\/a><\/span><\/p>\n<p><span style=\"font-size: 1rem;\">kl 18.30-20 SP, <strong>Sulgpalliteening t\u00e4iskasvanutele<\/strong><\/span><span style=\"font-size: 1rem;\"><br \/>\nkl 18.30-19.30 PS, <strong>Line-tants<\/strong><br \/>\nkl 19 KL, \u00a0<strong>Inglise keele kursus<\/strong>\u00a0(algtase A2) uuesti alustajatele ja algajatele. Lisainfo \u00a0juhendajalt tel 56575575 v\u00f5i marethein@gmail.com (Maret Hein).<br \/>\nkl 20- 21 PS, <strong>Aeroobika<\/strong> (Kaja Tuisk)<br \/>\n<a href=\"https:\/\/muraste.ee\/vana\/wp-content\/uploads\/2016\/03\/aeroouus.jpg\" rel=\"attachment wp-att-7449\"><img decoding=\"async\" loading=\"lazy\" class=\"wp-image-7449 size-medium alignright\" src=\"https:\/\/muraste.ee\/vana\/wp-content\/uploads\/2016\/03\/aeroouus-300x169.jpg\" alt=\"aeroouus\" width=\"300\" height=\"169\" srcset=\"https:\/\/muraste.ee\/vana\/wp-content\/uploads\/2016\/03\/aeroouus-300x169.jpg 300w, https:\/\/muraste.ee\/vana\/wp-content\/uploads\/2016\/03\/aeroouus-768x432.jpg 768w, https:\/\/muraste.ee\/vana\/wp-content\/uploads\/2016\/03\/aeroouus-624x351.jpg 624w, https:\/\/muraste.ee\/vana\/wp-content\/uploads\/2016\/03\/aeroouus-128x72.jpg 128w, https:\/\/muraste.ee\/vana\/wp-content\/uploads\/2016\/03\/aeroouus.jpg 960w\" sizes=\"(max-width: 300px) 100vw, 300px\" \/><\/a><br \/>\n<\/span><\/p>\n<p><span style=\"font-size: 1rem;\"><span style=\"color: #800000;\"><strong><span style=\"color: #008000;\">NELJAP\u00c4EV, 21. november<br \/>\n<\/span><\/strong><span style=\"color: #000000;\">kl 14.30-15.15 KO, Fa Stuudio <strong>muusikaring<\/strong>\u00a0I grupp<br \/>\n<\/span><\/span><\/span><span style=\"color: #000000;\"><span style=\"font-size: 1rem;\">kl 15.15-16.00 KO, Fa Stuudio <strong>muusikaring<\/strong>\u00a0II grupp<br \/>\nkl 16.15-17 KO, <strong>Fa Stuudio<\/strong> fl\u00f6\u00f6diring<br \/>\nkl 15.30-16.15 <\/span><strong style=\"font-size: 1rem;\">Beebide ja v\u00e4ikelaste muusikaring<\/strong><\/span><span style=\"font-size: 1rem;\"><span style=\"color: #000000;\"> Pangapealse lasteaias (www.loovuslaps.ee)<br \/>\n<img decoding=\"async\" loading=\"lazy\" class=\"alignright wp-image-7686 size-medium\" src=\"https:\/\/muraste.ee\/vana\/wp-content\/uploads\/2016\/03\/MURASTE-1-300x212.jpg\" alt=\"MURASTE (1)\" width=\"300\" height=\"212\" srcset=\"https:\/\/muraste.ee\/vana\/wp-content\/uploads\/2016\/03\/MURASTE-1-300x212.jpg 300w, https:\/\/muraste.ee\/vana\/wp-content\/uploads\/2016\/03\/MURASTE-1-768x543.jpg 768w, https:\/\/muraste.ee\/vana\/wp-content\/uploads\/2016\/03\/MURASTE-1-1024x724.jpg 1024w, https:\/\/muraste.ee\/vana\/wp-content\/uploads\/2016\/03\/MURASTE-1-624x441.jpg 624w\" sizes=\"(max-width: 300px) 100vw, 300px\" \/><br \/>\n<\/span><\/span><span style=\"color: #000000;\">kl 18.30 AT, <strong>N\u00e4itering, <\/strong>juhendaja Anne Veesaar<strong>\u00a0<\/strong><em><br \/>\n<\/em><\/span>kl 18.15-19.45 KO, <span style=\"color: #000000;\"><strong>Prantsuse keel<\/strong><\/span>, juhendab Ines J\u00e4rvsoo (jarvsoo@hotmail.com)<br \/>\n<span style=\"color: #000000;\">kl\u00a019.00\u00a0KL,\u00a0<strong>Inglise keele\u00a0kursus<\/strong> edasij\u00f5udnutele\u00a0(eel-kesktase B 1.1) \u00a0Lisainfo \u00a0juhendajalt tel 56575575 v\u00f5i marethein@gmail.com (Maret Hein).<br \/>\nkl 19.00 PS, <strong>Jooga<\/strong> (juhendab Daire Tammik)<\/span><\/p>\n<p><span style=\"color: #008000;\"><strong>REEDE, 22. november<\/strong><br \/>\n<span style=\"color: #000000;\">kl 13.45-14.40 PS,<strong> Showtants &amp; cheerleading<\/strong>. Lisainfo bron@prodance.ee, tel 55577821<\/span><br \/>\n<span style=\"color: #000000;\">kl\u00a015.30-16.30 SP,\u00a0<\/span><strong><span style=\"color: #000000;\">UUS! Sulgpallitreening lastele.<\/span><\/strong><\/span><\/p>\n<p><strong><span style=\"color: #008000;\">P\u00dcHAP\u00c4EV; 24. november<br \/>\n<\/span><\/strong><span style=\"color: #ff0000;\"><strong>UUS!<\/strong>\u00a0<\/span>kell 11 <strong>MEIGIKOOLITUS<\/strong>\u00a0(Vt FB =\u00a0https:\/\/www.facebook.com\/events\/2417749591644608\/)<\/p>\n<p><strong><span style=\"color: #ff0000;\">UUS!<\/span> <\/strong>kl 10 <strong>V\u00c4IKELAEVAJUHTDE KURSUS<\/strong>\u00a0 (24.nov- 19. dets). Vaata lisa<strong> <a href=\"https:\/\/muraste.ee\/vana\/?p=7455\" target=\"_blank\">SIIT<\/a>\u00a0<a href=\"https:\/\/muraste.ee\/vana\/wp-content\/uploads\/2018\/01\/meremees.png\" rel=\"attachment wp-att-5145\"><img decoding=\"async\" loading=\"lazy\" class=\"size-full wp-image-5145 aligncenter\" src=\"https:\/\/muraste.ee\/vana\/wp-content\/uploads\/2018\/01\/meremees.png\" alt=\"meremees\" width=\"225\" height=\"225\" srcset=\"https:\/\/muraste.ee\/vana\/wp-content\/uploads\/2018\/01\/meremees.png 225w, https:\/\/muraste.ee\/vana\/wp-content\/uploads\/2018\/01\/meremees-150x150.png 150w\" sizes=\"(max-width: 225px) 100vw, 225px\" \/><\/a><\/strong><\/p>\n<p><strong><span style=\"color: #339966;\"><span style=\"color: #ff0000;\"><a style=\"color: #ff0000;\" href=\"https:\/\/muraste.ee\/vana\/?p=6574&amp;fbclid=IwAR2QSQfT4gkgut25GCYcvoQsUVRZZRICU2d_3VrF8B-iaUIHgj-cjAXj-VU\" target=\"_blank\">HOIAME K\u00dcLA PUHTANA!<\/a><\/span><br \/>\nLOE EDASI <a style=\"color: #339966;\" href=\"https:\/\/muraste.ee\/vana\/?p=6574&amp;fbclid=IwAR2QSQfT4gkgut25GCYcvoQsUVRZZRICU2d_3VrF8B-iaUIHgj-cjAXj-VU\" target=\"_blank\">SIIT<\/a><\/span><\/strong><\/p>\n<\/div>\n<\/div>\n<\/div>\n<\/header>\n<\/div>\n<header class=\"entry-header\">\n<div class=\"entry-content\" style=\"text-align: left;\">\n<header class=\"entry-header\">\n<div class=\"entry-content\">\n<div id=\"js_bfj\" class=\"_5pbx userContent _3576\" data-ad-preview=\"message\" data-ft=\"{&quot;tn&quot;:&quot;K&quot;}\">\n<div class=\"entry-content\">\n<div class=\"entry-content\">\n<div id=\"js_bfj\" class=\"_5pbx userContent _3576\" data-ad-preview=\"message\" data-ft=\"{&quot;tn&quot;:&quot;K&quot;}\">\n<p><a href=\"https:\/\/muraste.ee\/vana\/wp-content\/uploads\/2018\/12\/prygi5.png\" rel=\"attachment wp-att-6581\"><img decoding=\"async\" loading=\"lazy\" class=\"alignnone size-full wp-image-6581\" src=\"https:\/\/muraste.ee\/vana\/wp-content\/uploads\/2018\/12\/prygi5.png\" alt=\"prygi5\" width=\"777\" height=\"437\" srcset=\"https:\/\/muraste.ee\/vana\/wp-content\/uploads\/2018\/12\/prygi5.png 777w, https:\/\/muraste.ee\/vana\/wp-content\/uploads\/2018\/12\/prygi5-300x169.png 300w, https:\/\/muraste.ee\/vana\/wp-content\/uploads\/2018\/12\/prygi5-768x432.png 768w, https:\/\/muraste.ee\/vana\/wp-content\/uploads\/2018\/12\/prygi5-624x351.png 624w, https:\/\/muraste.ee\/vana\/wp-content\/uploads\/2018\/12\/prygi5-128x72.png 128w\" sizes=\"(max-width: 777px) 100vw, 777px\" \/><\/a><\/p>\n<div class=\"_3x-2\" data-ft=\"{&quot;tn&quot;:&quot;H&quot;}\"><span style=\"color: #000000;\">\u00a0<\/span><\/div>\n<p><em><strong><br \/>\n<\/strong><\/em><strong><span style=\"color: #ff6600;\">TEADETETAHVEL<\/span><\/strong><\/p>\n<\/div>\n<\/div>\n<\/div>\n<\/div>\n<\/div>\n<\/header>\n<div class=\"entry-content\">\n<p><span style=\"color: #3366ff;\"><a style=\"color: #3366ff;\" href=\"https:\/\/muraste.ee\/vana\/wp-content\/uploads\/2016\/03\/stend.jpg\" rel=\"attachment wp-att-3740\"><img decoding=\"async\" loading=\"lazy\" class=\"size-medium wp-image-3740 alignright\" src=\"https:\/\/muraste.ee\/vana\/wp-content\/uploads\/2016\/03\/stend-300x224.jpg\" sizes=\"(max-width: 300px) 100vw, 300px\" srcset=\"https:\/\/muraste.ee\/vana\/wp-content\/uploads\/2016\/03\/stend-300x224.jpg 300w, https:\/\/muraste.ee\/vana\/wp-content\/uploads\/2016\/03\/stend-768x572.jpg 768w, https:\/\/muraste.ee\/vana\/wp-content\/uploads\/2016\/03\/stend-1024x763.jpg 1024w, https:\/\/muraste.ee\/vana\/wp-content\/uploads\/2016\/03\/stend-624x465.jpg 624w, https:\/\/muraste.ee\/vana\/wp-content\/uploads\/2016\/03\/stend.jpg 1300w\" alt=\"stend\" width=\"300\" height=\"224\" \/><\/a><\/span><\/p>\n<\/div>\n<header class=\"entry-header\">\n<div class=\"entry-content\">\n<div class=\"_1mf _1mj\" data-offset-key=\"cki46-0-0\">\n<p><strong>Teadmiseks:\u00a0<\/strong>Muraste igan\u00e4dalase e- infokirjaga liitumiseks saada sellekohane teade muraste@muraste.ee<br \/>\n<strong>Muraste kogukonnakeskus\u00a0<\/strong>(Lee tee 9, Muraste) avatud E-N 10 -18, R ja muudel aegadel vastavalt tegevustele<br \/>\n<strong>T\u00e4psustused ja info:<\/strong>\u00a0kogukonnakeskus@muraste.ee;\u00a05253128 (Aule Kikas).<\/p>\n<\/div>\n<\/div>\n<\/header>\n<\/div>\n<\/header>\n<\/div>\n<\/header>\n","protected":false},"excerpt":{"rendered":"<p>N\u00c4DAL 47 MURASTES * AT- koolimaja aatrium, SP- spordihoone; KO-kogukonnakeskus; \u00a0 KL- klassiruum; PS \u2013 peegelsaal; SS- s\u00f6\u00f6gisaal, LS- lavasaal, MR- meediaruum Kaanefoto: novembrikuised roosid Murastes ESMASP\u00c4EV, 18. november\u00a0 kl 14 PS, MyDance tantsutund (I-II kl, www.mydance.ee) kl 15 PS, MyDance tantsutund (III-IV kl,\u00a0www.mydance.ee) kl 15.40-16.25 KO, Fa Stuudio kandlering edasij\u00f5udnutele kl 16-18.30 Lahe Huvikooli<a class=\"moretag\" href=\"https:\/\/muraste.ee\/vana\/?page_id=7721\"><br \/>&#8230;Loe edasi<\/a><\/p>\n","protected":false},"author":2,"featured_media":0,"parent":0,"menu_order":0,"comment_status":"closed","ping_status":"closed","template":"nadalakava.php","meta":{"_bbp_topic_count":0,"_bbp_reply_count":0,"_bbp_total_topic_count":0,"_bbp_total_reply_count":0,"_bbp_voice_count":0,"_bbp_anonymous_reply_count":0,"_bbp_topic_count_hidden":0,"_bbp_reply_count_hidden":0,"_bbp_forum_subforum_count":0,"_mc_calendar":[]},"_links":{"self":[{"href":"https:\/\/muraste.ee\/vana\/index.php?rest_route=\/wp\/v2\/pages\/7721"}],"collection":[{"href":"https:\/\/muraste.ee\/vana\/index.php?rest_route=\/wp\/v2\/pages"}],"about":[{"href":"https:\/\/muraste.ee\/vana\/index.php?rest_route=\/wp\/v2\/types\/page"}],"author":[{"embeddable":true,"href":"https:\/\/muraste.ee\/vana\/index.php?rest_route=\/wp\/v2\/users\/2"}],"replies":[{"embeddable":true,"href":"https:\/\/muraste.ee\/vana\/index.php?rest_route=%2Fwp%2Fv2%2Fcomments&post=7721"}],"version-history":[{"count":2,"href":"https:\/\/muraste.ee\/vana\/index.php?rest_route=\/wp\/v2\/pages\/7721\/revisions"}],"predecessor-version":[{"id":7724,"href":"https:\/\/muraste.ee\/vana\/index.php?rest_route=\/wp\/v2\/pages\/7721\/revisions\/7724"}],"wp:attachment":[{"href":"https:\/\/muraste.ee\/vana\/index.php?rest_route=%2Fwp%2Fv2%2Fmedia&parent=7721"}],"curies":[{"name":"wp","href":"https:\/\/api.w.org\/{rel}","templated":true}]}}