{"id":7767,"date":"2020-01-10T12:30:18","date_gmt":"2020-01-10T10:30:18","guid":{"rendered":"https:\/\/muraste.ee\/vana\/?page_id=7767"},"modified":"2020-01-10T12:30:18","modified_gmt":"2020-01-10T10:30:18","slug":"nadal-1-5","status":"publish","type":"page","link":"https:\/\/muraste.ee\/vana\/?page_id=7767","title":{"rendered":"N\u00e4dal 1"},"content":{"rendered":"<p>Armas Muraste rahvas ja meie k\u00fclaseltsi liikmeskond, suurep\u00e4rased koost\u00f6\u00f6parnerid l\u00e4hedal ja kaugel, kallid s\u00f5brad &#8211; tuhat t\u00e4nu m\u00f6\u00f6dunud aasta eest: selles oli armastust ja hoolimist, \u00f5ppetunde ja imetabaseid kogemusi, p\u00f5nevaid v\u00e4ljakutseid ja palju h\u00e4id inimesi.<br \/>\nSoovime teile k\u00f5igile kaunist j\u00f5uluaega ning j\u00e4tkuvat hoolivust, \u00fcksmeelt ja avarat pilku uueks aastaks.<\/p>\n<p><a href=\"https:\/\/muraste.ee\/vana\/wp-content\/uploads\/2020\/01\/79685774_766350853880054_6355307595162451968_n.jpg\" rel=\"attachment wp-att-7769\"><img decoding=\"async\" loading=\"lazy\" class=\"alignnone size-full wp-image-7769\" src=\"https:\/\/muraste.ee\/vana\/wp-content\/uploads\/2020\/01\/79685774_766350853880054_6355307595162451968_n.jpg\" alt=\"79685774_766350853880054_6355307595162451968_n\" width=\"656\" height=\"960\" srcset=\"https:\/\/muraste.ee\/vana\/wp-content\/uploads\/2020\/01\/79685774_766350853880054_6355307595162451968_n.jpg 656w, https:\/\/muraste.ee\/vana\/wp-content\/uploads\/2020\/01\/79685774_766350853880054_6355307595162451968_n-205x300.jpg 205w, https:\/\/muraste.ee\/vana\/wp-content\/uploads\/2020\/01\/79685774_766350853880054_6355307595162451968_n-624x913.jpg 624w\" sizes=\"(max-width: 656px) 100vw, 656px\" \/><\/a><\/p>\n","protected":false},"excerpt":{"rendered":"<p>Armas Muraste rahvas ja meie k\u00fclaseltsi liikmeskond, suurep\u00e4rased koost\u00f6\u00f6parnerid l\u00e4hedal ja kaugel, kallid s\u00f5brad &#8211; tuhat t\u00e4nu m\u00f6\u00f6dunud aasta eest: selles oli armastust ja hoolimist, \u00f5ppetunde ja imetabaseid kogemusi, p\u00f5nevaid v\u00e4ljakutseid ja palju h\u00e4id inimesi. Soovime teile k\u00f5igile kaunist j\u00f5uluaega ning j\u00e4tkuvat hoolivust, \u00fcksmeelt ja avarat pilku uueks aastaks.<\/p>\n","protected":false},"author":2,"featured_media":7768,"parent":0,"menu_order":0,"comment_status":"closed","ping_status":"closed","template":"","meta":{"_bbp_topic_count":0,"_bbp_reply_count":0,"_bbp_total_topic_count":0,"_bbp_total_reply_count":0,"_bbp_voice_count":0,"_bbp_anonymous_reply_count":0,"_bbp_topic_count_hidden":0,"_bbp_reply_count_hidden":0,"_bbp_forum_subforum_count":0,"_mc_calendar":[]},"_links":{"self":[{"href":"https:\/\/muraste.ee\/vana\/index.php?rest_route=\/wp\/v2\/pages\/7767"}],"collection":[{"href":"https:\/\/muraste.ee\/vana\/index.php?rest_route=\/wp\/v2\/pages"}],"about":[{"href":"https:\/\/muraste.ee\/vana\/index.php?rest_route=\/wp\/v2\/types\/page"}],"author":[{"embeddable":true,"href":"https:\/\/muraste.ee\/vana\/index.php?rest_route=\/wp\/v2\/users\/2"}],"replies":[{"embeddable":true,"href":"https:\/\/muraste.ee\/vana\/index.php?rest_route=%2Fwp%2Fv2%2Fcomments&post=7767"}],"version-history":[{"count":1,"href":"https:\/\/muraste.ee\/vana\/index.php?rest_route=\/wp\/v2\/pages\/7767\/revisions"}],"predecessor-version":[{"id":7771,"href":"https:\/\/muraste.ee\/vana\/index.php?rest_route=\/wp\/v2\/pages\/7767\/revisions\/7771"}],"wp:featuredmedia":[{"embeddable":true,"href":"https:\/\/muraste.ee\/vana\/index.php?rest_route=\/wp\/v2\/media\/7768"}],"wp:attachment":[{"href":"https:\/\/muraste.ee\/vana\/index.php?rest_route=%2Fwp%2Fv2%2Fmedia&parent=7767"}],"curies":[{"name":"wp","href":"https:\/\/api.w.org\/{rel}","templated":true}]}}