{"id":7808,"date":"2020-01-19T14:08:17","date_gmt":"2020-01-19T12:08:17","guid":{"rendered":"https:\/\/muraste.ee\/vana\/?page_id=7808"},"modified":"2020-01-19T14:08:17","modified_gmt":"2020-01-19T12:08:17","slug":"nadal-3-5","status":"publish","type":"page","link":"https:\/\/muraste.ee\/vana\/?page_id=7808","title":{"rendered":"N\u00e4dal 3"},"content":{"rendered":"<h1 class=\"entry-title\" style=\"text-align: center;\"><span style=\"color: #008000;\">N\u00c4DAL 3\u00a0MURASTES<\/span><\/h1>\n<header class=\"entry-header\">\n<div class=\"entry-content\" style=\"text-align: left;\">\n<div class=\"entry-content\">\n<header class=\"entry-header\">\n<div class=\"entry-content\">\n<div id=\"js_bfj\" class=\"_5pbx userContent _3576\" data-ad-preview=\"message\" data-ft=\"{&quot;tn&quot;:&quot;K&quot;}\">\n<div class=\"entry-content\">\n<p><em>* AT- koolimaja aatrium, SP- spordihoone; KO-kogukonnakeskus; \u00a0 KL- klassiruum; PS \u2013 peegelsaal; SS- s\u00f6\u00f6gisaal, LS- lavasaal, MR- meediaruum<br \/>\nKaanefoto:\u00a0Val Rajasaar \/ Muraste Looduskool<\/em><\/p>\n<p><span style=\"color: #008000;\"><strong>ESMASP\u00c4EV, 13. jaanuar<\/strong><\/span><br \/>\nkl 14 PS, <strong>MyDance tantsutund<\/strong> (I-II kl, www.mydance.ee)<br \/>\nkl 15 PS, <strong>MyDance tantsutund<\/strong> (III-IV kl,\u00a0www.mydance.ee)<br \/>\nkl 15.40-16.25 KO, Fa Stuudio <strong>kandlering<\/strong> edasij\u00f5udnutele<br \/>\nkl 16-18.30 Lahe Huvikooli <strong>eelkool. <\/strong>(www.lahehuvikool.ee)<br \/>\nkl 17.30 KO, <strong>V\u00e4ikekandleansambel LiULi<\/strong> (p\u00f5hikoosseis)<br \/>\nkl 19.00 KO, <strong>V\u00e4ikekandleansambel LiULi<\/strong> (alustajad)<br \/>\nkl 19.00 AT, <strong>Suurupi naiskoor Meretule<\/strong><br \/>\nkl 20 PS, <strong>Aeroobika<\/strong> (treener Kaja Tuisk)<\/p>\n<p><span style=\"color: #800000;\"><strong><span style=\"color: #008000;\">TEISIP\u00c4EV, 14. jaanuar<\/span><a href=\"https:\/\/muraste.ee\/vana\/wp-content\/uploads\/2016\/03\/kaalu.png\" rel=\"attachment wp-att-7493\"><img decoding=\"async\" loading=\"lazy\" class=\"size-medium wp-image-7493 alignright\" src=\"https:\/\/muraste.ee\/vana\/wp-content\/uploads\/2016\/03\/kaalu-237x300.png\" alt=\"kaalu\" width=\"237\" height=\"300\" srcset=\"https:\/\/muraste.ee\/vana\/wp-content\/uploads\/2016\/03\/kaalu-237x300.png 237w, https:\/\/muraste.ee\/vana\/wp-content\/uploads\/2016\/03\/kaalu-624x789.png 624w, https:\/\/muraste.ee\/vana\/wp-content\/uploads\/2016\/03\/kaalu.png 759w\" sizes=\"(max-width: 237px) 100vw, 237px\" \/><\/a><br \/>\n<\/strong><\/span>kl 14.30 &#8211; 18.20 KO, <strong>Triinu Laulustuudio <\/strong><em>(klaver ja soololaul)\u00a0<\/em><br \/>\nkl 18.30 KL,\u00a0<strong>Inglise keele kursus \u00a0<\/strong>(kesktase B 1.2).\u00a0Lisainfo \u00a0juhendajalt tel 56575575 v\u00f5i marethein@gmail.com (Maret Hein).<br \/>\n18.30 PS, <strong><span style=\"color: #ff0000;\">UUS!\u00a0<\/span>Seltskonnatantsu j\u00e4tkukursus<\/strong><em>\u00a0 algab t\u00e4na!<br \/>\nkl 18 AT,<strong><span style=\"color: #ff0000;\"> UUS!\u00a0<\/span>Triinu laulustuudio kontsert<\/strong><\/em><br \/>\nkl 19 KO, <strong>Figuuris\u00f5brad <\/strong>\u00a0(info plakatil)<br \/>\nkl 19 SP, <strong>V\u00f5rkpall <\/strong><em>(oodatud k\u00f5ik m\u00e4nguhuvilised)<\/em><br \/>\nkl 19.45 PS, <strong>Seltskonnatantsude harjutustund<\/strong><\/p>\n<p>NB! <strong><span style=\"color: #ff0000;\">UUS!<\/span>\u00a0<\/strong>Seltskonnatantsu kursus algajatele toimub 24. m\u00e4rts-12. mai kell 18.30-19.45.\u00a0Omandatakse klassikaliste seltskonnatantsude p\u00f5hisammud kaheksas tantsus: aeglane valss, valss, fokstrott, ruutrumba, samba, cha-cha-cha, d\u017eaiv ja rock\u2019n roll.<br \/>\nKursus kestab 8 n\u00e4dalat.\u00a0Kursuse tasu on 75.- \/inimene<\/p>\n<p><strong style=\"color: #800000; font-size: 1rem;\"><span style=\"color: #008000;\">KOLMAP\u00c4EV, 15. jaanuar<br \/>\n<\/span><\/strong>kl 13\u00a0PS, <strong>MyDance tantsutund<\/strong> (I-II kl, www.mydance.ee)<br \/>\n<span style=\"font-size: 1rem;\">kl 14\u00a0PS, <strong>MyDance tantsutund<\/strong> (III-IV kl,\u00a0www.mydance.ee)<br \/>\nkl 14.40-15.25 KO, Fa Stuudio <strong>kandlering<\/strong>\u00a0algajatele<br \/>\nkl 15.30-16.15 KO, Fa Stuudio <strong>kandlering<\/strong>\u00a0algajatele<br \/>\nkl 15 PS,<strong> Showtants &amp; cheerleading<\/strong>. Lisainfo bron@prodance.ee, tel 55577821<br \/>\nkl 16.30-17.30 SP, <strong><span style=\"color: #000000;\">Sulg<\/span>pallitreening lastele \u00a0<\/strong><\/span><span style=\"font-size: 1rem;\"><strong><br \/>\n<\/strong><\/span><span style=\"font-size: 1rem;\">kl 17.30 KL<strong>, <strong><a href=\"https:\/\/muraste.ee\/vana\/?p=5969\" target=\"_blank\">MUDELISMIRING<\/a> <\/strong>algajatele<a href=\"https:\/\/muraste.ee\/vana\/?p=7505\" target=\"_blank\">. <\/a><\/strong>Juhendab Andres Madissoo<br \/>\nkl 17.30 KL<strong>, <strong><a href=\"https:\/\/muraste.ee\/vana\/?p=5969\" target=\"_blank\">MUDELISMIRING<\/a>\u00a0edasij\u00f5udnutele<\/strong>\u00a0<\/strong>Juhendab Andres Madissoo<br \/>\nkl 18.30 KO,<strong> Naiskodukaitse Harku jaoskonna koosolek<br \/>\n<\/strong><\/span><span style=\"font-size: 1rem;\">kl 18.30-20 SP, <strong>Sulgpalliteening t\u00e4iskasvanutele<\/strong><\/span><span style=\"font-size: 1rem;\"><br \/>\nkl 18.30-19.30 PS, <strong>Line-tants<\/strong><br \/>\nkl 18.30 AT, <em><span style=\"color: #ff0000;\">Erandina seekord<\/span><\/em>\u00a0<strong>N\u00e4itering, <\/strong>juhendaja Anne Veesaar<strong><br \/>\n<\/strong>kl 19.00, <span style=\"color: #ff0000;\"><em>Erandina seekord<\/em><\/span> muusikaklassis\u00a0<strong>Jooga<\/strong> (juhendab Daire Tammik)<br \/>\nkl 19 KL, \u00a0<strong>Inglise keele kursus<\/strong>\u00a0(algtase A2) uuesti alustajatele ja algajatele. Lisainfo \u00a0juhendajalt tel 56575575 v\u00f5i marethein@gmail.com (Maret Hein).<br \/>\nkl 20- 21 PS, <strong>Aeroobika<\/strong> (Kaja Tuisk)<br \/>\n<a href=\"https:\/\/muraste.ee\/vana\/wp-content\/uploads\/2016\/03\/aeroouus.jpg\" rel=\"attachment wp-att-7449\"><img decoding=\"async\" loading=\"lazy\" class=\"wp-image-7449 size-medium alignright\" src=\"https:\/\/muraste.ee\/vana\/wp-content\/uploads\/2016\/03\/aeroouus-300x169.jpg\" alt=\"aeroouus\" width=\"300\" height=\"169\" srcset=\"https:\/\/muraste.ee\/vana\/wp-content\/uploads\/2016\/03\/aeroouus-300x169.jpg 300w, https:\/\/muraste.ee\/vana\/wp-content\/uploads\/2016\/03\/aeroouus-768x432.jpg 768w, https:\/\/muraste.ee\/vana\/wp-content\/uploads\/2016\/03\/aeroouus-624x351.jpg 624w, https:\/\/muraste.ee\/vana\/wp-content\/uploads\/2016\/03\/aeroouus-128x72.jpg 128w, https:\/\/muraste.ee\/vana\/wp-content\/uploads\/2016\/03\/aeroouus.jpg 960w\" sizes=\"(max-width: 300px) 100vw, 300px\" \/><\/a><br \/>\n<\/span><\/p>\n<p><span style=\"font-size: 1rem;\"><span style=\"color: #800000;\"><strong><span style=\"color: #008000;\">NELJAP\u00c4EV, 16. jaanuar<br \/>\n<\/span><\/strong><span style=\"color: #000000;\">kl 14.30-15.15 KO, Fa Stuudio <strong>muusikaring<\/strong>\u00a0I grupp<br \/>\n<\/span><\/span><\/span><span style=\"color: #000000;\"><span style=\"font-size: 1rem;\">kl 15.15-16.00 KO, Fa Stuudio <strong>muusikaring<\/strong>\u00a0II grupp<br \/>\nkl 16.15-17 KO, <strong>Fa Stuudio<\/strong> fl\u00f6\u00f6diring<br \/>\nkl 15.30-16.15 <\/span><strong style=\"font-size: 1rem;\">Beebide ja v\u00e4ikelaste muusikaring<\/strong><\/span><span style=\"font-size: 1rem;\"><span style=\"color: #000000;\"> Pangapealse lasteaias (www.loovuslaps.ee)<br \/>\n<img decoding=\"async\" loading=\"lazy\" class=\"alignright wp-image-7686 size-medium\" src=\"https:\/\/muraste.ee\/vana\/wp-content\/uploads\/2016\/03\/MURASTE-1-300x212.jpg\" alt=\"MURASTE (1)\" width=\"300\" height=\"212\" srcset=\"https:\/\/muraste.ee\/vana\/wp-content\/uploads\/2016\/03\/MURASTE-1-300x212.jpg 300w, https:\/\/muraste.ee\/vana\/wp-content\/uploads\/2016\/03\/MURASTE-1-768x543.jpg 768w, https:\/\/muraste.ee\/vana\/wp-content\/uploads\/2016\/03\/MURASTE-1-1024x724.jpg 1024w, https:\/\/muraste.ee\/vana\/wp-content\/uploads\/2016\/03\/MURASTE-1-624x441.jpg 624w\" sizes=\"(max-width: 300px) 100vw, 300px\" \/><br \/>\n<\/span><\/span><span style=\"color: #000000;\">kl 18.30 AT, <strong>N\u00e4itering, <\/strong>juhendaja Anne Veesaar<strong>\u00a0 (seekord kolmap\u00e4eval)<\/strong><em><br \/>\n<\/em><\/span>kl 18.15-19.45 KO, <span style=\"color: #000000;\"><strong>Prantsuse keel<\/strong><\/span>, juhendab Ines J\u00e4rvsoo (jarvsoo@hotmail.com)<br \/>\n<span style=\"color: #000000;\">kl\u00a019.00\u00a0KL,\u00a0<strong>Inglise keele\u00a0kursus<\/strong> edasij\u00f5udnutele\u00a0(eel-kesktase B 1.1) \u00a0Lisainfo \u00a0juhendajalt tel 56575575 v\u00f5i marethein@gmail.com (Maret Hein).<br \/>\nkl 19.00 PS, <strong>Jooga<\/strong>\u00a0(seekord kolmap\u00e4eval)(juhendab Daire Tammik)<\/span><\/p>\n<p>kl 18.30 (17.30) <span style=\"color: #ff0000;\"><strong>UUS!<\/strong> <\/span><strong>Merik\u00fcla kompleksi tutvustamine.<\/strong>\u00a0<em>Head kogukonna liikmed, t\u00e4na\u00a0toimub Merik\u00fcla \u00f5ppekompleksis kohtumine Muraste Kooli\/kogukonna lapsevanemate ning vallajuhtide vahel. Kohtumisel on vallajuhid lubanud anda selgitusi v\u00f5imaliku kooli \u00fche kooliastme Merik\u00fclla kolimise osas.\u00a0<\/em><br \/>\n<em>Juba alates 17:30 on maja lahti ning on v\u00f5imalik tutvuda ruumidega, mida koolile kasutusse anda plaanitakse. Kasutage seda v\u00f5imalust ning tulge kohale ajavaruga. Katsetage ka erinevaid v\u00f5imalusi, kuidas siis Merik\u00fcla \u00f5ppekompleksile ligi on v\u00f5imalik p\u00e4\u00e4seda. Kuna paljud siiski ilmselt ei viitsi jalgsi r\u00e4nnakut ette v\u00f5tta, siis v\u00e4ike kokkuv\u00f5tlik video, kuidas see koolitee t\u00e4na lapse silmade l\u00e4bi paistab, siis oskate paremini hinnata, mis sellel teel paremini peaks olema:\u00a0<\/em><a href=\"https:\/\/link.stuudium.com\/?link=https%3A%2F%2Fyoutu.be%2FEQt849BGEpA&amp;hsh=200112-7508cd66a3e196b02dbf4eb5604ef67e05695879\" target=\"_blank\" rel=\"noopener\">https:\/\/youtu.be\/EQt849BGEpA<\/a><\/p>\n<p><a href=\"https:\/\/muraste.ee\/vana\/wp-content\/uploads\/2016\/03\/51351615_2133550153367738_6377601271452401664_o.jpg\" rel=\"attachment wp-att-7794\"><img decoding=\"async\" loading=\"lazy\" class=\"wp-image-7794 aligncenter\" src=\"https:\/\/muraste.ee\/vana\/wp-content\/uploads\/2016\/03\/51351615_2133550153367738_6377601271452401664_o.jpg\" alt=\"51351615_2133550153367738_6377601271452401664_o\" width=\"536\" height=\"229\" srcset=\"https:\/\/muraste.ee\/vana\/wp-content\/uploads\/2016\/03\/51351615_2133550153367738_6377601271452401664_o.jpg 960w, https:\/\/muraste.ee\/vana\/wp-content\/uploads\/2016\/03\/51351615_2133550153367738_6377601271452401664_o-300x128.jpg 300w, https:\/\/muraste.ee\/vana\/wp-content\/uploads\/2016\/03\/51351615_2133550153367738_6377601271452401664_o-768x328.jpg 768w, https:\/\/muraste.ee\/vana\/wp-content\/uploads\/2016\/03\/51351615_2133550153367738_6377601271452401664_o-624x267.jpg 624w\" sizes=\"(max-width: 536px) 100vw, 536px\" \/><\/a><\/p>\n<p><span style=\"color: #008000;\"><strong>REEDE,\u00a017. jaanuar<\/strong><br \/>\n<span style=\"color: #000000;\">kl 13.45-14.40 PS,<strong> Showtants &amp; cheerleading<\/strong>. Lisainfo bron@prodance.ee, tel 55577821<\/span><br \/>\n<span style=\"color: #000000;\">kl\u00a015.30-16.30 SP, <\/span><strong><span style=\"color: #000000;\">Sulgpallitreening lastele.<\/span><\/strong><\/span><\/p>\n<p><strong><span style=\"color: #008000;\">P\u00dcHAP\u00c4EV;\u00a012. jaanuar<a href=\"https:\/\/muraste.ee\/vana\/wp-content\/uploads\/2018\/01\/meremees.png\" rel=\"attachment wp-att-5145\"><img decoding=\"async\" loading=\"lazy\" class=\"wp-image-5145 alignright\" src=\"https:\/\/muraste.ee\/vana\/wp-content\/uploads\/2018\/01\/meremees.png\" alt=\"meremees\" width=\"138\" height=\"138\" srcset=\"https:\/\/muraste.ee\/vana\/wp-content\/uploads\/2018\/01\/meremees.png 225w, https:\/\/muraste.ee\/vana\/wp-content\/uploads\/2018\/01\/meremees-150x150.png 150w\" sizes=\"(max-width: 138px) 100vw, 138px\" \/><\/a><br \/>\n<\/span><\/strong>kl 10 <strong>V\u00c4IKELAEVAJUHTDE KURSUS<\/strong>. Vaata lisa<strong> <a href=\"https:\/\/muraste.ee\/vana\/?p=7455\" target=\"_blank\">SIIT<\/a>\u00a0<\/strong><\/p>\n<p><span style=\"color: #ff0000;\"><strong>TULEKUL!<\/strong><\/span><\/p>\n<p><span style=\"color: #ff0000;\"><strong>UUS!<\/strong> <\/span>22. jaanuar kell 19.30 <strong>Ukulele kursus algajatele<\/strong> (juhendab Mai Kaur)<br \/>\n<em>N\u00fc\u00fcd l\u00e4heb pillim\u00e4nguks &#8211; kunagi ei ole hilja \u00f5ppida midagi uut, midagi toredat, midagi ilusat! <\/em><br \/>\n<em>Kolmap\u00e4eval, 22. jaanuaril kell 19.30 on k\u00f5ik ukulele, kitarri meenutava Hawaii p\u00e4ritolu keelpilli m\u00e4ngima \u00f5ppimisest huvitatud oodatud esimesele kokkusaamisele Muraste koolimajja\/kogukonnakeskusesse. <\/em><em>Meie juhendajaks saab muusikapedagoog ja Eesti Ukuleleorkestri liige Mai Kaur. <\/em><em>Kel pill olemas, v\u00f5tab selle juba esimesel korral kaasa; kel ei ole, saab pilli kohapeal laenutada v\u00f5i \u00fche valikuna leida pilli n<\/em><span class=\"text_exposed_show\"><em>\u00e4iteks siit: <a href=\"https:\/\/l.facebook.com\/l.php?u=http%3A%2F%2Fwww.maimusic.ee%2F%3Ffbclid%3DIwAR3q3X3SHo0UiAVb7Vn31CC2Kzs3CJ5kth8MvwqiZ9u-uFTFSoUoqnZNt64&amp;h=AT2scEpiMDR2BU7Oma_A3tPVHaQ6heMQEHQlvoARgo5Lhwju4Xau9ljPQQp0BFCXsRqaCowynrrCPsbxGpvKiW0508M41a1apaFUSbkeJuHhrc2Q16ioALMxAQYE27s7H2EFD_uJC5V3rLaNQjbOCj-QcybBfnTAFinF-b7oeo0_cgcb2S2ApsH7w9VwvKsTyJc7XAlbJTfwH760FgKajYh48aeXRWZcl7BgaWxAlRGkvwu3g1mTQcSmCBZyEMJRrlEHAcV4XPj2b5_Kj1LU5HC9xK5Tp8RGLJ0ZAFBYx-tmHCUpdqom96D05chrKMySFZxjemDgQg-9rhDpG-66hoxxzr0WAIrtdUUie5WVI08mcyDitxlyAp7inUclgO3LkeWzakGivrbloXck0ZsX7mlqmcAdSBG3I80gmmm5g-3GEywfr8NKE7WdGGN77oivQKubXKywWpJJes3N7ivjTwzVeHhvSSmTdxWobLL65dJ51u2clUiGTEo8BXRv56GuyHRXc_prz2y2iSfd1Pm8QYQC2WE5jUjsM7WOhx-aI7wGQ5VYskF4V94dPT3f6E0DZ1jZUfr9Z9FvTmXECoVFeow6tlGJPgLm2QoROD9w_xs5xvHzGY1MWA7U0Zojh-o8QtkvYngHWSA\" target=\"_blank\" rel=\"noopener nofollow\" data-ft=\"{&quot;tn&quot;:&quot;-U&quot;}\" data-lynx-mode=\"origin\">http:\/\/www.maimusic.ee\/<\/a> <\/em><br \/>\n<em>Esimesel kokkusaamisel lepitakse kokku k\u00f5ik vajalik: edaspidine kokkusaamise aeg, osalustasu jne. Kui veel k\u00f5hkled, tule kohale! \u00dcks \u00fclevallaline ukuleleorkester oleks ju t\u00e4itsa tore?!<\/em><br \/>\n<em>Info ja registreerumine muraste@muraste.ee<\/em><br \/>\n<\/span><span style=\"color: #ff0000;\"><strong>UUS!<\/strong> <\/span>24. jaanuar kell 19 filmi\u00f5htu: <strong>Fred J\u00fcssi. Olemise ilu.<br \/>\n<span style=\"color: #ff0000;\">UUS!<\/span><\/strong> 26. jaanuar kell 11-14 <strong>Meigikoolitus iseendale <\/strong><em>(vt posterit)<\/em><br \/>\n<span style=\"color: #ff0000;\"><strong>UUS!<\/strong><\/span> 29. jaanuar kell 18 <strong>Fa Stuudio talvekontsert <\/strong><em>(vt posterit)<\/em><\/p>\n<p><strong><span style=\"color: #ff0000;\">UUS!<\/span><\/strong> Loodusmatkade sari <strong><a href=\"http:\/\/www.murastelooduskool.ee\/tegevused\/laupaev-looduses\/\" target=\"_blank\">Laup\u00e4ev looduses<\/a>.<br \/>\n<\/strong><em><span data-offset-key=\"91ffk-0-0\"><span data-text=\"true\">Meie hea partner, Muraste Looduskool korraldab l\u00e4bi 2020. aasta kaks korda kuus loodusretki, -\u00f5htuid ja -hommikuid. Plaanis on iga kuu keskmisel ja viimasel laup\u00e4eval avada huvitavaid teemasid koos heade retkejuhtide ja p\u00f5nevate lektoritega. Kavas on muuhulgas j\u00e4ljeretk, puud ja p\u00f5\u00f5sad talvel, kevade (t)\u00e4rkamine, pulmad looduses, lindude r\u00e4nne, linnulauluhommikud, kevadlilled, tiigi- ja rannikumere elustik, loomade k\u00e4itumine (mh. seoses liiklusega), pikk rannikumatk (15 km), suvised \u00f6\u00f6h\u00e4\u00e4led ja -olendid, nahkhiire\u00f5htu jne., aga ka loodusest inspireeritud rahvakombed ja teadmised ning palju muud loodusega seonduvat.<br \/>\n<\/span><\/span><\/em><em><span data-offset-key=\"bbiv6-0-0\"><span data-text=\"true\">T\u00e4psema ajakava on leitav <a href=\"http:\/\/www.murastelooduskool.ee\/tegevused\/laupaev-looduses\/\" target=\"_blank\">looduskooli kodulehel.<\/a><\/span><\/span><\/em><\/p>\n<p><a href=\"https:\/\/muraste.ee\/vana\/wp-content\/uploads\/2016\/03\/Meik-Murastes-26.01.20.png\" rel=\"attachment wp-att-7803\"><img decoding=\"async\" loading=\"lazy\" class=\"alignnone wp-image-7803 \" src=\"https:\/\/muraste.ee\/vana\/wp-content\/uploads\/2016\/03\/Meik-Murastes-26.01.20-212x300.png\" alt=\"Meik Murastes 26.01.20\" width=\"270\" height=\"382\" srcset=\"https:\/\/muraste.ee\/vana\/wp-content\/uploads\/2016\/03\/Meik-Murastes-26.01.20-212x300.png 212w, https:\/\/muraste.ee\/vana\/wp-content\/uploads\/2016\/03\/Meik-Murastes-26.01.20-768x1086.png 768w, https:\/\/muraste.ee\/vana\/wp-content\/uploads\/2016\/03\/Meik-Murastes-26.01.20-724x1024.png 724w, https:\/\/muraste.ee\/vana\/wp-content\/uploads\/2016\/03\/Meik-Murastes-26.01.20-624x883.png 624w, https:\/\/muraste.ee\/vana\/wp-content\/uploads\/2016\/03\/Meik-Murastes-26.01.20.png 1414w\" sizes=\"(max-width: 270px) 100vw, 270px\" \/><\/a>\u00a0 \u00a0<a href=\"https:\/\/muraste.ee\/vana\/wp-content\/uploads\/2016\/03\/fa-1.jpg\" rel=\"attachment wp-att-7804\"><img decoding=\"async\" loading=\"lazy\" class=\"alignnone wp-image-7804\" src=\"https:\/\/muraste.ee\/vana\/wp-content\/uploads\/2016\/03\/fa-1-294x300.jpg\" alt=\"fa\" width=\"338\" height=\"345\" srcset=\"https:\/\/muraste.ee\/vana\/wp-content\/uploads\/2016\/03\/fa-1-294x300.jpg 294w, https:\/\/muraste.ee\/vana\/wp-content\/uploads\/2016\/03\/fa-1-768x783.jpg 768w, https:\/\/muraste.ee\/vana\/wp-content\/uploads\/2016\/03\/fa-1-624x636.jpg 624w, https:\/\/muraste.ee\/vana\/wp-content\/uploads\/2016\/03\/fa-1.jpg 942w\" sizes=\"(max-width: 338px) 100vw, 338px\" \/><\/a><\/p>\n<p><strong><span style=\"color: #339966;\"><span style=\"color: #ff0000;\"><a style=\"color: #ff0000;\" href=\"https:\/\/muraste.ee\/vana\/?p=6574&amp;fbclid=IwAR2QSQfT4gkgut25GCYcvoQsUVRZZRICU2d_3VrF8B-iaUIHgj-cjAXj-VU\" target=\"_blank\">HOIAME K\u00dcLA PUHTANA!<\/a><\/span><br \/>\nLOE EDASI <a style=\"color: #339966;\" href=\"https:\/\/muraste.ee\/vana\/?p=6574&amp;fbclid=IwAR2QSQfT4gkgut25GCYcvoQsUVRZZRICU2d_3VrF8B-iaUIHgj-cjAXj-VU\" target=\"_blank\">SIIT<\/a><\/span><\/strong><\/p>\n<\/div>\n<\/div>\n<\/div>\n<\/header>\n<\/div>\n<header class=\"entry-header\">\n<div class=\"entry-content\" style=\"text-align: left;\">\n<header class=\"entry-header\">\n<div class=\"entry-content\">\n<div id=\"js_bfj\" class=\"_5pbx userContent _3576\" data-ad-preview=\"message\" data-ft=\"{&quot;tn&quot;:&quot;K&quot;}\">\n<div class=\"entry-content\">\n<div class=\"entry-content\">\n<div id=\"js_bfj\" class=\"_5pbx userContent _3576\" data-ad-preview=\"message\" data-ft=\"{&quot;tn&quot;:&quot;K&quot;}\">\n<p><a href=\"https:\/\/muraste.ee\/vana\/wp-content\/uploads\/2018\/12\/prygi5.png\" rel=\"attachment wp-att-6581\"><img decoding=\"async\" loading=\"lazy\" class=\"alignnone size-full wp-image-6581\" src=\"https:\/\/muraste.ee\/vana\/wp-content\/uploads\/2018\/12\/prygi5.png\" alt=\"prygi5\" width=\"777\" height=\"437\" srcset=\"https:\/\/muraste.ee\/vana\/wp-content\/uploads\/2018\/12\/prygi5.png 777w, https:\/\/muraste.ee\/vana\/wp-content\/uploads\/2018\/12\/prygi5-300x169.png 300w, https:\/\/muraste.ee\/vana\/wp-content\/uploads\/2018\/12\/prygi5-768x432.png 768w, https:\/\/muraste.ee\/vana\/wp-content\/uploads\/2018\/12\/prygi5-624x351.png 624w, https:\/\/muraste.ee\/vana\/wp-content\/uploads\/2018\/12\/prygi5-128x72.png 128w\" sizes=\"(max-width: 777px) 100vw, 777px\" \/><\/a><\/p>\n<\/div>\n<\/div>\n<\/div>\n<\/div>\n<\/div>\n<\/header>\n<\/div>\n<\/header>\n<\/div>\n<\/header>\n<h1 class=\"entry-title\" style=\"text-align: center;\"><em><strong><br \/>\n<\/strong><\/em><strong><span style=\"color: #ff6600;\">TEADETETAHVEL<\/span><\/strong><\/h1>\n<header class=\"entry-header\">\n<div class=\"entry-content\" style=\"text-align: left;\">\n<header class=\"entry-header\">\n<div class=\"entry-content\" style=\"text-align: left;\">\n<header class=\"entry-header\">\n<div class=\"entry-content\"><\/div>\n<\/header>\n<div class=\"entry-content\">\n<p><span style=\"color: #3366ff;\"><a style=\"color: #3366ff;\" href=\"https:\/\/muraste.ee\/vana\/wp-content\/uploads\/2016\/03\/stend.jpg\" rel=\"attachment wp-att-3740\"><img decoding=\"async\" loading=\"lazy\" class=\"size-medium wp-image-3740 alignright\" src=\"https:\/\/muraste.ee\/vana\/wp-content\/uploads\/2016\/03\/stend-300x224.jpg\" sizes=\"(max-width: 300px) 100vw, 300px\" srcset=\"https:\/\/muraste.ee\/vana\/wp-content\/uploads\/2016\/03\/stend-300x224.jpg 300w, https:\/\/muraste.ee\/vana\/wp-content\/uploads\/2016\/03\/stend-768x572.jpg 768w, https:\/\/muraste.ee\/vana\/wp-content\/uploads\/2016\/03\/stend-1024x763.jpg 1024w, https:\/\/muraste.ee\/vana\/wp-content\/uploads\/2016\/03\/stend-624x465.jpg 624w, https:\/\/muraste.ee\/vana\/wp-content\/uploads\/2016\/03\/stend.jpg 1300w\" alt=\"stend\" width=\"300\" height=\"224\" \/><\/a><\/span><\/p>\n<\/div>\n<header class=\"entry-header\">\n<div class=\"entry-content\">\n<div class=\"_1mf _1mj\" data-offset-key=\"cki46-0-0\">\n<p><strong>Teadmiseks:\u00a0<\/strong>Muraste igan\u00e4dalase e- infokirjaga liitumiseks saada sellekohane teade muraste@muraste.ee<br \/>\n<strong>Muraste kogukonnakeskus\u00a0<\/strong>(Lee tee 9, Muraste) avatud E-N 10 -18, R ja muudel aegadel vastavalt tegevustele<br \/>\n<strong>T\u00e4psustused ja info:<\/strong>\u00a0kogukonnakeskus@muraste.ee;\u00a05253128 (Aule Kikas).<\/p>\n<\/div>\n<\/div>\n<\/header>\n<\/div>\n<\/header>\n<\/div>\n<\/header>\n","protected":false},"excerpt":{"rendered":"<p>N\u00c4DAL 3\u00a0MURASTES * AT- koolimaja aatrium, SP- spordihoone; KO-kogukonnakeskus; \u00a0 KL- klassiruum; PS \u2013 peegelsaal; SS- s\u00f6\u00f6gisaal, LS- lavasaal, MR- meediaruum Kaanefoto:\u00a0Val Rajasaar \/ Muraste Looduskool ESMASP\u00c4EV, 13. jaanuar kl 14 PS, MyDance tantsutund (I-II kl, www.mydance.ee) kl 15 PS, MyDance tantsutund (III-IV kl,\u00a0www.mydance.ee) kl 15.40-16.25 KO, Fa Stuudio kandlering edasij\u00f5udnutele kl 16-18.30 Lahe Huvikooli<a class=\"moretag\" href=\"https:\/\/muraste.ee\/vana\/?page_id=7808\"><br \/>&#8230;Loe edasi<\/a><\/p>\n","protected":false},"author":2,"featured_media":0,"parent":0,"menu_order":0,"comment_status":"closed","ping_status":"closed","template":"nadalakava.php","meta":{"_bbp_topic_count":0,"_bbp_reply_count":0,"_bbp_total_topic_count":0,"_bbp_total_reply_count":0,"_bbp_voice_count":0,"_bbp_anonymous_reply_count":0,"_bbp_topic_count_hidden":0,"_bbp_reply_count_hidden":0,"_bbp_forum_subforum_count":0,"_mc_calendar":[]},"_links":{"self":[{"href":"https:\/\/muraste.ee\/vana\/index.php?rest_route=\/wp\/v2\/pages\/7808"}],"collection":[{"href":"https:\/\/muraste.ee\/vana\/index.php?rest_route=\/wp\/v2\/pages"}],"about":[{"href":"https:\/\/muraste.ee\/vana\/index.php?rest_route=\/wp\/v2\/types\/page"}],"author":[{"embeddable":true,"href":"https:\/\/muraste.ee\/vana\/index.php?rest_route=\/wp\/v2\/users\/2"}],"replies":[{"embeddable":true,"href":"https:\/\/muraste.ee\/vana\/index.php?rest_route=%2Fwp%2Fv2%2Fcomments&post=7808"}],"version-history":[{"count":1,"href":"https:\/\/muraste.ee\/vana\/index.php?rest_route=\/wp\/v2\/pages\/7808\/revisions"}],"predecessor-version":[{"id":7810,"href":"https:\/\/muraste.ee\/vana\/index.php?rest_route=\/wp\/v2\/pages\/7808\/revisions\/7810"}],"wp:attachment":[{"href":"https:\/\/muraste.ee\/vana\/index.php?rest_route=%2Fwp%2Fv2%2Fmedia&parent=7808"}],"curies":[{"name":"wp","href":"https:\/\/api.w.org\/{rel}","templated":true}]}}