{"id":7850,"date":"2020-02-04T13:22:32","date_gmt":"2020-02-04T11:22:32","guid":{"rendered":"https:\/\/muraste.ee\/vana\/?page_id=7850"},"modified":"2020-02-04T13:22:32","modified_gmt":"2020-02-04T11:22:32","slug":"7850-2","status":"publish","type":"page","link":"https:\/\/muraste.ee\/vana\/?page_id=7850","title":{"rendered":""},"content":{"rendered":"<h1 class=\"entry-title\" style=\"text-align: center;\"><span style=\"color: #ff6600;\">N\u00c4DAL 5 MURASTES<a href=\"https:\/\/muraste.ee\/vana\/wp-content\/uploads\/2016\/03\/Liisalumikelluke.jpg\" rel=\"attachment wp-att-7844\"><img decoding=\"async\" loading=\"lazy\" class=\"alignright wp-image-7844 size-medium\" src=\"https:\/\/muraste.ee\/vana\/wp-content\/uploads\/2016\/03\/Liisalumikelluke-300x225.jpg\" alt=\"Liisalumikelluke\" width=\"300\" height=\"225\" srcset=\"https:\/\/muraste.ee\/vana\/wp-content\/uploads\/2016\/03\/Liisalumikelluke-300x225.jpg 300w, https:\/\/muraste.ee\/vana\/wp-content\/uploads\/2016\/03\/Liisalumikelluke-768x576.jpg 768w, https:\/\/muraste.ee\/vana\/wp-content\/uploads\/2016\/03\/Liisalumikelluke.jpg 1024w, https:\/\/muraste.ee\/vana\/wp-content\/uploads\/2016\/03\/Liisalumikelluke-624x468.jpg 624w\" sizes=\"(max-width: 300px) 100vw, 300px\" \/><\/a><\/span><\/h1>\n<header class=\"entry-header\">\n<div class=\"entry-content\" style=\"text-align: left;\">\n<div class=\"entry-content\">\n<header class=\"entry-header\">\n<div class=\"entry-content\">\n<div id=\"js_bfj\" class=\"_5pbx userContent _3576\" data-ad-preview=\"message\" data-ft=\"{&quot;tn&quot;:&quot;K&quot;}\">\n<div class=\"entry-content\">\n<p><em>* AT- koolimaja aatrium, SP- spordihoone; KO-kogukonnakeskus; \u00a0 KL- klassiruum; PS \u2013 peegelsaal; SS- s\u00f6\u00f6gisaal, LS- lavasaal, MR- meediaruum<br \/>\nKaanefoto:\u00a0Ootamatu kevade kuulutaja (Liisa Oviir)<\/em><\/p>\n<p><span style=\"color: #ff6600;\"><strong>ESMASP\u00c4EV, 27. jaanuar<\/strong><\/span><br \/>\nkl 14 PS, <strong>MyDance tantsutund<\/strong> (I-II kl, www.mydance.ee)<br \/>\nkl 15 PS, <strong>MyDance tantsutund<\/strong> (III-IV kl,\u00a0www.mydance.ee)<br \/>\nkl 15.40-16.25 KO, Fa Stuudio <strong>kandlering<\/strong> edasij\u00f5udnutele<br \/>\nkl 16-18.30 KL, Lahe Huvikooli <strong>eelkool. <\/strong>(www.lahehuvikool.ee)<br \/>\nkl 17.30 KO, <strong>V\u00e4ikekandleansambel LiULi<\/strong> (p\u00f5hikoosseis)<br \/>\nkl 19.00 KO, <strong>V\u00e4ikekandleansambel LiULi<\/strong> (alustajad)<br \/>\nkl 19.00 AT, <strong>Suurupi naiskoor Meretule<\/strong><br \/>\nkl 20 PS, <strong>Aeroobika<\/strong> (treener Kaja Tuisk)<\/p>\n<p><span style=\"color: #800000;\"><strong><span style=\"color: #ff6600;\">TEISIP\u00c4EV, 28. jaanuar<\/span><a href=\"https:\/\/muraste.ee\/vana\/wp-content\/uploads\/2016\/03\/kaalu.png\" rel=\"attachment wp-att-7493\"><img decoding=\"async\" loading=\"lazy\" class=\"size-medium wp-image-7493 alignright\" src=\"https:\/\/muraste.ee\/vana\/wp-content\/uploads\/2016\/03\/kaalu-237x300.png\" alt=\"kaalu\" width=\"237\" height=\"300\" srcset=\"https:\/\/muraste.ee\/vana\/wp-content\/uploads\/2016\/03\/kaalu-237x300.png 237w, https:\/\/muraste.ee\/vana\/wp-content\/uploads\/2016\/03\/kaalu-624x789.png 624w, https:\/\/muraste.ee\/vana\/wp-content\/uploads\/2016\/03\/kaalu.png 759w\" sizes=\"(max-width: 237px) 100vw, 237px\" \/><\/a><br \/>\n<\/strong><\/span>kl 14.30 &#8211; 18.20 KO, <strong>Triinu Laulustuudio <\/strong><em>(klaver ja soololaul)\u00a0<\/em><br \/>\nkl 18.30 KL,\u00a0<strong>Inglise keele kursus \u00a0<\/strong>(kesktase B 1.2).\u00a0Lisainfo \u00a0juhendajalt tel 56575575 v\u00f5i marethein@gmail.com (Maret Hein).<br \/>\n18.30 PS, <strong><span style=\"color: #ff0000;\">UUS!\u00a0<\/span>Seltskonnatantsu j\u00e4tkukursus.<\/strong><em><br \/>\n<\/em>kl 19 KO, <strong>Figuuris\u00f5brad <\/strong>\u00a0(info plakatil)<br \/>\nkl 19 SP, <strong>V\u00f5rkpall <\/strong><em>(oodatud k\u00f5ik m\u00e4nguhuvilised)<\/em><br \/>\nkl 19.45 PS, <strong>Seltskonnatantsude harjutustund<\/strong><\/p>\n<p>NB! <strong><span style=\"color: #ff0000;\">UUS EELINFO!<\/span>\u00a0<\/strong>Seltskonnatantsu kursus algajatele toimub 24. m\u00e4rts-12. mai kell 18.30-19.45.\u00a0Omandatakse klassikaliste seltskonnatantsude p\u00f5hisammud kaheksas tantsus: aeglane valss, valss, fokstrott, ruutrumba, samba, cha-cha-cha, d\u017eaiv ja rock\u2019n roll.<br \/>\nKursus kestab 8 n\u00e4dalat.\u00a0Kursuse tasu on 75.- \/inimene<\/p>\n<p><strong style=\"color: #800000; font-size: 1rem;\"><span style=\"color: #008000;\"><span style=\"color: #ff6600;\">KOLMAP\u00c4EV, 29. jaanuar\u00a0<a href=\"https:\/\/muraste.ee\/vana\/wp-content\/uploads\/2016\/03\/fa-1.jpg\" rel=\"attachment wp-att-7804\"><img decoding=\"async\" loading=\"lazy\" class=\"wp-image-7804 size-medium alignright\" src=\"https:\/\/muraste.ee\/vana\/wp-content\/uploads\/2016\/03\/fa-1-294x300.jpg\" alt=\"fa\" width=\"294\" height=\"300\" srcset=\"https:\/\/muraste.ee\/vana\/wp-content\/uploads\/2016\/03\/fa-1-294x300.jpg 294w, https:\/\/muraste.ee\/vana\/wp-content\/uploads\/2016\/03\/fa-1-768x783.jpg 768w, https:\/\/muraste.ee\/vana\/wp-content\/uploads\/2016\/03\/fa-1-624x636.jpg 624w, https:\/\/muraste.ee\/vana\/wp-content\/uploads\/2016\/03\/fa-1.jpg 942w\" sizes=\"(max-width: 294px) 100vw, 294px\" \/><\/a><\/span><br \/>\n<\/span><\/strong>kl 13\u00a0PS, <strong>MyDance tantsutund<\/strong> (I-II kl, www.mydance.ee)<br \/>\n<span style=\"font-size: 1rem;\">kl 14\u00a0PS, <strong>MyDance tantsutund<\/strong> (III-IV kl,\u00a0www.mydance.ee)<br \/>\nkl 14.40-15.25 KO, Fa Stuudio <strong>kandlering<\/strong>\u00a0algajatele<br \/>\nkl 15.30-16.15 KO, Fa Stuudio <strong>kandlering<\/strong>\u00a0algajatele<br \/>\nkl 15 PS,<strong> Showtants &amp; cheerleading<\/strong>. Lisainfo bron@prodance.ee, tel 55577821<br \/>\nkl 16.30-17.30 SP, <strong><span style=\"color: #000000;\">Sulg<\/span>pallitreening lastele \u00a0<\/strong><\/span><span style=\"font-size: 1rem;\"><strong><br \/>\n<\/strong><\/span><span style=\"font-size: 1rem;\">kl 17.30 KL<strong>, <strong><a href=\"https:\/\/muraste.ee\/vana\/?p=5969\" target=\"_blank\">MUDELISMIRING<\/a> <\/strong>algajatele<a href=\"https:\/\/muraste.ee\/vana\/?p=7505\" target=\"_blank\">. <\/a><\/strong>Juhendab Andres Madissoo<br \/>\nkl 17.30 KL<strong>, <strong><a href=\"https:\/\/muraste.ee\/vana\/?p=5969\" target=\"_blank\">MUDELISMIRING<\/a>\u00a0edasij\u00f5udnutele<\/strong>\u00a0<\/strong>Juhendab Andres Madissoo<br \/>\n<\/span><span style=\"font-size: 1rem;\">kl 18.30-20 SP, <strong>Sulgpalliteening t\u00e4iskasvanutele<\/strong><\/span><span style=\"font-size: 1rem;\"><br \/>\nkl 18.30-19.30 PS, <strong>Line-tants<\/strong><br \/>\nkl 19 KL, \u00a0<strong>Inglise keele kursus<\/strong>\u00a0(algtase A2) uuesti alustajatele ja algajatele. Lisainfo \u00a0juhendajalt tel 56575575 v\u00f5i marethein@gmail.com (Maret Hein).<br \/>\nkl 20- 21 PS, <strong>Aeroobika<\/strong> (Kaja Tuisk)<br \/>\n<strong>kl 18 AT, <span style=\"color: #ff0000;\">UUS!<\/span><\/strong>\u00a0<strong>Fa Stuudio talvekontsert <\/strong><em>(vt posterit)<\/em><br \/>\nkl 19.30 KL, \u00a0<span style=\"color: #ff0000;\"><strong>UUS!<\/strong><\/span>\u00a0<strong>Ukulele kursus algajatele<\/strong> (juhendab Mai Kaur, http:\/\/www.maimusic.ee\/)\u00a0<a href=\"https:\/\/muraste.ee\/vana\/wp-content\/uploads\/2016\/03\/ukulele.jpg\" rel=\"attachment wp-att-7813\"><img decoding=\"async\" loading=\"lazy\" class=\"alignleft wp-image-7813 size-medium\" src=\"https:\/\/muraste.ee\/vana\/wp-content\/uploads\/2016\/03\/ukulele-146x300.jpg\" alt=\"ukulele\" width=\"146\" height=\"300\" srcset=\"https:\/\/muraste.ee\/vana\/wp-content\/uploads\/2016\/03\/ukulele-146x300.jpg 146w, https:\/\/muraste.ee\/vana\/wp-content\/uploads\/2016\/03\/ukulele-768x1580.jpg 768w, https:\/\/muraste.ee\/vana\/wp-content\/uploads\/2016\/03\/ukulele-498x1024.jpg 498w, https:\/\/muraste.ee\/vana\/wp-content\/uploads\/2016\/03\/ukulele-624x1284.jpg 624w, https:\/\/muraste.ee\/vana\/wp-content\/uploads\/2016\/03\/ukulele.jpg 1897w\" sizes=\"(max-width: 146px) 100vw, 146px\" \/><\/a><br \/>\n<em>N\u00fc\u00fcd l\u00e4heb pillim\u00e4nguks &#8211; kunagi ei ole hilja \u00f5ppida midagi uut, midagi toredat, midagi ilusat!\u00a0<\/em><span class=\"text_exposed_show\"><em>Info ja registreerumine muraste@muraste.ee<\/em><\/span><br \/>\n<a href=\"https:\/\/muraste.ee\/vana\/wp-content\/uploads\/2016\/03\/aeroouus.jpg\" rel=\"attachment wp-att-7449\"><img decoding=\"async\" loading=\"lazy\" class=\"wp-image-7449 size-medium alignright\" src=\"https:\/\/muraste.ee\/vana\/wp-content\/uploads\/2016\/03\/aeroouus-300x169.jpg\" alt=\"aeroouus\" width=\"300\" height=\"169\" srcset=\"https:\/\/muraste.ee\/vana\/wp-content\/uploads\/2016\/03\/aeroouus-300x169.jpg 300w, https:\/\/muraste.ee\/vana\/wp-content\/uploads\/2016\/03\/aeroouus-768x432.jpg 768w, https:\/\/muraste.ee\/vana\/wp-content\/uploads\/2016\/03\/aeroouus-624x351.jpg 624w, https:\/\/muraste.ee\/vana\/wp-content\/uploads\/2016\/03\/aeroouus-128x72.jpg 128w, https:\/\/muraste.ee\/vana\/wp-content\/uploads\/2016\/03\/aeroouus.jpg 960w\" sizes=\"(max-width: 300px) 100vw, 300px\" \/><\/a><br \/>\n<\/span><\/p>\n<p><span style=\"font-size: 1rem;\"><span style=\"color: #800000;\"><strong><span style=\"color: #008000;\"><span style=\"color: #ff6600;\">NELJAP\u00c4EV, 30. jaanuar<\/span><br \/>\n<\/span><\/strong><span style=\"color: #000000;\">kl 14.30-15.15 KO, Fa Stuudio <strong>muusikaring<\/strong>\u00a0I grupp<br \/>\n<\/span><\/span><\/span><span style=\"color: #000000;\"><span style=\"font-size: 1rem;\">kl 15.15-16.00 KO, Fa Stuudio <strong>muusikaring<\/strong>\u00a0II grupp<br \/>\nkl 16.15-17 KO, <strong>Fa Stuudio<\/strong> fl\u00f6\u00f6diring<br \/>\nkl 15.30-16.15 <\/span><strong style=\"font-size: 1rem;\">Beebide ja v\u00e4ikelaste muusikaring<\/strong><\/span><span style=\"font-size: 1rem;\"><span style=\"color: #000000;\"> Pangapealse lasteaias (www.loovuslaps.ee)<br \/>\n<img decoding=\"async\" loading=\"lazy\" class=\"alignright wp-image-7686 size-medium\" src=\"https:\/\/muraste.ee\/vana\/wp-content\/uploads\/2016\/03\/MURASTE-1-300x212.jpg\" alt=\"MURASTE (1)\" width=\"300\" height=\"212\" srcset=\"https:\/\/muraste.ee\/vana\/wp-content\/uploads\/2016\/03\/MURASTE-1-300x212.jpg 300w, https:\/\/muraste.ee\/vana\/wp-content\/uploads\/2016\/03\/MURASTE-1-768x543.jpg 768w, https:\/\/muraste.ee\/vana\/wp-content\/uploads\/2016\/03\/MURASTE-1-1024x724.jpg 1024w, https:\/\/muraste.ee\/vana\/wp-content\/uploads\/2016\/03\/MURASTE-1-624x441.jpg 624w\" sizes=\"(max-width: 300px) 100vw, 300px\" \/><br \/>\n<\/span><\/span><span style=\"color: #000000;\">kl 18.30 AT, <strong>N\u00e4itering, <\/strong>juhendaja Anne Veesaar<strong>\u00a0\u00a0<\/strong><em><br \/>\n<\/em><\/span>kl 18.15-19.45 KO, <span style=\"color: #000000;\"><strong>Prantsuse keel<\/strong><\/span>, juhendab Ines J\u00e4rvsoo (jarvsoo@hotmail.com)<br \/>\n<span style=\"color: #000000;\">kl\u00a019.00\u00a0KL,\u00a0<strong>Inglise keele\u00a0kursus<\/strong> edasij\u00f5udnutele\u00a0(eel-kesktase B 1.1) \u00a0Lisainfo \u00a0juhendajalt tel 56575575 v\u00f5i marethein@gmail.com (Maret Hein).<br \/>\nkl 19.00 PS, <strong>Jooga<\/strong>\u00a0(juhendab Daire Tammik)<\/span><\/p>\n<p><span style=\"color: #ff6600;\"><strong>REEDE, 31<\/strong><\/span><span style=\"color: #008000;\"><span style=\"color: #ff6600;\"><strong>. jaanuar<\/strong><\/span><br \/>\n<span style=\"color: #000000;\">kl 13.45-14.40 PS,<strong> Showtants &amp; cheerleading<\/strong>. Lisainfo bron@prodance.ee, tel 55577821<\/span><br \/>\n<span style=\"color: #000000;\">kl\u00a015.30-16.30 SP, <\/span><strong><span style=\"color: #000000;\">Sulgpallitreening lastele.<\/span><\/strong><\/span><\/p>\n<p><span style=\"color: #ff6600;\"><strong>LAUP\u00c4EV, 1.\u00a0veebruar<br \/>\n<\/strong><\/span><strong><span style=\"color: #ff0000;\">J\u00c4LGI INFOT!\u00a0<\/span>Loodusmatkade sari &#8220;Laup\u00e4ev looduses&#8221;.\u00a0<\/strong><strong><a href=\"https:\/\/muraste.ee\/vana\/wp-content\/uploads\/2016\/03\/VAL_8132-881x585.jpg\" rel=\"attachment wp-att-7777\"><img decoding=\"async\" loading=\"lazy\" class=\"size-thumbnail wp-image-7777 alignright\" src=\"https:\/\/muraste.ee\/vana\/wp-content\/uploads\/2016\/03\/VAL_8132-881x585-150x150.jpg\" alt=\"VAL_8132-881x585\" width=\"150\" height=\"150\" \/><\/a><\/strong><em>Muraste Looduskooli retkede sarja &#8220;Laup\u00e4ev looduses&#8221; t\u00e4psustuv ajakava <\/em><em>l\u00e4bi 2020. aasta on leitav <\/em><em><a href=\"http:\/\/www.murastelooduskool.ee\/tegevused\/laupaev-looduses\/\" target=\"_blank\" rel=\"noreferrer\" data-saferedirecturl=\"https:\/\/www.google.com\/url?q=http:\/\/www.murastelooduskool.ee\/tegevused\/laupaev-looduses\/&amp;source=gmail&amp;ust=1579519597037000&amp;usg=AFQjCNHgzZ750Fwfx0Rt2Rn_9KlGU4FvyA\">http:\/\/www.murastelooduskool.e<wbr \/>e\/tegevused\/laupaev-looduses\/<\/a> ja Muraste <\/em><em>Looduskooli Facebookis.<\/em><\/p>\n<div class=\"yj6qo\"><strong><span style=\"color: #ff6600;\">P\u00dcHAP\u00c4EV; 2. veebruar\u00a0<\/span><span style=\"color: #008000;\"><br \/>\n<\/span><\/strong>kl 11.30-14 KO, <strong><span style=\"color: #ff0000;\">UUS! N\u00e4ohoolduse t\u00f6\u00f6tuba<\/span>\u00a0koos n\u00e4onaha testiga. Lisainfo on SIIN:\u00a0https:\/\/www.facebook.com\/events\/809141642867131\/<\/strong><em><br \/>\n<\/em><\/p>\n<div><\/div>\n<\/div>\n<p><span style=\"color: #ff0000;\"><strong>TULEKUL!<\/strong><\/span><span class=\"text_exposed_show\"><br \/>\n<\/span><span style=\"color: #ff0000;\"><strong>UUS!<\/strong>\u00a0<span style=\"color: #000000;\">R,\u00a07<\/span><\/span><span style=\"color: #000000;\">.<\/span> veebruar\u00a0kell 19 filmi\u00f5htu: <strong>Talve<\/strong><br \/>\n<span style=\"color: #ff0000;\"><strong>UUS!<\/strong>\u00a0<span style=\"color: #000000;\">L, 8<\/span><\/span><span style=\"color: #000000;\">. ve<\/span>ebruar kell 19 filmi\u00f5htu: <strong>Talve<\/strong><br \/>\n<span style=\"color: #ff0000;\"><strong>UUS!<\/strong>\u00a0<span style=\"color: #000000;\">R, 21<\/span><\/span><span style=\"color: #000000;\">.<\/span> veebruar\u00a0kell 19 filmi\u00f5htu:\u00a0<strong>Sipsik<\/strong><br \/>\n<span style=\"color: #ff0000;\"><strong>UUS!<\/strong>\u00a0<span style=\"color: #000000;\">L, 22<\/span><\/span><span style=\"color: #000000;\">. v<\/span>eebruar\u00a0kell 19 filmi\u00f5htu: <strong>Sipsik<br \/>\n<\/strong><strong><span style=\"color: #ff0000;\">UUS!<\/span> <\/strong>P,23. veebruar<strong> Eesti Vabariigi s\u00fcnnip\u00e4eva \u00f6\u00f6matk<\/strong><em> (info tulekul)<strong><br \/>\n<\/strong><br \/>\n<\/em><strong><span style=\"color: #ff0000;\">UUS!<\/span><\/strong> Loodusmatkade sari <strong><a href=\"http:\/\/www.murastelooduskool.ee\/tegevused\/laupaev-looduses\/\" target=\"_blank\">Laup\u00e4ev looduses<\/a>.<br \/>\n<\/strong><em><span data-offset-key=\"91ffk-0-0\"><span data-text=\"true\">Meie hea partner, Muraste Looduskool korraldab l\u00e4bi 2020. aasta <strong>kaks korda kuus<\/strong> loodusretki, -\u00f5htuid ja -hommikuid. Plaanis on iga kuu keskmisel ja viimasel laup\u00e4eval avada huvitavaid teemasid koos heade retkejuhtide ja p\u00f5nevate lektoritega. Kavas on muuhulgas j\u00e4ljeretk, puud ja p\u00f5\u00f5sad talvel, kevade (t)\u00e4rkamine, pulmad looduses, lindude r\u00e4nne, linnulauluhommikud, kevadlilled, tiigi- ja rannikumere elustik, loomade k\u00e4itumine (mh. seoses liiklusega), pikk rannikumatk (15 km), suvised \u00f6\u00f6h\u00e4\u00e4led ja -olendid, nahkhiire\u00f5htu jne., aga ka loodusest inspireeritud rahvakombed ja teadmised ning palju muud loodusega seonduvat.\u00a0<\/span><\/span><\/em><em><span data-offset-key=\"bbiv6-0-0\"><span data-text=\"true\">T\u00e4psem ajakava on leitav <a href=\"http:\/\/www.murastelooduskool.ee\/tegevused\/laupaev-looduses\/\" target=\"_blank\">looduskooli kodulehel.<\/a><\/span><\/span><\/em><\/p>\n<p><strong><span style=\"color: #ff6600;\"><span style=\"color: #0000ff;\">KUIDAS EDASI, Muraste kandi noored?<\/span><br \/>\n<\/span><\/strong>T\u00e4nane vaade koolimaja \u00fcmbruses viitab taaskord asjaolule, et meie noortel on palju vaba aega ja v\u00e4he tegevust. Lisaks sodimisele oli paviljoni \u00fcmbrus risustatud alkoholipudelite ja suitsukonidega. Kahjuks pole 5-6 aastat oodatud noortekeskus t\u00e4naseni realiseerunud. T\u00e4nane koolimaja v\u00f5ib olla k\u00fcll suur, kuid ei v\u00f5imalda noortele oma &#8216;pesa&#8217; rajamist. <strong>Millised v\u00f5iks olla lahendused noortele positiivse v\u00e4ljundi pakkumiseks meie k\u00fclas?<br \/>\n<\/strong>Avaldage arvamust FB-Muraste lehe vastava postituse all v\u00f5i saatke e-kiri muraste@muraste.ee<br \/>\n<em>Fotod: Evar Ojasaar<\/em><\/p>\n<p><a href=\"https:\/\/muraste.ee\/vana\/wp-content\/uploads\/2016\/03\/P1.jpg\" rel=\"attachment wp-att-7819\"><img decoding=\"async\" loading=\"lazy\" class=\"alignnone size-thumbnail wp-image-7819\" src=\"https:\/\/muraste.ee\/vana\/wp-content\/uploads\/2016\/03\/P1-150x150.jpg\" alt=\"P1\" width=\"150\" height=\"150\" \/><\/a> <a href=\"https:\/\/muraste.ee\/vana\/wp-content\/uploads\/2016\/03\/P2.jpg\" rel=\"attachment wp-att-7820\"><img decoding=\"async\" loading=\"lazy\" class=\"alignnone size-thumbnail wp-image-7820\" src=\"https:\/\/muraste.ee\/vana\/wp-content\/uploads\/2016\/03\/P2-150x150.jpg\" alt=\"P2\" width=\"150\" height=\"150\" \/><\/a> <a href=\"https:\/\/muraste.ee\/vana\/wp-content\/uploads\/2016\/03\/P3.jpg\" rel=\"attachment wp-att-7821\"><img decoding=\"async\" loading=\"lazy\" class=\"alignnone size-thumbnail wp-image-7821\" src=\"https:\/\/muraste.ee\/vana\/wp-content\/uploads\/2016\/03\/P3-150x150.jpg\" alt=\"P3\" width=\"150\" height=\"150\" \/><\/a> <a href=\"https:\/\/muraste.ee\/vana\/wp-content\/uploads\/2016\/03\/P4.jpg\" rel=\"attachment wp-att-7822\"><img decoding=\"async\" loading=\"lazy\" class=\"alignnone size-thumbnail wp-image-7822\" src=\"https:\/\/muraste.ee\/vana\/wp-content\/uploads\/2016\/03\/P4-150x150.jpg\" alt=\"P4\" width=\"150\" height=\"150\" \/><\/a><\/p>\n<p><strong><span style=\"color: #339966;\"><span style=\"color: #ff0000;\"><a style=\"color: #ff0000;\" href=\"https:\/\/muraste.ee\/vana\/?p=6574&amp;fbclid=IwAR2QSQfT4gkgut25GCYcvoQsUVRZZRICU2d_3VrF8B-iaUIHgj-cjAXj-VU\" target=\"_blank\">HOIAME K\u00dcLA PUHTANA!<br \/>\n<\/a><\/span><\/span><\/strong><\/p>\n<p>Hea Muraste elanik!<br \/>\n<strong>Ait\u00e4h, et sorteerid<\/strong> ja aitad pakendid uuele elule viies need Murastes paiknevatesse pakendikonteineritesse. Selleks, et sorteerimine oleks lihtsam, on kirjale lisatud sorteerimisjuhend, kus n\u00e4ha, millised j\u00e4\u00e4tmed sobivad pakendikonteinerisse ja millised mitte.\u00a0Kindlasti oled m\u00e4rganud, et avalikud pakendikonteinerid on tihti <strong>\u00fclet\u00e4itunud<\/strong> ja oled pidanud oma pakendikotiga koju tagasi minema. Aga kas tead, et lisaks avalikele pakendikonteineritele on v\u00f5imalik tellida kodust pakendite \u00e4ravedu? Seda teenust pakub Harku vallas AS Eesti Keskkonnateenused ja see on 10 korda odavam kui segaolmej\u00e4\u00e4tmete \u00e4ravedu ehk nt 240 l pakendikonteineri t\u00fchjendamine maksab 38 senti ning 150 l pakendikoti puhul 24 senti. Kuna pakendid moodustavad enam kui poole tavap\u00e4rasest olmepr\u00fcgi mahust, siis t\u00e4nu eraldi pakendikonteineri kasutamisele saab olmepr\u00fcgi konteinerit harvem t\u00fchjendada ja seel\u00e4bi s\u00e4\u00e4sta ka raha.<br \/>\n<strong>Miks sorteerida?\u00a0<\/strong><br \/>\n\u00dcle 60% pr\u00fcgikasti visatavatest j\u00e4\u00e4tmetest on tegelikult taaskasutatavad. Sorteerimisega s\u00e4\u00e4state loodust, sest j\u00e4\u00e4tmetest saab v\u00e4\u00e4rtuslikku toorainet erinevate toodete tootmiseks:<\/p>\n<ul>\n<li>Klaas on 100% taaskasutatav ja korduvalt \u00fcmbert\u00f6\u00f6deldav. \u00dche klaaspudeli \u00fcmbert\u00f6\u00f6tlemisel s\u00e4\u00e4stetud energia arvel v\u00f5iks 10 W elektripirn p\u00f5leda 40 tundi.<\/li>\n<li>Alumiiniumit saab taaskasutada piiramatu arv kordi. Alumiiniumi \u00fcmbert\u00f6\u00f6tlemine v\u00f5tab kuni 95% v\u00e4hem energiat, kui selle valmistamine esmasest toormest.<\/li>\n<li>1 tonn taaskasutatud paberit aitab s\u00e4\u00e4sta 17 puud. Taaskasutatav paber toodab hinnanguliselt 70% v\u00e4hem \u00f5husaastet kui uus toormaterjal.<\/li>\n<li>1 tonni plastiku \u00fcmbert\u00f6\u00f6tlemine s\u00e4\u00e4stab kuni 1000 liitrit bensiini. 8,7 kilekoti tootmiseks kuluvast naftast toodetud bensiiniga saaks auto s\u00f5ita terve kilomeetri.<\/li>\n<\/ul>\n<p>Lugupidamisega,\u00a0<strong>Lembe Reiman,<\/strong><em>Keskkonnaspetsialist<\/em><\/p>\n<p><strong>LOE LISA\u00a0<a href=\"https:\/\/muraste.ee\/vana\/?p=6574&amp;fbclid=IwAR2QSQfT4gkgut25GCYcvoQsUVRZZRICU2d_3VrF8B-iaUIHgj-cjAXj-VU\" target=\"_blank\">SIIT<\/a><\/strong><\/p>\n<p><a href=\"https:\/\/muraste.ee\/vana\/wp-content\/uploads\/2016\/03\/prygisort_final-page-0.jpg\" rel=\"attachment wp-att-7827\"><img decoding=\"async\" loading=\"lazy\" class=\"alignnone wp-image-7827 size-large\" src=\"https:\/\/muraste.ee\/vana\/wp-content\/uploads\/2016\/03\/prygisort_final-page-0-724x1024.jpg\" alt=\"prygisort_final-page-0\" width=\"625\" height=\"884\" srcset=\"https:\/\/muraste.ee\/vana\/wp-content\/uploads\/2016\/03\/prygisort_final-page-0-724x1024.jpg 724w, https:\/\/muraste.ee\/vana\/wp-content\/uploads\/2016\/03\/prygisort_final-page-0-212x300.jpg 212w, https:\/\/muraste.ee\/vana\/wp-content\/uploads\/2016\/03\/prygisort_final-page-0-768x1086.jpg 768w, https:\/\/muraste.ee\/vana\/wp-content\/uploads\/2016\/03\/prygisort_final-page-0-624x883.jpg 624w\" sizes=\"(max-width: 625px) 100vw, 625px\" \/><\/a><\/p>\n<p><strong><span style=\"color: #339966;\"><br \/>\n<\/span><\/strong><strong><span style=\"color: #ff6600;\">TEADETETAHVEL\u00a0<\/span><\/strong><strong><span style=\"color: #339966;\"><br \/>\n<\/span><\/strong><\/p>\n<\/div>\n<\/div>\n<\/div>\n<\/header>\n<\/div>\n<\/div>\n<\/header>\n<header class=\"entry-header\">\n<div class=\"entry-content\" style=\"text-align: left;\">\n<header class=\"entry-header\">\n<div class=\"entry-content\" style=\"text-align: left;\">\n<div class=\"entry-content\">\n<p><span style=\"color: #3366ff;\"><a style=\"color: #3366ff;\" href=\"https:\/\/muraste.ee\/vana\/wp-content\/uploads\/2016\/03\/stend.jpg\" rel=\"attachment wp-att-3740\"><img decoding=\"async\" loading=\"lazy\" class=\"size-medium wp-image-3740 alignright\" src=\"https:\/\/muraste.ee\/vana\/wp-content\/uploads\/2016\/03\/stend-300x224.jpg\" sizes=\"(max-width: 300px) 100vw, 300px\" srcset=\"https:\/\/muraste.ee\/vana\/wp-content\/uploads\/2016\/03\/stend-300x224.jpg 300w, https:\/\/muraste.ee\/vana\/wp-content\/uploads\/2016\/03\/stend-768x572.jpg 768w, https:\/\/muraste.ee\/vana\/wp-content\/uploads\/2016\/03\/stend-1024x763.jpg 1024w, https:\/\/muraste.ee\/vana\/wp-content\/uploads\/2016\/03\/stend-624x465.jpg 624w, https:\/\/muraste.ee\/vana\/wp-content\/uploads\/2016\/03\/stend.jpg 1300w\" alt=\"stend\" width=\"300\" height=\"224\" \/><\/a><\/span><\/p>\n<\/div>\n<header class=\"entry-header\">\n<div class=\"entry-content\">\n<div class=\"_1mf _1mj\" data-offset-key=\"cki46-0-0\">\n<p><strong>Teadmiseks:\u00a0<\/strong>Muraste igan\u00e4dalase e- infokirjaga liitumiseks saada sellekohane teade muraste@muraste.ee<br \/>\n<strong>Muraste kogukonnakeskus\u00a0<\/strong>(Lee tee 9, Muraste) avatud E-N 10 -18, R ja muudel aegadel vastavalt tegevustele<br \/>\n<strong>T\u00e4psustused ja info:<\/strong>\u00a0kogukonnakeskus@muraste.ee;\u00a05253128 (Aule Kikas).<\/p>\n<\/div>\n<\/div>\n<\/header>\n<\/div>\n<\/header>\n<\/div>\n<\/header>\n","protected":false},"excerpt":{"rendered":"<p>N\u00c4DAL 5 MURASTES * AT- koolimaja aatrium, SP- spordihoone; KO-kogukonnakeskus; \u00a0 KL- klassiruum; PS \u2013 peegelsaal; SS- s\u00f6\u00f6gisaal, LS- lavasaal, MR- meediaruum Kaanefoto:\u00a0Ootamatu kevade kuulutaja (Liisa Oviir) ESMASP\u00c4EV, 27. jaanuar kl 14 PS, MyDance tantsutund (I-II kl, www.mydance.ee) kl 15 PS, MyDance tantsutund (III-IV kl,\u00a0www.mydance.ee) kl 15.40-16.25 KO, Fa Stuudio kandlering edasij\u00f5udnutele kl 16-18.30 KL,<a class=\"moretag\" href=\"https:\/\/muraste.ee\/vana\/?page_id=7850\"><br \/>&#8230;Loe edasi<\/a><\/p>\n","protected":false},"author":2,"featured_media":0,"parent":0,"menu_order":0,"comment_status":"closed","ping_status":"closed","template":"nadalakava.php","meta":{"_bbp_topic_count":0,"_bbp_reply_count":0,"_bbp_total_topic_count":0,"_bbp_total_reply_count":0,"_bbp_voice_count":0,"_bbp_anonymous_reply_count":0,"_bbp_topic_count_hidden":0,"_bbp_reply_count_hidden":0,"_bbp_forum_subforum_count":0,"_mc_calendar":[]},"_links":{"self":[{"href":"https:\/\/muraste.ee\/vana\/index.php?rest_route=\/wp\/v2\/pages\/7850"}],"collection":[{"href":"https:\/\/muraste.ee\/vana\/index.php?rest_route=\/wp\/v2\/pages"}],"about":[{"href":"https:\/\/muraste.ee\/vana\/index.php?rest_route=\/wp\/v2\/types\/page"}],"author":[{"embeddable":true,"href":"https:\/\/muraste.ee\/vana\/index.php?rest_route=\/wp\/v2\/users\/2"}],"replies":[{"embeddable":true,"href":"https:\/\/muraste.ee\/vana\/index.php?rest_route=%2Fwp%2Fv2%2Fcomments&post=7850"}],"version-history":[{"count":1,"href":"https:\/\/muraste.ee\/vana\/index.php?rest_route=\/wp\/v2\/pages\/7850\/revisions"}],"predecessor-version":[{"id":7852,"href":"https:\/\/muraste.ee\/vana\/index.php?rest_route=\/wp\/v2\/pages\/7850\/revisions\/7852"}],"wp:attachment":[{"href":"https:\/\/muraste.ee\/vana\/index.php?rest_route=%2Fwp%2Fv2%2Fmedia&parent=7850"}],"curies":[{"name":"wp","href":"https:\/\/api.w.org\/{rel}","templated":true}]}}