{"id":80,"date":"2015-11-23T16:14:35","date_gmt":"2015-11-23T14:14:35","guid":{"rendered":"https:\/\/muraste.ee\/vana\/?page_id=80"},"modified":"2016-03-20T12:02:51","modified_gmt":"2016-03-20T10:02:51","slug":"reklaam","status":"publish","type":"page","link":"https:\/\/muraste.ee\/vana\/?page_id=80","title":{"rendered":"TULE VABATAHTLIKUKS"},"content":{"rendered":"<p><a href=\"https:\/\/muraste.ee\/vana\/wp-content\/uploads\/2015\/11\/vabatahtlik_sober-2.jpg\"><img decoding=\"async\" loading=\"lazy\" class=\"alignnone wp-image-863\" src=\"https:\/\/muraste.ee\/vana\/wp-content\/uploads\/2015\/11\/vabatahtlik_sober-2.jpg\" alt=\"vabatahtlik_sober (2)\" width=\"136\" height=\"133\" \/><\/a><\/p>\n<p>Muraste k\u00fclaseltsile omistati 2015. aastal <strong>vabatahtliku s\u00f5bra kvaliteedim\u00e4rgis<\/strong>.<\/p>\n<p>Vabatahtliku s\u00f5bra m\u00e4rk on <strong>kvaliteedim\u00e4rgis<\/strong>, mis tunnustab vabatahtlike kaasamise head taset ja professionaalsust Eesti vaba\u00fchendustes. M\u00e4rgi saavad organisatsioonid, mis on osalenud vabatahtliku s\u00f5bra arendusprogrammis, on vabatahtlike kaasamise p\u00f5hjalikult\u00a0 l\u00e4bi m\u00f5elnud ning vabatahtliku tegevuse hea tavaga koosk\u00f5las korraldanud. M\u00e4rgi saanud organisatsioonide pakutavaid vabatahtliku tegevuse v\u00f5imalusi tutvustatakse <a href=\"http:\/\/vabatahtlikud.ee\/\" target=\"_blank\">Vabatahtlike V\u00e4ravas\u00a0<\/a><\/p>\n<p><a href=\"http:\/\/www.vabatahtlikud.ee\/UserFiles\/uuringud\/vabatahtikus_tegevuses_osalemine_2013.pdf\">Kolmandik Eesti elanikest<\/a> p\u00fchendab osa oma vabast ajast vabatahtlikule tegevusele. Millega on tegemist?<\/p>\n<p><strong>\u00a0<\/strong><strong>Vabatahtlik tegevus on oma aja, energia v\u00f5i oskuste pakkumine vabast tahtest ja tasu saamata. Vabatahtlikud aitavad teisi v\u00f5i tegutsevad peamiselt avalikes huvides ja \u00fchiskonna heaks. Oma pereliikmete abistamist ei loeta vabatahtlikuks tegevuseks.<\/strong><\/p>\n<h3>VABATAHTLIKUL TEGEVUSEL KORRAGA KOLM OLULIST TUNNUST:<\/h3>\n<ol>\n<li>vabatahtlik tegevus toimub <strong>vabast tahtest<\/strong>, mitte kohustuslikult ega sunniviisiliselt<\/li>\n<li>vabatahtlik <strong>ei saa rahalist ega materiaalset tasu<\/strong>, kuigi v\u00f5ib saada palju kasu, n\u00e4iteks kasulikke teadmisi ja oskusi v\u00f5i uusi tutvusi<\/li>\n<li>vabatahtlikud tegutsevad v\u00e4ljaspool oma kodu ja perekonda, <strong>kellegi teise v\u00f5i laiemalt \u00fchiskonna h\u00fcvanguks<\/strong><\/li>\n<\/ol>\n<h3>MIS EI OLE VABATAHTLIK TEGEVUS?<\/h3>\n<p>Vabatahtlikuks tegevuseks ei loeta \u00fcldjuhul:<\/p>\n<ul>\n<li>v\u00e4ikeseid heategusid ja kultuurinormidest tulenevat ligimese aitamist, nagu h\u00e4\u00e4letajate auto peale v\u00f5tmist, kellegi abistamist tee \u00fcletamisel v\u00f5i raske koti kandmisel, kukkunu p\u00fcsti aitamist<\/li>\n<li>raha v\u00f5i asjade annetamist<\/li>\n<li>kohustuslikku koolipraktikat<\/li>\n<li>doonorlust<\/li>\n<li>meeleavaldusel oma meelsuse n\u00e4itamist ega petitsioonile allkirja andmist<\/li>\n<li>kohtu, alaealiste komisjoni v\u00f5i muu institutsiooni poolt m\u00e4\u00e4ratud \u00fcldkasulikku t\u00f6\u00f6d<\/li>\n<li>omaste hooldamist<\/li>\n<\/ul>\n<h3>VABATAHTLIKU TEGEVUSE T\u00dc\u00dcBID<\/h3>\n<p>Vabatahtlikuna tegutsemine omal algatusel ja iseseisvalt on <strong>omaalgatuslik vabatahtlik tegevus<\/strong>. Vabatahtlikuna osalemist m\u00f5ne organisatsiooni algatatud ja l\u00e4biviidud tegevustes nimetatakse<strong>organiseeritud vabatahtlikuks tegevuseks<\/strong>.<\/p>\n<p>Kui vabatahtlikud abistavad konkreetse tegevuse, \u00fcrituse v\u00f5i projekti l\u00e4biviimisel v\u00f5i reageerivad v\u00e4ljakutsele, siis on tegemist <strong>\u00fchekordse vabatahtliku tegevusega<\/strong>. J\u00e4rjepidevalt pikema aja jooksul tegutsemist kutsutakse <strong>regulaarseks vabatahtlikuks tegevuseks<\/strong>.<\/p>\n<p><strong>Vabatahtlik teenistus<\/strong> on p\u00f5hjalikumalt korraldatud ja piiritletud osa vabatahtlikust tegevusest, mida iseloomustavad kindel ajavahemik; selged eesm\u00e4rgid, sisu, \u00fclesanded, struktuur ja raamistik; kohane tugi ja juriidiline ning sotsiaalne kaitse.<\/p>\n<p><strong>Vabatahtlik t\u00f6\u00f6<\/strong> on m\u00f5iste, mida igap\u00e4evaelus kasutatakse samat\u00e4henduslikuna vabatahtlikule tegevusele. Selguse huvides on siiski otstarbekam kasutada j\u00e4rjepidevalt terminit vabatahtlik tegevus, sest vabatahtlikuna tegutsemine ei ole kajastatud Eesti Vabariigi t\u00f6\u00f6seadusandluses.<\/p>\n<p>Allikas: Eesti K\u00fclaliikumine Kodukant<\/p>\n","protected":false},"excerpt":{"rendered":"<p>Muraste k\u00fclaseltsile omistati 2015. aastal vabatahtliku s\u00f5bra kvaliteedim\u00e4rgis. Vabatahtliku s\u00f5bra m\u00e4rk on kvaliteedim\u00e4rgis, mis tunnustab vabatahtlike kaasamise head taset ja professionaalsust Eesti vaba\u00fchendustes. M\u00e4rgi saavad organisatsioonid, mis on osalenud vabatahtliku s\u00f5bra arendusprogrammis, on vabatahtlike kaasamise p\u00f5hjalikult\u00a0 l\u00e4bi m\u00f5elnud ning vabatahtliku tegevuse hea tavaga koosk\u00f5las korraldanud. M\u00e4rgi saanud organisatsioonide pakutavaid vabatahtliku tegevuse v\u00f5imalusi tutvustatakse Vabatahtlike V\u00e4ravas\u00a0<a class=\"moretag\" href=\"https:\/\/muraste.ee\/vana\/?page_id=80\"><br \/>&#8230;Loe edasi<\/a><\/p>\n","protected":false},"author":1,"featured_media":0,"parent":0,"menu_order":0,"comment_status":"closed","ping_status":"closed","template":"page-templates\/full-width.php","meta":{"_bbp_topic_count":0,"_bbp_reply_count":0,"_bbp_total_topic_count":0,"_bbp_total_reply_count":0,"_bbp_voice_count":0,"_bbp_anonymous_reply_count":0,"_bbp_topic_count_hidden":0,"_bbp_reply_count_hidden":0,"_bbp_forum_subforum_count":0,"_mc_calendar":[]},"_links":{"self":[{"href":"https:\/\/muraste.ee\/vana\/index.php?rest_route=\/wp\/v2\/pages\/80"}],"collection":[{"href":"https:\/\/muraste.ee\/vana\/index.php?rest_route=\/wp\/v2\/pages"}],"about":[{"href":"https:\/\/muraste.ee\/vana\/index.php?rest_route=\/wp\/v2\/types\/page"}],"author":[{"embeddable":true,"href":"https:\/\/muraste.ee\/vana\/index.php?rest_route=\/wp\/v2\/users\/1"}],"replies":[{"embeddable":true,"href":"https:\/\/muraste.ee\/vana\/index.php?rest_route=%2Fwp%2Fv2%2Fcomments&post=80"}],"version-history":[{"count":10,"href":"https:\/\/muraste.ee\/vana\/index.php?rest_route=\/wp\/v2\/pages\/80\/revisions"}],"predecessor-version":[{"id":1086,"href":"https:\/\/muraste.ee\/vana\/index.php?rest_route=\/wp\/v2\/pages\/80\/revisions\/1086"}],"wp:attachment":[{"href":"https:\/\/muraste.ee\/vana\/index.php?rest_route=%2Fwp%2Fv2%2Fmedia&parent=80"}],"curies":[{"name":"wp","href":"https:\/\/api.w.org\/{rel}","templated":true}]}}