{"id":8067,"date":"2020-06-14T22:18:58","date_gmt":"2020-06-14T19:18:58","guid":{"rendered":"https:\/\/muraste.ee\/vana\/?page_id=8067"},"modified":"2020-06-14T22:38:25","modified_gmt":"2020-06-14T19:38:25","slug":"nadal-12-18","status":"publish","type":"page","link":"https:\/\/muraste.ee\/vana\/?page_id=8067","title":{"rendered":"N\u00e4dal 24"},"content":{"rendered":"<h1 class=\"entry-title\" style=\"text-align: center;\"><\/h1>\n<header class=\"entry-header\">\n<div class=\"entry-content\" style=\"text-align: left;\">\n<div class=\"entry-content\">\n<header class=\"entry-header\">\n<div class=\"entry-content\">\n<div id=\"js_bfj\" class=\"_5pbx userContent _3576\" data-ad-preview=\"message\" data-ft=\"{&quot;tn&quot;:&quot;K&quot;}\">\n<div class=\"entry-content\"><\/div>\n<div class=\"entry-content\">\n<p>&nbsp;<\/p>\n<p><strong><span style=\"color: #ff6600;\"><span style=\"color: #0000ff;\"> KUIDAS EDASI, Muraste kandi noored?<\/span><br \/>\n<\/span><\/strong>T\u00e4nane vaade koolimaja \u00fcmbruses viitab taaskord asjaolule, et meie noortel on palju vaba aega ja v\u00e4he tegevust. Lisaks sodimisele oli paviljoni \u00fcmbrus risustatud alkoholipudelite ja suitsukonidega. Kahjuks pole 5-6 aastat oodatud noortekeskus t\u00e4naseni realiseerunud. T\u00e4nane koolimaja v\u00f5ib olla k\u00fcll suur, kuid ei v\u00f5imalda noortele oma &#8216;pesa&#8217; rajamist. <strong>Millised v\u00f5iks olla lahendused noortele positiivse v\u00e4ljundi pakkumiseks meie k\u00fclas?<br \/>\n<\/strong>Avaldage arvamust ehk saatke e-kiri muraste@muraste.ee<br \/>\n<em>Fotod: Evar Ojasaar<\/em><\/p>\n<p><a href=\"https:\/\/muraste.ee\/vana\/wp-content\/uploads\/2016\/03\/P1.jpg\" rel=\"attachment wp-att-7819\"><img decoding=\"async\" loading=\"lazy\" class=\"alignnone size-thumbnail wp-image-7819\" src=\"https:\/\/muraste.ee\/vana\/wp-content\/uploads\/2016\/03\/P1-150x150.jpg\" alt=\"P1\" width=\"150\" height=\"150\" \/><\/a><a href=\"https:\/\/muraste.ee\/vana\/wp-content\/uploads\/2016\/03\/P2.jpg\" rel=\"attachment wp-att-7820\"><img decoding=\"async\" loading=\"lazy\" class=\"alignnone size-thumbnail wp-image-7820\" src=\"https:\/\/muraste.ee\/vana\/wp-content\/uploads\/2016\/03\/P2-150x150.jpg\" alt=\"P2\" width=\"150\" height=\"150\" \/><\/a><a href=\"https:\/\/muraste.ee\/vana\/wp-content\/uploads\/2016\/03\/P3.jpg\" rel=\"attachment wp-att-7821\"><img decoding=\"async\" loading=\"lazy\" class=\"alignnone size-thumbnail wp-image-7821\" src=\"https:\/\/muraste.ee\/vana\/wp-content\/uploads\/2016\/03\/P3-150x150.jpg\" alt=\"P3\" width=\"150\" height=\"150\" \/><\/a><a href=\"https:\/\/muraste.ee\/vana\/wp-content\/uploads\/2016\/03\/P4.jpg\" rel=\"attachment wp-att-7822\"><img decoding=\"async\" loading=\"lazy\" class=\"alignnone size-thumbnail wp-image-7822\" src=\"https:\/\/muraste.ee\/vana\/wp-content\/uploads\/2016\/03\/P4-150x150.jpg\" alt=\"P4\" width=\"150\" height=\"150\" \/><\/a><\/p>\n<p><strong><span style=\"color: #339966;\"><span style=\"color: #ff0000;\"><a style=\"color: #ff0000;\" href=\"https:\/\/muraste.ee\/vana\/?p=6574&amp;fbclid=IwAR2QSQfT4gkgut25GCYcvoQsUVRZZRICU2d_3VrF8B-iaUIHgj-cjAXj-VU\" target=\"_blank\">HOIAME K\u00dcLA PUHTANA!<br \/>\n<\/a><\/span><\/span><\/strong><\/p>\n<p>Hea Muraste elanik!<br \/>\n<strong>Ait\u00e4h, et sorteerid<\/strong> ja aitad pakendid uuele elule viies need Murastes paiknevatesse pakendikonteineritesse. Selleks, et sorteerimine oleks lihtsam, on kirjale lisatud sorteerimisjuhend, kus n\u00e4ha, millised j\u00e4\u00e4tmed sobivad pakendikonteinerisse ja millised mitte.\u00a0Kindlasti oled m\u00e4rganud, et avalikud pakendikonteinerid on tihti <strong>\u00fclet\u00e4itunud<\/strong> ja oled pidanud oma pakendikotiga koju tagasi minema. Aga kas tead, et lisaks avalikele pakendikonteineritele on v\u00f5imalik tellida kodust pakendite \u00e4ravedu? Seda teenust pakub Harku vallas AS Eesti Keskkonnateenused ja see on 10 korda odavam kui segaolmej\u00e4\u00e4tmete \u00e4ravedu ehk nt 240 l pakendikonteineri t\u00fchjendamine maksab 38 senti ning 150 l pakendikoti puhul 24 senti. Kuna pakendid moodustavad enam kui poole tavap\u00e4rasest olmepr\u00fcgi mahust, siis t\u00e4nu eraldi pakendikonteineri kasutamisele saab olmepr\u00fcgi konteinerit harvem t\u00fchjendada ja seel\u00e4bi s\u00e4\u00e4sta ka raha.<br \/>\n<strong>Miks sorteerida?\u00a0<\/strong><br \/>\n\u00dcle 60% pr\u00fcgikasti visatavatest j\u00e4\u00e4tmetest on tegelikult taaskasutatavad. Sorteerimisega s\u00e4\u00e4state loodust, sest j\u00e4\u00e4tmetest saab v\u00e4\u00e4rtuslikku toorainet erinevate toodete tootmiseks:<\/p>\n<ul>\n<li>Klaas on 100% taaskasutatav ja korduvalt \u00fcmbert\u00f6\u00f6deldav. \u00dche klaaspudeli \u00fcmbert\u00f6\u00f6tlemisel s\u00e4\u00e4stetud energia arvel v\u00f5iks 10 W elektripirn p\u00f5leda 40 tundi.<\/li>\n<li>Alumiiniumit saab taaskasutada piiramatu arv kordi. Alumiiniumi \u00fcmbert\u00f6\u00f6tlemine v\u00f5tab kuni 95% v\u00e4hem energiat, kui selle valmistamine esmasest toormest.<\/li>\n<li>1 tonn taaskasutatud paberit aitab s\u00e4\u00e4sta 17 puud. Taaskasutatav paber toodab hinnanguliselt 70% v\u00e4hem \u00f5husaastet kui uus toormaterjal.<\/li>\n<li>1 tonni plastiku \u00fcmbert\u00f6\u00f6tlemine s\u00e4\u00e4stab kuni 1000 liitrit bensiini. 8,7 kilekoti tootmiseks kuluvast naftast toodetud bensiiniga saaks auto s\u00f5ita terve kilomeetri.<\/li>\n<\/ul>\n<p>Lugupidamisega,\u00a0<strong>Lembe Reiman,<\/strong><em>Keskkonnaspetsialist<\/em><\/p>\n<p><strong>LOE LISA\u00a0<a href=\"https:\/\/muraste.ee\/vana\/?p=6574&amp;fbclid=IwAR2QSQfT4gkgut25GCYcvoQsUVRZZRICU2d_3VrF8B-iaUIHgj-cjAXj-VU\" target=\"_blank\">SIIT<\/a><\/strong><\/p>\n<p><a href=\"https:\/\/muraste.ee\/vana\/wp-content\/uploads\/2016\/03\/prygisort_final-page-0.jpg\" rel=\"attachment wp-att-7827\"><img decoding=\"async\" loading=\"lazy\" class=\"alignnone wp-image-7827 size-large\" src=\"https:\/\/muraste.ee\/vana\/wp-content\/uploads\/2016\/03\/prygisort_final-page-0-724x1024.jpg\" alt=\"prygisort_final-page-0\" width=\"625\" height=\"884\" srcset=\"https:\/\/muraste.ee\/vana\/wp-content\/uploads\/2016\/03\/prygisort_final-page-0-724x1024.jpg 724w, https:\/\/muraste.ee\/vana\/wp-content\/uploads\/2016\/03\/prygisort_final-page-0-212x300.jpg 212w, https:\/\/muraste.ee\/vana\/wp-content\/uploads\/2016\/03\/prygisort_final-page-0-768x1086.jpg 768w, https:\/\/muraste.ee\/vana\/wp-content\/uploads\/2016\/03\/prygisort_final-page-0-624x883.jpg 624w\" sizes=\"(max-width: 625px) 100vw, 625px\" \/><\/a><\/p>\n<p><strong><span style=\"color: #339966;\">K\u00dcSI KOGUKONNAKESKUSEST ILUSAT KINKERAAMATUT!<br \/>\n&#8220;N+1 rohelist varjundit&#8221;\u00a0<\/span><\/strong>\u00a0autor on Katrin Kurmiste ja tal on V\u00e4\u00e4na-J\u00f5esuus oma suvemaja ja aed, kaunite vesiroosidega tiigiga. Raamat jutustabki lugusid aiast, seal ilutsevatest taimedest, putukatest, loomadest ja lindudest.\u00a0Katrin Kurmiste sulest on eelnevalt ilmunud kolm romaani.<br \/>\nRaamatu hind 10.-<br \/>\n<a href=\"https:\/\/muraste.ee\/vana\/wp-content\/uploads\/2016\/03\/Esikaas-1.jpg\" rel=\"attachment wp-att-7858\"><img decoding=\"async\" loading=\"lazy\" class=\"alignnone wp-image-7858\" src=\"https:\/\/muraste.ee\/vana\/wp-content\/uploads\/2016\/03\/Esikaas-1-300x215.jpg\" alt=\"Esikaas 1\" width=\"234\" height=\"168\" srcset=\"https:\/\/muraste.ee\/vana\/wp-content\/uploads\/2016\/03\/Esikaas-1-300x215.jpg 300w, https:\/\/muraste.ee\/vana\/wp-content\/uploads\/2016\/03\/Esikaas-1-768x551.jpg 768w, https:\/\/muraste.ee\/vana\/wp-content\/uploads\/2016\/03\/Esikaas-1-624x448.jpg 624w, https:\/\/muraste.ee\/vana\/wp-content\/uploads\/2016\/03\/Esikaas-1.jpg 900w\" sizes=\"(max-width: 234px) 100vw, 234px\" \/><\/a>\u00a0\u00a0<a href=\"https:\/\/muraste.ee\/vana\/wp-content\/uploads\/2016\/03\/Tekstinaide_lk_114_115.jpg\" rel=\"attachment wp-att-7859\"><img decoding=\"async\" loading=\"lazy\" class=\"alignnone wp-image-7859\" src=\"https:\/\/muraste.ee\/vana\/wp-content\/uploads\/2016\/03\/Tekstinaide_lk_114_115-300x136.jpg\" alt=\"Tekstinaide_lk_114_115\" width=\"362\" height=\"164\" srcset=\"https:\/\/muraste.ee\/vana\/wp-content\/uploads\/2016\/03\/Tekstinaide_lk_114_115-300x136.jpg 300w, https:\/\/muraste.ee\/vana\/wp-content\/uploads\/2016\/03\/Tekstinaide_lk_114_115-768x347.jpg 768w, https:\/\/muraste.ee\/vana\/wp-content\/uploads\/2016\/03\/Tekstinaide_lk_114_115-624x282.jpg 624w, https:\/\/muraste.ee\/vana\/wp-content\/uploads\/2016\/03\/Tekstinaide_lk_114_115.jpg 1000w\" sizes=\"(max-width: 362px) 100vw, 362px\" \/><\/a><\/p>\n<h1><\/h1>\n<p><strong style=\"font-size: 1rem;\"><span style=\"color: #ff6600;\"><br \/>\nTEADETETAHVEL\u00a0<\/span><\/strong><\/p>\n<\/div>\n<\/div>\n<\/div>\n<\/header>\n<\/div>\n<\/div>\n<\/header>\n<header class=\"entry-header\">\n<div class=\"entry-content\" style=\"text-align: left;\">\n<header class=\"entry-header\">\n<div class=\"entry-content\" style=\"text-align: left;\">\n<div class=\"entry-content\">\n<p><span style=\"color: #3366ff;\"><a style=\"color: #3366ff;\" href=\"https:\/\/muraste.ee\/vana\/wp-content\/uploads\/2016\/03\/stend.jpg\" rel=\"attachment wp-att-3740\"><img decoding=\"async\" loading=\"lazy\" class=\"size-medium wp-image-3740 alignright\" src=\"https:\/\/muraste.ee\/vana\/wp-content\/uploads\/2016\/03\/stend-300x224.jpg\" sizes=\"(max-width: 300px) 100vw, 300px\" srcset=\"https:\/\/muraste.ee\/vana\/wp-content\/uploads\/2016\/03\/stend-300x224.jpg 300w, https:\/\/muraste.ee\/vana\/wp-content\/uploads\/2016\/03\/stend-768x572.jpg 768w, https:\/\/muraste.ee\/vana\/wp-content\/uploads\/2016\/03\/stend-1024x763.jpg 1024w, https:\/\/muraste.ee\/vana\/wp-content\/uploads\/2016\/03\/stend-624x465.jpg 624w, https:\/\/muraste.ee\/vana\/wp-content\/uploads\/2016\/03\/stend.jpg 1300w\" alt=\"stend\" width=\"300\" height=\"224\" \/><\/a><\/span><\/p>\n<\/div>\n<header class=\"entry-header\">\n<div class=\"entry-content\">\n<div class=\"_1mf _1mj\" data-offset-key=\"cki46-0-0\">\n<p><strong>Teadmiseks:\u00a0<\/strong>Muraste igan\u00e4dalase e- infokirjaga liitumiseks saada sellekohane teade muraste@muraste.ee<br \/>\n<strong>Muraste kogukonnakeskus\u00a0<\/strong>(Lee tee 9, Muraste) avatud E-N 10 -18, R ja muudel aegadel vastavalt tegevustele<br \/>\n<strong>T\u00e4psustused ja info:<\/strong>\u00a0kogukonnakeskus@muraste.ee;\u00a05253128 (Aule Kikas).<\/p>\n<\/div>\n<\/div>\n<\/header>\n<\/div>\n<\/header>\n<\/div>\n<\/header>\n","protected":false},"excerpt":{"rendered":"<p>&nbsp; KUIDAS EDASI, Muraste kandi noored? T\u00e4nane vaade koolimaja \u00fcmbruses viitab taaskord asjaolule, et meie noortel on palju vaba aega ja v\u00e4he tegevust. Lisaks sodimisele oli paviljoni \u00fcmbrus risustatud alkoholipudelite ja suitsukonidega. Kahjuks pole 5-6 aastat oodatud noortekeskus t\u00e4naseni realiseerunud. T\u00e4nane koolimaja v\u00f5ib olla k\u00fcll suur, kuid ei v\u00f5imalda noortele oma &#8216;pesa&#8217; rajamist. Millised v\u00f5iks<a class=\"moretag\" href=\"https:\/\/muraste.ee\/vana\/?page_id=8067\"><br \/>&#8230;Loe edasi<\/a><\/p>\n","protected":false},"author":2,"featured_media":0,"parent":0,"menu_order":0,"comment_status":"closed","ping_status":"closed","template":"nadalakava.php","meta":{"_bbp_topic_count":0,"_bbp_reply_count":0,"_bbp_total_topic_count":0,"_bbp_total_reply_count":0,"_bbp_voice_count":0,"_bbp_anonymous_reply_count":0,"_bbp_topic_count_hidden":0,"_bbp_reply_count_hidden":0,"_bbp_forum_subforum_count":0,"_mc_calendar":[]},"_links":{"self":[{"href":"https:\/\/muraste.ee\/vana\/index.php?rest_route=\/wp\/v2\/pages\/8067"}],"collection":[{"href":"https:\/\/muraste.ee\/vana\/index.php?rest_route=\/wp\/v2\/pages"}],"about":[{"href":"https:\/\/muraste.ee\/vana\/index.php?rest_route=\/wp\/v2\/types\/page"}],"author":[{"embeddable":true,"href":"https:\/\/muraste.ee\/vana\/index.php?rest_route=\/wp\/v2\/users\/2"}],"replies":[{"embeddable":true,"href":"https:\/\/muraste.ee\/vana\/index.php?rest_route=%2Fwp%2Fv2%2Fcomments&post=8067"}],"version-history":[{"count":4,"href":"https:\/\/muraste.ee\/vana\/index.php?rest_route=\/wp\/v2\/pages\/8067\/revisions"}],"predecessor-version":[{"id":8083,"href":"https:\/\/muraste.ee\/vana\/index.php?rest_route=\/wp\/v2\/pages\/8067\/revisions\/8083"}],"wp:attachment":[{"href":"https:\/\/muraste.ee\/vana\/index.php?rest_route=%2Fwp%2Fv2%2Fmedia&parent=8067"}],"curies":[{"name":"wp","href":"https:\/\/api.w.org\/{rel}","templated":true}]}}