{"id":8077,"date":"2020-06-14T22:29:28","date_gmt":"2020-06-14T19:29:28","guid":{"rendered":"https:\/\/muraste.ee\/vana\/?page_id=8077"},"modified":"2020-06-14T22:48:46","modified_gmt":"2020-06-14T19:48:46","slug":"nadal-12-20","status":"publish","type":"page","link":"https:\/\/muraste.ee\/vana\/?page_id=8077","title":{"rendered":"N\u00e4dal 12-20"},"content":{"rendered":"<div class=\"entry-content\">\n<h3 style=\"text-align: center;\"><em>Head s\u00f5brad!<br \/>\n<span style=\"color: #993366;\"><strong>Vabariigi Valitsus kuulutas 12. m\u00e4rtsil \u00a02020.a seoses koroonaviiruse pandeemilise levikuga maailmas ja viiruse t\u00f5en\u00e4olise Eesti-sisese leviku laienemisega riigis v\u00e4lja<a href=\"https:\/\/www.riigiteataja.ee\/akt\/189806?leiaKehtiv\" target=\"_blank\"> eriolukorra.<\/a> Eriolukord kehtib 1. maini 2020, kui valitsus ei otsusta teisiti.<\/strong><\/span><br \/>\n<span style=\"color: #993366;\"><strong>Elukorralduse muutus puudutab muu hulgas koole, kultuurielu ja laevareise. Korraldada ei tohi avalikke \u00fcritusi.<\/strong><\/span><br \/>\n<\/em>T\u00e4psed k\u00e4itumisjuhised on leitavad <a href=\"http:\/\/J\u00e4rgime juhiseid ning hoiame tervist!\" target=\"_blank\">Terviseameti<\/a> kodulehel.<br \/>\n<span style=\"color: #993366;\">J\u00e4rgime juhiseid ning hoiame tervist!\u00a0<\/span><\/h3>\n<p style=\"text-align: center;\"><a href=\"https:\/\/muraste.ee\/vana\/wp-content\/uploads\/2016\/03\/2871-2560x852.png\" rel=\"attachment wp-att-7967\"><img decoding=\"async\" loading=\"lazy\" class=\"alignnone size-medium wp-image-7967\" src=\"https:\/\/muraste.ee\/vana\/wp-content\/uploads\/2016\/03\/2871-2560x852-300x100.png\" alt=\"2871-2560x852\" width=\"300\" height=\"100\" srcset=\"https:\/\/muraste.ee\/vana\/wp-content\/uploads\/2016\/03\/2871-2560x852-300x100.png 300w, https:\/\/muraste.ee\/vana\/wp-content\/uploads\/2016\/03\/2871-2560x852-768x256.png 768w, https:\/\/muraste.ee\/vana\/wp-content\/uploads\/2016\/03\/2871-2560x852-1024x341.png 1024w, https:\/\/muraste.ee\/vana\/wp-content\/uploads\/2016\/03\/2871-2560x852-624x208.png 624w\" sizes=\"(max-width: 300px) 100vw, 300px\" \/><\/a><\/p>\n<\/div>\n<div class=\"entry-content\" style=\"text-align: center;\"><span style=\"color: #3366ff;\"><strong>NB! Kogukonnakeskus on avatud 24\/7 &#8211; kui teil on mure, abivajadus, soov m\u00f5ne kogukonnateenuse saamiseks vmt &#8211; Aule \u00a0on ikka olemas (tel 5253128\u00a0<\/strong><\/span><\/div>\n<div class=\"entry-content\" style=\"text-align: center;\"><\/div>\n<div class=\"entry-content\" style=\"text-align: center;\">\n<header class=\"entry-header\">\n<h1 class=\"entry-title\">Kogukond, paneme h\u00e4\u00e4le k\u00f5lama!<\/h1>\n<\/header>\n<div class=\"entry-content\">\n<p style=\"text-align: left;\"><strong>28. aprill on Murastes pidup\u00e4ev\u2013 meie k\u00fclaselts saab 11-aastaseks! Alles see oli, kui 2009. aastal kirjutasid 25 tegusat murastelast alla Muraste k\u00fclaseltsi asutamise kokkuleppele. T\u00e4naseks on k\u00fclaseltsis pea 190 liiget, lisaks kaasatud pered, meie toetajad l\u00e4hedalt ja kaugelt.<\/strong><br \/>\n<a href=\"https:\/\/muraste.ee\/vana\/wp-content\/uploads\/2020\/04\/kook.jpg\" rel=\"attachment wp-att-8013\"><img decoding=\"async\" loading=\"lazy\" class=\"wp-image-8013 alignright\" src=\"https:\/\/muraste.ee\/vana\/wp-content\/uploads\/2020\/04\/kook.jpg\" alt=\"kook\" width=\"258\" height=\"258\" \/><\/a><br \/>\nSee olnud p\u00f5nev aeg \u2013 \u00fcksteist toetades, \u00fchiselt m\u00f5eldes ja planeerides, \u00fcheskoos oleme t\u00e4itnud unistusi. Rajanud m\u00e4nguv\u00e4ljaku ja rulapargu, v\u00e4lij\u00f5usaali ja rannav\u00f5rkpalliplatsi, korrastanud paeplatsi, paigaldanud k\u00fclasisesed turvakaamerad, k\u00fclakinole saanud suurep\u00e4rase kinoaparatuuri ja v\u00f5imsa valgus- ja helitehnika. Ja see on vaid osa n\u00e4htavast. Lisaks k\u00fcmned kontserdid ja teatrietendused, sadakond filmiseanssi ja hulganisti huvitegevust, talgud, koolitused, infop\u00e4evad, rohkelt tantsu, laulu ja\u2026 <strong>MUUSIKAT<br \/>\n<\/strong><br \/>\nViimased viis aastat on olnud meie koduks Muraste koolimaja \u2013 kodune ja kallis maja, mis igal \u00f5htul muutub kultuurikeskuseks, kus hiliste \u00f5htutundideni\u00a0kostub h\u00f5bedast lauluh\u00e4\u00e4lt, lustlikku pillim\u00e4ngu, tantsujalgade sahinat, harrastusn\u00e4itlejate lavaharjutusi\u2026 \u00a0 Juba mitu aastad oleme soovinud oktoobri alguses, rahvusvahelisel muusikap\u00e4eval, kutsuda endale k\u00fclla pianiste, muusikuid, kuid t\u00e4na kasutusel olev klaver ei anna seda m\u00f5\u00f5tu v\u00e4lja\u2026<\/p>\n<p style=\"text-align: left;\"><strong>Seega \u2013 n\u00fc\u00fcd on meil uus unistus.\u00a0\u00a0Unistus VALGEST KLAVERIST.\u2028<img decoding=\"async\" loading=\"lazy\" class=\"wp-image-8012 alignleft\" src=\"https:\/\/muraste.ee\/vana\/wp-content\/uploads\/2020\/04\/klaver.jpg\" alt=\"klaver\" width=\"296\" height=\"160\" \/><\/strong><\/p>\n<p style=\"text-align: left;\">Meil on juba olemas stardiraha* \u00a04000 eurot, kuid selle eest veel valget kabinet-tiibklaverit ei saa.<br \/>\n<strong>Seet\u00f5ttu kutsume k\u00f5iki Muraste- ja muusikas\u00f5pru osalema rahalise toetusega projektis \u201cKlaver kogukonnale\u201d. <\/strong><\/p>\n<p style=\"text-align: left;\"><strong><br \/>\nKlaveri koduks<\/strong> saab Muraste kooli aatrium \u2013 et kaunis muusika j\u00f5uaks iga lapseni, iga kogukonna muusikahuviliseni.<br \/>\nAnnetada saab kuni 01.09.2020 ja iga kuu esimesel esmasp\u00e4eval anname <a href=\"https:\/\/muraste.ee\/vana\/?p=8033\" target=\"_blank\">siinsamas<\/a> \u00fclevaate annetuste kogunemise kohta. Avakontsert kogukonna uue klaveriga \u00a0toimub Muraste koolimajas \u00a0rahvusvahelisel muusikap\u00e4eval, 2. oktoobril 2020. Mida rohkem me \u00fchiselt raha kogume, seda parema pilli saame.<\/p>\n<p style=\"text-align: left;\"><img decoding=\"async\" loading=\"lazy\" class=\"size-full wp-image-8014 alignleft\" src=\"https:\/\/muraste.ee\/vana\/wp-content\/uploads\/2020\/04\/HAK-200.png\" alt=\"HAK-200\" width=\"200\" height=\"200\" \/><strong>Annetusi<\/strong> klaveri soetamiseks saab teha spetsiaalsele <strong>Muraste K\u00fclaselts MT\u00dc erikontole SEB EE861010220199707220,<\/strong> m\u00e4rks\u00f5naga <strong>\u201cKlaver\u201d<\/strong>\u00a0koos m\u00e4rkega <em><strong>\u201cN\u00f5ustun oma nime avaldamisega\u201d<\/strong><\/em> \u00a0v\u00f5i <em><strong>\u201cEi soovi oma nime avaldamist\u201d.<\/strong><\/em><\/p>\n<p style=\"text-align: left;\">Annetuste kogumisel l\u00e4htume <a href=\"https:\/\/heakodanik.ee\/annetuste-kogumise-hea-tava\/\" target=\"_blank\">annetuste kogumise heast tavast<\/a>.<\/p>\n<p style=\"text-align: left;\">*Muraste k\u00fclaseltsi projekt; 2020 riigieelarveline eraldis Muraste kogukonnakeskuse klaveri soetuseks.<br \/>\n*Klaveri pilt on illustratiivne (kuid reaalne)<\/p>\n<h2 style=\"text-align: left;\"><strong>SUUR AIT\u00c4H VALGE UNISTUSE T\u00c4ITUMISELE KAASA AITAMISE EEST!\u00a0<\/strong><\/h2>\n<\/div>\n<\/div>\n","protected":false},"excerpt":{"rendered":"<p>Head s\u00f5brad! Vabariigi Valitsus kuulutas 12. m\u00e4rtsil \u00a02020.a seoses koroonaviiruse pandeemilise levikuga maailmas ja viiruse t\u00f5en\u00e4olise Eesti-sisese leviku laienemisega riigis v\u00e4lja eriolukorra. Eriolukord kehtib 1. maini 2020, kui valitsus ei otsusta teisiti. Elukorralduse muutus puudutab muu hulgas koole, kultuurielu ja laevareise. Korraldada ei tohi avalikke \u00fcritusi. T\u00e4psed k\u00e4itumisjuhised on leitavad Terviseameti kodulehel. J\u00e4rgime juhiseid ning<a class=\"moretag\" href=\"https:\/\/muraste.ee\/vana\/?page_id=8077\"><br \/>&#8230;Loe edasi<\/a><\/p>\n","protected":false},"author":2,"featured_media":0,"parent":0,"menu_order":0,"comment_status":"closed","ping_status":"closed","template":"nadalakava.php","meta":{"_bbp_topic_count":0,"_bbp_reply_count":0,"_bbp_total_topic_count":0,"_bbp_total_reply_count":0,"_bbp_voice_count":0,"_bbp_anonymous_reply_count":0,"_bbp_topic_count_hidden":0,"_bbp_reply_count_hidden":0,"_bbp_forum_subforum_count":0,"_mc_calendar":[]},"_links":{"self":[{"href":"https:\/\/muraste.ee\/vana\/index.php?rest_route=\/wp\/v2\/pages\/8077"}],"collection":[{"href":"https:\/\/muraste.ee\/vana\/index.php?rest_route=\/wp\/v2\/pages"}],"about":[{"href":"https:\/\/muraste.ee\/vana\/index.php?rest_route=\/wp\/v2\/types\/page"}],"author":[{"embeddable":true,"href":"https:\/\/muraste.ee\/vana\/index.php?rest_route=\/wp\/v2\/users\/2"}],"replies":[{"embeddable":true,"href":"https:\/\/muraste.ee\/vana\/index.php?rest_route=%2Fwp%2Fv2%2Fcomments&post=8077"}],"version-history":[{"count":5,"href":"https:\/\/muraste.ee\/vana\/index.php?rest_route=\/wp\/v2\/pages\/8077\/revisions"}],"predecessor-version":[{"id":8097,"href":"https:\/\/muraste.ee\/vana\/index.php?rest_route=\/wp\/v2\/pages\/8077\/revisions\/8097"}],"wp:attachment":[{"href":"https:\/\/muraste.ee\/vana\/index.php?rest_route=%2Fwp%2Fv2%2Fmedia&parent=8077"}],"curies":[{"name":"wp","href":"https:\/\/api.w.org\/{rel}","templated":true}]}}