{"id":86,"date":"2015-11-23T19:53:58","date_gmt":"2015-11-23T17:53:58","guid":{"rendered":"https:\/\/muraste.ee\/vana\/?page_id=86"},"modified":"2017-06-12T10:34:09","modified_gmt":"2017-06-12T07:34:09","slug":"arengudokumendid","status":"publish","type":"page","link":"https:\/\/muraste.ee\/vana\/?page_id=86","title":{"rendered":"Arengudokumendid"},"content":{"rendered":"<p><strong><span style=\"color: #008000;\">MURASTE K\u00dcLA ARENGUKAVA<\/span><\/strong><br \/>\n<img decoding=\"async\" loading=\"lazy\" class=\"size-thumbnail wp-image-1508 alignright\" src=\"https:\/\/muraste.ee\/vana\/wp-content\/uploads\/2015\/11\/Muraste-K\u00fclaseltsi-logo-150x150.jpg\" alt=\"Muraste K\u00fclaseltsi logo\" width=\"150\" height=\"150\" srcset=\"https:\/\/muraste.ee\/vana\/wp-content\/uploads\/2015\/11\/Muraste-K\u00fclaseltsi-logo-150x150.jpg 150w, https:\/\/muraste.ee\/vana\/wp-content\/uploads\/2015\/11\/Muraste-K\u00fclaseltsi-logo-300x300.jpg 300w, https:\/\/muraste.ee\/vana\/wp-content\/uploads\/2015\/11\/Muraste-K\u00fclaseltsi-logo.jpg 768w, https:\/\/muraste.ee\/vana\/wp-content\/uploads\/2015\/11\/Muraste-K\u00fclaseltsi-logo-624x624.jpg 624w\" sizes=\"(max-width: 150px) 100vw, 150px\" \/><strong><a href=\"https:\/\/muraste.ee\/vana\/wp-content\/uploads\/2015\/11\/Arengukava-2017-2021-2.mai-seisuga.pdf\" rel=\"\">Muraste k\u00fcla arengukava 2017-2021 <\/a><\/strong><\/p>\n<p><span style=\"color: #008000;\"><strong>HARKU VALLA ARENGUKAVA<\/strong><\/span><br \/>\n<span style=\"color: #000080;\"><a style=\"color: #000080;\" href=\"https:\/\/www.riigiteataja.ee\/akt\/409092014025?leiaKehtiv\" target=\"_blank\"><strong>Harku valla arengukava<\/strong><\/a><strong>\u00a0aastani 2037<\/strong><\/span><\/p>\n<p>&nbsp;<\/p>\n<p><span style=\"color: #339966;\"><strong>KUIDAS ME K\u00dcLA ARENGUKAVA V\u00c4RSKENDASIME?<\/strong><\/span><\/p>\n<p>6-7 aastat tagasi valmis meie \u00fchise t\u00f6\u00f6 tulemusena Muraste k\u00fclale arengukava. V\u00e4ga palju toonastest soovidest ja unistustest on t\u00e4itunud. 2016. a l\u00f5pus tundus olevat \u00f5ige aeg vaadata taas ettepoole ning panna kirja v\u00e4rsked m\u00f5tted koduk\u00fcla arendamise kohta.<a href=\"https:\/\/muraste.ee\/vana\/wp-content\/uploads\/2016\/08\/074897223519af.jpg\" rel=\"attachment wp-att-2173\"><img decoding=\"async\" loading=\"lazy\" class=\"size-medium wp-image-2173 alignright\" src=\"https:\/\/muraste.ee\/vana\/wp-content\/uploads\/2016\/08\/074897223519af-300x225.jpg\" alt=\"074897223519af\" width=\"300\" height=\"225\" srcset=\"https:\/\/muraste.ee\/vana\/wp-content\/uploads\/2016\/08\/074897223519af-300x225.jpg 300w, https:\/\/muraste.ee\/vana\/wp-content\/uploads\/2016\/08\/074897223519af-624x468.jpg 624w, https:\/\/muraste.ee\/vana\/wp-content\/uploads\/2016\/08\/074897223519af.jpg 720w\" sizes=\"(max-width: 300px) 100vw, 300px\" \/><\/a><\/p>\n<p>Ootasime k\u00f5iki koduk\u00fclast hoolivaid ja arengust huvituvaid inimesi Muraste k\u00fcla uue arengukava loomisele.<\/p>\n<p><strong>Seminarid toimusid\u00a0<\/strong>Muraste koolimajas j\u00e4rgnevalt:<\/p>\n<p><strong>Kolmap\u00e4ev, 7. septembril <\/strong><em>*toimunud<\/em><br \/>\n<strong>Osales:<\/strong> <em>32 Muraste kandi inimest<\/em><br \/>\n18.30-19 Kogunemine ja suupiste<br \/>\n19 -20 <strong><a href=\"https:\/\/muraste.ee\/vana\/wp-content\/uploads\/2015\/11\/muraste-jaan.ppt\" rel=\"\">Inspiratsiooni ja lennukust<\/a>\u00a0<\/strong>jagas Jaan Urvet &#8211; teatrimees, endine k\u00fclavanem Rae vallas, t\u00e4nane Ruhnu vallavanem.<br \/>\n20-20.30 Tagasivaade tehtule<br \/>\n20.30-21.30 T\u00f6\u00f6toad<br \/>\n1) <strong><a href=\"https:\/\/muraste.ee\/vana\/wp-content\/uploads\/2015\/11\/2.-Tegus-koduk\u00fcla.docx\" rel=\"\">Tegus kodukula<\/a><\/strong>\u00a0ehk kultuur, sport, noorsoot\u00f6\u00f6, haridus;<br \/>\n2) <strong><a href=\"https:\/\/muraste.ee\/vana\/wp-content\/uploads\/2015\/11\/3.-Toimiv-koduk\u00fcla.docx\" rel=\"\">Toimiv kodukula<\/a><\/strong>\u00a0 ehk taristu, loodus, heakord;<br \/>\n3) <strong><a href=\"https:\/\/muraste.ee\/vana\/wp-content\/uploads\/2015\/11\/4.-Turvaline-koduk\u00fcla.docx\" rel=\"\">Turvaline-kodukula<\/a><\/strong>\u00a0ehk liiklus, turvalisus;<br \/>\n4) <strong><a href=\"https:\/\/muraste.ee\/vana\/wp-content\/uploads\/2015\/11\/1.-N\u00e4htav-koduk\u00fcla.docx\" rel=\"\">N\u00e4htav kodukula<\/a><\/strong>\u00a0ehk kogukond, kommunikatsioon ja koost\u00f6\u00f6.<\/p>\n<p><strong>Kolmap\u00e4ev, 12. oktoober \u00a0<\/strong><em>*toimunud<\/em><br \/>\n<strong>Osales:<\/strong> <em>18 Muraste kandi inimest<\/em><br \/>\n18.30-19 Kogunemine ja suupiste<br \/>\n19 -21 <strong><a href=\"https:\/\/muraste.ee\/vana\/wp-content\/uploads\/2015\/11\/Unistame-suurelt.docx\" rel=\"\">Maailmakohvik ehk arengukava koostamine<\/a><\/strong><\/p>\n<p><a href=\"https:\/\/muraste.ee\/vana\/wp-content\/uploads\/2015\/11\/15046449_1344385248913763_1771305053_n-\u2013-koopia-e1479252063969.jpg\" rel=\"attachment wp-att-2790\"><img decoding=\"async\" loading=\"lazy\" class=\"alignnone size-full wp-image-2790\" src=\"https:\/\/muraste.ee\/vana\/wp-content\/uploads\/2015\/11\/15046449_1344385248913763_1771305053_n-\u2013-koopia-e1479252063969.jpg\" alt=\"15046449_1344385248913763_1771305053_n-koopia\" width=\"720\" height=\"421\" srcset=\"https:\/\/muraste.ee\/vana\/wp-content\/uploads\/2015\/11\/15046449_1344385248913763_1771305053_n-\u2013-koopia-e1479252063969.jpg 720w, https:\/\/muraste.ee\/vana\/wp-content\/uploads\/2015\/11\/15046449_1344385248913763_1771305053_n-\u2013-koopia-e1479252063969-300x175.jpg 300w, https:\/\/muraste.ee\/vana\/wp-content\/uploads\/2015\/11\/15046449_1344385248913763_1771305053_n-\u2013-koopia-e1479252063969-624x365.jpg 624w\" sizes=\"(max-width: 720px) 100vw, 720px\" \/><\/a><\/p>\n<p><strong>Kolmap\u00e4ev, 16. november<\/strong><br \/>\n<strong>Osales:<\/strong> <em>14 Muraste kandi inimest<\/em><br \/>\n18.30-19 Kogunemine ja suupiste<br \/>\n19-21 Tegevuskava koostamine<\/p>\n<p>Seminare juhtis koolitaja ja \u201ek\u00fclaliigutaja\u201c Anneli Kana<\/p>\n<p><strong>Muraste k\u00fcla arengukava aastateks 2017-2021 kinnitati Muraste k\u00fclaseltsi 4. mail 2017.a toimunud \u00fcldkoosoleku otsusega.<\/strong><\/p>\n<p>Projekti rahastas rahandusministeerium kohaliku omaalgatuse programmi vahenditest.<\/p>\n<p><a href=\"https:\/\/muraste.ee\/vana\/wp-content\/uploads\/2016\/08\/RM-KYSK_logo_reg_toetuseks-Vektor_sygis2015-page-0.jpg\" rel=\"attachment wp-att-2172\"><img decoding=\"async\" loading=\"lazy\" class=\"alignnone size-large wp-image-2172\" src=\"https:\/\/muraste.ee\/vana\/wp-content\/uploads\/2016\/08\/RM-KYSK_logo_reg_toetuseks-Vektor_sygis2015-page-0-1024x471.jpg\" alt=\"RM-KYSK_logo_reg_toetuseks-Vektor_sygis2015-page-0\" width=\"625\" height=\"287\" srcset=\"https:\/\/muraste.ee\/vana\/wp-content\/uploads\/2016\/08\/RM-KYSK_logo_reg_toetuseks-Vektor_sygis2015-page-0-1024x471.jpg 1024w, https:\/\/muraste.ee\/vana\/wp-content\/uploads\/2016\/08\/RM-KYSK_logo_reg_toetuseks-Vektor_sygis2015-page-0-300x138.jpg 300w, https:\/\/muraste.ee\/vana\/wp-content\/uploads\/2016\/08\/RM-KYSK_logo_reg_toetuseks-Vektor_sygis2015-page-0-768x353.jpg 768w, https:\/\/muraste.ee\/vana\/wp-content\/uploads\/2016\/08\/RM-KYSK_logo_reg_toetuseks-Vektor_sygis2015-page-0-624x287.jpg 624w\" sizes=\"(max-width: 625px) 100vw, 625px\" \/><\/a><\/p>\n<p>&nbsp;<\/p>\n","protected":false},"excerpt":{"rendered":"<p>MURASTE K\u00dcLA ARENGUKAVA Muraste k\u00fcla arengukava 2017-2021 HARKU VALLA ARENGUKAVA Harku valla arengukava\u00a0aastani 2037 &nbsp; KUIDAS ME K\u00dcLA ARENGUKAVA V\u00c4RSKENDASIME? 6-7 aastat tagasi valmis meie \u00fchise t\u00f6\u00f6 tulemusena Muraste k\u00fclale arengukava. V\u00e4ga palju toonastest soovidest ja unistustest on t\u00e4itunud. 2016. a l\u00f5pus tundus olevat \u00f5ige aeg vaadata taas ettepoole ning panna kirja v\u00e4rsked m\u00f5tted koduk\u00fcla<a class=\"moretag\" href=\"https:\/\/muraste.ee\/vana\/?page_id=86\"><br \/>&#8230;Loe edasi<\/a><\/p>\n","protected":false},"author":1,"featured_media":0,"parent":0,"menu_order":0,"comment_status":"closed","ping_status":"closed","template":"page-templates\/full-width.php","meta":{"_bbp_topic_count":0,"_bbp_reply_count":0,"_bbp_total_topic_count":0,"_bbp_total_reply_count":0,"_bbp_voice_count":0,"_bbp_anonymous_reply_count":0,"_bbp_topic_count_hidden":0,"_bbp_reply_count_hidden":0,"_bbp_forum_subforum_count":0,"_mc_calendar":[]},"_links":{"self":[{"href":"https:\/\/muraste.ee\/vana\/index.php?rest_route=\/wp\/v2\/pages\/86"}],"collection":[{"href":"https:\/\/muraste.ee\/vana\/index.php?rest_route=\/wp\/v2\/pages"}],"about":[{"href":"https:\/\/muraste.ee\/vana\/index.php?rest_route=\/wp\/v2\/types\/page"}],"author":[{"embeddable":true,"href":"https:\/\/muraste.ee\/vana\/index.php?rest_route=\/wp\/v2\/users\/1"}],"replies":[{"embeddable":true,"href":"https:\/\/muraste.ee\/vana\/index.php?rest_route=%2Fwp%2Fv2%2Fcomments&post=86"}],"version-history":[{"count":27,"href":"https:\/\/muraste.ee\/vana\/index.php?rest_route=\/wp\/v2\/pages\/86\/revisions"}],"predecessor-version":[{"id":4037,"href":"https:\/\/muraste.ee\/vana\/index.php?rest_route=\/wp\/v2\/pages\/86\/revisions\/4037"}],"wp:attachment":[{"href":"https:\/\/muraste.ee\/vana\/index.php?rest_route=%2Fwp%2Fv2%2Fmedia&parent=86"}],"curies":[{"name":"wp","href":"https:\/\/api.w.org\/{rel}","templated":true}]}}