{"id":881,"date":"2016-03-15T18:10:46","date_gmt":"2016-03-15T16:10:46","guid":{"rendered":"https:\/\/muraste.ee\/vana\/?page_id=881"},"modified":"2016-04-06T10:57:44","modified_gmt":"2016-04-06T07:57:44","slug":"vabatahtliku-tegevuse-hea-tava","status":"publish","type":"page","link":"https:\/\/muraste.ee\/vana\/?page_id=881","title":{"rendered":"Vabatahtliku tegevuse hea tava"},"content":{"rendered":"<h3><a href=\"https:\/\/muraste.ee\/vana\/wp-content\/uploads\/2015\/11\/vabatahtlik_sober-2.jpg\"><img decoding=\"async\" loading=\"lazy\" class=\"wp-image-863 alignleft\" src=\"https:\/\/muraste.ee\/vana\/wp-content\/uploads\/2015\/11\/vabatahtlik_sober-2.jpg\" alt=\"vabatahtlik_sober (2)\" width=\"117\" height=\"115\" \/><\/a><\/h3>\n<h3><strong>Mina, vabatahtlik, enne vabatahtlikuna tegutsemist<\/strong><\/h3>\n<h3><strong>\u00a0 \u00a0 1. TEADVUSTAN ENDALE OMA OOTUSED<\/strong><\/h3>\n<ul>\n<li>Otsin infot ja loen vabatahtliku tegevuse kohta.<\/li>\n<li>M\u00f5tlen l\u00e4bi, miks ma soovin vabatahtlikuna tegutseda ja mida tahan teha.<\/li>\n<li>M\u00f5tlen l\u00e4bi, kuidas vabatahtlik tegevus sobib minu elukorraldusega.<\/li>\n<li>M\u00f5tlen l\u00e4bi, millistes tingimustes soovin tegutseda ja mida ootan, et vabatahtlik tegevus mulle pakub.<br \/>\n<h3><strong>2. KAALUN OMA OSKUSI JA V\u00d5IMALUSI VABATAHTLIKUKS TEGEVUSEKS<\/strong><\/h3>\n<\/li>\n<\/ul>\n<ul>\n<li>M\u00f5tlen l\u00e4bi, milline tegevus on minu oskuste ja kogemuste juures mulle j\u00f5ukohane ja samas arenguv\u00f5imalusi pakkuv.<\/li>\n<li>Teen plaani: kus, millal ja kui palju aega saan vabatahtlikule tegevusele p\u00fchendada.<\/li>\n<li>Arutan oma plaane l\u00e4hedastega.<br \/>\n<h3><strong>3. KASUTAN ERINEVAID V\u00d5IMALUSI ENDALE SOBIVA VABATAHTLIKU TEGEVUSE LEIDMISEKS.<\/strong><\/h3>\n<\/li>\n<\/ul>\n<ul>\n<li>Otsin vabatahtliku tegevuse kuulutusi erinevatest portaalidest.<\/li>\n<li>K\u00fcsin soovitusi tuttavatelt.<\/li>\n<\/ul>\n<h2><strong>VABATAHTLIKUNA TEGUTSEMISE AJAL<\/strong><\/h2>\n<h3><strong>1. T\u00c4IDAN ENDALE V\u00d5ETUD \u00dcLESANDEID HOOLIKALT JA V\u00d5IMETEKOHASELT<\/strong><\/h3>\n<ul>\n<li>Ei hiline ega j\u00e4ta t\u00f6\u00f6d pooleli.<\/li>\n<li>Keeldun \u00fclesande t\u00e4itmisest, kui see ohustab minu v\u00f5i teiste elu ja tervist v\u00f5i kui juhised on vastuolus seadustega.<\/li>\n<li>Osalen koolitustel, mis toetavad minu tegutsemist vabatahtlikuna.<br \/>\n<h3><strong>2. ARVESTAN MEESKONNA TEISTE LIIKMETEGA<\/strong><\/h3>\n<\/li>\n<\/ul>\n<ul>\n<li>Tutvun vaba\u00fchenduse v\u00e4\u00e4rtuste, tavade ja reeglitega ning pean neist lugu.<\/li>\n<li>Kuulan teiste vabatahtlike kogemusi ning jagan enda omi.<br \/>\n<h3><strong>3. INFORMEERIN VABA\u00dcHENDUSE ESINDAJAT MINU TEGEVUST PUUDUTAVATEST OLULISTEST ASJADEST<\/strong><\/h3>\n<\/li>\n<\/ul>\n<ul>\n<li>Informeerin vaba\u00fchendust oma soovidest ja v\u00f5imalustest.<\/li>\n<li>R\u00e4\u00e4gin kaasa otsustes, mis m\u00f5jutavad minu t\u00f6\u00f6d.<\/li>\n<li>Teen ettepanekuid vabatahtliku tegevuse paremaks korraldamiseks.<\/li>\n<li>Informeerin koheselt takistustest ja vabatahtlikuna tegutsemise l\u00f5petamise kavatsustest.<\/li>\n<\/ul>\n<h2><strong>VABATAHTLIKUNA TEGUTSEMIST L\u00d5PETADES<\/strong><\/h2>\n<h3><strong>1. ANNAN TEABE OMA T\u00d6\u00d6 KOHTA EDASI VABA\u00dcHENDUSE ESINDAJALE JA\/V\u00d5I TEISTELE VABATAHTLIKELE<\/strong><\/h3>\n<ul>\n<li>Annan teada, kui kaugele t\u00f6\u00f6 v\u00f5rreldes kavandatuga j\u00f5udis.<\/li>\n<li>Esitan soovitused, kuidas edaspidi saab t\u00f6\u00f6d paremini korraldada.<br \/>\n<h3><strong>2. JAGAN VABA\u00dcHENDUSE JA TEISTE VABATAHTLIKEGA OMA ELAMUSI JA KOGEMUSI.<\/strong><\/h3>\n<\/li>\n<\/ul>\n<ul>\n<li>Osalen vaba\u00fchenduse \u00fcritusel, kusr\u00e4\u00e4gin oma tegevusest, kogemustest ja \u00f5ppetundidest.<\/li>\n<li>Kirjutan loo, mida vaba\u00fchendus saab kodulehel, tr\u00fckistes v\u00f5i infolistides levitada.<\/li>\n<li>Jagan vaba\u00fchendusega vabatahtlikust t\u00f6\u00f6st tehtud fotosid.<br \/>\n<h3><strong>3. SOOVI JA V\u00d5IMALUSE KORRAL SEAN END VALMIS UUEKS TEGEVUSEKS.<\/strong><\/h3>\n<\/li>\n<\/ul>\n<ul>\n<li>Jagan muljeid l\u00e4hedaste ja s\u00f5pradega ning kuulan nende arvamusi ja soovitusi.<\/li>\n<li>Alustan uuesti algusest.<\/li>\n<\/ul>\n","protected":false},"excerpt":{"rendered":"<p>Mina, vabatahtlik, enne vabatahtlikuna tegutsemist \u00a0 \u00a0 1. TEADVUSTAN ENDALE OMA OOTUSED Otsin infot ja loen vabatahtliku tegevuse kohta. M\u00f5tlen l\u00e4bi, miks ma soovin vabatahtlikuna tegutseda ja mida tahan teha. M\u00f5tlen l\u00e4bi, kuidas vabatahtlik tegevus sobib minu elukorraldusega. M\u00f5tlen l\u00e4bi, millistes tingimustes soovin tegutseda ja mida ootan, et vabatahtlik tegevus mulle pakub. 2. KAALUN OMA<a class=\"moretag\" href=\"https:\/\/muraste.ee\/vana\/?page_id=881\"><br \/>&#8230;Loe edasi<\/a><\/p>\n","protected":false},"author":2,"featured_media":0,"parent":0,"menu_order":0,"comment_status":"closed","ping_status":"closed","template":"","meta":{"_bbp_topic_count":0,"_bbp_reply_count":0,"_bbp_total_topic_count":0,"_bbp_total_reply_count":0,"_bbp_voice_count":0,"_bbp_anonymous_reply_count":0,"_bbp_topic_count_hidden":0,"_bbp_reply_count_hidden":0,"_bbp_forum_subforum_count":0,"_mc_calendar":[]},"_links":{"self":[{"href":"https:\/\/muraste.ee\/vana\/index.php?rest_route=\/wp\/v2\/pages\/881"}],"collection":[{"href":"https:\/\/muraste.ee\/vana\/index.php?rest_route=\/wp\/v2\/pages"}],"about":[{"href":"https:\/\/muraste.ee\/vana\/index.php?rest_route=\/wp\/v2\/types\/page"}],"author":[{"embeddable":true,"href":"https:\/\/muraste.ee\/vana\/index.php?rest_route=\/wp\/v2\/users\/2"}],"replies":[{"embeddable":true,"href":"https:\/\/muraste.ee\/vana\/index.php?rest_route=%2Fwp%2Fv2%2Fcomments&post=881"}],"version-history":[{"count":5,"href":"https:\/\/muraste.ee\/vana\/index.php?rest_route=\/wp\/v2\/pages\/881\/revisions"}],"predecessor-version":[{"id":1314,"href":"https:\/\/muraste.ee\/vana\/index.php?rest_route=\/wp\/v2\/pages\/881\/revisions\/1314"}],"wp:attachment":[{"href":"https:\/\/muraste.ee\/vana\/index.php?rest_route=%2Fwp%2Fv2%2Fmedia&parent=881"}],"curies":[{"name":"wp","href":"https:\/\/api.w.org\/{rel}","templated":true}]}}