{"id":89,"date":"2015-11-23T20:12:42","date_gmt":"2015-11-23T18:12:42","guid":{"rendered":"https:\/\/muraste.ee\/vana\/?page_id=89"},"modified":"2023-01-23T18:40:46","modified_gmt":"2023-01-23T16:40:46","slug":"kontakt","status":"publish","type":"page","link":"https:\/\/muraste.ee\/vana\/?page_id=89","title":{"rendered":"Kontakt"},"content":{"rendered":"<div style=\"text-align: center !important;\"><\/div>\n<div style=\"text-align: center !important;\"><\/div>\n<div style=\"text-align: center !important;\"><strong>Muraste k\u00fclaselts MT\u00dc<\/strong><\/div>\n<div style=\"text-align: center !important;\">Lee tee 9, Muraste k\u00fcla 76905, Harku vald, Harjumaa<\/div>\n<div style=\"text-align: center !important;\"><\/div>\n<div style=\"text-align: center !important;\">\u00a0muraste@muraste.ee<\/div>\n<div style=\"text-align: center !important;\">+372 5848 9661<\/div>\n<div style=\"text-align: center !important;\"><\/div>\n<div style=\"text-align: center !important;\">reg nr\u00a080288357<\/div>\n<div style=\"text-align: center !important;\">arvelduskonto LHV EE707700771008624144<\/div>\n<div style=\"text-align: center !important;\"><\/div>\n<div style=\"text-align: center !important;\"><\/div>\n<div style=\"text-align: center !important;\"><a href=\"https:\/\/muraste.ee\/vana\/wp-content\/uploads\/2015\/11\/Muraste-K\u00fclaseltsi-logo-1.jpg\" rel=\"attachment wp-att-2420\"><img decoding=\"async\" loading=\"lazy\" class=\"wp-image-2420 aligncenter\" src=\"https:\/\/muraste.ee\/vana\/wp-content\/uploads\/2015\/11\/Muraste-K\u00fclaseltsi-logo-1-300x300.jpg\" alt=\"muraste-kulaseltsi-logo\" width=\"138\" height=\"138\" srcset=\"https:\/\/muraste.ee\/vana\/wp-content\/uploads\/2015\/11\/Muraste-K\u00fclaseltsi-logo-1-300x300.jpg 300w, https:\/\/muraste.ee\/vana\/wp-content\/uploads\/2015\/11\/Muraste-K\u00fclaseltsi-logo-1-150x150.jpg 150w, https:\/\/muraste.ee\/vana\/wp-content\/uploads\/2015\/11\/Muraste-K\u00fclaseltsi-logo-1.jpg 768w, https:\/\/muraste.ee\/vana\/wp-content\/uploads\/2015\/11\/Muraste-K\u00fclaseltsi-logo-1-624x624.jpg 624w\" sizes=\"(max-width: 138px) 100vw, 138px\" \/><\/a><\/div>\n<div style=\"text-align: center !important;\"><\/div>\n<div style=\"text-align: center !important;\"><\/div>\n<div style=\"text-align: center !important;\"><\/div>\n<div style=\"text-align: center !important;\"><\/div>\n<div style=\"text-align: center !important;\"><\/div>\n<div style=\"text-align: left;\"><\/div>\n<div style=\"text-align: center;\"><strong>Muraste kogukonnakeskus<\/strong><\/div>\n<div style=\"text-align: center;\">Lee tee 9, Muraste k\u00fcla 76905, Harku vald, Harjumaa<\/div>\n<div style=\"text-align: center;\">kogukonnakeskus@muraste.ee<\/div>\n<div style=\"text-align: center;\">+372 584 89661<\/div>\n<div style=\"text-align: center;\">Urvi Nigu, Muraste kogukonnakeskuse kultuurijuht<\/div>\n<div style=\"text-align: center;\">\u00a0<a href=\"https:\/\/muraste.ee\/vana\/wp-content\/uploads\/2015\/11\/999332_429971600434870_1875954819_n.jpg\" rel=\"attachment wp-att-2419\"><img decoding=\"async\" loading=\"lazy\" class=\"size-medium wp-image-2419 aligncenter\" src=\"https:\/\/muraste.ee\/vana\/wp-content\/uploads\/2015\/11\/999332_429971600434870_1875954819_n-300x200.jpg\" alt=\"999332_429971600434870_1875954819_n\" width=\"300\" height=\"200\" srcset=\"https:\/\/muraste.ee\/vana\/wp-content\/uploads\/2015\/11\/999332_429971600434870_1875954819_n-300x200.jpg 300w, https:\/\/muraste.ee\/vana\/wp-content\/uploads\/2015\/11\/999332_429971600434870_1875954819_n-768x511.jpg 768w, https:\/\/muraste.ee\/vana\/wp-content\/uploads\/2015\/11\/999332_429971600434870_1875954819_n-624x415.jpg 624w, https:\/\/muraste.ee\/vana\/wp-content\/uploads\/2015\/11\/999332_429971600434870_1875954819_n.jpg 960w\" sizes=\"(max-width: 300px) 100vw, 300px\" \/><\/a><\/div>\n","protected":false},"excerpt":{"rendered":"<p>Muraste k\u00fclaselts MT\u00dc Lee tee 9, Muraste k\u00fcla 76905, Harku vald, Harjumaa \u00a0muraste@muraste.ee +372 5848 9661 reg nr\u00a080288357 arvelduskonto LHV EE707700771008624144 Muraste kogukonnakeskus Lee tee 9, Muraste k\u00fcla 76905, Harku vald, Harjumaa kogukonnakeskus@muraste.ee +372 584 89661 Urvi Nigu, Muraste kogukonnakeskuse kultuurijuht \u00a0<\/p>\n","protected":false},"author":1,"featured_media":0,"parent":0,"menu_order":0,"comment_status":"closed","ping_status":"closed","template":"page-templates\/full-width.php","meta":{"_bbp_topic_count":0,"_bbp_reply_count":0,"_bbp_total_topic_count":0,"_bbp_total_reply_count":0,"_bbp_voice_count":0,"_bbp_anonymous_reply_count":0,"_bbp_topic_count_hidden":0,"_bbp_reply_count_hidden":0,"_bbp_forum_subforum_count":0,"_mc_calendar":[]},"_links":{"self":[{"href":"https:\/\/muraste.ee\/vana\/index.php?rest_route=\/wp\/v2\/pages\/89"}],"collection":[{"href":"https:\/\/muraste.ee\/vana\/index.php?rest_route=\/wp\/v2\/pages"}],"about":[{"href":"https:\/\/muraste.ee\/vana\/index.php?rest_route=\/wp\/v2\/types\/page"}],"author":[{"embeddable":true,"href":"https:\/\/muraste.ee\/vana\/index.php?rest_route=\/wp\/v2\/users\/1"}],"replies":[{"embeddable":true,"href":"https:\/\/muraste.ee\/vana\/index.php?rest_route=%2Fwp%2Fv2%2Fcomments&post=89"}],"version-history":[{"count":27,"href":"https:\/\/muraste.ee\/vana\/index.php?rest_route=\/wp\/v2\/pages\/89\/revisions"}],"predecessor-version":[{"id":9500,"href":"https:\/\/muraste.ee\/vana\/index.php?rest_route=\/wp\/v2\/pages\/89\/revisions\/9500"}],"wp:attachment":[{"href":"https:\/\/muraste.ee\/vana\/index.php?rest_route=%2Fwp%2Fv2%2Fmedia&parent=89"}],"curies":[{"name":"wp","href":"https:\/\/api.w.org\/{rel}","templated":true}]}}