{"id":895,"date":"2016-03-15T20:04:20","date_gmt":"2016-03-15T18:04:20","guid":{"rendered":"https:\/\/muraste.ee\/vana\/?page_id=895"},"modified":"2016-04-06T10:59:49","modified_gmt":"2016-04-06T07:59:49","slug":"tegevusvaldkonnad","status":"publish","type":"page","link":"https:\/\/muraste.ee\/vana\/?page_id=895","title":{"rendered":"Vabatahtliku tegevuse valdkonnad"},"content":{"rendered":"<p style=\"text-align: justify;\"><a href=\"https:\/\/muraste.ee\/vana\/wp-content\/uploads\/2015\/11\/vabatahtlik_sober-2.jpg\"><img decoding=\"async\" loading=\"lazy\" class=\"wp-image-863 alignleft\" src=\"https:\/\/muraste.ee\/vana\/wp-content\/uploads\/2015\/11\/vabatahtlik_sober-2.jpg\" alt=\"vabatahtlik_sober (2)\" width=\"121\" height=\"118\" \/><\/a><strong>Pr\u00fcgi koristamine metsatuka alt, koertega jalutamine loomade varjupaigas v\u00f5i vaba aja veetmine asenduskodus elavate lastega on ilmselt esimesed kujutluspildid, mis vabatahtliku tegevusega seoses inimestele p\u00e4he tulevad. Vabatahtlike tegevusvaldkondade pilt on tegelikult palju kirjum.<\/strong><\/p>\n<p>2013 aastal l\u00e4bi viidud uuringu <a href=\"http:\/\/www.vabatahtlikud.ee\/UserFiles\/uuringud\/vabatahtikus_tegevuses_osalemine_2013.pdf\" target=\"_blank\">\u201eVabatahtlikus tegevuses osalemine Eestis\u201c<\/a>\u00a0tulemuste kohaselt tegelevad meie vabatahtlikud enim keskkonnakaitse,\u00a0 loodushoiu ja s\u00e4\u00e4stva arenguga ning l\u00f6\u00f6vad kaasa k\u00fclaliikumises ja kohaliku elu edendamises. Oluliseks peetakse ka noorsoot\u00f6\u00f6d ja t\u00f6\u00f6d lastega, hariduse ja teaduse ning spordi valdkondi.<\/p>\n<p>Tutvu valdkondade kirjeldustega l\u00e4hemalt, et ammutada vabatahtlikuks tegevuseks ideid ja inspiratsiooni.<\/p>\n<ul class=\"children\">\n<li class=\" \"><a href=\"http:\/\/vabatahtlikud.ee\/vabatahtlik-tegevus\/valdkonnad\/kohaliku-elu-edendamine\/\">K\u00fclaliikumine ja kohaliku elu edendamine<\/a><\/li>\n<li class=\" \"><a href=\"http:\/\/vabatahtlikud.ee\/vabatahtlik-tegevus\/valdkonnad\/sisejulgeolek-ja-korrakaitse\/\">Sisejulgeolek ja korrakaitse<\/a><\/li>\n<li class=\" \"><a href=\"http:\/\/vabatahtlikud.ee\/vabatahtlik-tegevus\/valdkonnad\/keskkonnakaitse-ja-loodushoid\/\">Keskkonnakaitse ja loodushoid<\/a><\/li>\n<li class=\" \"><a href=\"http:\/\/vabatahtlikud.ee\/vabatahtlik-tegevus\/valdkonnad\/sotsiaalvaldkod\/\">Sotsiaalvaldkond<\/a><\/li>\n<li class=\" \"><a href=\"http:\/\/vabatahtlikud.ee\/vabatahtlik-tegevus\/valdkonnad\/sport-ja-kehakultuur\/\">Sport ja kehakultuur<\/a><\/li>\n<li class=\" \"><a href=\"http:\/\/vabatahtlikud.ee\/vabatahtlik-tegevus\/valdkonnad\/tervishoid\/\">Tervishoid<\/a><\/li>\n<li class=\" \"><a href=\"http:\/\/vabatahtlikud.ee\/vabatahtlik-tegevus\/valdkonnad\/loomakaitse\/\">Loomakaitse<\/a><\/li>\n<li class=\" \"><a href=\"http:\/\/vabatahtlikud.ee\/vabatahtlik-tegevus\/valdkonnad\/kultuur\/\">Kultuur<\/a><\/li>\n<li class=\" \"><a href=\"http:\/\/vabatahtlikud.ee\/vabatahtlik-tegevus\/valdkonnad\/noorsootoo\/\">Noorsoot\u00f6\u00f6<\/a><\/li>\n<li class=\" \"><a href=\"http:\/\/vabatahtlikud.ee\/vabatahtlik-tegevus\/valdkonnad\/haridus-ja-teadus\/\">Haridus ja teadus<\/a><\/li>\n<\/ul>\n<p>Allikas: Eesti K\u00fclaliikumine Kodukant<\/p>\n","protected":false},"excerpt":{"rendered":"<p>Pr\u00fcgi koristamine metsatuka alt, koertega jalutamine loomade varjupaigas v\u00f5i vaba aja veetmine asenduskodus elavate lastega on ilmselt esimesed kujutluspildid, mis vabatahtliku tegevusega seoses inimestele p\u00e4he tulevad. Vabatahtlike tegevusvaldkondade pilt on tegelikult palju kirjum. 2013 aastal l\u00e4bi viidud uuringu \u201eVabatahtlikus tegevuses osalemine Eestis\u201c\u00a0tulemuste kohaselt tegelevad meie vabatahtlikud enim keskkonnakaitse,\u00a0 loodushoiu ja s\u00e4\u00e4stva arenguga ning l\u00f6\u00f6vad kaasa<a class=\"moretag\" href=\"https:\/\/muraste.ee\/vana\/?page_id=895\"><br \/>&#8230;Loe edasi<\/a><\/p>\n","protected":false},"author":2,"featured_media":0,"parent":0,"menu_order":0,"comment_status":"closed","ping_status":"closed","template":"","meta":{"_bbp_topic_count":0,"_bbp_reply_count":0,"_bbp_total_topic_count":0,"_bbp_total_reply_count":0,"_bbp_voice_count":0,"_bbp_anonymous_reply_count":0,"_bbp_topic_count_hidden":0,"_bbp_reply_count_hidden":0,"_bbp_forum_subforum_count":0,"_mc_calendar":[]},"_links":{"self":[{"href":"https:\/\/muraste.ee\/vana\/index.php?rest_route=\/wp\/v2\/pages\/895"}],"collection":[{"href":"https:\/\/muraste.ee\/vana\/index.php?rest_route=\/wp\/v2\/pages"}],"about":[{"href":"https:\/\/muraste.ee\/vana\/index.php?rest_route=\/wp\/v2\/types\/page"}],"author":[{"embeddable":true,"href":"https:\/\/muraste.ee\/vana\/index.php?rest_route=\/wp\/v2\/users\/2"}],"replies":[{"embeddable":true,"href":"https:\/\/muraste.ee\/vana\/index.php?rest_route=%2Fwp%2Fv2%2Fcomments&post=895"}],"version-history":[{"count":8,"href":"https:\/\/muraste.ee\/vana\/index.php?rest_route=\/wp\/v2\/pages\/895\/revisions"}],"predecessor-version":[{"id":1316,"href":"https:\/\/muraste.ee\/vana\/index.php?rest_route=\/wp\/v2\/pages\/895\/revisions\/1316"}],"wp:attachment":[{"href":"https:\/\/muraste.ee\/vana\/index.php?rest_route=%2Fwp%2Fv2%2Fmedia&parent=895"}],"curies":[{"name":"wp","href":"https:\/\/api.w.org\/{rel}","templated":true}]}}