{"id":8957,"date":"2022-04-25T15:21:40","date_gmt":"2022-04-25T12:21:40","guid":{"rendered":"https:\/\/muraste.ee\/vana\/?page_id=8957"},"modified":"2022-04-25T17:03:56","modified_gmt":"2022-04-25T14:03:56","slug":"nadal-17-4","status":"publish","type":"page","link":"https:\/\/muraste.ee\/vana\/?page_id=8957","title":{"rendered":"N\u00e4dal 17"},"content":{"rendered":"\n<p>Tere, armas Muraste! Kevad ja kevadt\u00f6\u00f6d on t\u00e4ies hoos! Juba \u00f5itsevad esimesed kevadlilled ja p\u00e4ike soojendab m\u00f5nusalt. Muraste k\u00fclaseltsis k\u00e4ib suur askeldamine, nii palju l\u00f5busaid \u00fcritusi ja p\u00f5nevaid \u00f5pitubasid on veel ees. Vaata ja vali endale sobiv!<\/p>\n\n\n\n<p class=\"has-text-color has-medium-font-size\" style=\"color:#ba1748\"><strong>ELANIKKONNA KAITSE \u2013 KRIISIKS VALMIS!<\/strong><\/p>\n\n\n\n<p>TEISIP\u00c4EVAL&nbsp;<strong>26. aprillil kell 18.30 Muraste koolimajas (Lee tee 9, sisenemine peauksest)<\/strong><\/p>\n\n\n\n<figure class=\"wp-block-image\"><a href=\"https:\/\/muraste.ee\/vana\/wp-content\/uploads\/2022\/04\/Elanikkonnakaitse_plakat682-page-001.jpg\"><img decoding=\"async\" loading=\"lazy\" width=\"1241\" height=\"1755\" src=\"https:\/\/muraste.ee\/vana\/wp-content\/uploads\/2022\/04\/Elanikkonnakaitse_plakat682-page-001.jpg\" alt=\"\" class=\"wp-image-8909\"\/><\/a><\/figure>\n\n\n\n<p class=\"has-text-color\" style=\"color:#d7ab1d;font-size:25px\"><strong>KINO\u00d5HTU \u2013&nbsp;Kiik, kirves ja igavese armastuse puu<\/strong><\/p>\n\n\n\n<p><strong>REEDEL 29. mail kell 19.00 Muraste kinopunktis (Lee tee 9)<\/strong><\/p>\n\n\n\n<figure class=\"wp-block-image\"><a href=\"https:\/\/muraste.ee\/vana\/wp-content\/uploads\/2022\/04\/29.-aprillil-kell-19.00-Muraste-kinopunktis-Lee-tee-9.jpg\"><img decoding=\"async\" loading=\"lazy\" width=\"2245\" height=\"1587\" src=\"https:\/\/muraste.ee\/vana\/wp-content\/uploads\/2022\/04\/29.-aprillil-kell-19.00-Muraste-kinopunktis-Lee-tee-9.jpg\" alt=\"\" class=\"wp-image-8936\"\/><\/a><\/figure>\n\n\n\n<p>Elu hammasrataste vahele j\u00e4\u00e4nud noor automehaanik Kiik saab \u00fchel p\u00e4eval teada, et tema t\u00fcdruks\u00f5bra s\u00fcda on uue noormehe poolt v\u00f5idetud. Hingevalust vabanemiseks otsustab Kiik koos filmitegijast parima s\u00f5braga s\u00f5ita riigi teise otsa, et maha raiuda igavese armastuse puu. Teekond m\u00fcstilise puuni kujuneb aga okkaliseks, endassevaatavaks ja kriminaalseks.<\/p>\n\n\n\n<p>\u201cKiik, kirves ja Igavese Armastuse Puu\u201d on huumoriga v\u00fcrtsitatud deb\u00fc\u00fctm\u00e4ngufilm Eesti uue p\u00f5lvkonna filmitegijate Meel Paliale ja Urmet Piilingu poolt.https:\/\/www.youtube.com\/embed\/GK6SHl593LI?feature=oembed<\/p>\n\n\n\n<p class=\"has-text-color has-large-font-size\" style=\"color:#e46a0d\"><strong>REIS ARGENTIINASSE<\/strong><\/p>\n\n\n\n<p><strong>L\u00f5bus reis Argentiinasse! 6. mail kell 18.00<\/strong><\/p>\n\n\n\n<p>NB! Broneeri varakult LAUD, sest neid on ainult 8!<\/p>\n\n\n\n<p>muraste@muraste.ee info: 58489661<\/p>\n\n\n\n<figure class=\"wp-block-embed is-type-video is-provider-youtube wp-block-embed-youtube wp-embed-aspect-16-9 wp-has-aspect-ratio\"><div class=\"wp-block-embed__wrapper\">\n<iframe loading=\"lazy\" title=\"Argentiina pidu Murastes\" width=\"625\" height=\"352\" src=\"https:\/\/www.youtube.com\/embed\/PEQ0mO4PewE?feature=oembed\" frameborder=\"0\" allow=\"accelerometer; autoplay; clipboard-write; encrypted-media; gyroscope; picture-in-picture\" allowfullscreen><\/iframe>\n<\/div><\/figure>\n\n\n\n<figure class=\"wp-block-image\"><a href=\"https:\/\/muraste.ee\/vana\/wp-content\/uploads\/2022\/04\/ARGENTIINA.jpg\"><img decoding=\"async\" loading=\"lazy\" width=\"2245\" height=\"1587\" src=\"https:\/\/muraste.ee\/vana\/wp-content\/uploads\/2022\/04\/ARGENTIINA.jpg\" alt=\"\" class=\"wp-image-8935\"\/><\/a><\/figure>\n\n\n\n<ol type=\"1\"><li>Osas tuleb vestlema&nbsp; tuntud reisijuht, antropoloog ja p\u00fchap\u00e4evase raadiosaate \u201dReispass\u201d saatejuht&nbsp;<strong>IVO TSET\u00d5RKIN<\/strong>.<\/li><\/ol>\n\n\n\n<p>Ivo andis hinge L\u00f5una-Ameerikale 11 aastat tagasi ja sellest ajast saadik on ta ninast sabani sellesse maailma sukeldunud. N\u00fc\u00fcd viib ta sinna ka teisi ning teeb seda viisil, mis annab v\u00f5imaluse mitte ainult n\u00e4ha, vaid ka tunda \u2013 nautida kultuuri ja loodust k\u00f5ikide meeltega ja t\u00e4iel rinnal. Ainult nii v\u00f5ib juhtuda, et nuusutad P\u00e4ris Elu H\u00f5ngu ja sinuni j\u00f5uab t\u00fckike teise kultuuri olemusest.<\/p>\n\n\n\n<p>2. Osas m\u00e4ngib tunnustatud bandooniumi m\u00e4ngija&nbsp;<strong>KASPAR ULJAS<\/strong>&nbsp;igatsevaid argentiina tangosid.<\/p>\n\n\n\n<p>Kaspar Uljas on eesti akordionist, bandooniumim\u00e4ngija ja helilooa. Ta on esinenud eri paigus \u00fcle Euroopa, lisaks veel Venemaal, Argentiinas ja Palestiinas. Kodumaal on Kaspar \u00fcles astunud pea k\u00f5igil jazz- ja maailmamuusikafestivalidel ning ka v\u00e4lismaal. 2020 a. Hennesy uusaastakontsertide raames esines Kaspar Uljas solistina ERSO ees. Viimastel aastatel tegeleb ta p\u00f5hliselt bandooniumim\u00e4nguga, keskendudes nii Argentiina tangole ja folkloorile, p\u00f5imib seda oma varasema kogemusega jazz- ja maailmamuusikas nii interpreedi kui heliloojana.<\/p>\n\n\n\n<p>Argentiina S\u00d6\u00d6KE ja h\u00f5rgutavaid VEINE pakub&nbsp;<strong>PABLO ZABALA<\/strong><\/p>\n\n\n\n<p><strong>\u00d5htu l\u00f5petab l\u00f5bus, salsa- ja rumbar\u00fctmikas LATINO DISCO<\/strong><\/p>\n\n\n\n<p class=\"has-text-color\" style=\"color:#e113a0;font-size:30px\"><strong>UUS!&nbsp;KONTSERT \u201cLILLED EMALE\u201d<\/strong><\/p>\n\n\n\n<p><strong>12.mai kell 18.00 Muraste kooli aatriumis (Lee tee 9)<\/strong><\/p>\n\n\n\n<figure class=\"wp-block-image\"><a href=\"https:\/\/muraste.ee\/vana\/wp-content\/uploads\/2022\/04\/Lilled-emale-5.jpg\"><img decoding=\"async\" loading=\"lazy\" width=\"2245\" height=\"1587\" src=\"https:\/\/muraste.ee\/vana\/wp-content\/uploads\/2022\/04\/Lilled-emale-5.jpg\" alt=\"\" class=\"wp-image-8934\"\/><\/a><\/figure>\n\n\n\n<p class=\"has-text-color\" style=\"color:#00a313;font-size:30px\"><strong>UUS! Loeng \u2013 TEADLIK TEE RAHANI<\/strong><\/p>\n\n\n\n<p><strong>9. mail kell 18.30<\/strong><\/p>\n\n\n\n<p>Eelregistreerimine: muraste@muraste.ee<\/p>\n\n\n\n<p>info: 5848 9661<\/p>\n\n\n\n<p>osaluspanus: 5.00 eur<\/p>\n\n\n\n<figure class=\"wp-block-image\"><a href=\"https:\/\/muraste.ee\/vana\/wp-content\/uploads\/2022\/04\/Teadlik-tee-rahani-1.jpg\"><img decoding=\"async\" loading=\"lazy\" width=\"2245\" height=\"1587\" src=\"https:\/\/muraste.ee\/vana\/wp-content\/uploads\/2022\/04\/Teadlik-tee-rahani-1.jpg\" alt=\"\" class=\"wp-image-8951\"\/><\/a><\/figure>\n\n\n\n<p>Rahatarkuse teadmised on praegu olulisemad kui kunagi varem.<\/p>\n\n\n\n<ul><li>Mis on finantsvabadus, millest see koosneb?<\/li><li>Mis on finantsstsenaarium, kuidas see meid m\u00f5jutab?<\/li><li>Millised on antirahalised programmid, kuidas nad p\u00e4rsivad sissetulekut?<\/li><li>Miks tekivad v\u00f5lad?<\/li><li>J\u00f5uka inimese seisund \u2013 milline see on?<\/li><li>Kuidas s\u00e4ilitada oma s\u00e4\u00e4ste ja kasvatada varasid k\u00f5rge inflatsiooni tingimustes?<\/li><li>Seletus lihtsamatele investeerimisalastele terminitele.<\/li><li>Kummutame uskumuse, et investorid on vaid v\u00e4ga rikkad inimesed.<\/li><li>Plussid ja miinused raha investeerimisel kinnisvarasse, aktsiatesse ja kulda.<\/li><li>Investeerimine kinnisvaraobjektidesse Saksamaal.<br>Kapitaliinvesteering fikseeritud intressim\u00e4\u00e4ra ja t\u00e4htajaga:<br><a href=\"https:\/\/multitalent.ag\/et\/\">https:\/\/multitalent.ag\/et<\/a><\/li><li>Esitlust viib l\u00e4bi: Jana Tammesalu<\/li><\/ul>\n\n\n\n<p class=\"has-blue-color has-text-color has-medium-font-size\"><strong>MEELDEJ\u00c4\u00c4V S\u00dcNDMUS OLI \u2013 22. aprillil J\u00dcRI\u00d6\u00d6 m\u00e4rgutule s\u00fc\u00fctamine Suurupi Vabaduse samba juures<\/strong><\/p>\n\n\n\n<p class=\"has-blue-color has-text-color has-medium-font-size\">https:\/\/youtube.com\/watch?v=BwaScSuvvC4%3Ffeature%3Doembed<\/p>\n\n\n\n<p><strong>25. \u2013 30. APRILL<\/strong><\/p>\n\n\n\n<p><strong>HUVIRINGID<\/strong><\/p>\n\n\n\n<p><strong>Esmasp\u00e4ev<\/strong><\/p>\n\n\n\n<p>15:00 Fa Stuudio kandlering<\/p>\n\n\n\n<p>17:30 LiuLi kandlering<\/p>\n\n\n\n<p>19:00 Suurupi naiskoor Meretule<\/p>\n\n\n\n<p><strong>Teisip\u00e4ev<\/strong>&nbsp;<\/p>\n\n\n\n<p>13:00 Laulutund, \u00f5petaja Triinu Kont-Kontson<\/p>\n\n\n\n<p>18:00 Inglise keele tund, \u00f5petaja Maret Hein<\/p>\n\n\n\n<p>18:30 Seltskonnatantsukursus algajatele ja edasij\u00f5udnutele, \u00f5petaja Helen Klandorf<\/p>\n\n\n\n<p><strong>Kolmap\u00e4ev<\/strong><\/p>\n\n\n\n<p>13:45 Klaveritund, \u00f5petaja Irena Borkmann<\/p>\n\n\n\n<p>18:00 Brad J\u00fcrjensi kitarriklassi<\/p>\n\n\n\n<p>19:00 Brad J\u00fcrjensi kitarriklass&nbsp;<\/p>\n\n\n\n<p>20.00 Brad J\u00fcrjensi kitarriklass<\/p>\n\n\n\n<p>19:00 Aeroobika, treener Kaja Tuisk<\/p>\n\n\n\n<p><strong>Neljap\u00e4ev<\/strong>&nbsp;<\/p>\n\n\n\n<p>17:00 Inglise keele tund, \u00f5petaja Maret Hein<\/p>\n\n\n\n<p>18:30 Muraste Nimetu N\u00e4item\u00e4nguseltskond, juhendaja Anne Veesaar<\/p>\n\n\n\n<p>18:30 Prantsuse keele tund, \u00f5petaja Ines J\u00e4rvsoo<\/p>\n\n\n\n<p>19:00 Jooga, treener Daire Tammik<\/p>\n","protected":false},"excerpt":{"rendered":"<p>Tere, armas Muraste! Kevad ja kevadt\u00f6\u00f6d on t\u00e4ies hoos! Juba \u00f5itsevad esimesed kevadlilled ja p\u00e4ike soojendab m\u00f5nusalt. Muraste k\u00fclaseltsis k\u00e4ib suur askeldamine, nii palju l\u00f5busaid \u00fcritusi ja p\u00f5nevaid \u00f5pitubasid on veel ees. Vaata ja vali endale sobiv! ELANIKKONNA KAITSE \u2013 KRIISIKS VALMIS! TEISIP\u00c4EVAL&nbsp;26. aprillil kell 18.30 Muraste koolimajas (Lee tee 9, sisenemine peauksest) KINO\u00d5HTU \u2013&nbsp;Kiik,<a class=\"moretag\" href=\"https:\/\/muraste.ee\/vana\/?page_id=8957\"><br \/>&#8230;Loe edasi<\/a><\/p>\n","protected":false},"author":2,"featured_media":8950,"parent":0,"menu_order":0,"comment_status":"closed","ping_status":"closed","template":"nadalakava.php","meta":{"_bbp_topic_count":0,"_bbp_reply_count":0,"_bbp_total_topic_count":0,"_bbp_total_reply_count":0,"_bbp_voice_count":0,"_bbp_anonymous_reply_count":0,"_bbp_topic_count_hidden":0,"_bbp_reply_count_hidden":0,"_bbp_forum_subforum_count":0,"_mc_calendar":[]},"_links":{"self":[{"href":"https:\/\/muraste.ee\/vana\/index.php?rest_route=\/wp\/v2\/pages\/8957"}],"collection":[{"href":"https:\/\/muraste.ee\/vana\/index.php?rest_route=\/wp\/v2\/pages"}],"about":[{"href":"https:\/\/muraste.ee\/vana\/index.php?rest_route=\/wp\/v2\/types\/page"}],"author":[{"embeddable":true,"href":"https:\/\/muraste.ee\/vana\/index.php?rest_route=\/wp\/v2\/users\/2"}],"replies":[{"embeddable":true,"href":"https:\/\/muraste.ee\/vana\/index.php?rest_route=%2Fwp%2Fv2%2Fcomments&post=8957"}],"version-history":[{"count":6,"href":"https:\/\/muraste.ee\/vana\/index.php?rest_route=\/wp\/v2\/pages\/8957\/revisions"}],"predecessor-version":[{"id":8982,"href":"https:\/\/muraste.ee\/vana\/index.php?rest_route=\/wp\/v2\/pages\/8957\/revisions\/8982"}],"wp:featuredmedia":[{"embeddable":true,"href":"https:\/\/muraste.ee\/vana\/index.php?rest_route=\/wp\/v2\/media\/8950"}],"wp:attachment":[{"href":"https:\/\/muraste.ee\/vana\/index.php?rest_route=%2Fwp%2Fv2%2Fmedia&parent=8957"}],"curies":[{"name":"wp","href":"https:\/\/api.w.org\/{rel}","templated":true}]}}