{"id":8992,"date":"2022-05-02T13:02:13","date_gmt":"2022-05-02T10:02:13","guid":{"rendered":"https:\/\/muraste.ee\/vana\/?page_id=8992"},"modified":"2022-05-02T14:10:25","modified_gmt":"2022-05-02T11:10:25","slug":"nadal-18-4","status":"publish","type":"page","link":"https:\/\/muraste.ee\/vana\/?page_id=8992","title":{"rendered":"N\u00e4dal 18"},"content":{"rendered":"\n<p><\/p>\n\n\n\n<p>Tere, armas Muraste! K\u00e4tte on j\u00f5udnud kevad ja koos kevadega meie lustlik reisi\u00fcritus REIS ARGENTIINASSE. Pidu t\u00f5otab tulla hariv, huvitav, kosutab maitsemeeli ja saab ka tantsida. Eelm\u00fc\u00fcgist ostetud pilet on soodsam ja osaleb LOOSIS.<br>Tule reisima!<\/p>\n\n\n\n<p class=\"has-blue-color has-text-color has-large-font-size\"><strong>REIS ARGENTIINASSE<\/strong><\/p>\n\n\n\n<p><strong>L\u00f5bus reis Argentiinasse! 6. mail kell 18.00<\/strong><\/p>\n\n\n\n<p>Ostes pileti eelm\u00fc\u00fcgist, osaled LOOSIMISES!<\/p>\n\n\n\n<p>EELM\u00dc\u00dcK: 10.00 eur (kohapeal 13.00)<\/p>\n\n\n\n<p>Muraste k\u00fclaselts MT\u00dcarvelduskonto SEB EE901010220100157018Selgitus: Argentiina.Peole sisenedes on parooliks maksja nimi.<\/p>\n\n\n\n<p><strong>VIIMANE LAUD broneerimiseks: muraste@muraste.ee info: 58489661<\/strong><\/p>\n\n\n\n<p>Lisaks palju \u201cpikniku kohti\u201d, k\u00fclalisi mahub palju!<\/p>\n\n\n\n<figure class=\"wp-block-image is-resized\"><a href=\"https:\/\/muraste.ee\/vana\/wp-content\/uploads\/2022\/04\/ARGENTIINA.jpg\"><img decoding=\"async\" loading=\"lazy\" src=\"https:\/\/muraste.ee\/vana\/wp-content\/uploads\/2022\/04\/ARGENTIINA.jpg\" alt=\"\" class=\"wp-image-8935\" width=\"582\" height=\"411\"\/><\/a><\/figure>\n\n\n\n<p>1. Osas m\u00e4ngib tunnustatud bandooniumi m\u00e4ngija&nbsp;<strong>KASPAR ULJAS<\/strong>&nbsp;igatsevaid argentiina tangosid.<\/p>\n\n\n\n<p>Kaspar Uljas on eesti akordionist, bandooniumim\u00e4ngija ja helilooa. Ta on esinenud eri paigus \u00fcle Euroopa, lisaks veel Venemaal, Argentiinas ja Palestiinas. Kodumaal on Kaspar \u00fcles astunud pea k\u00f5igil jazz- ja maailmamuusikafestivalidel ning ka v\u00e4lismaal. 2020 a. Hennesy uusaastakontsertide raames esines Kaspar Uljas solistina ERSO ees. Viimastel aastatel tegeleb ta p\u00f5hliselt bandooniumim\u00e4nguga, keskendudes nii Argentiina tangole ja folkloorile, p\u00f5imib seda oma varasema kogemusega jazz- ja maailmamuusikas nii interpreedi kui heliloojana.<\/p>\n\n\n\n<p>2. Osas tuleb vestlema&nbsp; tuntud reisijuht, antropoloog ja p\u00fchap\u00e4evase raadiosaate \u201dReispass\u201d saatejuht&nbsp;<strong>IVO TSET\u00d5RKIN<\/strong>.<\/p>\n\n\n\n<p>Ivo andis hinge L\u00f5una-Ameerikale 11 aastat tagasi ja sellest ajast saadik on ta ninast sabani sellesse maailma sukeldunud. N\u00fc\u00fcd viib ta sinna ka teisi ning teeb seda viisil, mis annab v\u00f5imaluse mitte ainult n\u00e4ha, vaid ka tunda \u2013 nautida kultuuri ja loodust k\u00f5ikide meeltega ja t\u00e4iel rinnal. Ainult nii v\u00f5ib juhtuda, et nuusutad P\u00e4ris Elu H\u00f5ngu ja sinuni j\u00f5uab t\u00fckike teise kultuuri olemusest.<\/p>\n\n\n\n<p>Argentiina S\u00d6\u00d6KE ja h\u00f5rgutavaid VEINE pakub&nbsp;<strong>PABLO ZABALA<\/strong><\/p>\n\n\n\n<p><strong>\u00d5htu l\u00f5petab l\u00f5bus, salsa- ja rumbar\u00fctmikas LATINO DISCO<\/strong><\/p>\n\n\n\n<figure class=\"wp-block-embed is-type-video is-provider-youtube wp-block-embed-youtube wp-embed-aspect-16-9 wp-has-aspect-ratio\"><div class=\"wp-block-embed__wrapper\">\n<iframe loading=\"lazy\" title=\"Argentiina pidu Murastes\" width=\"625\" height=\"352\" src=\"https:\/\/www.youtube.com\/embed\/PEQ0mO4PewE?feature=oembed\" frameborder=\"0\" allow=\"accelerometer; autoplay; clipboard-write; encrypted-media; gyroscope; picture-in-picture\" allowfullscreen><\/iframe>\n<\/div><\/figure>\n\n\n\n<p class=\"has-text-color\" style=\"color:#14a395;font-size:30px\"><strong>KEPIK\u00d5NNI EXPRESS \u2013 TASUTA!<\/strong><\/p>\n\n\n\n<p><strong>4. MAIL kell 18.15 Muraste kooli ees (Lee tee 9)<\/strong>&nbsp;Registreeru lingil!<\/p>\n\n\n\n<figure class=\"wp-block-image\"><a href=\"https:\/\/muraste.ee\/vana\/wp-content\/uploads\/2022\/05\/Kepikond.jpg\"><img decoding=\"async\" loading=\"lazy\" width=\"1587\" height=\"2245\" src=\"https:\/\/muraste.ee\/vana\/wp-content\/uploads\/2022\/05\/Kepikond.jpg\" alt=\"\" class=\"wp-image-8985\"\/><\/a><\/figure>\n\n\n\n<p>Eesti Kultuurkapitali toel pakume ka sel aastal tasuta kepik\u00f5nni algkoolitust, mis on m\u00f5eldud igale soovijale TASUTA.<br>Juhendaja Eesti Kepik\u00f5nni Liidust Janne Tomberg.Alustame \u00f5pet Muraste kooli juures, keskenduksime rohkem tehnikale ning k\u00e4imiskeppidega tehtavatele \u00fcldkehalistele harjutustele. Sealt edasi liigume matkarajale.<br>Suurep\u00e4rane v\u00f5imalus professionaali all \u00f5ppida \u00f5iget kepik\u00f5nni tehnikat.V\u00f5imalik laenata k\u00e4imiskeppe.Eelregistreerimine:&nbsp;<a rel=\"noreferrer noopener\" href=\"https:\/\/docs.google.com\/document\/d\/1Okp3PQ9UJNbqR9eoCW76i8m9Onhssl_qyEfh85AQiqU\/edit?usp=sharing&amp;fbclid=IwAR2o1EiKFXEGS_4RnEvGJmk6li8hKfhXpDYUmAPkExMmksxtzp5dcFlEFFQ\" target=\"_blank\">https:\/\/docs.google.com\/\u2026\/1Okp3PQ9UJNbqR9eoCW76\u2026\/edit\u2026<\/a><\/p>\n\n\n\n<p class=\"has-text-color\" style=\"color:#1583b5;font-size:30px\"><strong>TEEME \u00c4RA TALGUP\u00c4EV<\/strong><\/p>\n\n\n\n<p><strong>7. MAIL Muraste kooli (Lee tee 9) ees.<\/strong>&nbsp;Registreeru lingil!<\/p>\n\n\n\n<figure class=\"wp-block-image\"><a href=\"https:\/\/muraste.ee\/vana\/wp-content\/uploads\/2022\/05\/Talgupaev.jpg\"><img decoding=\"async\" loading=\"lazy\" width=\"2245\" height=\"1587\" src=\"https:\/\/muraste.ee\/vana\/wp-content\/uploads\/2022\/05\/Talgupaev.jpg\" alt=\"\" class=\"wp-image-8986\"\/><\/a><\/figure>\n\n\n\n<p><br><strong>V\u00f5imalusesl v\u00f5ta kaasa oma kindad ja pr\u00fcgikott, neid on lisaks v\u00f5imalik saada ka kohapeal.<\/strong><\/p>\n\n\n\n<p><strong>Registreeruda saab \u201cTeeme \u00e4ra\u201d kodulehel<\/strong>&nbsp;&nbsp;<a rel=\"noreferrer noopener\" href=\"https:\/\/talgud.teemeara.ee\/events\/muraste-ja-vaana-joesuu-talgud?fbclid=IwAR24HD5zbYWkGvYXAH3nEPEaax6Jj3KUUw-Ms2u58ARRSH9WiBV-A7lF2Xw\" target=\"_blank\">https:\/\/talgud.teemeara.ee\/\u2026\/muraste-ja-vaana-joesuu\u2026<\/a><br>\u00dcle-eestiline Teeme \u00c4ra talgup\u00e4ev sai t\u00f5uke 2008. aasta suurest pr\u00fcgikoristusest ning sellele j\u00e4rgnenud 2009. aasta m\u00f5ttetalgutest. Alates 2010. aastast on talgute korraldamine iga aktiivse kodaniku, kogukonna ja \u00fchenduse v\u00f5imalus midagi oma elukeskkonna heaks teha.<br>Teeme \u00c4ra talgup\u00e4evast motiveerituna hakkasid koristama ka teised riigid \u00fcle maailma, kes olid Eesti edust s\u00fctitatud \u2013 s\u00fcndis ka \u00fclemaailmne talgup\u00e4ev (World Cleanup Day).<\/p>\n\n\n\n<p><strong>Korraldab Naiskodukaitse Harku jaoskond koost\u00f6\u00f6s Muraste k\u00fclaseltsiga.<\/strong><\/p>\n\n\n\n<p>Tule kogu perega!<\/p>\n\n\n\n<p class=\"has-text-color\" style=\"color:#b015ae;font-size:30px\"><strong>KONTSERT \u201cLILLED EMALE\u201d<\/strong><\/p>\n\n\n\n<p><strong>TASUTA<\/strong><\/p>\n\n\n\n<p><strong>12.mai kell 18.00 Muraste kooli aatriumis (Lee tee 9)<\/strong><\/p>\n\n\n\n<figure class=\"wp-block-image\"><a href=\"https:\/\/muraste.ee\/vana\/wp-content\/uploads\/2022\/04\/Lilled-emale-5.jpg\"><img decoding=\"async\" loading=\"lazy\" width=\"2245\" height=\"1587\" src=\"https:\/\/muraste.ee\/vana\/wp-content\/uploads\/2022\/04\/Lilled-emale-5.jpg\" alt=\"\" class=\"wp-image-8934\"\/><\/a><\/figure>\n\n\n\n<p class=\"has-text-color\" style=\"color:#09e648;font-size:30px\"><strong>Loeng \u2013 TEADLIK TEE RAHANI<\/strong><\/p>\n\n\n\n<p><strong>9. mail kell 18.30<\/strong><\/p>\n\n\n\n<p>Eelregistreerimine: muraste@muraste.ee<\/p>\n\n\n\n<p>info: 5848 9661<\/p>\n\n\n\n<p>osaluspanus: 5.00 eur<\/p>\n\n\n\n<figure class=\"wp-block-image\"><a href=\"https:\/\/muraste.ee\/vana\/wp-content\/uploads\/2022\/04\/Teadlik-tee-rahani-1.jpg\"><img decoding=\"async\" loading=\"lazy\" width=\"2245\" height=\"1587\" src=\"https:\/\/muraste.ee\/vana\/wp-content\/uploads\/2022\/04\/Teadlik-tee-rahani-1.jpg\" alt=\"\" class=\"wp-image-8951\"\/><\/a><\/figure>\n\n\n\n<p>Rahatarkuse teadmised on praegu olulisemad kui kunagi varem.<\/p>\n\n\n\n<ul><li>Mis on finantsvabadus, millest see koosneb?<\/li><li>Mis on finantsstsenaarium, kuidas see meid m\u00f5jutab?<\/li><li>Millised on antirahalised programmid, kuidas nad p\u00e4rsivad sissetulekut?<\/li><li>Miks tekivad v\u00f5lad?<\/li><li>J\u00f5uka inimese seisund \u2013 milline see on?<\/li><li>Kuidas s\u00e4ilitada oma s\u00e4\u00e4ste ja kasvatada varasid k\u00f5rge inflatsiooni tingimustes?<\/li><li>Seletus lihtsamatele investeerimisalastele terminitele.<\/li><li>Kummutame uskumuse, et investorid on vaid v\u00e4ga rikkad inimesed.<\/li><li>Plussid ja miinused raha investeerimisel kinnisvarasse, aktsiatesse ja kulda.<\/li><li>Investeerimine kinnisvaraobjektidesse Saksamaal.<br>Kapitaliinvesteering fikseeritud intressim\u00e4\u00e4ra ja t\u00e4htajaga:<br><a href=\"https:\/\/multitalent.ag\/et\/\">https:\/\/multitalent.ag\/et<\/a><\/li><li>Esitlust viib l\u00e4bi: Jana Tammesalu<\/li><\/ul>\n\n\n\n<p class=\"has-text-color\" style=\"color:#b71047;font-size:30px\"><strong>\u00dcRITUSED EAKATELE<\/strong><\/p>\n\n\n\n<p class=\"has-medium-font-size\"><strong>EMADE P\u00c4EVA KONTSERT<\/strong><\/p>\n\n\n\n<p><strong>7. MAIL kell 14.00 Harku valla pension\u00e4ridele kooli aulas (Kooli tn. 1, Tabasalus)<\/strong><\/p>\n\n\n\n<figure class=\"wp-block-image\"><a href=\"https:\/\/muraste.ee\/vana\/wp-content\/uploads\/2022\/05\/0001.jpg\"><img decoding=\"async\" loading=\"lazy\" width=\"3508\" height=\"4961\" src=\"https:\/\/muraste.ee\/vana\/wp-content\/uploads\/2022\/05\/0001.jpg\" alt=\"\" class=\"wp-image-8989\"\/><\/a><\/figure>\n\n\n\n<p class=\"has-medium-font-size\"><strong>EAKATE K\u00c4SIT\u00d6\u00d6 N\u00c4ITUS<\/strong><\/p>\n\n\n\n<p><strong>Eakate P\u00e4evakeskuses (Teenuste 2, Tabasalu)<\/strong><\/p>\n\n\n\n<p><strong>09-20.maini<\/strong><\/p>\n\n\n\n<figure class=\"wp-block-image\"><a href=\"https:\/\/muraste.ee\/vana\/wp-content\/uploads\/2022\/05\/Kasitoo-naitus-9.maist-kuni-20.-mai.2022859-page-001.jpg\"><img decoding=\"async\" loading=\"lazy\" width=\"1240\" height=\"1754\" src=\"https:\/\/muraste.ee\/vana\/wp-content\/uploads\/2022\/05\/Kasitoo-naitus-9.maist-kuni-20.-mai.2022859-page-001.jpg\" alt=\"\" class=\"wp-image-8990\"\/><\/a><\/figure>\n\n\n\n<figure class=\"wp-block-embed\"><div class=\"wp-block-embed__wrapper\">\nhttps:\/\/youtube.com\/watch?v=BwaScSuvvC4%3Ffeature%3Doembed\n<\/div><\/figure>\n\n\n\n<p class=\"has-medium-font-size\"><strong>02.-08. MAI<\/strong><\/p>\n\n\n\n<p class=\"has-medium-font-size\"><strong>HUVIRINGID<\/strong><\/p>\n\n\n\n<p><strong>Esmasp\u00e4ev<\/strong><\/p>\n\n\n\n<p>15:00 Fa Stuudio kandlering<\/p>\n\n\n\n<p>17:30 LiuLi kandlering<\/p>\n\n\n\n<p>19:00 Suurupi naiskoor Meretule<\/p>\n\n\n\n<p><strong>Teisip\u00e4ev<\/strong>&nbsp;<\/p>\n\n\n\n<p>13:00 Laulutund, \u00f5petaja Triinu Kont-Kontson<\/p>\n\n\n\n<p>18:00 Inglise keele tund, \u00f5petaja Maret Hein<\/p>\n\n\n\n<p>18:30 Seltskonnatantsukursus algajatele ja edasij\u00f5udnutele, \u00f5petaja Helen Klandorf<\/p>\n\n\n\n<p><strong>Kolmap\u00e4ev<\/strong><\/p>\n\n\n\n<p>13:45 Klaveritund, \u00f5petaja Irena Borkmann<\/p>\n\n\n\n<p>18:00 Brad J\u00fcrjensi kitarriklassi<\/p>\n\n\n\n<p>19:00 Brad J\u00fcrjensi kitarriklass&nbsp;<\/p>\n\n\n\n<p>20.00 Brad J\u00fcrjensi kitarriklass<\/p>\n\n\n\n<p>19:00 Aeroobika, treener Kaja Tuisk<\/p>\n\n\n\n<p><strong>Neljap\u00e4ev<\/strong>&nbsp;<\/p>\n\n\n\n<p>17:00 Inglise keele tund, \u00f5petaja Maret Hein<\/p>\n\n\n\n<p>18:30 Muraste Nimetu N\u00e4item\u00e4nguseltskond, juhendaja Anne Veesaar<\/p>\n\n\n\n<p>18:30 Prantsuse keele tund, \u00f5petaja Ines J\u00e4rvsoo<\/p>\n\n\n\n<p>19:00 Jooga, treener Daire Tammik<\/p>\n","protected":false},"excerpt":{"rendered":"<p>Tere, armas Muraste! K\u00e4tte on j\u00f5udnud kevad ja koos kevadega meie lustlik reisi\u00fcritus REIS ARGENTIINASSE. Pidu t\u00f5otab tulla hariv, huvitav, kosutab maitsemeeli ja saab ka tantsida. Eelm\u00fc\u00fcgist ostetud pilet on soodsam ja osaleb LOOSIS.Tule reisima! REIS ARGENTIINASSE L\u00f5bus reis Argentiinasse! 6. mail kell 18.00 Ostes pileti eelm\u00fc\u00fcgist, osaled LOOSIMISES! EELM\u00dc\u00dcK: 10.00 eur (kohapeal 13.00) Muraste<a class=\"moretag\" href=\"https:\/\/muraste.ee\/vana\/?page_id=8992\"><br \/>&#8230;Loe edasi<\/a><\/p>\n","protected":false},"author":2,"featured_media":8993,"parent":0,"menu_order":0,"comment_status":"closed","ping_status":"closed","template":"nadalakava.php","meta":{"_bbp_topic_count":0,"_bbp_reply_count":0,"_bbp_total_topic_count":0,"_bbp_total_reply_count":0,"_bbp_voice_count":0,"_bbp_anonymous_reply_count":0,"_bbp_topic_count_hidden":0,"_bbp_reply_count_hidden":0,"_bbp_forum_subforum_count":0,"_mc_calendar":[]},"_links":{"self":[{"href":"https:\/\/muraste.ee\/vana\/index.php?rest_route=\/wp\/v2\/pages\/8992"}],"collection":[{"href":"https:\/\/muraste.ee\/vana\/index.php?rest_route=\/wp\/v2\/pages"}],"about":[{"href":"https:\/\/muraste.ee\/vana\/index.php?rest_route=\/wp\/v2\/types\/page"}],"author":[{"embeddable":true,"href":"https:\/\/muraste.ee\/vana\/index.php?rest_route=\/wp\/v2\/users\/2"}],"replies":[{"embeddable":true,"href":"https:\/\/muraste.ee\/vana\/index.php?rest_route=%2Fwp%2Fv2%2Fcomments&post=8992"}],"version-history":[{"count":2,"href":"https:\/\/muraste.ee\/vana\/index.php?rest_route=\/wp\/v2\/pages\/8992\/revisions"}],"predecessor-version":[{"id":8997,"href":"https:\/\/muraste.ee\/vana\/index.php?rest_route=\/wp\/v2\/pages\/8992\/revisions\/8997"}],"wp:featuredmedia":[{"embeddable":true,"href":"https:\/\/muraste.ee\/vana\/index.php?rest_route=\/wp\/v2\/media\/8993"}],"wp:attachment":[{"href":"https:\/\/muraste.ee\/vana\/index.php?rest_route=%2Fwp%2Fv2%2Fmedia&parent=8992"}],"curies":[{"name":"wp","href":"https:\/\/api.w.org\/{rel}","templated":true}]}}