{"id":9008,"date":"2022-05-09T13:15:28","date_gmt":"2022-05-09T10:15:28","guid":{"rendered":"https:\/\/muraste.ee\/vana\/?page_id=9008"},"modified":"2022-05-09T13:18:15","modified_gmt":"2022-05-09T10:18:15","slug":"nadal-19-5","status":"publish","type":"page","link":"https:\/\/muraste.ee\/vana\/?page_id=9008","title":{"rendered":"N\u00e4dal 19"},"content":{"rendered":"\n<p>Tere, armas Muraste! Eile oli emadep\u00e4ev, r\u00f5\u00f5msate kallistuste ja kohtumiste, toredate ettev\u00f5tmiste ja kenade kevadlillede p\u00e4ev. Ka Murastek\u00fclaseltsil on emade ja vanaemade auks kontsert \u201cLilled emale\u201d.<\/p>\n\n\n\n<p><strong>KONTSERT \u201cLILLED EMALE\u201d<\/strong><\/p>\n\n\n\n<p><strong>TASUTA<\/strong><\/p>\n\n\n\n<p><strong>12.mai kell 18.00 Muraste kooli aatriumis (Lee tee 9)<\/strong><\/p>\n\n\n\n<figure class=\"wp-block-image\"><a href=\"https:\/\/muraste.ee\/vana\/wp-content\/uploads\/2022\/05\/Lilled-emale-5.jpg\"><img decoding=\"async\" loading=\"lazy\" width=\"2245\" height=\"1587\" src=\"https:\/\/muraste.ee\/vana\/wp-content\/uploads\/2022\/05\/Lilled-emale-5.jpg\" alt=\"\" class=\"wp-image-9000\"\/><\/a><\/figure>\n\n\n\n<p><strong>Etendus \u201cREHEPAPP\u201d Andrus Kivir\u00e4hk Muraste Nimetu N\u00e4item\u00e4nguseltskond<\/strong><\/p>\n\n\n\n<p><strong>13.mai kell 19.00 Muraste kooli aatriumis (Lee tee 9)<\/strong><\/p>\n\n\n\n<p><strong>Osaluspanus: 5.00 eur<\/strong><\/p>\n\n\n\n<figure class=\"wp-block-image\"><a href=\"https:\/\/muraste.ee\/vana\/wp-content\/uploads\/2022\/05\/REHEPAPP..jpg\"><img decoding=\"async\" loading=\"lazy\" width=\"1587\" height=\"2245\" src=\"https:\/\/muraste.ee\/vana\/wp-content\/uploads\/2022\/05\/REHEPAPP..jpg\" alt=\"\" class=\"wp-image-9001\"\/><\/a><\/figure>\n\n\n\n<p><strong>K\u00f5ik ebausklikud ja mitte-ebausklikud teatrihuvilised, see teade on teile!<\/strong><\/p>\n\n\n\n<p>13 ja reede! K\u00f5lab veidi k\u00f5hedalt, kas pole? Ega selleks p\u00e4evaks ei julge suuri plaane tehagi, mine tea, mis k\u00f5ik v\u00f5ib untsu minna \u2026 Tegelikult ei pea teps mitte vaikselt kodus konutama, vaid tuleb julgesti&nbsp;<strong>13. mail kell 19 s<\/strong>eada sammud Muraste koolimajja.&nbsp;<strong>Anne Veesaare&nbsp;<\/strong>juhendamisel toob<strong>&nbsp;Muraste Nimetu N\u00e4item\u00e4nguseltskond<\/strong>&nbsp;lavale Eesti uuema aja silmapaistvaima kirjandusteose. Sellist v\u00f5imalust ei saa naljalt m\u00f6\u00f6da lasta \u2013 esietendub&nbsp;<strong>Andrus Kivir\u00e4hki \u201eRehepapp\u201c<\/strong>! See on teatrit\u00fckk, millest te ilma j\u00e4\u00e4da ei taha! \u201eRehepapp\u201c r\u00e4\u00e4gib sellisest Eesti ajast, kus ringi tuhisesid kratid, kes kandsid oma peremeestele head ja paremat kokku, inimesi kimbutasid katk ja tondid, eksitasid virvatulukesed ning meelitasid n\u00e4kid, n\u00f5iad keetsid v\u00f5lujooke ja libahundid ulgusid akna all. Oli palju ebausku, teineteise tagant ja m\u00f5isast n\u00e4ppamist, rumalust, uhkust ja k\u00e4ttemaksu. \u201eRehepapis\u201c leiab muhedat eneseirooniat, ajalugu segatuna v\u00f5lumaailmaga.<\/p>\n\n\n\n<p>Dramaturg ja lavastaja:&nbsp;<em>Anne Veesaar<\/em><\/p>\n\n\n\n<p>M\u00e4ngivad:&nbsp;<em>Armand Danilson, \u00dclle Jurtom, Marili Kurviste, Pille Lamp, Urmo Lamp, Katrin Pebsen-Zachrau, Veronika Pebsen-Zachrau, Kersti Simon, Evelin Tiirik, Rainer Tsirk, Maivi Vainola ja Muraste Kooli n\u00e4iteringi lapsed<\/em>. Heli ja valgus:&nbsp;<em>Sebastian Pebsen-Zachrau, Jako Jasper Lamp<\/em><\/p>\n\n\n\n<p><strong>See on ainulaadne v\u00f5imalus veeta turvaliselt ja l\u00f5busalt oma 13. mai \u00f5htupoolik, tule vaata \u201eRehepappi\u201c!<\/strong><\/p>\n\n\n\n<p><strong>EAKATE K\u00c4SIT\u00d6\u00d6 N\u00c4ITUS<\/strong><\/p>\n\n\n\n<p><strong>Eakate P\u00e4evakeskuses (Teenuste 2, Tabasalu)<\/strong><\/p>\n\n\n\n<p><strong>09.-20.maini<\/strong><\/p>\n\n\n\n<figure class=\"wp-block-image\"><a href=\"https:\/\/muraste.ee\/vana\/wp-content\/uploads\/2022\/05\/Kasitoo-naitus-9.maist-kuni-20.-mai.2022859-page-001.jpg\"><img decoding=\"async\" loading=\"lazy\" width=\"1240\" height=\"1754\" src=\"https:\/\/muraste.ee\/vana\/wp-content\/uploads\/2022\/05\/Kasitoo-naitus-9.maist-kuni-20.-mai.2022859-page-001.jpg\" alt=\"\" class=\"wp-image-8990\"\/><\/a><\/figure>\n\n\n\n<p><strong>KALLIGRAAFIA \u2013 PINTSELKIRJA \u00d5PITUBA<\/strong><\/p>\n\n\n\n<p><strong>23. mai kell 18.30 Muraste k\u00fclaseltsis (Lee tee 9)<\/strong><\/p>\n\n\n\n<p><strong>Osaluspanus: 15.00 eur<\/strong><\/p>\n\n\n\n<p>Eelregistreerimine: muraste@muraste.ee<br>info telef.: 5848 9661<\/p>\n\n\n\n<figure class=\"wp-block-image\"><a href=\"https:\/\/muraste.ee\/vana\/wp-content\/uploads\/2022\/05\/Kalligraafia-kursus.jpg\"><img decoding=\"async\" loading=\"lazy\" width=\"2245\" height=\"1587\" src=\"https:\/\/muraste.ee\/vana\/wp-content\/uploads\/2022\/05\/Kalligraafia-kursus.jpg\" alt=\"\" class=\"wp-image-9002\"\/><\/a><\/figure>\n\n\n\n<p>\u00d5pituba on m\u00f5eldud algajatele kui ka edasij\u00f5udnutelel.<br>Pintselkirja \u00f5pitoas v\u00f5ivad osaleda k\u00f5ik, kes tahavad saada oma esimesed teadmised pintselmarkeriga kirjutamisest.<br>Tutvume erinevate t\u00f6\u00f6vahenditega ja teeme selgeks p\u00f5hilised t\u00f6\u00f6v\u00f5tted. Igale osalejale on hinna sees pintselmarker ja paberid harjutamiseks.<br>\u00d5pituba toimub Muraste k\u00fclaseltsis (Lee tee 9).<br>\u00d5petaja Katrin Nahkur<br>Minu kohta:<br>olen kalligraafiaga tegelenud viimased 5 aastat. K\u00f5ik algas huvist t\u00e4nap\u00e4evase kalligraafia ehk pintselmarkeriga kirjutamise vastu. Sealt edasi l\u00e4ksin juba Tallinna Rahva\u00fclikooli Anu Karjatse kalligraafiastuudiosse klassikalist kalligraafiat \u00f5ppima. Hetkel juhendan Sauel kalligraafia huviringi t\u00e4iskasvanutele.<\/p>\n\n\n\n<p>Osalustasu: 15.00 eur<\/p>\n\n\n\n<p><strong>UUS! KINO \u2013 TAGURPIDI TORN<\/strong><\/p>\n\n\n\n<p><strong>20.mai kell 19.00<\/strong>&nbsp;<strong>Muraste kinopunktis kell 19.00<\/strong><\/p>\n\n\n\n<p><strong>Pilet 5.00\/4.00 eur<\/strong><\/p>\n\n\n\n<figure class=\"wp-block-image\"><a href=\"https:\/\/muraste.ee\/vana\/wp-content\/uploads\/2022\/05\/plakatTagurpidi-torn.jpg\"><img decoding=\"async\" loading=\"lazy\" width=\"1587\" height=\"2245\" src=\"https:\/\/muraste.ee\/vana\/wp-content\/uploads\/2022\/05\/plakatTagurpidi-torn.jpg\" alt=\"\" class=\"wp-image-9003\"\/><\/a><\/figure>\n\n\n\n<p>Kindlasti \u00fcks viimaste aastate tugevamaid kodumaiseid filme, mida julgen soojalt soovitada k\u00f5igile t\u00e4iskasvanud vaatajatele, lastega pered peavad aga olema valmis seda k\u00f5ike p\u00e4rast pikalt ja p\u00f5hjalikult lahti seletama.<\/p>\n\n\n\n<p>\u201cTagurpidi torn\u201d on niiv\u00f5rd \u0161okeeriv ja julgelt provokatiivne, et juba filmi ajal tahaks k\u00f5rvalistujale \u00f5lale koputada ja pisut arutada.<\/p>\n\n\n\n<p>Jaak Kilmi ei hakka oma v\u00e4rskes filmis hetkekski ninnu-n\u00e4nnutama, see pole mingi suhkruvatt ja limonaad, vaid pigem&nbsp;<em>heavy metal<\/em>. Maailm, kuhu vaataja heidetakse, on halastamatult aus: maaliline, end h\u00e4\u00e4buv maakoht, kus k\u00f5ik isad grillivad, joovad longerot ja k\u00e4ivad Soomes t\u00f6\u00f6l, peaks teoorias kuuluma 90ndatesse, Kilmi ja Vallik asetavad selle aga selgelt t\u00e4nap\u00e4eva, n\u00e4idates, kuidas elu on Eestis siin-seal seisma j\u00e4\u00e4nud. Ja kui isadel on omadega piisavalt tegemist ja ka emad elavad suuresti oma elu, l\u00e4hevadki lapsed ula peale.<\/p>\n\n\n\n<p>Film ei ole p\u00e4riselu, vaid annabki pigem v\u00f5imaluse joonistada rasvase joonega v\u00e4lja teemad, millele muidu suuremat t\u00e4helepanu ei p\u00f6\u00f6rata.<\/p>\n\n\n\n<p>Kaspar Viilupi kommentaar<\/p>\n\n\n\n<figure class=\"wp-block-embed\"><div class=\"wp-block-embed__wrapper\">\nhttps:\/\/kultuur.err.ee\/1608579118\/arvustus-tagurpidi-torn-segab-julgelt-kokku-noortefilmi-ja-ouduse\n<\/div><\/figure>\n\n\n\n<p>Treiler:https:\/\/www.youtube.com\/embed\/qCf1Sq7h_2I?start=2&amp;feature=oembed<\/p>\n\n\n\n<figure class=\"wp-block-embed\"><div class=\"wp-block-embed__wrapper\">\nhttps:\/\/youtube.com\/watch?v=BwaScSuvvC4%3Ffeature%3Doembed\n<\/div><\/figure>\n\n\n\n<p><strong>25. \u2013 30. APRILL<\/strong><\/p>\n\n\n\n<p><strong>HUVIRINGID<\/strong><\/p>\n\n\n\n<p><strong>Esmasp\u00e4ev<\/strong><\/p>\n\n\n\n<p>15:00 Fa Stuudio kandlering<\/p>\n\n\n\n<p>17:30 LiuLi kandlering<\/p>\n\n\n\n<p>19:00 Suurupi naiskoor Meretule<\/p>\n\n\n\n<p><strong>Teisip\u00e4ev<\/strong>&nbsp;<\/p>\n\n\n\n<p>13:00 Laulutund, \u00f5petaja Triinu Kont-Kontson<\/p>\n\n\n\n<p>18:00 Inglise keele tund, \u00f5petaja Maret Hein<\/p>\n\n\n\n<p>18:30 Seltskonnatantsukursus algajatele ja edasij\u00f5udnutele, \u00f5petaja Helen Klandorf<\/p>\n\n\n\n<p><strong>Kolmap\u00e4ev<\/strong><\/p>\n\n\n\n<p>13:45 Klaveritund, \u00f5petaja Irena Borkmann<\/p>\n\n\n\n<p>18:00 Brad J\u00fcrjensi kitarriklassi<\/p>\n\n\n\n<p>19:00 Brad J\u00fcrjensi kitarriklass&nbsp;<\/p>\n\n\n\n<p>20.00 Brad J\u00fcrjensi kitarriklass<\/p>\n\n\n\n<p>19:00 Aeroobika, treener Kaja Tuisk<\/p>\n\n\n\n<p><strong>Neljap\u00e4ev<\/strong>&nbsp;<\/p>\n\n\n\n<p>17:00 Inglise keele tund, \u00f5petaja Maret Hein<\/p>\n\n\n\n<p>18:30 Muraste Nimetu N\u00e4item\u00e4nguseltskond, juhendaja Anne Veesaar<\/p>\n\n\n\n<p>18:30 Prantsuse keele tund, \u00f5petaja Ines J\u00e4rvsoo<\/p>\n\n\n\n<p>19:00 Jooga, treener Daire Tammik<\/p>\n","protected":false},"excerpt":{"rendered":"<p>Tere, armas Muraste! Eile oli emadep\u00e4ev, r\u00f5\u00f5msate kallistuste ja kohtumiste, toredate ettev\u00f5tmiste ja kenade kevadlillede p\u00e4ev. Ka Murastek\u00fclaseltsil on emade ja vanaemade auks kontsert \u201cLilled emale\u201d. KONTSERT \u201cLILLED EMALE\u201d TASUTA 12.mai kell 18.00 Muraste kooli aatriumis (Lee tee 9) Etendus \u201cREHEPAPP\u201d Andrus Kivir\u00e4hk Muraste Nimetu N\u00e4item\u00e4nguseltskond 13.mai kell 19.00 Muraste kooli aatriumis (Lee tee 9)<a class=\"moretag\" href=\"https:\/\/muraste.ee\/vana\/?page_id=9008\"><br \/>&#8230;Loe edasi<\/a><\/p>\n","protected":false},"author":2,"featured_media":0,"parent":0,"menu_order":0,"comment_status":"closed","ping_status":"closed","template":"nadalakava.php","meta":{"_bbp_topic_count":0,"_bbp_reply_count":0,"_bbp_total_topic_count":0,"_bbp_total_reply_count":0,"_bbp_voice_count":0,"_bbp_anonymous_reply_count":0,"_bbp_topic_count_hidden":0,"_bbp_reply_count_hidden":0,"_bbp_forum_subforum_count":0,"_mc_calendar":[]},"_links":{"self":[{"href":"https:\/\/muraste.ee\/vana\/index.php?rest_route=\/wp\/v2\/pages\/9008"}],"collection":[{"href":"https:\/\/muraste.ee\/vana\/index.php?rest_route=\/wp\/v2\/pages"}],"about":[{"href":"https:\/\/muraste.ee\/vana\/index.php?rest_route=\/wp\/v2\/types\/page"}],"author":[{"embeddable":true,"href":"https:\/\/muraste.ee\/vana\/index.php?rest_route=\/wp\/v2\/users\/2"}],"replies":[{"embeddable":true,"href":"https:\/\/muraste.ee\/vana\/index.php?rest_route=%2Fwp%2Fv2%2Fcomments&post=9008"}],"version-history":[{"count":1,"href":"https:\/\/muraste.ee\/vana\/index.php?rest_route=\/wp\/v2\/pages\/9008\/revisions"}],"predecessor-version":[{"id":9010,"href":"https:\/\/muraste.ee\/vana\/index.php?rest_route=\/wp\/v2\/pages\/9008\/revisions\/9010"}],"wp:attachment":[{"href":"https:\/\/muraste.ee\/vana\/index.php?rest_route=%2Fwp%2Fv2%2Fmedia&parent=9008"}],"curies":[{"name":"wp","href":"https:\/\/api.w.org\/{rel}","templated":true}]}}